{"id":4131,"date":"2020-07-22T12:50:06","date_gmt":"2020-07-22T12:50:06","guid":{"rendered":"https:\/\/isopllc.com\/uk\/?post_type=product&#038;p=4131"},"modified":"2025-07-01T03:51:02","modified_gmt":"2025-07-01T03:51:02","slug":"helkroppssele-med-snodd","status":"publish","type":"product","link":"https:\/\/isopllc.com\/se\/product\/helkroppssele-med-snodd\/","title":{"rendered":"Helkroppssele med snodd"},"content":{"rendered":"<div class=\"celwidget aplus-module module-9\" data-cel-widget=\"aplus-module-9\">\n<div class=\"a-expander-collapsed-height a-row a-expander-container a-expander-partial-collapse-container\" data-a-expander-name=\"aplus-module-expander\" data-a-expander-collapsed-height=\"700\">\n<div class=\"a-expander-content a-expander-partial-collapse-content\">\n<div class=\"aplus-module-wrapper\">\n<div class=\"apm-spacing apm-fixed-width\">\n<ul class=\"a-unordered-list a-vertical\">\n<li><span class=\"a-list-item\">Fantastiskt byggt: ISOP 5D-ring industriell helkroppssele har en ryggring som ligger p\u00e5 baksidan och tv\u00e5 p\u00e5 axeln, tv\u00e5 p\u00e5 h\u00f6ften f\u00f6r arbetspositionerings\u00e4ndam\u00e5l.\u00a0Dorsalringen anv\u00e4nds prim\u00e4rt f\u00f6r fallstopp och anv\u00e4nds ocks\u00e5 f\u00f6r \u00e5terh\u00e5llsamhet och r\u00e4ddning.\u00a0Den fr\u00e4mre delen best\u00e5r av tv\u00e5 band\u00f6glor som anv\u00e4ndes f\u00f6r s\u00e4tessling eller LADDER CLIMB f\u00e4stpunkt. De tv\u00e5 \u00f6glorna m\u00e5ste anslutas tillsammans med en karbinhake eller s\u00e4kerhetskrok som en f\u00e4stpunkt.<\/span><\/li>\n<li><span class=\"a-list-item\">Superkomfortabelt: V\u00e5r professionella s\u00e4kerhetssele ger dig komfort i midjan och bendynan, ger arbetarna o\u00e4ndlig justering upp och ner och i vinklar f\u00f6r perfekt passform.\u00a0Perfekt f\u00f6r konstruktion, rivning, kl\u00e4ttring, svetsning, takl\u00e4ggning, camping, n\u00f6dsituation, f\u00f6rsta responder, landskapsarkitektur, stenl\u00e4ggning, polis, j\u00e4rnv\u00e4g, sanitet, s\u00e4kerhet, lantm\u00e4tare, arborist, f\u00f6nsterbricka, r\u00e4nnreng\u00f6ring och mer<\/span><\/li>\n<li><span class=\"a-list-item\">Universalstorlek: One Size-passform f\u00f6r m\u00e4n och kvinnor (SM-XL).\u00a0Midjestorlek: 66-130 cm (26 tum-51,1 tum) Benstorlek: 46-76 cm (18,1 tum-29,9 tum) Den \u00e4r l\u00e4tt att ta p\u00e5 sig snabbt, bekv\u00e4m att b\u00e4ra hela dagen och enkel att anv\u00e4nda.\u00a0PREMIUMMATERIAL OCH FIRMSYMNING: All v\u00e5r s\u00e4kerhetssele gjordes av 100% premium h\u00f6gh\u00e5llfasta industriella syntetiska polyesterfibrer, som har bra prestanda n\u00e4r det g\u00e4ller \u00e5ldrande, n\u00f6tning och v\u00e4rmebest\u00e4ndighet och s\u00e4kerst\u00e4ller att bandets h\u00e5llfasthet \u00e4r upp till 25KN (2500kg).<\/span><\/li>\n<li><span class=\"a-list-item\">Occupational Safety &amp; Health Administration skapades av kongressen f\u00f6r att f\u00f6rs\u00e4kra m\u00e4n och kvinnor om s\u00e4kra och h\u00e4lsosamma arbetsf\u00f6rh\u00e5llanden genom att s\u00e4tta standarder och tillhandah\u00e5lla utbildning, upps\u00f6kande, utbildning och hj\u00e4lp.\u00a0Ett personligt fallskyddssystem kr\u00e4vs n\u00e4r du arbetar 6 fot.\u00a0eller mer \u00f6ver l\u00e4gre niv\u00e5er och best\u00e5r vanligtvis av en helkroppssele, en deklarationsanordning, en snodd och en ankarpunkt.\u00a0Konstruktion, Arborist, F\u00f6nsterbricka, Reng\u00f6ring, takl\u00e4ggning, S\u00f6k och r\u00e4ddning.<\/span><\/li>\n<\/ul>\n<p><img decoding=\"async\" class=\"aligncenter\" src=\"https:\/\/m.media-amazon.com\/images\/S\/aplus-media\/sc\/b2ce0b46-0c95-4365-8c61-a5fd05505e58.__CR0,0,970,300_PT0_SX970_V1___.jpg\" alt=\"belt-harness\" data-src=\"https:\/\/m.media-amazon.com\/images\/S\/aplus-media\/sc\/b2ce0b46-0c95-4365-8c61-a5fd05505e58.__CR0,0,970,300_PT0_SX970_V1___.jpg\" data- title=\"\"><\/p>\n<\/div>\n<\/div>\n<\/div>\n<\/div>\n<\/div>\n<div class=\"celwidget aplus-module module-12\" data-cel-widget=\"aplus-module-12\">\n<div class=\"a-expander-collapsed-height a-row a-expander-container a-expander-partial-collapse-container\" data-a-expander-name=\"aplus-module-expander\" data-a-expander-collapsed-height=\"360\">\n<div class=\"a-expander-content a-expander-partial-collapse-content\">\n<div class=\"aplus-module-wrapper apm-spacing apm-floatnone\">\n<div class=\"apm-sidemodule aplus-module-content\">\n<div>\n<p>&nbsp;<\/p>\n<\/div>\n<p>&nbsp;<\/p>\n<\/div>\n<\/div>\n<\/div>\n<\/div>\n<\/div>\n","protected":false},"excerpt":{"rendered":"<p id=\"title\" class=\"a-size-large a-spacing-none\" style=\"text-align: center;\"><span id=\"productTitle\" class=\"a-size-large product-title-word-break\">Helkroppss\u00e4kerhetssele och snodd &#8211; Strandad storlek &#8211; Fallskydd &#8211; B\u00e4rbar personlig skyddsutrustning f\u00f6r bergskl\u00e4ttring<\/span><\/p>\n<p style=\"text-align: center;\">GRATIS LEVERANS INOM 3-7 DAGAR<\/p>\n<h4 style=\"text-align: center;\"><strong><span style=\"vertical-align: inherit;\">K\u00d6P DET P\u00c5<\/span><\/strong><\/h4>\n<p><img loading=\"lazy\" decoding=\"async\" class=\"size-full wp-image-4355 aligncenter\" src=\"https:\/\/isopllc.com\/usa\/wp-content\/uploads\/sites\/4\/2021\/02\/Screen-Shot-2021-02-25-at-9.02.05-AM-e1614264101310.jpg\" alt=\"\" width=\"120\" height=\"120\" \/><\/p>\n<p style=\"text-align: center;\"><span style=\"vertical-align: inherit;\">Om du k\u00f6per v\u00e5r produkt p\u00e5 en av marknadsplatserna och l\u00e4mnar din \u00e4rliga recension kan du komma tillbaka hit och kontakta oss och f\u00e5 en FANTASTISK anv\u00e4ndbar f\u00f6r din produktg\u00e5va!<\/span><\/p>\n<p><a href=\"https:\/\/www.amazon.se\/dp\/B09X5K5W6J?ref=myi_title_dp\"><img loading=\"lazy\" decoding=\"async\" class=\"aligncenter wp-image-1040 size-full\" src=\"https:\/\/isopllc.com\/se\/wp-content\/uploads\/sites\/10\/2020\/01\/amazon-button9.png\" alt=\"\" width=\"160\" height=\"59\" \/><\/a><\/p>\n<p>&nbsp;<\/p>\n","protected":false},"featured_media":4275,"comment_status":"open","ping_status":"closed","template":"","meta":[],"product_brand":[],"product_cat":[187],"product_tag":[95,97,96,48],"class_list":{"0":"post-4131","1":"product","2":"type-product","3":"status-publish","4":"has-post-thumbnail","6":"product_cat-tillbehor-till-brandstegar","7":"product_tag-helkroppssele","8":"product_tag-klattringsutrustning","9":"product_tag-sakerhetssele","10":"product_tag-snodd","12":"first","13":"instock","14":"shipping-taxable","15":"purchasable","16":"product-type-simple"},"_links":{"self":[{"href":"https:\/\/isopllc.com\/se\/wp-json\/wp\/v2\/product\/4131","targetHints":{"allow":["GET"]}}],"collection":[{"href":"https:\/\/isopllc.com\/se\/wp-json\/wp\/v2\/product"}],"about":[{"href":"https:\/\/isopllc.com\/se\/wp-json\/wp\/v2\/types\/product"}],"replies":[{"embeddable":true,"href":"https:\/\/isopllc.com\/se\/wp-json\/wp\/v2\/comments?post=4131"}],"wp:featuredmedia":[{"embeddable":true,"href":"https:\/\/isopllc.com\/se\/wp-json\/wp\/v2\/media\/4275"}],"wp:attachment":[{"href":"https:\/\/isopllc.com\/se\/wp-json\/wp\/v2\/media?parent=4131"}],"wp:term":[{"taxonomy":"product_brand","embeddable":true,"href":"https:\/\/isopllc.com\/se\/wp-json\/wp\/v2\/product_brand?post=4131"},{"taxonomy":"product_cat","embeddable":true,"href":"https:\/\/isopllc.com\/se\/wp-json\/wp\/v2\/product_cat?post=4131"},{"taxonomy":"product_tag","embeddable":true,"href":"https:\/\/isopllc.com\/se\/wp-json\/wp\/v2\/product_tag?post=4131"}],"curies":[{"name":"wp","href":"https:\/\/api.w.org\/{rel}","templated":true}]}}