{"id":4163,"date":"2020-07-23T00:51:11","date_gmt":"2020-07-23T00:51:11","guid":{"rendered":"https:\/\/isopllc.com\/uk\/?post_type=product&#038;p=4163"},"modified":"2025-07-01T03:50:53","modified_gmt":"2025-07-01T03:50:53","slug":"svangset-repstege-3-m-for-barn-och-vuxna","status":"publish","type":"product","link":"https:\/\/isopllc.com\/se\/product\/svangset-repstege-3-m-for-barn-och-vuxna\/","title":{"rendered":"Sv\u00e4ngset Repstege 3 m f\u00f6r barn och vuxna"},"content":{"rendered":"<h3>Sv\u00e4ngset repstege 3 m f\u00f6r barn och vuxna &#8211; Tr\u00e4dstege f\u00f6r barn &#8211; Tr\u00e4ningsutrustning &#8211; L\u00e4mplig f\u00f6r bunker eller loft<\/h3>\n<div class=\"celwidget aplus-module module-12\" data-cel-widget=\"aplus-module-12\">\n<div class=\"a-expander-collapsed-height a-row a-expander-container a-expander-partial-collapse-container\" data-a-expander-name=\"aplus-module-expander\" data-a-expander-collapsed-height=\"360\">\n<div class=\"a-expander-content a-expander-partial-collapse-content\">\n<div class=\"aplus-module-wrapper apm-spacing apm-floatnone\">\n<div class=\"apm-sidemodule aplus-module-content\">\n<div class=\"apm-hero-image\">\n<div class=\"celwidget aplus-module module-9 aplus-standard\" data-csa-c-id=\"dra0lg-qq9md5-8rjzq6-mk3tsy\" data-cel-widget=\"aplus-module-9\">\n<div class=\"a-expander-collapsed-height a-row a-expander-container a-expander-partial-collapse-container\" data-a-expander-name=\"aplus-module-expander\" data-a-expander-collapsed-height=\"700\">\n<div class=\"a-expander-content a-expander-partial-collapse-content\">\n<div class=\"aplus-module-wrapper apm-fixed-width\">\n<div class=\"apm-spacing apm-fixed-width\">\n<div class=\"celwidget aplus-module module-9 aplus-standard\" data-csa-c-id=\"dra0lg-qq9md5-8rjzq6-mk3tsy\" data-cel-widget=\"aplus-module-9\">\n<div class=\"a-expander-collapsed-height a-row a-expander-container a-expander-partial-collapse-container\" aria-live=\"polite\" data-a-expander-name=\"aplus-module-expander\" data-a-expander-collapsed-height=\"700\">\n<div class=\"a-expander-content a-expander-partial-collapse-content\" aria-expanded=\"false\">\n<div class=\"aplus-module-wrapper apm-fixed-width\">\n<div class=\"apm-spacing apm-fixed-width\">\n<h3 class=\"a-spacing-small\">VARF\u00d6R V\u00c4LJA OSS<\/h3>\n<p><img loading=\"lazy\" decoding=\"async\" class=\"a-spacing-mini alignnone\" src=\"https:\/\/m.media-amazon.com\/images\/S\/aplus-media\/sc\/d82a1e3e-a900-400f-bdc7-88edbf99815e.__CR0,33,467,467_PT0_SX300_V1___.jpg\" alt=\"\" width=\"300\" height=\"300\" data-src=\"https:\/\/m.media-amazon.com\/images\/S\/aplus-media\/sc\/d82a1e3e-a900-400f-bdc7-88edbf99815e.__CR0,33,467,467_PT0_SX300_V1___.jpg\" data- title=\"\"><\/p>\n<h4 class=\"a-spacing-mini\">EXTREMT T\u00c5LBAR<\/h4>\n<p>Tr\u00e4stolpar med en diameter p\u00e5 1 tum och nylonrep anv\u00e4nds till v\u00e5ra stegar som kommer att b\u00e4ra en elefant!\u00a0inte bara barn.<\/p>\n<p><img loading=\"lazy\" decoding=\"async\" class=\"a-spacing-mini alignnone\" src=\"https:\/\/m.media-amazon.com\/images\/S\/aplus-media\/sc\/4604e7fb-7786-4a3c-a69a-de2cfa6981c3.__CR0,0,1000,1000_PT0_SX300_V1___.jpg\" alt=\"\" width=\"300\" height=\"300\" data-src=\"https:\/\/m.media-amazon.com\/images\/S\/aplus-media\/sc\/4604e7fb-7786-4a3c-a69a-de2cfa6981c3.__CR0,0,1000,1000_PT0_SX300_V1___.jpg\" data- title=\"\"><\/p>\n<h4 class=\"a-spacing-mini\">V\u00c4DERT\u00c5LIG<\/h4>\n<p>Material som anv\u00e4nds f\u00f6r Sv\u00e4ngset repstege 3 m f\u00f6r barn\u00a0g\u00f6r att den t\u00e5l alla v\u00e4derf\u00f6rh\u00e5llanden.<\/p>\n<p><img loading=\"lazy\" decoding=\"async\" class=\"a-spacing-mini alignnone\" src=\"https:\/\/m.media-amazon.com\/images\/S\/aplus-media\/sc\/6f8fabcf-0a0b-4280-9baa-ddc10f50f697.__CR0,0,1000,1000_PT0_SX300_V1___.jpg\" alt=\"\" width=\"300\" height=\"300\" data-src=\"https:\/\/m.media-amazon.com\/images\/S\/aplus-media\/sc\/6f8fabcf-0a0b-4280-9baa-ddc10f50f697.__CR0,0,1000,1000_PT0_SX300_V1___.jpg\" data- title=\"\"><\/p>\n<h4 class=\"a-spacing-mini\">MULTI ANV\u00c4NDNING<\/h4>\n<p>Dessa Treehouse-stegar f\u00f6r barn \u00e4r h\u00e5llbara, l\u00e4tta och b\u00e4rbara, s\u00e5 de kan anv\u00e4ndas inte bara f\u00f6r barn och inte bara som en del av en lekplats utan ocks\u00e5 som en loftstege, vindstege, kl\u00e4ttringsstege, s\u00e4kerhetsstege, eldstege, b\u00e5tstege, smyga ut fr\u00e5n andra v\u00e5ningen sovrum och s\u00e5 vidare.<\/p>\n<p><img loading=\"lazy\" decoding=\"async\" class=\"a-spacing-mini alignnone\" src=\"https:\/\/m.media-amazon.com\/images\/S\/aplus-media\/sc\/17d6b901-16b9-43e1-82ca-f4dc630b4be9.__CR0,0,1000,1000_PT0_SX300_V1___.jpg\" alt=\"\" width=\"300\" height=\"300\" data-src=\"https:\/\/m.media-amazon.com\/images\/S\/aplus-media\/sc\/17d6b901-16b9-43e1-82ca-f4dc630b4be9.__CR0,0,1000,1000_PT0_SX300_V1___.jpg\" data- title=\"\"><\/p>\n<\/div>\n<div><\/div>\n<\/div>\n<div>\n<h4 class=\"a-spacing-mini\">L\u00c4TTVIKT<\/h4>\n<p>I j\u00e4mf\u00f6relse med analoger gjorda av repstegar \u00e4r v\u00e5ra tr\u00e4stegar mycket l\u00e4ttare, till exempel \u00e4r 5 m stege bara 2,5 lb.<\/p>\n<p><img decoding=\"async\" class=\"a-spacing-mini\" src=\"https:\/\/m.media-amazon.com\/images\/S\/aplus-media\/sc\/ea94af7c-a9af-41fa-9454-4f92481a28dd.__CR0,0,1500,1500_PT0_SX300_V1___.jpg\" alt=\"INOMHUS OCH UTOMHUS\" data-src=\"https:\/\/m.media-amazon.com\/images\/S\/aplus-media\/sc\/ea94af7c-a9af-41fa-9454-4f92481a28dd.__CR0,0,1500,1500_PT0_SX300_V1___.jpg\" data- title=\"\"><\/p>\n<h4 class=\"a-spacing-mini\">INOMHUS OCH UTOMHUS<\/h4>\n<p>V\u00e5ra tr\u00e4stegar kan anv\u00e4ndas b\u00e5de utomhus i tr\u00e4dg\u00e5rden och inomhus i ett rum, bara med karbinkl\u00e4mmor som f\u00e4sts vid f\u00f6rs\u00e4ljningen.\u00a0F\u00f6rresten, endast v\u00e5ra stegar kommer med clips och karbinhake!<\/p>\n<p><img loading=\"lazy\" decoding=\"async\" class=\"a-spacing-mini alignnone\" src=\"https:\/\/m.media-amazon.com\/images\/S\/aplus-media\/sc\/39fbd97a-64cf-40ac-a60b-6a4ab47004a0.__CR0,0,1000,1000_PT0_SX300_V1___.jpg\" alt=\"\" width=\"300\" height=\"300\" data-src=\"https:\/\/m.media-amazon.com\/images\/S\/aplus-media\/sc\/39fbd97a-64cf-40ac-a60b-6a4ab47004a0.__CR0,0,1000,1000_PT0_SX300_V1___.jpg\" data- title=\"\"><\/p>\n<h4 class=\"a-spacing-mini\">KOMPAKT OCH B\u00c4RBAR<\/h4>\n<p>Ta v\u00e4ldigt lite utrymme.\u00a0Kan f\u00f6rvaras under en s\u00e4ng eller i en garderob eller till och med p\u00e5 en hylla.<\/p>\n<\/div>\n<\/div>\n<\/div>\n<\/div>\n<div class=\"celwidget aplus-module module-9 aplus-standard\" data-csa-c-id=\"7vmiqp-qi9gff-nm76qb-qdt4yc\" data-cel-widget=\"aplus-module-9\">\n<div class=\"a-expander-collapsed-height a-row a-expander-container a-expander-partial-collapse-container\" aria-live=\"polite\" data-a-expander-name=\"aplus-module-expander\" data-a-expander-collapsed-height=\"700\">\n<div class=\"a-expander-content a-expander-partial-collapse-content\" aria-expanded=\"false\">\n<div class=\"aplus-module-wrapper apm-fixed-width\">\n<div class=\"apm-spacing apm-fixed-width\"><img loading=\"lazy\" decoding=\"async\" class=\"a-spacing-mini alignnone\" src=\"https:\/\/m.media-amazon.com\/images\/S\/aplus-media\/sc\/c5e53092-548a-4ab6-a5a9-6819fe9ace42.__CR0,0,1000,1000_PT0_SX300_V1___.jpg\" alt=\"\" width=\"300\" height=\"300\" data-src=\"https:\/\/m.media-amazon.com\/images\/S\/aplus-media\/sc\/c5e53092-548a-4ab6-a5a9-6819fe9ace42.__CR0,0,1000,1000_PT0_SX300_V1___.jpg\" data- title=\"\"><\/div>\n<div><\/div>\n<\/div>\n<div>\n<h4 class=\"a-spacing-mini\">3 STORLEKAR<\/h4>\n<p>Tillg\u00e4nglig 6,5ft (2m) 10ft (3m) och 16ft (5m).<\/p>\n<p><img loading=\"lazy\" decoding=\"async\" class=\"a-spacing-mini alignnone\" src=\"https:\/\/m.media-amazon.com\/images\/S\/aplus-media\/sc\/4ee58deb-dd1b-4047-8ab7-b31abe407442.__CR35,444,556,556_PT0_SX300_V1___.jpg\" alt=\"\" width=\"300\" height=\"300\" data-src=\"https:\/\/m.media-amazon.com\/images\/S\/aplus-media\/sc\/4ee58deb-dd1b-4047-8ab7-b31abe407442.__CR35,444,556,556_PT0_SX300_V1___.jpg\" data- title=\"\"><\/p>\n<h4 class=\"a-spacing-mini\">B\u00c4STA KVALITET<\/h4>\n<p>Vi s\u00e4ger stolt att det under hela f\u00f6rs\u00e4ljningstiden inte fanns ett enda klagom\u00e5l om att dessa stegar var av d\u00e5lig kvalitet och ingen retur p\u00e5 grund av d\u00e5lig kvalitet!<\/p>\n<\/div>\n<\/div>\n<p><em>Vi rekommenderar att du k\u00f6per stegar fr\u00e5n ett f\u00f6retag som specialiserar sig p\u00e5 att producera dem, eftersom det \u00e4r en s\u00e4kerhetsprodukt, och\u00a0<strong>ISOP<\/strong>\u00a0\u00e4r ett av f\u00e5 f\u00f6retag som erbjuder ett brett urval av stegar fr\u00e5n sin egen tillverkningsanl\u00e4ggning.<\/em><\/p>\n<\/div>\n<\/div>\n<\/div>\n<\/div>\n<\/div>\n<\/div>\n<\/div>\n<\/div>\n<\/div>\n<\/div>\n<\/div>\n<\/div>\n<\/div>\n","protected":false},"excerpt":{"rendered":"<p>https:\/\/youtu.be\/nn0aB3S8o_g?si=thz0ZOe8lPElC9Yk<\/p>\n<p style=\"text-align: center;\">Sv\u00e4ngset repstege 3 m f\u00f6r barn och vuxna &#8211; tr\u00e4dstege f\u00f6r barn &#8211; tr\u00e4ningsutrustning &#8211; l\u00e4mplig f\u00f6r bunker eller loft<\/p>\n<p style=\"text-align: center;\">GRATIS LEVERANS INOM 3-7 DAGAR<\/p>\n<h4 style=\"text-align: center;\"><strong><span style=\"vertical-align: inherit;\">K\u00d6P DET P\u00c5<\/span><\/strong><\/h4>\n<p><img loading=\"lazy\" decoding=\"async\" class=\"size-full wp-image-4355 aligncenter\" src=\"https:\/\/isopllc.com\/usa\/wp-content\/uploads\/sites\/4\/2021\/02\/Screen-Shot-2021-02-25-at-9.02.05-AM-e1614264101310.jpg\" alt=\"\" width=\"120\" height=\"120\" \/><\/p>\n<p style=\"text-align: center;\"><span style=\"vertical-align: inherit;\">Om du k\u00f6per v\u00e5r produkt p\u00e5 en av marknadsplatserna och l\u00e4mnar din \u00e4rliga recension kan du komma tillbaka hit och kontakta oss och f\u00e5 en FANTASTISK anv\u00e4ndbar f\u00f6r din produktg\u00e5va!<\/span><\/p>\n<p><a href=\"https:\/\/www.amazon.se\/ISOP-kl%C3%A4tterrep-Lekutrustning-Karbinhake-Barnkl%C3%A4ttringsleksaker\/dp\/B083J9YCKG\/ref=sr_1_1?dchild=1&amp;keywords=Gungrepstege&amp;qid=1628691822&amp;sr=8-1&amp;th=1\"><img loading=\"lazy\" decoding=\"async\" class=\"wp-image-1040 size-full aligncenter\" src=\"https:\/\/rightfoodonly.com\/wp-content\/uploads\/amazon-button9.png\" alt=\"\" width=\"160\" height=\"59\" \/><\/a><\/p>\n<p>&nbsp;<\/p>\n","protected":false},"featured_media":5161,"comment_status":"open","ping_status":"closed","template":"","meta":[],"product_brand":[],"product_cat":[188],"product_tag":[45,35,44,160],"class_list":{"0":"post-4163","1":"product","2":"type-product","3":"status-publish","4":"has-post-thumbnail","6":"product_cat-repstegar-for-barn","7":"product_tag-lekplatsutrustning","8":"product_tag-repstege","9":"product_tag-sakerhetsstege","10":"product_tag-svangset","12":"first","13":"instock","14":"shipping-taxable","15":"purchasable","16":"product-type-simple"},"_links":{"self":[{"href":"https:\/\/isopllc.com\/se\/wp-json\/wp\/v2\/product\/4163","targetHints":{"allow":["GET"]}}],"collection":[{"href":"https:\/\/isopllc.com\/se\/wp-json\/wp\/v2\/product"}],"about":[{"href":"https:\/\/isopllc.com\/se\/wp-json\/wp\/v2\/types\/product"}],"replies":[{"embeddable":true,"href":"https:\/\/isopllc.com\/se\/wp-json\/wp\/v2\/comments?post=4163"}],"wp:featuredmedia":[{"embeddable":true,"href":"https:\/\/isopllc.com\/se\/wp-json\/wp\/v2\/media\/5161"}],"wp:attachment":[{"href":"https:\/\/isopllc.com\/se\/wp-json\/wp\/v2\/media?parent=4163"}],"wp:term":[{"taxonomy":"product_brand","embeddable":true,"href":"https:\/\/isopllc.com\/se\/wp-json\/wp\/v2\/product_brand?post=4163"},{"taxonomy":"product_cat","embeddable":true,"href":"https:\/\/isopllc.com\/se\/wp-json\/wp\/v2\/product_cat?post=4163"},{"taxonomy":"product_tag","embeddable":true,"href":"https:\/\/isopllc.com\/se\/wp-json\/wp\/v2\/product_tag?post=4163"}],"curies":[{"name":"wp","href":"https:\/\/api.w.org\/{rel}","templated":true}]}}