{"id":4410,"date":"2021-06-01T04:32:27","date_gmt":"2021-06-01T04:32:27","guid":{"rendered":"https:\/\/isopllc.com\/se\/?post_type=product&#038;p=4410"},"modified":"2025-07-01T03:49:47","modified_gmt":"2025-07-01T03:49:47","slug":"brandstege-3vaningar","status":"publish","type":"product","link":"https:\/\/isopllc.com\/se\/product\/brandstege-3vaningar\/","title":{"rendered":"Brandstege 3 v\u00e5ningar"},"content":{"rendered":"<div class=\"celwidget aplus-module module-4 aplus-standard\" data-csa-c-id=\"6mnb1z-9dwrl2-ic24uv-jd1phn\" data-cel-widget=\"aplus-module-4\">\n<div class=\"a-expander-collapsed-height a-row a-expander-container a-expander-partial-collapse-container\" aria-live=\"polite\" data-a-expander-name=\"aplus-module-expander\" data-a-expander-collapsed-height=\"700\">\n<div class=\"a-expander-content a-expander-partial-collapse-content\" aria-expanded=\"false\">\n<div class=\"aplus-module-wrapper apm-fixed-width\">\n<div class=\"apm-spacing\">\n<div class=\"apm-floatleft apm-fixed-width\">\n<div id=\"title_feature_div\" class=\"celwidget\" data-feature-name=\"title\" data-csa-c-id=\"m5t5xw-wzxd1-od319-pyb58o\" data-cel-widget=\"title_feature_div\">\n<div id=\"titleSection\" class=\"a-section a-spacing-none\">\n<div id=\"title_feature_div\" class=\"celwidget\" data-feature-name=\"title\" data-csa-c-id=\"m5t5xw-wzxd1-od319-pyb58o\" data-cel-widget=\"title_feature_div\">\n<div id=\"titleSection\" class=\"a-section a-spacing-none\">\n<h2 id=\"title\" class=\"a-size-large a-spacing-none\" style=\"text-align: left\">Brandstege 3 v\u00e5ningar | Repstege brandflykt f\u00f6r hem 3: e v\u00e5ningen | B\u00e4rbar, vikbar och kompakt | N\u00f6dstege l\u00e4mplig f\u00f6r balkong och f\u00f6nster<\/h2>\n<\/div>\n<\/div>\n<\/div>\n<\/div>\n<\/div>\n<\/div>\n<\/div>\n<\/div>\n<\/div>\n<\/div>\n<div class=\"celwidget aplus-module module-9 aplus-standard\" data-csa-c-id=\"kgh8ns-6rdhac-l4uce3-redgno\" data-cel-widget=\"aplus-module-9\">\n<div class=\"a-expander-collapsed-height a-row a-expander-container a-expander-partial-collapse-container\" aria-live=\"polite\" data-a-expander-name=\"aplus-module-expander\" data-a-expander-collapsed-height=\"700\">\n<div class=\"a-expander-content a-expander-partial-collapse-content\" aria-expanded=\"false\">\n<div class=\"aplus-module-wrapper apm-fixed-width\">\n<div class=\"apm-spacing apm-fixed-width\">\n<div class=\"celwidget aplus-module module-9 aplus-standard\" style=\"text-align: left\" data-csa-c-id=\"6rrkxj-o9oo3p-2dk8kw-v8mrts\" data-cel-widget=\"aplus-module-9\">\n<div class=\"a-expander-collapsed-height a-row a-expander-container a-expander-partial-collapse-container\" aria-live=\"polite\" data-a-expander-name=\"aplus-module-expander\" data-a-expander-collapsed-height=\"700\">\n<div class=\"a-expander-content a-expander-partial-collapse-content\" aria-expanded=\"false\">\n<div class=\"aplus-module-wrapper apm-fixed-width\">\n<div class=\"apm-spacing apm-fixed-width\">\n<h3 class=\"a-spacing-small\"><span style=\"vertical-align: inherit\">10 sk\u00e4l till varf\u00f6r vi v\u00e4ljer v\u00e5ra brandflygstigar<\/span><\/h3>\n<p><img decoding=\"async\" class=\"a-spacing-mini\" src=\"https:\/\/m.media-amazon.com\/images\/S\/aplus-media\/sc\/596137ba-d892-4ce9-9c0b-a68e219a433f.__CR277,0,1000,1000_PT0_SX300_V1___.jpg\" alt=\"Integrerade remmar\" data-src=\"https:\/\/m.media-amazon.com\/images\/S\/aplus-media\/sc\/596137ba-d892-4ce9-9c0b-a68e219a433f.__CR277,0,1000,1000_PT0_SX300_V1___.jpg\" data- title=\"\"><\/p>\n<h3><span class=\"a-text-bold\"><span style=\"vertical-align: inherit\">F\u00f6r f\u00f6nster eller balkong<\/span><\/span><\/h3>\n<p><span style=\"vertical-align: inherit\">I r\u00e4ddningsuppg\u00e5ngssatsen ing\u00e5r en upps\u00e4ttning krokar f\u00f6r brandflykt fr\u00e5n f\u00f6nster, som \u00e4r f\u00e4sta vid f\u00f6nsterkarmen samt 11kn professionella karbinhake f\u00f6r att f\u00e4sta stegen p\u00e5 balkst\u00e4nger. Dessutom finns en 15L vattent\u00e4t v\u00e4ska f\u00f6r kajakpaddling s\u00e5 att du kan f\u00f6rvara stegen p\u00e5 balkongen eller i f\u00f6rr\u00e5det.<\/span><\/p>\n<h3><span class=\"a-text-bold\"><span style=\"vertical-align: inherit\">Bred applikation<\/span><\/span><\/h3>\n<p><span style=\"vertical-align: inherit\">Kan anv\u00e4ndas som brandstege eller n\u00f6dsituation; kan ocks\u00e5 fungera som en loftbunker, vindstegar, v\u00e4ggstege och till och med som en permanent stege etc.<\/span><\/p>\n<p><img decoding=\"async\" class=\"a-spacing-mini\" src=\"https:\/\/m.media-amazon.com\/images\/S\/aplus-media\/sc\/d4cc9639-a61a-4b3c-b1c6-a62967c917dd.__CR145,0,1000,1000_PT0_SX300_V1___.jpg\" alt=\"Antislipsteg\" data-src=\"https:\/\/m.media-amazon.com\/images\/S\/aplus-media\/sc\/d4cc9639-a61a-4b3c-b1c6-a62967c917dd.__CR145,0,1000,1000_PT0_SX300_V1___.jpg\" data- title=\"\"><\/p>\n<h3><span class=\"a-text-bold\"><span style=\"vertical-align: inherit\">Skonsam mot h\u00e4nderna<\/span><\/span><\/h3>\n<p><span style=\"vertical-align: inherit\">N\u00e4r vi skapade dessa stegar betraktade vi bristerna hos v\u00e5ra konkurrenter. B\u00e4sts\u00e4ljare som f\u00f6rsta varning och kidde har m\u00e5nga klagom\u00e5l p\u00e5 det faktum att vid anv\u00e4ndning av stegar sk\u00e4r steg anv\u00e4ndarnas h\u00e4nder eftersom aluminiumsteg \u00e4r skarpa. Vi tog h\u00e4nsyn till detta och v\u00e5ra stegar har inte skarpa h\u00f6rn och de \u00e4r s\u00e4kra att anv\u00e4nda f\u00f6r b\u00e5de vuxna och barn.<\/span><\/p>\n<p><img decoding=\"async\" class=\"a-spacing-mini\" src=\"https:\/\/m.media-amazon.com\/images\/S\/aplus-media\/sc\/27f9c708-c858-49c0-96f7-815dd0fa4f9a.__CR0,0,1000,1000_PT0_SX300_V1___.jpg\" alt=\"Bred applikation\" data-src=\"https:\/\/m.media-amazon.com\/images\/S\/aplus-media\/sc\/27f9c708-c858-49c0-96f7-815dd0fa4f9a.__CR0,0,1000,1000_PT0_SX300_V1___.jpg\" data- title=\"\"><\/p>\n<h3><span class=\"a-text-bold\"><span style=\"vertical-align: inherit\">Integrerade remmar<\/span><\/span><\/h3>\n<p><span style=\"vertical-align: inherit\">\u00c5terigen, n\u00e4r vi j\u00e4mf\u00f6r v\u00e5ra stegar med konkurrenter, b\u00f6r det noteras att v\u00e5ra stegar, till skillnad fr\u00e5n andra, best\u00e5r av ett stycke bandband som t\u00e5l mer \u00e4n ett 44 pund (!) Tack vare en speciell patenterad teknik. Medan konkurrenternas webbstegar sys i bitar, vilket enligt v\u00e5r \u00e5sikt \u00e4r op\u00e5litligt.<\/span><\/p>\n<\/div>\n<\/div>\n<div>\n<p><img decoding=\"async\" class=\"a-spacing-mini\" src=\"https:\/\/m.media-amazon.com\/images\/S\/aplus-media\/sc\/42cab632-a2d0-40fd-a2dd-280d531bf010.__CR282,0,1000,1000_PT0_SX300_V1___.jpg\" alt=\"F\u00f6r f\u00f6nster eller balkong\" data-src=\"https:\/\/m.media-amazon.com\/images\/S\/aplus-media\/sc\/42cab632-a2d0-40fd-a2dd-280d531bf010.__CR282,0,1000,1000_PT0_SX300_V1___.jpg\" data- title=\"\"><\/p>\n<h3><span class=\"a-text-bold\"><span style=\"vertical-align: inherit\">Stabilisatorer<\/span><\/span><\/h3>\n<p><span style=\"vertical-align: inherit\">V\u00e5ra stegarnas stegpinnar har stabilisatorer som g\u00f6r att stegen inte f\u00e4ster t\u00e4tt mot v\u00e4ggen utan f\u00f6rblir robusta mot den och underl\u00e4ttar d\u00e4rf\u00f6r nedstigningen fr\u00e5n andra eller tredje v\u00e5ningen.<\/span><\/p>\n<h3><span class=\"a-text-bold\"><span style=\"vertical-align: inherit\">Antislipsteg<\/span><\/span><\/h3>\n<p><span style=\"vertical-align: inherit\">Ett speciellt m\u00f6nster p\u00e5 stegytan g\u00f6r att nedstigningen fr\u00e5n l\u00e4genheten \u00e4r halks\u00e4ker i alla v\u00e4der.<\/span><\/p>\n<p><img decoding=\"async\" class=\"a-spacing-mini\" src=\"https:\/\/m.media-amazon.com\/images\/S\/aplus-media\/sc\/8b1ba6ce-d84f-4314-b98a-95d063fc3e5e.__CR500,0,1000,1000_PT0_SX300_V1___.jpg\" alt=\"F\u00f6r f\u00f6nster eller balkong\" data-src=\"https:\/\/m.media-amazon.com\/images\/S\/aplus-media\/sc\/8b1ba6ce-d84f-4314-b98a-95d063fc3e5e.__CR500,0,1000,1000_PT0_SX300_V1___.jpg\" data- title=\"\"><\/p>\n<h3><span class=\"a-text-bold\"><span style=\"vertical-align: inherit\">V\u00e4derbest\u00e4ndig<\/span><\/span><\/h3>\n<p><span style=\"vertical-align: inherit\">Den speciella pulverlackerade f\u00e4rgen skyddar steget mot rost och polyesterbandet \u00e4r mycket motst\u00e5ndskraftigt mot vatten eller sn\u00f6, d\u00e4rf\u00f6r \u00e4r v\u00e5ra brandstegar v\u00e4derbest\u00e4ndiga.<\/span><\/p>\n<h3><span class=\"a-text-bold\"><span style=\"vertical-align: inherit\">\u00c5teranv\u00e4ndbar<\/span><\/span><\/h3>\n<p><span style=\"vertical-align: inherit\">V\u00e5ra stegar \u00e4r \u00e5teranv\u00e4ndbara, till skillnad fr\u00e5n konkurrenternas. Med r\u00e4tt lagring kan de h\u00e5lla i flera \u00e5r!<\/span><\/p>\n<\/div>\n<\/div>\n<\/div>\n<\/div>\n<div class=\"celwidget aplus-module module-9 aplus-standard\" style=\"text-align: left\" data-csa-c-id=\"hn4tie-rexf97-49vntp-dywif3\" data-cel-widget=\"aplus-module-9\">\n<div class=\"a-expander-collapsed-height a-row a-expander-container a-expander-partial-collapse-container\" aria-live=\"polite\" data-a-expander-name=\"aplus-module-expander\" data-a-expander-collapsed-height=\"700\">\n<div class=\"a-expander-content a-expander-partial-collapse-content\" aria-expanded=\"false\">\n<div><\/div>\n<\/div>\n<\/div>\n<\/div>\n<div class=\"celwidget aplus-module module-2 aplus-standard\" data-csa-c-id=\"czdp8c-vpt42n-ub22e6-8qlfjz\" data-cel-widget=\"aplus-module-2\">\n<div class=\"a-expander-collapsed-height a-row a-expander-container a-expander-partial-collapse-container\" aria-live=\"polite\" data-a-expander-name=\"aplus-module-expander\" data-a-expander-collapsed-height=\"700\">\n<div class=\"a-expander-content a-expander-partial-collapse-content\" aria-expanded=\"false\">\n<div class=\"aplus-module-wrapper apm-floatnone apm-fixed-width\">\n<div class=\"apm-sidemodule apm-spacing\">\n<div class=\"apm-sidemodule-imageleft\" style=\"text-align: left\"><img decoding=\"async\" class=\"\" src=\"https:\/\/m.media-amazon.com\/images\/S\/aplus-media\/sc\/55dfe070-7172-4b34-b379-6ab49b743dd1.__CR226,0,1000,1000_PT0_SX300_V1___.jpg\" alt=\"Variation av tv\u00e5 storlekar\" data-src=\"https:\/\/m.media-amazon.com\/images\/S\/aplus-media\/sc\/55dfe070-7172-4b34-b379-6ab49b743dd1.__CR226,0,1000,1000_PT0_SX300_V1___.jpg\" data- title=\"\"><\/div>\n<div class=\"apm-sidemodule-textright\">\n<h3 style=\"text-align: left\"><span class=\"a-text-bold\"><span style=\"vertical-align: inherit\">Variation av tv\u00e5 storlekar<\/span><\/span><\/h3>\n<p style=\"text-align: left\"><span style=\"vertical-align: inherit\">Vi erbjuder tv\u00e5 storlekar p\u00e5 v\u00e5ra stegar &#8211; brandflykt stege 2 ber\u00e4ttelse &amp; brand fly stege 3 historia hem.<\/span><\/p>\n<h3>Certifierad<\/h3>\n<p>V\u00e5ra stegar, till skillnad fr\u00e5n alla liknande p\u00e5 marknaden, \u00e4r certifierade enligt kvalitetsstandarden EN 131. Det \u00e4r b\u00e4ttre att lita p\u00e5 ditt liv med en produkt som har genomg\u00e5tt alla n\u00f6dv\u00e4ndiga tester \u00e4n med en n\u00e5got billigare vara tillverkad av vem vet vad.<\/p>\n<p><img loading=\"lazy\" decoding=\"async\" class=\"alignnone size-medium wp-image-5268\" src=\"https:\/\/isopllc.com\/se\/wp-content\/uploads\/sites\/10\/2021\/06\/France-300x300.jpg\" alt=\"Certifierad Brandstege 3 v\u00e5ningar\" width=\"300\" height=\"300\" title=\"\" srcset=\"https:\/\/isopllc.com\/se\/wp-content\/uploads\/sites\/10\/2021\/06\/France-300x300.jpg 300w, https:\/\/isopllc.com\/se\/wp-content\/uploads\/sites\/10\/2021\/06\/France-1024x1024.jpg 1024w, https:\/\/isopllc.com\/se\/wp-content\/uploads\/sites\/10\/2021\/06\/France-150x150.jpg 150w, https:\/\/isopllc.com\/se\/wp-content\/uploads\/sites\/10\/2021\/06\/France-768x768.jpg 768w, https:\/\/isopllc.com\/se\/wp-content\/uploads\/sites\/10\/2021\/06\/France-1000x1000.jpg 1000w, https:\/\/isopllc.com\/se\/wp-content\/uploads\/sites\/10\/2021\/06\/France-416x416.jpg 416w, https:\/\/isopllc.com\/se\/wp-content\/uploads\/sites\/10\/2021\/06\/France-100x100.jpg 100w, https:\/\/isopllc.com\/se\/wp-content\/uploads\/sites\/10\/2021\/06\/France.jpg 1080w\" sizes=\"auto, (max-width: 300px) 100vw, 300px\" \/><\/p>\n<h3 style=\"text-align: left\"><span class=\"a-text-bold\"><span style=\"vertical-align: inherit\">Professionellt stege f\u00f6retag<\/span><\/span><\/h3>\n<p style=\"text-align: left\"><span style=\"vertical-align: inherit\">Vi rekommenderar att du k\u00f6per stegar fr\u00e5n ett f\u00f6retag som \u00e4r specialiserat p\u00e5 stegar, eftersom det h\u00e4r \u00e4r en s\u00e4kerhetsprodukt.<\/span><\/p>\n<p style=\"text-align: left\"><span style=\"vertical-align: inherit\">Och ISOP \u00e4r ett av f\u00e5 f\u00f6retag som erbjuder ett brett urval av olika stegar fr\u00e5n sin egen tillverkningsanl\u00e4ggning.<\/span><\/p>\n<\/div>\n<\/div>\n<\/div>\n<\/div>\n<\/div>\n<\/div>\n<\/div>\n<\/div>\n<\/div>\n<\/div>\n<\/div>\n","protected":false},"excerpt":{"rendered":"[embed]https:\/\/youtu.be\/QlX9EK1ZRkY[\/embed]\n<p class=\"mceTemp\" style=\"text-align: center\">Brandstege 3 v\u00e5ningar | Repstege brandflykt f\u00f6r hem 3: e v\u00e5ningen | B\u00e4rbar, vikbar och kompakt | N\u00f6dstege l\u00e4mplig f\u00f6r balkong och f\u00f6nster<\/p>\n<p style=\"text-align: center\"><span style=\"vertical-align: inherit\">GRATIS LEVERANS INOM 3-7 DAGAR<\/span><\/p>\n<h4 style=\"text-align: center\"><strong><span style=\"vertical-align: inherit\">K\u00d6P DET P\u00c5<\/span><\/strong><\/h4>\n<p style=\"text-align: center\"><a href=\"https:\/\/www.amazon.se\/Brandstege-Ber%C3%A4ttelser-Repstege-Brandflykt-f%C3%B6r\/dp\/B08LBS752Y\/ref=sr_1_152?dchild=1&amp;keywords=Brandstege%203%20Ber%C3%A4ttelser&amp;qid=1622521714&amp;sr=8-152\"><img loading=\"lazy\" decoding=\"async\" class=\"wp-image-1040 size-full aligncenter\" src=\"https:\/\/rightfoodonly.com\/wp-content\/uploads\/amazon-button9.png\" alt=\"\" width=\"160\" height=\"59\" \/><\/a><\/p>\n<p>&nbsp;<\/p>\n","protected":false},"featured_media":4556,"comment_status":"open","ping_status":"closed","template":"","meta":[],"product_brand":[],"product_cat":[195,192],"product_tag":[65,44,68],"class_list":{"0":"post-4410","1":"product","2":"type-product","3":"status-publish","4":"has-post-thumbnail","6":"product_cat-brandutgangsstegar-3-vaningar","7":"product_cat-brandutgangsstegar-med-avstandshallare","8":"product_tag-brandstege","9":"product_tag-sakerhetsstege","10":"product_tag-tre-vaningar","12":"first","13":"instock","14":"shipping-taxable","15":"purchasable","16":"product-type-simple"},"_links":{"self":[{"href":"https:\/\/isopllc.com\/se\/wp-json\/wp\/v2\/product\/4410","targetHints":{"allow":["GET"]}}],"collection":[{"href":"https:\/\/isopllc.com\/se\/wp-json\/wp\/v2\/product"}],"about":[{"href":"https:\/\/isopllc.com\/se\/wp-json\/wp\/v2\/types\/product"}],"replies":[{"embeddable":true,"href":"https:\/\/isopllc.com\/se\/wp-json\/wp\/v2\/comments?post=4410"}],"wp:featuredmedia":[{"embeddable":true,"href":"https:\/\/isopllc.com\/se\/wp-json\/wp\/v2\/media\/4556"}],"wp:attachment":[{"href":"https:\/\/isopllc.com\/se\/wp-json\/wp\/v2\/media?parent=4410"}],"wp:term":[{"taxonomy":"product_brand","embeddable":true,"href":"https:\/\/isopllc.com\/se\/wp-json\/wp\/v2\/product_brand?post=4410"},{"taxonomy":"product_cat","embeddable":true,"href":"https:\/\/isopllc.com\/se\/wp-json\/wp\/v2\/product_cat?post=4410"},{"taxonomy":"product_tag","embeddable":true,"href":"https:\/\/isopllc.com\/se\/wp-json\/wp\/v2\/product_tag?post=4410"}],"curies":[{"name":"wp","href":"https:\/\/api.w.org\/{rel}","templated":true}]}}