{"id":4438,"date":"2021-08-07T05:43:43","date_gmt":"2021-08-07T05:43:43","guid":{"rendered":"https:\/\/isopllc.com\/se\/?post_type=product&#038;p=4438"},"modified":"2025-07-01T03:48:14","modified_gmt":"2025-07-01T03:48:14","slug":"brandstege-balkong-3-vaningar","status":"publish","type":"product","link":"https:\/\/isopllc.com\/se\/product\/brandstege-balkong-3-vaningar\/","title":{"rendered":"Brandstege Balkong 3 V\u00e5ningar"},"content":{"rendered":"<h2 id=\"title\" class=\"a-size-large a-spacing-none\"><span id=\"productTitle\" class=\"a-size-large product-title-word-break\">Brandstege 3 V\u00e5ningar 7,5 m | Webbstege med Karbinhakar | L\u00e4tt | Kompakt och B\u00e4rbar | S\u00e4kerhetsrepstege Multifunktionell och V\u00e4derbest\u00e4ndig<\/span><\/h2>\n<div class=\"celwidget aplus-module module-4 aplus-standard\" data-csa-c-id=\"anl1qf-apkixd-mzja1v-rqjcj5\" data-cel-widget=\"aplus-module-4\">\n<div class=\"a-expander-collapsed-height a-row a-expander-container a-expander-partial-collapse-container\" aria-live=\"polite\" data-a-expander-name=\"aplus-module-expander\" data-a-expander-collapsed-height=\"700\">\n<div class=\"a-expander-content a-expander-partial-collapse-content\" aria-expanded=\"false\">\n<div class=\"aplus-module-wrapper apm-fixed-width\">\n<div class=\"apm-spacing\">\n<div class=\"apm-floatleft apm-fixed-width\">\n<h3 class=\"a-spacing-small\"><strong>12 Sk\u00e4l Till Varf\u00f6r Vi V\u00e4ljer Oss<\/strong><\/h3>\n<p><img decoding=\"async\" class=\"\" src=\"https:\/\/m.media-amazon.com\/images\/S\/aplus-media-library-service-media\/06eed46c-18d1-4569-9467-e4cedf72b1fc.__CR0,0,220,220_PT0_SX220_V1___.jpg\" alt=\"L\u00e4ttviktig\" data-src=\"https:\/\/m.media-amazon.com\/images\/S\/aplus-media-library-service-media\/06eed46c-18d1-4569-9467-e4cedf72b1fc.__CR0,0,220,220_PT0_SX220_V1___.jpg\" data- title=\"\"><\/p>\n<h4 class=\"a-spacing-mini\">L\u00e4ttviktig<\/h4>\n<p class=\"a-size-small\">Detta \u00e4r den l\u00e4ttaste stegen som finns p\u00e5 marknaden. Vikten av en 3 m stege \u00e4r bara 1 kg.<\/p>\n<p><img decoding=\"async\" class=\"\" src=\"https:\/\/m.media-amazon.com\/images\/S\/aplus-media-library-service-media\/dc0527d8-639e-48ce-b1bc-4cc32492c49d.__CR0,0,220,220_PT0_SX220_V1___.jpg\" alt=\"Stark och stabil\" data-src=\"https:\/\/m.media-amazon.com\/images\/S\/aplus-media-library-service-media\/dc0527d8-639e-48ce-b1bc-4cc32492c49d.__CR0,0,220,220_PT0_SX220_V1___.jpg\" data- title=\"\"><\/p>\n<h4 class=\"a-spacing-mini\">Stark och Stabil<\/h4>\n<p class=\"a-size-small\">En av de stora f\u00f6rdelarna med v\u00e5r r\u00e4ddningsbandstege \u00e4r att de viktigaste nylonremmarna \u00e4r integrerade fr\u00e5n botten till toppen och inte best\u00e5r av sydda bitar som till exempel &#8221;kidde&#8221; eller &#8221;f\u00f6rsta varning&#8221; stegar, d\u00e4rf\u00f6r \u00e4r det exceptionellt robust. Och \u00e4ven materialen som anv\u00e4nds f\u00f6r stegpinnarna som glasfiber och basaltfiber g\u00f6r denna remstege mycket starkare \u00e4n eng\u00e5ngsstegar i aluminium.<\/p>\n<p class=\"a-size-small\"><img decoding=\"async\" class=\"\" src=\"https:\/\/m.media-amazon.com\/images\/S\/aplus-media-library-service-media\/673cf0ea-115d-44d5-a83e-fe3ea8ccdbef.__CR0,0,220,220_PT0_SX220_V1___.jpg\" alt=\"Trasselfri\" data-src=\"https:\/\/m.media-amazon.com\/images\/S\/aplus-media-library-service-media\/673cf0ea-115d-44d5-a83e-fe3ea8ccdbef.__CR0,0,220,220_PT0_SX220_V1___.jpg\" data- title=\"\"><\/p>\n<h4 class=\"a-spacing-mini\">Trasselfri<\/h4>\n<p class=\"a-size-small\">V\u00e5ra webbstegar \u00e4r enkla att packa tillbaka i f\u00f6rvaringsp\u00e5sen efter anv\u00e4ndning.<\/p>\n<p class=\"a-size-small\">Inget trassel under montering.<\/p>\n<p><img decoding=\"async\" class=\"\" src=\"https:\/\/m.media-amazon.com\/images\/S\/aplus-media-library-service-media\/68a222e0-32dd-4bef-81ec-8ea20a8e9b33.__CR281,0,1357,1357_PT0_SX220_V1___.jpg\" alt=\"eu flag\" data-src=\"https:\/\/m.media-amazon.com\/images\/S\/aplus-media-library-service-media\/68a222e0-32dd-4bef-81ec-8ea20a8e9b33.__CR281,0,1357,1357_PT0_SX220_V1___.jpg\" data- title=\"\"><\/p>\n<h4 class=\"a-spacing-mini\">Tillverkad i Polen<\/h4>\n<p class=\"a-size-small\">Du kan vara s\u00e4ker p\u00e5 kvaliteten!<\/p>\n<\/div>\n<div class=\"apm-spacing\"><img decoding=\"async\" class=\"\" style=\"font-weight: 600;\" src=\"https:\/\/m.media-amazon.com\/images\/S\/aplus-media-library-service-media\/2ab2679b-2e62-4e80-8b5a-1b194ec926c5.__CR0,0,220,220_PT0_SX220_V1___.jpg\" alt=\"L\u00e4ngd\" data-src=\"https:\/\/m.media-amazon.com\/images\/S\/aplus-media-library-service-media\/2ab2679b-2e62-4e80-8b5a-1b194ec926c5.__CR0,0,220,220_PT0_SX220_V1___.jpg\" data- title=\"\"><\/div>\n<div><\/div>\n<\/div>\n<\/div>\n<div>\n<h4 class=\"a-spacing-mini\">L\u00e4ngd<\/h4>\n<p class=\"a-size-small\">V\u00e5ra r\u00e4ddningsbandstegar kan sammanfogas f\u00f6r \u00f6kad l\u00e4ngd.<\/p>\n<p><img decoding=\"async\" class=\"\" src=\"https:\/\/m.media-amazon.com\/images\/S\/aplus-media-library-service-media\/6eb54557-868a-4056-9575-cea3d238722c.__CR0,0,220,220_PT0_SX220_V1___.jpg\" alt=\"V\u00e4dert\u00e5lig\" data-src=\"https:\/\/m.media-amazon.com\/images\/S\/aplus-media-library-service-media\/6eb54557-868a-4056-9575-cea3d238722c.__CR0,0,220,220_PT0_SX220_V1___.jpg\" data- title=\"\"><\/p>\n<h4 class=\"a-spacing-mini\">V\u00e4dert\u00e5lig<\/h4>\n<p class=\"a-size-small\">Materialet i sig \u00e4r polyesterband, s\u00e5v\u00e4l som professionella UV-nylonbundna tr\u00e5dar, som ger motst\u00e5nd fr\u00e5n alla v\u00e4der, \u00e4ven i vatten. D\u00e4rf\u00f6r kan de anv\u00e4ndas som b\u00e5tstege eller marinstege. L\u00e5g fuktabsorberande, n\u00f6tningsbest\u00e4ndig, motst\u00e5ndskraftig mot skador fr\u00e5n olja och m\u00e5nga kemikalier, mjuk, snabbtorkande.<\/p>\n<p><img decoding=\"async\" class=\"\" src=\"https:\/\/m.media-amazon.com\/images\/S\/aplus-media-library-service-media\/aca81aa0-e1af-4168-afcc-0520c8c2ff0b.__CR0,0,220,220_PT0_SX220_V1___.jpg\" alt=\"Kompakt\" data-src=\"https:\/\/m.media-amazon.com\/images\/S\/aplus-media-library-service-media\/aca81aa0-e1af-4168-afcc-0520c8c2ff0b.__CR0,0,220,220_PT0_SX220_V1___.jpg\" data- title=\"\"><\/p>\n<h4 class=\"a-spacing-mini\">Kompakt<\/h4>\n<p class=\"a-size-small\">Du kan inte f\u00f6rest\u00e4lla dig mer kompakta stegar. Hela stegen passar i din handflata. De tar inte mycket utrymme, kan f\u00f6rvaras var som helst som under s\u00e4ngen i sovrummet, p\u00e5 balkongen och p\u00e5 taket.<\/p>\n<p><img decoding=\"async\" class=\"\" src=\"https:\/\/m.media-amazon.com\/images\/S\/aplus-media-library-service-media\/a07856c9-72ee-4216-a923-4cb09650447a.__CR0,0,220,220_PT0_SX220_V1___.jpg\" alt=\"Antislipsteg\" data-src=\"https:\/\/m.media-amazon.com\/images\/S\/aplus-media-library-service-media\/a07856c9-72ee-4216-a923-4cb09650447a.__CR0,0,220,220_PT0_SX220_V1___.jpg\" data- title=\"\"><\/p>\n<h4 class=\"a-spacing-mini\">Antislipsteg<\/h4>\n<p class=\"a-size-small\">Webbmaterial \u00e4r k\u00e4nt f\u00f6r att vara mycket mindre hal \u00e4n n\u00e5got annat h\u00e5rt material s\u00e5som aluminium, metall eller plast.<\/p>\n<\/div>\n<\/div>\n<p><img decoding=\"async\" class=\"\" src=\"https:\/\/m.media-amazon.com\/images\/S\/aplus-media-library-service-media\/62700464-76ff-436f-9ff3-ae9d45276152.__CR0,0,220,220_PT0_SX220_V1___.jpg\" alt=\"Multifunktionalitet\" data-src=\"https:\/\/m.media-amazon.com\/images\/S\/aplus-media-library-service-media\/62700464-76ff-436f-9ff3-ae9d45276152.__CR0,0,220,220_PT0_SX220_V1___.jpg\" data- title=\"\"><\/p>\n<h4 class=\"a-spacing-mini\">Multifunktionalitet<\/h4>\n<p class=\"a-size-small\">ISOP-r\u00e4ddningsstegen kan anv\u00e4ndas b\u00e5de f\u00f6r brandflykt och f\u00f6r n\u00f6dsituationer, liksom f\u00f6r barn p\u00e5 lekplatsen eller f\u00f6r ett tr\u00e4dhus.<\/p>\n<p class=\"a-size-small\">V\u00e5ra stegar \u00e4r \u00e5teranv\u00e4ndbara, dessutom kan de enkelt fixeras, till skillnad fr\u00e5n andra som m\u00e5ste kasseras. Med r\u00e4tt lagring kan de h\u00e5lla i flera \u00e5r!<\/p>\n<p><img decoding=\"async\" class=\"\" src=\"https:\/\/m.media-amazon.com\/images\/S\/aplus-media-library-service-media\/836122cf-2411-4a4e-898b-f126227c60f8.__CR0,0,220,220_PT0_SX220_V1___.jpg\" alt=\"Karbinhake\" data-src=\"https:\/\/m.media-amazon.com\/images\/S\/aplus-media-library-service-media\/836122cf-2411-4a4e-898b-f126227c60f8.__CR0,0,220,220_PT0_SX220_V1___.jpg\" data- title=\"\"><\/p>\n<\/div>\n<\/div>\n<div class=\"celwidget aplus-module module-4 aplus-standard\" data-csa-c-id=\"9p0n2y-dynrvq-hb7s84-u19s1t\" data-cel-widget=\"aplus-module-4\">\n<div class=\"a-expander-collapsed-height a-row a-expander-container a-expander-partial-collapse-container\" aria-live=\"polite\" data-a-expander-name=\"aplus-module-expander\" data-a-expander-collapsed-height=\"700\">\n<div class=\"a-expander-content a-expander-partial-collapse-content\" aria-expanded=\"false\">\n<div class=\"aplus-module-wrapper apm-fixed-width\">\n<div class=\"apm-spacing\">\n<div class=\"apm-floatleft apm-fixed-width\">\n<div class=\"apm-spacing\">\n<h4 class=\"a-spacing-mini\">Karbinhake<\/h4>\n<p class=\"a-size-small\">Professionella 11kn f\u00f6rkromade sn\u00e4ppkrokar ing\u00e5r.<\/p>\n<p><img decoding=\"async\" class=\"\" src=\"https:\/\/m.media-amazon.com\/images\/S\/aplus-media-library-service-media\/af7d1558-44e0-4a8c-bbc5-cbd9887e0799.__CR0,0,220,220_PT0_SX220_V1___.jpg\" alt=\"Vattent\u00e4t v\u00e4ska\" data-src=\"https:\/\/m.media-amazon.com\/images\/S\/aplus-media-library-service-media\/af7d1558-44e0-4a8c-bbc5-cbd9887e0799.__CR0,0,220,220_PT0_SX220_V1___.jpg\" data- title=\"\"><\/p>\n<h4 class=\"a-spacing-mini\">Vattent\u00e4t V\u00e4ska<\/h4>\n<p class=\"a-size-small\">Cool designer strandv\u00e4ska ing\u00e5r i upps\u00e4ttningen.<\/p>\n<\/div>\n<\/div>\n<\/div>\n<\/div>\n<div><\/div>\n<\/div>\n<\/div>\n<\/div>\n","protected":false},"excerpt":{"rendered":"[embed]https:\/\/youtu.be\/d3HTf4Bh58Y[\/embed]\n<p id=\"title\" class=\"a-size-large a-spacing-none\" style=\"text-align: center;\"><span id=\"productTitle\" class=\"a-size-large product-title-word-break\">Brandstege 3 V\u00e5ningar 7,5 m | Webbstege med Karbinhakar | L\u00e4tt | Kompakt och B\u00e4rbar | S\u00e4kerhetsrepstege Multifunktionell och V\u00e4derbest\u00e4ndig<\/span><\/p>\n<p style=\"text-align: center;\"><span style=\"vertical-align: inherit;\">GRATIS LEVERANS INOM 3-7 DAGAR<\/span><\/p>\n<h4 style=\"text-align: center;\"><strong><span style=\"vertical-align: inherit;\">K\u00d6P DET P\u00c5<\/span><\/strong><\/h4>\n<p style=\"text-align: center;\"><a href=\"https:\/\/www.amazon.se\/dp\/B08NZM8V7Z\/ref=sr_1_1?dchild=1&amp;keywords=Brandstege%203%20V%C3%A5ningar&amp;qid=1628691921&amp;sr=8-1&amp;th=1\"><img loading=\"lazy\" decoding=\"async\" class=\"wp-image-1040 size-full aligncenter\" src=\"https:\/\/rightfoodonly.com\/wp-content\/uploads\/amazon-button9.png\" alt=\"\" width=\"160\" height=\"59\" \/><\/a><\/p>\n<p>&nbsp;<\/p>\n","protected":false},"featured_media":4557,"comment_status":"open","ping_status":"closed","template":"","meta":[],"product_brand":[],"product_cat":[191,195],"product_tag":[72,65,34],"class_list":{"0":"post-4438","1":"product","2":"type-product","3":"status-publish","4":"has-post-thumbnail","6":"product_cat-brandraddningsstegar","7":"product_cat-brandutgangsstegar-3-vaningar","8":"product_tag-balkong","9":"product_tag-brandstege","10":"product_tag-sakerhetsutrustning","12":"first","13":"instock","14":"shipping-taxable","15":"purchasable","16":"product-type-simple"},"_links":{"self":[{"href":"https:\/\/isopllc.com\/se\/wp-json\/wp\/v2\/product\/4438","targetHints":{"allow":["GET"]}}],"collection":[{"href":"https:\/\/isopllc.com\/se\/wp-json\/wp\/v2\/product"}],"about":[{"href":"https:\/\/isopllc.com\/se\/wp-json\/wp\/v2\/types\/product"}],"replies":[{"embeddable":true,"href":"https:\/\/isopllc.com\/se\/wp-json\/wp\/v2\/comments?post=4438"}],"wp:featuredmedia":[{"embeddable":true,"href":"https:\/\/isopllc.com\/se\/wp-json\/wp\/v2\/media\/4557"}],"wp:attachment":[{"href":"https:\/\/isopllc.com\/se\/wp-json\/wp\/v2\/media?parent=4438"}],"wp:term":[{"taxonomy":"product_brand","embeddable":true,"href":"https:\/\/isopllc.com\/se\/wp-json\/wp\/v2\/product_brand?post=4438"},{"taxonomy":"product_cat","embeddable":true,"href":"https:\/\/isopllc.com\/se\/wp-json\/wp\/v2\/product_cat?post=4438"},{"taxonomy":"product_tag","embeddable":true,"href":"https:\/\/isopllc.com\/se\/wp-json\/wp\/v2\/product_tag?post=4438"}],"curies":[{"name":"wp","href":"https:\/\/api.w.org\/{rel}","templated":true}]}}