{"id":4488,"date":"2021-10-17T09:39:53","date_gmt":"2021-10-17T09:39:53","guid":{"rendered":"https:\/\/isopllc.com\/se\/?post_type=product&#038;p=4488"},"modified":"2025-07-01T03:47:54","modified_gmt":"2025-07-01T03:47:54","slug":"ankarkrokar-expansionsbultar-och-hander-fixe-1-klattringsankare","status":"publish","type":"product","link":"https:\/\/isopllc.com\/se\/product\/ankarkrokar-expansionsbultar-och-hander-fixe-1-klattringsankare\/","title":{"rendered":"Ankarkrokar &#8211; Expansionsbultar och Hander FIXE 1 Kl\u00e4ttringsankare"},"content":{"rendered":"<div id=\"title_feature_div\" class=\"celwidget\" data-feature-name=\"title\" data-csa-c-id=\"yod276-qk4qgq-yxd7pg-5w6wz2\" data-cel-widget=\"title_feature_div\">\n<div id=\"titleSection\" class=\"a-section a-spacing-none\">\n<h2 id=\"title\" class=\"a-size-large a-spacing-none\"><span id=\"productTitle\" class=\"a-size-large product-title-word-break\">Ankarkrokar &#8211; Expansionsbultar och Hander FIXE 1 Kl\u00e4ttringsankare<\/span><span id=\"titleEDPPlaceHolder\"><\/span><\/h2>\n<\/div>\n<\/div>\n<div id=\"qpeTitleTag_feature_div\" class=\"celwidget\" data-feature-name=\"qpeTitleTag\" data-csa-c-id=\"i6x0od-73kasc-x801wg-w1j0ee\" data-cel-widget=\"qpeTitleTag_feature_div\"><\/div>\n<div id=\"bylineInfo_feature_div\" class=\"celwidget\" data-feature-name=\"bylineInfo\" data-csa-c-id=\"xbaz2d-76i78s-l9o1g-z03cc5\" data-cel-widget=\"bylineInfo_feature_div\">\n<div class=\"celwidget aplus-module launchpad-brand-description-left aplus-standard\" data-csa-c-id=\"93pd95-f1bbds-oxh4rl-z4q3to\" data-cel-widget=\"aplus-launchpad-brand-description-left\">\n<div class=\"a-section launchpad-module launchpad-module-brand-description-left\">\n<div class=\"a-section launchpad-text-left-justify\">\n<p>V\u00e4ger 110 g med rostfritt st\u00e5l 316, huvudaxelns h\u00e5llfasthet \u00e4r 25 kN. S\u00e4kerhet med expansionsskruv och bricka.<\/p>\n<p>L\u00e4ngd: 10,8 cm, bultdiameter: 10 mm<\/p>\n<p>Professionellt h\u00f6gt tr\u00e5dankare f\u00f6r kl\u00e4ttring, nedstigning, rappning. Inomhush\u00e4ngarbult f\u00f6r h\u00e4ngmattor, gungor, aerialyoga, slags\u00e4ckar etc.<\/p>\n<p>N\u00f6tter och brickor ing\u00e5r.<\/p>\n<p>F\u00e4st\u00f6gla f\u00f6r tv\u00e5 karbinhakar, maximal lastkapacitet: 25KN.<\/p>\n<p><img decoding=\"async\" class=\"a-spacing-mini\" src=\"https:\/\/m.media-amazon.com\/images\/S\/aplus-media-library-service-media\/0493a270-dbe1-4f44-bcb9-6d5592ecc50c.__CR0,0,300,300_PT0_SX300_V1___.jpg\" alt=\"Anchors\" data-src=\"https:\/\/m.media-amazon.com\/images\/S\/aplus-media-library-service-media\/0493a270-dbe1-4f44-bcb9-6d5592ecc50c.__CR0,0,300,300_PT0_SX300_V1___.jpg\" data- title=\"\"><\/p>\n<p>Satsen med kl\u00e4ttringsankare inneh\u00e5ller 2 upph\u00e4ngningsplattor och 2 expansionsskruvar. Skruvmuttrar och brickor ing\u00e5r i leveransen.<\/p>\n<p><img decoding=\"async\" class=\"a-spacing-mini\" src=\"https:\/\/m.media-amazon.com\/images\/S\/aplus-media-library-service-media\/bc800f3c-024e-474a-b3e1-cb3856634ec1.__CR0,0,300,300_PT0_SX300_V1___.jpg\" alt=\"Anchors\" data-src=\"https:\/\/m.media-amazon.com\/images\/S\/aplus-media-library-service-media\/bc800f3c-024e-474a-b3e1-cb3856634ec1.__CR0,0,300,300_PT0_SX300_V1___.jpg\" data- title=\"\"><\/p>\n<p>H\u00e4ngplattor f\u00f6r permanent f\u00e4stpunkt. F\u00e4st\u00f6ga f\u00f6r tv\u00e5 karbinhake.<\/p>\n<p><img decoding=\"async\" class=\"a-spacing-mini\" src=\"https:\/\/m.media-amazon.com\/images\/S\/aplus-media-library-service-media\/79713f8b-b92d-429d-b6ef-cfd1c2113acd.__CR0,0,300,300_PT0_SX300_V1___.jpg\" alt=\"Anchors\" data-src=\"https:\/\/m.media-amazon.com\/images\/S\/aplus-media-library-service-media\/79713f8b-b92d-429d-b6ef-cfd1c2113acd.__CR0,0,300,300_PT0_SX300_V1___.jpg\" data- title=\"\"><\/p>\n<p>Tillverkad av h\u00f6gkvalitativt och t\u00e5ligt rostfritt st\u00e5lmaterial. L\u00e4tt, l\u00e4mplig f\u00f6r bergskl\u00e4ttring, kl\u00e4ttring, grottforskning och andra utomhusaktiviteter.<\/p>\n<\/div>\n<\/div>\n<\/div>\n<\/div>\n<div class=\"celwidget aplus-module module-4 aplus-standard\" data-csa-c-id=\"9p0n2y-dynrvq-hb7s84-u19s1t\" data-cel-widget=\"aplus-module-4\">\n<div class=\"a-expander-collapsed-height a-row a-expander-container a-expander-partial-collapse-container\" aria-live=\"polite\" data-a-expander-name=\"aplus-module-expander\" data-a-expander-collapsed-height=\"700\">\n<div class=\"a-expander-content a-expander-partial-collapse-content\" aria-expanded=\"false\">\n<div><\/div>\n<\/div>\n<\/div>\n<\/div>\n","protected":false},"excerpt":{"rendered":"<div id=\"title_feature_div\" class=\"celwidget\" data-feature-name=\"title\" data-csa-c-id=\"yod276-qk4qgq-yxd7pg-5w6wz2\" data-cel-widget=\"title_feature_div\">\n<div id=\"titleSection\" class=\"a-section a-spacing-none\">\n<p id=\"title\" class=\"a-size-large a-spacing-none\" style=\"text-align: center;\"><span id=\"productTitle\" class=\"a-size-large product-title-word-break\">Ankarkrokar &#8211; Expansionsbultar och Hander FIXE 1 Kl\u00e4ttringsankare<\/span><\/p>\n<\/div>\n<\/div>\n<p style=\"text-align: center;\"><span style=\"vertical-align: inherit;\">GRATIS LEVERANS INOM 3-7 DAGAR<\/span><\/p>\n<h4 style=\"text-align: center;\"><strong><span style=\"vertical-align: inherit;\">K\u00d6P DET P\u00c5<\/span><\/strong><\/h4>\n<p><img loading=\"lazy\" decoding=\"async\" class=\"size-full wp-image-4355 aligncenter\" src=\"https:\/\/isopllc.com\/usa\/wp-content\/uploads\/sites\/4\/2021\/02\/Screen-Shot-2021-02-25-at-9.02.05-AM-e1614264101310.jpg\" alt=\"\" width=\"120\" height=\"120\" \/><\/p>\n<p style=\"text-align: center;\"><span style=\"vertical-align: inherit;\">Om du k\u00f6per v\u00e5r produkt p\u00e5 en av marknadsplatserna och l\u00e4mnar din \u00e4rliga recension, kan du komma tillbaka hit och kontakta oss och f\u00e5 en FANTASTISK anv\u00e4ndbar f\u00f6r din produktg\u00e5va!<\/span><\/p>\n<p style=\"text-align: center;\"><a href=\"https:\/\/www.amazon.se\/dp\/B07P978JW5?ref=myi_title_dp\"><img loading=\"lazy\" decoding=\"async\" class=\"aligncenter wp-image-1040 size-full\" src=\"https:\/\/isopllc.com\/se\/wp-content\/uploads\/sites\/10\/2020\/01\/amazon-button9.png\" alt=\"\" width=\"160\" height=\"59\" \/><\/a><\/p>\n<p>&nbsp;<\/p>\n","protected":false},"featured_media":4489,"comment_status":"open","ping_status":"closed","template":"","meta":[],"product_brand":[],"product_cat":[187],"product_tag":[36,37,38,34],"class_list":{"0":"post-4488","1":"product","2":"type-product","3":"status-publish","4":"has-post-thumbnail","6":"product_cat-tillbehor-till-brandstegar","7":"product_tag-ankarkrokar","8":"product_tag-expansionsbultar","9":"product_tag-klattringsankare","10":"product_tag-sakerhetsutrustning","12":"first","13":"instock","14":"shipping-taxable","15":"purchasable","16":"product-type-simple"},"_links":{"self":[{"href":"https:\/\/isopllc.com\/se\/wp-json\/wp\/v2\/product\/4488","targetHints":{"allow":["GET"]}}],"collection":[{"href":"https:\/\/isopllc.com\/se\/wp-json\/wp\/v2\/product"}],"about":[{"href":"https:\/\/isopllc.com\/se\/wp-json\/wp\/v2\/types\/product"}],"replies":[{"embeddable":true,"href":"https:\/\/isopllc.com\/se\/wp-json\/wp\/v2\/comments?post=4488"}],"wp:featuredmedia":[{"embeddable":true,"href":"https:\/\/isopllc.com\/se\/wp-json\/wp\/v2\/media\/4489"}],"wp:attachment":[{"href":"https:\/\/isopllc.com\/se\/wp-json\/wp\/v2\/media?parent=4488"}],"wp:term":[{"taxonomy":"product_brand","embeddable":true,"href":"https:\/\/isopllc.com\/se\/wp-json\/wp\/v2\/product_brand?post=4488"},{"taxonomy":"product_cat","embeddable":true,"href":"https:\/\/isopllc.com\/se\/wp-json\/wp\/v2\/product_cat?post=4488"},{"taxonomy":"product_tag","embeddable":true,"href":"https:\/\/isopllc.com\/se\/wp-json\/wp\/v2\/product_tag?post=4488"}],"curies":[{"name":"wp","href":"https:\/\/api.w.org\/{rel}","templated":true}]}}