{"id":4492,"date":"2021-10-17T10:44:00","date_gmt":"2021-10-17T10:44:00","guid":{"rendered":"https:\/\/isopllc.com\/se\/?post_type=product&#038;p=4492"},"modified":"2025-07-01T03:47:41","modified_gmt":"2025-07-01T03:47:41","slug":"hochleistungskletterkarabiner","status":"publish","type":"product","link":"https:\/\/isopllc.com\/se\/product\/hochleistungskletterkarabiner\/","title":{"rendered":"Hochleistungskletterkarabiner"},"content":{"rendered":"<div id=\"title_feature_div\" class=\"celwidget\" data-feature-name=\"title\" data-csa-c-id=\"yod276-qk4qgq-yxd7pg-5w6wz2\" data-cel-widget=\"title_feature_div\">\n<div id=\"titleSection\" class=\"a-section a-spacing-none\">\n<div id=\"title_feature_div\" class=\"celwidget\" data-feature-name=\"title\" data-csa-c-id=\"3vm4co-l4gep3-twryad-bx6lne\" data-cel-widget=\"title_feature_div\">\n<div id=\"titleSection\" class=\"a-section a-spacing-none\">\n<h2 id=\"title\" class=\"a-size-large a-spacing-none\"><span id=\"productTitle\" class=\"a-size-large product-title-word-break\">ISOP Hochleistungskletterkarabiner 2er-Pack Bruchfestigkeit 11KN Langlebige Federhaken f\u00fcr Takelage<\/span><span id=\"titleEDPPlaceHolder\"><\/span><\/h2>\n<p><img decoding=\"async\" class=\"\" src=\"https:\/\/m.media-amazon.com\/images\/S\/aplus-media-library-service-media\/34734964-5819-4759-a00d-c5f2b6ddd3f4.__CR0,0,220,220_PT0_SX220_V1___.jpg\" alt=\"DE PERFEKTA KARABINERKLIPPEN\" data-src=\"https:\/\/m.media-amazon.com\/images\/S\/aplus-media-library-service-media\/34734964-5819-4759-a00d-c5f2b6ddd3f4.__CR0,0,220,220_PT0_SX220_V1___.jpg\" data- title=\"\"><\/p>\n<h4 class=\"a-spacing-mini\">DE PERFEKTA KARABINERKLIPPEN<\/h4>\n<p class=\"a-size-small\">V\u00e5ra karbinhakare \u00e4r tunga CE &amp; UIAA-certifierade och \u00e4r t\u00e4nkta att h\u00e5lla om du inte \u00e4r helt n\u00f6jd med dem n\u00e4r som helst, helt enkelt ans\u00f6ka om \u00e5terbetalning. Anv\u00e4nd dessa f\u00f6r att binda rep, bergskl\u00e4ttring, rappelling, f\u00f6rankring, riggning, flygarbete, b\u00e4rande teknik, slack foder, backpacking, upph\u00e4ngning, bouldering, tr\u00e4d och utrustning rigg.<\/p>\n<p><img decoding=\"async\" class=\"\" src=\"https:\/\/m.media-amazon.com\/images\/S\/aplus-media-library-service-media\/a422051d-3216-43f8-aebf-3a5b3711627a.__CR0,0,220,220_PT0_SX220_V1___.jpg\" alt=\"H\u00d6G STYRKA\" data-src=\"https:\/\/m.media-amazon.com\/images\/S\/aplus-media-library-service-media\/a422051d-3216-43f8-aebf-3a5b3711627a.__CR0,0,220,220_PT0_SX220_V1___.jpg\" data- title=\"\"><\/p>\n<h4 class=\"a-spacing-mini\">H\u00d6G STYRKA<\/h4>\n<p class=\"a-size-small\">V\u00e5ra stora karabiner \u00e4r gjorda av de b\u00e4sta materialen s\u00e5 att du kan anv\u00e4nda dem f\u00f6r alla dina utomhus-, industri- och sportaktiviteter. Detta kan vara ett viktigt f\u00f6rem\u00e5l i ditt tr\u00e4dkl\u00e4ttringsutrustning, h\u00e5lla upp din slaka linje, binda ner viktig utrustning eller n\u00e5got som du beh\u00f6ver en b\u00e4rande karbinhake.<\/p>\n<p><img decoding=\"async\" class=\"\" src=\"https:\/\/m.media-amazon.com\/images\/S\/aplus-media-library-service-media\/35135eb4-1040-4c66-8495-6dfc35f17d57.__CR0,0,220,220_PT0_SX220_V1___.jpg\" alt=\"ENKELHANDS SMART L\u00c5SNINGSSYSTEM\" data-src=\"https:\/\/m.media-amazon.com\/images\/S\/aplus-media-library-service-media\/35135eb4-1040-4c66-8495-6dfc35f17d57.__CR0,0,220,220_PT0_SX220_V1___.jpg\" data- title=\"\"><\/p>\n<h4 class=\"a-spacing-mini\">ENKELHANDS SMART L\u00c5SNINGSSYSTEM<\/h4>\n<p class=\"a-size-small\">L\u00e4tt att anv\u00e4nda l\u00e5sfj\u00e4derporten s\u00e5 att du kan s\u00e4kra karbinhytten s\u00e4kert utan att oroa dig f\u00f6r att den glider ut eller f\u00f6rlorar grepp. Symmetrisk form f\u00f6r j\u00e4mn belastning g\u00f6r att karbinhytten kan b\u00e4ra och f\u00f6rdela vikten j\u00e4mnt.<\/p>\n<p><img decoding=\"async\" class=\"\" src=\"https:\/\/m.media-amazon.com\/images\/S\/aplus-media-library-service-media\/348668ea-1b15-406f-8c46-9090de163207.__CR0,0,220,220_PT0_SX220_V1___.jpg\" alt=\"BRA FOR ALLA AKTIVITETER\" data-src=\"https:\/\/m.media-amazon.com\/images\/S\/aplus-media-library-service-media\/348668ea-1b15-406f-8c46-9090de163207.__CR0,0,220,220_PT0_SX220_V1___.jpg\" data- title=\"\"><\/p>\n<h4 class=\"a-spacing-mini\">BRA FOR ALLA AKTIVITETER<\/h4>\n<p class=\"a-size-small\">V\u00e5ra karbinhake kan ocks\u00e5 anv\u00e4ndas f\u00f6r vardagliga behov som att h\u00e5lla upp gungor, tr\u00e4dremmar, h\u00e4ngmattor, TRX-tr\u00e4ning eller bara en tung nyckelring.<\/p>\n<\/div>\n<\/div>\n<div id=\"qpeTitleTag_feature_div\" class=\"celwidget\" data-feature-name=\"qpeTitleTag\" data-csa-c-id=\"efpz4n-8znzpe-9gnwd0-xj1vyi\" data-cel-widget=\"qpeTitleTag_feature_div\">\n<div class=\"celwidget aplus-module module-4 aplus-standard\" data-csa-c-id=\"idqdqq-e0f8yb-yd05qw-p7me5i\" data-cel-widget=\"aplus-module-4\">\n<div class=\"a-expander-collapsed-height a-row a-expander-container a-expander-partial-collapse-container\" aria-live=\"polite\" data-a-expander-name=\"aplus-module-expander\" data-a-expander-collapsed-height=\"700\">\n<div class=\"a-expander-content a-expander-partial-collapse-content\" aria-expanded=\"false\">\n<div class=\"aplus-module-wrapper apm-fixed-width\">\n<div class=\"apm-spacing\">\n<div class=\"apm-floatleft apm-fixed-width\">\n<div class=\"apm-spacing\"><\/div>\n<\/div>\n<\/div>\n<\/div>\n<div><\/div>\n<\/div>\n<\/div>\n<\/div>\n<div class=\"celwidget aplus-module launchpad-brand-description-left aplus-standard\" data-csa-c-id=\"65a0sx-9erkkb-4mf8oj-1btuul\" data-cel-widget=\"aplus-launchpad-brand-description-left\">\n<div class=\"a-section launchpad-module launchpad-module-brand-description-left\">\n<div class=\"a-section launchpad-text-left-justify\">\n<p>CE \/ UIAA-CERTIFIERAD S\u00c4KERHETSRATADE REDSKAP &#8211; V\u00e5ra karbinhake uppfyller CE-certifiering f\u00f6r s\u00e4kerhet s\u00e5 att du kan vara s\u00e4ker p\u00e5 att du \u00e4r s\u00e4ker f\u00f6r alla industriella, sportapplikationer, tr\u00e4dkl\u00e4ttringsutrustning eller tillbeh\u00f6r.<\/p>\n<p>1. Har en skruvl\u00e5s<\/p>\n<p>2. H\u00e5llbar och kraftig<\/p>\n<p>3. Anti-slip och s\u00e4ker<\/p>\n<p>4. O-form: en perfekt form f\u00f6r s\u00e5 m\u00e5nga olika applikationer<\/p>\n<p>5. Perfekt f\u00f6r utomhusaktiviteter camping fiske vandring resande nyckelring etc.<\/p>\n<p>Specifikation<\/p>\n<p>Material: Galvaniserat st\u00e5l Certifieringssystem: CE (0321 c205)<\/p>\n<p>Maximal sp\u00e4nning: 25KN (5600kg)<\/p>\n<p>M\u00e5tt (L x B): 4,29 &#8221;x 2,3&#8221;<\/p>\n<\/div>\n<\/div>\n<\/div>\n<\/div>\n<\/div>\n<\/div>\n","protected":false},"excerpt":{"rendered":"<div id=\"title_feature_div\" class=\"celwidget\" data-feature-name=\"title\" data-csa-c-id=\"yod276-qk4qgq-yxd7pg-5w6wz2\" data-cel-widget=\"title_feature_div\">\n<div id=\"titleSection\" class=\"a-section a-spacing-none\">\n<div id=\"title_feature_div\" class=\"celwidget\" data-feature-name=\"title\" data-csa-c-id=\"3vm4co-l4gep3-twryad-bx6lne\" data-cel-widget=\"title_feature_div\">\n<div id=\"titleSection\" class=\"a-section a-spacing-none\">\n<p id=\"title\" class=\"a-size-large a-spacing-none\" style=\"text-align: center;\"><span id=\"productTitle\" class=\"a-size-large product-title-word-break\">ISOP Hochleistungskletterkarabiner 2er-Pack Bruchfestigkeit 11KN Langlebige Federhaken f\u00fcr Takelage<\/span><\/p>\n<\/div>\n<\/div>\n<\/div>\n<\/div>\n<p style=\"text-align: center;\"><span style=\"vertical-align: inherit;\">GRATIS LEVERANS INOM 3-7 DAGAR<\/span><\/p>\n<h4 style=\"text-align: center;\"><strong><span style=\"vertical-align: inherit;\">K\u00d6P DET P\u00c5<\/span><\/strong><\/h4>\n<p><img loading=\"lazy\" decoding=\"async\" class=\"size-full wp-image-4355 aligncenter\" src=\"https:\/\/isopllc.com\/usa\/wp-content\/uploads\/sites\/4\/2021\/02\/Screen-Shot-2021-02-25-at-9.02.05-AM-e1614264101310.jpg\" alt=\"\" width=\"120\" height=\"120\" \/><\/p>\n<p style=\"text-align: center;\"><span style=\"vertical-align: inherit;\">Om du k\u00f6per v\u00e5r produkt p\u00e5 en av marknadsplatserna och l\u00e4mnar din \u00e4rliga recension, kan du komma tillbaka hit och kontakta oss och f\u00e5 en FANTASTISK anv\u00e4ndbar f\u00f6r din produktg\u00e5va!<\/span><\/p>\n<p style=\"text-align: center;\"><a href=\"https:\/\/www.amazon.se\/dp\/B07P91TJHQ?ref=myi_title_dp\"><img loading=\"lazy\" decoding=\"async\" class=\"aligncenter wp-image-1040 size-full\" src=\"https:\/\/isopllc.com\/se\/wp-content\/uploads\/sites\/10\/2020\/01\/amazon-button9.png\" alt=\"\" width=\"160\" height=\"59\" \/><\/a><\/p>\n<p>&nbsp;<\/p>\n","protected":false},"featured_media":4493,"comment_status":"open","ping_status":"closed","template":"","meta":[],"product_brand":[],"product_cat":[187],"product_tag":[99,98,100],"class_list":{"0":"post-4492","1":"product","2":"type-product","3":"status-publish","4":"has-post-thumbnail","6":"product_cat-tillbehor-till-brandstegar","7":"product_tag-hogprestanda","8":"product_tag-klatterkarabiner","9":"product_tag-sakerhetskarabiner","11":"first","12":"instock","13":"shipping-taxable","14":"purchasable","15":"product-type-simple"},"_links":{"self":[{"href":"https:\/\/isopllc.com\/se\/wp-json\/wp\/v2\/product\/4492","targetHints":{"allow":["GET"]}}],"collection":[{"href":"https:\/\/isopllc.com\/se\/wp-json\/wp\/v2\/product"}],"about":[{"href":"https:\/\/isopllc.com\/se\/wp-json\/wp\/v2\/types\/product"}],"replies":[{"embeddable":true,"href":"https:\/\/isopllc.com\/se\/wp-json\/wp\/v2\/comments?post=4492"}],"wp:featuredmedia":[{"embeddable":true,"href":"https:\/\/isopllc.com\/se\/wp-json\/wp\/v2\/media\/4493"}],"wp:attachment":[{"href":"https:\/\/isopllc.com\/se\/wp-json\/wp\/v2\/media?parent=4492"}],"wp:term":[{"taxonomy":"product_brand","embeddable":true,"href":"https:\/\/isopllc.com\/se\/wp-json\/wp\/v2\/product_brand?post=4492"},{"taxonomy":"product_cat","embeddable":true,"href":"https:\/\/isopllc.com\/se\/wp-json\/wp\/v2\/product_cat?post=4492"},{"taxonomy":"product_tag","embeddable":true,"href":"https:\/\/isopllc.com\/se\/wp-json\/wp\/v2\/product_tag?post=4492"}],"curies":[{"name":"wp","href":"https:\/\/api.w.org\/{rel}","templated":true}]}}