{"id":4605,"date":"2022-11-06T07:41:11","date_gmt":"2022-11-06T07:41:11","guid":{"rendered":"https:\/\/isopllc.com\/se\/?post_type=product&#038;p=4605"},"modified":"2025-07-01T03:47:19","modified_gmt":"2025-07-01T03:47:19","slug":"repstege-brand-5-m-2-vaningar-med-ankare","status":"publish","type":"product","link":"https:\/\/isopllc.com\/se\/product\/repstege-brand-5-m-2-vaningar-med-ankare\/","title":{"rendered":"Repstege Brand 5 m 2 V\u00e5ningar med Ankare"},"content":{"rendered":"<p><img loading=\"lazy\" decoding=\"async\" src=\"https:\/\/m.media-amazon.com\/images\/S\/aplus-media\/sc\/21a3f03b-829f-4554-b494-34215adbd6c9.__CR0,724,2000,619_PT0_SX970_V1___.jpg\" alt=\"\" width=\"970\" height=\"300\" title=\"\"><\/p>\n<h2 class=\"a-size-large a-spacing-none\" style=\"text-align: center;\"><span class=\"a-size-large product-title-word-break\"><span style=\"vertical-align: inherit;\">ISOP Brandstege 2 V\u00e5ningar 5 m Flamskyddad s\u00e4kerhetsrepstege med <\/span><\/span><span id=\"productTitle\" class=\"a-size-large product-title-word-break\">ankare <\/span><span id=\"productTitle\" class=\"a-size-large product-title-word-break\"><span style=\"vertical-align: inherit;\">&#8211; Snabb att anv\u00e4nda och l\u00e4tt att anv\u00e4nda och lagra &#8211; Kompakt &#8211; Viktkapacitet upp till 900 kg N\u00f6dstegar<\/span><\/span><\/h2>\n<div class=\"celwidget aplus-module module-9\" style=\"text-align: center;\" data-csa-c-id=\"8qdekw-f2p4k0-r9icce-qoj6p0\" data-cel-widget=\"aplus-module-9\">\n<div class=\"a-expander-collapsed-height a-row a-expander-container a-expander-partial-collapse-container\" aria-live=\"polite\" data-a-expander-name=\"aplus-module-expander\" data-a-expander-collapsed-height=\"700\">\n<div class=\"a-expander-content a-expander-partial-collapse-content\" aria-expanded=\"false\">\n<div class=\"aplus-module-wrapper\">\n<div class=\"apm-spacing apm-fixed-width\">\n<h3 class=\"a-spacing-small\"><span style=\"vertical-align: inherit;\">Varf\u00f6r v\u00e4lja oss?<\/span><\/h3>\n<p><img loading=\"lazy\" decoding=\"async\" class=\" wp-image-4658 aligncenter\" src=\"https:\/\/isopllc.com\/se\/wp-content\/uploads\/sites\/10\/2020\/01\/reflective-rope-ladders-225x300.jpg\" alt=\"\" width=\"299\" height=\"398\" title=\"\" srcset=\"https:\/\/isopllc.com\/se\/wp-content\/uploads\/sites\/10\/2020\/01\/reflective-rope-ladders-225x300.jpg 225w, https:\/\/isopllc.com\/se\/wp-content\/uploads\/sites\/10\/2020\/01\/reflective-rope-ladders-768x1024.jpg 768w, https:\/\/isopllc.com\/se\/wp-content\/uploads\/sites\/10\/2020\/01\/reflective-rope-ladders-750x1000.jpg 750w, https:\/\/isopllc.com\/se\/wp-content\/uploads\/sites\/10\/2020\/01\/reflective-rope-ladders-416x555.jpg 416w, https:\/\/isopllc.com\/se\/wp-content\/uploads\/sites\/10\/2020\/01\/reflective-rope-ladders.jpg 1080w\" sizes=\"auto, (max-width: 299px) 100vw, 299px\" \/><\/p>\n<h4>Patenterad reflekterande teknologi<\/h4>\n<p>Denna stege \u00e4r designad med bekv\u00e4mlighet och tillg\u00e4nglighet i \u00e5tanke.<\/p>\n<p>En speciell reflekterande remsa inv\u00e4vd i dessa nylonrepen g\u00f6r den mycket synlig i ficklampans str\u00e5le s\u00e5 att du inte snubblar \u00f6ver den p\u00e5 natten.<\/p>\n<p><img decoding=\"async\" class=\"a-spacing-mini aligncenter\" src=\"https:\/\/m.media-amazon.com\/images\/S\/aplus-media\/sc\/1d1c9f11-8b81-43e1-b2d9-232d2a154745.__CR0,193,641,641_PT0_SX300_V1___.jpg\" alt=\"Kraftig\" data-src=\"https:\/\/m.media-amazon.com\/images\/S\/aplus-media\/sc\/1d1c9f11-8b81-43e1-b2d9-232d2a154745.__CR0,193,641,641_PT0_SX300_V1___.jpg\" data- title=\"\"><\/p>\n<h4 class=\"a-spacing-mini\"><span style=\"vertical-align: inherit;\">ULTRA kraftfull<\/span><\/h4>\n<p><span style=\"vertical-align: inherit;\">det finns inga starkare och mer tillf\u00f6rlitliga stegar \u00e4n v\u00e5ra,\u00a0 <\/span><span class=\"a-text-bold\"><span style=\"vertical-align: inherit;\">testade (!)\u00a0<\/span><\/span><span style=\"vertical-align: inherit;\"> &#8211; med en vikt p\u00e5 10 kg! \u00c4ven kedjestegar kan inte skryta med denna viktkapacitet.<\/span><\/p>\n<p><img decoding=\"async\" class=\"a-spacing-mini aligncenter\" src=\"https:\/\/m.media-amazon.com\/images\/S\/aplus-media\/sc\/66906d66-df90-4038-8550-d72faf80c38f.__CR0,0,1200,1200_PT0_SX300_V1___.jpg\" alt=\"Multifunktion\" data-src=\"https:\/\/m.media-amazon.com\/images\/S\/aplus-media\/sc\/66906d66-df90-4038-8550-d72faf80c38f.__CR0,0,1200,1200_PT0_SX300_V1___.jpg\" data- title=\"\"><\/p>\n<h4 class=\"a-spacing-mini\"><span style=\"vertical-align: inherit;\">Multifunktion<\/span><\/h4>\n<p><span style=\"vertical-align: inherit;\">kan anv\u00e4ndas f\u00f6r olika \u00e4ndam\u00e5l som lekplats, gungor, tr\u00e4dhus, vind, tr\u00e4dg\u00e5rd, tak, loft, bunker, marina och till och med dekorativa \u00e4ndam\u00e5l. O\u00e4ndlig m\u00e4ngd anv\u00e4ndningsalternativ.<\/span><\/p>\n<p><img decoding=\"async\" class=\"a-spacing-mini aligncenter\" src=\"https:\/\/m.media-amazon.com\/images\/S\/aplus-media\/sc\/a53251f8-492d-40f3-a9db-2bdd1415646f.__CR1018,0,1260,1260_PT0_SX300_V1___.png\" alt=\"halkskydd\" data-src=\"https:\/\/m.media-amazon.com\/images\/S\/aplus-media\/sc\/a53251f8-492d-40f3-a9db-2bdd1415646f.__CR1018,0,1260,1260_PT0_SX300_V1___.png\" data- title=\"\"><\/p>\n<h4 class=\"a-spacing-mini\"><span style=\"vertical-align: inherit;\">Halkskydd<\/span><\/h4>\n<p><span style=\"vertical-align: inherit;\">stegpannorna \u00e4r \u00e5ttkantiga, s\u00e5 de \u00e4r p\u00e5litliga och inte hala.<\/span><\/p>\n<p><img decoding=\"async\" class=\"aligncenter\" src=\"https:\/\/m.media-amazon.com\/images\/S\/aplus-media\/sc\/2b5aeb68-441e-435d-b89c-5d2faf4eb063.__CR0,0,1000,1000_PT0_SX220_V1___.jpg\" alt=\"B\u00e4rbara\" data-src=\"https:\/\/m.media-amazon.com\/images\/S\/aplus-media\/sc\/2b5aeb68-441e-435d-b89c-5d2faf4eb063.__CR0,0,1000,1000_PT0_SX220_V1___.jpg\" data- title=\"\"><\/p>\n<\/div>\n<div>\n<h4 class=\"a-spacing-mini\"><span style=\"vertical-align: inherit;\">B\u00e4rbara<\/span><\/h4>\n<p class=\"a-size-small\"><span style=\"vertical-align: inherit;\">levereras med en snygg designad svart v\u00e4ska. Stegen \u00e4r l\u00e4tt att b\u00e4ra var som helst i en v\u00e4ska. Inneh\u00e5ller en presentask i naturligt tr\u00e4f\u00e4rg.<\/span><\/p>\n<p><img decoding=\"async\" class=\"aligncenter\" src=\"https:\/\/m.media-amazon.com\/images\/S\/aplus-media\/sc\/f2e8fc4d-adcb-4ad8-87e7-2d18df74811d.__CR0,13,974,974_PT0_SX220_V1___.jpg\" alt=\"L\u00e4ttvikt\" data-src=\"https:\/\/m.media-amazon.com\/images\/S\/aplus-media\/sc\/f2e8fc4d-adcb-4ad8-87e7-2d18df74811d.__CR0,13,974,974_PT0_SX220_V1___.jpg\" data- title=\"\"><\/p>\n<\/div>\n<\/div>\n<\/div>\n<div>\n<h4 class=\"a-spacing-mini\"><span style=\"vertical-align: inherit;\">L\u00e4ttvikt<\/span><\/h4>\n<p class=\"a-size-small\"><span style=\"vertical-align: inherit;\">till exempel, 8ft v\u00e4ger bara 4 lb.<\/span><\/p>\n<p><img decoding=\"async\" class=\"aligncenter\" src=\"https:\/\/m.media-amazon.com\/images\/S\/aplus-media\/sc\/0552c400-f2fc-46a1-84a9-d5030a1ca8e2.__CR0,0,1000,1000_PT0_SX220_V1___.jpg\" alt=\"V\u00e4dert\u00e5lig\" data-src=\"https:\/\/m.media-amazon.com\/images\/S\/aplus-media\/sc\/0552c400-f2fc-46a1-84a9-d5030a1ca8e2.__CR0,0,1000,1000_PT0_SX220_V1___.jpg\" data- title=\"\"><\/p>\n<h4 class=\"a-spacing-mini\"><span style=\"vertical-align: inherit;\">V\u00e4dert\u00e5lig<\/span><\/h4>\n<p class=\"a-size-small\"><span style=\"vertical-align: inherit;\">\u00e5ldrar n\u00e4stan aldrig stegar f\u00f6r alla v\u00e4der, kan inte skadas i regnet.<\/span><\/p>\n<p><img decoding=\"async\" class=\"aligncenter\" src=\"https:\/\/m.media-amazon.com\/images\/S\/aplus-media\/sc\/14916db8-10a6-4760-8535-f49470d709ad.__CR11,0,1189,1189_PT0_SX220_V1___.jpg\" alt=\"Tunga karbinhake\" data-src=\"https:\/\/m.media-amazon.com\/images\/S\/aplus-media\/sc\/14916db8-10a6-4760-8535-f49470d709ad.__CR11,0,1189,1189_PT0_SX220_V1___.jpg\" data- title=\"\"><\/p>\n<h4 class=\"a-spacing-mini\"><span style=\"vertical-align: inherit;\">Tunga karbinhake<\/span><\/h4>\n<p class=\"a-size-small\"><span style=\"vertical-align: inherit;\">stegen inkluderar f\u00f6rkromade karbinhake brottstyrka 11KN<\/span><\/p>\n<\/div>\n<\/div>\n<\/div>\n<div class=\"celwidget aplus-module module-4\" style=\"text-align: center;\" data-csa-c-id=\"r0jyvc-byof08-6y9606-vmksqx\" data-cel-widget=\"aplus-module-4\">\n<div class=\"a-expander-collapsed-height a-row a-expander-container a-expander-partial-collapse-container\" aria-live=\"polite\" data-a-expander-name=\"aplus-module-expander\" data-a-expander-collapsed-height=\"700\">\n<div class=\"a-expander-content a-expander-partial-collapse-content\" aria-expanded=\"false\">\n<div class=\"aplus-module-wrapper\">\n<div class=\"apm-spacing\">\n<div class=\"apm-floatleft apm-fixed-width\">\n<div class=\"apm-spacing\"><img decoding=\"async\" class=\"a-spacing-mini aligncenter\" src=\"https:\/\/m.media-amazon.com\/images\/S\/aplus-media\/sc\/eebfdeb6-a881-47d1-a2d7-3677df2e925c.__CR521,0,1333,1333_PT0_SX300_V1___.jpg\" alt=\"stege med karbinhake\" data-src=\"https:\/\/m.media-amazon.com\/images\/S\/aplus-media\/sc\/eebfdeb6-a881-47d1-a2d7-3677df2e925c.__CR521,0,1333,1333_PT0_SX300_V1___.jpg\" data- title=\"\"><\/div>\n<div><\/div>\n<\/div>\n<\/div>\n<\/div>\n<div>\n<h4 class=\"a-spacing-mini\"><span style=\"vertical-align: inherit;\">Eldt\u00e5lig<\/span><\/h4>\n<p><span style=\"vertical-align: inherit;\">speciell icke-br\u00e4nnbar fiberkomposition g\u00f6r att stegen kan st\u00e5 emot en brand under en tid, men \u00e4nd\u00e5 rekommenderar vi inte att anv\u00e4nda den i direkt eld.<\/span><\/p>\n<p><img decoding=\"async\" class=\"a-spacing-mini aligncenter\" src=\"https:\/\/m.media-amazon.com\/images\/S\/aplus-media\/sc\/d843778e-92b5-40e7-a239-8e35fcbadff6.__CR0,0,2000,2000_PT0_SX300_V1___.jpg\" alt=\"Olika l\u00e4ngd\" data-src=\"https:\/\/m.media-amazon.com\/images\/S\/aplus-media\/sc\/d843778e-92b5-40e7-a239-8e35fcbadff6.__CR0,0,2000,2000_PT0_SX300_V1___.jpg\" data- title=\"\"><\/p>\n<h4 class=\"a-spacing-mini\"><span style=\"vertical-align: inherit;\">Olika l\u00e4ngd<\/span><\/h4>\n<p><span style=\"vertical-align: inherit;\">tillg\u00e4nglig 8\/13\/16\/25 \/ 32ft f\u00f6r 1-4 v\u00e5ningar hus.<\/span><\/p>\n<p><img decoding=\"async\" class=\"a-spacing-mini aligncenter\" src=\"https:\/\/m.media-amazon.com\/images\/S\/aplus-media\/sc\/b32fbb7f-dd3b-4bce-a9d4-1f51dbe477df.__CR0,0,1000,1000_PT0_SX300_V1___.jpg\" alt=\"\u00e5teranv\u00e4ndbar\" data-src=\"https:\/\/m.media-amazon.com\/images\/S\/aplus-media\/sc\/b32fbb7f-dd3b-4bce-a9d4-1f51dbe477df.__CR0,0,1000,1000_PT0_SX300_V1___.jpg\" data- title=\"\"><\/p>\n<h4 class=\"a-spacing-mini\"><span style=\"vertical-align: inherit;\">\u00c5teranv\u00e4ndbar<\/span><\/h4>\n<p><span style=\"vertical-align: inherit;\">till skillnad fr\u00e5n andra aluminiumstegar \u00e4r v\u00e5ra repstegar \u00e5teranv\u00e4ndbara.<\/span><\/p>\n<p><img decoding=\"async\" class=\"a-spacing-mini aligncenter\" style=\"font-weight: 600; text-align: left;\" src=\"https:\/\/m.media-amazon.com\/images\/S\/aplus-media-library-service-media\/3e3631ef-bf95-4934-bd5d-2881c8d8d8c7.__CR0,0,300,300_PT0_SX300_V1___.jpg\" alt=\"anchors\" data-src=\"https:\/\/m.media-amazon.com\/images\/S\/aplus-media-library-service-media\/3e3631ef-bf95-4934-bd5d-2881c8d8d8c7.__CR0,0,300,300_PT0_SX300_V1___.jpg\" data- title=\"\"><\/p>\n<p>Kl\u00e4tterankarbultar som inneh\u00e5ller 2 st h\u00e4ngplattor och 2 st expansionsbultar. Bultmuttrar och plattbrickor ing\u00e5r.<\/p>\n<p><img decoding=\"async\" class=\"a-spacing-mini aligncenter\" src=\"https:\/\/m.media-amazon.com\/images\/S\/aplus-media-library-service-media\/ac107527-31f7-4d80-b674-40b8002414d7.__CR0,0,300,300_PT0_SX300_V1___.jpg\" alt=\"back\" data-src=\"https:\/\/m.media-amazon.com\/images\/S\/aplus-media-library-service-media\/ac107527-31f7-4d80-b674-40b8002414d7.__CR0,0,300,300_PT0_SX300_V1___.jpg\" data- title=\"\"><\/p>\n<p>H\u00e4ngplattor f\u00f6r permanent ankarpunkt. F\u00e4st\u00f6gla designad f\u00f6r tv\u00e5 karbinhakar.<\/p>\n<p><img decoding=\"async\" class=\"a-spacing-mini aligncenter\" style=\"font-weight: 600; text-align: left;\" src=\"https:\/\/m.media-amazon.com\/images\/S\/aplus-media-library-service-media\/3536bb7e-bf8c-4956-95aa-18f0bec05cc5.__CR0,0,300,300_PT0_SX300_V1___.jpg\" alt=\"anchors\" data-src=\"https:\/\/m.media-amazon.com\/images\/S\/aplus-media-library-service-media\/3536bb7e-bf8c-4956-95aa-18f0bec05cc5.__CR0,0,300,300_PT0_SX300_V1___.jpg\" data- title=\"\"><\/p>\n<p>Tillverkad av h\u00f6gkvalitativt och h\u00e5llbart rostfritt st\u00e5lmaterial. L\u00e4tt, l\u00e4mplig f\u00f6r bergskl\u00e4ttring, bergskl\u00e4ttring, grottforskning och andra utomhusaktiviteter.<\/p>\n<\/div>\n<\/div>\n<\/div>\n<\/div>\n<div class=\"celwidget aplus-module module-2\" data-csa-c-id=\"natz8u-fpdgqh-3o4hqm-4hr1km\" data-cel-widget=\"aplus-module-2\">\n<div class=\"a-expander-collapsed-height a-row a-expander-container a-expander-partial-collapse-container\" aria-live=\"polite\" data-a-expander-name=\"aplus-module-expander\" data-a-expander-collapsed-height=\"700\">\n<div class=\"a-expander-content a-expander-partial-collapse-content\" aria-expanded=\"false\">\n<div class=\"aplus-module-wrapper apm-floatnone\">\n<div class=\"apm-sidemodule apm-spacing\">\n<div class=\"apm-sidemodule-imageleft\" style=\"text-align: center;\"><img decoding=\"async\" class=\"aligncenter\" src=\"https:\/\/m.media-amazon.com\/images\/S\/aplus-media\/sc\/fa263336-bda8-42e1-8872-40df9f912f96.__CR0,0,1000,1000_PT0_SX300_V1___.jpg\" alt=\"stege\" data-src=\"https:\/\/m.media-amazon.com\/images\/S\/aplus-media\/sc\/fa263336-bda8-42e1-8872-40df9f912f96.__CR0,0,1000,1000_PT0_SX300_V1___.jpg\" data- title=\"\"><\/div>\n<div class=\"apm-sidemodule-textright\">\n<h3 class=\"a-spacing-mini\" style=\"text-align: center;\"><span style=\"vertical-align: inherit;\">Denna n\u00f6dutrymningsstege \u00e4r utformad med tanke p\u00e5 bekv\u00e4mlighet och tillg\u00e4nglighet<\/span><\/h3>\n<p style=\"text-align: center;\"><span style=\"vertical-align: inherit;\">Katastrof kan drabba n\u00e4r som helst oavsett om du \u00e4r redo eller inte. I n\u00f6dsituationer hemma, skolan eller kontoret och se till att alla kommer ut s\u00e4kert b\u00f6r vara din h\u00f6gsta prioritet. Det \u00e4r d\u00e4rf\u00f6r vi designade v\u00e5ra flyktstegar f\u00f6r upp till tv\u00e5 v\u00e5ningar hem f\u00f6r att ge dig ett bekv\u00e4mt och p\u00e5litligt s\u00e4tt att l\u00e4mna alla byggnader genom f\u00f6nstren. Om ditt hus, din skola eller din l\u00e4genhet inte har en flyktv\u00e4g eller om de inte \u00e4r l\u00e4ttillg\u00e4ngliga, beh\u00f6ver du en s\u00e4kerhetsbrandstege du kan lita p\u00e5.<\/span><\/p>\n<p style=\"text-align: center;\"><span style=\"vertical-align: inherit;\">Denna Brandstege 2 V\u00e5ningar 5 m \u00e4r noggrant f\u00f6rpackad f\u00f6r att ge en trasselfri, snabb sl\u00e4pp, bekv\u00e4m flyktv\u00e4g genom ditt f\u00f6nster som \u00e4r perfekt f\u00f6r b\u00e5de barn och vuxna. Tack vare sin solida konstruktion kan den h\u00e5lla upp till 2000 kg medan de kraftiga karbinhakarna ger ett stabilt grepp f\u00f6r att g\u00f6ra din anst\u00e4ndighet s\u00e5 enkel som m\u00f6jligt, vilket g\u00f6r denna n\u00f6dstege till ett m\u00e5ste f\u00f6r alla som vill att de och deras familj eller anst\u00e4llda ska vara s\u00e4kra i en n\u00f6dsituation.<\/span><\/p>\n<\/div>\n<\/div>\n<\/div>\n<\/div>\n<\/div>\n<\/div>\n","protected":false},"excerpt":{"rendered":"[embed]https:\/\/youtu.be\/KjVIK24EWWY[\/embed]\n<p class=\"a-size-large a-spacing-none\" style=\"text-align: center;\"><span class=\"a-size-large product-title-word-break\"><span style=\"vertical-align: inherit;\">ISOP Brandstege 2 V\u00e5ningar 5 m Flamskyddad s\u00e4kerhetsrepstege med <\/span><\/span><span id=\"productTitle\" class=\"a-size-large product-title-word-break\">ankare <\/span><span id=\"productTitle\" class=\"a-size-large product-title-word-break\"><span style=\"vertical-align: inherit;\">&#8211; Snabb att anv\u00e4nda och l\u00e4tt att anv\u00e4nda och lagra &#8211; Kompakt &#8211; Viktkapacitet upp till 900 kg N\u00f6dstegar<\/span><\/span><\/p>\n<p style=\"text-align: center;\"><span style=\"vertical-align: inherit;\">GRATIS LEVERANS INOM 3-7 DAGAR<\/span><\/p>\n<p><a href=\"https:\/\/www.amazon.se\/Brandutrymningsstege-v%C3%A5ningar-flams%C3%A4ker-s%C3%A4kerhetsrepstege-ankare\/dp\/B0BDF1W58Z\/ref=sr_1_1?crid=27DU22W83F80V&amp;keywords=Brandutrymningsstege%202%20v%C3%A5ningar&amp;qid=1671597233&amp;sprefix=%2Caps%2C248&amp;sr=8-1\"><img loading=\"lazy\" decoding=\"async\" class=\"aligncenter wp-image-1040 size-full\" src=\"https:\/\/isopllc.com\/se\/wp-content\/uploads\/sites\/10\/2020\/01\/amazon-button9.png\" alt=\"\" width=\"160\" height=\"59\" \/><\/a><\/p>\n<p>&nbsp;<\/p>\n","protected":false},"featured_media":4635,"comment_status":"open","ping_status":"closed","template":"","meta":[],"product_brand":[],"product_cat":[197,196,193,188,190],"product_tag":[149,148,35,44],"class_list":{"0":"post-4605","1":"product","2":"type-product","3":"status-publish","4":"has-post-thumbnail","6":"product_cat-brandutgangsstegar-1-vaning","7":"product_cat-brandutgangsstegar-2-vaningar","8":"product_cat-repstegar-brandutgang","9":"product_cat-repstegar-for-barn","10":"product_cat-vaggmonterade-stegar","11":"product_tag-ankare","12":"product_tag-brand","13":"product_tag-repstege","14":"product_tag-sakerhetsstege","16":"first","17":"instock","18":"shipping-taxable","19":"purchasable","20":"product-type-simple"},"_links":{"self":[{"href":"https:\/\/isopllc.com\/se\/wp-json\/wp\/v2\/product\/4605","targetHints":{"allow":["GET"]}}],"collection":[{"href":"https:\/\/isopllc.com\/se\/wp-json\/wp\/v2\/product"}],"about":[{"href":"https:\/\/isopllc.com\/se\/wp-json\/wp\/v2\/types\/product"}],"replies":[{"embeddable":true,"href":"https:\/\/isopllc.com\/se\/wp-json\/wp\/v2\/comments?post=4605"}],"wp:featuredmedia":[{"embeddable":true,"href":"https:\/\/isopllc.com\/se\/wp-json\/wp\/v2\/media\/4635"}],"wp:attachment":[{"href":"https:\/\/isopllc.com\/se\/wp-json\/wp\/v2\/media?parent=4605"}],"wp:term":[{"taxonomy":"product_brand","embeddable":true,"href":"https:\/\/isopllc.com\/se\/wp-json\/wp\/v2\/product_brand?post=4605"},{"taxonomy":"product_cat","embeddable":true,"href":"https:\/\/isopllc.com\/se\/wp-json\/wp\/v2\/product_cat?post=4605"},{"taxonomy":"product_tag","embeddable":true,"href":"https:\/\/isopllc.com\/se\/wp-json\/wp\/v2\/product_tag?post=4605"}],"curies":[{"name":"wp","href":"https:\/\/api.w.org\/{rel}","templated":true}]}}