{"id":4622,"date":"2022-12-18T06:44:16","date_gmt":"2022-12-18T06:44:16","guid":{"rendered":"https:\/\/isopllc.com\/se\/?post_type=product&#038;p=4622"},"modified":"2025-11-30T09:12:04","modified_gmt":"2025-11-30T09:12:04","slug":"raddningsfilt-guld-silver-11-enheter","status":"publish","type":"product","link":"https:\/\/isopllc.com\/se\/product\/raddningsfilt-guld-silver-11-enheter\/","title":{"rendered":"R\u00e4ddningsfilt Guld &#038; Silver | 11 enheter"},"content":{"rendered":"<div id=\"title_feature_div\" class=\"celwidget\" data-feature-name=\"title\" data-csa-c-type=\"widget\" data-csa-c-content-id=\"title\" data-csa-c-slot-id=\"title_feature_div\" data-csa-c-asin=\"B0BJQCVPLH\" data-csa-c-is-in-initial-active-row=\"false\" data-csa-c-id=\"erqms-5qqh6y-p3rtya-x4dmz0\" data-cel-widget=\"title_feature_div\">\n<h1 id=\"titleSection\" class=\"a-section a-spacing-none\">ISOP R\u00e4ddningsfilt Guld &amp; Silver | 11 enheter Stor Storlek 210 x 160 cm | Emergency termofiltar \u00d6verlevnadsfiltar F\u00f6rsta hj\u00e4lpen | V\u00e4rmebevarande filt | L\u00e4tt och kompakt f\u00f6r flera anv\u00e4ndningsomr\u00e5den<\/h1>\n<\/div>\n<div id=\"bylineInfo_feature_div\" class=\"celwidget\" data-feature-name=\"bylineInfo\" data-csa-c-type=\"widget\" data-csa-c-content-id=\"bylineInfo\" data-csa-c-slot-id=\"bylineInfo_feature_div\" data-csa-c-asin=\"B0BJQCVPLH\" data-csa-c-is-in-initial-active-row=\"false\" data-csa-c-id=\"wvuzbc-cbpmcd-p0zjlr-aw19k2\" data-cel-widget=\"bylineInfo_feature_div\"><\/div>\n<div class=\"celwidget aplus-module premium-module-1-image-text aplus-premium\" data-csa-c-id=\"nvxuwk-9y1qd2-me2kdy-lkoz9b\" data-cel-widget=\"aplus-premium-module-1-image-text\">\n<div class=\"a-section a-spacing-none premium-aplus premium-aplus-module-1 aplus-container-1\">\n<div class=\"a-section a-spacing-none aplus-display-table\">\n<div class=\"a-section a-spacing-none aplus-module-section aplus-display-table-cell aplus-image-section\"><img decoding=\"async\" class=\"\" src=\"https:\/\/m.media-amazon.com\/images\/W\/WEBP_402378-T2\/images\/S\/aplus-media-library-service-media\/83e70c37-0952-4f54-9c07-e7f4442a5f4e.__CR0,0,800,600_PT0_SX800_V1___.jpg\" alt=\"Silver\/Gold Blanket Premium\" data-src=\"https:\/\/m.media-amazon.com\/images\/W\/WEBP_402378-T2\/images\/S\/aplus-media-library-service-media\/83e70c37-0952-4f54-9c07-e7f4442a5f4e.__CR0,0,800,600_PT0_SX800_V1___.jpg\" data- title=\"\"><\/div>\n<div class=\"a-section a-spacing-none aplus-module-section aplus-display-table-cell aplus-text-section-right\">\n<h1 class=\"aplus-h1 aplus-module-1-heading a-text-bold\">Ett m\u00e5ste f\u00f6r \u00f6verlevnadssatser, f\u00f6rsta hj\u00e4lpen-kit, n\u00f6dpaket och mer<\/h1>\n<p class=\"aplus-p2 aplus-module-1-description\">Mylar n\u00f6dfilt \u00e4r vattent\u00e4t och reflekterar upp till 90 % av kroppsv\u00e4rmen f\u00f6r att f\u00f6rhindra hypotermi f\u00f6r \u00f6verlevnadssituationer i kallt, bl\u00f6tt eller varmt v\u00e4der. Dessa v\u00e4rmefoliefiltar \u00e4r ett m\u00e5ste f\u00f6r camping, terr\u00e4ngl\u00f6pning, maraton, 48h\/72h\/30 day go-v\u00e4skor, taktisk utrustning, jordb\u00e4vnings\u00f6verlevnadssatser, n\u00f6dsituationer i hemmet och f\u00f6rsta hj\u00e4lpen i bilar.<\/p>\n<\/div>\n<\/div>\n<\/div>\n<\/div>\n<div class=\"celwidget aplus-module premium-module-1-image-text aplus-premium\" data-csa-c-id=\"p0rseo-gvzh3q-ahffy1-eae4wm\" data-cel-widget=\"aplus-premium-module-1-image-text\">\n<div class=\"a-section a-spacing-none premium-aplus premium-aplus-module-1 aplus-container-1\">\n<div class=\"a-section a-spacing-none aplus-display-table\">\n<div class=\"a-section a-spacing-none aplus-module-section aplus-display-table-cell aplus-image-section\"><img decoding=\"async\" class=\"\" src=\"https:\/\/m.media-amazon.com\/images\/W\/WEBP_402378-T2\/images\/S\/aplus-media-library-service-media\/1c3bef25-5548-4689-9308-53a9f36497ac.__CR0,0,800,600_PT0_SX800_V1___.jpg\" alt=\"Silver\/Gold Blanket Premium\" data-src=\"https:\/\/m.media-amazon.com\/images\/W\/WEBP_402378-T2\/images\/S\/aplus-media-library-service-media\/1c3bef25-5548-4689-9308-53a9f36497ac.__CR0,0,800,600_PT0_SX800_V1___.jpg\" data- title=\"\"><\/div>\n<div class=\"a-section a-spacing-none aplus-module-section aplus-display-table-cell aplus-text-section-right\">\n<h1 class=\"aplus-h1 aplus-module-1-heading a-text-bold\">Multifunktionell n\u00f6dfilt<\/h1>\n<p class=\"aplus-p2 aplus-module-1-description\">Ha i ryggs\u00e4cken f\u00f6r s\u00e4kerhets skull. F\u00f6rutom att h\u00e5lla dig varm och torr, har ISOP \u00f6verlevnadsfilt otaliga anv\u00e4ndningsomr\u00e5den i \u00f6verlevnadssituationer. Anv\u00e4nd som en sovs\u00e4cksfoder i ov\u00e4ntat kallt v\u00e4der f\u00f6r att f\u00f6rb\u00e4ttra din befintliga sovs\u00e4ck genom att \u00f6ka v\u00e4rmen och skydda mot yttre kondens. F\u00f6rvara din katt i fall du fastnar i en sn\u00f6storm, f\u00e5r slut p\u00e5 bensin eller r\u00e5kar ut f\u00f6r en bilolycka under vintern.<\/p>\n<\/div>\n<\/div>\n<\/div>\n<\/div>\n<div class=\"celwidget aplus-module premium-module-1-image-text aplus-premium\" data-csa-c-id=\"bpbsso-8dfzta-y2mu01-e5iw8h\" data-cel-widget=\"aplus-premium-module-1-image-text\">\n<div class=\"a-section a-spacing-none premium-aplus premium-aplus-module-1 aplus-container-1\">\n<div class=\"a-section a-spacing-none aplus-display-table\">\n<div class=\"a-section a-spacing-none aplus-module-section aplus-display-table-cell aplus-image-section\"><img decoding=\"async\" class=\"\" src=\"https:\/\/m.media-amazon.com\/images\/W\/WEBP_402378-T2\/images\/S\/aplus-media-library-service-media\/ff8517b7-ded4-4139-bb92-8b71ffe90612.__CR0,0,800,600_PT0_SX800_V1___.jpg\" alt=\"Silver\/Gold Blanket Premium\" data-src=\"https:\/\/m.media-amazon.com\/images\/W\/WEBP_402378-T2\/images\/S\/aplus-media-library-service-media\/ff8517b7-ded4-4139-bb92-8b71ffe90612.__CR0,0,800,600_PT0_SX800_V1___.jpg\" data- title=\"\"><\/div>\n<div class=\"a-section a-spacing-none aplus-module-section aplus-display-table-cell aplus-text-section-right\">\n<h1 class=\"aplus-h1 aplus-module-1-heading a-text-bold\">Slitstark, ultral\u00e4tt, kompakt f\u00f6rpackning<\/h1>\n<p class=\"aplus-p2 aplus-module-1-description\">Varje filt \u00e4r individuellt vikt, lindad och f\u00f6rseglad f\u00f6r enkel f\u00f6rvaring, beh\u00e5lla eller avleda v\u00e4rme, \u00e5teranv\u00e4ndbar, vattent\u00e4t, vindt\u00e4t, fuktbest\u00e4ndig, kan \u00e4ven anv\u00e4ndas som markt\u00e4ckare och solskydd.<\/p>\n<div class=\"a-section a-spacing-none premium-aplus-15-heading\">\n<h1 class=\"premium-aplus-15-heading-text a-text-bold\">Or\u00e4kneliga anv\u00e4ndningsomr\u00e5den:<\/h1>\n<\/div>\n<div class=\"a-section a-spacing-none\">\n<p class=\"description\">T\u00e4lt fotavtryck; Ryggs\u00e4cks\u00f6verdrag; Regn poncho; N\u00f6dsignal; Solugn; Fiskedrag; F\u00e5gelavst\u00f6tande; N\u00f6dboende; Sovs\u00e4ck Linne; Markskydd; Vindblockerare; Arm Sling; Tourniquet; Trail Marker; Vattenuppsamlare; Sn\u00f6sm\u00e4ltningsbeh\u00e5llare; Bilf\u00f6nster solskydd; Solljusreflektor; Matkonserverande lock.<\/p>\n<\/div>\n<\/div>\n<\/div>\n<\/div>\n<\/div>\n","protected":false},"excerpt":{"rendered":"[embed]https:\/\/www.youtube.com\/watch?v=_FEc3WYo3UU[\/embed]\n<p style=\"text-align: center;\">ISOP R\u00e4ddningsfilt Guld &amp; Silver | 11 enheter Stor Storlek 210 x 160 cm | Emergency termofiltar \u00d6verlevnadsfiltar F\u00f6rsta hj\u00e4lpen | V\u00e4rmebevarande filt | L\u00e4tt och kompakt f\u00f6r flera anv\u00e4ndningsomr\u00e5den<\/p>\n<p style=\"text-align: center;\"><span style=\"vertical-align: inherit;\">GRATIS LEVERANS INOM 3-7 DAGAR<\/span><\/p>\n<p><a href=\"https:\/\/www.amazon.se\/dp\/B0BJQCVPLH?ref=myi_title_dp&amp;th=1\"><img loading=\"lazy\" decoding=\"async\" class=\"aligncenter wp-image-1040 size-full\" src=\"https:\/\/isopllc.com\/se\/wp-content\/uploads\/sites\/10\/2020\/01\/amazon-button9.png\" alt=\"\" width=\"160\" height=\"59\" \/><\/a><\/p>\n<p>&nbsp;<\/p>\n","protected":false},"featured_media":4633,"comment_status":"open","ping_status":"closed","template":"","meta":[],"product_brand":[],"product_cat":[185,183],"product_tag":[147,134,146,52],"class_list":{"0":"post-4622","1":"product","2":"type-product","3":"status-publish","4":"has-post-thumbnail","6":"product_cat-brandfilt","7":"product_cat-raddnings-och-overlevnadsset","8":"product_tag-guld-och-silver","9":"product_tag-nodsituation","10":"product_tag-raddningsfilt","11":"product_tag-sakerhetsfilt","13":"first","14":"instock","15":"shipping-taxable","16":"purchasable","17":"product-type-simple"},"_links":{"self":[{"href":"https:\/\/isopllc.com\/se\/wp-json\/wp\/v2\/product\/4622","targetHints":{"allow":["GET"]}}],"collection":[{"href":"https:\/\/isopllc.com\/se\/wp-json\/wp\/v2\/product"}],"about":[{"href":"https:\/\/isopllc.com\/se\/wp-json\/wp\/v2\/types\/product"}],"replies":[{"embeddable":true,"href":"https:\/\/isopllc.com\/se\/wp-json\/wp\/v2\/comments?post=4622"}],"wp:featuredmedia":[{"embeddable":true,"href":"https:\/\/isopllc.com\/se\/wp-json\/wp\/v2\/media\/4633"}],"wp:attachment":[{"href":"https:\/\/isopllc.com\/se\/wp-json\/wp\/v2\/media?parent=4622"}],"wp:term":[{"taxonomy":"product_brand","embeddable":true,"href":"https:\/\/isopllc.com\/se\/wp-json\/wp\/v2\/product_brand?post=4622"},{"taxonomy":"product_cat","embeddable":true,"href":"https:\/\/isopllc.com\/se\/wp-json\/wp\/v2\/product_cat?post=4622"},{"taxonomy":"product_tag","embeddable":true,"href":"https:\/\/isopllc.com\/se\/wp-json\/wp\/v2\/product_tag?post=4622"}],"curies":[{"name":"wp","href":"https:\/\/api.w.org\/{rel}","templated":true}]}}