{"id":4690,"date":"2023-01-18T04:00:01","date_gmt":"2023-01-18T04:00:01","guid":{"rendered":"https:\/\/isopllc.com\/se\/?post_type=product&#038;p=4690"},"modified":"2025-07-01T03:46:18","modified_gmt":"2025-07-01T03:46:18","slug":"brandfilt-stor-180200-cm","status":"publish","type":"product","link":"https:\/\/isopllc.com\/se\/product\/brandfilt-stor-180200-cm\/","title":{"rendered":"Brandfilt Stor 180*200 cm"},"content":{"rendered":"<div class=\"celwidget aplus-module premium-module-3-four-column-images aplus-premium\" data-csa-c-id=\"5x7ui9-ius50c-ssm1r8-66oj1i\" data-cel-widget=\"aplus-premium-module-3-four-column-images\">\n<div class=\"a-section a-spacing-none premium-aplus premium-aplus-module-3 aplus-container-1\">\n<h1 id=\"title\" class=\"a-size-large a-spacing-none\">Brandfilt Stor 180*200 cm \u2013 Brandskyddsfilt av glasfiber \u2013 Heavy Duty Emergency Filt \u2013 A-Grade Survival Filt \u2013 Brandskyddsfilt \u2013 F\u00f6rsta hj\u00e4lpen filt \u2013 R\u00e4ddningsfilt f\u00f6r hemmet<\/h1>\n<\/div>\n<\/div>\n<div class=\"celwidget aplus-module premium-module-4-two-column-images aplus-premium\" data-csa-c-id=\"15yl7x-eio1n0-m9lh6n-socwzs\" data-cel-widget=\"aplus-premium-module-4-two-column-images\">\n<div class=\"a-section a-spacing-none premium-aplus premium-aplus-module-4 aplus-container-1\">\n<div class=\"a-section a-spacing-none premium-aplus-two-column\">\n<div class=\"a-section a-spacing-none premium-aplus-column\">\n<div class=\"a-section a-spacing-none column-description\">\n<div class=\"celwidget aplus-module premium-module-1-image-text aplus-premium\" data-csa-c-id=\"x545br-jvgu92-1elkrx-n14gmb\" data-cel-widget=\"aplus-premium-module-1-image-text\">\n<div class=\"a-section a-spacing-none premium-aplus premium-aplus-module-1 aplus-container-1\">\n<div class=\"a-section a-spacing-none aplus-display-table\">\n<div class=\"a-section a-spacing-none aplus-module-section aplus-display-table-cell aplus-image-section\"><img decoding=\"async\" class=\"\" src=\"https:\/\/m.media-amazon.com\/images\/S\/aplus-media-library-service-media\/20c4d590-e1df-47d5-9b6d-1700e574bf3f.__CR0,0,800,600_PT0_SX800_V1___.jpg\" alt=\"Fibreglass Fire Retardant Blanket\" data-src=\"https:\/\/m.media-amazon.com\/images\/S\/aplus-media-library-service-media\/20c4d590-e1df-47d5-9b6d-1700e574bf3f.__CR0,0,800,600_PT0_SX800_V1___.jpg\" data- title=\"\"><\/div>\n<div class=\"a-section a-spacing-none aplus-module-section aplus-display-table-cell aplus-text-section-right\">\n<h1 class=\"aplus-h1 aplus-module-1-heading a-text-bold\">\u00d6verlevnadsfilt av A-klass \u2013 Brandsl\u00e4ckningsmedel \u2013 F\u00f6rsta hj\u00e4lpen \u2013 R\u00e4ddningsfilt<\/h1>\n<p class=\"aplus-p2 aplus-module-1-description\">ISOP n\u00f6dfilt f\u00f6r \u00f6verlevnad sl\u00e4cker elden inom n\u00e5gra sekunder. Den r\u00f6da p\u00e5sen \u00e4r utformad f\u00f6r att h\u00e4ngas upp i genomf\u00f6ringen med p\u00e5sen \u00f6ppning ned\u00e5t, s\u00e5 att du snabbt kan ta tag i och dra i de tv\u00e5 remmarna, f\u00e4lla ut filten och f\u00e4lla ut f\u00f6rsta hj\u00e4lpenfilten f\u00f6r att t\u00e4cka brandk\u00e4llan med tills den kv\u00e4vs och sl\u00e4cker branden.<\/p>\n<p class=\"aplus-p2 aplus-module-1-description\">Vi v\u00e4rdes\u00e4tter att ta hand om varandra och att h\u00e5lla kontakten med hj\u00e4rtat i v\u00e5rt samh\u00e4lle.<\/p>\n<\/div>\n<\/div>\n<\/div>\n<\/div>\n<div class=\"celwidget aplus-module premium-module-4-two-column-images aplus-premium\" data-csa-c-id=\"rtlj53-bjgtoh-kpqsj4-jiaqb8\" data-cel-widget=\"aplus-premium-module-4-two-column-images\">\n<div class=\"a-section a-spacing-none premium-aplus premium-aplus-module-4 aplus-container-1\">\n<div class=\"a-section a-spacing-none premium-aplus-two-column\">\n<div class=\"a-section a-spacing-none premium-aplus-column\">\n<div class=\"a-section a-spacing-none {'column-image'}\"><img decoding=\"async\" class=\"\" src=\"https:\/\/m.media-amazon.com\/images\/S\/aplus-media-library-service-media\/f75da90f-6d87-4348-8303-ca326e370061.__CR0,0,650,350_PT0_SX650_V1___.jpg\" alt=\"Fibreglass Fire Retardant Blanket\" data-src=\"https:\/\/m.media-amazon.com\/images\/S\/aplus-media-library-service-media\/f75da90f-6d87-4348-8303-ca326e370061.__CR0,0,650,350_PT0_SX650_V1___.jpg\" data- title=\"\"><\/div>\n<div class=\"a-section a-spacing-none column-description\"><\/div>\n<\/div>\n<\/div>\n<\/div>\n<\/div>\n<div class=\"celwidget aplus-module premium-module-15-text aplus-premium\" data-csa-c-id=\"bnb6tm-tysnie-sthwlh-4mqwnf\" data-cel-widget=\"aplus-premium-module-15-text\">\n<div class=\"a-section a-spacing-none premium-aplus premium-aplus-module-15\">\n<div class=\"a-section a-spacing-none\">\n<p>R\u00e4ddningsfilt fungerar som en skyddande sk\u00f6ld. Dessa filtar kan anv\u00e4ndas f\u00f6r att sl\u00e4cka v\u00e4rmealarmerande sm\u00e5 br\u00e4nder och hj\u00e4lpa till att f\u00f6rebygga brand, genom att kv\u00e4va dem p\u00e5 syre. Du kan antingen anv\u00e4nda den f\u00f6r att stoppa sm\u00e5 br\u00e4nder som kan komma utom kontroll i utomhusgrillen, l\u00e4gerelden, slitsplatser, gardiner med n\u00e4rliggande uttag, i h\u00e4ndelse av elektrisk kortslutning i hemmet och k\u00f6ket. Bara linda den runt dig och komma iv\u00e4g s\u00e5 snart som m\u00f6jligt.<\/p>\n<p>H\u00e5llbar och rej\u00e4l glasfiberkonstruktion. V\u00e5ra A-brandfiltar \u00e4r gjorda av ultimat kraftigt glasfiber, ett material som j\u00e4mnar ut l\u00e5gorna och sticker ut p\u00e5 grund av dess temperaturbest\u00e4ndiga egenskaper. Glasfiber \u00e4r flamskyddande och uppfyller EN-1869:1997 standard f\u00f6r brandsl\u00e4ckning. Om du bor i en avl\u00e4gsen stuga fungerar den som en brandsl\u00e4ckare, med tanke p\u00e5 att det skulle ta volont\u00e4ren tid att svara p\u00e5 n\u00f6danrop.<\/p>\n<div class=\"celwidget aplus-module premium-module-4-two-column-images aplus-premium\" data-csa-c-id=\"1qsvnq-s2pplf-150y0h-f4ki8g\">\n<div class=\"a-section a-spacing-none premium-aplus premium-aplus-module-4 aplus-container-1\">\n<div class=\"a-section a-spacing-none premium-aplus-two-column\">\n<div class=\"a-section a-spacing-none premium-aplus-column\">\n<div class=\"a-section a-spacing-none {'column-image'}\"><img decoding=\"async\" class=\"\" src=\"https:\/\/m.media-amazon.com\/images\/S\/aplus-media-library-service-media\/b821e742-bf50-4e90-a57f-90c4944a5825.__CR0,0,650,350_PT0_SX650_V1___.jpg\" alt=\"Fibreglass Fire Retardant Blanket\" data-src=\"https:\/\/m.media-amazon.com\/images\/S\/aplus-media-library-service-media\/b821e742-bf50-4e90-a57f-90c4944a5825.__CR0,0,650,350_PT0_SX650_V1___.jpg\" data- title=\"\"><\/div>\n<div class=\"a-section a-spacing-none column-description\"><\/div>\n<\/div>\n<\/div>\n<\/div>\n<\/div>\n<div class=\"celwidget aplus-module premium-module-15-text aplus-premium\" data-csa-c-id=\"hojorg-jhrtya-jrvofx-evbfdk\">\n<div class=\"a-section a-spacing-none premium-aplus premium-aplus-module-15\">\n<div class=\"a-section a-spacing-none\">\n<p>V\u00e4nta inte p\u00e5 att n\u00f6dsituationer ska intr\u00e4ffa, \u00f6ppna v\u00e5r r\u00e4ddningsutrustning, k\u00e4nn den h\u00f6ga kvaliteten, bekanta dig med produkten och tr\u00e4na minder\u00e5riga hur de ska hantera den, om de \u00e4r ensamma.<\/p>\n<p>Ge den som en husv\u00e4rmande present, som \u00e4r praktisk, omt\u00e4nksam och en eng\u00e5ngsinvestering. Fram till den tidpunkt d\u00e5 du n\u00e5r den punkt som larmas av din branddetektor \u00e4r det mestadels l\u00e5gor som redan \u00e4r h\u00f6ga. P\u00e5 dessa punkter \u00e4r till\u00e4mpningen av alternativ som brandskyddsfiltar enklare och effektivare s\u00e4tt att s\u00e4tta in mot alla storlekar av brandutbrott, d\u00e4r k\u00e4nslor och \u00e5ngest kommer att bli h\u00f6ga.<\/p>\n<p>F\u00f6rutom brandfiltar erbjuder ISOP ett stort sortiment av utrymningsstegar, r\u00e4ddningsstegar och brands\u00e4kerhetsset.<\/p>\n<\/div>\n<\/div>\n<\/div>\n<\/div>\n<\/div>\n<\/div>\n<\/div>\n<\/div>\n<\/div>\n<\/div>\n<\/div>\n","protected":false},"excerpt":{"rendered":"<p id=\"title\" class=\"a-size-large a-spacing-none\" style=\"text-align: center;\">Brandfilt Stor 180*200 cm \u2013 Brandskyddsfilt av glasfiber \u2013 Heavy Duty Emergency Filt \u2013 A-Grade Survival Filt \u2013 Brandskyddsfilt \u2013 F\u00f6rsta hj\u00e4lpen filt \u2013 R\u00e4ddningsfilt f\u00f6r hemmet<\/p>\n<p style=\"text-align: center;\">GRATIS LEVERANS INOM 3-7 DAGAR<\/p>\n<h4 style=\"text-align: center;\"><strong>K\u00d6P DEN P\u00c5<\/strong><\/h4>\n<p><a href=\"https:\/\/www.amazon.se\/dp\/B0BLLNZVXQ?ref=myi_title_dp\"><img loading=\"lazy\" decoding=\"async\" class=\"aligncenter wp-image-1040 size-full\" src=\"https:\/\/isopllc.com\/se\/wp-content\/uploads\/sites\/10\/2020\/01\/amazon-button9.png\" alt=\"\" width=\"160\" height=\"59\" \/><\/a><\/p>\n<p style=\"text-align: center;\">\n","protected":false},"featured_media":4681,"comment_status":"open","ping_status":"closed","template":"","meta":[],"product_brand":[],"product_cat":[185,183],"product_tag":[50,51,52],"class_list":{"0":"post-4690","1":"product","2":"type-product","3":"status-publish","4":"has-post-thumbnail","6":"product_cat-brandfilt","7":"product_cat-raddnings-och-overlevnadsset","8":"product_tag-brandfilt-stor","9":"product_tag-brandskydd","10":"product_tag-sakerhetsfilt","12":"first","13":"instock","14":"shipping-taxable","15":"purchasable","16":"product-type-simple"},"_links":{"self":[{"href":"https:\/\/isopllc.com\/se\/wp-json\/wp\/v2\/product\/4690","targetHints":{"allow":["GET"]}}],"collection":[{"href":"https:\/\/isopllc.com\/se\/wp-json\/wp\/v2\/product"}],"about":[{"href":"https:\/\/isopllc.com\/se\/wp-json\/wp\/v2\/types\/product"}],"replies":[{"embeddable":true,"href":"https:\/\/isopllc.com\/se\/wp-json\/wp\/v2\/comments?post=4690"}],"wp:featuredmedia":[{"embeddable":true,"href":"https:\/\/isopllc.com\/se\/wp-json\/wp\/v2\/media\/4681"}],"wp:attachment":[{"href":"https:\/\/isopllc.com\/se\/wp-json\/wp\/v2\/media?parent=4690"}],"wp:term":[{"taxonomy":"product_brand","embeddable":true,"href":"https:\/\/isopllc.com\/se\/wp-json\/wp\/v2\/product_brand?post=4690"},{"taxonomy":"product_cat","embeddable":true,"href":"https:\/\/isopllc.com\/se\/wp-json\/wp\/v2\/product_cat?post=4690"},{"taxonomy":"product_tag","embeddable":true,"href":"https:\/\/isopllc.com\/se\/wp-json\/wp\/v2\/product_tag?post=4690"}],"curies":[{"name":"wp","href":"https:\/\/api.w.org\/{rel}","templated":true}]}}