{"id":4691,"date":"2023-01-18T04:07:06","date_gmt":"2023-01-18T04:07:06","guid":{"rendered":"https:\/\/isopllc.com\/se\/?post_type=product&#038;p=4691"},"modified":"2025-07-01T03:45:03","modified_gmt":"2025-07-01T03:45:03","slug":"nodsituation-overlevnads-kit","status":"publish","type":"product","link":"https:\/\/isopllc.com\/se\/product\/nodsituation-overlevnads-kit\/","title":{"rendered":"N\u00f6dsituation \u00d6verlevnads kit"},"content":{"rendered":"<div class=\"celwidget aplus-module premium-module-3-four-column-images aplus-premium\" data-csa-c-id=\"5x7ui9-ius50c-ssm1r8-66oj1i\" data-cel-widget=\"aplus-premium-module-3-four-column-images\">\n<div class=\"a-section a-spacing-none premium-aplus premium-aplus-module-3 aplus-container-1\">\n<div class=\"celwidget aplus-module premium-module-3-four-column-images aplus-premium\" data-csa-c-id=\"5x7ui9-ius50c-ssm1r8-66oj1i\" data-cel-widget=\"aplus-premium-module-3-four-column-images\">\n<h1 class=\"a-section a-spacing-none premium-aplus premium-aplus-module-3 aplus-container-1\">N\u00f6dsituation \u00d6verlevnads kit | Milit\u00e4r \u00f6verlevnadssats | N\u00f6d\u00f6verlevnadsutrustning &amp; fiskeutrustning f\u00f6r campingvandring Jakt utomhus\u00e4ventyr | \u00d6verlevnadsverktyg med Emergency Armband Whistle Ficklampa<\/h1>\n<\/div>\n<\/div>\n<\/div>\n<div class=\"celwidget aplus-module premium-module-4-two-column-images aplus-premium\" data-csa-c-id=\"15yl7x-eio1n0-m9lh6n-socwzs\" data-cel-widget=\"aplus-premium-module-4-two-column-images\">\n<div class=\"a-section a-spacing-none premium-aplus premium-aplus-module-4 aplus-container-1\">\n<div class=\"a-section a-spacing-none premium-aplus-two-column\">\n<div class=\"a-section a-spacing-none premium-aplus-column\">\n<div class=\"a-section a-spacing-none column-description\">\n<div class=\"celwidget aplus-module premium-module-15-text aplus-premium\" data-csa-c-id=\"bnb6tm-tysnie-sthwlh-4mqwnf\" data-cel-widget=\"aplus-premium-module-15-text\">\n<div class=\"a-section a-spacing-none premium-aplus premium-aplus-module-15\">\n<div class=\"a-section a-spacing-none\">\n<div id=\"aplus_feature_div\" class=\"celwidget\" data-feature-name=\"aplus\" data-csa-c-type=\"widget\" data-csa-c-content-id=\"aplus\" data-csa-c-slot-id=\"aplus_feature_div\" data-csa-c-asin=\"\" data-csa-c-is-in-initial-active-row=\"false\" data-csa-c-id=\"hrjqk3-olh6i-2zbtsj-fsbg4i\">\n<div id=\"aplus\" class=\"a-section a-spacing-large bucket\">\n<div class=\"aplus-v2 desktop celwidget\" data-csa-c-id=\"7p6bth-t6s03-mu9bah-t86rud\">\n<div class=\"celwidget aplus-module premium-module-1-image-text aplus-premium\" data-csa-c-id=\"w4g4q0-i5pch3-n1vxz6-j29p3m\">\n<div class=\"a-section a-spacing-none premium-aplus premium-aplus-module-1 aplus-container-1\">\n<div class=\"a-section a-spacing-none aplus-display-table\">\n<div class=\"a-section a-spacing-none aplus-module-section aplus-display-table-cell aplus-text-section-left\">\n<div id=\"aplus_feature_div\" class=\"celwidget\" data-feature-name=\"aplus\" data-csa-c-type=\"widget\" data-csa-c-content-id=\"aplus\" data-csa-c-slot-id=\"aplus_feature_div\" data-csa-c-asin=\"\" data-csa-c-is-in-initial-active-row=\"false\" data-csa-c-id=\"hrjqk3-olh6i-2zbtsj-fsbg4i\">\n<div id=\"aplus\" class=\"a-section a-spacing-large bucket\">\n<div class=\"aplus-v2 desktop celwidget\" data-csa-c-id=\"7p6bth-t6s03-mu9bah-t86rud\">\n<div class=\"celwidget aplus-module premium-module-1-image-text aplus-premium\" data-csa-c-id=\"w4g4q0-i5pch3-n1vxz6-j29p3m\">\n<div class=\"a-section a-spacing-none premium-aplus premium-aplus-module-1 aplus-container-1\">\n<div class=\"a-section a-spacing-none aplus-display-table\">\n<div class=\"a-section a-spacing-none aplus-module-section aplus-display-table-cell aplus-text-section-left\">\n<div id=\"aplus_feature_div\" class=\"celwidget\" data-feature-name=\"aplus\" data-csa-c-type=\"widget\" data-csa-c-content-id=\"aplus\" data-csa-c-slot-id=\"aplus_feature_div\" data-csa-c-asin=\"\" data-csa-c-is-in-initial-active-row=\"false\" data-csa-c-id=\"werwrh-oppmo3-svcp6d-fhfg25\" data-cel-widget=\"aplus_feature_div\">\n<div id=\"aplus\" class=\"a-section a-spacing-large bucket\">\n<div class=\"aplus-v2 desktop celwidget\" data-csa-c-id=\"7xtdo9-r4wrro-f3nno8-bwxukn\" data-cel-widget=\"aplus\">\n<div class=\"celwidget aplus-module premium-module-1-image-text aplus-premium\" data-csa-c-id=\"2rlhkz-8y7w7x-cqhx54-3sn8qp\" data-cel-widget=\"aplus-premium-module-1-image-text\">\n<div class=\"a-section a-spacing-none premium-aplus premium-aplus-module-1 aplus-container-1\">\n<div class=\"a-section a-spacing-none aplus-display-table\">\n<div class=\"a-section a-spacing-none aplus-module-section aplus-display-table-cell aplus-text-section-left\">\n<p class=\"aplus-p2 aplus-module-1-description\">\n<\/div>\n<div class=\"a-section a-spacing-none aplus-module-section aplus-display-table-cell aplus-image-section\"><img decoding=\"async\" class=\"\" src=\"https:\/\/m.media-amazon.com\/images\/S\/aplus-media-library-service-media\/040643e9-74cb-41eb-b1fc-1c6259247f60.__CR0,0,800,600_PT0_SX800_V1___.jpg\" alt=\"Emergency Survival Kit\" data-src=\"https:\/\/m.media-amazon.com\/images\/S\/aplus-media-library-service-media\/040643e9-74cb-41eb-b1fc-1c6259247f60.__CR0,0,800,600_PT0_SX800_V1___.jpg\" data- title=\"\"><\/div>\n<div>\n<h1 class=\"aplus-h1 aplus-module-1-heading a-text-bold\">Vi presenterar det mest v\u00e4lutrustade \u00f6verlevnadssetet fr\u00e5n ISOP f\u00f6r alla tillf\u00e4llen<\/h1>\n<p class=\"aplus-p2 aplus-module-1-description\">Jordb\u00e4vning, brand eller \u00f6versv\u00e4mning, detta set hj\u00e4lper dig att \u00f6verleva. \u00c4ven om du befinner dig p\u00e5 en \u00f6de \u00f6 som Robinson Crusoe har du alla verktyg f\u00f6r att \u00f6verleva. Nedan presenterar vi varje artikel i setet som vi noggrant valt separat och ber\u00e4ttar om alla m\u00f6jliga anv\u00e4ndningsomr\u00e5den f\u00f6r varje produkt, som f\u00f6rresten inte bara \u00e4r anv\u00e4ndbara i n\u00f6dsituationer, utan ocks\u00e5 i vardagen, camping, kl\u00e4ttring i bergen eller vandra med familjen.<\/p>\n<\/div>\n<\/div>\n<\/div>\n<\/div>\n<div class=\"celwidget aplus-module premium-module-4-two-column-images aplus-premium\" data-csa-c-id=\"ptm5mu-ovnfo3-2bizob-7qtr4k\" data-cel-widget=\"aplus-premium-module-4-two-column-images\">\n<div class=\"a-section a-spacing-none premium-aplus premium-aplus-module-4 aplus-container-1\">\n<div class=\"a-section a-spacing-none premium-aplus-two-column\">\n<div class=\"a-section a-spacing-none premium-aplus-column\">\n<div class=\"a-section a-spacing-none {'column-image'}\"><img decoding=\"async\" class=\"\" src=\"https:\/\/m.media-amazon.com\/images\/S\/aplus-media-library-service-media\/2c5841b2-ca84-4686-aff4-e5dcad44de3e.__CR0,0,650,350_PT0_SX650_V1___.jpg\" alt=\"Emergency Survival Kit | Military Survival Kit \" data-src=\"https:\/\/m.media-amazon.com\/images\/S\/aplus-media-library-service-media\/2c5841b2-ca84-4686-aff4-e5dcad44de3e.__CR0,0,650,350_PT0_SX650_V1___.jpg\" data- title=\"\"><\/div>\n<div class=\"a-section a-spacing-none column-heading\">\n<h1><\/h1>\n<h1 class=\"a-section a-spacing-none premium-aplus premium-aplus-module-3 aplus-container-1\">N\u00f6dsituation \u00d6verlevnads kit | Milit\u00e4r \u00f6verlevnadssats<\/h1>\n<\/div>\n<div class=\"a-section a-spacing-none column-description\">\n<p class=\"aplus-p3\">M\u00e5ng- Syfte Uppdaterad taktiksats \u00e4r ett 21-i-1 multiprofessionellt \u00f6verlevnadskit f\u00f6r n\u00f6dsituationer som inneh\u00e5ller \u00f6verlevnadsutrustning utomhus som \u00e4r avg\u00f6rande f\u00f6r camping, fiske, jakt, motorcykelresor, vildmarksutflykter, vandring och \u00f6verlevnadsscenarier. Det \u00e4r en fantastisk \u00f6verraskning och gadget f\u00f6r alla.<\/p>\n<\/div>\n<\/div>\n<div class=\"a-section a-spacing-none premium-aplus-column\">\n<div class=\"a-section a-spacing-none {'column-image'}\"><img decoding=\"async\" class=\"\" src=\"https:\/\/m.media-amazon.com\/images\/S\/aplus-media-library-service-media\/90587192-739f-468d-8e4f-30e9c7944395.__CR0,0,650,350_PT0_SX650_V1___.jpg\" alt=\"Emergency Survival Gear &amp; Fishing Equipment for Camping Hiking Hunting Outdoor Adventure \" data-src=\"https:\/\/m.media-amazon.com\/images\/S\/aplus-media-library-service-media\/90587192-739f-468d-8e4f-30e9c7944395.__CR0,0,650,350_PT0_SX650_V1___.jpg\" data- title=\"\"><\/div>\n<div class=\"a-section a-spacing-none column-heading\">\n<h1 class=\"aplus-h3 a-text-bold\">\u00d6verlevnadsverktyg med Armband Whistle Ficklampa<\/h1>\n<\/div>\n<div class=\"a-section a-spacing-none column-description\">\n<p class=\"aplus-p3\">\u00d6verlevnadsset f\u00f6r n\u00f6dsituationer inkluderar: n\u00f6dfilt, ficklampa, universalspork, fiskeset, tr\u00e5ds\u00e5g, vattenflaskkl\u00e4mma, paracord-armband, eldstartare f\u00f6r flinta, sabelkort, bl\u00e5sr\u00f6r, eldrep, visselpipa, universalkniv, kl\u00e4tterkrokar, kompass, s\u00e4kerhetsn\u00e5lar , taktisk penna och st\u00f6ts\u00e4kert fodral.<\/p>\n<\/div>\n<\/div>\n<\/div>\n<\/div>\n<\/div>\n<div class=\"celwidget aplus-module premium-module-4-two-column-images aplus-premium\" data-csa-c-id=\"ujf5z8-whexhd-hnk56z-8ldfmh\" data-cel-widget=\"aplus-premium-module-4-two-column-images\">\n<div class=\"a-section a-spacing-none premium-aplus premium-aplus-module-4 aplus-container-1\">\n<div class=\"a-section a-spacing-none premium-aplus-two-column\">\n<div class=\"a-section a-spacing-none premium-aplus-column\">\n<div class=\"a-section a-spacing-none {'column-image'}\"><img decoding=\"async\" class=\"\" src=\"https:\/\/m.media-amazon.com\/images\/S\/aplus-media-library-service-media\/b5058cd4-d615-4f08-af36-65a0fd6f2f8a.__CR0,0,650,350_PT0_SX650_V1___.jpg\" alt=\"Survival Tools with Emergency Bracelet Whistle Flashlight\" data-src=\"https:\/\/m.media-amazon.com\/images\/S\/aplus-media-library-service-media\/b5058cd4-d615-4f08-af36-65a0fd6f2f8a.__CR0,0,650,350_PT0_SX650_V1___.jpg\" data- title=\"\"><\/div>\n<div class=\"a-section a-spacing-none column-heading\">\n<h1 class=\"aplus-h3 a-text-bold\">\u00d6verlevnadsutrustning och fiskeutrustning f\u00f6r n\u00f6dsituationer<\/h1>\n<\/div>\n<div class=\"a-section a-spacing-none column-description\">\n<p class=\"aplus-p3\">Du kan \u00f6verleva en naturkatastrof med detta \u00f6verlevnadspaket. Den perfekta campingkompisen f\u00f6r att vara redo f\u00f6r alla situationer \u00e4r denna artikel. H\u00e5ll dig s\u00e4ker i alla n\u00f6dsituationer. Perfekt f\u00f6r camping, vandring, \u00e4ventyr, \u00f6verlevnad och i n\u00f6dsituationer. Kommer i en st\u00f6ts\u00e4ker och l\u00e4tt att b\u00e4ra l\u00e5da.<\/p>\n<\/div>\n<\/div>\n<div class=\"a-section a-spacing-none premium-aplus-column\">\n<div class=\"a-section a-spacing-none {'column-image'}\"><img decoding=\"async\" class=\"\" src=\"https:\/\/m.media-amazon.com\/images\/S\/aplus-media-library-service-media\/a03308c4-5304-421a-a370-686b59f30d97.__CR0,0,650,350_PT0_SX650_V1___.jpg\" alt=\"Emergency Survival Kit \" data-src=\"https:\/\/m.media-amazon.com\/images\/S\/aplus-media-library-service-media\/a03308c4-5304-421a-a370-686b59f30d97.__CR0,0,650,350_PT0_SX650_V1___.jpg\" data- title=\"\"><\/div>\n<div class=\"a-section a-spacing-none column-heading\">\n<h1 class=\"aplus-h3 a-text-bold\">Camping Vandring Jakt Utomhus\u00e4ventyr<\/h1>\n<\/div>\n<div class=\"a-section a-spacing-none column-description\">\n<p class=\"aplus-p3\">Medan du vandrar, campar, jagar, fiskar, vandrar eller g\u00e5r p\u00e5 \u00e4ventyr, hj\u00e4lper det ocks\u00e5 till att h\u00e5lla dig s\u00e4ker. Detta \u00f6verlevnadskit kommer mer exakt att f\u00f6rmedla din tillgivenhet. Om det inte lever upp till dina f\u00f6rv\u00e4ntningar eller om du har n\u00e5gra problem, v\u00e4nligen kontakta oss s\u00e5 hj\u00e4lper vi dig.<\/p>\n<\/div>\n<\/div>\n<\/div>\n<\/div>\n<\/div>\n<\/div>\n<\/div>\n<\/div>\n<\/div>\n<\/div>\n<\/div>\n<\/div>\n<\/div>\n<\/div>\n<\/div>\n<\/div>\n<\/div>\n<\/div>\n<\/div>\n<\/div>\n<\/div>\n<\/div>\n<\/div>\n<\/div>\n<\/div>\n<\/div>\n<\/div>\n<\/div>\n<\/div>\n<\/div>\n","protected":false},"excerpt":{"rendered":"[embed]https:\/\/youtu.be\/CDQmXwTyde8?si=oXfXJ8mUfMmhLewN[\/embed]\n<p class=\"a-section a-spacing-none premium-aplus premium-aplus-module-3 aplus-container-1\" style=\"text-align: center;\">N\u00f6dsituation \u00d6verlevnads kit | Milit\u00e4r \u00f6verlevnadssats | N\u00f6d\u00f6verlevnadsutrustning &amp; fiskeutrustning f\u00f6r campingvandring Jakt utomhus\u00e4ventyr | \u00d6verlevnadsverktyg med Emergency Armband Whistle Ficklampa<\/p>\n<p style=\"text-align: center;\">GRATIS LEVERANS INOM 3-7 DAGAR<\/p>\n<h4 style=\"text-align: center;\"><strong>K\u00d6P DEN P\u00c5<\/strong><\/h4>\n<p><a href=\"https:\/\/www.amazon.se\/dp\/B0BPP3VJ3G?ref=myi_title_dp\"><img loading=\"lazy\" decoding=\"async\" class=\"aligncenter wp-image-1040 size-full\" src=\"https:\/\/isopllc.com\/se\/wp-content\/uploads\/sites\/10\/2020\/01\/amazon-button9.png\" alt=\"\" width=\"160\" height=\"59\" \/><\/a><\/p>\n","protected":false},"featured_media":4693,"comment_status":"open","ping_status":"closed","template":"","meta":[],"product_brand":[],"product_cat":[183],"product_tag":[134,137,34],"class_list":{"0":"post-4691","1":"product","2":"type-product","3":"status-publish","4":"has-post-thumbnail","6":"product_cat-raddnings-och-overlevnadsset","7":"product_tag-nodsituation","8":"product_tag-overlevnadskit","9":"product_tag-sakerhetsutrustning","11":"first","12":"instock","13":"shipping-taxable","14":"purchasable","15":"product-type-simple"},"_links":{"self":[{"href":"https:\/\/isopllc.com\/se\/wp-json\/wp\/v2\/product\/4691","targetHints":{"allow":["GET"]}}],"collection":[{"href":"https:\/\/isopllc.com\/se\/wp-json\/wp\/v2\/product"}],"about":[{"href":"https:\/\/isopllc.com\/se\/wp-json\/wp\/v2\/types\/product"}],"replies":[{"embeddable":true,"href":"https:\/\/isopllc.com\/se\/wp-json\/wp\/v2\/comments?post=4691"}],"wp:featuredmedia":[{"embeddable":true,"href":"https:\/\/isopllc.com\/se\/wp-json\/wp\/v2\/media\/4693"}],"wp:attachment":[{"href":"https:\/\/isopllc.com\/se\/wp-json\/wp\/v2\/media?parent=4691"}],"wp:term":[{"taxonomy":"product_brand","embeddable":true,"href":"https:\/\/isopllc.com\/se\/wp-json\/wp\/v2\/product_brand?post=4691"},{"taxonomy":"product_cat","embeddable":true,"href":"https:\/\/isopllc.com\/se\/wp-json\/wp\/v2\/product_cat?post=4691"},{"taxonomy":"product_tag","embeddable":true,"href":"https:\/\/isopllc.com\/se\/wp-json\/wp\/v2\/product_tag?post=4691"}],"curies":[{"name":"wp","href":"https:\/\/api.w.org\/{rel}","templated":true}]}}