{"id":4700,"date":"2023-01-21T16:33:42","date_gmt":"2023-01-21T16:33:42","guid":{"rendered":"https:\/\/isopllc.com\/se\/?post_type=product&#038;p=4700"},"modified":"2025-07-01T03:42:43","modified_gmt":"2025-07-01T03:42:43","slug":"overlevnadstalt-raddningsutrustning","status":"publish","type":"product","link":"https:\/\/isopllc.com\/se\/product\/overlevnadstalt-raddningsutrustning\/","title":{"rendered":"\u00d6verlevnadst\u00e4lt | R\u00e4ddningsutrustning"},"content":{"rendered":"<h2 class=\"text-weight-bold\">\u00d6verlevnadst\u00e4lt f\u00f6r n\u00f6dsituationer f\u00f6r 2 personer + 3 paracords, t\u00e4ltstakar, Glow Stick, visselpipa | 100 % vattent\u00e4tt t\u00e4lt | Ultral\u00e4tt och extra stor<\/h2>\n<div class=\"celwidget aplus-module premium-module-1-image-text aplus-premium\">\n<div class=\"a-section a-spacing-none premium-aplus premium-aplus-module-1 aplus-container-1\">\n<div class=\"a-section a-spacing-none aplus-display-table\">\n<div class=\"a-section a-spacing-none aplus-module-section aplus-display-table-cell aplus-image-section\"><img decoding=\"async\" class=\"\" src=\"https:\/\/m.media-amazon.com\/images\/S\/aplus-media-library-service-media\/6954aaee-621a-4a38-98ce-0a6faa609e88.__CR0,0,800,600_PT0_SX800_V1___.jpg\" alt=\"Emergency Survival Shelter Tent\" data-src=\"https:\/\/m.media-amazon.com\/images\/S\/aplus-media-library-service-media\/6954aaee-621a-4a38-98ce-0a6faa609e88.__CR0,0,800,600_PT0_SX800_V1___.jpg\" data- title=\"\"><\/div>\n<div class=\"a-section a-spacing-none aplus-module-section aplus-display-table-cell aplus-text-section-right\">\n<h1 class=\"aplus-h1 aplus-module-1-heading a-text-bold\">N\u00f6d\u00f6verlevnad Skydd T\u00e4lt + 3 paracords, t\u00e4ltstakar, Ljusstav, Vissla<\/h1>\n<p class=\"aplus-p2 aplus-module-1-description\">Detta kombopaket f\u00f6r n\u00f6dsituationer ger ett \u00f6verlevnadst\u00e4lt f\u00f6r skydd fr\u00e5n v\u00e4der och vind och f\u00f6r att h\u00e5lla dig varm genom att f\u00e5nga in din kroppsv\u00e4rme. Designad f\u00f6r n\u00f6dsituationer och \u00f6verlevnad, inkluderar fyra stakar, en \u00f6verlevnadsvisslinga, tv\u00e5 myggn\u00e4t och tv\u00e5 gl\u00f6dstift. Den livfulla orange f\u00e4rgen kan hj\u00e4lpa till vid s\u00f6kning och r\u00e4ddning. Tre nylon paracord dragsko och karbinhake clips kan anv\u00e4ndas f\u00f6r att s\u00e4kra eller reparera utrustning, bygga ett extra skydd.<\/p>\n<\/div>\n<\/div>\n<\/div>\n<\/div>\n<div class=\"celwidget aplus-module premium-module-1-image-text aplus-premium\">\n<div class=\"a-section a-spacing-none premium-aplus premium-aplus-module-1 aplus-container-1\">\n<div class=\"a-section a-spacing-none aplus-display-table\">\n<div class=\"a-section a-spacing-none aplus-module-section aplus-display-table-cell aplus-image-section\"><img decoding=\"async\" class=\"\" src=\"https:\/\/m.media-amazon.com\/images\/S\/aplus-media-library-service-media\/e853c2f4-1c4f-47b1-80c9-7af27f54599b.__CR0,0,800,600_PT0_SX800_V1___.jpg\" alt=\"Emergency Survival Shelter Tent\" data-src=\"https:\/\/m.media-amazon.com\/images\/S\/aplus-media-library-service-media\/e853c2f4-1c4f-47b1-80c9-7af27f54599b.__CR0,0,800,600_PT0_SX800_V1___.jpg\" data- title=\"\"><\/div>\n<div class=\"a-section a-spacing-none aplus-module-section aplus-display-table-cell aplus-text-section-right\">\n<h1 class=\"aplus-h1 aplus-module-1-heading a-text-bold\">100 % vattent\u00e4t, ultral\u00e4tt, kompakt och extra stor<\/h1>\n<p>Det ultral\u00e4tta t\u00e4ltet \u00e4r tillverkat av mylar med en riv- och punkteringsbest\u00e4ndig bel\u00e4ggning. Dessa n\u00f6dt\u00e4lt \u00e4r tillr\u00e4ckligt h\u00e5llbara f\u00f6r upprepad anv\u00e4ndning, s\u00e5 de kan f\u00e4llas ihop och l\u00e4ggas tillbaka i p\u00e5sen. Dessa \u00f6verlevnadsskydd kan bekv\u00e4mt f\u00e4stas p\u00e5 redskap f\u00f6r transport och \u00e4r tillr\u00e4ckligt kompakta f\u00f6r att placeras i en bil.<\/p>\n<p>Detta kit kommer att skydda dig mot REGN, VIND och sn\u00f6 samt ge skugga mot solen. Detta \u00e4r en livr\u00e4ddande kombination f\u00f6r en ensam person eller en grupp om tv\u00e5.<\/p>\n<\/div>\n<\/div>\n<\/div>\n<\/div>\n<div class=\"celwidget aplus-module premium-module-1-image-text aplus-premium\">\n<div class=\"a-section a-spacing-none premium-aplus premium-aplus-module-1 aplus-container-1\">\n<div class=\"a-section a-spacing-none aplus-display-table\">\n<div class=\"a-section a-spacing-none aplus-module-section aplus-display-table-cell aplus-image-section\"><img decoding=\"async\" class=\"\" src=\"https:\/\/m.media-amazon.com\/images\/S\/aplus-media-library-service-media\/5d6d0212-bf81-4e52-81ae-6e3da0c33896.__CR50,0,800,600_PT0_SX800_V1___.jpeg\" alt=\"Emergency Survival Shelter Tent\" data-src=\"https:\/\/m.media-amazon.com\/images\/S\/aplus-media-library-service-media\/5d6d0212-bf81-4e52-81ae-6e3da0c33896.__CR50,0,800,600_PT0_SX800_V1___.jpeg\" data- title=\"\"><\/div>\n<div class=\"a-section a-spacing-none aplus-module-section aplus-display-table-cell aplus-text-section-right\">\n<h1 class=\"aplus-h1 aplus-module-1-heading a-text-bold\">Multifunktionell n\u00f6dt\u00e4lt<\/h1>\n<p class=\"aplus-p2 aplus-module-1-description\">Ha i ryggs\u00e4cken f\u00f6r s\u00e4kerhets skull. F\u00f6rutom att h\u00e5lla dig varm och torr, har ISOP survival kit otaliga anv\u00e4ndningsomr\u00e5den i \u00f6verlevnadssituationer. Anv\u00e4nd som en sovs\u00e4cksfoder i ov\u00e4ntat kallt v\u00e4der f\u00f6r att f\u00f6rb\u00e4ttra din befintliga sovs\u00e4ck genom att \u00f6ka v\u00e4rmen och skydda mot yttre kondens. H\u00e5ll i bilen om du skulle fastna i en sn\u00f6storm, f\u00e5r slut p\u00e5 bensin eller r\u00e5kar ut f\u00f6r en bilolycka under vintern.<\/p>\n<\/div>\n<\/div>\n<\/div>\n<\/div>\n<div class=\"celwidget aplus-module premium-module-15-text aplus-premium\">\n<div class=\"a-section a-spacing-none premium-aplus premium-aplus-module-15\">\n<div class=\"a-section a-spacing-none\">\n<div class=\"a-section a-spacing-none aplus-module-section aplus-display-table-cell aplus-image-section\"><img decoding=\"async\" class=\"\" src=\"https:\/\/m.media-amazon.com\/images\/S\/aplus-media-library-service-media\/46b5cc5a-a1ff-413c-b08e-d4adb4e923e5.__CR0,0,1200,900_PT0_SX800_V1___.jpg\" alt=\"Emergency Survival Shelter Tent for 2 People\" data-src=\"https:\/\/m.media-amazon.com\/images\/S\/aplus-media-library-service-media\/46b5cc5a-a1ff-413c-b08e-d4adb4e923e5.__CR0,0,1200,900_PT0_SX800_V1___.jpg\" data- title=\"\"><\/div>\n<div class=\"a-section a-spacing-none aplus-module-section aplus-display-table-cell aplus-text-section-right\">\n<h1 class=\"aplus-h1 aplus-module-1-heading a-text-bold\">Or\u00e4kneliga anv\u00e4ndningsomr\u00e5den:<\/h1>\n<p class=\"aplus-p2 aplus-module-1-description\">Ryggs\u00e4cks\u00f6verdrag; Regn poncho; N\u00f6dsignal; Solugn; Fiskedrag; F\u00e5gelavst\u00f6tande; N\u00f6dboende; Sovs\u00e4ck Linne; Markskydd; Vindblockerare; Arm Sling; Tourniquet; Trail Marker; Vattenuppsamlare; Sn\u00f6sm\u00e4ltningsbeh\u00e5llare; Bilf\u00f6nster solskydd; Solljusreflektor; Matkonserverande lock.<\/p>\n<\/div>\n<\/div>\n<\/div>\n<\/div>\n","protected":false},"excerpt":{"rendered":"<p id=\"reconcile-item-title\" class=\"text-weight-bold\" style=\"text-align: center;\">Akut\u00f6verlevnadst\u00e4ltskydd f\u00f6r 2 personer + 3 paracorder, t\u00e4ltp\u00e5lar, Glow Stick, visselpipa | 100 % vattent\u00e4tt t\u00e4lt | Ultral\u00e4tt och extra stor<\/p>\n<p style=\"text-align: center;\">GRATIS LEVERANS INOM 3-7 DAGAR<\/p>\n<h4 style=\"text-align: center;\"><strong>K\u00d6P DEN P\u00c5<\/strong><\/h4>\n<p><a href=\"https:\/\/www.amazon.se\/dp\/B0BNPZF57C?ref=myi_title_dp\"><img loading=\"lazy\" decoding=\"async\" class=\"aligncenter wp-image-1040 size-full\" src=\"https:\/\/isopllc.com\/se\/wp-content\/uploads\/sites\/10\/2020\/01\/amazon-button9.png\" alt=\"\" width=\"160\" height=\"59\" \/><\/a><\/p>\n<p style=\"text-align: center;\">\n","protected":false},"featured_media":4701,"comment_status":"open","ping_status":"closed","template":"","meta":[],"product_brand":[],"product_cat":[183],"product_tag":[143,144,145],"class_list":{"0":"post-4700","1":"product","2":"type-product","3":"status-publish","4":"has-post-thumbnail","6":"product_cat-raddnings-och-overlevnadsset","7":"product_tag-overlevnadstalt","8":"product_tag-raddningsutrustning","9":"product_tag-sakerhetstalt","11":"first","12":"instock","13":"shipping-taxable","14":"purchasable","15":"product-type-simple"},"_links":{"self":[{"href":"https:\/\/isopllc.com\/se\/wp-json\/wp\/v2\/product\/4700","targetHints":{"allow":["GET"]}}],"collection":[{"href":"https:\/\/isopllc.com\/se\/wp-json\/wp\/v2\/product"}],"about":[{"href":"https:\/\/isopllc.com\/se\/wp-json\/wp\/v2\/types\/product"}],"replies":[{"embeddable":true,"href":"https:\/\/isopllc.com\/se\/wp-json\/wp\/v2\/comments?post=4700"}],"wp:featuredmedia":[{"embeddable":true,"href":"https:\/\/isopllc.com\/se\/wp-json\/wp\/v2\/media\/4701"}],"wp:attachment":[{"href":"https:\/\/isopllc.com\/se\/wp-json\/wp\/v2\/media?parent=4700"}],"wp:term":[{"taxonomy":"product_brand","embeddable":true,"href":"https:\/\/isopllc.com\/se\/wp-json\/wp\/v2\/product_brand?post=4700"},{"taxonomy":"product_cat","embeddable":true,"href":"https:\/\/isopllc.com\/se\/wp-json\/wp\/v2\/product_cat?post=4700"},{"taxonomy":"product_tag","embeddable":true,"href":"https:\/\/isopllc.com\/se\/wp-json\/wp\/v2\/product_tag?post=4700"}],"curies":[{"name":"wp","href":"https:\/\/api.w.org\/{rel}","templated":true}]}}