{"id":4724,"date":"2023-01-27T17:48:15","date_gmt":"2023-01-27T17:48:15","guid":{"rendered":"https:\/\/isopllc.com\/se\/?post_type=product&#038;p=4724"},"modified":"2025-07-01T03:42:32","modified_gmt":"2025-07-01T03:42:32","slug":"backpacking-spis-hopfallbar-kaffemugg","status":"publish","type":"product","link":"https:\/\/isopllc.com\/se\/product\/backpacking-spis-hopfallbar-kaffemugg\/","title":{"rendered":"Backpacking spis &#038; hopf\u00e4llbar kaffemugg"},"content":{"rendered":"<div class=\"celwidget aplus-module premium-module-3-four-column-images aplus-premium\" data-csa-c-id=\"5x7ui9-ius50c-ssm1r8-66oj1i\" data-cel-widget=\"aplus-premium-module-3-four-column-images\">\n<h1 class=\"a-section a-spacing-none premium-aplus premium-aplus-module-3 aplus-container-1\">Backpacking spis &amp; hopf\u00e4llbar kaffemugg &#8211; B\u00e4rbar campingspis &#8211; Liten spis Enbr\u00e4nnare f\u00f6r br\u00e4nslebeh\u00e5llare &#8211; Mini Pocket-panna f\u00f6r vandring och gasmatlagning &#8211; Kompatibel med 4 vanliga typer av campingspisbr\u00e4nslen<\/h1>\n<\/div>\n<div class=\"celwidget aplus-module premium-module-4-two-column-images aplus-premium\" data-csa-c-id=\"c2v7oo-xov140-stsvaj-fyaclr\" data-cel-widget=\"aplus-premium-module-4-two-column-images\">\n<div class=\"a-section a-spacing-none premium-aplus premium-aplus-module-4 aplus-container-1\">\n<div class=\"a-section a-spacing-none premium-aplus-two-column\">\n<div class=\"a-section a-spacing-none premium-aplus-column\">\n<div class=\"a-section a-spacing-none {'column-image'}\"><img decoding=\"async\" class=\"\" src=\"https:\/\/m.media-amazon.com\/images\/S\/aplus-media-library-service-media\/b2d9490f-a40f-4e8c-8db4-e99a05f9a2bc.__CR59,18,657,354_PT0_SX650_V1___.jpg\" alt=\"Small Stove Single Burner for Fuel Canister\" data-src=\"https:\/\/m.media-amazon.com\/images\/S\/aplus-media-library-service-media\/b2d9490f-a40f-4e8c-8db4-e99a05f9a2bc.__CR59,18,657,354_PT0_SX650_V1___.jpg\" data- title=\"\"><\/div>\n<div class=\"a-section a-spacing-none column-heading\"><\/div>\n<div class=\"a-section a-spacing-none column-description\">\n<p class=\"aplus-p3\">Den kompakta primuskaminen fr\u00e5n ISOP \u00e4r perfekt f\u00f6r resor eller camping. Det h\u00e4nder ofta n\u00e4r man \u00e4r i fj\u00e4llen eller i naturen man vill ha en kopp varmt te eller kaffe, med v\u00e5r minispis och en kopp f\u00e5r man det.<\/p>\n<\/div>\n<\/div>\n<div class=\"a-section a-spacing-none premium-aplus-column\">\n<div class=\"a-section a-spacing-none {'column-image'}\"><img decoding=\"async\" class=\"\" src=\"https:\/\/m.media-amazon.com\/images\/S\/aplus-media-library-service-media\/faa31d46-35b8-4347-b136-6915e89a2bdb.__CR0,0,650,350_PT0_SX650_V1___.jpg\" alt=\"Collapsible Cup for Travel - Silicone Camping Mug\" data-src=\"https:\/\/m.media-amazon.com\/images\/S\/aplus-media-library-service-media\/faa31d46-35b8-4347-b136-6915e89a2bdb.__CR0,0,650,350_PT0_SX650_V1___.jpg\" data- title=\"\"><\/div>\n<div class=\"a-section a-spacing-none column-heading\"><\/div>\n<div class=\"a-section a-spacing-none column-description\">\n<p class=\"aplus-p3\">Den hopf\u00e4llbara koppen f\u00f6r resor \u00e4r gjord av livsmedelsklassat silikonmaterial, vilket \u00e4r ganska s\u00e4kert att anv\u00e4nda utan skadliga tillsatser. Ingen plast, inga konstiga kemikalier och inget du inte vill ha i din kropp. Bara du och din favoritdrink.<\/p>\n<\/div>\n<\/div>\n<\/div>\n<\/div>\n<\/div>\n<div class=\"celwidget aplus-module premium-module-4-two-column-images aplus-premium\" data-csa-c-id=\"x4ph9p-q838io-prcyjw-2cnwk\" data-cel-widget=\"aplus-premium-module-4-two-column-images\">\n<div class=\"a-section a-spacing-none premium-aplus premium-aplus-module-4 aplus-container-1\">\n<div class=\"a-section a-spacing-none premium-aplus-two-column\">\n<div class=\"a-section a-spacing-none premium-aplus-column\">\n<div class=\"a-section a-spacing-none {'column-image'}\"><img decoding=\"async\" class=\"\" src=\"https:\/\/m.media-amazon.com\/images\/S\/aplus-media-library-service-media\/9a39e5ee-03de-46e9-8a9a-72cdfe8e652c.__CR0,0,650,350_PT0_SX650_V1___.jpg\" alt=\"Camping Stove\" data-src=\"https:\/\/m.media-amazon.com\/images\/S\/aplus-media-library-service-media\/9a39e5ee-03de-46e9-8a9a-72cdfe8e652c.__CR0,0,650,350_PT0_SX650_V1___.jpg\" data- title=\"\"><\/div>\n<div class=\"a-section a-spacing-none column-heading\"><\/div>\n<div class=\"a-section a-spacing-none column-description\">\n<p class=\"aplus-p3\">\u00c4ven om du sitter p\u00e5 verandan hemma eller p\u00e5 bakg\u00e5rden och k\u00e4nner f\u00f6r lite varmt kaffe eller te beh\u00f6ver du inte springa hem och st\u00e5 vid vattenkokaren tills det kokar, med hj\u00e4lp av v\u00e5r primus spis kan du g\u00f6ra te direkt p\u00e5 fl\u00e4ck.<\/p>\n<\/div>\n<\/div>\n<div class=\"a-section a-spacing-none premium-aplus-column\">\n<div class=\"a-section a-spacing-none {'column-image'}\"><img decoding=\"async\" class=\"\" src=\"https:\/\/m.media-amazon.com\/images\/S\/aplus-media-library-service-media\/2089eee2-c4f6-43a7-b0b4-ec4f2f557636.__CR0,69,750,404_PT0_SX650_V1___.jpg\" alt=\"fuel mini stove\" data-src=\"https:\/\/m.media-amazon.com\/images\/S\/aplus-media-library-service-media\/2089eee2-c4f6-43a7-b0b4-ec4f2f557636.__CR0,69,750,404_PT0_SX650_V1___.jpg\" data- title=\"\"><\/div>\n<div class=\"a-section a-spacing-none column-heading\"><\/div>\n<div class=\"a-section a-spacing-none column-description\">\n<p>Den \u00e4r kompakt, l\u00e4tt, hopf\u00e4llbar och mycket h\u00e5llbar. I huvudsak eviga. I en vandringsryggs\u00e4ck tar den n\u00e4stan ingen plats och \u00e4r oumb\u00e4rlig f\u00f6r alla \u00f6verlevnadssatser!<\/p>\n<p>Bensintank ing\u00e5r ej.<\/p>\n<\/div>\n<\/div>\n<\/div>\n<\/div>\n<\/div>\n","protected":false},"excerpt":{"rendered":"<p id=\"reconcile-item-title\" class=\"text-weight-bold\" style=\"text-align: center;\">Backpacking spis &amp; hopf\u00e4llbar kaffemugg &#8211; B\u00e4rbar campingspis &#8211; Liten spis Enbr\u00e4nnare f\u00f6r br\u00e4nslebeh\u00e5llare &#8211; Mini Pocket-panna f\u00f6r vandring och gasmatlagning &#8211; Kompatibel med 4 vanliga typer av campingspisbr\u00e4nslen<\/p>\n<p style=\"text-align: center;\">GRATIS LEVERANS INOM 3-7 DAGAR<\/p>\n<h4 style=\"text-align: center;\"><strong>K\u00d6P DEN P\u00c5<\/strong><\/h4>\n<p><a href=\"https:\/\/www.amazon.se\/dp\/B0BNQJ4CVJ?ref=myi_title_dp\"><img loading=\"lazy\" decoding=\"async\" class=\"aligncenter wp-image-1040 size-full\" src=\"https:\/\/isopllc.com\/se\/wp-content\/uploads\/sites\/10\/2020\/01\/amazon-button9.png\" alt=\"\" width=\"160\" height=\"59\" \/><\/a><\/p>\n","protected":false},"featured_media":4725,"comment_status":"open","ping_status":"closed","template":"","meta":[],"product_brand":[],"product_cat":[183],"product_tag":[39,41,40],"class_list":{"0":"post-4724","1":"product","2":"type-product","3":"status-publish","4":"has-post-thumbnail","6":"product_cat-raddnings-och-overlevnadsset","7":"product_tag-backpacking-spis","8":"product_tag-campingutrustning","9":"product_tag-hopfallbar-kaffemugg","11":"first","12":"instock","13":"shipping-taxable","14":"purchasable","15":"product-type-simple"},"_links":{"self":[{"href":"https:\/\/isopllc.com\/se\/wp-json\/wp\/v2\/product\/4724","targetHints":{"allow":["GET"]}}],"collection":[{"href":"https:\/\/isopllc.com\/se\/wp-json\/wp\/v2\/product"}],"about":[{"href":"https:\/\/isopllc.com\/se\/wp-json\/wp\/v2\/types\/product"}],"replies":[{"embeddable":true,"href":"https:\/\/isopllc.com\/se\/wp-json\/wp\/v2\/comments?post=4724"}],"wp:featuredmedia":[{"embeddable":true,"href":"https:\/\/isopllc.com\/se\/wp-json\/wp\/v2\/media\/4725"}],"wp:attachment":[{"href":"https:\/\/isopllc.com\/se\/wp-json\/wp\/v2\/media?parent=4724"}],"wp:term":[{"taxonomy":"product_brand","embeddable":true,"href":"https:\/\/isopllc.com\/se\/wp-json\/wp\/v2\/product_brand?post=4724"},{"taxonomy":"product_cat","embeddable":true,"href":"https:\/\/isopllc.com\/se\/wp-json\/wp\/v2\/product_cat?post=4724"},{"taxonomy":"product_tag","embeddable":true,"href":"https:\/\/isopllc.com\/se\/wp-json\/wp\/v2\/product_tag?post=4724"}],"curies":[{"name":"wp","href":"https:\/\/api.w.org\/{rel}","templated":true}]}}