{"id":4735,"date":"2023-01-27T17:55:23","date_gmt":"2023-01-27T17:55:23","guid":{"rendered":"https:\/\/isopllc.com\/se\/?post_type=product&#038;p=4735"},"modified":"2025-07-01T03:42:22","modified_gmt":"2025-07-01T03:42:22","slug":"isop-camping-spis-resemuggsset","status":"publish","type":"product","link":"https:\/\/isopllc.com\/se\/product\/isop-camping-spis-resemuggsset\/","title":{"rendered":"ISOP Camping spis &#038; resemuggsset"},"content":{"rendered":"<h1 class=\"a-section a-spacing-none premium-aplus premium-aplus-module-3 aplus-container-1\">ISOP Camping Spis &amp; Resor Muggset &#8211; Mini B\u00e4rbar Spis resor kaffemugg &#8211; Spills\u00e4ker camping\/vandring\/backpacking spis &#8211; Rostfritt st\u00e5l Alkoholspis &amp; hopf\u00e4llbar kopp f\u00f6r resor &#8211; Campingmugg i silikon<\/h1>\n<div class=\"celwidget aplus-module premium-module-4-two-column-images aplus-premium\" data-csa-c-id=\"sdy05b-vrb5mv-3tmwc5-k338fj\">\n<div class=\"a-section a-spacing-none premium-aplus premium-aplus-module-4 aplus-container-1\">\n<div class=\"a-section a-spacing-none premium-aplus-two-column\">\n<div class=\"a-section a-spacing-none premium-aplus-column\">\n<div class=\"a-section a-spacing-none {'column-image'}\"><img decoding=\"async\" class=\"\" src=\"https:\/\/m.media-amazon.com\/images\/S\/aplus-media-library-service-media\/9bc7ce8d-f977-4807-9523-6a597f759391.__CR0,0,650,350_PT0_SX650_V1___.jpg\" alt=\"Camping Stove &amp; Travel Mug Set - Mini Portable Stove Travel Coffee Mug\" data-src=\"https:\/\/m.media-amazon.com\/images\/S\/aplus-media-library-service-media\/9bc7ce8d-f977-4807-9523-6a597f759391.__CR0,0,650,350_PT0_SX650_V1___.jpg\" data- title=\"\"><\/div>\n<div class=\"a-section a-spacing-none column-heading\"><\/div>\n<div class=\"a-section a-spacing-none column-description\">\n<p class=\"aplus-p3\">Stabil och stabil campingbr\u00e4nnare \u00e4r gjord av slitstarkt rostfritt st\u00e5l. Alkohol h\u00e4lls i mittbeh\u00e5llaren p\u00e5 minicampingspisen och t\u00e4nds sedan. \u00c5ngorna kommer ut fr\u00e5n en ring av sm\u00e5 h\u00e5l f\u00f6r att skapa en fin j\u00e4mn eld. Sl\u00e4ck genom att f\u00f6rsiktigt s\u00e4tta tillbaka locket \u00f6ver l\u00e5gorna och kv\u00e4va dem.<\/p>\n<\/div>\n<\/div>\n<div class=\"a-section a-spacing-none premium-aplus-column\">\n<div class=\"a-section a-spacing-none {'column-image'}\"><img decoding=\"async\" class=\"\" src=\"https:\/\/m.media-amazon.com\/images\/S\/aplus-media-library-service-media\/faa31d46-35b8-4347-b136-6915e89a2bdb.__CR0,0,650,350_PT0_SX650_V1___.jpg\" alt=\"Collapsible Cup for Travel - Silicone Camping Mug\" data-src=\"https:\/\/m.media-amazon.com\/images\/S\/aplus-media-library-service-media\/faa31d46-35b8-4347-b136-6915e89a2bdb.__CR0,0,650,350_PT0_SX650_V1___.jpg\" data- title=\"\"><\/div>\n<div class=\"a-section a-spacing-none column-heading\"><\/div>\n<div class=\"a-section a-spacing-none column-description\">\n<p class=\"aplus-p3\">Den hopf\u00e4llbara koppen f\u00f6r resor \u00e4r gjord av livsmedelsklassat silikonmaterial, vilket \u00e4r ganska s\u00e4kert att anv\u00e4nda utan skadliga tillsatser. Ingen plast, inga konstiga kemikalier och inget du inte vill ha i din kropp. Bara du och din favoritdrink.<\/p>\n<\/div>\n<\/div>\n<\/div>\n<\/div>\n<\/div>\n<div class=\"celwidget aplus-module premium-module-4-two-column-images aplus-premium\" data-csa-c-id=\"e5hmvm-44h78t-crc2qp-99d5vq\">\n<div class=\"a-section a-spacing-none premium-aplus premium-aplus-module-4 aplus-container-1\">\n<div class=\"a-section a-spacing-none premium-aplus-two-column\">\n<div class=\"a-section a-spacing-none premium-aplus-column\">\n<div class=\"a-section a-spacing-none {'column-image'}\"><img decoding=\"async\" class=\"\" src=\"https:\/\/m.media-amazon.com\/images\/S\/aplus-media-library-service-media\/b07733d2-7a18-4f2b-8ebc-2c79dfd37612.__CR0,0,650,350_PT0_SX650_V1___.jpg\" alt=\"Camping Stove &amp; Travel Mug Set - Mini Portable Stove Travel Coffee Mug\" data-src=\"https:\/\/m.media-amazon.com\/images\/S\/aplus-media-library-service-media\/b07733d2-7a18-4f2b-8ebc-2c79dfd37612.__CR0,0,650,350_PT0_SX650_V1___.jpg\" data- title=\"\"><\/div>\n<div class=\"a-section a-spacing-none column-heading\"><\/div>\n<div class=\"a-section a-spacing-none column-description\">\n<p class=\"aplus-p3\">Du kan grilla var som helst n\u00e4r som helst utomhus med denna minicampingspis med variabel temperatur. F\u00e4llbart handtag p\u00e5 flamregulatorn hj\u00e4lper till att kontrollera och uppr\u00e4tth\u00e5lla temperaturen efter dina behov. Mikrov\u00e5gsugn kaffemugg g\u00f6r det till kallt kaffe eller varmt te under dessa \u00e4ventyr.<\/p>\n<\/div>\n<\/div>\n<div class=\"a-section a-spacing-none premium-aplus-column\">\n<div class=\"a-section a-spacing-none {'column-image'}\"><img decoding=\"async\" class=\"\" src=\"https:\/\/m.media-amazon.com\/images\/S\/aplus-media-library-service-media\/1564a539-8573-458e-bd63-ed68d7c76394.__CR0,0,650,350_PT0_SX650_V1___.jpg\" alt=\"Camping Stove &amp; Travel Mug Set - Mini Portable Stove Travel Coffee Mug\" data-src=\"https:\/\/m.media-amazon.com\/images\/S\/aplus-media-library-service-media\/1564a539-8573-458e-bd63-ed68d7c76394.__CR0,0,650,350_PT0_SX650_V1___.jpg\" data- title=\"\"><\/div>\n<div class=\"a-section a-spacing-none column-heading\"><\/div>\n<div class=\"a-section a-spacing-none column-description\">\n<p class=\"aplus-p3\">Denna n\u00f6dkamin \u00e4r ett grundl\u00e4ggande verktyg som kan visa sig vara ganska v\u00e4rdefullt i alla n\u00f6dsituationer. Res med v\u00e5r b\u00e4rbara och l\u00e4tta utomhusspisbr\u00e4nnare f\u00f6r att njuta av vinterns frossa uppe i bergen. L\u00e4mplig f\u00f6r camping, vandring, picknick, grill, utomhus\u00f6verlevnad, roadtrips, vanliv och \u00e4ventyr.<\/p>\n<\/div>\n<\/div>\n<\/div>\n<\/div>\n<\/div>\n","protected":false},"excerpt":{"rendered":"<p class=\"a-section a-spacing-none premium-aplus premium-aplus-module-3 aplus-container-1\" style=\"text-align: center;\">ISOP Camping Spis &amp; Resor Muggset &#8211; Mini B\u00e4rbar Spis resor kaffemugg &#8211; Spills\u00e4ker camping\/vandring\/backpacking spis &#8211; Rostfritt st\u00e5l Alkoholspis &amp; hopf\u00e4llbar kopp f\u00f6r resor &#8211; Campingmugg i silikon<\/p>\n<p style=\"text-align: center;\">GRATIS LEVERANS INOM 3-7 DAGAR<\/p>\n<h4 style=\"text-align: center;\"><strong>K\u00d6P DEN P\u00c5<\/strong><br \/>\n<a href=\"https:\/\/www.amazon.se\/dp\/B0BNQJ1H8P?ref=myi_title_dp\"><img loading=\"lazy\" decoding=\"async\" class=\"aligncenter wp-image-1040 size-full\" src=\"https:\/\/isopllc.com\/se\/wp-content\/uploads\/sites\/10\/2020\/01\/amazon-button9.png\" alt=\"\" width=\"160\" height=\"59\" \/><\/a><\/h4>\n","protected":false},"featured_media":4736,"comment_status":"open","ping_status":"closed","template":"","meta":[],"product_brand":[],"product_cat":[183],"product_tag":[119,102,120,121],"class_list":{"0":"post-4735","1":"product","2":"type-product","3":"status-publish","4":"has-post-thumbnail","6":"product_cat-raddnings-och-overlevnadsset","7":"product_tag-camping-spis","8":"product_tag-isop","9":"product_tag-resemuggsset","10":"product_tag-utomhusutrustning","12":"first","13":"instock","14":"shipping-taxable","15":"purchasable","16":"product-type-simple"},"_links":{"self":[{"href":"https:\/\/isopllc.com\/se\/wp-json\/wp\/v2\/product\/4735","targetHints":{"allow":["GET"]}}],"collection":[{"href":"https:\/\/isopllc.com\/se\/wp-json\/wp\/v2\/product"}],"about":[{"href":"https:\/\/isopllc.com\/se\/wp-json\/wp\/v2\/types\/product"}],"replies":[{"embeddable":true,"href":"https:\/\/isopllc.com\/se\/wp-json\/wp\/v2\/comments?post=4735"}],"wp:featuredmedia":[{"embeddable":true,"href":"https:\/\/isopllc.com\/se\/wp-json\/wp\/v2\/media\/4736"}],"wp:attachment":[{"href":"https:\/\/isopllc.com\/se\/wp-json\/wp\/v2\/media?parent=4735"}],"wp:term":[{"taxonomy":"product_brand","embeddable":true,"href":"https:\/\/isopllc.com\/se\/wp-json\/wp\/v2\/product_brand?post=4735"},{"taxonomy":"product_cat","embeddable":true,"href":"https:\/\/isopllc.com\/se\/wp-json\/wp\/v2\/product_cat?post=4735"},{"taxonomy":"product_tag","embeddable":true,"href":"https:\/\/isopllc.com\/se\/wp-json\/wp\/v2\/product_tag?post=4735"}],"curies":[{"name":"wp","href":"https:\/\/api.w.org\/{rel}","templated":true}]}}