{"id":4755,"date":"2023-02-22T16:40:34","date_gmt":"2023-02-22T16:40:34","guid":{"rendered":"https:\/\/isopllc.com\/se\/?post_type=product&#038;p=4755"},"modified":"2025-07-01T03:42:12","modified_gmt":"2025-07-01T03:42:12","slug":"liten-forsta-hjalpen-kit-220-st","status":"publish","type":"product","link":"https:\/\/isopllc.com\/se\/product\/liten-forsta-hjalpen-kit-220-st\/","title":{"rendered":"Liten f\u00f6rsta hj\u00e4lpen-kit 220 st"},"content":{"rendered":"<h1>Liten f\u00f6rsta hj\u00e4lpen-kit | 220 st Grundl\u00e4ggande N\u00f6dsituation Trauma Medicinsk tillbeh\u00f6r| F\u00f6rpackad i en r\u00f6d vattent\u00e4t l\u00e5da | Perfekt f\u00f6r bil hemmakontor resor utomhus camping vandring Mini f\u00f6rsta hj\u00e4lpen set<\/h1>\n<p><img loading=\"lazy\" decoding=\"async\" class=\"alignnone wp-image-4760\" src=\"https:\/\/isopllc.com\/se\/wp-content\/uploads\/sites\/10\/2023\/02\/first-aid-kit-1-1-300x225.jpg\" alt=\"\" width=\"340\" height=\"255\" title=\"\"><\/p>\n<h2>V\u00e4sentligt trauma Medicinskt kit<\/h2>\n<p>Det \u00e4r viktigt att ha r\u00e4tt f\u00f6rn\u00f6denheter s\u00e5 att du kan reagera snabbt och effektivt n\u00e4r en n\u00f6dsituation uppst\u00e5r. V\u00e5rt kit ger dig de n\u00f6dv\u00e4ndiga verktygen f\u00f6r att behandla mindre skador och sjukdomar, samt grundl\u00e4ggande medicinska f\u00f6rn\u00f6denheter f\u00f6r mer allvarliga situationer. Genom att ha ett f\u00f6rsta hj\u00e4lpen-kit till hands kan du s\u00e4kerst\u00e4lla att du \u00e4r f\u00f6rberedd p\u00e5 alla medicinska n\u00f6dsituationer. Att ha ett medicinskt f\u00f6rs\u00f6rjningspaket f\u00f6r akut trauma ger trygghet i att veta att du kan svara om det beh\u00f6vs.<\/p>\n<p><img loading=\"lazy\" decoding=\"async\" class=\"alignnone size-medium wp-image-4757\" src=\"https:\/\/isopllc.com\/se\/wp-content\/uploads\/sites\/10\/2023\/02\/first-aid-kit-2-300x225.jpg\" alt=\"\" width=\"300\" height=\"225\" title=\"\" srcset=\"https:\/\/isopllc.com\/se\/wp-content\/uploads\/sites\/10\/2023\/02\/first-aid-kit-2-300x225.jpg 300w, https:\/\/isopllc.com\/se\/wp-content\/uploads\/sites\/10\/2023\/02\/first-aid-kit-2-768x576.jpg 768w, https:\/\/isopllc.com\/se\/wp-content\/uploads\/sites\/10\/2023\/02\/first-aid-kit-2-416x312.jpg 416w, https:\/\/isopllc.com\/se\/wp-content\/uploads\/sites\/10\/2023\/02\/first-aid-kit-2.jpg 800w\" sizes=\"auto, (max-width: 300px) 100vw, 300px\" \/><\/p>\n<h2>H\u00e5llbar och vattent\u00e4t<\/h2>\n<p>ISOP f\u00f6rsta hj\u00e4lpen kit \u00e4r ett utm\u00e4rkt val f\u00f6r dem som ofta \u00e4r p\u00e5 spr\u00e5ng. Om du vandrar, campar eller reser \u00e4r ett kompakt f\u00f6rsta hj\u00e4lpen-kit viktigt f\u00f6r att s\u00e4kerst\u00e4lla att du har de n\u00f6dv\u00e4ndiga f\u00f6rn\u00f6denheterna f\u00f6r att behandla mindre skador och sjukdomar.<\/p>\n<p>Den vattent\u00e4ta skyddar inneh\u00e5llet fr\u00e5n fukt och h\u00e5ller dem s\u00e4kert under alla v\u00e4derf\u00f6rh\u00e5llanden. Detta ger dig sinnesfrid att till fullo njuta av utomhusaktiviteter eller resor utan att beh\u00f6va oroa dig f\u00f6r dina f\u00f6rsta hj\u00e4lpen-tillbeh\u00f6r.<\/p>\n<p><img loading=\"lazy\" decoding=\"async\" class=\"alignnone size-medium wp-image-4758\" src=\"https:\/\/isopllc.com\/se\/wp-content\/uploads\/sites\/10\/2023\/02\/first-aid-kit-3-300x225.jpg\" alt=\"\" width=\"300\" height=\"225\" title=\"\"><\/p>\n<h2>Idealisk f\u00f6r olika tillf\u00e4llen<\/h2>\n<p>Den kompakta storleken och m\u00e5ngsidigheten hos detta mini f\u00f6rsta hj\u00e4lpen kit g\u00f6r det till ett utm\u00e4rkt val f\u00f6r en m\u00e4ngd olika tillf\u00e4llen. Oavsett om du \u00e4r hemma, p\u00e5 kontoret, p\u00e5 resande fot eller ute i naturen, ger detta kit de n\u00f6dv\u00e4ndiga f\u00f6rn\u00f6denheter du beh\u00f6ver. Detta g\u00f6r det till en utm\u00e4rkt investering f\u00f6r alla som letar efter en bekv\u00e4m och b\u00e4rbar l\u00f6sning f\u00f6r sina f\u00f6rsta hj\u00e4lpen-behov. Med sin f\u00f6rm\u00e5ga att anv\u00e4ndas i en m\u00e4ngd olika milj\u00f6er, \u00e4r detta mini f\u00f6rsta hj\u00e4lpen kit verkligen ett idealiskt val f\u00f6r dina medicinska behov n\u00e4r du \u00e4r p\u00e5 spr\u00e5ng.<\/p>\n<p><img loading=\"lazy\" decoding=\"async\" class=\"alignnone size-medium wp-image-4759\" src=\"https:\/\/isopllc.com\/se\/wp-content\/uploads\/sites\/10\/2023\/02\/first-aid-kit-4-300x225.jpg\" alt=\"\" width=\"300\" height=\"225\" title=\"\" srcset=\"https:\/\/isopllc.com\/se\/wp-content\/uploads\/sites\/10\/2023\/02\/first-aid-kit-4-300x225.jpg 300w, https:\/\/isopllc.com\/se\/wp-content\/uploads\/sites\/10\/2023\/02\/first-aid-kit-4-768x576.jpg 768w, https:\/\/isopllc.com\/se\/wp-content\/uploads\/sites\/10\/2023\/02\/first-aid-kit-4-416x312.jpg 416w, https:\/\/isopllc.com\/se\/wp-content\/uploads\/sites\/10\/2023\/02\/first-aid-kit-4.jpg 800w\" sizes=\"auto, (max-width: 300px) 100vw, 300px\" \/><\/p>\n<h2>H\u00e5ll dina n\u00e4ra och k\u00e4ra s\u00e4kra<\/h2>\n<p>Detta \u00e4r viktigt, eftersom att ha ett litet f\u00f6rsta hj\u00e4lpen-kit l\u00e4tt tillg\u00e4ngligt kan ge sinnesfrid och s\u00e4kerst\u00e4lla att du och dina n\u00e4ra och k\u00e4ra \u00e4r f\u00f6rberedda f\u00f6r alla mindre n\u00f6dsituationer som kan uppst\u00e5.<\/p>\n<p>Den kompakta och b\u00e4rbara designen av detta kit g\u00f6r det l\u00e4tt att b\u00e4ra med dig, s\u00e5 att du kan ha det till hands n\u00e4r du beh\u00f6ver det. Genom att h\u00e5lla dina n\u00e4ra och k\u00e4ra s\u00e4kra och s\u00e4kra med det lilla f\u00f6rsta hj\u00e4lpen-kit, kan du k\u00e4nna dig trygg och f\u00f6rberedd f\u00f6r alla situationer.<\/p>\n<p>&nbsp;<\/p>\n","protected":false},"excerpt":{"rendered":"<p class=\"a-section a-spacing-none premium-aplus premium-aplus-module-3 aplus-container-1\" style=\"text-align: center;\">Liten f\u00f6rsta hj\u00e4lpen-kit | 220 st Grundl\u00e4ggande N\u00f6dsituation Trauma Medicinsk tillbeh\u00f6r| F\u00f6rpackad i en r\u00f6d vattent\u00e4t l\u00e5da | Perfekt f\u00f6r bil hemmakontor resor utomhus camping vandring Mini f\u00f6rsta hj\u00e4lpen set<\/p>\n<p style=\"text-align: center;\">GRATIS LEVERANS INOM 3-7 DAGAR<\/p>\n<h4 style=\"text-align: center;\"><strong>K\u00d6P DEN P\u00c5<\/strong><br \/>\n<a href=\"https:\/\/www.amazon.se\/dp\/B0BNKH4GP4?ref=myi_title_dp\"><img loading=\"lazy\" decoding=\"async\" class=\"aligncenter wp-image-1040 size-full\" src=\"https:\/\/isopllc.com\/se\/wp-content\/uploads\/sites\/10\/2020\/01\/amazon-button9.png\" alt=\"\" width=\"160\" height=\"59\" \/><\/a><\/h4>\n","protected":false},"featured_media":4765,"comment_status":"open","ping_status":"closed","template":"","meta":[],"product_brand":[],"product_cat":[183],"product_tag":[133,62,134,34],"class_list":{"0":"post-4755","1":"product","2":"type-product","3":"status-publish","4":"has-post-thumbnail","6":"product_cat-raddnings-och-overlevnadsset","7":"product_tag-forsta-hjalpen-kit","8":"product_tag-liten","9":"product_tag-nodsituation","10":"product_tag-sakerhetsutrustning","12":"first","13":"instock","14":"shipping-taxable","15":"purchasable","16":"product-type-simple"},"_links":{"self":[{"href":"https:\/\/isopllc.com\/se\/wp-json\/wp\/v2\/product\/4755","targetHints":{"allow":["GET"]}}],"collection":[{"href":"https:\/\/isopllc.com\/se\/wp-json\/wp\/v2\/product"}],"about":[{"href":"https:\/\/isopllc.com\/se\/wp-json\/wp\/v2\/types\/product"}],"replies":[{"embeddable":true,"href":"https:\/\/isopllc.com\/se\/wp-json\/wp\/v2\/comments?post=4755"}],"wp:featuredmedia":[{"embeddable":true,"href":"https:\/\/isopllc.com\/se\/wp-json\/wp\/v2\/media\/4765"}],"wp:attachment":[{"href":"https:\/\/isopllc.com\/se\/wp-json\/wp\/v2\/media?parent=4755"}],"wp:term":[{"taxonomy":"product_brand","embeddable":true,"href":"https:\/\/isopllc.com\/se\/wp-json\/wp\/v2\/product_brand?post=4755"},{"taxonomy":"product_cat","embeddable":true,"href":"https:\/\/isopllc.com\/se\/wp-json\/wp\/v2\/product_cat?post=4755"},{"taxonomy":"product_tag","embeddable":true,"href":"https:\/\/isopllc.com\/se\/wp-json\/wp\/v2\/product_tag?post=4755"}],"curies":[{"name":"wp","href":"https:\/\/api.w.org\/{rel}","templated":true}]}}