{"id":4776,"date":"2023-03-10T14:58:25","date_gmt":"2023-03-10T14:58:25","guid":{"rendered":"https:\/\/isopllc.com\/se\/?post_type=product&#038;p=4776"},"modified":"2025-07-01T03:42:03","modified_gmt":"2025-07-01T03:42:03","slug":"overlevnadsryggsack-full-av-redskap","status":"publish","type":"product","link":"https:\/\/isopllc.com\/se\/product\/overlevnadsryggsack-full-av-redskap\/","title":{"rendered":"\u00d6verlevnadsryggs\u00e4ck full av redskap"},"content":{"rendered":"<h1 id=\"title\" class=\"a-size-large a-spacing-none\"><span id=\"productTitle\" class=\"a-size-large product-title-word-break\">N\u00f6d\u00f6verlevnad | \u00d6verlevnadsutrustning f\u00f6r camping, vandring, jakt, utomhus\u00e4ventyr | \u00d6verlevnadsverktyg med n\u00f6dutrustning<\/span><\/h1>\n<h2>Vi presenterar den mest v\u00e4lutrustade \u00f6verlevnadsryggs\u00e4cken f\u00f6r alla tillf\u00e4llen<\/h2>\n<p>Jordb\u00e4vning, brand eller \u00f6versv\u00e4mning, detta set hj\u00e4lper dig att \u00f6verleva. \u00c4ven om du befinner dig p\u00e5 en \u00f6de \u00f6 som Robinson Crusoe har du alla verktyg f\u00f6r att \u00f6verleva. Nedan presenterar vi varje artikel i setet som vi noggrant valt separat och ber\u00e4ttar om alla m\u00f6jliga anv\u00e4ndningsomr\u00e5den f\u00f6r varje produkt, som f\u00f6rresten inte bara \u00e4r anv\u00e4ndbara i n\u00f6dsituationer, utan ocks\u00e5 i vardagen, camping, kl\u00e4ttring i bergen eller vandra med familjen.<\/p>\n<p><img loading=\"lazy\" decoding=\"async\" class=\"alignnone size-medium wp-image-4779\" src=\"https:\/\/isopllc.com\/se\/wp-content\/uploads\/sites\/10\/2023\/03\/Emergency-Survival-Kit-_-Emergency-Survival-Backpack-First-Aid-Equipment-for-Camping-Hiking-Outdoor-_-Survival-Emergency-Tools-for-Any-Occasion-_-Survival-Backpack-Full-of-Gear-2-300x300.jpg\" alt=\"\" width=\"300\" height=\"300\" title=\"\" srcset=\"https:\/\/isopllc.com\/se\/wp-content\/uploads\/sites\/10\/2023\/03\/Emergency-Survival-Kit-_-Emergency-Survival-Backpack-First-Aid-Equipment-for-Camping-Hiking-Outdoor-_-Survival-Emergency-Tools-for-Any-Occasion-_-Survival-Backpack-Full-of-Gear-2-300x300.jpg 300w, https:\/\/isopllc.com\/se\/wp-content\/uploads\/sites\/10\/2023\/03\/Emergency-Survival-Kit-_-Emergency-Survival-Backpack-First-Aid-Equipment-for-Camping-Hiking-Outdoor-_-Survival-Emergency-Tools-for-Any-Occasion-_-Survival-Backpack-Full-of-Gear-2-150x150.jpg 150w, https:\/\/isopllc.com\/se\/wp-content\/uploads\/sites\/10\/2023\/03\/Emergency-Survival-Kit-_-Emergency-Survival-Backpack-First-Aid-Equipment-for-Camping-Hiking-Outdoor-_-Survival-Emergency-Tools-for-Any-Occasion-_-Survival-Backpack-Full-of-Gear-2-768x768.jpg 768w, https:\/\/isopllc.com\/se\/wp-content\/uploads\/sites\/10\/2023\/03\/Emergency-Survival-Kit-_-Emergency-Survival-Backpack-First-Aid-Equipment-for-Camping-Hiking-Outdoor-_-Survival-Emergency-Tools-for-Any-Occasion-_-Survival-Backpack-Full-of-Gear-2-416x416.jpg 416w, https:\/\/isopllc.com\/se\/wp-content\/uploads\/sites\/10\/2023\/03\/Emergency-Survival-Kit-_-Emergency-Survival-Backpack-First-Aid-Equipment-for-Camping-Hiking-Outdoor-_-Survival-Emergency-Tools-for-Any-Occasion-_-Survival-Backpack-Full-of-Gear-2-100x100.jpg 100w, https:\/\/isopllc.com\/se\/wp-content\/uploads\/sites\/10\/2023\/03\/Emergency-Survival-Kit-_-Emergency-Survival-Backpack-First-Aid-Equipment-for-Camping-Hiking-Outdoor-_-Survival-Emergency-Tools-for-Any-Occasion-_-Survival-Backpack-Full-of-Gear-2.jpg 900w\" sizes=\"auto, (max-width: 300px) 100vw, 300px\" \/><\/p>\n<h2>N\u00f6dsituation \u00d6verlevnad ryggs\u00e4ck<\/h2>\n<p>Multifunktionellt uppdaterad Tactics Kit \u00e4r ett 32-i-1 multiprofessionellt n\u00f6d\u00f6verlevnadspaket som inneh\u00e5ller \u00f6verlevnadsutrustning utomhus som \u00e4r avg\u00f6rande f\u00f6r camping, fiske, jakt, motorcykelresor, vildmarksutflykter, vandring och \u00f6verlevnadsscenarier. Det \u00e4r en fantastisk \u00f6verraskning och gadget f\u00f6r alla.<\/p>\n<p><img loading=\"lazy\" decoding=\"async\" class=\"alignnone size-medium wp-image-4809\" src=\"https:\/\/isopllc.com\/se\/wp-content\/uploads\/sites\/10\/2023\/03\/IMG-2855-1-225x300.jpg\" alt=\"\" width=\"225\" height=\"300\" title=\"\" srcset=\"https:\/\/isopllc.com\/se\/wp-content\/uploads\/sites\/10\/2023\/03\/IMG-2855-1-225x300.jpg 225w, https:\/\/isopllc.com\/se\/wp-content\/uploads\/sites\/10\/2023\/03\/IMG-2855-1-768x1024.jpg 768w, https:\/\/isopllc.com\/se\/wp-content\/uploads\/sites\/10\/2023\/03\/IMG-2855-1-750x1000.jpg 750w, https:\/\/isopllc.com\/se\/wp-content\/uploads\/sites\/10\/2023\/03\/IMG-2855-1-416x555.jpg 416w, https:\/\/isopllc.com\/se\/wp-content\/uploads\/sites\/10\/2023\/03\/IMG-2855-1.jpg 1020w\" sizes=\"auto, (max-width: 225px) 100vw, 225px\" \/><\/p>\n<h2>Material av h\u00f6g kvalitet<\/h2>\n<p>V\u00e4derbest\u00e4ndiga material av h\u00f6gsta kvalitet anv\u00e4nds f\u00f6r att tillverka all \u00f6verlevnadsutrustning. Du kan forts\u00e4tta att \u00f6verleva med utrustningen f\u00f6r n\u00f6df\u00f6rn\u00f6denheter \u00e4ven efter l\u00e5ngvarig anv\u00e4ndning, vilket g\u00f6r att du kan dra nytta av m\u00f6jligheten att campa, \u00e5ka p\u00e5 \u00e4ventyr eller bestiga ett berg.<\/p>\n<p><img loading=\"lazy\" decoding=\"async\" class=\"alignnone size-medium wp-image-4778\" src=\"https:\/\/isopllc.com\/se\/wp-content\/uploads\/sites\/10\/2023\/03\/Emergency-Survival-Kit-_-Emergency-Survival-Backpack-First-Aid-Equipment-for-Camping-Hiking-Outdoor-_-Survival-Emergency-Tools-for-Any-Occasion-_-Survival-Backpack-Full-of-Gear-4-300x300.jpg\" alt=\"\" width=\"300\" height=\"300\" title=\"\" srcset=\"https:\/\/isopllc.com\/se\/wp-content\/uploads\/sites\/10\/2023\/03\/Emergency-Survival-Kit-_-Emergency-Survival-Backpack-First-Aid-Equipment-for-Camping-Hiking-Outdoor-_-Survival-Emergency-Tools-for-Any-Occasion-_-Survival-Backpack-Full-of-Gear-4-300x300.jpg 300w, https:\/\/isopllc.com\/se\/wp-content\/uploads\/sites\/10\/2023\/03\/Emergency-Survival-Kit-_-Emergency-Survival-Backpack-First-Aid-Equipment-for-Camping-Hiking-Outdoor-_-Survival-Emergency-Tools-for-Any-Occasion-_-Survival-Backpack-Full-of-Gear-4-150x150.jpg 150w, https:\/\/isopllc.com\/se\/wp-content\/uploads\/sites\/10\/2023\/03\/Emergency-Survival-Kit-_-Emergency-Survival-Backpack-First-Aid-Equipment-for-Camping-Hiking-Outdoor-_-Survival-Emergency-Tools-for-Any-Occasion-_-Survival-Backpack-Full-of-Gear-4-768x768.jpg 768w, https:\/\/isopllc.com\/se\/wp-content\/uploads\/sites\/10\/2023\/03\/Emergency-Survival-Kit-_-Emergency-Survival-Backpack-First-Aid-Equipment-for-Camping-Hiking-Outdoor-_-Survival-Emergency-Tools-for-Any-Occasion-_-Survival-Backpack-Full-of-Gear-4-416x416.jpg 416w, https:\/\/isopllc.com\/se\/wp-content\/uploads\/sites\/10\/2023\/03\/Emergency-Survival-Kit-_-Emergency-Survival-Backpack-First-Aid-Equipment-for-Camping-Hiking-Outdoor-_-Survival-Emergency-Tools-for-Any-Occasion-_-Survival-Backpack-Full-of-Gear-4-100x100.jpg 100w, https:\/\/isopllc.com\/se\/wp-content\/uploads\/sites\/10\/2023\/03\/Emergency-Survival-Kit-_-Emergency-Survival-Backpack-First-Aid-Equipment-for-Camping-Hiking-Outdoor-_-Survival-Emergency-Tools-for-Any-Occasion-_-Survival-Backpack-Full-of-Gear-4.jpg 900w\" sizes=\"auto, (max-width: 300px) 100vw, 300px\" \/><\/p>\n<h2>\u00d6verlevnadsutrustning och fiskeutrustning f\u00f6r n\u00f6dsituationer<\/h2>\n<p>Du kan \u00f6verleva en naturkatastrof med denna \u00f6verlevnadsryggs\u00e4ck. Den perfekta campingkompisen f\u00f6r alla situationer \u00e4r detta set. H\u00e5ll dig s\u00e4ker i alla n\u00f6dsituationer. Perfekt f\u00f6r camping, vandring, \u00e4ventyr, \u00f6verlevnad och i n\u00f6dsituationer. Varsamt packad i en vattent\u00e4t ryggs\u00e4ck som \u00e4r l\u00e4tt att b\u00e4ra.<\/p>\n<p><img loading=\"lazy\" decoding=\"async\" class=\"alignnone size-medium wp-image-4780\" src=\"https:\/\/isopllc.com\/se\/wp-content\/uploads\/sites\/10\/2023\/03\/Emergency-Survival-Kit-_-Emergency-Survival-Backpack-First-Aid-Equipment-for-Camping-Hiking-Outdoor-_-Survival-Emergency-Tools-for-Any-Occasion-_-Survival-Backpack-Full-of-Gear-1-300x300.jpg\" alt=\"\" width=\"300\" height=\"300\" title=\"\" srcset=\"https:\/\/isopllc.com\/se\/wp-content\/uploads\/sites\/10\/2023\/03\/Emergency-Survival-Kit-_-Emergency-Survival-Backpack-First-Aid-Equipment-for-Camping-Hiking-Outdoor-_-Survival-Emergency-Tools-for-Any-Occasion-_-Survival-Backpack-Full-of-Gear-1-300x300.jpg 300w, https:\/\/isopllc.com\/se\/wp-content\/uploads\/sites\/10\/2023\/03\/Emergency-Survival-Kit-_-Emergency-Survival-Backpack-First-Aid-Equipment-for-Camping-Hiking-Outdoor-_-Survival-Emergency-Tools-for-Any-Occasion-_-Survival-Backpack-Full-of-Gear-1-150x150.jpg 150w, https:\/\/isopllc.com\/se\/wp-content\/uploads\/sites\/10\/2023\/03\/Emergency-Survival-Kit-_-Emergency-Survival-Backpack-First-Aid-Equipment-for-Camping-Hiking-Outdoor-_-Survival-Emergency-Tools-for-Any-Occasion-_-Survival-Backpack-Full-of-Gear-1-768x768.jpg 768w, https:\/\/isopllc.com\/se\/wp-content\/uploads\/sites\/10\/2023\/03\/Emergency-Survival-Kit-_-Emergency-Survival-Backpack-First-Aid-Equipment-for-Camping-Hiking-Outdoor-_-Survival-Emergency-Tools-for-Any-Occasion-_-Survival-Backpack-Full-of-Gear-1-416x416.jpg 416w, https:\/\/isopllc.com\/se\/wp-content\/uploads\/sites\/10\/2023\/03\/Emergency-Survival-Kit-_-Emergency-Survival-Backpack-First-Aid-Equipment-for-Camping-Hiking-Outdoor-_-Survival-Emergency-Tools-for-Any-Occasion-_-Survival-Backpack-Full-of-Gear-1-100x100.jpg 100w, https:\/\/isopllc.com\/se\/wp-content\/uploads\/sites\/10\/2023\/03\/Emergency-Survival-Kit-_-Emergency-Survival-Backpack-First-Aid-Equipment-for-Camping-Hiking-Outdoor-_-Survival-Emergency-Tools-for-Any-Occasion-_-Survival-Backpack-Full-of-Gear-1.jpg 900w\" sizes=\"auto, (max-width: 300px) 100vw, 300px\" \/><\/p>\n<h2>Camping Vandring Jakt Utomhus\u00e4ventyr<\/h2>\n<p>Medan du vandrar, campar, jagar, fiskar, vandrar eller g\u00e5r p\u00e5 \u00e4ventyr, hj\u00e4lper det ocks\u00e5 till att h\u00e5lla dig s\u00e4ker. Denna \u00f6verlevnadsryggs\u00e4ck kommer mer exakt att f\u00f6rmedla din tillgivenhet. Om det inte lever upp till dina f\u00f6rv\u00e4ntningar eller om du har n\u00e5gra problem, v\u00e4nligen kontakta oss s\u00e5 hj\u00e4lper vi dig.<\/p>\n<p><img loading=\"lazy\" decoding=\"async\" class=\"alignnone size-medium wp-image-4782\" src=\"https:\/\/isopllc.com\/se\/wp-content\/uploads\/sites\/10\/2023\/03\/Emergency-Survival-Kit-_-Emergency-Survival-Backpack-First-Aid-Equipment-for-Camping-Hiking-Outdoor-_-Survival-Emergency-Tools-for-Any-Occasion-_-Survival-Backpack-Full-of-Gear-5-300x300.jpg\" alt=\"\" width=\"300\" height=\"300\" title=\"\" srcset=\"https:\/\/isopllc.com\/se\/wp-content\/uploads\/sites\/10\/2023\/03\/Emergency-Survival-Kit-_-Emergency-Survival-Backpack-First-Aid-Equipment-for-Camping-Hiking-Outdoor-_-Survival-Emergency-Tools-for-Any-Occasion-_-Survival-Backpack-Full-of-Gear-5-300x300.jpg 300w, https:\/\/isopllc.com\/se\/wp-content\/uploads\/sites\/10\/2023\/03\/Emergency-Survival-Kit-_-Emergency-Survival-Backpack-First-Aid-Equipment-for-Camping-Hiking-Outdoor-_-Survival-Emergency-Tools-for-Any-Occasion-_-Survival-Backpack-Full-of-Gear-5-150x150.jpg 150w, https:\/\/isopllc.com\/se\/wp-content\/uploads\/sites\/10\/2023\/03\/Emergency-Survival-Kit-_-Emergency-Survival-Backpack-First-Aid-Equipment-for-Camping-Hiking-Outdoor-_-Survival-Emergency-Tools-for-Any-Occasion-_-Survival-Backpack-Full-of-Gear-5-768x768.jpg 768w, https:\/\/isopllc.com\/se\/wp-content\/uploads\/sites\/10\/2023\/03\/Emergency-Survival-Kit-_-Emergency-Survival-Backpack-First-Aid-Equipment-for-Camping-Hiking-Outdoor-_-Survival-Emergency-Tools-for-Any-Occasion-_-Survival-Backpack-Full-of-Gear-5-416x416.jpg 416w, https:\/\/isopllc.com\/se\/wp-content\/uploads\/sites\/10\/2023\/03\/Emergency-Survival-Kit-_-Emergency-Survival-Backpack-First-Aid-Equipment-for-Camping-Hiking-Outdoor-_-Survival-Emergency-Tools-for-Any-Occasion-_-Survival-Backpack-Full-of-Gear-5-100x100.jpg 100w, https:\/\/isopllc.com\/se\/wp-content\/uploads\/sites\/10\/2023\/03\/Emergency-Survival-Kit-_-Emergency-Survival-Backpack-First-Aid-Equipment-for-Camping-Hiking-Outdoor-_-Survival-Emergency-Tools-for-Any-Occasion-_-Survival-Backpack-Full-of-Gear-5.jpg 900w\" sizes=\"auto, (max-width: 300px) 100vw, 300px\" \/><\/p>\n<p>V\u00e5rt professionella n\u00f6dryggs\u00e4cksset inneh\u00e5ller: f\u00f6rsta hj\u00e4lpen-kit, handskar, \u00f6verlevnadsarmband, sabelkort, tr\u00e5ds\u00e5g, n\u00f6dfilt, n\u00f6dt\u00e4lt, regnrock, ficklampa, spade, stridsmask, b\u00e4rbar spis, hopf\u00e4llbar kopp, fiskeset, powerbank, mygga overheadn\u00e4t, s\u00e4kerhetsn\u00e5lar, multifunktionskniv, multifunktionell t\u00e5ng, multipurpose spork, glow stick, vattenfilter &amp; vattenp\u00e5se, ansiktsmask, eldstartare, minikruka, spegel, reflexv\u00e4st, simarmband, buntband.<\/p>\n","protected":false},"excerpt":{"rendered":"<p id=\"title\" class=\"a-size-large a-spacing-none\" style=\"text-align: center;\"><span id=\"productTitle\" class=\"a-size-large product-title-word-break\">N\u00f6d\u00f6verlevnad | \u00d6verlevnadsutrustning f\u00f6r camping, vandring, jakt, utomhus\u00e4ventyr | \u00d6verlevnadsverktyg med n\u00f6dutrustning<\/span><\/p>\n<p style=\"text-align: center;\">GRATIS LEVERANS INOM 3-7 DAGAR<\/p>\n<h4 style=\"text-align: center;\"><strong>K\u00d6P DEN P\u00c5<\/strong><br \/>\n<a href=\"https:\/\/www.amazon.se\/dp\/B0BPP2F6GJ?ref=myi_title_dp\"><img loading=\"lazy\" decoding=\"async\" class=\"aligncenter wp-image-1040 size-full\" src=\"https:\/\/isopllc.com\/se\/wp-content\/uploads\/sites\/10\/2020\/01\/amazon-button9.png\" alt=\"\" width=\"160\" height=\"59\" \/><\/a><\/h4>\n","protected":false},"featured_media":4815,"comment_status":"open","ping_status":"closed","template":"","meta":[],"product_brand":[],"product_cat":[183],"product_tag":[140,141,34,142],"class_list":{"0":"post-4776","1":"product","2":"type-product","3":"status-publish","4":"has-post-thumbnail","6":"product_cat-raddnings-och-overlevnadsset","7":"product_tag-overlevnadsryggsack","8":"product_tag-redskap","9":"product_tag-sakerhetsutrustning","10":"product_tag-utomhus","12":"first","13":"instock","14":"shipping-taxable","15":"purchasable","16":"product-type-simple"},"_links":{"self":[{"href":"https:\/\/isopllc.com\/se\/wp-json\/wp\/v2\/product\/4776","targetHints":{"allow":["GET"]}}],"collection":[{"href":"https:\/\/isopllc.com\/se\/wp-json\/wp\/v2\/product"}],"about":[{"href":"https:\/\/isopllc.com\/se\/wp-json\/wp\/v2\/types\/product"}],"replies":[{"embeddable":true,"href":"https:\/\/isopllc.com\/se\/wp-json\/wp\/v2\/comments?post=4776"}],"wp:featuredmedia":[{"embeddable":true,"href":"https:\/\/isopllc.com\/se\/wp-json\/wp\/v2\/media\/4815"}],"wp:attachment":[{"href":"https:\/\/isopllc.com\/se\/wp-json\/wp\/v2\/media?parent=4776"}],"wp:term":[{"taxonomy":"product_brand","embeddable":true,"href":"https:\/\/isopllc.com\/se\/wp-json\/wp\/v2\/product_brand?post=4776"},{"taxonomy":"product_cat","embeddable":true,"href":"https:\/\/isopllc.com\/se\/wp-json\/wp\/v2\/product_cat?post=4776"},{"taxonomy":"product_tag","embeddable":true,"href":"https:\/\/isopllc.com\/se\/wp-json\/wp\/v2\/product_tag?post=4776"}],"curies":[{"name":"wp","href":"https:\/\/api.w.org\/{rel}","templated":true}]}}