{"id":4787,"date":"2023-03-29T09:48:10","date_gmt":"2023-03-29T09:48:10","guid":{"rendered":"https:\/\/isopllc.com\/se\/?post_type=product&#038;p=4787"},"modified":"2025-07-01T03:41:49","modified_gmt":"2025-07-01T03:41:49","slug":"isop-sanggaller-hjalphandtag-justerbar-sanghjalpsenhet-sangstege-3-handtag-ramhandtag-sakerhetspull-up-replyft-for-vuxna-aldre-funktionshindrade","status":"publish","type":"product","link":"https:\/\/isopllc.com\/se\/product\/isop-sanggaller-hjalphandtag-justerbar-sanghjalpsenhet-sangstege-3-handtag-ramhandtag-sakerhetspull-up-replyft-for-vuxna-aldre-funktionshindrade\/","title":{"rendered":"ISOP &#8211; S\u00e4nggaller-hj\u00e4lphandtag"},"content":{"rendered":"<h1 id=\"title\" class=\"a-size-large a-spacing-none\"><span id=\"productTitle\" class=\"a-size-large product-title-word-break\">ISOP &#8211; S\u00e4nggaller-hj\u00e4lphandtag | justerbar s\u00e4nghj\u00e4lpsenhet | s\u00e4ngstege, 3 handtag, ramhandtag | s\u00e4kerhetspull-up-replyft f\u00f6r vuxna, \u00e4ldre, funktionshindrade<\/span><\/h1>\n<p><img loading=\"lazy\" decoding=\"async\" class=\"alignnone size-medium wp-image-4793\" src=\"https:\/\/isopllc.com\/se\/wp-content\/uploads\/sites\/10\/2023\/03\/Adjustable-Bed-Assistance-Device-2-300x300.jpg\" alt=\"\" width=\"300\" height=\"300\" title=\"\" srcset=\"https:\/\/isopllc.com\/se\/wp-content\/uploads\/sites\/10\/2023\/03\/Adjustable-Bed-Assistance-Device-2-300x300.jpg 300w, https:\/\/isopllc.com\/se\/wp-content\/uploads\/sites\/10\/2023\/03\/Adjustable-Bed-Assistance-Device-2-150x150.jpg 150w, https:\/\/isopllc.com\/se\/wp-content\/uploads\/sites\/10\/2023\/03\/Adjustable-Bed-Assistance-Device-2-768x768.jpg 768w, https:\/\/isopllc.com\/se\/wp-content\/uploads\/sites\/10\/2023\/03\/Adjustable-Bed-Assistance-Device-2-416x416.jpg 416w, https:\/\/isopllc.com\/se\/wp-content\/uploads\/sites\/10\/2023\/03\/Adjustable-Bed-Assistance-Device-2-100x100.jpg 100w, https:\/\/isopllc.com\/se\/wp-content\/uploads\/sites\/10\/2023\/03\/Adjustable-Bed-Assistance-Device-2.jpg 900w\" sizes=\"auto, (max-width: 300px) 100vw, 300px\" \/><\/p>\n<p>S\u00e4ngstegen hj\u00e4lper personer med ryggradsskador, svaghet i underkroppen och begr\u00e4nsat r\u00f6relseomf\u00e5ng, och l\u00e5ter individer enkelt resa sig till sittande l\u00e4ge.<\/p>\n<p><img loading=\"lazy\" decoding=\"async\" class=\"alignnone size-medium wp-image-4795\" src=\"https:\/\/isopllc.com\/se\/wp-content\/uploads\/sites\/10\/2023\/03\/Adjustable-Bed-Assistance-Device-1-300x300.jpg\" alt=\"\" width=\"300\" height=\"300\" title=\"\" srcset=\"https:\/\/isopllc.com\/se\/wp-content\/uploads\/sites\/10\/2023\/03\/Adjustable-Bed-Assistance-Device-1-300x300.jpg 300w, https:\/\/isopllc.com\/se\/wp-content\/uploads\/sites\/10\/2023\/03\/Adjustable-Bed-Assistance-Device-1-150x150.jpg 150w, https:\/\/isopllc.com\/se\/wp-content\/uploads\/sites\/10\/2023\/03\/Adjustable-Bed-Assistance-Device-1-768x768.jpg 768w, https:\/\/isopllc.com\/se\/wp-content\/uploads\/sites\/10\/2023\/03\/Adjustable-Bed-Assistance-Device-1-416x416.jpg 416w, https:\/\/isopllc.com\/se\/wp-content\/uploads\/sites\/10\/2023\/03\/Adjustable-Bed-Assistance-Device-1-100x100.jpg 100w, https:\/\/isopllc.com\/se\/wp-content\/uploads\/sites\/10\/2023\/03\/Adjustable-Bed-Assistance-Device-1.jpg 900w\" sizes=\"auto, (max-width: 300px) 100vw, 300px\" \/><\/p>\n<p>Konstruerad med ett slitstarkt band som st\u00f6der upp till 300 pund, g\u00f6r den robusta s\u00e4ngstegen l\u00e4tt att sitta upp i s\u00e4ngen f\u00f6r dem som \u00e5terh\u00e4mtar sig fr\u00e5n operation, s\u00e5v\u00e4l som de som \u00e4r gravida eller lider av ryggproblem.<\/p>\n<p><img loading=\"lazy\" decoding=\"async\" class=\"alignnone size-medium wp-image-4791\" src=\"https:\/\/isopllc.com\/se\/wp-content\/uploads\/sites\/10\/2023\/03\/Bed-Rail-Assist-Handle-3-300x300.jpg\" alt=\"\" width=\"300\" height=\"300\" title=\"\" srcset=\"https:\/\/isopllc.com\/se\/wp-content\/uploads\/sites\/10\/2023\/03\/Bed-Rail-Assist-Handle-3-300x300.jpg 300w, https:\/\/isopllc.com\/se\/wp-content\/uploads\/sites\/10\/2023\/03\/Bed-Rail-Assist-Handle-3-150x150.jpg 150w, https:\/\/isopllc.com\/se\/wp-content\/uploads\/sites\/10\/2023\/03\/Bed-Rail-Assist-Handle-3-768x768.jpg 768w, https:\/\/isopllc.com\/se\/wp-content\/uploads\/sites\/10\/2023\/03\/Bed-Rail-Assist-Handle-3-416x416.jpg 416w, https:\/\/isopllc.com\/se\/wp-content\/uploads\/sites\/10\/2023\/03\/Bed-Rail-Assist-Handle-3-100x100.jpg 100w, https:\/\/isopllc.com\/se\/wp-content\/uploads\/sites\/10\/2023\/03\/Bed-Rail-Assist-Handle-3.jpg 900w\" sizes=\"auto, (max-width: 300px) 100vw, 300px\" \/><\/p>\n<p>Installeras enkelt p\u00e5 valfri s\u00e4ngram genom att g\u00f6ra en knut. Stegen \u00e4r l\u00e4tt att ta bort och \u00e4r portabel f\u00f6r ytterligare hj\u00e4lp p\u00e5 resan s\u00e5v\u00e4l som hemma.<\/p>\n<p><img loading=\"lazy\" decoding=\"async\" class=\"alignnone size-medium wp-image-4792\" src=\"https:\/\/isopllc.com\/se\/wp-content\/uploads\/sites\/10\/2023\/03\/Adjustable-Bed-Assistance-Device-3-300x300.jpg\" alt=\"\" width=\"300\" height=\"300\" title=\"\" srcset=\"https:\/\/isopllc.com\/se\/wp-content\/uploads\/sites\/10\/2023\/03\/Adjustable-Bed-Assistance-Device-3-300x300.jpg 300w, https:\/\/isopllc.com\/se\/wp-content\/uploads\/sites\/10\/2023\/03\/Adjustable-Bed-Assistance-Device-3-150x150.jpg 150w, https:\/\/isopllc.com\/se\/wp-content\/uploads\/sites\/10\/2023\/03\/Adjustable-Bed-Assistance-Device-3-768x768.jpg 768w, https:\/\/isopllc.com\/se\/wp-content\/uploads\/sites\/10\/2023\/03\/Adjustable-Bed-Assistance-Device-3-416x416.jpg 416w, https:\/\/isopllc.com\/se\/wp-content\/uploads\/sites\/10\/2023\/03\/Adjustable-Bed-Assistance-Device-3-100x100.jpg 100w, https:\/\/isopllc.com\/se\/wp-content\/uploads\/sites\/10\/2023\/03\/Adjustable-Bed-Assistance-Device-3.jpg 900w\" sizes=\"auto, (max-width: 300px) 100vw, 300px\" \/><\/p>\n<p>De kraftiga 3-handtagen \u00e4r vadderade och ger ett halkfritt grepp n\u00e4r du h\u00f6jer eller s\u00e4nker dig i s\u00e4ngen. Varje halkfritt handtag \u00e4r 15,2 cm l\u00e5ngt f\u00f6r att ge ett bekv\u00e4mt grepp. De tre handtagen \u00e4r placerade 27,9 cm fr\u00e5n varandra f\u00f6r optimal assistans n\u00e4r du reser dig.<\/p>\n<p><img loading=\"lazy\" decoding=\"async\" class=\"alignnone size-medium wp-image-4796\" src=\"https:\/\/isopllc.com\/se\/wp-content\/uploads\/sites\/10\/2023\/03\/Bed-Rail-Assist-Handle-1-300x300.jpg\" alt=\"\" width=\"300\" height=\"300\" title=\"\" srcset=\"https:\/\/isopllc.com\/se\/wp-content\/uploads\/sites\/10\/2023\/03\/Bed-Rail-Assist-Handle-1-300x300.jpg 300w, https:\/\/isopllc.com\/se\/wp-content\/uploads\/sites\/10\/2023\/03\/Bed-Rail-Assist-Handle-1-150x150.jpg 150w, https:\/\/isopllc.com\/se\/wp-content\/uploads\/sites\/10\/2023\/03\/Bed-Rail-Assist-Handle-1-768x768.jpg 768w, https:\/\/isopllc.com\/se\/wp-content\/uploads\/sites\/10\/2023\/03\/Bed-Rail-Assist-Handle-1-416x416.jpg 416w, https:\/\/isopllc.com\/se\/wp-content\/uploads\/sites\/10\/2023\/03\/Bed-Rail-Assist-Handle-1-100x100.jpg 100w, https:\/\/isopllc.com\/se\/wp-content\/uploads\/sites\/10\/2023\/03\/Bed-Rail-Assist-Handle-1.jpg 900w\" sizes=\"auto, (max-width: 300px) 100vw, 300px\" \/><\/p>\n","protected":false},"excerpt":{"rendered":"<p id=\"title\" class=\"a-size-large a-spacing-none\" style=\"text-align: center;\"><span id=\"productTitle\" class=\"a-size-large product-title-word-break\">ISOP &#8211; S\u00e4nggaller-hj\u00e4lphandtag | justerbar s\u00e4nghj\u00e4lpsenhet | s\u00e4ngstege, 3 handtag, ramhandtag | s\u00e4kerhetspull-up-replyft f\u00f6r vuxna, \u00e4ldre, funktionshindrade<\/span><\/p>\n<p style=\"text-align: center;\">GRATIS LEVERANS INOM 3-7 DAGAR<\/p>\n<h4 style=\"text-align: center;\"><strong>K\u00d6P DEN P\u00c5<\/strong><br \/>\n<a href=\"https:\/\/www.amazon.se\/dp\/B0BVMJMG18?ref=myi_title_dp\"><img loading=\"lazy\" decoding=\"async\" class=\"aligncenter wp-image-1040 size-full\" src=\"https:\/\/isopllc.com\/se\/wp-content\/uploads\/sites\/10\/2020\/01\/amazon-button9.png\" alt=\"\" width=\"160\" height=\"59\" \/><\/a><\/h4>\n","protected":false},"featured_media":4797,"comment_status":"open","ping_status":"closed","template":"","meta":[],"product_brand":[],"product_cat":[183],"product_tag":[102,103,77,101],"class_list":{"0":"post-4787","1":"product","2":"type-product","3":"status-publish","4":"has-post-thumbnail","6":"product_cat-raddnings-och-overlevnadsset","7":"product_tag-isop","8":"product_tag-medicinsk-utrustning","9":"product_tag-sakerhet","10":"product_tag-sanggaller-hjalphandtag","12":"first","13":"instock","14":"shipping-taxable","15":"purchasable","16":"product-type-simple"},"_links":{"self":[{"href":"https:\/\/isopllc.com\/se\/wp-json\/wp\/v2\/product\/4787","targetHints":{"allow":["GET"]}}],"collection":[{"href":"https:\/\/isopllc.com\/se\/wp-json\/wp\/v2\/product"}],"about":[{"href":"https:\/\/isopllc.com\/se\/wp-json\/wp\/v2\/types\/product"}],"replies":[{"embeddable":true,"href":"https:\/\/isopllc.com\/se\/wp-json\/wp\/v2\/comments?post=4787"}],"wp:featuredmedia":[{"embeddable":true,"href":"https:\/\/isopllc.com\/se\/wp-json\/wp\/v2\/media\/4797"}],"wp:attachment":[{"href":"https:\/\/isopllc.com\/se\/wp-json\/wp\/v2\/media?parent=4787"}],"wp:term":[{"taxonomy":"product_brand","embeddable":true,"href":"https:\/\/isopllc.com\/se\/wp-json\/wp\/v2\/product_brand?post=4787"},{"taxonomy":"product_cat","embeddable":true,"href":"https:\/\/isopllc.com\/se\/wp-json\/wp\/v2\/product_cat?post=4787"},{"taxonomy":"product_tag","embeddable":true,"href":"https:\/\/isopllc.com\/se\/wp-json\/wp\/v2\/product_tag?post=4787"}],"curies":[{"name":"wp","href":"https:\/\/api.w.org\/{rel}","templated":true}]}}