{"id":4823,"date":"2023-06-11T17:25:05","date_gmt":"2023-06-11T17:25:05","guid":{"rendered":"https:\/\/isopllc.com\/se\/?post_type=product&#038;p=4823"},"modified":"2025-07-01T03:41:31","modified_gmt":"2025-07-01T03:41:31","slug":"universell-atkomstlada-for-brandslackare","status":"publish","type":"product","link":"https:\/\/isopllc.com\/se\/product\/universell-atkomstlada-for-brandslackare\/","title":{"rendered":"Universell \u00e5tkomstl\u00e5da f\u00f6r brandsl\u00e4ckare"},"content":{"rendered":"<div class=\"celwidget aplus-module module-4 aplus-standard\" data-csa-c-id=\"6mnb1z-9dwrl2-ic24uv-jd1phn\" data-cel-widget=\"aplus-module-4\">\n<div class=\"a-expander-collapsed-height a-row a-expander-container a-expander-partial-collapse-container\" aria-live=\"polite\" data-a-expander-name=\"aplus-module-expander\" data-a-expander-collapsed-height=\"700\">\n<div class=\"a-expander-content a-expander-partial-collapse-content\" aria-expanded=\"false\">\n<div class=\"aplus-module-wrapper apm-fixed-width\">\n<div class=\"apm-spacing\">\n<div class=\"apm-floatleft apm-fixed-width\">\n<div id=\"title_feature_div\" class=\"celwidget\" data-feature-name=\"title\" data-csa-c-id=\"m5t5xw-wzxd1-od319-pyb58o\" data-cel-widget=\"title_feature_div\">\n<div id=\"titleSection\" class=\"a-section a-spacing-none\">\n<div id=\"title_feature_div\" class=\"celwidget\" data-feature-name=\"title\" data-csa-c-id=\"m5t5xw-wzxd1-od319-pyb58o\" data-cel-widget=\"title_feature_div\">\n<div id=\"titleSection\" class=\"a-section a-spacing-none\">\n<h2 id=\"reconcile-item-title\" class=\"text-weight-bold\">Aluminiumsk\u00e5p f\u00f6r utrymningsstege \/ Universell \u00e5tkomstl\u00e5da f\u00f6r brandsl\u00e4ckare<\/h2>\n<p><img decoding=\"async\" class=\"a-spacing-mini\" src=\"https:\/\/m.media-amazon.com\/images\/S\/aplus-media-library-service-media\/e15241a0-08f0-49b7-9104-3cbeb027e2cc.__CR0,0,1000,1000_PT0_SX300_V1___.jpg\" alt=\"aluminum box\" data-src=\"https:\/\/m.media-amazon.com\/images\/S\/aplus-media-library-service-media\/e15241a0-08f0-49b7-9104-3cbeb027e2cc.__CR0,0,1000,1000_PT0_SX300_V1___.jpg\" data- title=\"\"><\/p>\n<\/div>\n<\/div>\n<ul class=\"a-unordered-list a-vertical\">\n<li>Kompakt design<\/li>\n<li>Kraftig j\u00e4rnkonstruktion<\/li>\n<li>Akrylglas (vilket \u00e4r s\u00e4krare \u00e4n standardglas under n\u00f6dsituationer)<\/li>\n<li>Monteras enkelt p\u00e5 v\u00e4ggen<\/li>\n<li>L\u00e4tt att hitta n\u00e4r det beh\u00f6vs<\/li>\n<\/ul>\n<\/div>\n<\/div>\n<\/div>\n<\/div>\n<\/div>\n<\/div>\n<\/div>\n<\/div>\n<div class=\"celwidget aplus-module module-9 aplus-standard\" data-csa-c-id=\"kgh8ns-6rdhac-l4uce3-redgno\" data-cel-widget=\"aplus-module-9\">\n<div class=\"a-expander-collapsed-height a-row a-expander-container a-expander-partial-collapse-container\" aria-live=\"polite\" data-a-expander-name=\"aplus-module-expander\" data-a-expander-collapsed-height=\"700\">\n<div class=\"a-expander-content a-expander-partial-collapse-content\" aria-expanded=\"false\">\n<div class=\"aplus-module-wrapper apm-fixed-width\">\n<div class=\"apm-spacing apm-fixed-width\">\n<div class=\"celwidget aplus-module module-9 aplus-standard\" data-csa-c-id=\"6rrkxj-o9oo3p-2dk8kw-v8mrts\" data-cel-widget=\"aplus-module-9\">\n<div class=\"a-expander-collapsed-height a-row a-expander-container a-expander-partial-collapse-container\" aria-live=\"polite\" data-a-expander-name=\"aplus-module-expander\" data-a-expander-collapsed-height=\"700\">\n<div class=\"a-expander-content a-expander-partial-collapse-content\" aria-expanded=\"false\">\n<div class=\"aplus-module-wrapper apm-fixed-width\">\n<div class=\"apm-spacing apm-fixed-width\">\n<p><img decoding=\"async\" class=\"a-spacing-mini\" src=\"https:\/\/m.media-amazon.com\/images\/S\/aplus-media-library-service-media\/eb357252-9807-4881-a43c-3cc4db2103d8.__CR0,0,1000,1000_PT0_SX300_V1___.jpg\" alt=\"alumnium box for fire extinguisher fire escape ladder\" data-src=\"https:\/\/m.media-amazon.com\/images\/S\/aplus-media-library-service-media\/eb357252-9807-4881-a43c-3cc4db2103d8.__CR0,0,1000,1000_PT0_SX300_V1___.jpg\" data- title=\"\"><\/p>\n<\/div>\n<p>J\u00e4rnbrandsl\u00e4ckarsk\u00e5p h\u00e5ller din sl\u00e4ckare eller utrymningsstege l\u00e4ttillg\u00e4nglig i h\u00e4ndelse av en n\u00f6dsituation.<\/p>\n<p>P\u00e5 grund av sin kompakta storlek &#8211;\u00a0(36x26x13 cm, 1 mm tunn)\u00a0och h\u00e5llbara konstruktion, \u00e4r detta sk\u00e5p idealiskt f\u00f6r l\u00e4genheter, l\u00e4genheter och sm\u00e5f\u00f6retag, och det ger en s\u00e4ker och s\u00e4ker plats f\u00f6r l\u00e5ngtidsf\u00f6rvaring.<\/p>\n<p><img decoding=\"async\" class=\"a-spacing-mini\" src=\"https:\/\/m.media-amazon.com\/images\/S\/aplus-media-library-service-media\/3806abe5-8aab-4c85-9449-dfe77f5144ae.__CR0,0,1000,1000_PT0_SX300_V1___.jpg\" alt=\"aluminum box\" data-src=\"https:\/\/m.media-amazon.com\/images\/S\/aplus-media-library-service-media\/3806abe5-8aab-4c85-9449-dfe77f5144ae.__CR0,0,1000,1000_PT0_SX300_V1___.jpg\" data- title=\"\"><\/p>\n<p>I h\u00e4ndelse av en pl\u00f6tslig brand i ett hem eller f\u00f6retag, tillhandah\u00e5ll en avsedd plats f\u00f6r din brandsl\u00e4ckare eller stege som h\u00e5ller den n\u00e4ra och redo n\u00e4r den beh\u00f6vs som mest.<\/p>\n<\/div>\n<\/div>\n<\/div>\n<\/div>\n<\/div>\n<\/div>\n<\/div>\n<\/div>\n<\/div>\n","protected":false},"excerpt":{"rendered":"[embed]https:\/\/youtu.be\/Zlzwor9Bd0g[\/embed]\n<p id=\"title\" class=\"a-size-large a-spacing-none\" style=\"text-align: center;\">Aluminiumsk\u00e5p f\u00f6r utrymningsstege \/ Universell \u00e5tkomstl\u00e5da f\u00f6r brandsl\u00e4ckare<\/p>\n<p style=\"text-align: center;\">GRATIS LEVERANS INOM 3-7 DAGAR<\/p>\n<h4 style=\"text-align: center;\"><strong>K\u00d6P DEN P\u00c5<\/strong><br \/>\n<a href=\"https:\/\/www.amazon.se\/dp\/B09BQ3H3NQ?ref=myi_title_dp\"><img loading=\"lazy\" decoding=\"async\" class=\"aligncenter wp-image-1040 size-full\" src=\"https:\/\/isopllc.com\/se\/wp-content\/uploads\/sites\/10\/2020\/01\/amazon-button9.png\" alt=\"\" width=\"160\" height=\"59\" \/><\/a><\/h4>\n","protected":false},"featured_media":4824,"comment_status":"open","ping_status":"closed","template":"","meta":[],"product_brand":[],"product_cat":[189,187],"product_tag":[168,115,34,169],"class_list":{"0":"post-4823","1":"product","2":"type-product","3":"status-publish","4":"has-post-thumbnail","6":"product_cat-forvaringslada-for-brandutgangsstegar","7":"product_cat-tillbehor-till-brandstegar","8":"product_tag-atkomstlada","9":"product_tag-brandslackare","10":"product_tag-sakerhetsutrustning","11":"product_tag-universell-lada","13":"first","14":"instock","15":"shipping-taxable","16":"purchasable","17":"product-type-simple"},"_links":{"self":[{"href":"https:\/\/isopllc.com\/se\/wp-json\/wp\/v2\/product\/4823","targetHints":{"allow":["GET"]}}],"collection":[{"href":"https:\/\/isopllc.com\/se\/wp-json\/wp\/v2\/product"}],"about":[{"href":"https:\/\/isopllc.com\/se\/wp-json\/wp\/v2\/types\/product"}],"replies":[{"embeddable":true,"href":"https:\/\/isopllc.com\/se\/wp-json\/wp\/v2\/comments?post=4823"}],"wp:featuredmedia":[{"embeddable":true,"href":"https:\/\/isopllc.com\/se\/wp-json\/wp\/v2\/media\/4824"}],"wp:attachment":[{"href":"https:\/\/isopllc.com\/se\/wp-json\/wp\/v2\/media?parent=4823"}],"wp:term":[{"taxonomy":"product_brand","embeddable":true,"href":"https:\/\/isopllc.com\/se\/wp-json\/wp\/v2\/product_brand?post=4823"},{"taxonomy":"product_cat","embeddable":true,"href":"https:\/\/isopllc.com\/se\/wp-json\/wp\/v2\/product_cat?post=4823"},{"taxonomy":"product_tag","embeddable":true,"href":"https:\/\/isopllc.com\/se\/wp-json\/wp\/v2\/product_tag?post=4823"}],"curies":[{"name":"wp","href":"https:\/\/api.w.org\/{rel}","templated":true}]}}