{"id":4892,"date":"2023-09-10T05:42:19","date_gmt":"2023-09-10T05:42:19","guid":{"rendered":"https:\/\/isopllc.com\/se\/?post_type=product&#038;p=4892"},"modified":"2025-07-01T03:34:44","modified_gmt":"2025-07-01T03:34:44","slug":"tvavanings-brandtrappstege-4-m-med-fristaende-stabilisatorer","status":"publish","type":"product","link":"https:\/\/isopllc.com\/se\/product\/tvavanings-brandtrappstege-4-m-med-fristaende-stabilisatorer\/","title":{"rendered":"Tv\u00e5v\u00e5nings brandtrappstege 4 m med frist\u00e5ende stabilisatorer"},"content":{"rendered":"<div class=\"celwidget aplus-module module-9\" style=\"text-align: center;\" data-csa-c-id=\"8qdekw-f2p4k0-r9icce-qoj6p0\" data-cel-widget=\"aplus-module-9\">\n<div class=\"a-expander-collapsed-height a-row a-expander-container a-expander-partial-collapse-container\" aria-live=\"polite\" data-a-expander-name=\"aplus-module-expander\" data-a-expander-collapsed-height=\"700\">\n<div class=\"a-expander-content a-expander-partial-collapse-content\" aria-expanded=\"false\">\n<div class=\"aplus-module-wrapper\">\n<div class=\"apm-spacing apm-fixed-width\">\n<h1 id=\"title\" class=\"a-size-large a-spacing-none\" style=\"text-align: left;\"><span id=\"productTitle\" class=\"a-size-large product-title-word-break\">Tv\u00e5v\u00e5nings brandtrappstege 4 m med frist\u00e5ende stabilisatorer &#8211; Flams\u00e4ker n\u00f6drepstege med fj\u00e4derkrokar &#8211; \u00c5teranv\u00e4ndbar &#8211; Viktkapacitet upp till 900 kg<\/span><\/h1>\n<\/div>\n<\/div>\n<\/div>\n<\/div>\n<\/div>\n<div class=\"celwidget aplus-module module-4\" style=\"text-align: center;\" data-csa-c-id=\"r0jyvc-byof08-6y9606-vmksqx\" data-cel-widget=\"aplus-module-4\">\n<div class=\"a-expander-collapsed-height a-row a-expander-container a-expander-partial-collapse-container\" aria-live=\"polite\" data-a-expander-name=\"aplus-module-expander\" data-a-expander-collapsed-height=\"700\">\n<div class=\"a-expander-content a-expander-partial-collapse-content\" aria-expanded=\"false\">\n<div class=\"amp-centerthirdcol-listbox\">\n<div class=\"a-box a-spacing-small a-color-alternate-background apm-listbox amp-centerthirdcol-listbox\">\n<div class=\"a-box-inner\">\n<div class=\"celwidget aplus-module module-12 aplus-standard\">\n<div class=\"a-expander-collapsed-height a-row a-expander-container a-expander-partial-collapse-container\" data-a-expander-name=\"aplus-module-expander\" data-a-expander-collapsed-height=\"360\">\n<div class=\"a-expander-content a-expander-partial-collapse-content\" aria-expanded=\"false\">\n<div class=\"aplus-module-wrapper apm-spacing apm-floatnone apm-fixed-width\">\n<div class=\"apm-sidemodule aplus-module-content\">\n<div class=\"textright apm-hero-text\"><\/div>\n<\/div>\n<\/div>\n<\/div>\n<\/div>\n<\/div>\n<div class=\"celwidget aplus-module module-9 aplus-standard\">\n<div class=\"a-expander-collapsed-height a-row a-expander-container a-expander-partial-collapse-container\" data-a-expander-name=\"aplus-module-expander\" data-a-expander-collapsed-height=\"700\">\n<div class=\"a-expander-content a-expander-partial-collapse-content\" aria-expanded=\"false\">\n<div class=\"aplus-module-wrapper apm-fixed-width\">\n<div class=\"apm-spacing apm-fixed-width\">\n<div class=\"celwidget aplus-module module-9 aplus-standard\">\n<div class=\"a-expander-collapsed-height a-row a-expander-container a-expander-partial-collapse-container\" data-a-expander-name=\"aplus-module-expander\" data-a-expander-collapsed-height=\"700\">\n<div class=\"a-expander-content a-expander-partial-collapse-content\" aria-expanded=\"false\">\n<h3 class=\"a-spacing-small\" style=\"text-align: left;\">Varf\u00f6r v\u00e4lja oss?<\/h3>\n<h4 style=\"text-align: left;\"><img loading=\"lazy\" decoding=\"async\" class=\"alignnone wp-image-4785\" src=\"https:\/\/isopllc.com\/usa\/wp-content\/uploads\/sites\/4\/2022\/12\/reflective-rope-ladders.jpg\" alt=\"reflective rope ladder\" width=\"307\" height=\"409\" title=\"\">Patenterad reflekterande teknologi<\/h4>\n<p style=\"text-align: left;\">Denna stege \u00e4r designad med bekv\u00e4mlighet och tillg\u00e4nglighet i \u00e5tanke.<\/p>\n<p style=\"text-align: left;\">En speciell reflekterande remsa som \u00e4r inv\u00e4vd i dessa nylonrep g\u00f6r den mycket synlig i ficklampans str\u00e5le s\u00e5 att du inte snubblar \u00f6ver den p\u00e5 natten.<\/p>\n<div class=\"celwidget aplus-module module-9 aplus-standard\">\n<div class=\"a-expander-collapsed-height a-row a-expander-container a-expander-partial-collapse-container\" data-a-expander-name=\"aplus-module-expander\" data-a-expander-collapsed-height=\"700\">\n<div class=\"a-expander-content a-expander-partial-collapse-content\" aria-expanded=\"false\">\n<p><img decoding=\"async\" class=\"a-spacing-mini\" src=\"https:\/\/m.media-amazon.com\/images\/S\/aplus-media-library-service-media\/811fc784-e602-432e-9106-11c40b5fca8f.__CR0,0,1000,1000_PT0_SX300_V1___.jpg\" alt=\"reinforced rung cap\" data-src=\"https:\/\/m.media-amazon.com\/images\/S\/aplus-media-library-service-media\/811fc784-e602-432e-9106-11c40b5fca8f.__CR0,0,1000,1000_PT0_SX300_V1___.jpg\" data- title=\"\"><\/p>\n<h4 class=\"a-spacing-mini\" style=\"text-align: left;\">F\u00f6rst\u00e4rkta stegpinnar<\/h4>\n<p class=\"aplus-module-wrapper apm-fixed-width\" style=\"text-align: left;\">V\u00e5ra kepsar \u00e4r tjockare, st\u00f6rre och robustare. Som praxis har visat g\u00e5r dessa stegpinnen av under vikt just p\u00e5 dessa st\u00e4llen, d\u00e4rf\u00f6r \u00e4r f\u00f6rst\u00e4rkta m\u00f6ssor oumb\u00e4rliga f\u00f6r l\u00e5ng och s\u00e4ker anv\u00e4ndning av stegar.<\/p>\n<p><img decoding=\"async\" class=\"a-spacing-mini\" src=\"https:\/\/m.media-amazon.com\/images\/S\/aplus-media-library-service-media\/ee031fb3-8354-45bf-b886-4886ca25315d.__CR0,0,300,300_PT0_SX300_V1___.jpg\" alt=\"ULTRA POWEFUL\" data-src=\"https:\/\/m.media-amazon.com\/images\/S\/aplus-media-library-service-media\/ee031fb3-8354-45bf-b886-4886ca25315d.__CR0,0,300,300_PT0_SX300_V1___.jpg\" data- title=\"\"><\/p>\n<h4 class=\"a-spacing-mini\" style=\"text-align: left;\">ULTRA kraftfull<\/h4>\n<p style=\"text-align: left;\">Det finns inga starkare och mer p\u00e5litliga stegar \u00e4n v\u00e5r, (testade!) &#8211; som b\u00e4r 2500 lb eller 10 personer! Inte ens kedjestegar kan skryta med denna viktkapacitet.<\/p>\n<p style=\"text-align: left;\"><img loading=\"lazy\" decoding=\"async\" class=\"alignnone wp-image-4734\" src=\"https:\/\/isopllc.com\/usa\/wp-content\/uploads\/sites\/4\/2022\/12\/Stabilizers-for-Fire-Escape-Ladder-3.jpg\" alt=\"Stabilizers for Fire Escape Ladder 3\" width=\"298\" height=\"417\" title=\"\"><\/p>\n<h3 class=\"a-spacing-small\" style=\"text-align: left;\">Stand-off stabilisatorer | Set med 10 par kommer att anl\u00e4nda i ett separat paket<\/h3>\n<p style=\"text-align: left;\">V\u00e5ra innovativa stabilisatorer g\u00f6r att stegarna h\u00e5ller sig stadiga mot en v\u00e4gg och underl\u00e4ttar avsev\u00e4rt nedstigningen fr\u00e5n andra och upp till 5:e v\u00e5ningen.<\/p>\n<p style=\"text-align: left;\"><img loading=\"lazy\" decoding=\"async\" class=\"alignnone wp-image-5031\" src=\"https:\/\/isopllc.com\/usa\/wp-content\/uploads\/sites\/4\/2023\/06\/standoff-for-ladder.png\" alt=\"\" width=\"303\" height=\"246\" title=\"\"><\/p>\n<p>&nbsp;<\/p>\n<p style=\"text-align: left;\">Rej\u00e4la stabilisatorer f\u00f6r stegpinnar \u00e4r l\u00e4tta och l\u00e4tta att f\u00e4sta. Passar till valfri ISOP-repstege. En f\u00f6rpackning inneh\u00e5ller 20 stabilisatorer som r\u00e4cker f\u00f6r att f\u00e4stas p\u00e5 10 stegpinnar.<\/p>\n<p><img loading=\"lazy\" decoding=\"async\" class=\"alignnone wp-image-5030\" src=\"https:\/\/isopllc.com\/usa\/wp-content\/uploads\/sites\/4\/2023\/06\/PNG-2.png\" alt=\"\" width=\"327\" height=\"266\" title=\"\"><\/p>\n<p style=\"text-align: left;\">F\u00f6r snabb anv\u00e4ndning, f\u00e4st stabilisatorerna p\u00e5 en stege i f\u00f6rv\u00e4g. St\u00f6dstabilisatorer f\u00f6r utrymningsstege ger mer s\u00e4kerhet under nedstigning eller kl\u00e4ttring upp. Stabilisatorer f\u00f6r repstege med antislipsteg g\u00f6r nedstigningen mer stabil.<\/p>\n<p><img loading=\"lazy\" decoding=\"async\" class=\"alignnone wp-image-4740\" src=\"https:\/\/isopllc.com\/usa\/wp-content\/uploads\/sites\/4\/2022\/12\/Stabilizers-for-Fire-Escape-Ladder-5.jpg\" alt=\"Stabilizers for Fire Escape Ladder 5\" width=\"320\" height=\"222\" title=\"\"><\/p>\n<p style=\"text-align: left;\">F\u00f6r snabb anv\u00e4ndning, f\u00e4st stabilisatorerna p\u00e5 en stege i f\u00f6rv\u00e4g.<\/p>\n<p><img loading=\"lazy\" decoding=\"async\" class=\"alignnone wp-image-4733\" src=\"https:\/\/isopllc.com\/usa\/wp-content\/uploads\/sites\/4\/2022\/12\/Stabilizers-for-Fire-Escape-Ladder-2.jpg\" alt=\"Stabilizers for Fire Escape Ladder 2\" width=\"282\" height=\"435\" title=\"\"><\/p>\n<p style=\"text-align: left;\">St\u00f6dstabilisatorer f\u00f6r utrymningsstege ger mer s\u00e4kerhet under nedstigning eller kl\u00e4ttring upp.<\/p>\n<p><img loading=\"lazy\" decoding=\"async\" class=\"alignnone wp-image-4739\" src=\"https:\/\/isopllc.com\/usa\/wp-content\/uploads\/sites\/4\/2022\/12\/Stabilizers-for-Fire-Escape-Ladder-6.jpg\" alt=\"Stabilizers for Fire Escape Ladder 6\" width=\"298\" height=\"242\" title=\"\"><\/p>\n<p style=\"text-align: left;\">Stabilisatorer f\u00f6r repstege med antislipsteg g\u00f6r nedstigningen mer stabil.<\/p>\n<p style=\"text-align: left;\"><img decoding=\"async\" class=\"a-spacing-mini\" src=\"https:\/\/m.media-amazon.com\/images\/S\/aplus-media\/sc\/66906d66-df90-4038-8550-d72faf80c38f.__CR0,0,1200,1200_PT0_SX300_V1___.jpg\" alt=\"Multifunction\" data-src=\"https:\/\/m.media-amazon.com\/images\/S\/aplus-media\/sc\/66906d66-df90-4038-8550-d72faf80c38f.__CR0,0,1200,1200_PT0_SX300_V1___.jpg\" data- title=\"\"><\/p>\n<h4 class=\"a-spacing-mini\" style=\"text-align: left;\">Multifunktion<\/h4>\n<p style=\"text-align: left;\">Kan anv\u00e4ndas f\u00f6r olika \u00e4ndam\u00e5l som lekplats, gungor, tr\u00e4dkoja, vind, tr\u00e4dg\u00e5rd, tak, loft, bunker, marina och \u00e4ven dekorativa \u00e4ndam\u00e5l. O\u00e4ndligt antal anv\u00e4ndningsalternativ.<\/p>\n<p><img decoding=\"async\" class=\"a-spacing-mini\" src=\"https:\/\/m.media-amazon.com\/images\/S\/aplus-media\/sc\/a53251f8-492d-40f3-a9db-2bdd1415646f.__CR1018,0,1260,1260_PT0_SX300_V1___.png\" alt=\"anti-slip\" data-src=\"https:\/\/m.media-amazon.com\/images\/S\/aplus-media\/sc\/a53251f8-492d-40f3-a9db-2bdd1415646f.__CR1018,0,1260,1260_PT0_SX300_V1___.png\" data- title=\"\"><\/p>\n<h4 class=\"a-spacing-mini\" style=\"text-align: left;\">Anti-halk stegpinnar<\/h4>\n<p style=\"text-align: left;\">Stegpinnen \u00e4r oktagonformade, s\u00e5 de \u00e4r p\u00e5litliga och inte hala.<\/p>\n<p><img decoding=\"async\" class=\"a-spacing-mini\" src=\"https:\/\/m.media-amazon.com\/images\/S\/aplus-media-library-service-media\/1657651a-3b04-4f8f-8300-ddb668ab5476.__CR0,0,400,400_PT0_SX300_V1___.jpg\" alt=\"Lightweight\" data-src=\"https:\/\/m.media-amazon.com\/images\/S\/aplus-media-library-service-media\/1657651a-3b04-4f8f-8300-ddb668ab5476.__CR0,0,400,400_PT0_SX300_V1___.jpg\" data- title=\"\"><\/p>\n<div class=\"apm-spacing apm-fixed-width\">\n<h4 class=\"a-spacing-mini\" style=\"text-align: left;\">L\u00e4ttvikt<\/h4>\n<p style=\"text-align: left;\">Till exempel v\u00e4ger 2,5 m bara 2 kg.<\/p>\n<p><img decoding=\"async\" class=\"a-spacing-mini\" src=\"https:\/\/m.media-amazon.com\/images\/S\/aplus-media-library-service-media\/4e4268ea-f325-4435-a292-29bd7abd9c01.__CR0,0,400,400_PT0_SX300_V1___.jpg\" alt=\"Weather resistant\" data-src=\"https:\/\/m.media-amazon.com\/images\/S\/aplus-media-library-service-media\/4e4268ea-f325-4435-a292-29bd7abd9c01.__CR0,0,400,400_PT0_SX300_V1___.jpg\" data- title=\"\"><\/p>\n<h4 class=\"a-spacing-mini\" style=\"text-align: left;\">V\u00e4dert\u00e5lig<\/h4>\n<p style=\"text-align: left;\">N\u00e4stan aldrig \u00e5ldrande stegar f\u00f6r alla v\u00e4der, kan inte skadas i regn.<\/p>\n<p><img decoding=\"async\" class=\"a-spacing-mini\" src=\"https:\/\/m.media-amazon.com\/images\/S\/aplus-media-library-service-media\/2b946128-4652-4d13-abea-6ac4f59b6e56.__CR0,0,300,300_PT0_SX300_V1___.jpg\" alt=\"Flame resistant\" data-src=\"https:\/\/m.media-amazon.com\/images\/S\/aplus-media-library-service-media\/2b946128-4652-4d13-abea-6ac4f59b6e56.__CR0,0,300,300_PT0_SX300_V1___.jpg\" data- title=\"\"><\/p>\n<h4 class=\"a-spacing-mini\" style=\"text-align: left;\">Eldt\u00e5lig<\/h4>\n<p style=\"text-align: left;\">Speciell obr\u00e4nnbar sammans\u00e4ttning av fibrer g\u00f6r att stegen t\u00e5l en brand under en tid, men vi rekommenderar \u00e4nd\u00e5 inte att den anv\u00e4nds i direkt eld.<\/p>\n<p><img decoding=\"async\" class=\"a-spacing-mini\" src=\"https:\/\/m.media-amazon.com\/images\/S\/aplus-media-library-service-media\/7ea4637f-e804-413f-ac03-996786e67981.__CR0,0,300,300_PT0_SX300_V1___.jpg\" alt=\"Reusable\" data-src=\"https:\/\/m.media-amazon.com\/images\/S\/aplus-media-library-service-media\/7ea4637f-e804-413f-ac03-996786e67981.__CR0,0,300,300_PT0_SX300_V1___.jpg\" data- title=\"\"><\/p>\n<h4 class=\"a-spacing-mini\" style=\"text-align: left;\">\u00c5teranv\u00e4ndbar<\/h4>\n<p style=\"text-align: left;\">Till skillnad fr\u00e5n andra aluminiumstegar \u00e4r v\u00e5ra repstegar \u00e5teranv\u00e4ndbara.<\/p>\n<p><img decoding=\"async\" class=\"a-spacing-mini\" src=\"https:\/\/m.media-amazon.com\/images\/S\/aplus-media\/sc\/d843778e-92b5-40e7-a239-8e35fcbadff6.__CR0,0,2000,2000_PT0_SX300_V1___.jpg\" alt=\"Different length \" data-src=\"https:\/\/m.media-amazon.com\/images\/S\/aplus-media\/sc\/d843778e-92b5-40e7-a239-8e35fcbadff6.__CR0,0,2000,2000_PT0_SX300_V1___.jpg\" data- title=\"\"><\/p>\n<\/div>\n<\/div>\n<\/div>\n<\/div>\n<div class=\"celwidget aplus-module module-9 aplus-standard\">\n<div class=\"a-expander-collapsed-height a-row a-expander-container a-expander-partial-collapse-container\" data-a-expander-name=\"aplus-module-expander\" data-a-expander-collapsed-height=\"700\">\n<div class=\"a-expander-content a-expander-partial-collapse-content\" aria-expanded=\"false\">\n<h4 class=\"a-spacing-mini\" style=\"text-align: left;\">Olika l\u00e4ngd<\/h4>\n<p style=\"text-align: left;\">Finns 2,5 \/ 4 \/ 5 \/ 8 \/ 10 m f\u00f6r 1 &#8211; 4 v\u00e5ningshus.<\/p>\n<\/div>\n<\/div>\n<\/div>\n<div class=\"celwidget aplus-module module-9 aplus-standard\">\n<div class=\"a-expander-collapsed-height a-row a-expander-container a-expander-partial-collapse-container\" data-a-expander-name=\"aplus-module-expander\" data-a-expander-collapsed-height=\"700\">\n<div class=\"a-expander-content a-expander-partial-collapse-content\" aria-expanded=\"false\">\n<div class=\"aplus-module-wrapper apm-fixed-width\">\n<div class=\"apm-spacing apm-fixed-width\"><img decoding=\"async\" class=\"a-spacing-mini\" src=\"https:\/\/m.media-amazon.com\/images\/S\/aplus-media-library-service-media\/7e929cf8-7d43-486b-bf09-23dd5b161d01.__CR0,0,300,300_PT0_SX300_V1___.jpg\" alt=\"THE BEST\" data-src=\"https:\/\/m.media-amazon.com\/images\/S\/aplus-media-library-service-media\/7e929cf8-7d43-486b-bf09-23dd5b161d01.__CR0,0,300,300_PT0_SX300_V1___.jpg\" data- title=\"\"><\/div>\n<div><\/div>\n<\/div>\n<div>\n<h4 class=\"a-spacing-mini\" style=\"text-align: left;\">DET B\u00c4STA<\/h4>\n<p style=\"text-align: left;\">Det finns andra repstegeerbjudanden som liknar v\u00e5ra. MEN (!) de fl\u00e4tar inte in tillr\u00e4ckligt med tr\u00e5dar i repen och sparar p\u00e5 detta varf\u00f6r repen \u00e4r otillr\u00e4ckligt t\u00e4ta eller t\u00e4ta, d\u00e4rf\u00f6r inte tillf\u00f6rlitliga.<\/p>\n<\/div>\n<\/div>\n<\/div>\n<\/div>\n<\/div>\n<\/div>\n<\/div>\n<\/div>\n<\/div>\n<\/div>\n<\/div>\n<\/div>\n<\/div>\n<\/div>\n<\/div>\n<\/div>\n<\/div>\n<\/div>\n","protected":false},"excerpt":{"rendered":"<p id=\"title\" class=\"a-size-large a-spacing-none\" style=\"text-align: center;\"><span id=\"productTitle\" class=\"a-size-large product-title-word-break\">Tv\u00e5v\u00e5nings brandtrappstege 4 m med frist\u00e5ende stabilisatorer &#8211; Flams\u00e4ker n\u00f6drepstege med fj\u00e4derkrokar &#8211; \u00c5teranv\u00e4ndbar &#8211; Viktkapacitet upp till 900 kg<\/span><\/p>\n<p style=\"text-align: center;\">GRATIS LEVERANS INOM 3-7 DAGAR<\/p>\n<h4 style=\"text-align: center;\"><strong>K\u00d6P DEN P\u00c5<\/strong><br \/>\n<a href=\"https:\/\/www.amazon.se\/dp\/B0BM939DD7?ref=myi_title_dp&amp;th=1\"><img loading=\"lazy\" decoding=\"async\" class=\"aligncenter wp-image-1040 size-full\" src=\"https:\/\/isopllc.com\/se\/wp-content\/uploads\/sites\/10\/2020\/01\/amazon-button9.png\" alt=\"\" width=\"160\" height=\"59\" \/><\/a><\/h4>\n","protected":false},"featured_media":4885,"comment_status":"open","ping_status":"closed","template":"","meta":[],"product_brand":[],"product_cat":[197,196,192,193],"product_tag":[166,158,34,167],"class_list":{"0":"post-4892","1":"product","2":"type-product","3":"status-publish","4":"has-post-thumbnail","6":"product_cat-brandutgangsstegar-1-vaning","7":"product_cat-brandutgangsstegar-2-vaningar","8":"product_cat-brandutgangsstegar-med-avstandshallare","9":"product_cat-repstegar-brandutgang","10":"product_tag-brandtrappstege","11":"product_tag-fristaende-stabilisatorer","12":"product_tag-sakerhetsutrustning","13":"product_tag-tvavanings","15":"first","16":"instock","17":"shipping-taxable","18":"purchasable","19":"product-type-simple"},"_links":{"self":[{"href":"https:\/\/isopllc.com\/se\/wp-json\/wp\/v2\/product\/4892","targetHints":{"allow":["GET"]}}],"collection":[{"href":"https:\/\/isopllc.com\/se\/wp-json\/wp\/v2\/product"}],"about":[{"href":"https:\/\/isopllc.com\/se\/wp-json\/wp\/v2\/types\/product"}],"replies":[{"embeddable":true,"href":"https:\/\/isopllc.com\/se\/wp-json\/wp\/v2\/comments?post=4892"}],"wp:featuredmedia":[{"embeddable":true,"href":"https:\/\/isopllc.com\/se\/wp-json\/wp\/v2\/media\/4885"}],"wp:attachment":[{"href":"https:\/\/isopllc.com\/se\/wp-json\/wp\/v2\/media?parent=4892"}],"wp:term":[{"taxonomy":"product_brand","embeddable":true,"href":"https:\/\/isopllc.com\/se\/wp-json\/wp\/v2\/product_brand?post=4892"},{"taxonomy":"product_cat","embeddable":true,"href":"https:\/\/isopllc.com\/se\/wp-json\/wp\/v2\/product_cat?post=4892"},{"taxonomy":"product_tag","embeddable":true,"href":"https:\/\/isopllc.com\/se\/wp-json\/wp\/v2\/product_tag?post=4892"}],"curies":[{"name":"wp","href":"https:\/\/api.w.org\/{rel}","templated":true}]}}