{"id":4916,"date":"2023-10-23T12:49:44","date_gmt":"2023-10-23T12:49:44","guid":{"rendered":"https:\/\/isopllc.com\/se\/?post_type=product&#038;p=4916"},"modified":"2025-10-04T14:13:54","modified_gmt":"2025-10-04T14:13:54","slug":"brandutrymningsstation-stor-rod-lada-for-brandsakerhetsprylar","status":"publish","type":"product","link":"https:\/\/isopllc.com\/se\/product\/brandutrymningsstation-stor-rod-lada-for-brandsakerhetsprylar\/","title":{"rendered":"Brandutrymningsstation Stor &#8211; R\u00f6d l\u00e5da f\u00f6r brands\u00e4kerhetsprylar | AED Defibrillator"},"content":{"rendered":"<h1 id=\"title\" class=\"a-size-large a-spacing-none\">Brandutrymningsstation Stor &#8211; R\u00f6d l\u00e5da f\u00f6r brands\u00e4kerhetsprylar &#8211; med krokar f\u00f6r brandfilt och brandsl\u00e4ckare &#8211; 36 * 29 * 17 cm &#8211; V\u00e4ggmonterat sk\u00e5p<\/h1>\n<p><img loading=\"lazy\" decoding=\"async\" class=\"alignnone wp-image-5043\" src=\"https:\/\/isopllc.com\/usa\/wp-content\/uploads\/sites\/4\/2023\/06\/71dmxhPEm7L._AC_SL1500_.jpg\" alt=\"\" width=\"413\" height=\"397\" title=\"\"><\/p>\n<div class=\"a-section a-spacing-none premium-aplus-15-heading\">\n<h1 class=\"premium-aplus-15-heading-text a-text-bold\">Varf\u00f6r tror vi att det \u00e4r b\u00e4ttre att k\u00f6pa en accessbox f\u00f6r n\u00f6dstege?<\/h1>\n<\/div>\n<div class=\"a-section a-spacing-none\">\n<p>Av olika anledningar!<\/p>\n<p>1. Genom att f\u00e4sta l\u00e5dan p\u00e5 v\u00e4ggen (under f\u00f6nstret eller p\u00e5 balkongen) med ankare, kan du omedelbart f\u00e4sta stegen p\u00e5 ankar\u00f6glorna, sedan i n\u00f6dfall kastar du helt enkelt ut stegen genom f\u00f6nstret och omedelbart b\u00f6rjar g\u00e5 nerf\u00f6r utan att sl\u00f6sa bort dyrbara sekunder i f\u00f6rvirringen och leta efter var man ska f\u00e4sta stegen.<\/p>\n<p>2. Du kan f\u00e4sta l\u00e5dan b\u00e5de i och utanf\u00f6r huset. Utanf\u00f6r \u00e4r f\u00f6rdelen att den inte tar plats hemma och inte f\u00f6rst\u00f6r designen av rummet, men samtidigt \u00e4r den ganska tillg\u00e4nglig om den f\u00e4sts bredvid ett f\u00f6nster eller p\u00e5 en balkong.<\/p>\n<p>3. Det \u00e4r ocks\u00e5 bekv\u00e4mt inifr\u00e5n huset, eftersom det alltid finns till hands och det h\u00e4r viktiga livr\u00e4ddande f\u00f6rem\u00e5let \u00e4r i sikte f\u00f6r att inte sl\u00f6sa tid p\u00e5 att leta efter det under en brand.<\/p>\n<p>4. Det \u00e4r enligt v\u00e5r mening v\u00e4ldigt s\u00e4kert att f\u00e4sta stegarna p\u00e5 kl\u00e4tterankarna inne i l\u00e5dan, d\u00e5 de t\u00e5l 25 KN \u00e4n p\u00e5 allt i ditt hem, inklusive f\u00f6nsterkarmen eller balkongspr\u00e4ngerna.<\/p>\n<p><img loading=\"lazy\" decoding=\"async\" class=\"alignnone wp-image-5044\" src=\"https:\/\/isopllc.com\/usa\/wp-content\/uploads\/sites\/4\/2023\/06\/e08f082b-1e10-499b-8698-78d3a32260a7.__CR00800600_PT0_SX800_V1___.jpg\" alt=\"\" width=\"405\" height=\"304\" title=\"\"><\/p>\n<h1 class=\"aplus-h1 aplus-module-1-heading a-text-bold\">En enda brandn\u00f6dstation lagrar alla dina n\u00f6df\u00f6rn\u00f6denheter p\u00e5 ett st\u00e4lle<\/h1>\n<ul class=\"a-unordered-list a-vertical\">\n<li>R\u00f6d aluminiuml\u00e5da med magnetisk glasd\u00f6rr f\u00f6r brandevakueringsstege 36*29*17 cm<\/li>\n<li>H\u00e5rdvara f\u00f6r installation (monteringsankare 25KN)<\/li>\n<li>Krokar f\u00f6r brandsl\u00e4ckare och brandfilt (p\u00e5 sidorna av l\u00e5dan)<\/li>\n<\/ul>\n<p><img loading=\"lazy\" decoding=\"async\" class=\"alignnone wp-image-5045\" src=\"https:\/\/isopllc.com\/usa\/wp-content\/uploads\/sites\/4\/2023\/06\/cb120de2-f0e0-46e6-9ca4-ca80dc32f1e5.__CR00800600_PT0_SX800_V1___.jpg\" alt=\"\" width=\"418\" height=\"313\" title=\"\"><\/p>\n<h1 class=\"aplus-h1 aplus-module-1-heading a-text-bold\">Aluminiuml\u00e5da inomhus utomhus f\u00f6r utrymningsstegar Sl\u00e4ckare eller brandfilt<\/h1>\n<ul class=\"a-unordered-list a-vertical\">\n<li>Kompakt design<\/li>\n<li>Kraftig j\u00e4rnkonstruktion<\/li>\n<li>Akrylglas (vilket \u00e4r s\u00e4krare \u00e4n standardglas under n\u00f6dsituationer)<\/li>\n<li>Monteras enkelt p\u00e5 v\u00e4ggen<\/li>\n<li>L\u00e4tt att hitta n\u00e4r det beh\u00f6vs<img loading=\"lazy\" decoding=\"async\" class=\"alignnone wp-image-5046\" src=\"https:\/\/isopllc.com\/usa\/wp-content\/uploads\/sites\/4\/2023\/06\/30d1215a-a397-4e25-a9a6-f4f6b8fc8a0a.__CR00800600_PT0_SX800_V1___.jpg\" alt=\"\" width=\"425\" height=\"319\" title=\"\"><\/li>\n<\/ul>\n<h1 class=\"aplus-h1 aplus-module-1-heading a-text-bold\">Brandstegssk\u00e5p i j\u00e4rn<\/h1>\n<p>H\u00e5ller din sl\u00e4ckare eller utrymningsstege l\u00e4ttillg\u00e4nglig i h\u00e4ndelse av en n\u00f6dsituation.<\/p>\n<p>P\u00e5 grund av dess kompakta storlek &#8211; 36x29x17 cm | 0,04 tum tunn och h\u00e5llbar konstruktion, detta sk\u00e5p \u00e4r idealiskt f\u00f6r l\u00e4genheter, l\u00e4genheter och sm\u00e5f\u00f6retag, och det ger en s\u00e4ker och s\u00e4ker plats f\u00f6r l\u00e5ngtidsf\u00f6rvaring.<\/p>\n<p><img loading=\"lazy\" decoding=\"async\" class=\"alignnone wp-image-5047\" src=\"https:\/\/isopllc.com\/usa\/wp-content\/uploads\/sites\/4\/2023\/06\/6d581a96-7d79-4318-ace2-7057cd2fcdb0.__CR00800600_PT0_SX800_V1___.jpg\" alt=\"\" width=\"443\" height=\"332\" title=\"\"><\/p>\n<h1 class=\"aplus-h1 aplus-module-1-heading a-text-bold\">Brandstation<\/h1>\n<p class=\"aplus-p2 aplus-module-1-description\">I h\u00e4ndelse av en pl\u00f6tslig brand i ett hem eller f\u00f6retag, tillhandah\u00e5ll en avsedd plats f\u00f6r din brandsl\u00e4ckare eller stege som h\u00e5ller den n\u00e4ra och redo n\u00e4r den beh\u00f6vs som mest.<\/p>\n<p><img loading=\"lazy\" decoding=\"async\" class=\"alignnone wp-image-4545\" src=\"https:\/\/isopllc.com\/usa\/wp-content\/uploads\/sites\/4\/2021\/12\/Built-In-Fire-Escape-Ladder-2-Story-13ft-Retractable-Ladders-Fire-Ladder-for-Homes-Include-Aluminum-Box-Snap-Hooks-and-2-Anchors-Set6.jpg\" alt=\"\" width=\"427\" height=\"427\" title=\"\"><\/p>\n<h1 class=\"aplus-h1 aplus-module-1-heading a-text-bold\">Professionellt topprepsankare<\/h1>\n<p>Kl\u00e4tterankarbultar som inneh\u00e5ller 2 st h\u00e4ngplattor och 2 st expansionsbultar, bultmuttrar och plana brickor. H\u00e4ngplattor f\u00f6r permanent ankarpunkt.<\/p>\n<p>Setet l\u00e5ter dig f\u00e4sta l\u00e5dan p\u00e5 en v\u00e4gg. De h\u00e5ller inte bara l\u00e5dan, utan \u00e4ven f\u00e4st\u00f6glor designade f\u00f6r tv\u00e5 karbinhakar g\u00f6r att du kan haka fast en repstege f\u00f6r att g\u00e5 ner fr\u00e5n ett f\u00f6nster.<\/p>\n<\/div>\n","protected":false},"excerpt":{"rendered":"[embed]https:\/\/youtu.be\/jqFYSKnDwhk[\/embed]\n<p id=\"title\" class=\"a-size-large a-spacing-none\" style=\"text-align: center;\">Brandutrymningsstation Stor &#8211; R\u00f6d l\u00e5da f\u00f6r brands\u00e4kerhetsprylar &#8211; med krokar f\u00f6r brandfilt och brandsl\u00e4ckare &#8211; 36 * 29 * 17 cm &#8211; V\u00e4ggmonterat sk\u00e5p<\/p>\n<p style=\"text-align: center;\">GRATIS LEVERANS INOM 3-7 DAGAR<\/p>\n<h4 style=\"text-align: center;\"><strong>K\u00d6P DEN P\u00c5<\/strong><br \/>\n<a href=\"https:\/\/www.amazon.se\/dp\/B0BZYJ6FX6?ref=myi_title_dp\"><img loading=\"lazy\" decoding=\"async\" class=\"aligncenter wp-image-1040 size-full\" src=\"https:\/\/isopllc.com\/se\/wp-content\/uploads\/sites\/10\/2020\/01\/amazon-button9.png\" alt=\"\" width=\"160\" height=\"59\" \/><\/a><\/h4>\n","protected":false},"featured_media":4929,"comment_status":"open","ping_status":"closed","template":"","meta":[],"product_brand":[],"product_cat":[189,187],"product_tag":[81,82,78,79,54],"class_list":{"0":"post-4916","1":"product","2":"type-product","3":"status-publish","4":"has-post-thumbnail","6":"product_cat-forvaringslada-for-brandutgangsstegar","7":"product_cat-tillbehor-till-brandstegar","8":"product_tag-aed-defibrillator","9":"product_tag-brandsakerhetsprylar","10":"product_tag-brandutrymningsstation","11":"product_tag-rod-lada","12":"product_tag-stor","14":"first","15":"instock","16":"shipping-taxable","17":"purchasable","18":"product-type-simple"},"_links":{"self":[{"href":"https:\/\/isopllc.com\/se\/wp-json\/wp\/v2\/product\/4916","targetHints":{"allow":["GET"]}}],"collection":[{"href":"https:\/\/isopllc.com\/se\/wp-json\/wp\/v2\/product"}],"about":[{"href":"https:\/\/isopllc.com\/se\/wp-json\/wp\/v2\/types\/product"}],"replies":[{"embeddable":true,"href":"https:\/\/isopllc.com\/se\/wp-json\/wp\/v2\/comments?post=4916"}],"wp:featuredmedia":[{"embeddable":true,"href":"https:\/\/isopllc.com\/se\/wp-json\/wp\/v2\/media\/4929"}],"wp:attachment":[{"href":"https:\/\/isopllc.com\/se\/wp-json\/wp\/v2\/media?parent=4916"}],"wp:term":[{"taxonomy":"product_brand","embeddable":true,"href":"https:\/\/isopllc.com\/se\/wp-json\/wp\/v2\/product_brand?post=4916"},{"taxonomy":"product_cat","embeddable":true,"href":"https:\/\/isopllc.com\/se\/wp-json\/wp\/v2\/product_cat?post=4916"},{"taxonomy":"product_tag","embeddable":true,"href":"https:\/\/isopllc.com\/se\/wp-json\/wp\/v2\/product_tag?post=4916"}],"curies":[{"name":"wp","href":"https:\/\/api.w.org\/{rel}","templated":true}]}}