{"id":4938,"date":"2023-10-23T13:25:44","date_gmt":"2023-10-23T13:25:44","guid":{"rendered":"https:\/\/isopllc.com\/se\/?post_type=product&#038;p=4938"},"modified":"2025-07-01T03:32:46","modified_gmt":"2025-07-01T03:32:46","slug":"utrymningsstege-3-vaningar-8m","status":"publish","type":"product","link":"https:\/\/isopllc.com\/se\/product\/utrymningsstege-3-vaningar-8m\/","title":{"rendered":"Utrymningsstege 3 v\u00e5ningar (8m)"},"content":{"rendered":"<h1 id=\"title\" class=\"a-size-large a-spacing-none\">Utrymningsstege 3 v\u00e5ningar (8m) &#8211; Repstege f\u00f6r brandflykt i r\u00f6d l\u00e5da &#8211; Emergecny filt &amp; monteringsankare ing\u00e5r<\/h1>\n<p><img loading=\"lazy\" decoding=\"async\" class=\"alignnone size-medium wp-image-5062\" src=\"https:\/\/isopllc.com\/se\/wp-content\/uploads\/sites\/10\/2023\/10\/firefighters-recommended-rope-ladder-300x300.jpg\" alt=\"firefighters recommended rope ladder\" width=\"300\" height=\"300\" title=\"\" srcset=\"https:\/\/isopllc.com\/se\/wp-content\/uploads\/sites\/10\/2023\/10\/firefighters-recommended-rope-ladder-300x300.jpg 300w, https:\/\/isopllc.com\/se\/wp-content\/uploads\/sites\/10\/2023\/10\/firefighters-recommended-rope-ladder-150x150.jpg 150w, https:\/\/isopllc.com\/se\/wp-content\/uploads\/sites\/10\/2023\/10\/firefighters-recommended-rope-ladder-416x416.jpg 416w, https:\/\/isopllc.com\/se\/wp-content\/uploads\/sites\/10\/2023\/10\/firefighters-recommended-rope-ladder-100x100.jpg 100w, https:\/\/isopllc.com\/se\/wp-content\/uploads\/sites\/10\/2023\/10\/firefighters-recommended-rope-ladder.jpg 540w\" sizes=\"auto, (max-width: 300px) 100vw, 300px\" \/><\/p>\n<p>One-stop n\u00f6dutrymningsstation lagrar alla dina brandn\u00f6dtillbeh\u00f6r p\u00e5 ett st\u00e4lle (brandsl\u00e4ckare ing\u00e5r ej)<\/p>\n<p>&nbsp;<\/p>\n<ul class=\"a-unordered-list a-vertical\">\n<li>R\u00f6d l\u00e5da med h\u00f6g synlighet med magnetd\u00f6rr<\/li>\n<li>Utrymningsstege 8m<\/li>\n<li>H\u00e5rdvara ing\u00e5r f\u00f6r installation (monteringsankare)<\/li>\n<li>Montering f\u00f6r brandsl\u00e4ckare<\/li>\n<\/ul>\n<p><img loading=\"lazy\" decoding=\"async\" class=\"alignnone wp-image-5052\" src=\"https:\/\/isopllc.com\/usa\/wp-content\/uploads\/sites\/4\/2023\/06\/51vVQaI3XKL._AC_.jpg\" alt=\"\" width=\"374\" height=\"232\" title=\"\"><\/p>\n<h3 class=\"a-spacing-mini\">Varf\u00f6r tror vi att det \u00e4r b\u00e4ttre att k\u00f6pa en brandtrappa i en aluminiuml\u00e5da? Av olika anledningar!<\/h3>\n<p>1. Genom att f\u00e4sta l\u00e5dan p\u00e5 v\u00e4ggen (under f\u00f6nstret eller p\u00e5 balkongen) med ankare, kan du omedelbart f\u00e4sta stegen p\u00e5 ankar\u00f6glorna, sedan i n\u00f6dfall kastar du helt enkelt ut stegen genom f\u00f6nstret och omedelbart b\u00f6rjar g\u00e5 nerf\u00f6r utan att sl\u00f6sa bort dyrbara sekunder i f\u00f6rvirringen och leta efter var man ska f\u00e4sta stegen.<\/p>\n<p>2. Du kan f\u00e4sta l\u00e5dan b\u00e5de i och utanf\u00f6r huset. Utanf\u00f6r \u00e4r f\u00f6rdelen att den inte tar plats hemma och inte f\u00f6rst\u00f6r designen av rummet, men samtidigt \u00e4r den ganska tillg\u00e4nglig om den f\u00e4sts bredvid ett f\u00f6nster eller p\u00e5 en balkong.<\/p>\n<p>3. Det \u00e4r ocks\u00e5 bekv\u00e4mt inifr\u00e5n huset, eftersom det alltid finns till hands och det h\u00e4r viktiga livr\u00e4ddande f\u00f6rem\u00e5let \u00e4r i sikte f\u00f6r att inte sl\u00f6sa tid p\u00e5 att leta efter det under en brand.<\/p>\n<p>4. Det \u00e4r enligt v\u00e5r mening v\u00e4ldigt s\u00e4kert att f\u00e4sta stegarna p\u00e5 kl\u00e4tterankarna inne i l\u00e5dan, d\u00e5 de t\u00e5l 25 KN \u00e4n p\u00e5 allt i ditt hem, inklusive f\u00f6nsterkarmen eller balkongspr\u00e4ngerna.<\/p>\n<h4>Varf\u00f6r v\u00e4lja v\u00e5ra brandtrappar<\/h4>\n<p><img loading=\"lazy\" decoding=\"async\" class=\"alignnone size-medium wp-image-4925\" src=\"https:\/\/isopllc.com\/se\/wp-content\/uploads\/sites\/10\/2023\/10\/red-box-large-300x240.jpg\" alt=\"red box large\" width=\"300\" height=\"240\" title=\"\" srcset=\"https:\/\/isopllc.com\/se\/wp-content\/uploads\/sites\/10\/2023\/10\/red-box-large-300x240.jpg 300w, https:\/\/isopllc.com\/se\/wp-content\/uploads\/sites\/10\/2023\/10\/red-box-large-768x615.jpg 768w, https:\/\/isopllc.com\/se\/wp-content\/uploads\/sites\/10\/2023\/10\/red-box-large-416x333.jpg 416w, https:\/\/isopllc.com\/se\/wp-content\/uploads\/sites\/10\/2023\/10\/red-box-large.jpg 886w\" sizes=\"auto, (max-width: 300px) 100vw, 300px\" \/><\/p>\n<p>&nbsp;<\/p>\n<p>Universellt brandstegssk\u00e5p i aluminium h\u00e5ller din utrymningsstege l\u00e4ttillg\u00e4nglig i h\u00e4ndelse av en n\u00f6dsituation.<\/p>\n<p>P\u00e5 grund av sin kompakta storlek och h\u00e5llbara konstruktion \u00e4r detta sk\u00e5p idealiskt f\u00f6r l\u00e4genheter, l\u00e4genheter och sm\u00e5f\u00f6retag, och det ger en s\u00e4ker och s\u00e4ker plats f\u00f6r l\u00e5ngtidsf\u00f6rvaring.<\/p>\n<p><img decoding=\"async\" class=\"a-spacing-mini\" style=\"font-weight: 600\" src=\"https:\/\/m.media-amazon.com\/images\/S\/aplus-media-library-service-media\/94e0f1b0-d713-4663-a172-3e35c4090aaa.__CR0,0,1000,1000_PT0_SX300_V1___.jpg\" alt=\"Gentle to hands\" data-src=\"https:\/\/m.media-amazon.com\/images\/S\/aplus-media-library-service-media\/94e0f1b0-d713-4663-a172-3e35c4090aaa.__CR0,0,1000,1000_PT0_SX300_V1___.jpg\" data- title=\"\"><\/p>\n<div class=\"aplus-module-wrapper apm-fixed-width\">\n<div class=\"apm-spacing apm-fixed-width\">\n<div class=\"celwidget aplus-module module-9 aplus-standard\" data-csa-c-id=\"emkbnl-11vq23-1incdi-lfo9yf\" data-cel-widget=\"aplus-module-9\">\n<div class=\"aplus-module-wrapper apm-fixed-width\">\n<div class=\"apm-spacing apm-fixed-width\">\n<div id=\"aplus_feature_div\" class=\"celwidget\" data-feature-name=\"aplus\" data-csa-c-type=\"widget\" data-csa-c-content-id=\"aplus\" data-csa-c-slot-id=\"aplus_feature_div\" data-csa-c-asin=\"\" data-csa-c-is-in-initial-active-row=\"false\" data-csa-c-id=\"ebpnh7-v23cw7-lv803-rp18f9\" data-cel-widget=\"aplus_feature_div\">\n<div id=\"aplus\" class=\"a-section a-spacing-large bucket\">\n<div class=\"aplus-v2 desktop celwidget\" data-csa-c-id=\"322z1i-fsajov-ud7fia-k0knjv\" data-cel-widget=\"aplus\">\n<div class=\"celwidget aplus-module module-9 aplus-standard\" data-csa-c-id=\"e5nyxf-jpncv6-ubo24v-ozeiyw\" data-cel-widget=\"aplus-module-9\">\n<div class=\"aplus-module-wrapper apm-fixed-width\">\n<div class=\"apm-spacing apm-fixed-width\">\n<h3>Mild mot h\u00e4nderna<\/h3>\n<p>N\u00e4r vi skapade dessa stegar tog vi h\u00e4nsyn till v\u00e5ra konkurrenters brister. De andra har m\u00e5nga klagom\u00e5l p\u00e5 det faktum att stegpinnar sk\u00e4r anv\u00e4ndarnas h\u00e4nder n\u00e4r de anv\u00e4nder sina stegar eftersom aluminiumspinnarna \u00e4r vassa. Vi tog h\u00e4nsyn till detta och v\u00e5ra stegar har inga skarpa h\u00f6rn och de \u00e4r s\u00e4kra att anv\u00e4nda av b\u00e5de vuxna och barn.<\/p>\n<p><img decoding=\"async\" class=\"a-spacing-mini\" style=\"font-weight: 600\" src=\"https:\/\/m.media-amazon.com\/images\/S\/aplus-media\/sc\/27f9c708-c858-49c0-96f7-815dd0fa4f9a.__CR0,0,1000,1000_PT0_SX300_V1___.jpg\" alt=\"Wide application\" data-src=\"https:\/\/m.media-amazon.com\/images\/S\/aplus-media\/sc\/27f9c708-c858-49c0-96f7-815dd0fa4f9a.__CR0,0,1000,1000_PT0_SX300_V1___.jpg\" data- title=\"\"><\/p>\n<h3>Integrerade remmar<\/h3>\n<p>\u00c5terigen, om man j\u00e4mf\u00f6r v\u00e5ra stegar med konkurrenter, b\u00f6r det noteras att, till skillnad fr\u00e5n andra, best\u00e5r v\u00e5ra stegar fr\u00e5n topp till botten av ett stycke webbingband som t\u00e5l upp till 1200 pund (!) Tack vare en speciell patenterad teknologi. Medan konkurrenternas webbstegar sys i bitar, vilket enligt v\u00e5r mening \u00e4r op\u00e5litligt.<\/p>\n<p><img decoding=\"async\" class=\"a-spacing-mini\" style=\"font-weight: 600\" src=\"https:\/\/m.media-amazon.com\/images\/S\/aplus-media-library-service-media\/3e3631ef-bf95-4934-bd5d-2881c8d8d8c7.__CR0,0,300,300_PT0_SX300_V1___.jpg\" alt=\"Climbing anchor bolts set\" data-src=\"https:\/\/m.media-amazon.com\/images\/S\/aplus-media-library-service-media\/3e3631ef-bf95-4934-bd5d-2881c8d8d8c7.__CR0,0,300,300_PT0_SX300_V1___.jpg\" data- title=\"\"><\/p>\n<\/div>\n<div>Levereras med ett set med kl\u00e4ttringsankare, 2 st h\u00e4ngplattor och 2 st expansionsbultar. Bultmuttrar och plattbrickor ing\u00e5r.<\/div>\n<div><\/div>\n<div><img decoding=\"async\" class=\"a-spacing-mini\" style=\"font-weight: 600\" src=\"https:\/\/m.media-amazon.com\/images\/S\/aplus-media\/sc\/42cab632-a2d0-40fd-a2dd-280d531bf010.__CR282,0,1000,1000_PT0_SX300_V1___.jpg\" alt=\"For window or balcony\" data-src=\"https:\/\/m.media-amazon.com\/images\/S\/aplus-media\/sc\/42cab632-a2d0-40fd-a2dd-280d531bf010.__CR282,0,1000,1000_PT0_SX300_V1___.jpg\" data- title=\"\"><\/div>\n<\/div>\n<\/div>\n<div><\/div>\n<div class=\"celwidget aplus-module module-9 aplus-standard\" data-csa-c-id=\"e5nyxf-jpncv6-ubo24v-ozeiyw\" data-cel-widget=\"aplus-module-9\">\n<h3>Stabilisatorer<\/h3>\n<p>V\u00e5ra stegpinnar har stabilisatorer som g\u00f6r att stegarna inte f\u00e4ster t\u00e4tt mot v\u00e4ggen utan h\u00e5ller sig stadiga mot den och d\u00e4rf\u00f6r avsev\u00e4rt underl\u00e4ttar nedstigningen fr\u00e5n andra eller tredje v\u00e5ningen.<\/p>\n<h4><img decoding=\"async\" class=\"a-spacing-mini\" style=\"font-weight: 600\" src=\"https:\/\/m.media-amazon.com\/images\/S\/aplus-media\/sc\/8b1ba6ce-d84f-4314-b98a-95d063fc3e5e.__CR500,0,1000,1000_PT0_SX300_V1___.jpg\" alt=\"For window or balcony\" data-src=\"https:\/\/m.media-amazon.com\/images\/S\/aplus-media\/sc\/8b1ba6ce-d84f-4314-b98a-95d063fc3e5e.__CR500,0,1000,1000_PT0_SX300_V1___.jpg\" data- title=\"\">Anti-slip stegpinnar<\/h4>\n<p>Ett speciellt m\u00f6nster p\u00e5 stegpinnarnas yta g\u00f6r nedstigningen fr\u00e5n l\u00e4genheten halkfri i alla v\u00e4der.<\/p>\n<h4>Certifierad<\/h4>\n<p>V\u00e5ra stegar, till skillnad fr\u00e5n alla liknande p\u00e5 marknaden, \u00e4r certifierade enligt kvalitetsstandarden EN 131. Det \u00e4r b\u00e4ttre att lita p\u00e5 ditt liv med en produkt som har genomg\u00e5tt alla n\u00f6dv\u00e4ndiga tester \u00e4n med en n\u00e5got billigare vara tillverkad av vem vet vad.<\/p>\n<p><img loading=\"lazy\" decoding=\"async\" class=\"alignnone size-medium wp-image-5261\" src=\"https:\/\/isopllc.com\/se\/wp-content\/uploads\/sites\/10\/2023\/10\/14-300x300.jpg\" alt=\"Certifierad Utrymningsstege 3 v\u00e5ningar\" width=\"300\" height=\"300\" title=\"\" srcset=\"https:\/\/isopllc.com\/se\/wp-content\/uploads\/sites\/10\/2023\/10\/14-300x300.jpg 300w, https:\/\/isopllc.com\/se\/wp-content\/uploads\/sites\/10\/2023\/10\/14-1024x1024.jpg 1024w, https:\/\/isopllc.com\/se\/wp-content\/uploads\/sites\/10\/2023\/10\/14-150x150.jpg 150w, https:\/\/isopllc.com\/se\/wp-content\/uploads\/sites\/10\/2023\/10\/14-768x768.jpg 768w, https:\/\/isopllc.com\/se\/wp-content\/uploads\/sites\/10\/2023\/10\/14-1000x1000.jpg 1000w, https:\/\/isopllc.com\/se\/wp-content\/uploads\/sites\/10\/2023\/10\/14-416x416.jpg 416w, https:\/\/isopllc.com\/se\/wp-content\/uploads\/sites\/10\/2023\/10\/14-100x100.jpg 100w, https:\/\/isopllc.com\/se\/wp-content\/uploads\/sites\/10\/2023\/10\/14.jpg 1080w\" sizes=\"auto, (max-width: 300px) 100vw, 300px\" \/><\/p>\n<h4>\u00c5teranv\u00e4ndbar<\/h4>\n<p>V\u00e5ra stegar \u00e4r \u00e5teranv\u00e4ndbara, dessutom kan de enkelt fixeras, till skillnad fr\u00e5n andras som m\u00e5ste kasseras. Med r\u00e4tt f\u00f6rvaring kan de h\u00e5lla i flera \u00e5r!<\/p>\n<p><img loading=\"lazy\" decoding=\"async\" class=\"alignnone wp-image-4293\" src=\"https:\/\/isopllc.com\/usa\/wp-content\/uploads\/sites\/4\/2020\/12\/91R3KSmpDgL._AC_SL1500_.jpg\" alt=\"\" width=\"307\" height=\"230\" title=\"\"><\/p>\n<\/div>\n<h4>Kraftiga karbinhakar<\/h4>\n<p>Stegarna inkluderar kromade karbinhakar med brotth\u00e5llfasthet 11KN.<\/p>\n<p>&nbsp;<\/p>\n<\/div>\n<\/div>\n<div>\n<p><img decoding=\"async\" class=\"a-spacing-mini\" style=\"font-weight: 600\" src=\"https:\/\/m.media-amazon.com\/images\/S\/aplus-media-library-service-media\/c3b3fb51-597d-4234-91a3-95fb43b58226.__CR0,0,300,300_PT0_SX300_V1___.jpg\" alt=\"ladder\" data-src=\"https:\/\/m.media-amazon.com\/images\/S\/aplus-media-library-service-media\/c3b3fb51-597d-4234-91a3-95fb43b58226.__CR0,0,300,300_PT0_SX300_V1___.jpg\" data- title=\"\"><\/p>\n<\/div>\n<h3>V\u00e4derbest\u00e4ndig<\/h3>\n<p>Den speciella pulverlackerade f\u00e4rgen skyddar stegpinnarna mot rost, och polyesterbandet \u00e4r mycket motst\u00e5ndskraftigt mot vatten eller sn\u00f6, d\u00e4rf\u00f6r \u00e4r v\u00e5ra utrymningsstegar v\u00e4derbest\u00e4ndiga.<\/p>\n<p><img decoding=\"async\" src=\"https:\/\/m.media-amazon.com\/images\/S\/aplus-media-library-service-media\/0c3c254d-684e-4313-bc9f-ae4b4b7e7ee7.__CR0,0,300,300_PT0_SX300_V1___.jpg\" alt=\"professional ladder\" title=\"\"><\/p>\n<h3>Professionellt stegf\u00f6retag<\/h3>\n<p>Vi rekommenderar att k\u00f6pa stegar fr\u00e5n ett f\u00f6retag som \u00e4r specialiserat p\u00e5 stegar, eftersom detta \u00e4r en s\u00e4kerhetsprodukt.<\/p>\n<p>Och ISOP \u00e4r ett av f\u00e5 f\u00f6retag som erbjuder ett brett urval av olika stegar fr\u00e5n sin egen tillverkningsanl\u00e4ggning.<\/p>\n<p>\u00c4ven tillg\u00e4nglig f\u00f6r <a href=\"https:\/\/isopllc.com\/se\/product\/utrymningsstege-2-vaningar-4m-med-skap\/\"><strong>2 v\u00e5ningar.<\/strong><\/a><\/p>\n<\/div>\n<\/div>\n<\/div>\n<\/div>\n<\/div>\n<\/div>\n","protected":false},"excerpt":{"rendered":"[embed]https:\/\/youtu.be\/DtB-mF7JP2I[\/embed]\n<p id=\"title\" class=\"a-size-large a-spacing-none\" style=\"text-align: center\">Utrymningsstege 3 v\u00e5ningar (8m) &#8211; Repstege f\u00f6r brandflykt i r\u00f6d l\u00e5da &#8211; Emergecny filt &amp; monteringsankare ing\u00e5r<\/p>\n<p style=\"text-align: center\">GRATIS LEVERANS INOM 3-7 DAGAR<\/p>\n<h4 style=\"text-align: center\"><strong>K\u00d6P DEN P\u00c5<\/strong><br \/>\n<a href=\"https:\/\/www.amazon.se\/dp\/B0BZYJKHK9?ref=myi_title_dp\"><img loading=\"lazy\" decoding=\"async\" class=\"aligncenter wp-image-1040 size-full\" src=\"https:\/\/isopllc.com\/se\/wp-content\/uploads\/sites\/10\/2020\/01\/amazon-button9.png\" alt=\"\" width=\"160\" height=\"59\" \/><\/a><\/h4>\n","protected":false},"featured_media":5062,"comment_status":"open","ping_status":"closed","template":"","meta":[],"product_brand":[],"product_cat":[195,192,190],"product_tag":[34,68,176],"class_list":{"0":"post-4938","1":"product","2":"type-product","3":"status-publish","4":"has-post-thumbnail","6":"product_cat-brandutgangsstegar-3-vaningar","7":"product_cat-brandutgangsstegar-med-avstandshallare","8":"product_cat-vaggmonterade-stegar","9":"product_tag-sakerhetsutrustning","10":"product_tag-tre-vaningar","11":"product_tag-utrymningsstege","13":"first","14":"instock","15":"shipping-taxable","16":"purchasable","17":"product-type-simple"},"_links":{"self":[{"href":"https:\/\/isopllc.com\/se\/wp-json\/wp\/v2\/product\/4938","targetHints":{"allow":["GET"]}}],"collection":[{"href":"https:\/\/isopllc.com\/se\/wp-json\/wp\/v2\/product"}],"about":[{"href":"https:\/\/isopllc.com\/se\/wp-json\/wp\/v2\/types\/product"}],"replies":[{"embeddable":true,"href":"https:\/\/isopllc.com\/se\/wp-json\/wp\/v2\/comments?post=4938"}],"wp:featuredmedia":[{"embeddable":true,"href":"https:\/\/isopllc.com\/se\/wp-json\/wp\/v2\/media\/5062"}],"wp:attachment":[{"href":"https:\/\/isopllc.com\/se\/wp-json\/wp\/v2\/media?parent=4938"}],"wp:term":[{"taxonomy":"product_brand","embeddable":true,"href":"https:\/\/isopllc.com\/se\/wp-json\/wp\/v2\/product_brand?post=4938"},{"taxonomy":"product_cat","embeddable":true,"href":"https:\/\/isopllc.com\/se\/wp-json\/wp\/v2\/product_cat?post=4938"},{"taxonomy":"product_tag","embeddable":true,"href":"https:\/\/isopllc.com\/se\/wp-json\/wp\/v2\/product_tag?post=4938"}],"curies":[{"name":"wp","href":"https:\/\/api.w.org\/{rel}","templated":true}]}}