{"id":4951,"date":"2023-12-06T01:57:25","date_gmt":"2023-12-06T01:57:25","guid":{"rendered":"https:\/\/isopllc.com\/se\/?post_type=product&#038;p=4951"},"modified":"2025-07-01T03:32:33","modified_gmt":"2025-07-01T03:32:33","slug":"isop-rese-dold-fickbalte-for-pengar","status":"publish","type":"product","link":"https:\/\/isopllc.com\/se\/product\/isop-rese-dold-fickbalte-for-pengar\/","title":{"rendered":"ISOP Rese Dold Fickb\u00e4lte f\u00f6r Pengar"},"content":{"rendered":"<h1 id=\"title\" class=\"a-size-large a-spacing-none\">ISOP Rese Dold Fickb\u00e4lte f\u00f6r Pengar | S\u00e4kerhetsb\u00e4lte f\u00f6r Kontanter | Svart B\u00e4lte &#8211; Kreditkortsficka | S\u00e4ker Anti-St\u00f6ld Pl\u00e5nbok | N\u00f6dberedskap | B\u00e4lten f\u00f6r Resor f\u00f6r M\u00e4n eller Kvinnor<\/h1>\n<p>Nylonb\u00e4ltet har 4 blixtl\u00e5sfickor med storlekar p\u00e5 11 cm d\u00e4r vi har placerat ett sabelkort, en vajers\u00e5g, en kompass, en termisk filt, en antiseptisk dyna och d\u00e4r finns ocks\u00e5 tillr\u00e4ckligt med utrymme f\u00f6r dina pengar och till och med kreditkort. Vid en r\u00e5nattack kommer dina kort och pengar att f\u00f6rbli s\u00e4kra, och \u00f6verlevnadsverktygen kan r\u00e4dda ditt liv i n\u00f6dsituationer som att g\u00e5 vilse under vandring, br\u00e4nder eller jordb\u00e4vningar.<\/p>\n<p>Vanligtvis under en katastrof kommer du inte ha tid att ta tag i en speciellt f\u00f6rberedd \u00f6verlevnadsryggs\u00e4ck eller en f\u00f6rsta hj\u00e4lpen-utrustning, men ditt b\u00e4lte \u00e4r n\u00e4stan alltid med dig, eller hur? S\u00e5 du kommer redan vara rustad f\u00f6r s\u00e5dana n\u00f6dsituationer. B\u00e4ltet rekommenderas s\u00e4rskilt att ta med dig p\u00e5 resor, vid vandring, kl\u00e4ttring och alla typer av utomhus\u00e4ventyr. Detta b\u00e4lte kan \u00e4ven anv\u00e4ndas som ett turnik\u00e9.<\/p>\n<p><img loading=\"lazy\" decoding=\"async\" class=\"alignnone size-full wp-image-5230\" src=\"https:\/\/isopllc.com\/usa\/wp-content\/uploads\/sites\/4\/2023\/12\/travel-belt1-1.jpg\" alt=\"travel belt\" width=\"300\" height=\"300\" title=\"\"><\/p>\n<p><strong>S\u00e4kerhet:<\/strong> En fickb\u00e4lte \u00e4r utformat att b\u00e4ras n\u00e4ra kroppen och ger ett diskret och s\u00e4kert s\u00e4tt att b\u00e4ra v\u00e4rdefulla f\u00f6rem\u00e5l som kontanter, pass och kreditkort. Detta minskar risken f\u00f6r fickst\u00f6ld, s\u00e4rskilt p\u00e5 \u00f6verfulla eller turistiska platser.<\/p>\n<p><strong>Handsfree-bekv\u00e4mlighet:<\/strong> Till skillnad fr\u00e5n traditionella pl\u00e5nb\u00f6cker eller handv\u00e4skor m\u00f6jligg\u00f6r ett fickb\u00e4lte att resen\u00e4rer kan vara handsfree. Detta \u00e4r s\u00e4rskilt anv\u00e4ndbart n\u00e4r man navigerar genom flygplatser, tr\u00e5nga gator eller deltar i olika aktiviteter utan att beh\u00f6va h\u00e5lla st\u00e4ndigt i sina personliga tillh\u00f6righeter.<\/p>\n<p><strong>Dold f\u00f6rvaring:<\/strong> Den smala designen av ett fickb\u00e4lte m\u00f6jligg\u00f6r g\u00f6md f\u00f6rvaring under kl\u00e4derna, vilket ger ett extra lager av s\u00e4kerhet. Det \u00e4r mindre i\u00f6gonfallande \u00e4n att b\u00e4ra en traditionell pl\u00e5nbok, vilket g\u00f6r det sv\u00e5rare f\u00f6r potentiella tjuvar att identifiera och v\u00e4lja som m\u00e5l.<\/p>\n<p><img loading=\"lazy\" decoding=\"async\" class=\"alignnone size-full wp-image-5231\" src=\"https:\/\/isopllc.com\/usa\/wp-content\/uploads\/sites\/4\/2023\/12\/travel-belt1-2.jpg\" alt=\"Travel belt\" width=\"300\" height=\"300\" title=\"\"><\/p>\n<p><strong>Organisation:<\/strong> M\u00e5nga fickb\u00e4lten kommer med flera fack och fickor med blixtl\u00e5s, vilket ger organiserad f\u00f6rvaring f\u00f6r olika f\u00f6rem\u00e5l. Det hj\u00e4lper resen\u00e4rer att h\u00e5lla sina v\u00e4sentligheter, som kontanter, kort och dokument, snyggt separerade och l\u00e4ttillg\u00e4ngliga.<\/p>\n<p><strong>Bekv\u00e4ma att b\u00e4ra:<\/strong> Fickb\u00e4lten \u00e4r vanligtvis tillverkade av l\u00e4tta och luftiga material, vilket g\u00f6r dem bekv\u00e4ma att b\u00e4ra under l\u00e4ngre perioder. Detta \u00e4r s\u00e4rskilt viktigt f\u00f6r resen\u00e4rer som utforskar nya destinationer d\u00e4r de kan vara p\u00e5 spr\u00e5ng under l\u00e5nga tidsperioder.<\/p>\n<p><strong>M\u00e5ngsidighet:<\/strong> Fickb\u00e4lten \u00e4r m\u00e5ngsidiga och kan b\u00e4ras p\u00e5 olika s\u00e4tt \u2013 runt midjan, under kl\u00e4derna eller till och med \u00f6ver br\u00f6stet. Denna anpassningsbarhet g\u00f6r att resen\u00e4rer kan v\u00e4lja den stil som passar deras bekv\u00e4mlighets- och s\u00e4kerhetspreferenser.<\/p>\n<p>&nbsp;<\/p>\n<p><img loading=\"lazy\" decoding=\"async\" class=\"alignnone size-full wp-image-5232\" src=\"https:\/\/isopllc.com\/usa\/wp-content\/uploads\/sites\/4\/2023\/12\/travel-belt1-3.jpg\" alt=\"Travel Belt\" width=\"300\" height=\"300\" title=\"\"><\/p>\n<div class=\"celwidget aplus-module premium-module-4-two-column-images aplus-premium\" data-csa-c-id=\"15yl7x-eio1n0-m9lh6n-socwzs\" data-cel-widget=\"aplus-premium-module-4-two-column-images\">\n<div class=\"a-section a-spacing-none premium-aplus premium-aplus-module-4 aplus-container-1\">\n<div class=\"a-section a-spacing-none premium-aplus-two-column\">\n<div class=\"a-section a-spacing-none premium-aplus-column\">\n<div class=\"a-section a-spacing-none column-description\">\n<div class=\"celwidget aplus-module module-9 aplus-standard\">\n<div class=\"aplus-module-wrapper\">\n<div class=\"\">\n<p><strong>Resev\u00e4nligt design:<\/strong> M\u00e5nga fickb\u00e4lten \u00e4r utformade med resande i \u00e5tanke och har RFID-blockeringsteknik f\u00f6r att skydda mot elektronisk st\u00f6ld, h\u00e5llbara material och justerbara remmar f\u00f6r att passa olika kroppsstorlekar.<\/p>\n<p><strong>Snabb \u00e5tkomst:<\/strong> Med saker som \u00e4r lagrade i ett fickb\u00e4lte kan resen\u00e4rer snabbt och enkelt f\u00e5 tillg\u00e5ng till v\u00e4sentligheter utan att beh\u00f6va rota igenom en v\u00e4ska. Detta \u00e4r s\u00e4rskilt f\u00f6rdelaktigt n\u00e4r man g\u00e5r igenom flygplatsens s\u00e4kerhetskontroll eller g\u00f6r snabba transaktioner.<\/p>\n<p><strong>Trygghet:<\/strong> Att b\u00e4ra ett fickb\u00e4lte kan ge resen\u00e4rer lugn, med vetskapen om att deras viktiga dokument och v\u00e4rdesaker \u00e4r s\u00e4kert och bekv\u00e4mt lagrade. Detta f\u00f6rb\u00e4ttrar den \u00f6vergripande reseupplevelsen genom att minska stressen relaterad till att h\u00e5lla koll p\u00e5 sina tillh\u00f6righeter.<\/p>\n<p><strong>Diskret stil:<\/strong> Fickb\u00e4lten \u00e4r utformade f\u00f6r att vara diskreta och sm\u00e4lta s\u00f6ml\u00f6st in i kl\u00e4dseln. Denna l\u00e5gprofilsdesign g\u00f6r att resen\u00e4rer kan beh\u00e5lla en stilfull och oansenlig framtoning samtidigt som de har sina v\u00e4sentligheter n\u00e4ra till hands.<\/p>\n<p>Sammanfattningsvis \u00e4r ett fickb\u00e4lte en praktisk och s\u00e4ker accessoar som f\u00f6rb\u00e4ttrar reseupplevelsen genom att erbjuda ett bekv\u00e4mt och organiserat s\u00e4tt att b\u00e4ra viktiga f\u00f6rem\u00e5l samtidigt som risken f\u00f6r st\u00f6ld minimeras.<\/p>\n<\/div>\n<\/div>\n<\/div>\n<\/div>\n<\/div>\n<div class=\"a-section a-spacing-none premium-aplus-column\">\n<div class=\"a-section a-spacing-none column-description\">\n<p class=\"aplus-p3\">\n<\/div>\n<\/div>\n<\/div>\n<\/div>\n<\/div>\n","protected":false},"excerpt":{"rendered":"[embed]https:\/\/youtu.be\/UXTxCnOc0l0[\/embed]\n<p id=\"title\" class=\"a-size-large a-spacing-none\" style=\"text-align: center;\">ISOP Rese Dold Fickb\u00e4lte f\u00f6r Pengar | S\u00e4kerhetsb\u00e4lte f\u00f6r Kontanter | Svart B\u00e4lte &#8211; Kreditkortsficka | S\u00e4ker Anti-St\u00f6ld Pl\u00e5nbok | N\u00f6dberedskap | B\u00e4lten f\u00f6r Resor f\u00f6r M\u00e4n eller Kvinnor<\/p>\n<p style=\"text-align: center;\">GRATIS LEVERANS INOM 3-7 DAGAR<\/p>\n<h4 style=\"text-align: center;\"><strong>K\u00d6P DEN P\u00c5<\/strong><br \/>\n<a href=\"https:\/\/www.amazon.se\/dp\/B0CFH3W3Y8?ref=myi_title_dp&amp;th=1\"><img loading=\"lazy\" decoding=\"async\" class=\"aligncenter wp-image-1040 size-full\" src=\"https:\/\/isopllc.com\/se\/wp-content\/uploads\/sites\/10\/2020\/01\/amazon-button9.png\" alt=\"\" width=\"160\" height=\"59\" \/><\/a><\/h4>\n","protected":false},"featured_media":4952,"comment_status":"open","ping_status":"closed","template":"","meta":[],"product_brand":[],"product_cat":[183],"product_tag":[123,102,124,122,77],"class_list":{"0":"post-4951","1":"product","2":"type-product","3":"status-publish","4":"has-post-thumbnail","6":"product_cat-raddnings-och-overlevnadsset","7":"product_tag-dold-fickbalte","8":"product_tag-isop","9":"product_tag-pengar","10":"product_tag-rese","11":"product_tag-sakerhet","13":"first","14":"instock","15":"shipping-taxable","16":"purchasable","17":"product-type-simple"},"_links":{"self":[{"href":"https:\/\/isopllc.com\/se\/wp-json\/wp\/v2\/product\/4951","targetHints":{"allow":["GET"]}}],"collection":[{"href":"https:\/\/isopllc.com\/se\/wp-json\/wp\/v2\/product"}],"about":[{"href":"https:\/\/isopllc.com\/se\/wp-json\/wp\/v2\/types\/product"}],"replies":[{"embeddable":true,"href":"https:\/\/isopllc.com\/se\/wp-json\/wp\/v2\/comments?post=4951"}],"wp:featuredmedia":[{"embeddable":true,"href":"https:\/\/isopllc.com\/se\/wp-json\/wp\/v2\/media\/4952"}],"wp:attachment":[{"href":"https:\/\/isopllc.com\/se\/wp-json\/wp\/v2\/media?parent=4951"}],"wp:term":[{"taxonomy":"product_brand","embeddable":true,"href":"https:\/\/isopllc.com\/se\/wp-json\/wp\/v2\/product_brand?post=4951"},{"taxonomy":"product_cat","embeddable":true,"href":"https:\/\/isopllc.com\/se\/wp-json\/wp\/v2\/product_cat?post=4951"},{"taxonomy":"product_tag","embeddable":true,"href":"https:\/\/isopllc.com\/se\/wp-json\/wp\/v2\/product_tag?post=4951"}],"curies":[{"name":"wp","href":"https:\/\/api.w.org\/{rel}","templated":true}]}}