{"id":4981,"date":"2023-12-31T16:22:28","date_gmt":"2023-12-31T16:22:28","guid":{"rendered":"https:\/\/isopllc.com\/se\/?post_type=product&#038;p=4981"},"modified":"2025-07-01T03:25:18","modified_gmt":"2025-07-01T03:25:18","slug":"isop-aed-defibrillator-forvaringsskap","status":"publish","type":"product","link":"https:\/\/isopllc.com\/se\/product\/isop-aed-defibrillator-forvaringsskap\/","title":{"rendered":"ISOP AED-defibrillator f\u00f6rvaringssk\u00e5p"},"content":{"rendered":"<h1 id=\"title\" class=\"a-size-large a-spacing-none\"><span id=\"productTitle\" class=\"a-size-large product-title-word-break\">ISOP AED-defibrillator f\u00f6rvaringssk\u00e5p | V\u00e4ggmonterad f\u00f6rsta hj\u00e4lpen-l\u00e5da<\/span><\/h1>\n<p><img loading=\"lazy\" decoding=\"async\" class=\"alignnone wp-image-5252\" src=\"https:\/\/isopllc.com\/usa\/wp-content\/uploads\/sites\/4\/2023\/12\/AED-7.jpg\" alt=\"AED\" width=\"634\" height=\"196\" title=\"\"><\/p>\n<div class=\"a-section a-spacing-none aplus-module-section aplus-text-section\">\n<p class=\"description\">Utrustad med tryckl\u00e5s f\u00f6r att passa alla AED-defibrillatorer, erbjuder AED-sk\u00e5pet s\u00e4ker lagringsplats f\u00f6r din defibrillator, redo att anv\u00e4ndas. Den r\u00f6da texten &#8221;AED&#8221; kommer att uppm\u00e4rksamma alla h\u00e4r, placerad p\u00e5 olycksplatsen, inf\u00e4llda d\u00f6rrhandtag, sofistikerad snap-lock-design g\u00f6r det m\u00f6jligt att snabbt r\u00e4dda liv. V\u00e5rt AED-sk\u00e5p \u00e4r intelligent utformat f\u00f6r snabb \u00e5tkomst. Installera det p\u00e5 l\u00e4ttillg\u00e4ngliga omr\u00e5den f\u00f6r att s\u00e4kerst\u00e4lla att defibrillatorn kan h\u00e4mtas snabbt n\u00e4r varje sekund \u00e4r avg\u00f6rande.<\/p>\n<p class=\"description\"><strong><span class=\"a-text-bold\">Universell anv\u00e4ndbarhet:<\/span><\/strong>\u00a0Anpassat f\u00f6r universell anv\u00e4ndning \u00e4r detta AED-sk\u00e5p en idealisk passform f\u00f6r sjukhus, kliniker, r\u00e4ddningsfordon, institutioner och olika milj\u00f6er. Det tillgodoser f\u00f6rvaringsbehoven f\u00f6r defibrillatorer tillg\u00e4ngliga endast f\u00f6r utbildade professionella, vilket \u00f6kar s\u00e4kerheten i olika milj\u00f6er.<\/p>\n<p class=\"description\"><strong><span class=\"a-text-bold\">Praktisk handtagsh\u00e5la:<\/span>\u00a0<\/strong>Med en anv\u00e4ndarv\u00e4nlig handtagsh\u00e5l-design s\u00e4kerst\u00e4ller AED-sk\u00e5pet enkel och omedelbar \u00e5tkomst till den lagrade defibrillatorn. Den ol\u00e5sta designen eliminerar f\u00f6rdr\u00f6jningar n\u00e4r det g\u00e4ller att n\u00e5 AED under kritiska \u00f6gonblick. Investera i AED-sk\u00e5pet f\u00f6r en s\u00f6ml\u00f6s blandning av tillg\u00e4nglighet, s\u00e4kerhet och transparens. H\u00f6j dina f\u00f6rberedelsesniv\u00e5er med v\u00e5r p\u00e5litliga AED-lagringsl\u00f6sning och se till att livr\u00e4ddande utrustning alltid \u00e4r inom r\u00e4ckh\u00e5ll n\u00e4r tiden \u00e4r avg\u00f6rande.<\/p>\n<p class=\"description\">Dessutom kan denna aluminiumbox anv\u00e4ndas som f\u00f6rvaring f\u00f6r olika typer av utrustning, som en brandflyktstege, f\u00f6rsta hj\u00e4lpen-kit och helt enkelt f\u00f6r att lagra varor.<\/p>\n<p class=\"description\"><em><span class=\"a-text-italic\">35,8 x 17,8 x 40 cm | 3,63 kg<\/span><\/em><\/p>\n<p class=\"description\"><em><span class=\"a-text-italic\">Tillverkad av industriell kvalitetsj\u00e4rn<\/span><\/em><\/p>\n<p class=\"description\"><em><span class=\"a-text-italic\">Transparent akrylf\u00f6nster och r\u00f6da element f\u00f6r enkel identifiering<\/span><\/em><\/p>\n<p class=\"description\"><em><span class=\"a-text-italic\">Det finns fyra h\u00e5l f\u00f6r installation p\u00e5 enhetens baksida<\/span><\/em><\/p>\n<p class=\"description\"><em><span class=\"a-text-italic\">Universellt AED-v\u00e4ggsk\u00e5p passar alla AED.<\/span><\/em><\/p>\n<p><img loading=\"lazy\" decoding=\"async\" class=\"alignnone wp-image-5253\" src=\"https:\/\/isopllc.com\/usa\/wp-content\/uploads\/sites\/4\/2023\/12\/AED-8.jpg\" alt=\"AED\" width=\"631\" height=\"195\" title=\"\"><\/p>\n<\/div>\n","protected":false},"excerpt":{"rendered":"<p>&nbsp;<\/p>\n[embed]https:\/\/www.youtube.com\/shorts\/M65A5eMPJkk[\/embed]\n<p id=\"title\" class=\"a-size-large a-spacing-none\" style=\"text-align: center;\"><span id=\"productTitle\" class=\"a-size-large product-title-word-break\">ISOP AED-defibrillator f\u00f6rvaringssk\u00e5p | V\u00e4ggmonterad f\u00f6rsta hj\u00e4lpen-l\u00e5da<\/span><\/p>\n<p style=\"text-align: center;\">GRATIS LEVERANS INOM 3-7 DAGAR<\/p>\n<h4 style=\"text-align: center;\"><strong>K\u00d6P DEN P\u00c5<\/strong><a href=\"https:\/\/www.amazon.se\/dp\/B0CN18ZB44\/ref=sr_1_1?crid=2S9LDKT76J1PU&amp;dib=eyJ2IjoiMSJ9.191ItmHAGn9TkE4cBu6Vag.ouZhoeDKp-0ipTJREsF9BtcZ8UhnK7rnFOxbWl-ztmw&amp;dib_tag=se&amp;keywords=AED-defibrillator%20f%C3%B6rvaringssk%C3%A5p&amp;qid=1705844081&amp;sprefix=b0ch62r67x%2Caps%2C269&amp;sr=8-1\"><img loading=\"lazy\" decoding=\"async\" class=\"aligncenter wp-image-1040 size-full\" src=\"https:\/\/isopllc.com\/se\/wp-content\/uploads\/sites\/10\/2020\/01\/amazon-button9.png\" alt=\"\" width=\"160\" height=\"59\" \/><\/a><\/h4>\n","protected":false},"featured_media":5008,"comment_status":"open","ping_status":"closed","template":"","meta":[],"product_brand":[],"product_cat":[189,183,187],"product_tag":[81,110,102,103],"class_list":{"0":"post-4981","1":"product","2":"type-product","3":"status-publish","4":"has-post-thumbnail","6":"product_cat-forvaringslada-for-brandutgangsstegar","7":"product_cat-raddnings-och-overlevnadsset","8":"product_cat-tillbehor-till-brandstegar","9":"product_tag-aed-defibrillator","10":"product_tag-forvaringsskap","11":"product_tag-isop","12":"product_tag-medicinsk-utrustning","14":"first","15":"instock","16":"shipping-taxable","17":"purchasable","18":"product-type-simple"},"_links":{"self":[{"href":"https:\/\/isopllc.com\/se\/wp-json\/wp\/v2\/product\/4981","targetHints":{"allow":["GET"]}}],"collection":[{"href":"https:\/\/isopllc.com\/se\/wp-json\/wp\/v2\/product"}],"about":[{"href":"https:\/\/isopllc.com\/se\/wp-json\/wp\/v2\/types\/product"}],"replies":[{"embeddable":true,"href":"https:\/\/isopllc.com\/se\/wp-json\/wp\/v2\/comments?post=4981"}],"wp:featuredmedia":[{"embeddable":true,"href":"https:\/\/isopllc.com\/se\/wp-json\/wp\/v2\/media\/5008"}],"wp:attachment":[{"href":"https:\/\/isopllc.com\/se\/wp-json\/wp\/v2\/media?parent=4981"}],"wp:term":[{"taxonomy":"product_brand","embeddable":true,"href":"https:\/\/isopllc.com\/se\/wp-json\/wp\/v2\/product_brand?post=4981"},{"taxonomy":"product_cat","embeddable":true,"href":"https:\/\/isopllc.com\/se\/wp-json\/wp\/v2\/product_cat?post=4981"},{"taxonomy":"product_tag","embeddable":true,"href":"https:\/\/isopllc.com\/se\/wp-json\/wp\/v2\/product_tag?post=4981"}],"curies":[{"name":"wp","href":"https:\/\/api.w.org\/{rel}","templated":true}]}}