{"id":5029,"date":"2024-05-17T05:19:40","date_gmt":"2024-05-17T05:19:40","guid":{"rendered":"https:\/\/isopllc.com\/se\/?post_type=product&#038;p=5029"},"modified":"2025-11-02T05:39:09","modified_gmt":"2025-11-02T05:39:09","slug":"isop-brandrepstege-10m-med-monteringsankare","status":"publish","type":"product","link":"https:\/\/isopllc.com\/se\/product\/isop-brandrepstege-10m-med-monteringsankare\/","title":{"rendered":"ISOP Brandrepstege 10m med Monteringsankare"},"content":{"rendered":"<div class=\"celwidget aplus-module module-4 aplus-standard\" data-csa-c-id=\"6mnb1z-9dwrl2-ic24uv-jd1phn\" data-cel-widget=\"aplus-module-4\">\n<div class=\"a-expander-collapsed-height a-row a-expander-container a-expander-partial-collapse-container\" aria-live=\"polite\" data-a-expander-name=\"aplus-module-expander\" data-a-expander-collapsed-height=\"700\">\n<div class=\"a-expander-content a-expander-partial-collapse-content\" aria-expanded=\"false\">\n<div class=\"aplus-module-wrapper apm-fixed-width\">\n<div class=\"apm-spacing\">\n<div class=\"apm-floatleft apm-fixed-width\">\n<div id=\"title_feature_div\" class=\"celwidget\" data-feature-name=\"title\" data-csa-c-id=\"m5t5xw-wzxd1-od319-pyb58o\" data-cel-widget=\"title_feature_div\">\n<div id=\"titleSection\" class=\"a-section a-spacing-none\">\n<div id=\"title_feature_div\" class=\"celwidget\" data-feature-name=\"title\" data-csa-c-id=\"m5t5xw-wzxd1-od319-pyb58o\" data-cel-widget=\"title_feature_div\">\n<div id=\"titleSection\" class=\"a-section a-spacing-none\">\n<div id=\"title_feature_div\" class=\"celwidget\" data-feature-name=\"title\" data-csa-c-type=\"widget\" data-csa-c-content-id=\"title\" data-csa-c-slot-id=\"title_feature_div\" data-csa-c-asin=\"B08LBSSYLB\" data-csa-c-is-in-initial-active-row=\"false\" data-csa-c-id=\"17ru46-17y14b-n67b8m-2oxpt\" data-cel-widget=\"title_feature_div\">\n<div id=\"titleSection\" class=\"a-section a-spacing-none\">\n<div id=\"title_feature_div\" class=\"celwidget\" data-feature-name=\"title\" data-csa-c-type=\"widget\" data-csa-c-content-id=\"title\" data-csa-c-slot-id=\"title_feature_div\" data-csa-c-asin=\"B08MC9LH29\" data-csa-c-is-in-initial-active-row=\"false\" data-csa-c-id=\"analhw-te1xyy-60lyno-20y2gm\" data-cel-widget=\"title_feature_div\">\n<div id=\"titleSection\" class=\"a-section a-spacing-none\">\n<div id=\"title_feature_div\" class=\"celwidget\" data-feature-name=\"title\" data-csa-c-type=\"widget\" data-csa-c-content-id=\"title\" data-csa-c-slot-id=\"title_feature_div\" data-csa-c-asin=\"B09TLDMQBR\" data-csa-c-is-in-initial-active-row=\"false\" data-csa-c-id=\"oha51v-3fel6l-hph8o8-sfkywd\" data-cel-widget=\"title_feature_div\">\n<div id=\"titleSection\" class=\"a-section a-spacing-none\">\n<h1 id=\"title\" class=\"a-size-large a-spacing-none\"><span id=\"productTitle\" class=\"a-size-large product-title-word-break\">ISOP Brandrepstege 10m med Monteringsankare | Brandtrappa f\u00f6r hem 4:e V\u00e5ningen | B\u00e4rbar, Hopf\u00e4llbar &amp; Kompakt | N\u00f6dstegsv\u00e4gg fast | \u00c5teranv\u00e4ndbara brandr\u00e4ddningsstegar<\/span><\/h1>\n<\/div>\n<\/div>\n<\/div>\n<\/div>\n<\/div>\n<\/div>\n<\/div>\n<\/div>\n<\/div>\n<\/div>\n<\/div>\n<\/div>\n<\/div>\n<\/div>\n<\/div>\n<\/div>\n<div class=\"celwidget aplus-module module-9 aplus-standard\" data-csa-c-id=\"kgh8ns-6rdhac-l4uce3-redgno\" data-cel-widget=\"aplus-module-9\">\n<div class=\"a-expander-collapsed-height a-row a-expander-container a-expander-partial-collapse-container\" aria-live=\"polite\" data-a-expander-name=\"aplus-module-expander\" data-a-expander-collapsed-height=\"700\">\n<div class=\"a-expander-content a-expander-partial-collapse-content\" aria-expanded=\"false\">\n<div class=\"aplus-module-wrapper apm-fixed-width\">\n<div class=\"apm-spacing apm-fixed-width\">\n<div class=\"celwidget aplus-module module-9 aplus-standard\" data-csa-c-id=\"6rrkxj-o9oo3p-2dk8kw-v8mrts\" data-cel-widget=\"aplus-module-9\">\n<div class=\"a-expander-collapsed-height a-row a-expander-container a-expander-partial-collapse-container\" aria-live=\"polite\" data-a-expander-name=\"aplus-module-expander\" data-a-expander-collapsed-height=\"700\">\n<div class=\"a-expander-content a-expander-partial-collapse-content\" aria-expanded=\"false\">\n<div class=\"aplus-module-wrapper apm-fixed-width\">\n<div class=\"apm-spacing apm-fixed-width\"><\/div>\n<\/div>\n<\/div>\n<\/div>\n<\/div>\n<div class=\"celwidget aplus-module module-2 aplus-standard\" data-csa-c-id=\"czdp8c-vpt42n-ub22e6-8qlfjz\" data-cel-widget=\"aplus-module-2\">\n<div class=\"a-expander-collapsed-height a-row a-expander-container a-expander-partial-collapse-container\" aria-live=\"polite\" data-a-expander-name=\"aplus-module-expander\" data-a-expander-collapsed-height=\"700\">\n<div class=\"a-expander-content a-expander-partial-collapse-content\" aria-expanded=\"false\">\n<div class=\"aplus-module-wrapper apm-floatnone apm-fixed-width\">\n<div class=\"apm-sidemodule apm-spacing\">\n<div class=\"apm-sidemodule-textright\">\n<div class=\"celwidget aplus-module module-9 aplus-standard\">\n<div class=\"a-expander-collapsed-height a-row a-expander-container a-expander-partial-collapse-container\" data-a-expander-name=\"aplus-module-expander\" data-a-expander-collapsed-height=\"700\">\n<div class=\"a-expander-content a-expander-partial-collapse-content\" aria-expanded=\"false\">\n<div class=\"aplus-module-wrapper apm-fixed-width\">\n<div class=\"apm-spacing apm-fixed-width\">\n<div class=\"celwidget aplus-module module-9 aplus-standard\" data-csa-c-id=\"emkbnl-11vq23-1incdi-lfo9yf\" data-cel-widget=\"aplus-module-9\">\n<div class=\"aplus-module-wrapper apm-fixed-width\">\n<div class=\"apm-spacing apm-fixed-width\">\n<div id=\"aplus_feature_div\" class=\"celwidget\" data-feature-name=\"aplus\" data-csa-c-type=\"widget\" data-csa-c-content-id=\"aplus\" data-csa-c-slot-id=\"aplus_feature_div\" data-csa-c-asin=\"\" data-csa-c-is-in-initial-active-row=\"false\" data-csa-c-id=\"ebpnh7-v23cw7-lv803-rp18f9\" data-cel-widget=\"aplus_feature_div\">\n<div id=\"aplus\" class=\"a-section a-spacing-large bucket\">\n<div class=\"aplus-v2 desktop celwidget\" data-csa-c-id=\"322z1i-fsajov-ud7fia-k0knjv\" data-cel-widget=\"aplus\">\n<div class=\"celwidget aplus-module module-9 aplus-standard\" data-csa-c-id=\"e5nyxf-jpncv6-ubo24v-ozeiyw\" data-cel-widget=\"aplus-module-9\">\n<div class=\"aplus-module-wrapper apm-fixed-width\">\n<div class=\"apm-spacing apm-fixed-width\">\n<h3 class=\"a-spacing-small\">Varf\u00f6r v\u00e4lja v\u00e5ra brandtrappar?<\/h3>\n<p><img decoding=\"async\" class=\"a-spacing-mini\" src=\"https:\/\/m.media-amazon.com\/images\/S\/aplus-media-library-service-media\/0c3c254d-684e-4313-bc9f-ae4b4b7e7ee7.__CR0,0,300,300_PT0_SX300_V1___.jpg\" alt=\"professional ladder\" data-src=\"https:\/\/m.media-amazon.com\/images\/S\/aplus-media-library-service-media\/0c3c254d-684e-4313-bc9f-ae4b4b7e7ee7.__CR0,0,300,300_PT0_SX300_V1___.jpg\" data- title=\"\"><\/p>\n<h3>Bred applikation<\/h3>\n<p>Kan anv\u00e4ndas som en utrymningsstege, eller n\u00f6dsituation; kan \u00e4ven fungera som loftbunker, vindsstegar, v\u00e4ggstege, och \u00e4ven som permanent stege etc.<\/p>\n<p><img decoding=\"async\" class=\"a-spacing-mini\" style=\"font-weight: 600\" src=\"https:\/\/m.media-amazon.com\/images\/S\/aplus-media-library-service-media\/94e0f1b0-d713-4663-a172-3e35c4090aaa.__CR0,0,1000,1000_PT0_SX300_V1___.jpg\" alt=\"Gentle to hands\" data-src=\"https:\/\/m.media-amazon.com\/images\/S\/aplus-media-library-service-media\/94e0f1b0-d713-4663-a172-3e35c4090aaa.__CR0,0,1000,1000_PT0_SX300_V1___.jpg\" data- title=\"\"><\/p>\n<h3>Mild mot h\u00e4nderna<\/h3>\n<p>N\u00e4r vi skapade dessa stegar tog vi h\u00e4nsyn till v\u00e5ra konkurrenters brister. De andra, s\u00e5som first alert och kidde, har m\u00e5nga klagom\u00e5l p\u00e5 det faktum att stegpinnar sk\u00e4r anv\u00e4ndarnas h\u00e4nder n\u00e4r de anv\u00e4nder sina stegar eftersom aluminiumspinnarna \u00e4r vassa. Vi tog h\u00e4nsyn till detta och v\u00e5ra stegar har inga skarpa h\u00f6rn och de \u00e4r s\u00e4kra att anv\u00e4nda av b\u00e5de vuxna och barn.<\/p>\n<p><img decoding=\"async\" class=\"a-spacing-mini\" style=\"font-weight: 600\" src=\"https:\/\/m.media-amazon.com\/images\/S\/aplus-media\/sc\/27f9c708-c858-49c0-96f7-815dd0fa4f9a.__CR0,0,1000,1000_PT0_SX300_V1___.jpg\" alt=\"Wide application\" data-src=\"https:\/\/m.media-amazon.com\/images\/S\/aplus-media\/sc\/27f9c708-c858-49c0-96f7-815dd0fa4f9a.__CR0,0,1000,1000_PT0_SX300_V1___.jpg\" data- title=\"\"><\/p>\n<h3>Integrerade remmar<\/h3>\n<p>\u00c5terigen, om man j\u00e4mf\u00f6r v\u00e5ra stegar med konkurrenter, b\u00f6r det noteras att v\u00e5ra stegar fr\u00e5n topp till botten best\u00e5r av ett stycke webbingband som t\u00e5l upp till 1200 pund (!) Tack vare en speciell patenterad teknologi. Medan konkurrenternas webbingstegar sys i bitar, vilket enligt v\u00e5r mening \u00e4r op\u00e5litligt.<\/p>\n<p><img decoding=\"async\" class=\"a-spacing-mini\" src=\"https:\/\/m.media-amazon.com\/images\/S\/aplus-media-library-service-media\/0816345a-5da9-4a58-b7e9-417c78f7767b.__CR0,0,300,300_PT0_SX300_V1___.jpg\" alt=\"For window or balcony\" data-src=\"https:\/\/m.media-amazon.com\/images\/S\/aplus-media-library-service-media\/0816345a-5da9-4a58-b7e9-417c78f7767b.__CR0,0,300,300_PT0_SX300_V1___.jpg\" data- title=\"\"><\/p>\n<\/div>\n<div>Levereras med en f\u00f6rvaringsv\u00e4ska.<\/div>\n<div><\/div>\n<div><img decoding=\"async\" class=\"a-spacing-mini\" style=\"font-weight: 600\" src=\"https:\/\/m.media-amazon.com\/images\/S\/aplus-media\/sc\/42cab632-a2d0-40fd-a2dd-280d531bf010.__CR282,0,1000,1000_PT0_SX300_V1___.jpg\" alt=\"For window or balcony\" data-src=\"https:\/\/m.media-amazon.com\/images\/S\/aplus-media\/sc\/42cab632-a2d0-40fd-a2dd-280d531bf010.__CR282,0,1000,1000_PT0_SX300_V1___.jpg\" data- title=\"\"><\/div>\n<\/div>\n<\/div>\n<div><\/div>\n<div class=\"celwidget aplus-module module-9 aplus-standard\" data-csa-c-id=\"e5nyxf-jpncv6-ubo24v-ozeiyw\" data-cel-widget=\"aplus-module-9\">\n<h3>Stabilisatorer<\/h3>\n<p>V\u00e5ra stegpinnar har stabilisatorer som g\u00f6r att stegarna inte f\u00e4ster t\u00e4tt mot v\u00e4ggen utan h\u00e5ller sig stadiga mot den och d\u00e4rf\u00f6r avsev\u00e4rt underl\u00e4ttar nedstigningen fr\u00e5n andra eller tredje v\u00e5ningen.<\/p>\n<h3>Anti-slip stegpinnar<\/h3>\n<p>Ett speciellt m\u00f6nster p\u00e5 stegpinnarnas yta g\u00f6r nedstigningen fr\u00e5n l\u00e4genheten halkfri i alla v\u00e4der.<\/p>\n<p><img decoding=\"async\" class=\"a-spacing-mini\" style=\"font-weight: 600\" src=\"https:\/\/m.media-amazon.com\/images\/S\/aplus-media\/sc\/8b1ba6ce-d84f-4314-b98a-95d063fc3e5e.__CR500,0,1000,1000_PT0_SX300_V1___.jpg\" alt=\"For window or balcony\" data-src=\"https:\/\/m.media-amazon.com\/images\/S\/aplus-media\/sc\/8b1ba6ce-d84f-4314-b98a-95d063fc3e5e.__CR500,0,1000,1000_PT0_SX300_V1___.jpg\" data- title=\"\"><\/p>\n<\/div>\n<h3>V\u00e4derbest\u00e4ndig<\/h3>\n<p>Den speciella pulverlackerade f\u00e4rgen skyddar stegpinnarna mot rost, och polyesterbandet \u00e4r mycket motst\u00e5ndskraftigt mot vatten eller sn\u00f6, d\u00e4rf\u00f6r \u00e4r v\u00e5ra utrymningsstegar v\u00e4derbest\u00e4ndiga.<\/p>\n<h3>\u00c5teranv\u00e4ndbar<\/h3>\n<p>V\u00e5ra stegar \u00e4r \u00e5teranv\u00e4ndbara, dessutom kan de enkelt fixeras. Med r\u00e4tt f\u00f6rvaring kan de h\u00e5lla i flera \u00e5r!<\/p>\n<div class=\"celwidget aplus-module module-9 aplus-standard\" data-csa-c-id=\"ed8g21-z6tdjn-xdkwve-myvqs7\" data-cel-widget=\"aplus-module-9\">\n<div><img decoding=\"async\" class=\"a-spacing-mini\" style=\"font-weight: 600\" src=\"https:\/\/m.media-amazon.com\/images\/S\/aplus-media-library-service-media\/69e20463-8535-4185-ad23-2d11f4e0e445.__CR188,0,1125,1125_PT0_SX300_V1___.jpg\" alt=\"carabiners\" data-src=\"https:\/\/m.media-amazon.com\/images\/S\/aplus-media-library-service-media\/69e20463-8535-4185-ad23-2d11f4e0e445.__CR188,0,1125,1125_PT0_SX300_V1___.jpg\" data- title=\"\"><\/div>\n<\/div>\n<\/div>\n<\/div>\n<div>\n<h3>Kraftiga karbinhakar<\/h3>\n<p>Stegarna inkluderar kromade karbinhakar med brotth\u00e5llfasthet 11KN.<\/p>\n<p><img decoding=\"async\" class=\"a-spacing-mini\" style=\"font-weight: 600\" src=\"https:\/\/m.media-amazon.com\/images\/S\/aplus-media-library-service-media\/c3b3fb51-597d-4234-91a3-95fb43b58226.__CR0,0,300,300_PT0_SX300_V1___.jpg\" alt=\"ladder\" data-src=\"https:\/\/m.media-amazon.com\/images\/S\/aplus-media-library-service-media\/c3b3fb51-597d-4234-91a3-95fb43b58226.__CR0,0,300,300_PT0_SX300_V1___.jpg\" data- title=\"\"><\/p>\n<\/div>\n<h3>Certifierad<\/h3>\n<p>V\u00e5ra stegar, till skillnad fr\u00e5n alla liknande p\u00e5 marknaden, \u00e4r certifierade enligt kvalitetsstandarden EN 131. Det \u00e4r b\u00e4ttre att lita p\u00e5 ditt liv med en produkt som har genomg\u00e5tt alla n\u00f6dv\u00e4ndiga tester \u00e4n med en n\u00e5got billigare vara tillverkad av vem vet vad.<\/p>\n<p><img loading=\"lazy\" decoding=\"async\" class=\"alignnone size-medium wp-image-5253\" src=\"https:\/\/isopllc.com\/se\/wp-content\/uploads\/sites\/10\/2024\/12\/2-300x300.jpg\" alt=\"Certifierad Brandrepstege 10m\" width=\"300\" height=\"300\" title=\"\" srcset=\"https:\/\/isopllc.com\/se\/wp-content\/uploads\/sites\/10\/2024\/12\/2-300x300.jpg 300w, https:\/\/isopllc.com\/se\/wp-content\/uploads\/sites\/10\/2024\/12\/2-1024x1024.jpg 1024w, https:\/\/isopllc.com\/se\/wp-content\/uploads\/sites\/10\/2024\/12\/2-150x150.jpg 150w, https:\/\/isopllc.com\/se\/wp-content\/uploads\/sites\/10\/2024\/12\/2-768x768.jpg 768w, https:\/\/isopllc.com\/se\/wp-content\/uploads\/sites\/10\/2024\/12\/2-1000x1000.jpg 1000w, https:\/\/isopllc.com\/se\/wp-content\/uploads\/sites\/10\/2024\/12\/2-416x416.jpg 416w, https:\/\/isopllc.com\/se\/wp-content\/uploads\/sites\/10\/2024\/12\/2-100x100.jpg 100w, https:\/\/isopllc.com\/se\/wp-content\/uploads\/sites\/10\/2024\/12\/2.jpg 1080w\" sizes=\"auto, (max-width: 300px) 100vw, 300px\" \/><\/p>\n<h3>Variation av 3 storlekar<\/h3>\n<p>Vi erbjuder 3 storlekar av v\u00e5ra stegar &#8211; utrymningsstege 2 v\u00e5ningar &amp; brandtrappa 3-4 v\u00e5ningar bost\u00e4der.<\/p>\n<div id=\"aplus\" class=\"a-section a-spacing-large bucket\">\n<div class=\"aplus-v2 desktop celwidget\" data-csa-c-id=\"322z1i-fsajov-ud7fia-k0knjv\" data-cel-widget=\"aplus\">\n<div class=\"celwidget aplus-module module-9 aplus-standard\" data-csa-c-id=\"i3wpnb-ql0ty0-e1ad7b-5zlqlt\" data-cel-widget=\"aplus-module-9\">\n<div class=\"aplus-module-wrapper apm-fixed-width\">\n<div class=\"apm-spacing apm-fixed-width\"><img decoding=\"async\" class=\"a-spacing-mini\" style=\"font-weight: 600\" src=\"https:\/\/m.media-amazon.com\/images\/S\/aplus-media-library-service-media\/3e3631ef-bf95-4934-bd5d-2881c8d8d8c7.__CR0,0,300,300_PT0_SX300_V1___.jpg\" alt=\"Climbing anchor bolts set\" data-src=\"https:\/\/m.media-amazon.com\/images\/S\/aplus-media-library-service-media\/3e3631ef-bf95-4934-bd5d-2881c8d8d8c7.__CR0,0,300,300_PT0_SX300_V1___.jpg\" data- title=\"\"><\/div>\n<\/div>\n<div><\/div>\n<div>Kl\u00e4tterankarbultar som inneh\u00e5ller 2 st h\u00e4ngplattor och 2 st expansionsbultar. Bultmuttrar och plattbrickor ing\u00e5r<\/div>\n<div><\/div>\n<\/div>\n<\/div>\n<div><img decoding=\"async\" class=\"a-spacing-mini\" src=\"https:\/\/m.media-amazon.com\/images\/S\/aplus-media-library-service-media\/ac107527-31f7-4d80-b674-40b8002414d7.__CR0,0,300,300_PT0_SX300_V1___.jpg\" alt=\"Climbing anchor bolts set\" data-src=\"https:\/\/m.media-amazon.com\/images\/S\/aplus-media-library-service-media\/ac107527-31f7-4d80-b674-40b8002414d7.__CR0,0,300,300_PT0_SX300_V1___.jpg\" data- title=\"\"><\/div>\n<\/div>\n<div><\/div>\n<\/div>\n<\/div>\n<\/div>\n<\/div>\n<\/div>\n<div>H\u00e4ngplattor f\u00f6r permanent ankarpunkt. F\u00e4st\u00f6gla designad f\u00f6r tv\u00e5 karbinhakar.<\/div>\n<div><\/div>\n<\/div>\n<div><img decoding=\"async\" class=\"a-spacing-mini\" style=\"font-weight: 600\" src=\"https:\/\/m.media-amazon.com\/images\/S\/aplus-media-library-service-media\/3536bb7e-bf8c-4956-95aa-18f0bec05cc5.__CR0,0,300,300_PT0_SX300_V1___.jpg\" alt=\"Climbing anchor bolts set\" data-src=\"https:\/\/m.media-amazon.com\/images\/S\/aplus-media-library-service-media\/3536bb7e-bf8c-4956-95aa-18f0bec05cc5.__CR0,0,300,300_PT0_SX300_V1___.jpg\" data- title=\"\"><\/div>\n<div><\/div>\n<div>Tillverkad av h\u00f6gkvalitativt och h\u00e5llbart rostfritt st\u00e5lmaterial. L\u00e4tt, l\u00e4mplig f\u00f6r bergskl\u00e4ttring, bergskl\u00e4ttring, grottforskning och andra utomhusaktiviteter<\/div>\n<div><\/div>\n<div><img loading=\"lazy\" decoding=\"async\" class=\"alignnone size-medium wp-image-5025\" src=\"https:\/\/isopllc.com\/se\/wp-content\/uploads\/sites\/10\/2024\/04\/nodstege-300x300.png\" alt=\"no\u0308dstege\" width=\"300\" height=\"300\" title=\"\" srcset=\"https:\/\/isopllc.com\/se\/wp-content\/uploads\/sites\/10\/2024\/04\/nodstege-300x300.png 300w, https:\/\/isopllc.com\/se\/wp-content\/uploads\/sites\/10\/2024\/04\/nodstege-1024x1024.png 1024w, https:\/\/isopllc.com\/se\/wp-content\/uploads\/sites\/10\/2024\/04\/nodstege-150x150.png 150w, https:\/\/isopllc.com\/se\/wp-content\/uploads\/sites\/10\/2024\/04\/nodstege-768x768.png 768w, https:\/\/isopllc.com\/se\/wp-content\/uploads\/sites\/10\/2024\/04\/nodstege-1000x1000.png 1000w, https:\/\/isopllc.com\/se\/wp-content\/uploads\/sites\/10\/2024\/04\/nodstege-416x416.png 416w, https:\/\/isopllc.com\/se\/wp-content\/uploads\/sites\/10\/2024\/04\/nodstege-100x100.png 100w, https:\/\/isopllc.com\/se\/wp-content\/uploads\/sites\/10\/2024\/04\/nodstege.png 1080w\" sizes=\"auto, (max-width: 300px) 100vw, 300px\" \/><\/div>\n<div>V\u00e5ra stegar finns med i alla v\u00e4lrenommerade listor och \u00e4r rankade i topp 5 enligt dessa utgivare.<\/div>\n<div><\/div>\n<div>\u00c4ven tillg\u00e4nglig f\u00f6r <a href=\"https:\/\/isopllc.com\/se\/product\/infallbara-stegar-for-2-vaningshus-4-m\/\"><strong>2 v\u00e5ningar<\/strong><\/a> | <a href=\"https:\/\/isopllc.com\/se\/product\/brandutrymningsstege-3-vaningar-8-m-med-monteringsbeslag-klattringsankare\/\"><strong>3 v\u00e5ningar<\/strong><\/a><\/div>\n<\/div>\n<\/div>\n<\/div>\n<\/div>\n<\/div>\n<\/div>\n<\/div>\n<\/div>\n<\/div>\n<\/div>\n<\/div>\n<\/div>\n<\/div>\n<\/div>\n","protected":false},"excerpt":{"rendered":"[embed]https:\/\/youtu.be\/QlX9EK1ZRkY[\/embed]\n<p id=\"title\" class=\"a-size-large a-spacing-none\" style=\"text-align: center\"><span id=\"productTitle\" class=\"a-size-large product-title-word-break\">ISOP Brandrepstege 10m med Monteringsankare | Brandtrappa f\u00f6r hem 4:e V\u00e5ningen | B\u00e4rbar, Hopf\u00e4llbar &amp; Kompakt | N\u00f6dstegsv\u00e4gg fast | \u00c5teranv\u00e4ndbara brandr\u00e4ddningsstegar<\/span><\/p>\n<p style=\"text-align: center\">GRATIS LEVERANS INOM 3-7 DAGAR<\/p>\n<h4 style=\"text-align: center\"><strong>K\u00d6P DEN P\u00c5<\/strong><br \/>\n<a href=\"https:\/\/www.amazon.se\/dp\/B0CG4K9B71\/ref=sr_1_1?crid=1YK327C4XH6TD&amp;dib=eyJ2IjoiMSJ9.EA6aYXO8avm2AlAtej_3jw.BnZwWAtOjfN19vo5ZgkDp0EVuZu7Mf97TRZ3JbUsMZw&amp;dib_tag=se&amp;keywords=ISOP-Brandrepstege-Monteringsankare-Brandtrappa-brandr%C3%A4ddningsstegar&amp;qid=1715923509&amp;sprefix=b0cg4k9b71%2Caps%2C225&amp;sr=8-1\"><img loading=\"lazy\" decoding=\"async\" class=\"aligncenter wp-image-1040 size-full\" src=\"https:\/\/isopllc.com\/se\/wp-content\/uploads\/sites\/10\/2020\/01\/amazon-button9.png\" alt=\"\" width=\"160\" height=\"59\" \/><\/a><\/h4>\n","protected":false},"featured_media":5030,"comment_status":"open","ping_status":"closed","template":"","meta":[],"product_brand":[],"product_cat":[195,194,192],"product_tag":[112,102,113,34],"class_list":{"0":"post-5029","1":"product","2":"type-product","3":"status-publish","4":"has-post-thumbnail","6":"product_cat-brandutgangsstegar-3-vaningar","7":"product_cat-brandutgangsstegar-4-vaningar","8":"product_cat-brandutgangsstegar-med-avstandshallare","9":"product_tag-brandrepstege","10":"product_tag-isop","11":"product_tag-monteringsankare","12":"product_tag-sakerhetsutrustning","14":"first","15":"instock","16":"shipping-taxable","17":"purchasable","18":"product-type-simple"},"_links":{"self":[{"href":"https:\/\/isopllc.com\/se\/wp-json\/wp\/v2\/product\/5029","targetHints":{"allow":["GET"]}}],"collection":[{"href":"https:\/\/isopllc.com\/se\/wp-json\/wp\/v2\/product"}],"about":[{"href":"https:\/\/isopllc.com\/se\/wp-json\/wp\/v2\/types\/product"}],"replies":[{"embeddable":true,"href":"https:\/\/isopllc.com\/se\/wp-json\/wp\/v2\/comments?post=5029"}],"wp:featuredmedia":[{"embeddable":true,"href":"https:\/\/isopllc.com\/se\/wp-json\/wp\/v2\/media\/5030"}],"wp:attachment":[{"href":"https:\/\/isopllc.com\/se\/wp-json\/wp\/v2\/media?parent=5029"}],"wp:term":[{"taxonomy":"product_brand","embeddable":true,"href":"https:\/\/isopllc.com\/se\/wp-json\/wp\/v2\/product_brand?post=5029"},{"taxonomy":"product_cat","embeddable":true,"href":"https:\/\/isopllc.com\/se\/wp-json\/wp\/v2\/product_cat?post=5029"},{"taxonomy":"product_tag","embeddable":true,"href":"https:\/\/isopllc.com\/se\/wp-json\/wp\/v2\/product_tag?post=5029"}],"curies":[{"name":"wp","href":"https:\/\/api.w.org\/{rel}","templated":true}]}}