{"id":5034,"date":"2024-05-24T14:48:53","date_gmt":"2024-05-24T14:48:53","guid":{"rendered":"https:\/\/isopllc.com\/se\/?post_type=product&#038;p=5034"},"modified":"2025-07-01T03:22:18","modified_gmt":"2025-07-01T03:22:18","slug":"isop-brandtrappa-4-m-copy","status":"publish","type":"product","link":"https:\/\/isopllc.com\/se\/product\/isop-brandtrappa-4-m-copy\/","title":{"rendered":"ISOP Brandtrappa 4 m"},"content":{"rendered":"<h1 id=\"title\" class=\"a-size-large a-spacing-none\"><span id=\"productTitle\" class=\"a-size-large product-title-word-break\">ISOP Brandtrappa 4 m | Inf\u00e4llbara Stegar f\u00f6r Hus med 2 V\u00e5ningar | Kompakt och B\u00e4rbar | Repstege i Aluminiumkapsling<\/span><\/h1>\n<h3 class=\"a-spacing-small\">Varf\u00f6r v\u00e4lja v\u00e5r brandtrappa?<\/h3>\n<p><img decoding=\"async\" src=\"https:\/\/m.media-amazon.com\/images\/S\/aplus-media-library-service-media\/eb357252-9807-4881-a43c-3cc4db2103d8.__CR0,0,1000,1000_PT0_SX300_V1___.jpg\" alt=\"alumnium box for fire extinguisher fire escape ladder\" title=\"\"><\/p>\n<p>Iron Fire Escape Ladder Cabinet h\u00e5ller din utrymningsstege l\u00e4ttillg\u00e4nglig i h\u00e4ndelse av en n\u00f6dsituation.<\/p>\n<p>P\u00e5 grund av sin kompakta storlek &#8211;\u00a0(36x26x13 cm, 1 mm tunn)\u00a0och h\u00e5llbara konstruktion, \u00e4r detta sk\u00e5p idealiskt f\u00f6r l\u00e4genheter, l\u00e4genheter och sm\u00e5f\u00f6retag, och det ger en s\u00e4ker och s\u00e4ker plats f\u00f6r l\u00e5ngtidsf\u00f6rvaring.<\/p>\n<p><img decoding=\"async\" class=\"a-spacing-mini\" src=\"https:\/\/m.media-amazon.com\/images\/S\/aplus-media\/sc\/d4cc9639-a61a-4b3c-b1c6-a62967c917dd.__CR145,0,1000,1000_PT0_SX300_V1___.jpg\" alt=\"Anti Slip Rungs\" data-src=\"https:\/\/m.media-amazon.com\/images\/S\/aplus-media\/sc\/d4cc9639-a61a-4b3c-b1c6-a62967c917dd.__CR145,0,1000,1000_PT0_SX300_V1___.jpg\" data- title=\"\"><\/p>\n<h3><span class=\"a-text-bold\">Mild mot h\u00e4nderna<\/span><\/h3>\n<p>N\u00e4r vi skapade dessa stegar tog vi h\u00e4nsyn till v\u00e5ra konkurrenters brister. B\u00e4sts\u00e4ljarna som first alert och kidde har m\u00e5nga klagom\u00e5l p\u00e5 det faktum att stegpinnar sk\u00e4r anv\u00e4ndarnas h\u00e4nder n\u00e4r de anv\u00e4nder sina stegar eftersom aluminiumspinnarna \u00e4r vassa. Vi tog h\u00e4nsyn till detta och v\u00e5ra stegar har inga skarpa h\u00f6rn och de \u00e4r s\u00e4kra att anv\u00e4nda av b\u00e5de vuxna och barn.<\/p>\n<p><img decoding=\"async\" class=\"a-spacing-mini\" src=\"https:\/\/m.media-amazon.com\/images\/S\/aplus-media\/sc\/27f9c708-c858-49c0-96f7-815dd0fa4f9a.__CR0,0,1000,1000_PT0_SX300_V1___.jpg\" alt=\"Wide application\" data-src=\"https:\/\/m.media-amazon.com\/images\/S\/aplus-media\/sc\/27f9c708-c858-49c0-96f7-815dd0fa4f9a.__CR0,0,1000,1000_PT0_SX300_V1___.jpg\" data- title=\"\"><\/p>\n<h3><span class=\"a-text-bold\">Integrerade remmar<\/span><\/h3>\n<p>\u00c5terigen, om man j\u00e4mf\u00f6r v\u00e5ra stegar med konkurrenter, b\u00f6r det noteras att, till skillnad fr\u00e5n andra, fr\u00e5n topp till botten best\u00e5r v\u00e5ra stegar av ett stycke v\u00e4vband som t\u00e5l mer \u00e4n ett 44 pund (!) Tack vare en speciell patenterad teknologi. Medan konkurrenternas webbingstegar sys i bitar, vilket enligt v\u00e5r mening \u00e4r op\u00e5litligt.<\/p>\n<p><img decoding=\"async\" src=\"https:\/\/m.media-amazon.com\/images\/S\/aplus-media-library-service-media\/3e3631ef-bf95-4934-bd5d-2881c8d8d8c7.__CR0,0,300,300_PT0_SX300_V1___.jpg\" alt=\"For window or balcony\" title=\"\"><\/p>\n<p>Levereras med ett set med kl\u00e4ttringsankare, 2 st upph\u00e4ngningsplattor och 2 st expansionsbultar. Bultmuttrar och plattbrickor ing\u00e5r.<\/p>\n<p><img decoding=\"async\" class=\"a-spacing-mini\" src=\"https:\/\/m.media-amazon.com\/images\/S\/aplus-media\/sc\/42cab632-a2d0-40fd-a2dd-280d531bf010.__CR282,0,1000,1000_PT0_SX300_V1___.jpg\" alt=\"For window or balcony\" data-src=\"https:\/\/m.media-amazon.com\/images\/S\/aplus-media\/sc\/42cab632-a2d0-40fd-a2dd-280d531bf010.__CR282,0,1000,1000_PT0_SX300_V1___.jpg\" data- title=\"\"><\/p>\n<h3><span class=\"a-text-bold\">Stabilisatorer<\/span><\/h3>\n<p>V\u00e5ra stegpinnar har stabilisatorer som g\u00f6r att stegarna inte f\u00e4ster t\u00e4tt mot v\u00e4ggen utan h\u00e5ller sig stadiga mot den och d\u00e4rf\u00f6r avsev\u00e4rt underl\u00e4ttar nedstigningen fr\u00e5n andra eller tredje v\u00e5ningen.<\/p>\n<h3><span class=\"a-text-bold\">Anti-slip stegpinnar<\/span><\/h3>\n<p>Ett speciellt m\u00f6nster p\u00e5 stegpinnarnas yta g\u00f6r nedstigningen fr\u00e5n l\u00e4genheten halkfri i alla v\u00e4der.<\/p>\n<p><img decoding=\"async\" class=\"a-spacing-mini\" src=\"https:\/\/m.media-amazon.com\/images\/S\/aplus-media\/sc\/8b1ba6ce-d84f-4314-b98a-95d063fc3e5e.__CR500,0,1000,1000_PT0_SX300_V1___.jpg\" alt=\"For window or balcony\" data-src=\"https:\/\/m.media-amazon.com\/images\/S\/aplus-media\/sc\/8b1ba6ce-d84f-4314-b98a-95d063fc3e5e.__CR500,0,1000,1000_PT0_SX300_V1___.jpg\" data- title=\"\"><\/p>\n<h3><span class=\"a-text-bold\">V\u00e4derbest\u00e4ndig<\/span><\/h3>\n<p>Den speciella pulverlackerade f\u00e4rgen skyddar stegpinnarna mot rost, och polyesterv\u00e4ven \u00e4r mycket motst\u00e5ndskraftig mot vatten och sn\u00f6, d\u00e4rf\u00f6r \u00e4r v\u00e5ra utrymningsstegar v\u00e4derbest\u00e4ndiga.<\/p>\n<h3>Certifierad<\/h3>\n<p>V\u00e5ra stegar, till skillnad fr\u00e5n alla liknande p\u00e5 marknaden, \u00e4r certifierade enligt kvalitetsstandarden EN 131. Det \u00e4r b\u00e4ttre att lita p\u00e5 ditt liv med en produkt som har genomg\u00e5tt alla n\u00f6dv\u00e4ndiga tester \u00e4n med en n\u00e5got billigare vara tillverkad av vem vet vad.<\/p>\n<p><img loading=\"lazy\" decoding=\"async\" class=\"alignnone size-medium wp-image-5255\" src=\"https:\/\/isopllc.com\/se\/wp-content\/uploads\/sites\/10\/2023\/06\/11-300x300.jpg\" alt=\"Certifieard Brandtrappa 4 m\" width=\"300\" height=\"300\" title=\"\" srcset=\"https:\/\/isopllc.com\/se\/wp-content\/uploads\/sites\/10\/2023\/06\/11-300x300.jpg 300w, https:\/\/isopllc.com\/se\/wp-content\/uploads\/sites\/10\/2023\/06\/11-1024x1024.jpg 1024w, https:\/\/isopllc.com\/se\/wp-content\/uploads\/sites\/10\/2023\/06\/11-150x150.jpg 150w, https:\/\/isopllc.com\/se\/wp-content\/uploads\/sites\/10\/2023\/06\/11-768x768.jpg 768w, https:\/\/isopllc.com\/se\/wp-content\/uploads\/sites\/10\/2023\/06\/11-1000x1000.jpg 1000w, https:\/\/isopllc.com\/se\/wp-content\/uploads\/sites\/10\/2023\/06\/11-416x416.jpg 416w, https:\/\/isopllc.com\/se\/wp-content\/uploads\/sites\/10\/2023\/06\/11-100x100.jpg 100w, https:\/\/isopllc.com\/se\/wp-content\/uploads\/sites\/10\/2023\/06\/11.jpg 1080w\" sizes=\"auto, (max-width: 300px) 100vw, 300px\" \/><\/p>\n<h3><span class=\"a-text-bold\">\u00c5teranv\u00e4ndbar<\/span><\/h3>\n<p>V\u00e5ra stegar \u00e4r \u00e5teranv\u00e4ndbara, till skillnad fr\u00e5n konkurrenternas. Med r\u00e4tt f\u00f6rvaring kan de h\u00e5lla i flera \u00e5r!<\/p>\n<p><img decoding=\"async\" src=\"https:\/\/m.media-amazon.com\/images\/S\/aplus-media-library-service-media\/9565f831-9888-4144-a36f-5e092ddb895b.__CR0,0,300,300_PT0_SX300_V1___.jpg\" alt=\"carabiners\" title=\"\"><\/p>\n<h3><span class=\"a-text-bold\">Kraftiga karbinhakar<\/span><\/h3>\n<p>Stegarna inkluderar kromade karbinhakar med brottstyrka 11KN.<\/p>\n<p><img decoding=\"async\" class=\"\" src=\"https:\/\/m.media-amazon.com\/images\/S\/aplus-media\/sc\/55dfe070-7172-4b34-b379-6ab49b743dd1.__CR226,0,1000,1000_PT0_SX300_V1___.jpg\" alt=\"Variation of 2 sizes\" data-src=\"https:\/\/m.media-amazon.com\/images\/S\/aplus-media\/sc\/55dfe070-7172-4b34-b379-6ab49b743dd1.__CR226,0,1000,1000_PT0_SX300_V1___.jpg\" data- title=\"\"><\/p>\n<h3><span class=\"a-text-bold\">Professionellt stegf\u00f6retag<\/span><\/h3>\n<p>Vi rekommenderar att k\u00f6pa stegar fr\u00e5n ett f\u00f6retag som specialiserat sig p\u00e5 stegar, d\u00e5 detta \u00e4r en s\u00e4kerhetsprodukt.<\/p>\n<p>Och ISOP \u00e4r ett av f\u00e5 f\u00f6retag som erbjuder ett brett urval av olika stegar fr\u00e5n sin egen tillverkningsanl\u00e4ggning.<\/p>\n<p><img decoding=\"async\" src=\"https:\/\/m.media-amazon.com\/images\/S\/aplus-media-library-service-media\/0c3c254d-684e-4313-bc9f-ae4b4b7e7ee7.__CR0,0,300,300_PT0_SX300_V1___.jpg\" alt=\"professional ladder\" title=\"\"><\/p>\n<p>&nbsp;<\/p>\n<p>\u00c4ven tillg\u00e4nglig f\u00f6r <a href=\"https:\/\/isopllc.com\/se\/product\/vaggmonterad-brandstege-3-vaningar-7-5-m\/\"><strong>3 v\u00e5ningar.<\/strong><\/a><\/p>\n","protected":false},"excerpt":{"rendered":"[embed]https:\/\/youtu.be\/QlX9EK1ZRkY[\/embed]\n<p id=\"title\" class=\"a-size-large a-spacing-none\" style=\"text-align: center\"><span id=\"productTitle\" class=\"a-size-large product-title-word-break\">ISOP Brandtrappa 4 m | Inf\u00e4llbara Stegar f\u00f6r Hus med 2 V\u00e5ningar | Kompakt och B\u00e4rbar | Repstege i Aluminiumkapsling<\/span><\/p>\n<p style=\"text-align: center\">GRATIS LEVERANS INOM 3-7 DAGAR<\/p>\n<h4 style=\"text-align: center\"><strong>K\u00d6P DEN P\u00c5<\/strong><\/h4>\n<p style=\"text-align: center\"><a href=\"https:\/\/www.amazon.se\/dp\/B09G1PV5RS\/ref=sr_1_1?crid=27DU22W83F80V&amp;keywords=Brandtrappa%204%20m&amp;qid=1671597233&amp;sprefix=%2Caps%2C248&amp;sr=8-1\"><img loading=\"lazy\" decoding=\"async\" class=\"wp-image-1040 size-full aligncenter\" src=\"https:\/\/rightfoodonly.com\/wp-content\/uploads\/amazon-button9.png\" alt=\"\" width=\"160\" height=\"59\" \/><\/a><\/p>\n<p>&nbsp;<\/p>\n","protected":false},"featured_media":4563,"comment_status":"open","ping_status":"closed","template":"","meta":[],"product_brand":[],"product_cat":[197,196,192,190],"product_tag":[117,118,102,70],"class_list":{"0":"post-5034","1":"product","2":"type-product","3":"status-publish","4":"has-post-thumbnail","6":"product_cat-brandutgangsstegar-1-vaning","7":"product_cat-brandutgangsstegar-2-vaningar","8":"product_cat-brandutgangsstegar-med-avstandshallare","9":"product_cat-vaggmonterade-stegar","10":"product_tag-brandtrappa","11":"product_tag-evakueringsutrustning","12":"product_tag-isop","13":"product_tag-sakerhetsutgang","15":"first","16":"instock","17":"shipping-taxable","18":"purchasable","19":"product-type-simple"},"_links":{"self":[{"href":"https:\/\/isopllc.com\/se\/wp-json\/wp\/v2\/product\/5034","targetHints":{"allow":["GET"]}}],"collection":[{"href":"https:\/\/isopllc.com\/se\/wp-json\/wp\/v2\/product"}],"about":[{"href":"https:\/\/isopllc.com\/se\/wp-json\/wp\/v2\/types\/product"}],"replies":[{"embeddable":true,"href":"https:\/\/isopllc.com\/se\/wp-json\/wp\/v2\/comments?post=5034"}],"wp:featuredmedia":[{"embeddable":true,"href":"https:\/\/isopllc.com\/se\/wp-json\/wp\/v2\/media\/4563"}],"wp:attachment":[{"href":"https:\/\/isopllc.com\/se\/wp-json\/wp\/v2\/media?parent=5034"}],"wp:term":[{"taxonomy":"product_brand","embeddable":true,"href":"https:\/\/isopllc.com\/se\/wp-json\/wp\/v2\/product_brand?post=5034"},{"taxonomy":"product_cat","embeddable":true,"href":"https:\/\/isopllc.com\/se\/wp-json\/wp\/v2\/product_cat?post=5034"},{"taxonomy":"product_tag","embeddable":true,"href":"https:\/\/isopllc.com\/se\/wp-json\/wp\/v2\/product_tag?post=5034"}],"curies":[{"name":"wp","href":"https:\/\/api.w.org\/{rel}","templated":true}]}}