{"id":5070,"date":"2024-08-08T02:17:56","date_gmt":"2024-08-08T02:17:56","guid":{"rendered":"https:\/\/isopllc.com\/se\/?post_type=product&#038;p=5070"},"modified":"2025-11-16T16:31:27","modified_gmt":"2025-11-16T16:31:27","slug":"isop-brandslackare-plastbox-stora-for-5-kg","status":"publish","type":"product","link":"https:\/\/isopllc.com\/se\/product\/isop-brandslackare-plastbox-stora-for-5-kg\/","title":{"rendered":"ISOP Brandsl\u00e4ckare Plastbox Stora f\u00f6r 5 kg"},"content":{"rendered":"<h1 class=\"a-spacing-small\">ISOP Brandsl\u00e4ckare Plastbox Stora f\u00f6r 5 kg eller 10 lb &#8211; Brandsl\u00e4ckare Inomhus\/Ute Sk\u00e5p &#8211; V\u00e4ggmonterad PVC Brandsl\u00e4ckare Sk\u00e5p &#8211; Brandsl\u00e4ckare Montering<\/h1>\n<div class=\"celwidget aplus-module premium-module-4-two-column-images aplus-premium\" data-csa-c-id=\"15yl7x-eio1n0-m9lh6n-socwzs\" data-cel-widget=\"aplus-premium-module-4-two-column-images\">\n<div class=\"a-section a-spacing-none premium-aplus premium-aplus-module-4 aplus-container-1\">\n<div class=\"a-section a-spacing-none premium-aplus-two-column\">\n<div class=\"a-section a-spacing-none premium-aplus-column\">\n<div class=\"a-section a-spacing-none column-description\">\n<div class=\"celwidget aplus-module module-9 aplus-standard\">\n<div class=\"aplus-module-wrapper\">\n<div class=\"\">\n<p class=\"a-text-center\"><img loading=\"lazy\" decoding=\"async\" class=\"alignnone size-full wp-image-5079\" src=\"https:\/\/isopllc.com\/se\/wp-content\/uploads\/sites\/10\/2024\/08\/pvs-M-size-1.jpg\" alt=\"ISOP Plastbrandpost\" width=\"300\" height=\"300\" title=\"\" srcset=\"https:\/\/isopllc.com\/se\/wp-content\/uploads\/sites\/10\/2024\/08\/pvs-M-size-1.jpg 300w, https:\/\/isopllc.com\/se\/wp-content\/uploads\/sites\/10\/2024\/08\/pvs-M-size-1-150x150.jpg 150w, https:\/\/isopllc.com\/se\/wp-content\/uploads\/sites\/10\/2024\/08\/pvs-M-size-1-100x100.jpg 100w\" sizes=\"auto, (max-width: 300px) 100vw, 300px\" \/><\/p>\n<h4 class=\"a-spacing-mini\">Robust Konstruktion<\/h4>\n<p class=\"a-spacing-base\">Tillverkad av h\u00f6gkvalitativ, st\u00f6tt\u00e5lig plast, \u00e4r ISOP PVC brandsl\u00e4ckartboxen byggd f\u00f6r att klara av utmanande milj\u00f6er. Dess h\u00e5llbara design s\u00e4kerst\u00e4ller att din brandsl\u00e4ckare \u00e4r skyddad mot fysiska skador, h\u00e5rda v\u00e4derf\u00f6rh\u00e5llanden och UV-exponering och h\u00e5ller den redo och p\u00e5litlig \u00f6ver tid.<\/p>\n<p>&nbsp;<\/p>\n<p class=\"a-text-center\"><img loading=\"lazy\" decoding=\"async\" class=\"alignnone size-full wp-image-5071\" src=\"https:\/\/isopllc.com\/se\/wp-content\/uploads\/sites\/10\/2024\/08\/pvs-L-size-2.jpg\" alt=\"Brandsl\u00e4ckare Plastbox\" width=\"300\" height=\"300\" title=\"\" srcset=\"https:\/\/isopllc.com\/se\/wp-content\/uploads\/sites\/10\/2024\/08\/pvs-L-size-2.jpg 300w, https:\/\/isopllc.com\/se\/wp-content\/uploads\/sites\/10\/2024\/08\/pvs-L-size-2-150x150.jpg 150w, https:\/\/isopllc.com\/se\/wp-content\/uploads\/sites\/10\/2024\/08\/pvs-L-size-2-100x100.jpg 100w\" sizes=\"auto, (max-width: 300px) 100vw, 300px\" \/><\/p>\n<h4 class=\"a-spacing-mini\">Stor Kapacitet<\/h4>\n<p class=\"a-spacing-base\">Designad f\u00f6r att passa st\u00f6rre brandsl\u00e4ckare p\u00e5 5 kg eller 10 lb, ger detta PVC brandsl\u00e4ckarsk\u00e5p mycket utrymme f\u00f6r ett sortiment av brandsl\u00e4ckarmodeller och typer. Den gener\u00f6sa kapaciteten s\u00e4kerst\u00e4ller bred till\u00e4mplighet och l\u00e4mplighet f\u00f6r olika s\u00e4kerhetsbehov.<\/p>\n<p>&nbsp;<\/p>\n<p class=\"a-text-center\"><img loading=\"lazy\" decoding=\"async\" class=\"alignnone size-full wp-image-5077\" src=\"https:\/\/isopllc.com\/se\/wp-content\/uploads\/sites\/10\/2024\/08\/pvs-M-size-3.jpg\" alt=\"Brandsl\u00e4ckare Plastbox\" width=\"300\" height=\"300\" title=\"\" srcset=\"https:\/\/isopllc.com\/se\/wp-content\/uploads\/sites\/10\/2024\/08\/pvs-M-size-3.jpg 300w, https:\/\/isopllc.com\/se\/wp-content\/uploads\/sites\/10\/2024\/08\/pvs-M-size-3-150x150.jpg 150w, https:\/\/isopllc.com\/se\/wp-content\/uploads\/sites\/10\/2024\/08\/pvs-M-size-3-100x100.jpg 100w\" sizes=\"auto, (max-width: 300px) 100vw, 300px\" \/><\/p>\n<h4 class=\"a-spacing-mini\">Enkel Installation<\/h4>\n<p class=\"a-spacing-base\">PVC brandsl\u00e4ckarsk\u00e5p har f\u00f6r-borrade monteringsh\u00e5l f\u00f6r enkel och s\u00e4ker v\u00e4ggmontering. Den enkla installationsprocessen s\u00e4kerst\u00e4ller att din brandsl\u00e4ckare alltid \u00e4r p\u00e5 en optimal plats, redo f\u00f6r omedelbar \u00e5tkomst under n\u00f6dsituationer.<\/p>\n<p>&nbsp;<\/p>\n<\/div>\n<\/div>\n<\/div>\n<div class=\"celwidget aplus-module module-9 aplus-standard\">\n<div class=\"aplus-module-wrapper\">\n<div class=\"\">\n<p class=\"a-text-center\"><img loading=\"lazy\" decoding=\"async\" class=\"alignnone size-full wp-image-5076\" src=\"https:\/\/isopllc.com\/se\/wp-content\/uploads\/sites\/10\/2024\/08\/pvs-M-size-4.jpg\" alt=\"Brandsl\u00e4ckare Plastbox\" width=\"300\" height=\"300\" title=\"\" srcset=\"https:\/\/isopllc.com\/se\/wp-content\/uploads\/sites\/10\/2024\/08\/pvs-M-size-4.jpg 300w, https:\/\/isopllc.com\/se\/wp-content\/uploads\/sites\/10\/2024\/08\/pvs-M-size-4-150x150.jpg 150w, https:\/\/isopllc.com\/se\/wp-content\/uploads\/sites\/10\/2024\/08\/pvs-M-size-4-100x100.jpg 100w\" sizes=\"auto, (max-width: 300px) 100vw, 300px\" \/><\/p>\n<h4 class=\"a-spacing-mini\">S\u00e4ker och Tillg\u00e4nglig<\/h4>\n<p class=\"a-spacing-base\">ISOP PVC brandsl\u00e4ckarsk\u00e5p \u00e4r utrustad med en robust l\u00e5smekanism som h\u00e5ller brandsl\u00e4ckaren p\u00e5 plats, f\u00f6rhindrar oavsiktlig f\u00f6rskjutning, samtidigt som den m\u00f6jligg\u00f6r snabb och enkel \u00e5tkomst vid behov. Denna funktion s\u00e4kerst\u00e4ller att sl\u00e4ckaren \u00e4r b\u00e5de s\u00e4ker och tillg\u00e4nglig, vilket f\u00f6rb\u00e4ttrar den \u00f6vergripande s\u00e4kerheten.<\/p>\n<p>&nbsp;<\/p>\n<p class=\"a-text-center\"><img loading=\"lazy\" decoding=\"async\" class=\"alignnone size-full wp-image-5075\" src=\"https:\/\/isopllc.com\/se\/wp-content\/uploads\/sites\/10\/2024\/08\/pvs-M-size-5.jpg\" alt=\"Brandsl\u00e4ckare Plastbox\" width=\"300\" height=\"300\" title=\"\" srcset=\"https:\/\/isopllc.com\/se\/wp-content\/uploads\/sites\/10\/2024\/08\/pvs-M-size-5.jpg 300w, https:\/\/isopllc.com\/se\/wp-content\/uploads\/sites\/10\/2024\/08\/pvs-M-size-5-150x150.jpg 150w, https:\/\/isopllc.com\/se\/wp-content\/uploads\/sites\/10\/2024\/08\/pvs-M-size-5-100x100.jpg 100w\" sizes=\"auto, (max-width: 300px) 100vw, 300px\" \/><\/p>\n<h4 class=\"a-spacing-mini\">Tydligt Visningsf\u00f6nster<\/h4>\n<p class=\"a-spacing-base\">Ett transparent, splitterfritt visningsf\u00f6nster m\u00f6jligg\u00f6r snabba visuella inspektioner av brandsl\u00e4ckarens status utan att beh\u00f6va \u00f6ppna PVC brandsl\u00e4ckarsk\u00e5pet. Denna praktiska funktion m\u00f6jligg\u00f6r rutinm\u00e4ssiga kontroller och s\u00e4kerst\u00e4ller att sl\u00e4ckaren alltid \u00e4r redo f\u00f6r anv\u00e4ndning.<\/p>\n<p>&nbsp;<\/p>\n<p class=\"a-text-center\"><img loading=\"lazy\" decoding=\"async\" class=\"alignnone size-full wp-image-5074\" src=\"https:\/\/isopllc.com\/se\/wp-content\/uploads\/sites\/10\/2024\/08\/pvs-M-size-6.jpg\" alt=\"Brandsl\u00e4ckare Plastbox\" width=\"300\" height=\"300\" title=\"\" srcset=\"https:\/\/isopllc.com\/se\/wp-content\/uploads\/sites\/10\/2024\/08\/pvs-M-size-6.jpg 300w, https:\/\/isopllc.com\/se\/wp-content\/uploads\/sites\/10\/2024\/08\/pvs-M-size-6-150x150.jpg 150w, https:\/\/isopllc.com\/se\/wp-content\/uploads\/sites\/10\/2024\/08\/pvs-M-size-6-100x100.jpg 100w\" sizes=\"auto, (max-width: 300px) 100vw, 300px\" \/><\/p>\n<h4 class=\"a-spacing-mini\">V\u00e4derbest\u00e4ndig<\/h4>\n<p class=\"a-spacing-base\">Ideal f\u00f6r utomhusmilj\u00f6er, \u00e4r PVC brandsl\u00e4ckarsk\u00e5p designad f\u00f6r att skydda din brandsl\u00e4ckare fr\u00e5n regn, damm och UV-str\u00e5lar. Dess v\u00e4derbest\u00e4ndiga egenskaper s\u00e4kerst\u00e4ller att sl\u00e4ckaren f\u00f6rblir i optimalt skick, oavsett externa element.<\/p>\n<\/div>\n<\/div>\n<\/div>\n<\/div>\n<\/div>\n<\/div>\n<\/div>\n<\/div>\n","protected":false},"excerpt":{"rendered":"[embed]https:\/\/www.youtube.com\/shorts\/_Zq_WWXati8[\/embed]\n<p class=\"a-spacing-small\" style=\"text-align: center\">ISOP Brandsl\u00e4ckare Plastbox Stora f\u00f6r 5 kg eller 10 lb &#8211; Brandsl\u00e4ckare Inomhus\/Ute Sk\u00e5p &#8211; V\u00e4ggmonterad PVC Brandsl\u00e4ckare Sk\u00e5p &#8211; Brandsl\u00e4ckare Montering<\/p>\n<p style=\"text-align: center\">GRATIS LEVERANS INOM 3-7 DAGAR<\/p>\n<h4 style=\"text-align: center\"><strong>K\u00d6P DEN P\u00c5<\/strong><a href=\"https:\/\/www.amazon.se\/dp\/B0D7J7LJ33\/ref=sr_1_1?crid=3DDQ8SN11T6KZ&amp;dib=eyJ2IjoiMSJ9.hG-I-hkPXbPPgCp4lGqzuw.E7PylODXccFyf19Nj_LvKWdGS1xrsitmM8F5BCf_OeI&amp;dib_tag=se&amp;keywords=ISOP%20Brandsl%C3%A4ckare%20Plastbox&amp;qid=1723083905&amp;sprefix=b0d7j7lj33%2Caps%2C361&amp;sr=8-1\"><img loading=\"lazy\" decoding=\"async\" class=\"aligncenter wp-image-1040 size-full\" src=\"https:\/\/isopllc.com\/se\/wp-content\/uploads\/sites\/10\/2020\/01\/amazon-button9.png\" alt=\"\" width=\"160\" height=\"59\" \/><\/a><\/h4>\n","protected":false},"featured_media":5072,"comment_status":"open","ping_status":"closed","template":"","meta":[],"product_brand":[],"product_cat":[182,187],"product_tag":[115,102,114,116],"class_list":{"0":"post-5070","1":"product","2":"type-product","3":"status-publish","4":"has-post-thumbnail","6":"product_cat-brandslackarhallare","7":"product_cat-tillbehor-till-brandstegar","8":"product_tag-brandslackare","9":"product_tag-isop","10":"product_tag-plastbox","11":"product_tag-stor-forvaring","13":"first","14":"instock","15":"shipping-taxable","16":"purchasable","17":"product-type-simple"},"_links":{"self":[{"href":"https:\/\/isopllc.com\/se\/wp-json\/wp\/v2\/product\/5070","targetHints":{"allow":["GET"]}}],"collection":[{"href":"https:\/\/isopllc.com\/se\/wp-json\/wp\/v2\/product"}],"about":[{"href":"https:\/\/isopllc.com\/se\/wp-json\/wp\/v2\/types\/product"}],"replies":[{"embeddable":true,"href":"https:\/\/isopllc.com\/se\/wp-json\/wp\/v2\/comments?post=5070"}],"wp:featuredmedia":[{"embeddable":true,"href":"https:\/\/isopllc.com\/se\/wp-json\/wp\/v2\/media\/5072"}],"wp:attachment":[{"href":"https:\/\/isopllc.com\/se\/wp-json\/wp\/v2\/media?parent=5070"}],"wp:term":[{"taxonomy":"product_brand","embeddable":true,"href":"https:\/\/isopllc.com\/se\/wp-json\/wp\/v2\/product_brand?post=5070"},{"taxonomy":"product_cat","embeddable":true,"href":"https:\/\/isopllc.com\/se\/wp-json\/wp\/v2\/product_cat?post=5070"},{"taxonomy":"product_tag","embeddable":true,"href":"https:\/\/isopllc.com\/se\/wp-json\/wp\/v2\/product_tag?post=5070"}],"curies":[{"name":"wp","href":"https:\/\/api.w.org\/{rel}","templated":true}]}}