{"id":5080,"date":"2024-08-08T02:26:54","date_gmt":"2024-08-08T02:26:54","guid":{"rendered":"https:\/\/isopllc.com\/se\/?post_type=product&#038;p=5080"},"modified":"2025-11-16T16:30:29","modified_gmt":"2025-11-16T16:30:29","slug":"isop-vaggmonterat-skap-for-brandslackare-i-plast-litet-for-25-kg","status":"publish","type":"product","link":"https:\/\/isopllc.com\/se\/product\/isop-vaggmonterat-skap-for-brandslackare-i-plast-litet-for-25-kg\/","title":{"rendered":"ISOP V\u00e4ggmonterat Sk\u00e5p f\u00f6r Brandsl\u00e4ckare i Plast Litet f\u00f6r 2,5 kg"},"content":{"rendered":"<h1 class=\"a-spacing-small\">ISOP V\u00e4ggmonterat Sk\u00e5p f\u00f6r Brandsl\u00e4ckare i Plast Litet f\u00f6r 2,5 kg eller 5 lb &#8211; Brandsl\u00e4ckarbox &#8211; Utomhus PVC brandsl\u00e4ckarsk\u00e5p monterat &#8211; Brandsl\u00e4ckarf\u00e4ste<\/h1>\n<div class=\"celwidget aplus-module premium-module-4-two-column-images aplus-premium\" data-csa-c-id=\"15yl7x-eio1n0-m9lh6n-socwzs\" data-cel-widget=\"aplus-premium-module-4-two-column-images\">\n<div class=\"a-section a-spacing-none premium-aplus premium-aplus-module-4 aplus-container-1\">\n<div class=\"a-section a-spacing-none premium-aplus-two-column\">\n<div class=\"a-section a-spacing-none premium-aplus-column\">\n<div class=\"a-section a-spacing-none column-description\">\n<div class=\"celwidget aplus-module module-9 aplus-standard\">\n<div class=\"aplus-module-wrapper\">\n<div class=\"\">\n<p class=\"a-text-center\"><img loading=\"lazy\" decoding=\"async\" class=\"alignnone size-full wp-image-5079\" src=\"https:\/\/isopllc.com\/se\/wp-content\/uploads\/sites\/10\/2024\/08\/pvs-M-size-1.jpg\" alt=\"ISOP Plastbrandpost\" width=\"300\" height=\"300\" title=\"\" srcset=\"https:\/\/isopllc.com\/se\/wp-content\/uploads\/sites\/10\/2024\/08\/pvs-M-size-1.jpg 300w, https:\/\/isopllc.com\/se\/wp-content\/uploads\/sites\/10\/2024\/08\/pvs-M-size-1-150x150.jpg 150w, https:\/\/isopllc.com\/se\/wp-content\/uploads\/sites\/10\/2024\/08\/pvs-M-size-1-100x100.jpg 100w\" sizes=\"auto, (max-width: 300px) 100vw, 300px\" \/><\/p>\n<h4 class=\"a-spacing-mini\">H\u00e5llbar Konstruktion<\/h4>\n<p class=\"a-spacing-base\">Tillverkad av premium, slagbest\u00e4ndig plast \u00e4r detta PVC brandsl\u00e4ckarsk\u00e5p konstruerat f\u00f6r att st\u00e5 emot tuffa v\u00e4derf\u00f6rh\u00e5llanden, inklusive extrem temperatur, regn och UV-exponering. Dess robusta konstruktion s\u00e4kerst\u00e4ller l\u00e5ngvarigt skydd f\u00f6r din brandsl\u00e4ckare, och bibeh\u00e5ller dess integritet \u00f6ver tid.<\/p>\n<p>&nbsp;<\/p>\n<p class=\"a-text-center\"><img loading=\"lazy\" decoding=\"async\" class=\"alignnone size-full wp-image-5078\" src=\"https:\/\/isopllc.com\/se\/wp-content\/uploads\/sites\/10\/2024\/08\/pvs-M-size-2.jpg\" alt=\"ISOP Plastbrandpost\" width=\"300\" height=\"300\" title=\"\" srcset=\"https:\/\/isopllc.com\/se\/wp-content\/uploads\/sites\/10\/2024\/08\/pvs-M-size-2.jpg 300w, https:\/\/isopllc.com\/se\/wp-content\/uploads\/sites\/10\/2024\/08\/pvs-M-size-2-150x150.jpg 150w, https:\/\/isopllc.com\/se\/wp-content\/uploads\/sites\/10\/2024\/08\/pvs-M-size-2-100x100.jpg 100w\" sizes=\"auto, (max-width: 300px) 100vw, 300px\" \/><\/p>\n<h4 class=\"a-spacing-mini\">Universell Passform<\/h4>\n<p class=\"a-spacing-base\">PVC brandsl\u00e4ckarsk\u00e5pet \u00e4r designat f\u00f6r att passa 2,5 kg eller 5 lb brandsl\u00e4ckare, vilket g\u00f6r det m\u00e5ngsidigt och l\u00e4mpligt f\u00f6r olika modeller och typer av brandsl\u00e4ckare. Denna anpassningsbarhet m\u00f6jligg\u00f6r bred till\u00e4mpning i olika milj\u00f6er och inst\u00e4llningar.<\/p>\n<p>&nbsp;<\/p>\n<p class=\"a-text-center\"><img loading=\"lazy\" decoding=\"async\" class=\"alignnone size-full wp-image-5077\" src=\"https:\/\/isopllc.com\/se\/wp-content\/uploads\/sites\/10\/2024\/08\/pvs-M-size-3.jpg\" alt=\"Brandsl\u00e4ckare Plastbox\" width=\"300\" height=\"300\" title=\"\" srcset=\"https:\/\/isopllc.com\/se\/wp-content\/uploads\/sites\/10\/2024\/08\/pvs-M-size-3.jpg 300w, https:\/\/isopllc.com\/se\/wp-content\/uploads\/sites\/10\/2024\/08\/pvs-M-size-3-150x150.jpg 150w, https:\/\/isopllc.com\/se\/wp-content\/uploads\/sites\/10\/2024\/08\/pvs-M-size-3-100x100.jpg 100w\" sizes=\"auto, (max-width: 300px) 100vw, 300px\" \/><\/p>\n<h4 class=\"a-spacing-mini\">L\u00e4tt Installation<\/h4>\n<p class=\"a-spacing-base\">Med f\u00f6rborra monteringsh\u00e5l kan ISOP PVC brandsl\u00e4ckarsk\u00e5p enkelt monteras p\u00e5 vilken v\u00e4ggyta som helst. Den enkla installationsprocessen s\u00e4kerst\u00e4ller att din brandsl\u00e4ckare \u00e4r s\u00e4kert placerad och l\u00e4ttillg\u00e4nglig, vilket avsev\u00e4rt f\u00f6rb\u00e4ttrar beredskapen vid n\u00f6dsituationer.<\/p>\n<p>&nbsp;<\/p>\n<\/div>\n<\/div>\n<\/div>\n<div class=\"celwidget aplus-module module-9 aplus-standard\">\n<div class=\"aplus-module-wrapper\">\n<div class=\"\">\n<p class=\"a-text-center\"><img loading=\"lazy\" decoding=\"async\" class=\"alignnone size-full wp-image-5076\" src=\"https:\/\/isopllc.com\/se\/wp-content\/uploads\/sites\/10\/2024\/08\/pvs-M-size-4.jpg\" alt=\"Brandsl\u00e4ckare Plastbox\" width=\"300\" height=\"300\" title=\"\" srcset=\"https:\/\/isopllc.com\/se\/wp-content\/uploads\/sites\/10\/2024\/08\/pvs-M-size-4.jpg 300w, https:\/\/isopllc.com\/se\/wp-content\/uploads\/sites\/10\/2024\/08\/pvs-M-size-4-150x150.jpg 150w, https:\/\/isopllc.com\/se\/wp-content\/uploads\/sites\/10\/2024\/08\/pvs-M-size-4-100x100.jpg 100w\" sizes=\"auto, (max-width: 300px) 100vw, 300px\" \/><\/p>\n<h4 class=\"a-spacing-mini\">S\u00e4ker och Tillg\u00e4nglig<\/h4>\n<p class=\"a-spacing-base\">PVC brandsl\u00e4ckarsk\u00e5pet \u00e4r utrustat med ett s\u00e4kert l\u00e5ssystem som h\u00e5ller brandsl\u00e4ckaren p\u00e5 plats, vilket hindrar oavsiktlig f\u00f6rflyttning samtidigt som det m\u00f6jligg\u00f6r snabb och enkel \u00e5tkomst vid behov. I ett n\u00f6dl\u00e4ge r\u00e4knas varje sekund, och denna design s\u00e4kerst\u00e4ller att du kan agera snabbt.<\/p>\n<p>&nbsp;<\/p>\n<p>&nbsp;<\/p>\n<p class=\"a-text-center\"><img loading=\"lazy\" decoding=\"async\" class=\"alignnone size-full wp-image-5075\" src=\"https:\/\/isopllc.com\/se\/wp-content\/uploads\/sites\/10\/2024\/08\/pvs-M-size-5.jpg\" alt=\"Brandsl\u00e4ckare Plastbox\" width=\"300\" height=\"300\" title=\"\" srcset=\"https:\/\/isopllc.com\/se\/wp-content\/uploads\/sites\/10\/2024\/08\/pvs-M-size-5.jpg 300w, https:\/\/isopllc.com\/se\/wp-content\/uploads\/sites\/10\/2024\/08\/pvs-M-size-5-150x150.jpg 150w, https:\/\/isopllc.com\/se\/wp-content\/uploads\/sites\/10\/2024\/08\/pvs-M-size-5-100x100.jpg 100w\" sizes=\"auto, (max-width: 300px) 100vw, 300px\" \/><\/p>\n<h4 class=\"a-spacing-mini\">Synlighet<\/h4>\n<p class=\"a-spacing-base\">Ett klart, okrossbart f\u00f6nster m\u00f6jligg\u00f6r snabba visuella inspektioner av brandsl\u00e4ckarens status utan att \u00f6ppna brandsl\u00e4ckarsk\u00e5pet. Denna funktion s\u00e4kerst\u00e4ller att brandsl\u00e4ckaren alltid \u00e4r redo f\u00f6r anv\u00e4ndning och f\u00f6renklar rutinkontrollerna av underh\u00e5ll.<\/p>\n<p>&nbsp;<\/p>\n<p class=\"a-text-center\"><img loading=\"lazy\" decoding=\"async\" class=\"alignnone size-full wp-image-5074\" src=\"https:\/\/isopllc.com\/se\/wp-content\/uploads\/sites\/10\/2024\/08\/pvs-M-size-6.jpg\" alt=\"Brandsl\u00e4ckare Plastbox\" width=\"300\" height=\"300\" title=\"\" srcset=\"https:\/\/isopllc.com\/se\/wp-content\/uploads\/sites\/10\/2024\/08\/pvs-M-size-6.jpg 300w, https:\/\/isopllc.com\/se\/wp-content\/uploads\/sites\/10\/2024\/08\/pvs-M-size-6-150x150.jpg 150w, https:\/\/isopllc.com\/se\/wp-content\/uploads\/sites\/10\/2024\/08\/pvs-M-size-6-100x100.jpg 100w\" sizes=\"auto, (max-width: 300px) 100vw, 300px\" \/><\/p>\n<h4 class=\"a-spacing-mini\">V\u00e4derbest\u00e4ndig<\/h4>\n<p class=\"a-spacing-base\">Specifikt designat f\u00f6r utomhusmilj\u00f6er ger detta PVC brandsl\u00e4ckarsk\u00e5p utm\u00e4rkt skydd mot regn, damm och UV-str\u00e5lar. Dess v\u00e4derbest\u00e4ndiga egenskaper s\u00e4kerst\u00e4ller att din brandsl\u00e4ckare f\u00f6rblir i optimalt skick oavsett yttre element.<\/p>\n<\/div>\n<\/div>\n<\/div>\n<\/div>\n<\/div>\n<\/div>\n<\/div>\n<\/div>\n","protected":false},"excerpt":{"rendered":"[embed]https:\/\/www.youtube.com\/shorts\/_Zq_WWXati8[\/embed]\n<p class=\"a-spacing-small\" style=\"text-align: center\">ISOP V\u00e4ggmonterat Sk\u00e5p f\u00f6r Brandsl\u00e4ckare i Plast Litet f\u00f6r 2,5 kg eller 5 lb &#8211; Brandsl\u00e4ckarbox &#8211; Utomhus PVC brandsl\u00e4ckarsk\u00e5p monterat &#8211; Brandsl\u00e4ckarf\u00e4ste<\/p>\n<p style=\"text-align: center\">GRATIS LEVERANS INOM 3-7 DAGAR<\/p>\n<h4 style=\"text-align: center\"><strong>K\u00d6P DEN P\u00c5<\/strong><a href=\"https:\/\/www.amazon.se\/dp\/B0D7J7W9BS\/ref=sr_1_1?crid=3SH5Z79466YO&amp;dib=eyJ2IjoiMSJ9.eZh-QZG3jQwSKotOm72Y7g.v5GuHarEj0S8ChzuR-K7e6fmGu-lUSz5o181pqV2If4&amp;dib_tag=se&amp;keywords=ISOP%20V%C3%A4ggmonterat%20sk%C3%A5p%20f%C3%B6r%20Brandsl%C3%A4ckare%20i%20Plast&amp;qid=1723084292&amp;sprefix=b0d7j7w9bs%2Caps%2C362&amp;sr=8-1\"><img loading=\"lazy\" decoding=\"async\" class=\"aligncenter wp-image-1040 size-full\" src=\"https:\/\/isopllc.com\/se\/wp-content\/uploads\/sites\/10\/2020\/01\/amazon-button9.png\" alt=\"\" width=\"160\" height=\"59\" \/><\/a><\/h4>\n","protected":false},"featured_media":5073,"comment_status":"open","ping_status":"closed","template":"","meta":[],"product_brand":[],"product_cat":[182,187],"product_tag":[126,102,127,125],"class_list":{"0":"post-5080","1":"product","2":"type-product","3":"status-publish","4":"has-post-thumbnail","6":"product_cat-brandslackarhallare","7":"product_cat-tillbehor-till-brandstegar","8":"product_tag-brandslackare-i-plast","9":"product_tag-isop","10":"product_tag-liten-forvaring","11":"product_tag-vaggmonterat-skap","13":"first","14":"instock","15":"shipping-taxable","16":"purchasable","17":"product-type-simple"},"_links":{"self":[{"href":"https:\/\/isopllc.com\/se\/wp-json\/wp\/v2\/product\/5080","targetHints":{"allow":["GET"]}}],"collection":[{"href":"https:\/\/isopllc.com\/se\/wp-json\/wp\/v2\/product"}],"about":[{"href":"https:\/\/isopllc.com\/se\/wp-json\/wp\/v2\/types\/product"}],"replies":[{"embeddable":true,"href":"https:\/\/isopllc.com\/se\/wp-json\/wp\/v2\/comments?post=5080"}],"wp:featuredmedia":[{"embeddable":true,"href":"https:\/\/isopllc.com\/se\/wp-json\/wp\/v2\/media\/5073"}],"wp:attachment":[{"href":"https:\/\/isopllc.com\/se\/wp-json\/wp\/v2\/media?parent=5080"}],"wp:term":[{"taxonomy":"product_brand","embeddable":true,"href":"https:\/\/isopllc.com\/se\/wp-json\/wp\/v2\/product_brand?post=5080"},{"taxonomy":"product_cat","embeddable":true,"href":"https:\/\/isopllc.com\/se\/wp-json\/wp\/v2\/product_cat?post=5080"},{"taxonomy":"product_tag","embeddable":true,"href":"https:\/\/isopllc.com\/se\/wp-json\/wp\/v2\/product_tag?post=5080"}],"curies":[{"name":"wp","href":"https:\/\/api.w.org\/{rel}","templated":true}]}}