{"id":5081,"date":"2024-08-08T02:34:53","date_gmt":"2024-08-08T02:34:53","guid":{"rendered":"https:\/\/isopllc.com\/se\/?post_type=product&#038;p=5081"},"modified":"2025-07-01T03:20:15","modified_gmt":"2025-07-01T03:20:15","slug":"isop-2-stegs-fallsteg-i-aluminium","status":"publish","type":"product","link":"https:\/\/isopllc.com\/se\/product\/isop-2-stegs-fallsteg-i-aluminium\/","title":{"rendered":"ISOP 2 Stegs F\u00e4llsteg i Aluminium"},"content":{"rendered":"<h1 class=\"a-spacing-medium\">ISOP 2 Stegs F\u00e4llsteg i Aluminium | Vit F\u00e4llbar St\u00e5ende Stege med Tv\u00e5 Steg | Halkfria Steg | H\u00e5llbar, L\u00e4tt och Kompakt | Stege f\u00f6r Hush\u00e5ll, Garage eller Kontor<\/h1>\n<div class=\"celwidget aplus-module premium-module-4-two-column-images aplus-premium\" data-csa-c-id=\"15yl7x-eio1n0-m9lh6n-socwzs\" data-cel-widget=\"aplus-premium-module-4-two-column-images\">\n<div class=\"a-section a-spacing-none premium-aplus premium-aplus-module-4 aplus-container-1\">\n<div class=\"a-section a-spacing-none premium-aplus-two-column\">\n<div class=\"a-section a-spacing-none premium-aplus-column\">\n<div class=\"a-section a-spacing-none column-description\">\n<div class=\"celwidget aplus-module module-9 aplus-standard\">\n<div class=\"aplus-module-wrapper\">\n<div class=\"\">\n<div class=\"a-section\">\n<div class=\"a-section a-text-center\"><img loading=\"lazy\" decoding=\"async\" class=\"alignnone size-full wp-image-5093\" src=\"https:\/\/isopllc.com\/se\/wp-content\/uploads\/sites\/10\/2024\/08\/stepp-ladder-2-steps-1.jpg\" alt=\"Hopf\u00e4llbar Stege\" width=\"300\" height=\"300\" title=\"\" srcset=\"https:\/\/isopllc.com\/se\/wp-content\/uploads\/sites\/10\/2024\/08\/stepp-ladder-2-steps-1.jpg 300w, https:\/\/isopllc.com\/se\/wp-content\/uploads\/sites\/10\/2024\/08\/stepp-ladder-2-steps-1-150x150.jpg 150w, https:\/\/isopllc.com\/se\/wp-content\/uploads\/sites\/10\/2024\/08\/stepp-ladder-2-steps-1-100x100.jpg 100w\" sizes=\"auto, (max-width: 300px) 100vw, 300px\" \/><\/div>\n<p class=\"a-size-small\">ISOP 2 Stegs F\u00e4llsteg \u00e4r den perfekta till\u00e4gget till vilket hush\u00e5ll, garage eller kontorsutrymme som helst. Denna vita f\u00e4llbara stege \u00e4r tillverkad av h\u00f6gkvalitativ aluminium, vilket g\u00f6r den h\u00e5llbar, l\u00e4tt och kompakt f\u00f6r enkel f\u00f6rvaring och transport. Med halkfria steg kan du k\u00e4nna dig trygg och s\u00e4ker n\u00e4r du anv\u00e4nder denna tv\u00e5stegssteg.<\/p>\n<\/div>\n<div class=\"a-section\">\n<div class=\"a-section a-text-center\"><img loading=\"lazy\" decoding=\"async\" class=\"alignnone size-full wp-image-5092\" src=\"https:\/\/isopllc.com\/se\/wp-content\/uploads\/sites\/10\/2024\/08\/stepp-ladder-2-steps-2.jpg\" alt=\"Hopf\u00e4llbar Stege\" width=\"300\" height=\"300\" title=\"\" srcset=\"https:\/\/isopllc.com\/se\/wp-content\/uploads\/sites\/10\/2024\/08\/stepp-ladder-2-steps-2.jpg 300w, https:\/\/isopllc.com\/se\/wp-content\/uploads\/sites\/10\/2024\/08\/stepp-ladder-2-steps-2-150x150.jpg 150w, https:\/\/isopllc.com\/se\/wp-content\/uploads\/sites\/10\/2024\/08\/stepp-ladder-2-steps-2-100x100.jpg 100w\" sizes=\"auto, (max-width: 300px) 100vw, 300px\" \/><\/div>\n<p class=\"a-size-small\">Den robusta konstruktionen s\u00e4kerst\u00e4ller stabilitet och s\u00e4kerhet n\u00e4r du n\u00e5r efter f\u00f6rem\u00e5l p\u00e5 h\u00f6ga hyllor, byter gl\u00f6dlampor eller utf\u00f6r hush\u00e5llsuppgifter. Denna stege \u00e4r designad f\u00f6r bekv\u00e4mlighet och enkel anv\u00e4ndning, med en enkel vikmekanism som m\u00f6jligg\u00f6r snabb och enkel upps\u00e4ttning och nedpackning. Den kompakta storleken g\u00f6r den idealisk f\u00f6r sm\u00e5 utrymmen och enkel f\u00f6rvaring n\u00e4r den inte anv\u00e4nds.<\/p>\n<\/div>\n<div class=\"a-section\">\n<div class=\"a-section a-text-center\"><img loading=\"lazy\" decoding=\"async\" class=\"alignnone size-full wp-image-5091\" src=\"https:\/\/isopllc.com\/se\/wp-content\/uploads\/sites\/10\/2024\/08\/stepp-ladder-2-steps-3.jpeg\" alt=\"Hopf\u00e4llbar Stege\" width=\"300\" height=\"300\" title=\"\" srcset=\"https:\/\/isopllc.com\/se\/wp-content\/uploads\/sites\/10\/2024\/08\/stepp-ladder-2-steps-3.jpeg 300w, https:\/\/isopllc.com\/se\/wp-content\/uploads\/sites\/10\/2024\/08\/stepp-ladder-2-steps-3-150x150.jpeg 150w, https:\/\/isopllc.com\/se\/wp-content\/uploads\/sites\/10\/2024\/08\/stepp-ladder-2-steps-3-100x100.jpeg 100w\" sizes=\"auto, (max-width: 300px) 100vw, 300px\" \/><\/div>\n<p class=\"a-size-small\">Oavsett om du beh\u00f6ver en p\u00e5litlig stege f\u00f6r vardagliga uppgifter runt huset eller ett b\u00e4rbart alternativ f\u00f6r projekt p\u00e5 spr\u00e5ng, \u00e4r ISOP 2 Stegs F\u00e4llsteg en m\u00e5ngsidig och praktisk l\u00f6sning. Uppgradera ditt hem eller arbetsutrymme med denna funktionella och stiliga stege idag.<\/p>\n<\/div>\n<\/div>\n<\/div>\n<\/div>\n<\/div>\n<\/div>\n<\/div>\n<\/div>\n<\/div>\n","protected":false},"excerpt":{"rendered":"<p class=\"a-spacing-medium\" style=\"text-align: center;\">ISOP 2 Stegs F\u00e4llsteg i Aluminium | Vit F\u00e4llbar St\u00e5ende Stege med Tv\u00e5 Steg | Halkfria Steg | H\u00e5llbar, L\u00e4tt och Kompakt | Stege f\u00f6r Hush\u00e5ll, Garage eller Kontor<\/p>\n<p style=\"text-align: center;\">GRATIS LEVERANS INOM 3-7 DAGAR<\/p>\n<h4 style=\"text-align: center;\"><strong>K\u00d6P DEN P\u00c5<\/strong><a href=\"https:\/\/www.amazon.se\/dp\/B0D4HMFYKP\/ref=sr_1_1?crid=12EZMJCMQF9WQ&amp;dib=eyJ2IjoiMSJ9.cxBCZWYlEki35yUaJz-1Pw.p9LF5wv0L055eQqFPskagJHX4K7LzKirJ9drxxqFxMM&amp;dib_tag=se&amp;keywords=ISOP%20Hopf%C3%A4llbar%20Aluminium%20Halkfria%20Stegstege&amp;qid=1723084980&amp;sprefix=b0d4hmfykp%2Caps%2C364&amp;sr=8-1\"><img loading=\"lazy\" decoding=\"async\" class=\"aligncenter wp-image-1040 size-full\" src=\"https:\/\/isopllc.com\/se\/wp-content\/uploads\/sites\/10\/2020\/01\/amazon-button9.png\" alt=\"\" width=\"160\" height=\"59\" \/><\/a><\/h4>\n","protected":false},"featured_media":5100,"comment_status":"open","ping_status":"closed","template":"","meta":[],"product_brand":[],"product_cat":[184],"product_tag":[105,104,102,34,106],"class_list":{"0":"post-5081","1":"product","2":"type-product","3":"status-publish","4":"has-post-thumbnail","6":"product_cat-stegar","7":"product_tag-aluminium","8":"product_tag-fallsteg","9":"product_tag-isop","10":"product_tag-sakerhetsutrustning","11":"product_tag-tva-steg","13":"first","14":"instock","15":"shipping-taxable","16":"purchasable","17":"product-type-simple"},"_links":{"self":[{"href":"https:\/\/isopllc.com\/se\/wp-json\/wp\/v2\/product\/5081","targetHints":{"allow":["GET"]}}],"collection":[{"href":"https:\/\/isopllc.com\/se\/wp-json\/wp\/v2\/product"}],"about":[{"href":"https:\/\/isopllc.com\/se\/wp-json\/wp\/v2\/types\/product"}],"replies":[{"embeddable":true,"href":"https:\/\/isopllc.com\/se\/wp-json\/wp\/v2\/comments?post=5081"}],"wp:featuredmedia":[{"embeddable":true,"href":"https:\/\/isopllc.com\/se\/wp-json\/wp\/v2\/media\/5100"}],"wp:attachment":[{"href":"https:\/\/isopllc.com\/se\/wp-json\/wp\/v2\/media?parent=5081"}],"wp:term":[{"taxonomy":"product_brand","embeddable":true,"href":"https:\/\/isopllc.com\/se\/wp-json\/wp\/v2\/product_brand?post=5081"},{"taxonomy":"product_cat","embeddable":true,"href":"https:\/\/isopllc.com\/se\/wp-json\/wp\/v2\/product_cat?post=5081"},{"taxonomy":"product_tag","embeddable":true,"href":"https:\/\/isopllc.com\/se\/wp-json\/wp\/v2\/product_tag?post=5081"}],"curies":[{"name":"wp","href":"https:\/\/api.w.org\/{rel}","templated":true}]}}