{"id":5101,"date":"2024-08-08T02:45:09","date_gmt":"2024-08-08T02:45:09","guid":{"rendered":"https:\/\/isopllc.com\/se\/?post_type=product&#038;p=5101"},"modified":"2025-07-01T03:20:03","modified_gmt":"2025-07-01T03:20:03","slug":"isop-3-steg-stege-vit","status":"publish","type":"product","link":"https:\/\/isopllc.com\/se\/product\/isop-3-steg-stege-vit\/","title":{"rendered":"ISOP 3 Steg Stege Vit"},"content":{"rendered":"<h1 class=\"a-spacing-medium\">ISOP 3 Steg Stege Vit | F\u00e4llbar St\u00e5stege | Bred Anti-Slip Pedal 500 lb Stabil Stege | L\u00e4tt, Portabel, Kompakt 3-Stegs Stege<\/h1>\n<div class=\"celwidget aplus-module premium-module-4-two-column-images aplus-premium\" data-csa-c-id=\"15yl7x-eio1n0-m9lh6n-socwzs\" data-cel-widget=\"aplus-premium-module-4-two-column-images\">\n<div class=\"a-section a-spacing-none premium-aplus premium-aplus-module-4 aplus-container-1\">\n<div class=\"a-section a-spacing-none premium-aplus-two-column\">\n<div class=\"a-section a-spacing-none premium-aplus-column\">\n<div class=\"a-section a-spacing-none column-description\">\n<div class=\"celwidget aplus-module module-9 aplus-standard\">\n<div class=\"aplus-module-wrapper\">\n<div class=\"\">\n<div class=\"a-section\"><\/div>\n<div class=\"a-section\">\n<div class=\"a-section\">\n<div class=\"a-section a-text-center\"><img loading=\"lazy\" decoding=\"async\" class=\"alignnone size-full wp-image-5084\" src=\"https:\/\/isopllc.com\/se\/wp-content\/uploads\/sites\/10\/2024\/08\/stepp-ladder-3-steps-6.jpeg\" alt=\"Hopf\u00e4llbar Stege\" width=\"300\" height=\"300\" title=\"\" srcset=\"https:\/\/isopllc.com\/se\/wp-content\/uploads\/sites\/10\/2024\/08\/stepp-ladder-3-steps-6.jpeg 300w, https:\/\/isopllc.com\/se\/wp-content\/uploads\/sites\/10\/2024\/08\/stepp-ladder-3-steps-6-150x150.jpeg 150w, https:\/\/isopllc.com\/se\/wp-content\/uploads\/sites\/10\/2024\/08\/stepp-ladder-3-steps-6-100x100.jpeg 100w\" sizes=\"auto, (max-width: 300px) 100vw, 300px\" \/><\/div>\n<p class=\"a-size-small\">Presenterar den ultimata Stege 3 Steg F\u00e4llbar Vit f\u00f6r alla dina vardagliga behov. Denna p\u00e5litliga och m\u00e5ngsidiga aluminiumstege \u00e4r designad f\u00f6r att g\u00f6ra ditt liv enklare. Med en solid och stabil k\u00e4nsla kan du kl\u00e4ttra med sj\u00e4lvf\u00f6rtroende och veta att du \u00e4r s\u00e4ker och trygg. Den l\u00e4tta aluminiumkonstruktionen g\u00f6r den enkel att b\u00e4ra, medan de breda stegen s\u00e4kerst\u00e4ller att du har ett stadigt f\u00e4ste, \u00e4ven vid l\u00e4ngre anv\u00e4ndning.<\/p>\n<\/div>\n<div class=\"a-section\">\n<div class=\"a-section a-text-center\"><img loading=\"lazy\" decoding=\"async\" class=\"alignnone size-full wp-image-5083\" src=\"https:\/\/isopllc.com\/se\/wp-content\/uploads\/sites\/10\/2024\/08\/stepp-ladder-3-steps-7.jpg\" alt=\"Hopf\u00e4llbar Stege\" width=\"300\" height=\"300\" title=\"\" srcset=\"https:\/\/isopllc.com\/se\/wp-content\/uploads\/sites\/10\/2024\/08\/stepp-ladder-3-steps-7.jpg 300w, https:\/\/isopllc.com\/se\/wp-content\/uploads\/sites\/10\/2024\/08\/stepp-ladder-3-steps-7-150x150.jpg 150w, https:\/\/isopllc.com\/se\/wp-content\/uploads\/sites\/10\/2024\/08\/stepp-ladder-3-steps-7-100x100.jpg 100w\" sizes=\"auto, (max-width: 300px) 100vw, 300px\" \/><\/div>\n<p class=\"a-size-small\">Stegen vecklas ut smidigt och l\u00e5ser p\u00e5 ett s\u00e4kert s\u00e4tt i \u00f6ppet l\u00e4ge, och n\u00e4r du \u00e4r klar, viks den kompakt f\u00f6r enkel f\u00f6rvaring. Perfekt f\u00f6r att n\u00e5 h\u00f6ga hyllor eller f\u00e5 tillg\u00e5ng till f\u00f6rvaringsutrymmen, \u00e4r denna stege ett m\u00e5ste f\u00f6r alla som \u00e4lskar att g\u00f6ra det sj\u00e4lv eller f\u00f6r dem som beh\u00f6ver en p\u00e5litlig stege f\u00f6r hush\u00e5llssysslor.<\/p>\n<\/div>\n<div class=\"a-section\">\n<div class=\"a-section a-text-center\"><img loading=\"lazy\" decoding=\"async\" class=\"alignnone size-full wp-image-5082\" src=\"https:\/\/isopllc.com\/se\/wp-content\/uploads\/sites\/10\/2024\/08\/stepp-ladder-3-steps-8.jpg\" alt=\"Hopf\u00e4llbar Stege\" width=\"300\" height=\"300\" title=\"\" srcset=\"https:\/\/isopllc.com\/se\/wp-content\/uploads\/sites\/10\/2024\/08\/stepp-ladder-3-steps-8.jpg 300w, https:\/\/isopllc.com\/se\/wp-content\/uploads\/sites\/10\/2024\/08\/stepp-ladder-3-steps-8-150x150.jpg 150w, https:\/\/isopllc.com\/se\/wp-content\/uploads\/sites\/10\/2024\/08\/stepp-ladder-3-steps-8-100x100.jpg 100w\" sizes=\"auto, (max-width: 300px) 100vw, 300px\" \/><\/div>\n<p class=\"a-size-small\">N\u00f6j dig inte med mindre \u00e4n det b\u00e4sta. Investera i denna h\u00f6gkvalitativa stege och upplev skillnaden sj\u00e4lv. S\u00e4g adj\u00f6 till vingliga, op\u00e5litliga stegar och hej till bekv\u00e4mlighet och sinnesro. Skaffa dig denna 3-stegs aluminiumstege idag och ta dina hemf\u00f6rb\u00e4ttringsprojekt till nya h\u00f6jder.<\/p>\n<\/div>\n<\/div>\n<\/div>\n<\/div>\n<\/div>\n<\/div>\n<\/div>\n<\/div>\n<\/div>\n<\/div>\n","protected":false},"excerpt":{"rendered":"<p class=\"a-spacing-medium\" style=\"text-align: center;\">ISOP 3 Steg Stege Vit | F\u00e4llbar St\u00e5stege | Bred Anti-Slip Pedal 500 lb Stabil Stege | L\u00e4tt, Portabel, Kompakt 3-Stegs Stege<\/p>\n<p style=\"text-align: center;\">GRATIS LEVERANS INOM 3-7 DAGAR<\/p>\n<h4 style=\"text-align: center;\"><strong>K\u00d6P DEN P\u00c5<\/strong><a href=\"https:\/\/www.amazon.se\/dp\/B0D4HL355J\/ref=sr_1_1?crid=1D823F6M2PGJN&amp;dib=eyJ2IjoiMSJ9.nLZSBaRI4DrAjV6Zi0RaJQ.g53TnZqGTfM18Y0EV83qVhhJvqlBjPuU0g7AgOKAXAM&amp;dib_tag=se&amp;keywords=ISOP%20Hopf%C3%A4llbar%20Aluminium%20Halkfria%20Stegstege&amp;qid=1723085371&amp;sprefix=b0d4hl355j%2Caps%2C308&amp;sr=8-1\"><img loading=\"lazy\" decoding=\"async\" class=\"aligncenter wp-image-1040 size-full\" src=\"https:\/\/isopllc.com\/se\/wp-content\/uploads\/sites\/10\/2020\/01\/amazon-button9.png\" alt=\"\" width=\"160\" height=\"59\" \/><\/a><\/h4>\n","protected":false},"featured_media":5090,"comment_status":"open","ping_status":"closed","template":"","meta":[],"product_brand":[],"product_cat":[184],"product_tag":[102,34,107,108,109],"class_list":{"0":"post-5101","1":"product","2":"type-product","3":"status-publish","4":"has-post-thumbnail","6":"product_cat-stegar","7":"product_tag-isop","8":"product_tag-sakerhetsutrustning","9":"product_tag-stege","10":"product_tag-tre-steg","11":"product_tag-vit","13":"first","14":"instock","15":"shipping-taxable","16":"purchasable","17":"product-type-simple"},"_links":{"self":[{"href":"https:\/\/isopllc.com\/se\/wp-json\/wp\/v2\/product\/5101","targetHints":{"allow":["GET"]}}],"collection":[{"href":"https:\/\/isopllc.com\/se\/wp-json\/wp\/v2\/product"}],"about":[{"href":"https:\/\/isopllc.com\/se\/wp-json\/wp\/v2\/types\/product"}],"replies":[{"embeddable":true,"href":"https:\/\/isopllc.com\/se\/wp-json\/wp\/v2\/comments?post=5101"}],"wp:featuredmedia":[{"embeddable":true,"href":"https:\/\/isopllc.com\/se\/wp-json\/wp\/v2\/media\/5090"}],"wp:attachment":[{"href":"https:\/\/isopllc.com\/se\/wp-json\/wp\/v2\/media?parent=5101"}],"wp:term":[{"taxonomy":"product_brand","embeddable":true,"href":"https:\/\/isopllc.com\/se\/wp-json\/wp\/v2\/product_brand?post=5101"},{"taxonomy":"product_cat","embeddable":true,"href":"https:\/\/isopllc.com\/se\/wp-json\/wp\/v2\/product_cat?post=5101"},{"taxonomy":"product_tag","embeddable":true,"href":"https:\/\/isopllc.com\/se\/wp-json\/wp\/v2\/product_tag?post=5101"}],"curies":[{"name":"wp","href":"https:\/\/api.w.org\/{rel}","templated":true}]}}