{"id":5136,"date":"2024-12-25T06:48:48","date_gmt":"2024-12-25T06:48:48","guid":{"rendered":"https:\/\/isopllc.com\/se\/?post_type=product&#038;p=5136"},"modified":"2025-07-01T03:19:27","modified_gmt":"2025-07-01T03:19:27","slug":"brandstege-4-vaningar-15-m","status":"publish","type":"product","link":"https:\/\/isopllc.com\/se\/product\/brandstege-4-vaningar-15-m\/","title":{"rendered":"Brandstege 4 v\u00e5ningar 15 m"},"content":{"rendered":"<h2 id=\"title\" class=\"a-size-large a-spacing-none\"><span id=\"productTitle\" class=\"a-size-large product-title-word-break\">Brandstege 4 v\u00e5ningar 15 m | S\u00e4kerhetsrepstege multifunktionell och v\u00e4derbest\u00e4ndig | Sadelstege med fj\u00e4derkrokar | L\u00e4tt, Kompakt och B\u00e4rbar<\/span><\/h2>\n<div class=\"celwidget aplus-module module-4 aplus-standard\" data-csa-c-id=\"anl1qf-apkixd-mzja1v-rqjcj5\" data-cel-widget=\"aplus-module-4\">\n<div class=\"a-expander-collapsed-height a-row a-expander-container a-expander-partial-collapse-container\" aria-live=\"polite\" data-a-expander-name=\"aplus-module-expander\" data-a-expander-collapsed-height=\"700\">\n<div class=\"a-expander-content a-expander-partial-collapse-content\" aria-expanded=\"false\">\n<div class=\"aplus-module-wrapper apm-fixed-width\">\n<div class=\"apm-spacing\">\n<div class=\"apm-floatleft apm-fixed-width\">\n<h3 class=\"a-spacing-small\"><strong>12 Sk\u00e4l Till Varf\u00f6r Vi V\u00e4ljer Oss<\/strong><\/h3>\n<p><img decoding=\"async\" class=\"\" src=\"https:\/\/m.media-amazon.com\/images\/S\/aplus-media-library-service-media\/06eed46c-18d1-4569-9467-e4cedf72b1fc.__CR0,0,220,220_PT0_SX220_V1___.jpg\" alt=\"L\u00e4ttviktig\" data-src=\"https:\/\/m.media-amazon.com\/images\/S\/aplus-media-library-service-media\/06eed46c-18d1-4569-9467-e4cedf72b1fc.__CR0,0,220,220_PT0_SX220_V1___.jpg\" data- title=\"\"><\/p>\n<h4 class=\"a-spacing-mini\">L\u00e4ttviktig<\/h4>\n<p class=\"a-size-small\">Detta \u00e4r den l\u00e4ttaste stegen som finns p\u00e5 marknaden. Vikten av en 3 m stege \u00e4r bara 1 kg.<\/p>\n<p><img decoding=\"async\" class=\"\" src=\"https:\/\/m.media-amazon.com\/images\/S\/aplus-media-library-service-media\/dc0527d8-639e-48ce-b1bc-4cc32492c49d.__CR0,0,220,220_PT0_SX220_V1___.jpg\" alt=\"Stark och stabil\" data-src=\"https:\/\/m.media-amazon.com\/images\/S\/aplus-media-library-service-media\/dc0527d8-639e-48ce-b1bc-4cc32492c49d.__CR0,0,220,220_PT0_SX220_V1___.jpg\" data- title=\"\"><\/p>\n<h4 class=\"a-spacing-mini\">Stark och Stabil<\/h4>\n<p class=\"a-size-small\">En av de stora f\u00f6rdelarna med v\u00e5r r\u00e4ddningsbandstege \u00e4r att de viktigaste nylonremmarna \u00e4r integrerade fr\u00e5n botten till toppen och inte best\u00e5r av sydda bitar som till exempel &#8221;kidde&#8221; eller &#8221;f\u00f6rsta varning&#8221; stegar, d\u00e4rf\u00f6r \u00e4r det exceptionellt robust. Och \u00e4ven materialen som anv\u00e4nds f\u00f6r stegpinnarna som glasfiber och basaltfiber g\u00f6r denna remstege mycket starkare \u00e4n eng\u00e5ngsstegar i aluminium.<\/p>\n<p class=\"a-size-small\"><img decoding=\"async\" class=\"\" src=\"https:\/\/m.media-amazon.com\/images\/S\/aplus-media-library-service-media\/673cf0ea-115d-44d5-a83e-fe3ea8ccdbef.__CR0,0,220,220_PT0_SX220_V1___.jpg\" alt=\"Trasselfri\" data-src=\"https:\/\/m.media-amazon.com\/images\/S\/aplus-media-library-service-media\/673cf0ea-115d-44d5-a83e-fe3ea8ccdbef.__CR0,0,220,220_PT0_SX220_V1___.jpg\" data- title=\"\"><\/p>\n<h4 class=\"a-spacing-mini\">Trasselfri<\/h4>\n<p class=\"a-size-small\">V\u00e5ra webbstegar \u00e4r enkla att packa tillbaka i f\u00f6rvaringsp\u00e5sen efter anv\u00e4ndning.<\/p>\n<p class=\"a-size-small\">Inget trassel under montering.<\/p>\n<p class=\"a-size-small\"><img loading=\"lazy\" decoding=\"async\" class=\"alignnone  wp-image-5124\" src=\"https:\/\/isopllc.com\/se\/wp-content\/uploads\/sites\/10\/2021\/08\/Black-ladder-dimencions-300x300.jpg\" alt=\"Brandstege\" width=\"225\" height=\"225\" title=\"\" srcset=\"https:\/\/isopllc.com\/se\/wp-content\/uploads\/sites\/10\/2021\/08\/Black-ladder-dimencions-300x300.jpg 300w, https:\/\/isopllc.com\/se\/wp-content\/uploads\/sites\/10\/2021\/08\/Black-ladder-dimencions-150x150.jpg 150w, https:\/\/isopllc.com\/se\/wp-content\/uploads\/sites\/10\/2021\/08\/Black-ladder-dimencions-768x768.jpg 768w, https:\/\/isopllc.com\/se\/wp-content\/uploads\/sites\/10\/2021\/08\/Black-ladder-dimencions-416x416.jpg 416w, https:\/\/isopllc.com\/se\/wp-content\/uploads\/sites\/10\/2021\/08\/Black-ladder-dimencions-100x100.jpg 100w, https:\/\/isopllc.com\/se\/wp-content\/uploads\/sites\/10\/2021\/08\/Black-ladder-dimencions.jpg 800w\" sizes=\"auto, (max-width: 225px) 100vw, 225px\" \/><\/p>\n<\/div>\n<div><span style=\"font-size: 1.41575em;\">L\u00e4ngd<\/span><\/div>\n<\/div>\n<\/div>\n<div>\n<p class=\"a-size-small\">V\u00e5ra r\u00e4ddningsbandstegar kan sammanfogas f\u00f6r \u00f6kad l\u00e4ngd.<\/p>\n<p><img decoding=\"async\" class=\"\" src=\"https:\/\/m.media-amazon.com\/images\/S\/aplus-media-library-service-media\/6eb54557-868a-4056-9575-cea3d238722c.__CR0,0,220,220_PT0_SX220_V1___.jpg\" alt=\"V\u00e4dert\u00e5lig\" data-src=\"https:\/\/m.media-amazon.com\/images\/S\/aplus-media-library-service-media\/6eb54557-868a-4056-9575-cea3d238722c.__CR0,0,220,220_PT0_SX220_V1___.jpg\" data- title=\"\"><\/p>\n<h4 class=\"a-spacing-mini\">V\u00e4dert\u00e5lig<\/h4>\n<p class=\"a-size-small\">Materialet i sig \u00e4r polyesterband, s\u00e5v\u00e4l som professionella UV-nylonbundna tr\u00e5dar, som ger motst\u00e5nd fr\u00e5n alla v\u00e4der, \u00e4ven i vatten. D\u00e4rf\u00f6r kan de anv\u00e4ndas som b\u00e5tstege eller marinstege. L\u00e5g fuktabsorberande, n\u00f6tningsbest\u00e4ndig, motst\u00e5ndskraftig mot skador fr\u00e5n olja och m\u00e5nga kemikalier, mjuk, snabbtorkande.<\/p>\n<p><img decoding=\"async\" class=\"\" src=\"https:\/\/m.media-amazon.com\/images\/S\/aplus-media-library-service-media\/aca81aa0-e1af-4168-afcc-0520c8c2ff0b.__CR0,0,220,220_PT0_SX220_V1___.jpg\" alt=\"Kompakt\" data-src=\"https:\/\/m.media-amazon.com\/images\/S\/aplus-media-library-service-media\/aca81aa0-e1af-4168-afcc-0520c8c2ff0b.__CR0,0,220,220_PT0_SX220_V1___.jpg\" data- title=\"\"><\/p>\n<h4 class=\"a-spacing-mini\">Kompakt<\/h4>\n<p class=\"a-size-small\">Du kan inte f\u00f6rest\u00e4lla dig mer kompakta stegar. Hela stegen passar i din handflata. De tar inte mycket utrymme, kan f\u00f6rvaras var som helst som under s\u00e4ngen i sovrummet, p\u00e5 balkongen och p\u00e5 taket.<\/p>\n<p><img decoding=\"async\" class=\"\" src=\"https:\/\/m.media-amazon.com\/images\/S\/aplus-media-library-service-media\/a07856c9-72ee-4216-a923-4cb09650447a.__CR0,0,220,220_PT0_SX220_V1___.jpg\" alt=\"Antislipsteg\" data-src=\"https:\/\/m.media-amazon.com\/images\/S\/aplus-media-library-service-media\/a07856c9-72ee-4216-a923-4cb09650447a.__CR0,0,220,220_PT0_SX220_V1___.jpg\" data- title=\"\"><\/p>\n<h4 class=\"a-spacing-mini\">Antislipsteg<\/h4>\n<p class=\"a-size-small\">Webbmaterial \u00e4r k\u00e4nt f\u00f6r att vara mycket mindre hal \u00e4n n\u00e5got annat h\u00e5rt material s\u00e5som aluminium, metall eller plast.<\/p>\n<\/div>\n<\/div>\n<p><img decoding=\"async\" class=\"\" src=\"https:\/\/m.media-amazon.com\/images\/S\/aplus-media-library-service-media\/bc97ce2b-ad5a-488d-ae16-2dc4054da697.__CR0,0,1906,1906_PT0_SX220_V1___.jpeg\" alt=\"Multi-purpose\" data-src=\"https:\/\/m.media-amazon.com\/images\/S\/aplus-media-library-service-media\/bc97ce2b-ad5a-488d-ae16-2dc4054da697.__CR0,0,1906,1906_PT0_SX220_V1___.jpeg\" data- title=\"\"><\/p>\n<h4 class=\"a-spacing-mini\">Multifunktionell<\/h4>\n<p class=\"a-size-small\">ISOP-repstegen kan anv\u00e4ndas f\u00f6r en brandtrappa, f\u00f6r n\u00f6dsituationer samt f\u00f6r barn p\u00e5 lekplatsen eller f\u00f6r en tr\u00e4dkoja. Det \u00e4r en bra stege f\u00f6r yachter, fartyg och b\u00e5tar. Superl\u00e4tt, superstark och vattenbest\u00e4ndighet g\u00f6r den oers\u00e4ttlig p\u00e5 alla segelb\u00e5tar.<\/p>\n<p class=\"a-size-small\">Det visade sig ocks\u00e5 fr\u00e5n feedback fr\u00e5n v\u00e5ra kunder, den h\u00e4r stegen \u00e4r perfekt f\u00f6r brunnar eller grottor.<\/p>\n<p><img decoding=\"async\" class=\"\" src=\"https:\/\/m.media-amazon.com\/images\/S\/aplus-media-library-service-media\/836122cf-2411-4a4e-898b-f126227c60f8.__CR0,0,220,220_PT0_SX220_V1___.jpg\" alt=\"Karbinhake\" data-src=\"https:\/\/m.media-amazon.com\/images\/S\/aplus-media-library-service-media\/836122cf-2411-4a4e-898b-f126227c60f8.__CR0,0,220,220_PT0_SX220_V1___.jpg\" data- title=\"\"><\/p>\n<\/div>\n<\/div>\n<div class=\"celwidget aplus-module module-4 aplus-standard\" data-csa-c-id=\"9p0n2y-dynrvq-hb7s84-u19s1t\" data-cel-widget=\"aplus-module-4\">\n<div class=\"a-expander-collapsed-height a-row a-expander-container a-expander-partial-collapse-container\" aria-live=\"polite\" data-a-expander-name=\"aplus-module-expander\" data-a-expander-collapsed-height=\"700\">\n<div class=\"a-expander-content a-expander-partial-collapse-content\" aria-expanded=\"false\">\n<div class=\"aplus-module-wrapper apm-fixed-width\">\n<div class=\"apm-spacing\">\n<div class=\"apm-floatleft apm-fixed-width\">\n<div class=\"apm-spacing\">\n<h4 class=\"a-spacing-mini\">Karbinhake<\/h4>\n<p class=\"a-size-small\">Professionella 11kn f\u00f6rkromade sn\u00e4ppkrokar ing\u00e5r.<\/p>\n<p><img decoding=\"async\" class=\"\" src=\"https:\/\/m.media-amazon.com\/images\/S\/aplus-media-library-service-media\/af7d1558-44e0-4a8c-bbc5-cbd9887e0799.__CR0,0,220,220_PT0_SX220_V1___.jpg\" alt=\"Vattent\u00e4t v\u00e4ska\" data-src=\"https:\/\/m.media-amazon.com\/images\/S\/aplus-media-library-service-media\/af7d1558-44e0-4a8c-bbc5-cbd9887e0799.__CR0,0,220,220_PT0_SX220_V1___.jpg\" data- title=\"\"><\/p>\n<h4 class=\"a-spacing-mini\">Vattent\u00e4t V\u00e4ska<\/h4>\n<p class=\"a-size-small\">Cool designer strandv\u00e4ska ing\u00e5r i upps\u00e4ttningen.<\/p>\n<\/div>\n<\/div>\n<\/div>\n<\/div>\n<div><\/div>\n<\/div>\n<\/div>\n<\/div>\n","protected":false},"excerpt":{"rendered":"[embed]https:\/\/youtu.be\/d3HTf4Bh58Y[\/embed]\n<p id=\"title\" class=\"a-size-large a-spacing-none\" style=\"text-align: center;\"><span id=\"productTitle\" class=\"a-size-large product-title-word-break\">Brandstege 4 v\u00e5ningar 15 m | S\u00e4kerhetsrepstege multifunktionell och v\u00e4derbest\u00e4ndig | Sadelstege med fj\u00e4derkrokar | L\u00e4tt, Kompakt och B\u00e4rbar<\/span><\/p>\n<p style=\"text-align: center;\"><span style=\"vertical-align: inherit;\">GRATIS LEVERANS INOM 3-7 DAGAR<\/span><\/p>\n<h4 style=\"text-align: center;\"><strong><span style=\"vertical-align: inherit;\">K\u00d6P DET P\u00c5<\/span><\/strong><\/h4>\n<p style=\"text-align: center;\"><a href=\"https:\/\/www.amazon.se\/dp\/B0D9VSW3Z3\/ref=sr_1_1?crid=1SVP74L4KSTK2&amp;dib=eyJ2IjoiMSJ9.fVDVeOJT4DK2CtAWbHbidw.x1-J_VCy7rLFYk-4qZunKS6ZIGnxzNjlwn1JYq6QOKU&amp;dib_tag=se&amp;keywords=S%C3%A4kerhetsrepstege+multifunktionell+och+v%C3%A4derbest%C3%A4ndig&amp;qid=1735109614&amp;sprefix=b08f4bkbd1%2Caps%2C485&amp;sr=8-1&amp;th=1\"><img loading=\"lazy\" decoding=\"async\" class=\"aligncenter wp-image-1040 size-full\" src=\"https:\/\/isopllc.com\/se\/wp-content\/uploads\/sites\/10\/2020\/01\/amazon-button9.png\" alt=\"\" width=\"160\" height=\"59\" \/><\/a><\/p>\n<p>&nbsp;<\/p>\n","protected":false},"featured_media":5137,"comment_status":"open","ping_status":"closed","template":"","meta":[],"product_brand":[],"product_cat":[191,194],"product_tag":[72,65,34],"class_list":{"0":"post-5136","1":"product","2":"type-product","3":"status-publish","4":"has-post-thumbnail","6":"product_cat-brandraddningsstegar","7":"product_cat-brandutgangsstegar-4-vaningar","8":"product_tag-balkong","9":"product_tag-brandstege","10":"product_tag-sakerhetsutrustning","12":"first","13":"instock","14":"shipping-taxable","15":"purchasable","16":"product-type-simple"},"_links":{"self":[{"href":"https:\/\/isopllc.com\/se\/wp-json\/wp\/v2\/product\/5136","targetHints":{"allow":["GET"]}}],"collection":[{"href":"https:\/\/isopllc.com\/se\/wp-json\/wp\/v2\/product"}],"about":[{"href":"https:\/\/isopllc.com\/se\/wp-json\/wp\/v2\/types\/product"}],"replies":[{"embeddable":true,"href":"https:\/\/isopllc.com\/se\/wp-json\/wp\/v2\/comments?post=5136"}],"wp:featuredmedia":[{"embeddable":true,"href":"https:\/\/isopllc.com\/se\/wp-json\/wp\/v2\/media\/5137"}],"wp:attachment":[{"href":"https:\/\/isopllc.com\/se\/wp-json\/wp\/v2\/media?parent=5136"}],"wp:term":[{"taxonomy":"product_brand","embeddable":true,"href":"https:\/\/isopllc.com\/se\/wp-json\/wp\/v2\/product_brand?post=5136"},{"taxonomy":"product_cat","embeddable":true,"href":"https:\/\/isopllc.com\/se\/wp-json\/wp\/v2\/product_cat?post=5136"},{"taxonomy":"product_tag","embeddable":true,"href":"https:\/\/isopllc.com\/se\/wp-json\/wp\/v2\/product_tag?post=5136"}],"curies":[{"name":"wp","href":"https:\/\/api.w.org\/{rel}","templated":true}]}}