{"id":5167,"date":"2025-04-16T09:08:30","date_gmt":"2025-04-16T09:08:30","guid":{"rendered":"https:\/\/isopllc.com\/se\/?post_type=product&#038;p=5167"},"modified":"2025-07-01T03:19:01","modified_gmt":"2025-07-01T03:19:01","slug":"nodfallsstege-4-vaningar-10-m","status":"publish","type":"product","link":"https:\/\/isopllc.com\/se\/product\/nodfallsstege-4-vaningar-10-m\/","title":{"rendered":"N\u00f6dfallsstege 4 v\u00e5ningar 10 m"},"content":{"rendered":"<h1 id=\"title\" class=\"a-size-large a-spacing-none\"><span id=\"productTitle\" class=\"a-size-large product-title-word-break\">N\u00f6dfallsstege 4 v\u00e5ningar 10 m | \u00c5teranv\u00e4ndbar flyktstege | Inkluderar snapkrokar &#8211; L\u00e4ttviktig och h\u00e5llbar upp till 200 kg | N\u00f6dsituationutrustning | Kl\u00e4tterrepstege<\/span><\/h1>\n<h2>\u00c5teranv\u00e4ndbar <span id=\"productTitle\" class=\"a-size-large product-title-word-break\">N\u00f6dfallsstege 4 v\u00e5ningar 10 m<\/span><\/h2>\n<p>I n\u00f6dsituationer r\u00e4knas varje sekund. Oavsett om det \u00e4r brand, r\u00f6k, jordb\u00e4vning eller n\u00e5gon annan of\u00f6rutsedd h\u00e4ndelse &#8211; den normala utrymningsv\u00e4gen via trapphuset kan snabbt blockeras. I s\u00e5dana situationer kan en n\u00f6dstege g\u00f6ra hela skillnaden. V\u00e5r N\u00f6dfallsstege 4 v\u00e5ningar 10 m \u00e4r speciellt utformad f\u00f6r anv\u00e4ndning i byggnader med upp till fyra v\u00e5ningar och erbjuder ett snabbt, s\u00e4kert och tillf\u00f6rlitligt r\u00e4ddningsalternativ.<\/p>\n<div class=\"celwidget aplus-module module-4 aplus-standard\" data-csa-c-id=\"anl1qf-apkixd-mzja1v-rqjcj5\" data-cel-widget=\"aplus-module-4\">\n<div class=\"a-expander-collapsed-height a-row a-expander-container a-expander-partial-collapse-container\" aria-live=\"polite\" data-a-expander-name=\"aplus-module-expander\" data-a-expander-collapsed-height=\"700\">\n<div class=\"a-expander-content a-expander-partial-collapse-content\" aria-expanded=\"false\">\n<div class=\"aplus-module-wrapper apm-fixed-width\">\n<div class=\"apm-spacing\">\n<div class=\"apm-floatleft apm-fixed-width\">\n<h3 class=\"a-spacing-small\"><strong>12 Sk\u00e4l Till Varf\u00f6r Vi V\u00e4ljer Oss<\/strong><\/h3>\n<p><img decoding=\"async\" class=\"\" src=\"https:\/\/m.media-amazon.com\/images\/S\/aplus-media-library-service-media\/06eed46c-18d1-4569-9467-e4cedf72b1fc.__CR0,0,220,220_PT0_SX220_V1___.jpg\" alt=\"L\u00e4ttviktig\" data-src=\"https:\/\/m.media-amazon.com\/images\/S\/aplus-media-library-service-media\/06eed46c-18d1-4569-9467-e4cedf72b1fc.__CR0,0,220,220_PT0_SX220_V1___.jpg\" data- title=\"\"><\/p>\n<h4 class=\"a-spacing-mini\">L\u00e4ttviktig<\/h4>\n<p class=\"a-size-small\">Detta \u00e4r den l\u00e4ttaste stegen som finns p\u00e5 marknaden. Vikten av en 3 m stege \u00e4r bara 1 kg.<\/p>\n<p><img decoding=\"async\" class=\"\" src=\"https:\/\/m.media-amazon.com\/images\/S\/aplus-media-library-service-media\/dc0527d8-639e-48ce-b1bc-4cc32492c49d.__CR0,0,220,220_PT0_SX220_V1___.jpg\" alt=\"Stark och stabil\" data-src=\"https:\/\/m.media-amazon.com\/images\/S\/aplus-media-library-service-media\/dc0527d8-639e-48ce-b1bc-4cc32492c49d.__CR0,0,220,220_PT0_SX220_V1___.jpg\" data- title=\"\"><\/p>\n<h4 class=\"a-spacing-mini\">Stark och Stabil<\/h4>\n<p>H\u00f6g lastkapacitet &#8211; upp till 200 kg<br \/>\nRepstegen \u00e4r konstruerad f\u00f6r en maximal belastningskapacitet p\u00e5 200 kg. Det inneb\u00e4r att den enkelt kan anv\u00e4ndas av personer med utrustning eller av flera personer som kl\u00e4ttrar ner samtidigt. Det robusta utf\u00f6randet ger anv\u00e4ndaren en k\u00e4nsla av s\u00e4kerhet vid nedfirning &#8211; \u00e4ven i hektiska stunder.<\/p>\n<p>En av de stora f\u00f6rdelarna med v\u00e5r N\u00f6dfallsstege 4 v\u00e5ningar 10 m \u00e4r att de huvudsakliga nylonremmarna \u00e4r i ett stycke fr\u00e5n botten till toppen och inte best\u00e5r av sydda delar, vilket \u00e4r fallet med andra stegar. De material som anv\u00e4nds f\u00f6r stegpinnarna, t.ex. glasfiber och basaltfiber, g\u00f6r ocks\u00e5 denna sele stege mycket mer stabil \u00e4n eng\u00e5ngsstegar i aluminium.<\/p>\n<p class=\"a-size-small\"><img decoding=\"async\" class=\"\" src=\"https:\/\/m.media-amazon.com\/images\/S\/aplus-media-library-service-media\/673cf0ea-115d-44d5-a83e-fe3ea8ccdbef.__CR0,0,220,220_PT0_SX220_V1___.jpg\" alt=\"Trasselfri\" data-src=\"https:\/\/m.media-amazon.com\/images\/S\/aplus-media-library-service-media\/673cf0ea-115d-44d5-a83e-fe3ea8ccdbef.__CR0,0,220,220_PT0_SX220_V1___.jpg\" data- title=\"\"><\/p>\n<h4 class=\"a-spacing-mini\">Trasselfri<\/h4>\n<p class=\"a-size-small\">V\u00e5ra bandstegar kan enkelt f\u00f6rvaras i f\u00f6rvaringsv\u00e4skan efter anv\u00e4ndning. R\u00e4ddningsstegen v\u00e4ger bara n\u00e5gra kilo och \u00e4r d\u00e4rf\u00f6r l\u00e4tt att transportera och f\u00f6rvara. Den passar i alla f\u00f6rr\u00e5d, under s\u00e4ngen eller i bagageutrymmet p\u00e5 ett fordon. I en n\u00f6dsituation \u00e4r den omedelbart redo att anv\u00e4ndas &#8211; och det \u00e4r avg\u00f6rande.<\/p>\n<p class=\"a-size-small\">Inget trassel under montering.<\/p>\n<p class=\"a-size-small\"><img loading=\"lazy\" decoding=\"async\" class=\"alignnone wp-image-5124\" src=\"https:\/\/isopllc.com\/se\/wp-content\/uploads\/sites\/10\/2021\/08\/Black-ladder-dimencions-300x300.jpg\" alt=\"Brandstege\" width=\"225\" height=\"225\" title=\"\" srcset=\"https:\/\/isopllc.com\/se\/wp-content\/uploads\/sites\/10\/2021\/08\/Black-ladder-dimencions-300x300.jpg 300w, https:\/\/isopllc.com\/se\/wp-content\/uploads\/sites\/10\/2021\/08\/Black-ladder-dimencions-150x150.jpg 150w, https:\/\/isopllc.com\/se\/wp-content\/uploads\/sites\/10\/2021\/08\/Black-ladder-dimencions-768x768.jpg 768w, https:\/\/isopllc.com\/se\/wp-content\/uploads\/sites\/10\/2021\/08\/Black-ladder-dimencions-416x416.jpg 416w, https:\/\/isopllc.com\/se\/wp-content\/uploads\/sites\/10\/2021\/08\/Black-ladder-dimencions-100x100.jpg 100w, https:\/\/isopllc.com\/se\/wp-content\/uploads\/sites\/10\/2021\/08\/Black-ladder-dimencions.jpg 800w\" sizes=\"auto, (max-width: 225px) 100vw, 225px\" \/><\/p>\n<\/div>\n<div><span style=\"font-size: 1.41575em;\">L\u00e4ngd<\/span><\/div>\n<\/div>\n<\/div>\n<div>\n<p class=\"a-size-small\">V\u00e5ra r\u00e4ddningsbandstegar kan sammanfogas f\u00f6r \u00f6kad l\u00e4ngd.<\/p>\n<p><img decoding=\"async\" class=\"\" src=\"https:\/\/m.media-amazon.com\/images\/S\/aplus-media-library-service-media\/6eb54557-868a-4056-9575-cea3d238722c.__CR0,0,220,220_PT0_SX220_V1___.jpg\" alt=\"V\u00e4dert\u00e5lig\" data-src=\"https:\/\/m.media-amazon.com\/images\/S\/aplus-media-library-service-media\/6eb54557-868a-4056-9575-cea3d238722c.__CR0,0,220,220_PT0_SX220_V1___.jpg\" data- title=\"\"><\/p>\n<h4 class=\"a-spacing-mini\">V\u00e4dert\u00e5lig<\/h4>\n<p class=\"a-size-small\">Den N\u00f6dfallsstege 4 v\u00e5ningar 10 m \u00e4r tillverkad av slitstarkt nylonrep i kombination med kraftiga metallsteg som beh\u00e5ller sin form och funktion \u00e4ven vid frekvent anv\u00e4ndning och i olika v\u00e4derf\u00f6rh\u00e5llanden. Det anv\u00e4nda materialet \u00e4r UV-best\u00e4ndigt, vattenavvisande och rostfritt. Tack vare att stegen kan \u00e5teranv\u00e4ndas \u00e4r den l\u00e4mplig f\u00f6r s\u00e5v\u00e4l privata hush\u00e5ll som f\u00f6retag, skolor och hotell.<\/p>\n<p><img decoding=\"async\" class=\"\" src=\"https:\/\/m.media-amazon.com\/images\/S\/aplus-media-library-service-media\/aca81aa0-e1af-4168-afcc-0520c8c2ff0b.__CR0,0,220,220_PT0_SX220_V1___.jpg\" alt=\"Kompakt\" data-src=\"https:\/\/m.media-amazon.com\/images\/S\/aplus-media-library-service-media\/aca81aa0-e1af-4168-afcc-0520c8c2ff0b.__CR0,0,220,220_PT0_SX220_V1___.jpg\" data- title=\"\"><\/p>\n<h4 class=\"a-spacing-mini\">Kompakt<\/h4>\n<p class=\"a-size-small\">Du kan inte t\u00e4nka dig en mer kompakt N\u00f6dfallsstege 4 v\u00e5ningar 10 m. Hela stegen ryms i din handflata. De tar inte mycket plats och kan f\u00f6rvaras var som helst, t.ex. under s\u00e4ngen i sovrummet, p\u00e5 balkongen och p\u00e5 taket.<\/p>\n<p><img decoding=\"async\" class=\"\" src=\"https:\/\/m.media-amazon.com\/images\/S\/aplus-media-library-service-media\/a07856c9-72ee-4216-a923-4cb09650447a.__CR0,0,220,220_PT0_SX220_V1___.jpg\" alt=\"Antislipsteg\" data-src=\"https:\/\/m.media-amazon.com\/images\/S\/aplus-media-library-service-media\/a07856c9-72ee-4216-a923-4cb09650447a.__CR0,0,220,220_PT0_SX220_V1___.jpg\" data- title=\"\"><\/p>\n<h4 class=\"a-spacing-mini\">Antislipsteg<\/h4>\n<p class=\"a-size-small\">Webbmaterial \u00e4r k\u00e4nt f\u00f6r att vara mycket mindre hal \u00e4n n\u00e5got annat h\u00e5rt material s\u00e5som aluminium, metall eller plast.<\/p>\n<\/div>\n<\/div>\n<p><img decoding=\"async\" class=\"\" src=\"https:\/\/m.media-amazon.com\/images\/S\/aplus-media-library-service-media\/bc97ce2b-ad5a-488d-ae16-2dc4054da697.__CR0,0,1906,1906_PT0_SX220_V1___.jpeg\" alt=\"Multi-purpose\" data-src=\"https:\/\/m.media-amazon.com\/images\/S\/aplus-media-library-service-media\/bc97ce2b-ad5a-488d-ae16-2dc4054da697.__CR0,0,1906,1906_PT0_SX220_V1___.jpeg\" data- title=\"\"><\/p>\n<h4 class=\"a-spacing-mini\">Multifunktionell<\/h4>\n<p class=\"a-size-small\"><a href=\"https:\/\/isopllc.com\/\">ISOP<\/a> bandstege kan anv\u00e4ndas som brandstege, f\u00f6r n\u00f6dsituationer s\u00e5v\u00e4l som f\u00f6r barn i lekparken eller f\u00f6r en tr\u00e4dkoja, skolor, kontor, verkst\u00e4der eller fritidshus, den erbjuder ett anv\u00e4ndbart till\u00e4gg till befintlig s\u00e4kerhetsutrustning. Det \u00e4r en utm\u00e4rkt stege f\u00f6r yachter, fartyg och b\u00e5tar. Superl\u00e4tt, superstark; vattent\u00e5ligheten g\u00f6r den oers\u00e4ttlig p\u00e5 alla segelb\u00e5tar.<\/p>\n<p class=\"a-size-small\">Det visade sig ocks\u00e5 fr\u00e5n feedback fr\u00e5n v\u00e5ra kunder, den h\u00e4r stegen \u00e4r perfekt f\u00f6r brunnar eller grottor.<\/p>\n<p><img decoding=\"async\" class=\"\" src=\"https:\/\/m.media-amazon.com\/images\/S\/aplus-media-library-service-media\/836122cf-2411-4a4e-898b-f126227c60f8.__CR0,0,220,220_PT0_SX220_V1___.jpg\" alt=\"Karbinhake\" data-src=\"https:\/\/m.media-amazon.com\/images\/S\/aplus-media-library-service-media\/836122cf-2411-4a4e-898b-f126227c60f8.__CR0,0,220,220_PT0_SX220_V1___.jpg\" data- title=\"\"><\/p>\n<\/div>\n<\/div>\n<div class=\"celwidget aplus-module module-4 aplus-standard\" data-csa-c-id=\"9p0n2y-dynrvq-hb7s84-u19s1t\" data-cel-widget=\"aplus-module-4\">\n<div class=\"a-expander-collapsed-height a-row a-expander-container a-expander-partial-collapse-container\" aria-live=\"polite\" data-a-expander-name=\"aplus-module-expander\" data-a-expander-collapsed-height=\"700\">\n<div class=\"a-expander-content a-expander-partial-collapse-content\" aria-expanded=\"false\">\n<div class=\"aplus-module-wrapper apm-fixed-width\">\n<div class=\"apm-spacing\">\n<div class=\"apm-floatleft apm-fixed-width\">\n<div class=\"apm-spacing\">\n<h4 class=\"a-spacing-mini\">Karbinhake<\/h4>\n<p class=\"a-size-small\">Professionella 11kn f\u00f6rkromade karbinhakar ing\u00e5r i leveransomfattningen. De medf\u00f6ljande h\u00f6gkvalitativa karbinhakarna g\u00f6r att stegen snabbt och enkelt kan f\u00e4stas i f\u00f6nsterkarmar, balkongr\u00e4cken eller andra stabila strukturer. Detta inneb\u00e4r att den \u00e4r klar att anv\u00e4ndas p\u00e5 bara n\u00e5gra sekunder &#8211; \u00e4ven under stress eller i paniksituationer. Karbinhakarna \u00e4r tillverkade av robust st\u00e5l och garanterar maximal s\u00e4kerhet vid kl\u00e4ttring.<\/p>\n<p><img decoding=\"async\" class=\"\" src=\"https:\/\/m.media-amazon.com\/images\/S\/aplus-media-library-service-media\/af7d1558-44e0-4a8c-bbc5-cbd9887e0799.__CR0,0,220,220_PT0_SX220_V1___.jpg\" alt=\"Vattent\u00e4t v\u00e4ska\" data-src=\"https:\/\/m.media-amazon.com\/images\/S\/aplus-media-library-service-media\/af7d1558-44e0-4a8c-bbc5-cbd9887e0799.__CR0,0,220,220_PT0_SX220_V1___.jpg\" data- title=\"\"><\/p>\n<h4 class=\"a-spacing-mini\">Vattent\u00e4t V\u00e4ska<\/h4>\n<p class=\"a-size-small\">Cool designer strandv\u00e4ska ing\u00e5r i upps\u00e4ttningen.<\/p>\n<\/div>\n<\/div>\n<\/div>\n<\/div>\n<div>\n<h4>S\u00e4kerhet f\u00f6r hela familjen<\/h4>\n<p>Tack vare den genomt\u00e4nkta designen \u00e4r stegen l\u00e4mplig f\u00f6r b\u00e5de vuxna och barn. Stegpinnarna \u00e4r halkfria och ger ett s\u00e4kert grepp \u00e4ven f\u00f6r mindre f\u00f6tter. S\u00e4rskilt i hush\u00e5ll med barn eller \u00e4ldre personer \u00e4r det tryggt att ha ett s\u00e4kert utrymningsalternativ till hands.<\/p>\n<h4>Din s\u00e4kerhetsf\u00f6rs\u00e4kring i en n\u00f6dsituation<\/h4>\n<p>Den h\u00e4r N\u00f6dfallsstege 4 v\u00e5ningar 10 m \u00e4r en v\u00e4rdefull investering i din egen och din familjs, dina kollegors eller g\u00e4sters s\u00e4kerhet. Den \u00e4r p\u00e5litlig, stabil, enkel att anv\u00e4nda och \u00e5teranv\u00e4ndbar. I kritiska \u00f6gonblick m\u00f6jligg\u00f6r den snabb evakuering och kan r\u00e4dda liv.<\/p>\n<p>Oavsett om det \u00e4r i hemmet, p\u00e5 kontoret eller p\u00e5 resan &#8211; med den h\u00e4r N\u00f6dfallsstege 4 v\u00e5ningar 10 m \u00e4r du f\u00f6rberedd p\u00e5 en n\u00f6dsituation.<\/p>\n<p>Omfattning av leveransen:<\/p>\n<p>1x r\u00e4ddningsstege, 10 m l\u00e5ng<\/p>\n<p>2x karbinhakar<\/p>\n<p>1x f\u00f6rvaringsv\u00e4ska<\/p>\n<p>1x anv\u00e4ndarhandbok (flerspr\u00e5kig)<\/p>\n<\/div>\n<\/div>\n<\/div>\n<\/div>\n","protected":false},"excerpt":{"rendered":"[embed]https:\/\/youtu.be\/d3HTf4Bh58Y[\/embed]\n<p id=\"title\" class=\"a-size-large a-spacing-none\" style=\"text-align: center;\"><span id=\"productTitle\" class=\"a-size-large product-title-word-break\">N\u00f6dfallsstege 4 v\u00e5ningar 10 m | \u00c5teranv\u00e4ndbar flyktstege | Inkluderar snapkrokar &#8211; L\u00e4ttviktig och h\u00e5llbar upp till 200 kg | N\u00f6dsituationutrustning | Kl\u00e4tterrepstege<\/span><\/p>\n<p style=\"text-align: center;\"><span style=\"vertical-align: inherit;\">GRATIS LEVERANS INOM 3-7 DAGAR<\/span><\/p>\n<h4 style=\"text-align: center;\"><strong><span style=\"vertical-align: inherit;\">K\u00d6P DET P\u00c5<\/span><\/strong><\/h4>\n<p style=\"text-align: center;\"><a href=\"https:\/\/www.amazon.se\/dp\/B0D9VR2VNX\/ref=sr_1_1?crid=3C36QM7LYBJJ1&amp;dib=eyJ2IjoiMSJ9.veqsWJ_gH0fhZNEr0PazUw.pGWSyu3mGSTV2EW43d4BqJFamlF2TFgghE9yKha6uis&amp;dib_tag=se&amp;keywords=N%C3%B6dfallsstege%2B4%2Bv%C3%A5ningar%2B%C3%85teranv%C3%A4ndbar%2Bflyktstege&amp;qid=1744795375&amp;sprefix=b08nzm8v7z%2Caps%2C186&amp;sr=8-1&amp;th=1\"><img loading=\"lazy\" decoding=\"async\" class=\"aligncenter wp-image-1040 size-full\" src=\"https:\/\/isopllc.com\/se\/wp-content\/uploads\/sites\/10\/2020\/01\/amazon-button9.png\" alt=\"\" width=\"160\" height=\"59\" \/><\/a><\/p>\n<p>&nbsp;<\/p>\n","protected":false},"featured_media":5168,"comment_status":"open","ping_status":"closed","template":"","meta":[],"product_brand":[],"product_cat":[191,194],"product_tag":[72,65,34],"class_list":{"0":"post-5167","1":"product","2":"type-product","3":"status-publish","4":"has-post-thumbnail","6":"product_cat-brandraddningsstegar","7":"product_cat-brandutgangsstegar-4-vaningar","8":"product_tag-balkong","9":"product_tag-brandstege","10":"product_tag-sakerhetsutrustning","12":"first","13":"instock","14":"shipping-taxable","15":"purchasable","16":"product-type-simple"},"_links":{"self":[{"href":"https:\/\/isopllc.com\/se\/wp-json\/wp\/v2\/product\/5167","targetHints":{"allow":["GET"]}}],"collection":[{"href":"https:\/\/isopllc.com\/se\/wp-json\/wp\/v2\/product"}],"about":[{"href":"https:\/\/isopllc.com\/se\/wp-json\/wp\/v2\/types\/product"}],"replies":[{"embeddable":true,"href":"https:\/\/isopllc.com\/se\/wp-json\/wp\/v2\/comments?post=5167"}],"wp:featuredmedia":[{"embeddable":true,"href":"https:\/\/isopllc.com\/se\/wp-json\/wp\/v2\/media\/5168"}],"wp:attachment":[{"href":"https:\/\/isopllc.com\/se\/wp-json\/wp\/v2\/media?parent=5167"}],"wp:term":[{"taxonomy":"product_brand","embeddable":true,"href":"https:\/\/isopllc.com\/se\/wp-json\/wp\/v2\/product_brand?post=5167"},{"taxonomy":"product_cat","embeddable":true,"href":"https:\/\/isopllc.com\/se\/wp-json\/wp\/v2\/product_cat?post=5167"},{"taxonomy":"product_tag","embeddable":true,"href":"https:\/\/isopllc.com\/se\/wp-json\/wp\/v2\/product_tag?post=5167"}],"curies":[{"name":"wp","href":"https:\/\/api.w.org\/{rel}","templated":true}]}}