{"id":5171,"date":"2025-04-18T02:45:34","date_gmt":"2025-04-18T02:45:34","guid":{"rendered":"https:\/\/isopllc.com\/se\/?post_type=product&#038;p=5171"},"modified":"2025-07-01T03:18:21","modified_gmt":"2025-07-01T03:18:21","slug":"permanent-brandstege-for-tva-vaningar-4m","status":"publish","type":"product","link":"https:\/\/isopllc.com\/se\/product\/permanent-brandstege-for-tva-vaningar-4m\/","title":{"rendered":"Permanent brandstege f\u00f6r tv\u00e5 v\u00e5ningar 4m"},"content":{"rendered":"<div class=\"celwidget aplus-module module-9 aplus-standard\">\n<div class=\"aplus-module-wrapper\">\n<div class=\"\">\n<h1 class=\"a-size-large a-spacing-none\"><span class=\"a-size-large product-title-word-break\">Permanent brandstege f\u00f6r tv\u00e5 v\u00e5ningar 4m | <\/span><span id=\"productTitle\" class=\"a-size-large product-title-word-break\">Stegar f\u00f6r utrymning<\/span><span class=\"a-size-large product-title-word-break\">, f\u00f6nster eller vinden | H\u00e4ngande stege f\u00f6r brandn\u00f6dsituationer, <\/span><span class=\"a-size-large product-title-word-break\">hem s\u00e4kerhet | <\/span><span id=\"productTitle\" class=\"a-size-large product-title-word-break\">Extern stege f\u00f6r evakuering<\/span><\/h1>\n<h3 class=\"a-spacing-small\">Vi presenterar en unik permanent brandstege i tv\u00e5 v\u00e5ningar fr\u00e5n <a href=\"https:\/\/isopllc.com\/\">ISOP<\/a> som l\u00f6ser flera problem som finns i n\u00e4stan alla brandstegar p\u00e5 marknaden!<\/h3>\n<p><img loading=\"lazy\" decoding=\"async\" class=\"size-medium wp-image-5172\" src=\"https:\/\/isopllc.com\/se\/wp-content\/uploads\/sites\/10\/2025\/04\/wall-mounted-ladder7-300x300.jpg\" alt=\"Permanent brandstege\" width=\"300\" height=\"300\" title=\"\" srcset=\"https:\/\/isopllc.com\/se\/wp-content\/uploads\/sites\/10\/2025\/04\/wall-mounted-ladder7-300x300.jpg 300w, https:\/\/isopllc.com\/se\/wp-content\/uploads\/sites\/10\/2025\/04\/wall-mounted-ladder7-150x150.jpg 150w, https:\/\/isopllc.com\/se\/wp-content\/uploads\/sites\/10\/2025\/04\/wall-mounted-ladder7-416x416.jpg 416w, https:\/\/isopllc.com\/se\/wp-content\/uploads\/sites\/10\/2025\/04\/wall-mounted-ladder7-100x100.jpg 100w, https:\/\/isopllc.com\/se\/wp-content\/uploads\/sites\/10\/2025\/04\/wall-mounted-ladder7.jpg 500w\" sizes=\"auto, (max-width: 300px) 100vw, 300px\" \/><\/p>\n<p class=\"a-spacing-base\"><span class=\"a-text-bold\">Hastighet och Enkelhet<\/span> \u2013 Permanent brandstege f\u00f6r tv\u00e5 v\u00e5ningar 4 m f\u00e4st vid v\u00e4ggen, antingen inuti eller utanf\u00f6r l\u00e4genheten, och \u00e4r alltid redo att anv\u00e4ndas. V\u00e5r n\u00f6dsteg utf\u00e4lls med en enkel handr\u00f6relse p\u00e5 bara 1 sekund! Ingen annan brandstege p\u00e5 marknaden erbjuder ett s\u00e5 omedelbart tilltr\u00e4de f\u00f6r att fly fr\u00e5n ett brinnande rum. Alla andra brandstegar m\u00e5ste tas ut ur en v\u00e4ska eller l\u00e5da, f\u00e4stas n\u00e5gonstans, kastas ut genom f\u00f6nstret, och f\u00f6rst d\u00e5 kan nedstigningen b\u00f6rja \u2013 allt detta medan du befinner dig i r\u00f6k, panik och kanske i total m\u00f6rker.<\/p>\n<p><img loading=\"lazy\" decoding=\"async\" class=\"alignnone size-medium wp-image-4968\" src=\"https:\/\/isopllc.com\/se\/wp-content\/uploads\/sites\/10\/2023\/12\/wall-rungs-10_2-300x279.jpg\" alt=\"Kl\u00e4ttersprunget V\u00e4ggstegar\" width=\"300\" height=\"279\" title=\"\" srcset=\"https:\/\/isopllc.com\/se\/wp-content\/uploads\/sites\/10\/2023\/12\/wall-rungs-10_2-300x279.jpg 300w, https:\/\/isopllc.com\/se\/wp-content\/uploads\/sites\/10\/2023\/12\/wall-rungs-10_2-768x714.jpg 768w, https:\/\/isopllc.com\/se\/wp-content\/uploads\/sites\/10\/2023\/12\/wall-rungs-10_2-416x387.jpg 416w, https:\/\/isopllc.com\/se\/wp-content\/uploads\/sites\/10\/2023\/12\/wall-rungs-10_2.jpg 900w\" sizes=\"auto, (max-width: 300px) 100vw, 300px\" \/><\/p>\n<p class=\"a-spacing-base\"><span class=\"a-text-bold\">Stabilitet<\/span>\u00a0\u2013 Den \u00e4r exceptionellt stabil eftersom den har avst\u00e5ndsh\u00e5llare som f\u00f6rhindrar att den kommer f\u00f6r n\u00e4ra v\u00e4ggen, vilket g\u00f6r den lika stabil som en permanent monterad j\u00e4rnstege. Den svajar inte i alla riktningar som en typisk billig repstege.<\/p>\n<p class=\"a-spacing-base\"><span class=\"a-text-bold\">Platsbesparing<\/span>\u00a0\u2013 Den tar inte upp n\u00e5got utrymme inuti l\u00e4genheten eftersom den kan monteras p\u00e5 ytterv\u00e4ggen under ett f\u00f6nster eller balkong.<\/p>\n<p><img loading=\"lazy\" decoding=\"async\" class=\"alignnone size-full wp-image-5174\" src=\"https:\/\/isopllc.com\/se\/wp-content\/uploads\/sites\/10\/2025\/04\/wall-mounted-ladder9.jpeg\" alt=\"Stegar f\u00f6r utrymning\" width=\"300\" height=\"300\" title=\"\" srcset=\"https:\/\/isopllc.com\/se\/wp-content\/uploads\/sites\/10\/2025\/04\/wall-mounted-ladder9.jpeg 300w, https:\/\/isopllc.com\/se\/wp-content\/uploads\/sites\/10\/2025\/04\/wall-mounted-ladder9-150x150.jpeg 150w, https:\/\/isopllc.com\/se\/wp-content\/uploads\/sites\/10\/2025\/04\/wall-mounted-ladder9-100x100.jpeg 100w\" sizes=\"auto, (max-width: 300px) 100vw, 300px\" \/><\/p>\n<p class=\"a-spacing-base\"><span class=\"a-text-bold\">Vattent\u00e4t<\/span>\u00a0\u2013 Tillverkad helt av vattent\u00e4ta material, kommer den inte att svika som andra brandstegar fr\u00e5n konkurrenter.<\/p>\n<p class=\"a-spacing-base\"><span class=\"a-text-bold\">\u00c5teranv\u00e4ndbar<\/span>\u00a0\u2013 H\u00e4ngande stege designad f\u00f6r flera anv\u00e4ndningar, eftersom alla material \u00e4r superh\u00e5llbara och testade f\u00f6r styrka.<\/p>\n<p class=\"a-spacing-base\"><span class=\"a-text-bold\">St\u00f6ldskydd<\/span>\u00a0\u2013 Efter att ha nedstigit via brandstegen i tv\u00e5 v\u00e5ningar kan du dra tillbaka den, vilket f\u00f6rhindrar att tjuvar anv\u00e4nder den.<\/p>\n<p><img loading=\"lazy\" decoding=\"async\" class=\"alignnone size-full wp-image-5175\" src=\"https:\/\/isopllc.com\/se\/wp-content\/uploads\/sites\/10\/2025\/04\/c4bc4c42-e6a5-406b-be6c-1d0376ef1a60.__CR0010801080_PT0_SX300_V1___.jpeg\" alt=\"\" width=\"300\" height=\"300\" title=\"\" srcset=\"https:\/\/isopllc.com\/se\/wp-content\/uploads\/sites\/10\/2025\/04\/c4bc4c42-e6a5-406b-be6c-1d0376ef1a60.__CR0010801080_PT0_SX300_V1___.jpeg 300w, https:\/\/isopllc.com\/se\/wp-content\/uploads\/sites\/10\/2025\/04\/c4bc4c42-e6a5-406b-be6c-1d0376ef1a60.__CR0010801080_PT0_SX300_V1___-150x150.jpeg 150w, https:\/\/isopllc.com\/se\/wp-content\/uploads\/sites\/10\/2025\/04\/c4bc4c42-e6a5-406b-be6c-1d0376ef1a60.__CR0010801080_PT0_SX300_V1___-100x100.jpeg 100w\" sizes=\"auto, (max-width: 300px) 100vw, 300px\" \/><\/p>\n<\/div>\n<\/div>\n<\/div>\n<div class=\"celwidget aplus-module module-9 aplus-standard\">\n<div class=\"aplus-module-wrapper\">\n<div class=\"\">\n<p class=\"a-spacing-base\">Permanent brandstege f\u00f6r tv\u00e5 v\u00e5ningar 4 m \u00e4r vattent\u00e4ta och v\u00e4derbest\u00e4ndiga, exceptionellt stabila med avst\u00e5ndsh\u00e5llare, och kan st\u00f6dja upp till 460 lbs. Den v\u00e4ggmonterade brandstegen \u00e4r f\u00e4st vid v\u00e4ggen, med endast den f\u00f6rsta ringen fast, medan resten enkelt f\u00e4lls ut och kan dras in. Detta g\u00f6r att du kan anv\u00e4nda den utan att f\u00f6rlora v\u00e4rdefulla sekunder under en brandn\u00f6dsituation.<\/p>\n<p class=\"a-text-center\"><img loading=\"lazy\" decoding=\"async\" class=\"alignnone size-medium wp-image-5165\" src=\"https:\/\/isopllc.com\/se\/wp-content\/uploads\/sites\/10\/2025\/04\/wall-mounted-ladder4-1-300x300.jpg\" alt=\"G\u00f6r Ditt Hem Brands\u00e4kert\" width=\"300\" height=\"300\" title=\"\" srcset=\"https:\/\/isopllc.com\/se\/wp-content\/uploads\/sites\/10\/2025\/04\/wall-mounted-ladder4-1-300x300.jpg 300w, https:\/\/isopllc.com\/se\/wp-content\/uploads\/sites\/10\/2025\/04\/wall-mounted-ladder4-1-1024x1024.jpg 1024w, https:\/\/isopllc.com\/se\/wp-content\/uploads\/sites\/10\/2025\/04\/wall-mounted-ladder4-1-150x150.jpg 150w, https:\/\/isopllc.com\/se\/wp-content\/uploads\/sites\/10\/2025\/04\/wall-mounted-ladder4-1-768x768.jpg 768w, https:\/\/isopllc.com\/se\/wp-content\/uploads\/sites\/10\/2025\/04\/wall-mounted-ladder4-1-1000x1000.jpg 1000w, https:\/\/isopllc.com\/se\/wp-content\/uploads\/sites\/10\/2025\/04\/wall-mounted-ladder4-1-416x416.jpg 416w, https:\/\/isopllc.com\/se\/wp-content\/uploads\/sites\/10\/2025\/04\/wall-mounted-ladder4-1-100x100.jpg 100w, https:\/\/isopllc.com\/se\/wp-content\/uploads\/sites\/10\/2025\/04\/wall-mounted-ladder4-1.jpg 1200w\" sizes=\"auto, (max-width: 300px) 100vw, 300px\" \/><\/p>\n<p class=\"a-spacing-base\">Eftersom den \u00e4r universell kan du anv\u00e4nda denna stege f\u00f6r brandn\u00f6dsituationer var som helst, vare sig i en brunn, p\u00e5 ett tak, i en bunker eller i flerfamiljshus. Till skillnad fr\u00e5n andra permanenta brandstegar kan dessa inte anv\u00e4ndas av tjuvar; du drar helt enkelt in dem n\u00e4r du har nedstigit. Alla delar av den externa stegen \u00e4r tillverkade av rostfria material som rostfritt st\u00e5l, och webbing \u00e4r tillverkad av ett s\u00e4llsynt vattenavvisande material.<\/p>\n<p class=\"a-text-center\"><img loading=\"lazy\" decoding=\"async\" class=\"alignnone size-full wp-image-5176\" src=\"https:\/\/isopllc.com\/se\/wp-content\/uploads\/sites\/10\/2025\/04\/wall-mounted-ladder10.jpeg\" alt=\"Extern stege\" width=\"300\" height=\"300\" title=\"\" srcset=\"https:\/\/isopllc.com\/se\/wp-content\/uploads\/sites\/10\/2025\/04\/wall-mounted-ladder10.jpeg 300w, https:\/\/isopllc.com\/se\/wp-content\/uploads\/sites\/10\/2025\/04\/wall-mounted-ladder10-150x150.jpeg 150w, https:\/\/isopllc.com\/se\/wp-content\/uploads\/sites\/10\/2025\/04\/wall-mounted-ladder10-100x100.jpeg 100w\" sizes=\"auto, (max-width: 300px) 100vw, 300px\" \/><\/p>\n<p class=\"a-spacing-base\">Anv\u00e4ndarinstruktioner:<\/p>\n<p class=\"a-spacing-base\">1) F\u00e4st den f\u00f6rsta ringen p\u00e5 en ytterv\u00e4gg under f\u00f6nstret (eller valfritt p\u00e5 en innerv\u00e4gg).<\/p>\n<p class=\"a-spacing-base\">2) Vid anv\u00e4ndning, f\u00e4ll ut den s\u00e4krande webbing-t\u00e4ckningen och kasta ner stegen.<\/p>\n<p class=\"a-spacing-base\">3) Anv\u00e4nd b\u00e5da h\u00e4nderna p\u00e5 rungen och nedstig l\u00e5ngsamt.<\/p>\n<p><img loading=\"lazy\" decoding=\"async\" class=\"alignnone size-full wp-image-5177\" src=\"https:\/\/isopllc.com\/se\/wp-content\/uploads\/sites\/10\/2025\/04\/wall-mounted-ladder11.jpeg\" alt=\"\" width=\"300\" height=\"300\" title=\"\" srcset=\"https:\/\/isopllc.com\/se\/wp-content\/uploads\/sites\/10\/2025\/04\/wall-mounted-ladder11.jpeg 300w, https:\/\/isopllc.com\/se\/wp-content\/uploads\/sites\/10\/2025\/04\/wall-mounted-ladder11-150x150.jpeg 150w, https:\/\/isopllc.com\/se\/wp-content\/uploads\/sites\/10\/2025\/04\/wall-mounted-ladder11-100x100.jpeg 100w\" sizes=\"auto, (max-width: 300px) 100vw, 300px\" \/><\/p>\n<\/div>\n<\/div>\n<\/div>\n<div class=\"celwidget aplus-module module-9 aplus-standard\">\n<div class=\"aplus-module-wrapper\">\n<div class=\"\">\n<p class=\"a-spacing-base\">Permanent brandstege f\u00f6r tv\u00e5 v\u00e5ningar 4m \u00e4r trasselfria, kompakta, \u00e5teranv\u00e4ndbara, har olika l\u00e4ngder, l\u00e4tta, utomhus, inomhus, multifunktionella och h\u00e5llbara. Det b\u00e4sta valet f\u00f6r din familjs brands\u00e4kerhet. Permanenta brandstegar f\u00f6r utrymning \u00e4r en viktig s\u00e4kerhetsfunktion utformad f\u00f6r att ge en p\u00e5litlig och tillg\u00e4nglig metod f\u00f6r evakuering vid brandn\u00f6dsituationer. De \u00e4r s\u00e4kert f\u00e4sta vid en struktur, vilket s\u00e4kerst\u00e4ller att de alltid \u00e4r redo att anv\u00e4ndas.<\/p>\n<p class=\"a-text-center\"><img loading=\"lazy\" decoding=\"async\" class=\"alignnone size-full wp-image-5178\" src=\"https:\/\/isopllc.com\/se\/wp-content\/uploads\/sites\/10\/2025\/04\/wall-mounted-ladder12.jpeg\" alt=\"\" width=\"300\" height=\"300\" title=\"\" srcset=\"https:\/\/isopllc.com\/se\/wp-content\/uploads\/sites\/10\/2025\/04\/wall-mounted-ladder12.jpeg 300w, https:\/\/isopllc.com\/se\/wp-content\/uploads\/sites\/10\/2025\/04\/wall-mounted-ladder12-150x150.jpeg 150w, https:\/\/isopllc.com\/se\/wp-content\/uploads\/sites\/10\/2025\/04\/wall-mounted-ladder12-100x100.jpeg 100w\" sizes=\"auto, (max-width: 300px) 100vw, 300px\" \/><\/p>\n<p class=\"a-spacing-base\">Bostadsanv\u00e4ndning: Ger en n\u00f6devakueringsutg\u00e5ng f\u00f6r hem, s\u00e4rskilt flerfamiljshus.<\/p>\n<p class=\"a-spacing-base\">Handelsbyggnader: S\u00e4kerst\u00e4ller efterlevnad av brands\u00e4kerhetsregler och underl\u00e4ttar s\u00e4ker evakuering f\u00f6r anst\u00e4llda och bes\u00f6kare.<\/p>\n<p class=\"a-text-center\"><img loading=\"lazy\" decoding=\"async\" class=\"alignnone size-medium wp-image-5025\" src=\"https:\/\/isopllc.com\/se\/wp-content\/uploads\/sites\/10\/2024\/04\/nodstege-300x300.png\" alt=\"B\u00e4sta Brandstegarna\" width=\"300\" height=\"300\" title=\"\" srcset=\"https:\/\/isopllc.com\/se\/wp-content\/uploads\/sites\/10\/2024\/04\/nodstege-300x300.png 300w, https:\/\/isopllc.com\/se\/wp-content\/uploads\/sites\/10\/2024\/04\/nodstege-1024x1024.png 1024w, https:\/\/isopllc.com\/se\/wp-content\/uploads\/sites\/10\/2024\/04\/nodstege-150x150.png 150w, https:\/\/isopllc.com\/se\/wp-content\/uploads\/sites\/10\/2024\/04\/nodstege-768x768.png 768w, https:\/\/isopllc.com\/se\/wp-content\/uploads\/sites\/10\/2024\/04\/nodstege-1000x1000.png 1000w, https:\/\/isopllc.com\/se\/wp-content\/uploads\/sites\/10\/2024\/04\/nodstege-416x416.png 416w, https:\/\/isopllc.com\/se\/wp-content\/uploads\/sites\/10\/2024\/04\/nodstege-100x100.png 100w, https:\/\/isopllc.com\/se\/wp-content\/uploads\/sites\/10\/2024\/04\/nodstege.png 1080w\" sizes=\"auto, (max-width: 300px) 100vw, 300px\" \/><\/p>\n<p class=\"a-spacing-base\">Industriella anl\u00e4ggningar: Erbjuder snabba utrymningsv\u00e4gar i fabriker, lagerlokaler eller liknande milj\u00f6er.<\/p>\n<p class=\"a-spacing-base\">Sjukhus och skolor: Ger en s\u00e4ker evakueringsv\u00e4g f\u00f6r s\u00e5rbara grupper, s\u00e5som patienter och studenter.<\/p>\n<p class=\"a-spacing-base\">Hotell och h\u00f6ghus: Viktigt f\u00f6r att s\u00e4kerst\u00e4lla s\u00e4kerheten f\u00f6r g\u00e4ster och boende vid n\u00f6dsituationer.<\/p>\n<p><img loading=\"lazy\" decoding=\"async\" class=\"alignnone size-medium wp-image-5250\" src=\"https:\/\/isopllc.com\/se\/wp-content\/uploads\/sites\/10\/2025\/04\/2-300x300.jpg\" alt=\"Certifierad permanent brandstege f\u00f6r tv\u00e5 v\u00e5ningar\" width=\"300\" height=\"300\" title=\"\" srcset=\"https:\/\/isopllc.com\/se\/wp-content\/uploads\/sites\/10\/2025\/04\/2-300x300.jpg 300w, https:\/\/isopllc.com\/se\/wp-content\/uploads\/sites\/10\/2025\/04\/2-1024x1024.jpg 1024w, https:\/\/isopllc.com\/se\/wp-content\/uploads\/sites\/10\/2025\/04\/2-150x150.jpg 150w, https:\/\/isopllc.com\/se\/wp-content\/uploads\/sites\/10\/2025\/04\/2-768x768.jpg 768w, https:\/\/isopllc.com\/se\/wp-content\/uploads\/sites\/10\/2025\/04\/2-1000x1000.jpg 1000w, https:\/\/isopllc.com\/se\/wp-content\/uploads\/sites\/10\/2025\/04\/2-416x416.jpg 416w, https:\/\/isopllc.com\/se\/wp-content\/uploads\/sites\/10\/2025\/04\/2-100x100.jpg 100w, https:\/\/isopllc.com\/se\/wp-content\/uploads\/sites\/10\/2025\/04\/2.jpg 1080w\" sizes=\"auto, (max-width: 300px) 100vw, 300px\" \/><\/p>\n<p>Certifierad<\/p>\n<p>V\u00e5ra stegar, till skillnad fr\u00e5n alla liknande p\u00e5 marknaden, \u00e4r certifierade enligt kvalitetsstandarden EN 131. Det \u00e4r b\u00e4ttre att lita p\u00e5 ditt liv med en produkt som har genomg\u00e5tt alla n\u00f6dv\u00e4ndiga tester \u00e4n med en n\u00e5got billigare vara tillverkad av vem vet vad.<\/p>\n<\/div>\n<p>Finns \u00e4ven f\u00f6r <a href=\"https:\/\/isopllc.com\/se\/product\/utomhus-vaggmonterad-nodladders-8m\/\"><strong>3 v\u00e5ningar.<\/strong><\/a><\/p>\n<\/div>\n<\/div>\n","protected":false},"excerpt":{"rendered":"[embed]https:\/\/youtu.be\/7Ojk0fAWS5Y?si=FPgZu1wdWNQD5krM[\/embed]\n<p id=\"title\" class=\"a-size-large a-spacing-none\" style=\"text-align: center\"><span id=\"productTitle\" class=\"a-size-large product-title-word-break\">Permanent brandstege f\u00f6r tv\u00e5 v\u00e5ningar 4m | Stegar f\u00f6r utrymning, f\u00f6nster eller vinden | H\u00e4ngande stege f\u00f6r brandn\u00f6dsituationer, hem s\u00e4kerhet | Extern stege f\u00f6r evakuering<\/span><\/p>\n<p style=\"text-align: center\">GRATIS LEVERANS INOM 3-7 DAGAR<\/p>\n<h4 style=\"text-align: center\"><strong>K\u00d6P DEN P\u00c5<\/strong><br \/>\n<a href=\"https:\/\/www.amazon.se\/dp\/B0D8J8QFCF\/ref=sr_1_1?crid=3OI3ALJ1WBX7A&amp;dib=eyJ2IjoiMSJ9.WXWVTJNvefmXspB1wKDEOA.gIM_WAptE9Eu_05-ZNbBgs5xJjXezFPBUsftQjzwH4Y&amp;dib_tag=se&amp;keywords=Permanent+brandstege+f%C3%B6r+tv%C3%A5+v%C3%A5ningar&amp;qid=1744949382&amp;sprefix=b0d8j8qfcf%2Caps%2C440&amp;sr=8-1&amp;th=1\"><img loading=\"lazy\" decoding=\"async\" class=\"aligncenter wp-image-1040 size-full\" src=\"https:\/\/isopllc.com\/se\/wp-content\/uploads\/sites\/10\/2020\/01\/amazon-button9.png\" alt=\"\" width=\"160\" height=\"59\" \/><\/a><\/h4>\n","protected":false},"featured_media":5172,"comment_status":"open","ping_status":"closed","template":"","meta":[],"product_brand":[],"product_cat":[197,196,192,190],"product_tag":[102,97,34,128],"class_list":{"0":"post-5171","1":"product","2":"type-product","3":"status-publish","4":"has-post-thumbnail","6":"product_cat-brandutgangsstegar-1-vaning","7":"product_cat-brandutgangsstegar-2-vaningar","8":"product_cat-brandutgangsstegar-med-avstandshallare","9":"product_cat-vaggmonterade-stegar","10":"product_tag-isop","11":"product_tag-klattringsutrustning","12":"product_tag-sakerhetsutrustning","13":"product_tag-vaggsteg","15":"first","16":"instock","17":"shipping-taxable","18":"purchasable","19":"product-type-simple"},"_links":{"self":[{"href":"https:\/\/isopllc.com\/se\/wp-json\/wp\/v2\/product\/5171","targetHints":{"allow":["GET"]}}],"collection":[{"href":"https:\/\/isopllc.com\/se\/wp-json\/wp\/v2\/product"}],"about":[{"href":"https:\/\/isopllc.com\/se\/wp-json\/wp\/v2\/types\/product"}],"replies":[{"embeddable":true,"href":"https:\/\/isopllc.com\/se\/wp-json\/wp\/v2\/comments?post=5171"}],"wp:featuredmedia":[{"embeddable":true,"href":"https:\/\/isopllc.com\/se\/wp-json\/wp\/v2\/media\/5172"}],"wp:attachment":[{"href":"https:\/\/isopllc.com\/se\/wp-json\/wp\/v2\/media?parent=5171"}],"wp:term":[{"taxonomy":"product_brand","embeddable":true,"href":"https:\/\/isopllc.com\/se\/wp-json\/wp\/v2\/product_brand?post=5171"},{"taxonomy":"product_cat","embeddable":true,"href":"https:\/\/isopllc.com\/se\/wp-json\/wp\/v2\/product_cat?post=5171"},{"taxonomy":"product_tag","embeddable":true,"href":"https:\/\/isopllc.com\/se\/wp-json\/wp\/v2\/product_tag?post=5171"}],"curies":[{"name":"wp","href":"https:\/\/api.w.org\/{rel}","templated":true}]}}