{"id":5227,"date":"2025-05-11T10:29:44","date_gmt":"2025-05-11T10:29:44","guid":{"rendered":"https:\/\/isopllc.com\/se\/?post_type=product&#038;p=5227"},"modified":"2025-11-16T16:27:03","modified_gmt":"2025-11-16T16:27:03","slug":"metall-5-stegs-vaggmonterad-stege-for-vind","status":"publish","type":"product","link":"https:\/\/isopllc.com\/se\/product\/metall-5-stegs-vaggmonterad-stege-for-vind\/","title":{"rendered":"Metall 5-Stegs V\u00e4ggmonterad Stege f\u00f6r Vind"},"content":{"rendered":"<div class=\"ProductDetails-module__textFieldsContainer--v5sIr\">\n<h2 id=\"title\" class=\"a-size-large a-spacing-none\"><span id=\"productTitle\" class=\"a-size-large product-title-word-break\">5-Stegs V\u00e4ggmonterad Stege &#8211; Loft 5 Steg f\u00f6r S\u00e4ngar i Sovsal &#8211; 5 Steg Stege f\u00f6r Vind &#8211; Utrymningsstege f\u00f6r F\u00f6nsterbrunnar &#8211; V\u00e4ggmonterad Metallstege f\u00f6r V\u00e5ningss\u00e4ng<\/span><\/h2>\n<\/div>\n<p><img loading=\"lazy\" decoding=\"async\" class=\"alignnone size-medium wp-image-5212\" src=\"https:\/\/isopllc.com\/se\/wp-content\/uploads\/sites\/10\/2025\/05\/permanent-step-5-rungs-1-300x186.jpg\" alt=\"\" width=\"300\" height=\"186\" title=\"\" srcset=\"https:\/\/isopllc.com\/se\/wp-content\/uploads\/sites\/10\/2025\/05\/permanent-step-5-rungs-1-300x186.jpg 300w, https:\/\/isopllc.com\/se\/wp-content\/uploads\/sites\/10\/2025\/05\/permanent-step-5-rungs-1-768x475.jpg 768w, https:\/\/isopllc.com\/se\/wp-content\/uploads\/sites\/10\/2025\/05\/permanent-step-5-rungs-1-416x257.jpg 416w, https:\/\/isopllc.com\/se\/wp-content\/uploads\/sites\/10\/2025\/05\/permanent-step-5-rungs-1.jpg 970w\" sizes=\"auto, (max-width: 300px) 100vw, 300px\" \/><\/p>\n<p data-start=\"133\" data-end=\"541\">Om du letar efter en m\u00e5ngsidig, platsbesparande och h\u00e5llbar stege som ger s\u00e4ker \u00e5tkomst till vindar, v\u00e5ningss\u00e4ngar och utrymningsf\u00f6nster, \u00e4r denna <a href=\"https:\/\/isopllc.com\/\">5-Stegs V\u00e4ggmonterad Stege<\/a> f\u00f6r Vind\u00a0den perfekta l\u00f6sningen. Denna v\u00e4ggfasta stege \u00e4r utformad f\u00f6r stabilitet och bekv\u00e4mlighet och ger s\u00e4ker och enkel upp- och nedstigning, vilket g\u00f6r den till ett perfekt val f\u00f6r hem, loft och dekorativa installationer.<\/p>\n<h4 data-start=\"2677\" data-end=\"2719\">Enkel Installation Och Underh\u00e5ll<\/h4>\n<p>Denna 5-Stegs V\u00e4ggmonterad Stege f\u00f6r Vind levereras med all n\u00f6dv\u00e4ndig h\u00e5rdvara f\u00f6r en problemfri installation. F\u00f6lj bara de medf\u00f6ljande anvisningarna f\u00f6r att montera den s\u00e4kert p\u00e5 \u00f6nskad v\u00e4ggyta. Den h\u00e5llbara metallkonstruktionen s\u00e4kerst\u00e4ller att 5-Stegs V\u00e4ggmonterad Stege kr\u00e4ver minimalt underh\u00e5ll, med rost- och korrosionsbest\u00e4ndiga egenskaper som g\u00f6r den l\u00e4mplig f\u00f6r inomhus- och semi-utomhusbruk.<\/p>\n<p><img loading=\"lazy\" decoding=\"async\" class=\"alignnone size-medium wp-image-5213\" src=\"https:\/\/isopllc.com\/se\/wp-content\/uploads\/sites\/10\/2025\/05\/permanent-step-5-rungs-2-300x300.jpg\" alt=\"\" width=\"300\" height=\"300\" title=\"\" srcset=\"https:\/\/isopllc.com\/se\/wp-content\/uploads\/sites\/10\/2025\/05\/permanent-step-5-rungs-2-300x300.jpg 300w, https:\/\/isopllc.com\/se\/wp-content\/uploads\/sites\/10\/2025\/05\/permanent-step-5-rungs-2-1024x1024.jpg 1024w, https:\/\/isopllc.com\/se\/wp-content\/uploads\/sites\/10\/2025\/05\/permanent-step-5-rungs-2-150x150.jpg 150w, https:\/\/isopllc.com\/se\/wp-content\/uploads\/sites\/10\/2025\/05\/permanent-step-5-rungs-2-768x768.jpg 768w, https:\/\/isopllc.com\/se\/wp-content\/uploads\/sites\/10\/2025\/05\/permanent-step-5-rungs-2-1000x1000.jpg 1000w, https:\/\/isopllc.com\/se\/wp-content\/uploads\/sites\/10\/2025\/05\/permanent-step-5-rungs-2-416x416.jpg 416w, https:\/\/isopllc.com\/se\/wp-content\/uploads\/sites\/10\/2025\/05\/permanent-step-5-rungs-2-100x100.jpg 100w, https:\/\/isopllc.com\/se\/wp-content\/uploads\/sites\/10\/2025\/05\/permanent-step-5-rungs-2.jpg 1500w\" sizes=\"auto, (max-width: 300px) 100vw, 300px\" \/><\/p>\n<p>Dessa 5-Stegs V\u00e4ggmonterad Stege integreras s\u00f6ml\u00f6st i alla interi\u00f6rer eller exteri\u00f6rer.<\/p>\n<p><img loading=\"lazy\" decoding=\"async\" class=\"alignnone size-medium wp-image-5215\" src=\"https:\/\/isopllc.com\/se\/wp-content\/uploads\/sites\/10\/2025\/05\/permanent-step-5-rungs-4-300x300.jpg\" alt=\"Stege f\u00f6r Vind\" width=\"300\" height=\"300\" title=\"\" srcset=\"https:\/\/isopllc.com\/se\/wp-content\/uploads\/sites\/10\/2025\/05\/permanent-step-5-rungs-4-300x300.jpg 300w, https:\/\/isopllc.com\/se\/wp-content\/uploads\/sites\/10\/2025\/05\/permanent-step-5-rungs-4-1024x1024.jpg 1024w, https:\/\/isopllc.com\/se\/wp-content\/uploads\/sites\/10\/2025\/05\/permanent-step-5-rungs-4-150x150.jpg 150w, https:\/\/isopllc.com\/se\/wp-content\/uploads\/sites\/10\/2025\/05\/permanent-step-5-rungs-4-768x768.jpg 768w, https:\/\/isopllc.com\/se\/wp-content\/uploads\/sites\/10\/2025\/05\/permanent-step-5-rungs-4-1000x1000.jpg 1000w, https:\/\/isopllc.com\/se\/wp-content\/uploads\/sites\/10\/2025\/05\/permanent-step-5-rungs-4-416x416.jpg 416w, https:\/\/isopllc.com\/se\/wp-content\/uploads\/sites\/10\/2025\/05\/permanent-step-5-rungs-4-100x100.jpg 100w, https:\/\/isopllc.com\/se\/wp-content\/uploads\/sites\/10\/2025\/05\/permanent-step-5-rungs-4.jpg 1080w\" sizes=\"auto, (max-width: 300px) 100vw, 300px\" \/><\/p>\n<h4 data-start=\"1034\" data-end=\"1086\">M\u00e5ngsidig Anv\u00e4ndning F\u00f6r Flera Applikationer<\/h4>\n<p data-start=\"1087\" data-end=\"1170\">Denna 5-Stegs V\u00e4ggmonterad Stege \u00e4r utformad f\u00f6r att tillgodose olika anv\u00e4ndningsomr\u00e5den, inklusive:<\/p>\n<ul data-start=\"1171\" data-end=\"1670\">\n<li data-start=\"1171\" data-end=\"1256\"><strong data-start=\"1173\" data-end=\"1190\">Tilltr\u00e4de till vind: <\/strong>Idealisk f\u00f6r att n\u00e5 vindar p\u00e5 ett s\u00e4kert s\u00e4tt utan att ta upp golvyta.<\/li>\n<li data-start=\"1171\" data-end=\"1256\"><strong data-start=\"1173\" data-end=\"1190\">Utrymningsf\u00f6nster: <\/strong>S\u00e4kerst\u00e4ller snabba och enkla utrymningsv\u00e4gar i n\u00f6dsituationer.<\/li>\n<li data-start=\"1171\" data-end=\"1256\"><strong data-start=\"1173\" data-end=\"1190\">V\u00e5ningss\u00e4ngar: <\/strong>Ger s\u00e4ker och stabil \u00e5tkomst till v\u00e5ningss\u00e4ngar f\u00f6r barn och vuxna.<\/li>\n<li data-start=\"1171\" data-end=\"1256\"><strong data-start=\"1173\" data-end=\"1190\">Inredning och f\u00f6rvaring: <\/strong>Perfekt f\u00f6r minimalistisk inredning och inredning i industriell stil samt f\u00f6r att n\u00e5 h\u00f6ga hyllor i vardagsrummet.<\/li>\n<li data-start=\"1171\" data-end=\"1256\"><strong data-start=\"1173\" data-end=\"1190\">Anv\u00e4ndning i garage och verkstad: <\/strong>Kan installeras i garage eller verkst\u00e4der f\u00f6r att n\u00e5 upph\u00f6jda omr\u00e5den.<\/li>\n<\/ul>\n<p>Dessutom \u00e4r v\u00e4ggfasta stegar med fem steg l\u00e4mpliga f\u00f6r husvagnar, b\u00e5tar och fartyg.<\/p>\n<p><img loading=\"lazy\" decoding=\"async\" class=\"alignnone size-medium wp-image-5214\" src=\"https:\/\/isopllc.com\/se\/wp-content\/uploads\/sites\/10\/2025\/05\/permanent-step-5-rungs-3-270x300.jpg\" alt=\"Utrymningsstege\" width=\"270\" height=\"300\" title=\"\" srcset=\"https:\/\/isopllc.com\/se\/wp-content\/uploads\/sites\/10\/2025\/05\/permanent-step-5-rungs-3-270x300.jpg 270w, https:\/\/isopllc.com\/se\/wp-content\/uploads\/sites\/10\/2025\/05\/permanent-step-5-rungs-3-922x1024.jpg 922w, https:\/\/isopllc.com\/se\/wp-content\/uploads\/sites\/10\/2025\/05\/permanent-step-5-rungs-3-768x853.jpg 768w, https:\/\/isopllc.com\/se\/wp-content\/uploads\/sites\/10\/2025\/05\/permanent-step-5-rungs-3-900x1000.jpg 900w, https:\/\/isopllc.com\/se\/wp-content\/uploads\/sites\/10\/2025\/05\/permanent-step-5-rungs-3-416x462.jpg 416w, https:\/\/isopllc.com\/se\/wp-content\/uploads\/sites\/10\/2025\/05\/permanent-step-5-rungs-3.jpg 972w\" sizes=\"auto, (max-width: 270px) 100vw, 270px\" \/><\/p>\n<div class=\"celwidget aplus-module premium-module-4-two-column-images aplus-premium\" data-csa-c-id=\"15yl7x-eio1n0-m9lh6n-socwzs\" data-cel-widget=\"aplus-premium-module-4-two-column-images\">\n<div class=\"a-section a-spacing-none premium-aplus premium-aplus-module-4 aplus-container-1\">\n<div class=\"a-section a-spacing-none premium-aplus-two-column\">\n<div class=\"a-section a-spacing-none premium-aplus-column\">\n<div class=\"a-section a-spacing-none column-description\">\n<p class=\"aplus-p3\">Anv\u00e4ndningen av korrosionsbest\u00e4ndiga material garanterar l\u00e5ng h\u00e5llbarhet.<\/p>\n<p><img loading=\"lazy\" decoding=\"async\" class=\"alignnone size-full wp-image-5221\" src=\"https:\/\/isopllc.com\/se\/wp-content\/uploads\/sites\/10\/2025\/05\/permanent-step-5-rungs-10.jpeg\" alt=\"\" width=\"300\" height=\"300\" title=\"\" srcset=\"https:\/\/isopllc.com\/se\/wp-content\/uploads\/sites\/10\/2025\/05\/permanent-step-5-rungs-10.jpeg 300w, https:\/\/isopllc.com\/se\/wp-content\/uploads\/sites\/10\/2025\/05\/permanent-step-5-rungs-10-150x150.jpeg 150w, https:\/\/isopllc.com\/se\/wp-content\/uploads\/sites\/10\/2025\/05\/permanent-step-5-rungs-10-100x100.jpeg 100w\" sizes=\"auto, (max-width: 300px) 100vw, 300px\" \/><\/p>\n<h4 data-start=\"543\" data-end=\"587\">H\u00e5llbar Och Kraftig Konstruktion<\/h4>\n<p>Den h\u00e4r 5-stegsstegen \u00e4r tillverkad av h\u00f6gkvalitativ metall och \u00e4r byggd f\u00f6r att klara daglig anv\u00e4ndning samtidigt som den \u00e4r robust och p\u00e5litlig. Den v\u00e4ggmonterade designen s\u00e4kerst\u00e4ller en fast och s\u00e4ker installation, vilket eliminerar riskerna f\u00f6r vinglande eller instabilitet. Oavsett om du beh\u00f6ver den f\u00f6r regelbunden \u00e5tkomst till vinden, s\u00e4kerhet f\u00f6r v\u00e5ningss\u00e4ngar eller utrymningsv\u00e4gar genom f\u00f6nster, \u00e4r den h\u00e4r stegen utformad f\u00f6r att h\u00e5lla i flera \u00e5r med minimalt underh\u00e5ll.<\/p>\n<p><strong>Robust konstruktion:<\/strong> Byggd av robusta material som galvaniserat st\u00e5l eller aluminium, \u00e4r dessa 5-Stegs V\u00e4ggmonterad Stege utformade f\u00f6r h\u00e5llbarhet och kan b\u00e4ra betydande vikt.<\/p>\n<p><img loading=\"lazy\" decoding=\"async\" class=\"alignnone size-full wp-image-5222\" src=\"https:\/\/isopllc.com\/se\/wp-content\/uploads\/sites\/10\/2025\/05\/permanent-step-5-rungs-11.jpeg\" alt=\"\" width=\"300\" height=\"300\" title=\"\" srcset=\"https:\/\/isopllc.com\/se\/wp-content\/uploads\/sites\/10\/2025\/05\/permanent-step-5-rungs-11.jpeg 300w, https:\/\/isopllc.com\/se\/wp-content\/uploads\/sites\/10\/2025\/05\/permanent-step-5-rungs-11-150x150.jpeg 150w, https:\/\/isopllc.com\/se\/wp-content\/uploads\/sites\/10\/2025\/05\/permanent-step-5-rungs-11-100x100.jpeg 100w\" sizes=\"auto, (max-width: 300px) 100vw, 300px\" \/><\/p>\n<h4 data-start=\"1672\" data-end=\"1715\">Platsbesparande Och V\u00e4ggfast Design<\/h4>\n<p>Till skillnad fr\u00e5n skrymmande traditionella stegar sitter den h\u00e4r v\u00e4ggmonterade modellen s\u00e4kert fast i v\u00e4ggen, vilket g\u00f6r den till en effektiv platsbesparande l\u00f6sning. Oavsett om du har ett litet bostadsutrymme, loft eller kompakt f\u00f6rvaringsutrymme hj\u00e4lper den h\u00e4r stegen till att maximera golvytan samtidigt som den ger bekv\u00e4m \u00e5tkomst till upph\u00f6jda utrymmen. Dess eleganta och minimalistiska design passar bra in i moderna interi\u00f6rer, vilket g\u00f6r den till ett utm\u00e4rkt dekorativt och funktionellt tillskott i alla hem.<\/p>\n<p>Ultra Protect 5-Stegs V\u00e4ggmonterad Stege: K\u00e4nd f\u00f6r sin robusta konstruktion och halkskydd, vilket g\u00f6r den till ett p\u00e5litligt val f\u00f6r k\u00e4llarf\u00f6nsterbrunnar.<\/p>\n<p><img loading=\"lazy\" decoding=\"async\" class=\"alignnone size-medium wp-image-5218\" src=\"https:\/\/isopllc.com\/se\/wp-content\/uploads\/sites\/10\/2025\/05\/permanent-step-5-rungs-7-295x300.jpg\" alt=\"V\u00e4ggmonterad Metallstege\" width=\"295\" height=\"300\" title=\"\" srcset=\"https:\/\/isopllc.com\/se\/wp-content\/uploads\/sites\/10\/2025\/05\/permanent-step-5-rungs-7-295x300.jpg 295w, https:\/\/isopllc.com\/se\/wp-content\/uploads\/sites\/10\/2025\/05\/permanent-step-5-rungs-7-1007x1024.jpg 1007w, https:\/\/isopllc.com\/se\/wp-content\/uploads\/sites\/10\/2025\/05\/permanent-step-5-rungs-7-768x781.jpg 768w, https:\/\/isopllc.com\/se\/wp-content\/uploads\/sites\/10\/2025\/05\/permanent-step-5-rungs-7-983x1000.jpg 983w, https:\/\/isopllc.com\/se\/wp-content\/uploads\/sites\/10\/2025\/05\/permanent-step-5-rungs-7-416x423.jpg 416w, https:\/\/isopllc.com\/se\/wp-content\/uploads\/sites\/10\/2025\/05\/permanent-step-5-rungs-7.jpg 1056w\" sizes=\"auto, (max-width: 295px) 100vw, 295px\" \/><\/p>\n<h4 data-start=\"2195\" data-end=\"2236\">S\u00e4ker Och Trygg Tillg\u00e5ng i Fem Steg<\/h4>\n<p>De 5 j\u00e4mnt f\u00f6rdelade stegpinnarna ger en bekv\u00e4m och s\u00e4ker kl\u00e4ttring, s\u00e5 att anv\u00e4ndare i alla \u00e5ldrar enkelt kan ta sig upp och ner. Varje stegpinne \u00e4r f\u00f6rsedd med en halkskyddad yta som minskar risken f\u00f6r halkolyckor och fall. Den stabila metallramen ger b\u00e4ttre viktst\u00f6d, vilket g\u00f6r den l\u00e4mplig f\u00f6r b\u00e5de barn och vuxna. Dessutom f\u00f6rhindrar den v\u00e4ggmonterade installationen r\u00f6relse, vilket ytterligare f\u00f6rb\u00e4ttrar s\u00e4kerheten.<\/p>\n<p>Anv\u00e4ndarna har lovordat dessa stegar f\u00f6r deras h\u00e5llbarhet och funktionalitet. De har n\u00e4mnt att 5-stegsstegen \u00e4r h\u00e5llbar och klarar en vikt p\u00e5 minst 90 kg, vilket understryker dess robusta konstruktion.<\/p>\n<p><img loading=\"lazy\" decoding=\"async\" class=\"alignnone size-full wp-image-5224\" src=\"https:\/\/isopllc.com\/se\/wp-content\/uploads\/sites\/10\/2025\/05\/permanent-step-5-rungs-13.jpeg\" alt=\"V\u00e4ggmonterad Stege\" width=\"300\" height=\"300\" title=\"\" srcset=\"https:\/\/isopllc.com\/se\/wp-content\/uploads\/sites\/10\/2025\/05\/permanent-step-5-rungs-13.jpeg 300w, https:\/\/isopllc.com\/se\/wp-content\/uploads\/sites\/10\/2025\/05\/permanent-step-5-rungs-13-150x150.jpeg 150w, https:\/\/isopllc.com\/se\/wp-content\/uploads\/sites\/10\/2025\/05\/permanent-step-5-rungs-13-100x100.jpeg 100w\" sizes=\"auto, (max-width: 300px) 100vw, 300px\" \/><\/p>\n<h4 data-start=\"3113\" data-end=\"3158\">Snygg Industriell Och Modern Design<\/h4>\n<p>F\u00f6rutom sina funktionella f\u00f6rdelar fungerar den h\u00e4r v\u00e4ggmonterade stegen ocks\u00e5 som en elegant och modern inredningsdetalj. Den eleganta metallfinishen ger en industriell estetik till hem, loft och l\u00e4genheter, vilket g\u00f6r den till ett attraktivt men \u00e4nd\u00e5 praktiskt tillskott till ditt vardagsrum. Oavsett om den anv\u00e4nds f\u00f6r f\u00f6rvaring, inredning eller s\u00e4kerhet, f\u00f6rb\u00e4ttrar stegen det \u00f6vergripande utseendet och funktionaliteten i alla rum.<\/p>\n<p>Den minimalistiska designen integreras s\u00f6ml\u00f6st i moderna interi\u00f6rer och ger b\u00e5de funktionalitet och estetisk f\u00f6rb\u00e4ttring.<\/p>\n<p><img loading=\"lazy\" decoding=\"async\" class=\"alignnone size-full wp-image-5223\" src=\"https:\/\/isopllc.com\/se\/wp-content\/uploads\/sites\/10\/2025\/05\/permanent-step-5-rungs-12.jpeg\" alt=\"\" width=\"300\" height=\"300\" title=\"\" srcset=\"https:\/\/isopllc.com\/se\/wp-content\/uploads\/sites\/10\/2025\/05\/permanent-step-5-rungs-12.jpeg 300w, https:\/\/isopllc.com\/se\/wp-content\/uploads\/sites\/10\/2025\/05\/permanent-step-5-rungs-12-150x150.jpeg 150w, https:\/\/isopllc.com\/se\/wp-content\/uploads\/sites\/10\/2025\/05\/permanent-step-5-rungs-12-100x100.jpeg 100w\" sizes=\"auto, (max-width: 300px) 100vw, 300px\" \/><\/p>\n<h4>Perfekt f\u00f6r Hem, Loft Och Sm\u00e5 Utrymmen<\/h4>\n<p data-start=\"4193\" data-end=\"4478\">Oavsett om du beh\u00f6ver en praktisk l\u00f6sning f\u00f6r tr\u00e5nga utrymmen eller ett dekorativt element f\u00f6r ditt hem, \u00e4r denna metallstege med fem steg ett m\u00e5ste. Dess m\u00e5ngsidighet, h\u00e5llbarhet och s\u00e4kerhet g\u00f6r den till ett f\u00f6rstahandsval f\u00f6r hus\u00e4gare, designers och byggare.<\/p>\n<p data-start=\"4193\" data-end=\"4478\"><img loading=\"lazy\" decoding=\"async\" class=\"alignnone size-medium wp-image-5220\" src=\"https:\/\/isopllc.com\/se\/wp-content\/uploads\/sites\/10\/2025\/05\/permanent-step-5-rungs-9-300x300.jpg\" alt=\"Metallstege\" width=\"300\" height=\"300\" title=\"\" srcset=\"https:\/\/isopllc.com\/se\/wp-content\/uploads\/sites\/10\/2025\/05\/permanent-step-5-rungs-9-300x300.jpg 300w, https:\/\/isopllc.com\/se\/wp-content\/uploads\/sites\/10\/2025\/05\/permanent-step-5-rungs-9-150x150.jpg 150w, https:\/\/isopllc.com\/se\/wp-content\/uploads\/sites\/10\/2025\/05\/permanent-step-5-rungs-9-416x416.jpg 416w, https:\/\/isopllc.com\/se\/wp-content\/uploads\/sites\/10\/2025\/05\/permanent-step-5-rungs-9-100x100.jpg 100w, https:\/\/isopllc.com\/se\/wp-content\/uploads\/sites\/10\/2025\/05\/permanent-step-5-rungs-9.jpg 679w\" sizes=\"auto, (max-width: 300px) 100vw, 300px\" \/><\/p>\n<h3 data-start=\"4480\" data-end=\"4513\">Varf\u00f6r v\u00e4lja denna 5-Stegs V\u00e4ggmonterad Stege?<\/h3>\n<ul data-start=\"4514\" data-end=\"4816\">\n<li data-start=\"4514\" data-end=\"4588\"><strong data-start=\"4516\" data-end=\"4531\">Sparar utrymme samtidigt som den ger s\u00e4ker och stabil kl\u00e4ttring.<\/strong><\/li>\n<li data-start=\"4514\" data-end=\"4588\"><strong data-start=\"4516\" data-end=\"4531\">M\u00e5ngsidig anv\u00e4ndning f\u00f6r vindar, v\u00e5ningss\u00e4ngar, f\u00f6nster och modern heminredning.<\/strong><\/li>\n<li data-start=\"4514\" data-end=\"4588\"><strong data-start=\"4516\" data-end=\"4531\">H\u00f6gkvalitativ metallkonstruktion garanterar h\u00e5llbarhet och l\u00e5ngsiktig prestanda.<\/strong><\/li>\n<li data-start=\"4514\" data-end=\"4588\"><strong data-start=\"4516\" data-end=\"4531\">L\u00e4tt att installera med ett snyggt och minimalistiskt utseende.<\/strong><\/li>\n<\/ul>\n<p data-start=\"4818\" data-end=\"4927\" data-is-last-node=\"\" data-is-only-node=\"\">\ud83d\uded2 Uppgradera ditt hems funktionalitet och s\u00e4kerhet &#8211; best\u00e4ll din 5-Stegs V\u00e4ggmonterad Stege idag p\u00e5 Amazon! \ud83d\ude80<\/p>\n<\/div>\n<\/div>\n<\/div>\n<\/div>\n<\/div>\n","protected":false},"excerpt":{"rendered":"[embed]https:\/\/www.youtube.com\/watch?v=6xCJWP-p9pw[\/embed]\n[embed]https:\/\/www.youtube.com\/shorts\/pLAZ0v-5fRs[\/embed]\n<p id=\"title\" class=\"a-size-large a-spacing-none\" style=\"text-align: center\"><span id=\"productTitle\" class=\"a-size-large product-title-word-break\">5-Stegs V\u00e4ggmonterad Stege &#8211; Loft 5 Steg f\u00f6r S\u00e4ngar i Sovsal &#8211; 5 Steg Stege f\u00f6r Vind &#8211; Utrymningsstege f\u00f6r F\u00f6nsterbrunnar &#8211; V\u00e4ggmonterad Metallstege f\u00f6r V\u00e5ningss\u00e4ng<\/span><\/p>\n<p style=\"text-align: center\">GRATIS LEVERANS INOM 3-7 DAGAR<\/p>\n<h4 style=\"text-align: center\"><strong>K\u00d6P DEN P\u00c5<\/strong><br \/>\n<a href=\"https:\/\/www.amazon.se\/dp\/B0DV3J9742\/ref=sr_1_1?crid=GJ1NFB07GUFM&amp;dib=eyJ2IjoiMSJ9.9SFvfirQE6o2j6Td3z2KYw.FIUBP1axNzhI1s-tVh_n0JmKMW1zzvUMUrPrASSL0S8&amp;dib_tag=se&amp;keywords=V%C3%A4ggmonterad+Stege+Stege+f%C3%B6r+Vind+Utrymningsstege+V%C3%A4ggmonterad+Metallstege&amp;qid=1746960298&amp;sprefix=b0dv3j9742%2Caps%2C808&amp;sr=8-1&amp;th=1\"><img loading=\"lazy\" decoding=\"async\" class=\"aligncenter wp-image-1040 size-full\" src=\"https:\/\/isopllc.com\/se\/wp-content\/uploads\/sites\/10\/2020\/01\/amazon-button9.png\" alt=\"\" width=\"160\" height=\"59\" \/><\/a><\/h4>\n","protected":false},"featured_media":5216,"comment_status":"open","ping_status":"closed","template":"","meta":[],"product_brand":[],"product_cat":[184,190],"product_tag":[102,97,34,128],"class_list":{"0":"post-5227","1":"product","2":"type-product","3":"status-publish","4":"has-post-thumbnail","6":"product_cat-stegar","7":"product_cat-vaggmonterade-stegar","8":"product_tag-isop","9":"product_tag-klattringsutrustning","10":"product_tag-sakerhetsutrustning","11":"product_tag-vaggsteg","13":"first","14":"instock","15":"shipping-taxable","16":"purchasable","17":"product-type-variable"},"_links":{"self":[{"href":"https:\/\/isopllc.com\/se\/wp-json\/wp\/v2\/product\/5227","targetHints":{"allow":["GET"]}}],"collection":[{"href":"https:\/\/isopllc.com\/se\/wp-json\/wp\/v2\/product"}],"about":[{"href":"https:\/\/isopllc.com\/se\/wp-json\/wp\/v2\/types\/product"}],"replies":[{"embeddable":true,"href":"https:\/\/isopllc.com\/se\/wp-json\/wp\/v2\/comments?post=5227"}],"wp:featuredmedia":[{"embeddable":true,"href":"https:\/\/isopllc.com\/se\/wp-json\/wp\/v2\/media\/5216"}],"wp:attachment":[{"href":"https:\/\/isopllc.com\/se\/wp-json\/wp\/v2\/media?parent=5227"}],"wp:term":[{"taxonomy":"product_brand","embeddable":true,"href":"https:\/\/isopllc.com\/se\/wp-json\/wp\/v2\/product_brand?post=5227"},{"taxonomy":"product_cat","embeddable":true,"href":"https:\/\/isopllc.com\/se\/wp-json\/wp\/v2\/product_cat?post=5227"},{"taxonomy":"product_tag","embeddable":true,"href":"https:\/\/isopllc.com\/se\/wp-json\/wp\/v2\/product_tag?post=5227"}],"curies":[{"name":"wp","href":"https:\/\/api.w.org\/{rel}","templated":true}]}}