{"id":5286,"date":"2025-06-29T18:28:18","date_gmt":"2025-06-29T18:28:18","guid":{"rendered":"https:\/\/isopllc.com\/se\/?post_type=product&#038;p=5286"},"modified":"2025-07-03T08:50:20","modified_gmt":"2025-07-03T08:50:20","slug":"aluminiumskap-for-brandstege-3-vaningar-rostfritt-stal","status":"publish","type":"product","link":"https:\/\/isopllc.com\/se\/product\/aluminiumskap-for-brandstege-3-vaningar-rostfritt-stal\/","title":{"rendered":"Aluminiumsk\u00e5p F\u00f6r Brandstege 3 V\u00e5ningar-Rostfritt St\u00e5l"},"content":{"rendered":"<h2>Aluminiumsk\u00e5p F\u00f6r Brandstege | Universell Accessbox f\u00f6r Brandstege 3 V\u00e5ningar | F\u00f6r Inomhus- Och Utomhusbruk | Monteringstillbeh\u00f6r Ing\u00e5r | V\u00e4ggmonterad F\u00f6rvaring f\u00f6r Brands\u00e4kerhetsstegar | 38 x 28 x 13 cm<\/h2>\n<p data-start=\"44\" data-end=\"429\">Se till att ditt hem, din l\u00e4genhet, skola eller arbetsplats \u00e4r f\u00f6rberedd f\u00f6r n\u00f6devakuering med detta aluminiumsk\u00e5p f\u00f6r brandstege \u2013 en robust, stilren och specialdesignad universell accessbox f\u00f6r b\u00e5de inomhus- och utomhusmilj\u00f6er. Detta v\u00e4ggmonterade f\u00f6rvaringssk\u00e5p ger snabb tillg\u00e5ng till utrymningsstegar vid brand eller andra h\u00f6grisk\u00adsituationer d\u00e4r en snabb evakuering \u00e4r avg\u00f6rande.<\/p>\n<p data-start=\"44\" data-end=\"429\"><img loading=\"lazy\" decoding=\"async\" class=\"alignnone size-medium wp-image-5293\" src=\"https:\/\/isopllc.com\/se\/wp-content\/uploads\/sites\/10\/2025\/06\/fire-equipment-box-6-300x300.jpg\" alt=\"V\u00e4ggmonterad f\u00f6rvaring\" width=\"300\" height=\"300\" title=\"\" srcset=\"https:\/\/isopllc.com\/se\/wp-content\/uploads\/sites\/10\/2025\/06\/fire-equipment-box-6-300x300.jpg 300w, https:\/\/isopllc.com\/se\/wp-content\/uploads\/sites\/10\/2025\/06\/fire-equipment-box-6-1024x1024.jpg 1024w, https:\/\/isopllc.com\/se\/wp-content\/uploads\/sites\/10\/2025\/06\/fire-equipment-box-6-150x150.jpg 150w, https:\/\/isopllc.com\/se\/wp-content\/uploads\/sites\/10\/2025\/06\/fire-equipment-box-6-768x768.jpg 768w, https:\/\/isopllc.com\/se\/wp-content\/uploads\/sites\/10\/2025\/06\/fire-equipment-box-6-1536x1536.jpg 1536w, https:\/\/isopllc.com\/se\/wp-content\/uploads\/sites\/10\/2025\/06\/fire-equipment-box-6-2048x2048.jpg 2048w, https:\/\/isopllc.com\/se\/wp-content\/uploads\/sites\/10\/2025\/06\/fire-equipment-box-6-1000x1000.jpg 1000w, https:\/\/isopllc.com\/se\/wp-content\/uploads\/sites\/10\/2025\/06\/fire-equipment-box-6-416x416.jpg 416w, https:\/\/isopllc.com\/se\/wp-content\/uploads\/sites\/10\/2025\/06\/fire-equipment-box-6-100x100.jpg 100w\" sizes=\"auto, (max-width: 300px) 100vw, 300px\" \/><\/p>\n<div class=\"flex basis-auto flex-col -mb-(--composer-overlap-px) [--composer-overlap-px:24px] grow overflow-hidden\">\n<div class=\"relative h-full\">\n<div class=\"flex h-full flex-col overflow-y-auto [scrollbar-gutter:stable_both-edges] @[84rem]\/thread:pt-(--header-height)\">\n<div class=\"@thread-xl\/thread:pt-header-height flex flex-col text-sm\">\n<article class=\"text-token-text-primary w-full\" dir=\"auto\" data-testid=\"conversation-turn-32\" data-scroll-anchor=\"true\">\n<div class=\"text-base my-auto mx-auto py-5 [--thread-content-margin:--spacing(4)] @[37rem]:[--thread-content-margin:--spacing(6)] @[72rem]:[--thread-content-margin:--spacing(16)] px-(--thread-content-margin)\">\n<div class=\"[--thread-content-max-width:32rem] @[34rem]:[--thread-content-max-width:40rem] @[64rem]:[--thread-content-max-width:48rem] mx-auto flex max-w-(--thread-content-max-width) flex-1 text-base gap-4 md:gap-5 lg:gap-6 group\/turn-messages focus-visible:outline-hidden\">\n<div class=\"group\/conversation-turn relative flex w-full min-w-0 flex-col agent-turn\">\n<div class=\"relative flex-col gap-1 md:gap-3\">\n<div class=\"flex max-w-full flex-col grow\">\n<div class=\"min-h-8 text-message relative flex w-full flex-col items-end gap-2 text-start break-words whitespace-normal [.text-message+&amp;]:mt-5\" dir=\"auto\" data-message-author-role=\"assistant\" data-message-id=\"e7ab0f70-7e2f-43e3-967e-14ac47861218\" data-message-model-slug=\"gpt-4o\">\n<div class=\"flex w-full flex-col gap-1 empty:hidden first:pt-[3px]\">\n<div class=\"markdown prose dark:prose-invert w-full break-words light\">\n<h3 data-start=\"61\" data-end=\"136\">Premiumkonstruktion i aluminium f\u00f6r h\u00e5llbarhet b\u00e5de inomhus och utomhus<\/h3>\n<p data-start=\"138\" data-end=\"623\">Tillverkad av h\u00f6gstyrkt anodiserat aluminium \u00e4r detta sk\u00e5p konstruerat f\u00f6r h\u00e5llbarhet, korrosionsbest\u00e4ndighet och l\u00e5ng livsl\u00e4ngd. Till skillnad fr\u00e5n plastalternativ eller sk\u00e5p i l\u00e5gkvalitativt st\u00e5l \u00e4r denna enhet v\u00e4dert\u00e5lig och l\u00e4mpad f\u00f6r utomhusinstallationer \u2013 idealisk f\u00f6r balkonger, brandtrappor eller verandor. Inomhus sm\u00e4lter det diskret in i v\u00e4ggar, f\u00f6rr\u00e5d eller trapphus och bibeh\u00e5ller en estetisk enhetlighet med moderna interi\u00f6rer samtidigt som det ger maximal brands\u00e4kerhet.<\/p>\n<ul>\n<li data-start=\"625\" data-end=\"821\">Kompakt design<\/li>\n<li data-start=\"625\" data-end=\"821\">Robust konstruktion i kraftigt j\u00e4rn<\/li>\n<li data-start=\"625\" data-end=\"821\">Akrylglas (som \u00e4r s\u00e4krare \u00e4n vanligt glas vid n\u00f6dsituationer)<\/li>\n<li data-start=\"625\" data-end=\"821\">Monteras enkelt p\u00e5 v\u00e4ggen<\/li>\n<li data-start=\"625\" data-end=\"821\">L\u00e4tt att hitta n\u00e4r det beh\u00f6vs<\/li>\n<\/ul>\n<p><img loading=\"lazy\" decoding=\"async\" class=\"alignnone size-medium wp-image-5296\" src=\"https:\/\/isopllc.com\/se\/wp-content\/uploads\/sites\/10\/2025\/06\/fir-escape-box-8-300x300.jpg\" alt=\"\" width=\"300\" height=\"300\" title=\"\" srcset=\"https:\/\/isopllc.com\/se\/wp-content\/uploads\/sites\/10\/2025\/06\/fir-escape-box-8-300x300.jpg 300w, https:\/\/isopllc.com\/se\/wp-content\/uploads\/sites\/10\/2025\/06\/fir-escape-box-8-1024x1024.jpg 1024w, https:\/\/isopllc.com\/se\/wp-content\/uploads\/sites\/10\/2025\/06\/fir-escape-box-8-150x150.jpg 150w, https:\/\/isopllc.com\/se\/wp-content\/uploads\/sites\/10\/2025\/06\/fir-escape-box-8-768x768.jpg 768w, https:\/\/isopllc.com\/se\/wp-content\/uploads\/sites\/10\/2025\/06\/fir-escape-box-8-1536x1536.jpg 1536w, https:\/\/isopllc.com\/se\/wp-content\/uploads\/sites\/10\/2025\/06\/fir-escape-box-8-2048x2048.jpg 2048w, https:\/\/isopllc.com\/se\/wp-content\/uploads\/sites\/10\/2025\/06\/fir-escape-box-8-1000x1000.jpg 1000w, https:\/\/isopllc.com\/se\/wp-content\/uploads\/sites\/10\/2025\/06\/fir-escape-box-8-416x416.jpg 416w, https:\/\/isopllc.com\/se\/wp-content\/uploads\/sites\/10\/2025\/06\/fir-escape-box-8-100x100.jpg 100w\" sizes=\"auto, (max-width: 300px) 100vw, 300px\" \/><\/p>\n<p data-start=\"56\" data-end=\"168\">Sk\u00e5p i j\u00e4rn f\u00f6r brandsl\u00e4ckare h\u00e5ller din brandsl\u00e4ckare eller utrymningsstege l\u00e4ttillg\u00e4nglig vid en n\u00f6dsituation.<\/p>\n<p data-start=\"170\" data-end=\"387\">Tack vare sin kompakta storlek (38x28x13 cm, 1 mm tjock) och h\u00e5llbara konstruktion \u00e4r detta sk\u00e5p idealiskt f\u00f6r l\u00e4genheter, bostadsr\u00e4tter och sm\u00e5f\u00f6retag, och det erbjuder en s\u00e4ker och trygg plats f\u00f6r l\u00e5ngtidsf\u00f6rvaring.<\/p>\n<p data-start=\"170\" data-end=\"387\"><img loading=\"lazy\" decoding=\"async\" class=\"alignnone wp-image-5299\" src=\"https:\/\/isopllc.com\/se\/wp-content\/uploads\/sites\/10\/2025\/06\/fire-rescue-cabinet-3-300x300.jpg\" alt=\"\" width=\"265\" height=\"265\" title=\"\" srcset=\"https:\/\/isopllc.com\/se\/wp-content\/uploads\/sites\/10\/2025\/06\/fire-rescue-cabinet-3-300x300.jpg 300w, https:\/\/isopllc.com\/se\/wp-content\/uploads\/sites\/10\/2025\/06\/fire-rescue-cabinet-3-150x150.jpg 150w, https:\/\/isopllc.com\/se\/wp-content\/uploads\/sites\/10\/2025\/06\/fire-rescue-cabinet-3-768x768.jpg 768w, https:\/\/isopllc.com\/se\/wp-content\/uploads\/sites\/10\/2025\/06\/fire-rescue-cabinet-3-416x416.jpg 416w, https:\/\/isopllc.com\/se\/wp-content\/uploads\/sites\/10\/2025\/06\/fire-rescue-cabinet-3-100x100.jpg 100w, https:\/\/isopllc.com\/se\/wp-content\/uploads\/sites\/10\/2025\/06\/fire-rescue-cabinet-3.jpg 900w\" sizes=\"auto, (max-width: 265px) 100vw, 265px\" \/><\/p>\n<h3 data-start=\"170\" data-end=\"387\">Brands\u00e4kerhetsstation<\/h3>\n<\/div>\n<p data-start=\"83\" data-end=\"266\">Vid en pl\u00f6tslig brand i hemmet eller p\u00e5 arbetsplatsen ger den en best\u00e4md plats f\u00f6r din brandsl\u00e4ckare eller stege, s\u00e5 att den finns n\u00e4ra till hands och \u00e4r redo n\u00e4r den beh\u00f6vs som mest.<\/p>\n<\/div>\n<p data-start=\"83\" data-end=\"266\"><img loading=\"lazy\" decoding=\"async\" class=\"alignnone size-medium wp-image-5297\" src=\"https:\/\/isopllc.com\/se\/wp-content\/uploads\/sites\/10\/2025\/06\/Fire-ladder-300x201.png\" alt=\"\" width=\"300\" height=\"201\" title=\"\" srcset=\"https:\/\/isopllc.com\/se\/wp-content\/uploads\/sites\/10\/2025\/06\/Fire-ladder-300x201.png 300w, https:\/\/isopllc.com\/se\/wp-content\/uploads\/sites\/10\/2025\/06\/Fire-ladder-1024x687.png 1024w, https:\/\/isopllc.com\/se\/wp-content\/uploads\/sites\/10\/2025\/06\/Fire-ladder-768x515.png 768w, https:\/\/isopllc.com\/se\/wp-content\/uploads\/sites\/10\/2025\/06\/Fire-ladder-1000x671.png 1000w, https:\/\/isopllc.com\/se\/wp-content\/uploads\/sites\/10\/2025\/06\/Fire-ladder-416x279.png 416w, https:\/\/isopllc.com\/se\/wp-content\/uploads\/sites\/10\/2025\/06\/Fire-ladder.png 1462w\" sizes=\"auto, (max-width: 300px) 100vw, 300px\" \/><\/p>\n<\/div>\n<\/div>\n<\/div>\n<\/div>\n<\/div>\n<div class=\"touch:-me-2 touch:-ms-3.5 -ms-2.5 -me-1 flex flex-wrap items-center gap-y-4 p-1 select-none touch:w-[calc(100%+--spacing(3.5))] -mt-1 w-[calc(100%+--spacing(2.5))] duration-[1.5s] focus-within:transition-none hover:transition-none pointer-events-none [mask-image:linear-gradient(to_right,black_33%,transparent_66%)] [mask-size:300%_100%] [mask-position:100%_0%] motion-safe:transition-[mask-position] group-hover\/turn-messages:pointer-events-auto group-hover\/turn-messages:[mask-position:0_0] group-focus-within\/turn-messages:pointer-events-auto group-focus-within\/turn-messages:[mask-position:0_0] has-data-[state=open]:pointer-events-auto has-data-[state=open]:[mask-position:0_0]\">\n<div class=\"flex basis-auto flex-col -mb-(--composer-overlap-px) [--composer-overlap-px:24px] grow overflow-hidden\">\n<div class=\"relative h-full\">\n<div class=\"flex h-full flex-col overflow-y-auto [scrollbar-gutter:stable_both-edges] @[84rem]\/thread:pt-(--header-height)\">\n<div class=\"@thread-xl\/thread:pt-header-height flex flex-col text-sm\">\n<article class=\"text-token-text-primary w-full\" dir=\"auto\" data-testid=\"conversation-turn-38\" data-scroll-anchor=\"true\">\n<div class=\"text-base my-auto mx-auto py-5 [--thread-content-margin:--spacing(4)] @[37rem]:[--thread-content-margin:--spacing(6)] @[72rem]:[--thread-content-margin:--spacing(16)] px-(--thread-content-margin)\">\n<div class=\"[--thread-content-max-width:32rem] @[34rem]:[--thread-content-max-width:40rem] @[64rem]:[--thread-content-max-width:48rem] mx-auto flex max-w-(--thread-content-max-width) flex-1 text-base gap-4 md:gap-5 lg:gap-6 group\/turn-messages focus-visible:outline-hidden\">\n<div class=\"group\/conversation-turn relative flex w-full min-w-0 flex-col agent-turn\">\n<div class=\"relative flex-col gap-1 md:gap-3\">\n<div class=\"flex max-w-full flex-col grow\">\n<div class=\"min-h-8 text-message relative flex w-full flex-col items-end gap-2 text-start break-words whitespace-normal [.text-message+&amp;]:mt-5\" dir=\"auto\" data-message-author-role=\"assistant\" data-message-id=\"6fd1632d-db6d-48b7-9658-45e41a4a38b2\" data-message-model-slug=\"gpt-4o\">\n<div class=\"flex w-full flex-col gap-1 empty:hidden first:pt-[3px]\">\n<div class=\"markdown prose dark:prose-invert w-full break-words light\">\n<h3 data-start=\"61\" data-end=\"94\">Professionellt topprepsankare<\/h3>\n<p data-start=\"96\" data-end=\"253\">Kl\u00e4tterankarbultset som inkluderar 2 st h\u00e4ngplattor och 2 st expansionsbultar, muttrar och brickor. H\u00e4ngplattorna fungerar som permanenta f\u00f6rankringspunkter.<\/p>\n<p data-start=\"255\" data-end=\"471\">Setet g\u00f6r att du kan f\u00e4sta boxen p\u00e5 en v\u00e4gg. De h\u00e5ller inte bara boxen p\u00e5 plats utan har ocks\u00e5 f\u00e4st\u00f6glor designade f\u00f6r tv\u00e5 karbiner, vilket g\u00f6r att du kan f\u00e4sta en repstege i dem f\u00f6r att kl\u00e4ttra ner fr\u00e5n ett f\u00f6nster.<\/p>\n<h3 data-start=\"473\" data-end=\"504\">M\u00e5ngsidig f\u00f6r flera milj\u00f6er<\/h3>\n<p data-start=\"506\" data-end=\"518\">Perfekt f\u00f6r:<\/p>\n<ul data-start=\"520\" data-end=\"740\">\n<li data-start=\"520\" data-end=\"538\">\n<p data-start=\"522\" data-end=\"538\">Flerbostadshus<\/p>\n<\/li>\n<li data-start=\"539\" data-end=\"564\">\n<p data-start=\"541\" data-end=\"564\">L\u00e4genheter och h\u00f6ghus<\/p>\n<\/li>\n<li data-start=\"565\" data-end=\"585\">\n<p data-start=\"567\" data-end=\"585\">Skolors internat<\/p>\n<\/li>\n<li data-start=\"586\" data-end=\"610\">\n<p data-start=\"588\" data-end=\"610\">F\u00f6rskolor och daghem<\/p>\n<\/li>\n<li data-start=\"611\" data-end=\"639\">\n<p data-start=\"613\" data-end=\"639\">Sjukhus och \u00e4ldreboenden<\/p>\n<\/li>\n<li data-start=\"640\" data-end=\"674\">\n<p data-start=\"642\" data-end=\"674\">Hotell, vandrarhem och Airbnbs<\/p>\n<\/li>\n<li data-start=\"675\" data-end=\"708\">\n<p data-start=\"677\" data-end=\"708\">Kommersiella kontorsbyggnader<\/p>\n<\/li>\n<li data-start=\"709\" data-end=\"740\">\n<p data-start=\"711\" data-end=\"740\">Lagerlokaler med entresolplan<\/p>\n<\/li>\n<\/ul>\n<p data-start=\"742\" data-end=\"877\">Varhelst m\u00e4nniskor sover, arbetar eller samlas ovan markniv\u00e5 erbjuder detta sk\u00e5p en l\u00e5gprofilerad men mycket effektiv s\u00e4kerhetsl\u00f6sning.<\/p>\n<h3 data-start=\"879\" data-end=\"952\">Varf\u00f6r anser vi att det \u00e4r b\u00e4ttre att k\u00f6pa en accessbox f\u00f6r n\u00f6dstege?<\/h3>\n<p data-start=\"954\" data-end=\"968\">Av flera sk\u00e4l!<\/p>\n<ol data-start=\"970\" data-end=\"1903\">\n<li data-start=\"970\" data-end=\"1275\">\n<p data-start=\"973\" data-end=\"1275\">Genom att f\u00e4sta boxen p\u00e5 v\u00e4ggen (under f\u00f6nstret eller p\u00e5 balkongen) med ankare kan du direkt f\u00e4sta stegen i f\u00f6rankrings\u00f6glorna, och vid en n\u00f6dsituation helt enkelt kasta ut stegen genom f\u00f6nstret och omedelbart b\u00f6rja kl\u00e4ttra ner utan att sl\u00f6sa dyrbara sekunder p\u00e5 att leta efter var du ska f\u00e4sta stegen.<\/p>\n<\/li>\n<li data-start=\"1277\" data-end=\"1508\">\n<p data-start=\"1280\" data-end=\"1508\">Du kan montera boxen b\u00e5de inomhus och utomhus. Utomhus \u00e4r f\u00f6rdelen att den inte tar upp plats i hemmet och inte f\u00f6rst\u00f6r rummets design, samtidigt som den \u00e4r l\u00e4ttillg\u00e4nglig om den monteras bredvid ett f\u00f6nster eller p\u00e5 en balkong.<\/p>\n<\/li>\n<li data-start=\"1510\" data-end=\"1713\">\n<p data-start=\"1513\" data-end=\"1713\">Det \u00e4r \u00e4ven praktiskt att ha den inne i huset, d\u00e5 den alltid finns n\u00e4ra till hands och denna viktiga livr\u00e4ddande utrustning \u00e4r synlig, s\u00e5 att du inte beh\u00f6ver sl\u00f6sa tid p\u00e5 att leta efter den vid brand.<\/p>\n<\/li>\n<li data-start=\"1715\" data-end=\"1903\">\n<p data-start=\"1718\" data-end=\"1903\">Vi anser ocks\u00e5 att det \u00e4r mycket s\u00e4krare att f\u00e4sta stegarna i kl\u00e4tterankarna inne i boxen, eftersom de t\u00e5l 25 KN, \u00e4n i n\u00e5got annat i hemmet, inklusive f\u00f6nsterkarmar eller balkongr\u00e4cken.<\/p>\n<\/li>\n<\/ol>\n<p data-start=\"44\" data-end=\"87\">Finns i annan storlek: <a href=\"https:\/\/isopllc.com\/se\/product\/universell-atkomstlada-for-brandslackare\/\">accessbox Universell.<\/a><\/p>\n<\/div>\n<\/div>\n<\/div>\n<\/div>\n<\/div>\n<\/div>\n<\/div>\n<\/div>\n<\/article>\n<\/div>\n<\/div>\n<\/div>\n<\/div>\n<\/div>\n<\/div>\n<\/article>\n<\/div>\n<\/div>\n<\/div>\n<\/div>\n","protected":false},"excerpt":{"rendered":"[embed]https:\/\/youtu.be\/Zlzwor9Bd0g?si=c-sJv70HvHPKhnpf[\/embed]\n<p style=\"text-align: center\" data-start=\"44\" data-end=\"243\">Aluminiumsk\u00e5p f\u00f6r brandstege | Universell accessbox f\u00f6r brandstege 3 v\u00e5ningar | F\u00f6r inomhus- och utomhusbruk | Monteringstillbeh\u00f6r ing\u00e5r | V\u00e4ggmonterad f\u00f6rvaring f\u00f6r brandstegar | 38 x 28 x 13 cm<\/p>\n<p style=\"text-align: center\" data-start=\"245\" data-end=\"276\">FRI LEVERANS INOM 3\u20137 DAGAR<\/p>\n<p style=\"text-align: center\" data-start=\"278\" data-end=\"292\"><strong>K\u00d6P DET P<\/strong><\/p>\n<p data-start=\"278\" data-end=\"292\">\u00a0 \u00a0 \u00a0 \u00a0 \u00a0 \u00a0 \u00a0 \u00a0 \u00a0 \u00a0 \u00a0 \u00a0 \u00a0 \u00a0 \u00a0 \u00a0 \u00a0 \u00a0 \u00a0 \u00a0 \u00a0 \u00a0 \u00a0 \u00a0 \u00a0 \u00a0 \u00a0 \u00a0 \u00a0 \u00a0 \u00a0 \u00a0 \u00a0 \u00a0 \u00a0 \u00a0 \u00a0 \u00a0 \u00a0 \u00a0 \u00a0 \u00a0 \u00a0 \u00a0 \u00a0 \u00a0 \u00a0 \u00a0 \u00a0 \u00a0 \u00a0 \u00a0 \u00a0 \u00a0 \u00a0 \u00a0 \u00a0 \u00a0 \u00a0 \u00a0 <a href=\"https:\/\/www.amazon.se\/Aluminium-Universal-Box-Mounting-Accessories\/dp\/B0DGQH5PZ2\/ref=sr_1_1?crid=15UQZVM55GNVZ&amp;dib=eyJ2IjoiMSJ9.Ce7cFwH7uEI8-ATISVLlsQ.ANJDo0KLjbNZN68EuxH7vTZR3EMvM_wuIGuEk_OFTUQ&amp;dib_tag=se&amp;keywords=Aluminium%2BFire%2BEscape%2BCabinet&amp;qid=1751450097&amp;sprefix=b0dgqh5pz2%2Caps%2C377&amp;sr=8-1&amp;th=1&amp;language=sv_SE\"><img loading=\"lazy\" decoding=\"async\" class=\"aligncenter wp-image-1040 size-full\" src=\"https:\/\/isopllc.com\/se\/wp-content\/uploads\/sites\/10\/2020\/01\/amazon-button9.png\" alt=\"\" width=\"160\" height=\"59\" \/><\/a><\/p>\n<p>&nbsp;<\/p>\n","protected":false},"featured_media":5287,"comment_status":"open","ping_status":"closed","template":"","meta":[],"product_brand":[],"product_cat":[189,187],"product_tag":[],"class_list":{"0":"post-5286","1":"product","2":"type-product","3":"status-publish","4":"has-post-thumbnail","6":"product_cat-forvaringslada-for-brandutgangsstegar","7":"product_cat-tillbehor-till-brandstegar","9":"first","10":"instock","11":"shipping-taxable","12":"purchasable","13":"product-type-simple"},"_links":{"self":[{"href":"https:\/\/isopllc.com\/se\/wp-json\/wp\/v2\/product\/5286","targetHints":{"allow":["GET"]}}],"collection":[{"href":"https:\/\/isopllc.com\/se\/wp-json\/wp\/v2\/product"}],"about":[{"href":"https:\/\/isopllc.com\/se\/wp-json\/wp\/v2\/types\/product"}],"replies":[{"embeddable":true,"href":"https:\/\/isopllc.com\/se\/wp-json\/wp\/v2\/comments?post=5286"}],"wp:featuredmedia":[{"embeddable":true,"href":"https:\/\/isopllc.com\/se\/wp-json\/wp\/v2\/media\/5287"}],"wp:attachment":[{"href":"https:\/\/isopllc.com\/se\/wp-json\/wp\/v2\/media?parent=5286"}],"wp:term":[{"taxonomy":"product_brand","embeddable":true,"href":"https:\/\/isopllc.com\/se\/wp-json\/wp\/v2\/product_brand?post=5286"},{"taxonomy":"product_cat","embeddable":true,"href":"https:\/\/isopllc.com\/se\/wp-json\/wp\/v2\/product_cat?post=5286"},{"taxonomy":"product_tag","embeddable":true,"href":"https:\/\/isopllc.com\/se\/wp-json\/wp\/v2\/product_tag?post=5286"}],"curies":[{"name":"wp","href":"https:\/\/api.w.org\/{rel}","templated":true}]}}