{"id":5343,"date":"2025-08-04T06:37:29","date_gmt":"2025-08-04T06:37:29","guid":{"rendered":"https:\/\/isopllc.com\/se\/?post_type=product&#038;p=5343"},"modified":"2025-11-16T16:26:14","modified_gmt":"2025-11-16T16:26:14","slug":"brandfiltsskydd-stor-storlek-2-pack-barriarskydd","status":"publish","type":"product","link":"https:\/\/isopllc.com\/se\/product\/brandfiltsskydd-stor-storlek-2-pack-barriarskydd\/","title":{"rendered":"Brandfiltsskydd Stor Storlek 2-Pack | Barri\u00e4rskydd"},"content":{"rendered":"<h2 data-start=\"0\" data-end=\"184\">Brandfiltsskydd Stor Storlek 2-Pack &#8211; Dammt\u00e4tt, Rept\u00e5ligt Barri\u00e4rskydd &#8211; Transparent H\u00f6lje F\u00f6r Brandsl\u00e4ckare &#8211; Vattent\u00e4tt, V\u00e4derbest\u00e4ndigt Skydd &#8211; F\u00f6r Brandsl\u00e4ckare Upp Till 20 LBS<\/h2>\n<p data-start=\"186\" data-end=\"402\">Skydda dina Brandfiltsskydd\u00a0 med detta 2-pack av stora transparenta skydd. Vattent\u00e4ta, dammt\u00e4ta och v\u00e4derbest\u00e4ndiga, dessa brandsl\u00e4ckarskydd passar brandsl\u00e4ckare upp till 20 lbs och ger l\u00e5ngvarigt och p\u00e5litligt skydd.<\/p>\n<ul>\n<li data-start=\"404\" data-end=\"667\">Kraftigt Skydd: Tillverkade av tjockt, slitstarkt och vattent\u00e4tt PVC \u00e4r dessa brandsl\u00e4ckarskydd byggda f\u00f6r att t\u00e5la tuffa f\u00f6rh\u00e5llanden. Oavsett om de anv\u00e4nds i industriella, kommersiella eller bostadsmilj\u00f6er ger de l\u00e5ngvarig h\u00e5llbarhet och tillf\u00f6rlitligt skydd.<\/li>\n<li data-start=\"404\" data-end=\"667\">H\u00f6g Synlighet: Designade i en klar n\u00f6dr\u00f6d f\u00e4rg med reflekterande s\u00e4kerhetsremsa, svart tryck och svart kant f\u00f6r maximal synlighet vid n\u00f6dsituationer eller str\u00f6mavbrott.<\/li>\n<li data-start=\"404\" data-end=\"667\">Universell Passform &amp; Storlek: Finns i b\u00e5de sm\u00e5 och stora storlekar f\u00f6r att passa olika brandsl\u00e4ckarmodeller. Denna version \u00e4r avsedd f\u00f6r brandsl\u00e4ckare mellan 1 och 2 kg (upp till 5 lbs), vilket g\u00f6r den idealisk f\u00f6r hem, kontor eller fordon.<\/li>\n<li data-start=\"404\" data-end=\"667\">Tydligt Inspektionsf\u00f6nster: Utrustat med ett stort, transparent f\u00f6nster som g\u00f6r det enkelt och snabbt att visuellt kontrollera tryckm\u00e4taren och brandsl\u00e4ckartypen \u2013 vilket s\u00e4kerst\u00e4ller att din utrustning f\u00f6rblir godk\u00e4nd, synlig och alltid inspektionsklar utan att beh\u00f6va ta bort skyddet.<\/li>\n<\/ul>\n<p><img loading=\"lazy\" decoding=\"async\" class=\"alignnone size-medium wp-image-5344\" src=\"https:\/\/isopllc.com\/se\/wp-content\/uploads\/sites\/10\/2025\/08\/extinguisher-cover-emergency-300x291.jpg\" alt=\"brandsl\u00e4ckarskydd\" width=\"300\" height=\"291\" title=\"\" srcset=\"https:\/\/isopllc.com\/se\/wp-content\/uploads\/sites\/10\/2025\/08\/extinguisher-cover-emergency-300x291.jpg 300w, https:\/\/isopllc.com\/se\/wp-content\/uploads\/sites\/10\/2025\/08\/extinguisher-cover-emergency-416x403.jpg 416w, https:\/\/isopllc.com\/se\/wp-content\/uploads\/sites\/10\/2025\/08\/extinguisher-cover-emergency.jpg 679w\" sizes=\"auto, (max-width: 300px) 100vw, 300px\" \/><\/p>\n<h4>Enkel Installation<\/h4>\n<p data-start=\"122\" data-end=\"438\">Kardborrekn\u00e4ppning (Velcro) m\u00f6jligg\u00f6r s\u00e4ker och verktygsfri montering. Skyddsh\u00f6ljet \u00e4r l\u00e4tt och hopf\u00e4llbart, vilket g\u00f6r det enkelt att f\u00f6rvara eller b\u00e4ra vid resor. Perfekt f\u00f6r anv\u00e4ndning p\u00e5 kontor, lager, fabriker, fordon, offentliga byggnader och i hemberedskapskit, och erbjuder p\u00e5litligt skydd i olika milj\u00f6er.<\/p>\n<p data-start=\"440\" data-end=\"474\"><img loading=\"lazy\" decoding=\"async\" class=\"alignnone size-medium wp-image-5347\" src=\"https:\/\/isopllc.com\/se\/wp-content\/uploads\/sites\/10\/2025\/08\/Fire-extinguisher-cover-1-300x300.jpg\" alt=\"brandsl\u00e4ckarh\u00f6lje\" width=\"300\" height=\"300\" title=\"\" srcset=\"https:\/\/isopllc.com\/se\/wp-content\/uploads\/sites\/10\/2025\/08\/Fire-extinguisher-cover-1-300x300.jpg 300w, https:\/\/isopllc.com\/se\/wp-content\/uploads\/sites\/10\/2025\/08\/Fire-extinguisher-cover-1-1024x1024.jpg 1024w, https:\/\/isopllc.com\/se\/wp-content\/uploads\/sites\/10\/2025\/08\/Fire-extinguisher-cover-1-150x150.jpg 150w, https:\/\/isopllc.com\/se\/wp-content\/uploads\/sites\/10\/2025\/08\/Fire-extinguisher-cover-1-768x768.jpg 768w, https:\/\/isopllc.com\/se\/wp-content\/uploads\/sites\/10\/2025\/08\/Fire-extinguisher-cover-1-1000x1000.jpg 1000w, https:\/\/isopllc.com\/se\/wp-content\/uploads\/sites\/10\/2025\/08\/Fire-extinguisher-cover-1-416x416.jpg 416w, https:\/\/isopllc.com\/se\/wp-content\/uploads\/sites\/10\/2025\/08\/Fire-extinguisher-cover-1-100x100.jpg 100w, https:\/\/isopllc.com\/se\/wp-content\/uploads\/sites\/10\/2025\/08\/Fire-extinguisher-cover-1.jpg 1500w\" sizes=\"auto, (max-width: 300px) 100vw, 300px\" \/><\/p>\n<h4 data-start=\"440\" data-end=\"474\">Kundfavorit &amp; Topprankat Val<\/h4>\n<p data-start=\"476\" data-end=\"813\">Ber\u00f6md av anv\u00e4ndare f\u00f6r sin exceptionella kvalitet, anv\u00e4ndarv\u00e4nlighet och l\u00e5ngvariga h\u00e5llbarhet, har detta brandsl\u00e4ckarskydd blivit ett f\u00f6rstahandsval f\u00f6r b\u00e5de yrkesverksamma och vardagsanv\u00e4ndare. Det \u00e4r en idealisk l\u00f6sning f\u00f6r grossistk\u00f6pare, f\u00f6rstainsatspersonal, s\u00e4kerhetsexperter och alla som beh\u00f6ver p\u00e5litligt n\u00f6dsituation\u00adsskydd.<\/p>\n<p data-start=\"815\" data-end=\"1047\">Oavsett om du letar efter det b\u00e4sta brandsl\u00e4ckarskyddet n\u00e4ra dig, ett kostnadseffektivt men robust skydd, eller ett p\u00e5litligt vattent\u00e4tt h\u00f6lje f\u00f6r n\u00f6dsituationer, levererar detta slitstarka skydd konsekvent prestanda och sinnesro.<\/p>\n<p data-start=\"815\" data-end=\"1047\"><img loading=\"lazy\" decoding=\"async\" class=\"alignnone size-medium wp-image-5346\" src=\"https:\/\/isopllc.com\/se\/wp-content\/uploads\/sites\/10\/2025\/08\/Extinguisher-hold-300x245.jpg\" alt=\"skydd f\u00f6r brandsl\u00e4ckare\" width=\"300\" height=\"245\" title=\"\" srcset=\"https:\/\/isopllc.com\/se\/wp-content\/uploads\/sites\/10\/2025\/08\/Extinguisher-hold-300x245.jpg 300w, https:\/\/isopllc.com\/se\/wp-content\/uploads\/sites\/10\/2025\/08\/Extinguisher-hold-1024x836.jpg 1024w, https:\/\/isopllc.com\/se\/wp-content\/uploads\/sites\/10\/2025\/08\/Extinguisher-hold-768x627.jpg 768w, https:\/\/isopllc.com\/se\/wp-content\/uploads\/sites\/10\/2025\/08\/Extinguisher-hold-1000x816.jpg 1000w, https:\/\/isopllc.com\/se\/wp-content\/uploads\/sites\/10\/2025\/08\/Extinguisher-hold-416x339.jpg 416w, https:\/\/isopllc.com\/se\/wp-content\/uploads\/sites\/10\/2025\/08\/Extinguisher-hold.jpg 1500w\" sizes=\"auto, (max-width: 300px) 100vw, 300px\" \/><\/p>\n<p data-start=\"132\" data-end=\"518\">Se till att dina brandsl\u00e4ckare alltid \u00e4r redo och v\u00e4l skyddade med detta set om 6 robusta brandsl\u00e4ckarskydd. Designade f\u00f6r att passa brandsl\u00e4ckare upp till 9 kg, ger dessa skydd p\u00e5litligt skydd mot damm, smuts, repor, UV-str\u00e5lar och fukt \u2013 b\u00e5de inomhus och utomhus. Perfekt f\u00f6r kommersiella, industriella och privata milj\u00f6er, de erbjuder b\u00e5de praktisk anv\u00e4ndning och visuellt tilltal.<\/p>\n<p data-start=\"520\" data-end=\"1048\">Varje skydd \u00e4r tillverkat av tjockt, slitstarkt och vattent\u00e4tt PVC-material som t\u00e5l tuffa f\u00f6rh\u00e5llanden. Byggda f\u00f6r l\u00e5ng livsl\u00e4ngd \u00e4r de l\u00e4mpliga f\u00f6r omr\u00e5den med h\u00f6g trafik som fabriker, lagerlokaler, offentliga byggnader, garage eller byggarbetsplatser, liksom f\u00f6r s\u00e4kerhetsutrustning i hemmet. Den klarr\u00f6da f\u00e4rgen med reflekterande s\u00e4kerhetsremsa och svart tryck g\u00f6r brandsl\u00e4ckarna l\u00e4tta att se vid n\u00f6dsituationer. Den tydliga designen \u00f6kar synligheten och hj\u00e4lper till att snabbt lokalisera brandsl\u00e4ckaren \u00e4ven i svagt ljus.<\/p>\n<p data-start=\"1050\" data-end=\"1344\" data-is-last-node=\"\" data-is-only-node=\"\"><img loading=\"lazy\" decoding=\"async\" class=\"alignnone size-medium wp-image-5353\" src=\"https:\/\/isopllc.com\/se\/wp-content\/uploads\/sites\/10\/2025\/08\/Fire-extinguisher-300x275.jpg\" alt=\"brands\u00e4kerhetsskydd\" width=\"300\" height=\"275\" title=\"\" srcset=\"https:\/\/isopllc.com\/se\/wp-content\/uploads\/sites\/10\/2025\/08\/Fire-extinguisher-300x275.jpg 300w, https:\/\/isopllc.com\/se\/wp-content\/uploads\/sites\/10\/2025\/08\/Fire-extinguisher-1024x937.jpg 1024w, https:\/\/isopllc.com\/se\/wp-content\/uploads\/sites\/10\/2025\/08\/Fire-extinguisher-768x703.jpg 768w, https:\/\/isopllc.com\/se\/wp-content\/uploads\/sites\/10\/2025\/08\/Fire-extinguisher-1000x915.jpg 1000w, https:\/\/isopllc.com\/se\/wp-content\/uploads\/sites\/10\/2025\/08\/Fire-extinguisher-416x381.jpg 416w, https:\/\/isopllc.com\/se\/wp-content\/uploads\/sites\/10\/2025\/08\/Fire-extinguisher.jpg 1500w\" sizes=\"auto, (max-width: 300px) 100vw, 300px\" \/><\/p>\n<p data-start=\"1050\" data-end=\"1513\">Ett stort transparent f\u00f6nster framtill g\u00f6r det enkelt att visuellt kontrollera manometern och brandsl\u00e4ckartypen \u2013 s\u00e5 att du alltid \u00e4r f\u00f6rberedd och f\u00f6ljer g\u00e4llande krav utan att beh\u00f6va ta bort skyddet. Denna version \u00e4r f\u00f6r sm\u00e5 brandsl\u00e4ckare och passar upp till 2,3 kg. Kardborref\u00e4stet ger en s\u00e4ker passform och g\u00f6r det enkelt att snabbt ta bort skyddet vid n\u00f6dsituationer. L\u00e4ttviktigt och hopf\u00e4llbart, enkelt att f\u00f6rvara eller transportera n\u00e4r det inte anv\u00e4nds.<\/p>\n<p data-start=\"1515\" data-end=\"1888\">Perfekt f\u00f6r anv\u00e4ndning i hem, kontor, skolor, hotell, fordon och offentliga utrymmen. Dessa skydd ger trygghet genom att h\u00e5lla utrustningen skyddad och synlig. Detta h\u00f6gkvalitativa brandsl\u00e4ckarskydd \u00e4r ett f\u00f6redraget val f\u00f6r s\u00e4kerhetsproffs, r\u00e4ddningspersonal och f\u00f6retag. H\u00e5llbart, v\u00e4dert\u00e5ligt och enkelt att anv\u00e4nda \u2013 en praktisk investering i s\u00e4kerhet och efterlevnad.<\/p>\n<p data-start=\"122\" data-end=\"438\">\n","protected":false},"excerpt":{"rendered":"[embed]https:\/\/www.youtube.com\/watch?v=CPDSmMW-vhw[\/embed]\n<p data-start=\"186\" data-end=\"402\">Skydda dina Brandfiltsskydd\u00a0 med detta 2-pack av stora transparenta skydd. Vattent\u00e4ta, dammt\u00e4ta och v\u00e4derbest\u00e4ndiga, dessa brandsl\u00e4ckarskydd passar brandsl\u00e4ckare upp till 20 lbs och ger l\u00e5ngvarigt och p\u00e5litligt skydd.<\/p>\n<ul>\n<li data-start=\"404\" data-end=\"667\">Kraftigt Skydd: Tillverkade av tjockt, slitstarkt och vattent\u00e4tt PVC \u00e4r dessa brandsl\u00e4ckarskydd byggda f\u00f6r att t\u00e5la tuffa f\u00f6rh\u00e5llanden. Oavsett om de anv\u00e4nds i industriella, kommersiella eller bostadsmilj\u00f6er ger de l\u00e5ngvarig h\u00e5llbarhet och tillf\u00f6rlitligt skydd.<\/li>\n<li data-start=\"404\" data-end=\"667\">H\u00f6g Synlighet: Designade i en klar n\u00f6dr\u00f6d f\u00e4rg med reflekterande s\u00e4kerhetsremsa, svart tryck och svart kant f\u00f6r maximal synlighet vid n\u00f6dsituationer eller str\u00f6mavbrott.<\/li>\n<li data-start=\"404\" data-end=\"667\">Universell Passform &amp; Storlek: Finns i b\u00e5de sm\u00e5 och stora storlekar f\u00f6r att passa olika brandsl\u00e4ckarmodeller. Denna version \u00e4r avsedd f\u00f6r brandsl\u00e4ckare mellan 1 och 2 kg (upp till 5 lbs), vilket g\u00f6r den idealisk f\u00f6r hem, kontor eller fordon.<\/li>\n<li data-start=\"404\" data-end=\"667\">Tydligt Inspektionsf\u00f6nster: Utrustat med ett stort, transparent f\u00f6nster som g\u00f6r det enkelt och snabbt att visuellt kontrollera tryckm\u00e4taren och brandsl\u00e4ckartypen \u2013 vilket s\u00e4kerst\u00e4ller att din utrustning f\u00f6rblir godk\u00e4nd, synlig och alltid inspektionsklar utan att beh\u00f6va ta bort skyddet.<\/li>\n<\/ul>\n","protected":false},"featured_media":5345,"comment_status":"open","ping_status":"closed","template":"","meta":[],"product_brand":[],"product_cat":[182],"product_tag":[],"class_list":{"0":"post-5343","1":"product","2":"type-product","3":"status-publish","4":"has-post-thumbnail","6":"product_cat-brandslackarhallare","8":"first","9":"instock","10":"shipping-taxable","11":"product-type-simple"},"_links":{"self":[{"href":"https:\/\/isopllc.com\/se\/wp-json\/wp\/v2\/product\/5343","targetHints":{"allow":["GET"]}}],"collection":[{"href":"https:\/\/isopllc.com\/se\/wp-json\/wp\/v2\/product"}],"about":[{"href":"https:\/\/isopllc.com\/se\/wp-json\/wp\/v2\/types\/product"}],"replies":[{"embeddable":true,"href":"https:\/\/isopllc.com\/se\/wp-json\/wp\/v2\/comments?post=5343"}],"wp:featuredmedia":[{"embeddable":true,"href":"https:\/\/isopllc.com\/se\/wp-json\/wp\/v2\/media\/5345"}],"wp:attachment":[{"href":"https:\/\/isopllc.com\/se\/wp-json\/wp\/v2\/media?parent=5343"}],"wp:term":[{"taxonomy":"product_brand","embeddable":true,"href":"https:\/\/isopllc.com\/se\/wp-json\/wp\/v2\/product_brand?post=5343"},{"taxonomy":"product_cat","embeddable":true,"href":"https:\/\/isopllc.com\/se\/wp-json\/wp\/v2\/product_cat?post=5343"},{"taxonomy":"product_tag","embeddable":true,"href":"https:\/\/isopllc.com\/se\/wp-json\/wp\/v2\/product_tag?post=5343"}],"curies":[{"name":"wp","href":"https:\/\/api.w.org\/{rel}","templated":true}]}}