{"id":5356,"date":"2025-08-04T21:35:52","date_gmt":"2025-08-04T21:35:52","guid":{"rendered":"https:\/\/isopllc.com\/se\/?post_type=product&#038;p=5356"},"modified":"2025-11-16T16:23:43","modified_gmt":"2025-11-16T16:23:43","slug":"brandslackaroverdrag-liten-storlek-6-pack-skyddsoverdrag","status":"publish","type":"product","link":"https:\/\/isopllc.com\/se\/product\/brandslackaroverdrag-liten-storlek-6-pack-skyddsoverdrag\/","title":{"rendered":"Brandsl\u00e4ckar\u00f6verdrag Liten Storlek 6-Pack | Skydds\u00f6verdrag"},"content":{"rendered":"<h2>Brandsl\u00e4ckar\u00f6verdrag Liten Storlek 6-Pack \u2013 Dammskydd och Repskydd \u2013 Transparent \u00d6verdrag f\u00f6r Brandsl\u00e4ckare \u2013 Vattent\u00e4tt och V\u00e4derbest\u00e4ndigt Skydds\u00f6verdrag \u2013 F\u00f6r Brandsl\u00e4ckare upp till 10 LBS<\/h2>\n<p data-start=\"186\" data-end=\"402\">Skydda dina Brandsl\u00e4ckar\u00f6verdrag med detta 2-pack av stora transparenta skydd. Vattent\u00e4ta, dammt\u00e4ta och v\u00e4derbest\u00e4ndiga, dessa brandsl\u00e4ckarskydd passar brandsl\u00e4ckare upp till 20 lbs och ger l\u00e5ngvarigt och p\u00e5litligt skydd.<\/p>\n<ul>\n<li data-start=\"404\" data-end=\"667\">Kraftigt Skydd: Tillverkade av tjockt, slitstarkt och vattent\u00e4tt PVC \u00e4r dessa brandsl\u00e4ckarskydd byggda f\u00f6r att t\u00e5la tuffa f\u00f6rh\u00e5llanden. Oavsett om de anv\u00e4nds i industriella, kommersiella eller bostadsmilj\u00f6er ger de l\u00e5ngvarig h\u00e5llbarhet och tillf\u00f6rlitligt skydd.<\/li>\n<li data-start=\"404\" data-end=\"667\">H\u00f6g Synlighet: Designade i en klar n\u00f6dr\u00f6d f\u00e4rg med reflekterande s\u00e4kerhetsremsa, svart tryck och svart kant f\u00f6r maximal synlighet vid n\u00f6dsituationer eller str\u00f6mavbrott.<\/li>\n<li data-start=\"404\" data-end=\"667\">Universell Passform &amp; Storlek: Finns i b\u00e5de sm\u00e5 och stora storlekar f\u00f6r att passa olika brandsl\u00e4ckarmodeller. Denna version \u00e4r avsedd f\u00f6r brandsl\u00e4ckare mellan 1 och 2 kg (upp till 5 lbs), vilket g\u00f6r den idealisk f\u00f6r hem, kontor eller fordon.<\/li>\n<li data-start=\"404\" data-end=\"667\">Tydligt Inspektionsf\u00f6nster: Utrustat med ett stort, transparent f\u00f6nster som g\u00f6r det enkelt och snabbt att visuellt kontrollera tryckm\u00e4taren och brandsl\u00e4ckartypen \u2013 vilket s\u00e4kerst\u00e4ller att din utrustning f\u00f6rblir godk\u00e4nd, synlig och alltid inspektionsklar utan att beh\u00f6va ta bort skyddet.<\/li>\n<\/ul>\n<p><img loading=\"lazy\" decoding=\"async\" class=\"alignnone size-medium wp-image-5344\" src=\"https:\/\/isopllc.com\/se\/wp-content\/uploads\/sites\/10\/2025\/08\/extinguisher-cover-emergency-300x291.jpg\" alt=\"brandsl\u00e4ckarskydd\" width=\"300\" height=\"291\" title=\"\" srcset=\"https:\/\/isopllc.com\/se\/wp-content\/uploads\/sites\/10\/2025\/08\/extinguisher-cover-emergency-300x291.jpg 300w, https:\/\/isopllc.com\/se\/wp-content\/uploads\/sites\/10\/2025\/08\/extinguisher-cover-emergency-416x403.jpg 416w, https:\/\/isopllc.com\/se\/wp-content\/uploads\/sites\/10\/2025\/08\/extinguisher-cover-emergency.jpg 679w\" sizes=\"auto, (max-width: 300px) 100vw, 300px\" \/><\/p>\n<h4>Enkel Installation<\/h4>\n<p data-start=\"122\" data-end=\"438\">Kardborrekn\u00e4ppning (Velcro) m\u00f6jligg\u00f6r s\u00e4ker och verktygsfri montering. Skyddsh\u00f6ljet \u00e4r l\u00e4tt och hopf\u00e4llbart, vilket g\u00f6r det enkelt att f\u00f6rvara eller b\u00e4ra vid resor. Perfekt f\u00f6r anv\u00e4ndning p\u00e5 kontor, lager, fabriker, fordon, offentliga byggnader och i hemberedskapskit, och erbjuder p\u00e5litligt skydd i olika milj\u00f6er.<\/p>\n<p data-start=\"440\" data-end=\"474\"><img loading=\"lazy\" decoding=\"async\" class=\"alignnone size-medium wp-image-5347\" src=\"https:\/\/isopllc.com\/se\/wp-content\/uploads\/sites\/10\/2025\/08\/Fire-extinguisher-cover-1-300x300.jpg\" alt=\"brandsl\u00e4ckarh\u00f6lje\" width=\"300\" height=\"300\" title=\"\" srcset=\"https:\/\/isopllc.com\/se\/wp-content\/uploads\/sites\/10\/2025\/08\/Fire-extinguisher-cover-1-300x300.jpg 300w, https:\/\/isopllc.com\/se\/wp-content\/uploads\/sites\/10\/2025\/08\/Fire-extinguisher-cover-1-1024x1024.jpg 1024w, https:\/\/isopllc.com\/se\/wp-content\/uploads\/sites\/10\/2025\/08\/Fire-extinguisher-cover-1-150x150.jpg 150w, https:\/\/isopllc.com\/se\/wp-content\/uploads\/sites\/10\/2025\/08\/Fire-extinguisher-cover-1-768x768.jpg 768w, https:\/\/isopllc.com\/se\/wp-content\/uploads\/sites\/10\/2025\/08\/Fire-extinguisher-cover-1-1000x1000.jpg 1000w, https:\/\/isopllc.com\/se\/wp-content\/uploads\/sites\/10\/2025\/08\/Fire-extinguisher-cover-1-416x416.jpg 416w, https:\/\/isopllc.com\/se\/wp-content\/uploads\/sites\/10\/2025\/08\/Fire-extinguisher-cover-1-100x100.jpg 100w, https:\/\/isopllc.com\/se\/wp-content\/uploads\/sites\/10\/2025\/08\/Fire-extinguisher-cover-1.jpg 1500w\" sizes=\"auto, (max-width: 300px) 100vw, 300px\" \/><\/p>\n<h4 data-start=\"440\" data-end=\"474\">Kundfavorit &amp; Topprankat Val<\/h4>\n<p data-start=\"476\" data-end=\"813\">Ber\u00f6md av anv\u00e4ndare f\u00f6r sin exceptionella kvalitet, anv\u00e4ndarv\u00e4nlighet och l\u00e5ngvariga h\u00e5llbarhet, har detta brandsl\u00e4ckarskydd blivit ett f\u00f6rstahandsval f\u00f6r b\u00e5de yrkesverksamma och vardagsanv\u00e4ndare. Det \u00e4r en idealisk l\u00f6sning f\u00f6r grossistk\u00f6pare, f\u00f6rstainsatspersonal, s\u00e4kerhetsexperter och alla som beh\u00f6ver p\u00e5litligt n\u00f6dsituation\u00adsskydd.<\/p>\n<p data-start=\"815\" data-end=\"1047\">Oavsett om du letar efter det b\u00e4sta brandsl\u00e4ckarskyddet n\u00e4ra dig, ett kostnadseffektivt men robust skydd, eller ett p\u00e5litligt vattent\u00e4tt h\u00f6lje f\u00f6r n\u00f6dsituationer, levererar detta slitstarka skydd konsekvent prestanda och sinnesro.<\/p>\n<p data-start=\"815\" data-end=\"1047\"><img loading=\"lazy\" decoding=\"async\" class=\"alignnone size-medium wp-image-5346\" src=\"https:\/\/isopllc.com\/se\/wp-content\/uploads\/sites\/10\/2025\/08\/Extinguisher-hold-300x245.jpg\" alt=\"skydd f\u00f6r brandsl\u00e4ckare\" width=\"300\" height=\"245\" title=\"\" srcset=\"https:\/\/isopllc.com\/se\/wp-content\/uploads\/sites\/10\/2025\/08\/Extinguisher-hold-300x245.jpg 300w, https:\/\/isopllc.com\/se\/wp-content\/uploads\/sites\/10\/2025\/08\/Extinguisher-hold-1024x836.jpg 1024w, https:\/\/isopllc.com\/se\/wp-content\/uploads\/sites\/10\/2025\/08\/Extinguisher-hold-768x627.jpg 768w, https:\/\/isopllc.com\/se\/wp-content\/uploads\/sites\/10\/2025\/08\/Extinguisher-hold-1000x816.jpg 1000w, https:\/\/isopllc.com\/se\/wp-content\/uploads\/sites\/10\/2025\/08\/Extinguisher-hold-416x339.jpg 416w, https:\/\/isopllc.com\/se\/wp-content\/uploads\/sites\/10\/2025\/08\/Extinguisher-hold.jpg 1500w\" sizes=\"auto, (max-width: 300px) 100vw, 300px\" \/><\/p>\n<p data-start=\"0\" data-end=\"381\">Se till att dina brandsl\u00e4ckare alltid \u00e4r redo och v\u00e4l skyddade med detta set om 6 robusta brandsl\u00e4ckar\u00f6verdrag. De \u00e4r utformade f\u00f6r att passa sl\u00e4ckare upp till 10 lbs (1\u20132 kg) och ger p\u00e5litligt skydd mot damm, smuts, repor, UV-str\u00e5lning och fukt \u2013 b\u00e5de inomhus och utomhus. Perfekta f\u00f6r kommersiella, industriella och privata milj\u00f6er, med b\u00e5de praktisk funktion och snygg design.<\/p>\n<p data-start=\"383\" data-end=\"919\">Varje \u00f6verdrag \u00e4r tillverkat av tjockt, slitstarkt och vattent\u00e4tt PVC som klarar tuffa f\u00f6rh\u00e5llanden. De \u00e4r byggda f\u00f6r l\u00e5ng livsl\u00e4ngd och l\u00e4mpar sig f\u00f6r platser med h\u00f6g trafik som fabriker, lager, offentliga byggnader, garage och byggarbetsplatser, liksom f\u00f6r hemmets s\u00e4kerhetsutrustning. Den klarr\u00f6da f\u00e4rgen med reflekterande s\u00e4kerhetsremsa och svart tryck g\u00f6r brandsl\u00e4ckarna l\u00e4tta att uppt\u00e4cka vid n\u00f6dsituationer. Den i\u00f6gonfallande designen \u00f6kar synligheten och g\u00f6r det enkelt att lokalisera sl\u00e4ckaren \u00e4ven i d\u00e5liga ljusf\u00f6rh\u00e5llanden.<\/p>\n<p data-start=\"921\" data-end=\"1398\"><img loading=\"lazy\" decoding=\"async\" class=\"alignnone size-medium wp-image-5349\" src=\"https:\/\/isopllc.com\/se\/wp-content\/uploads\/sites\/10\/2025\/08\/Fire-extinguisher-cover-large-300x281.jpg\" alt=\"\" width=\"300\" height=\"281\" title=\"\" srcset=\"https:\/\/isopllc.com\/se\/wp-content\/uploads\/sites\/10\/2025\/08\/Fire-extinguisher-cover-large-300x281.jpg 300w, https:\/\/isopllc.com\/se\/wp-content\/uploads\/sites\/10\/2025\/08\/Fire-extinguisher-cover-large-416x390.jpg 416w, https:\/\/isopllc.com\/se\/wp-content\/uploads\/sites\/10\/2025\/08\/Fire-extinguisher-cover-large.jpg 679w\" sizes=\"auto, (max-width: 300px) 100vw, 300px\" \/><\/p>\n<p data-start=\"921\" data-end=\"1398\">Ett stort transparent f\u00f6nster p\u00e5 framsidan g\u00f6r det snabbt och enkelt att visuellt kontrollera tryckm\u00e4taren och sl\u00e4ckartypen utan att ta bort \u00f6verdraget \u2013 s\u00e5 att du alltid \u00e4r redo och uppfyller s\u00e4kerhetskraven. Denna variant \u00e4r i liten storlek, anpassad f\u00f6r brandsl\u00e4ckare upp till 5 lbs. Ett kardborreband (hook-and-loop) ger en s\u00e4ker passform och m\u00f6jligg\u00f6r snabb borttagning vid en n\u00f6dsituation. L\u00e4tta och hopf\u00e4llbara \u00f6verdrag som \u00e4r enkla att f\u00f6rvara eller ta med vid behov.<\/p>\n<p data-start=\"1400\" data-end=\"1768\" data-is-last-node=\"\" data-is-only-node=\"\">Perfekta f\u00f6r hem, kontor, skolor, hotell, fordon och offentliga milj\u00f6er. Dessa \u00f6verdrag ger trygghet genom att h\u00e5lla utrustningen skyddad och synlig. Dessa h\u00f6gkvalitativa brandsl\u00e4ckar\u00f6verdrag \u00e4r ett f\u00f6rstahandsval f\u00f6r s\u00e4kerhetsexperter, r\u00e4ddningspersonal och f\u00f6retag. H\u00e5llbara, v\u00e4derbest\u00e4ndiga och enkla att anv\u00e4nda \u2013 en smart investering i s\u00e4kerhet och efterlevnad.<\/p>\n","protected":false},"excerpt":{"rendered":"[embed]https:\/\/www.youtube.com\/watch?v=CPDSmMW-vhw[\/embed]\n<p data-start=\"186\" data-end=\"402\">Skydda dina Brandsl\u00e4ckar\u00f6verdrag med detta 2-pack av stora transparenta skydd. Vattent\u00e4ta, dammt\u00e4ta och v\u00e4derbest\u00e4ndiga, dessa brandsl\u00e4ckarskydd passar brandsl\u00e4ckare upp till 20 lbs och ger l\u00e5ngvarigt och p\u00e5litligt skydd.<\/p>\n<ul>\n<li data-start=\"404\" data-end=\"667\">Kraftigt Skydd: Tillverkade av tjockt, slitstarkt och vattent\u00e4tt PVC \u00e4r dessa brandsl\u00e4ckarskydd byggda f\u00f6r att t\u00e5la tuffa f\u00f6rh\u00e5llanden. Oavsett om de anv\u00e4nds i industriella, kommersiella eller bostadsmilj\u00f6er ger de l\u00e5ngvarig h\u00e5llbarhet och tillf\u00f6rlitligt skydd.<\/li>\n<li data-start=\"404\" data-end=\"667\">H\u00f6g Synlighet: Designade i en klar n\u00f6dr\u00f6d f\u00e4rg med reflekterande s\u00e4kerhetsremsa, svart tryck och svart kant f\u00f6r maximal synlighet vid n\u00f6dsituationer eller str\u00f6mavbrott.<\/li>\n<li data-start=\"404\" data-end=\"667\">Universell Passform &amp; Storlek: Finns i b\u00e5de sm\u00e5 och stora storlekar f\u00f6r att passa olika brandsl\u00e4ckarmodeller. Denna version \u00e4r avsedd f\u00f6r brandsl\u00e4ckare mellan 1 och 2 kg (upp till 5 lbs), vilket g\u00f6r den idealisk f\u00f6r hem, kontor eller fordon.<\/li>\n<li data-start=\"404\" data-end=\"667\">Tydligt Inspektionsf\u00f6nster: Utrustat med ett stort, transparent f\u00f6nster som g\u00f6r det enkelt och snabbt att visuellt kontrollera tryckm\u00e4taren och brandsl\u00e4ckartypen \u2013 vilket s\u00e4kerst\u00e4ller att din utrustning f\u00f6rblir godk\u00e4nd, synlig och alltid inspektionsklar utan att beh\u00f6va ta bort skyddet.<\/li>\n<\/ul>\n","protected":false},"featured_media":5349,"comment_status":"open","ping_status":"closed","template":"","meta":[],"product_brand":[],"product_cat":[182],"product_tag":[],"class_list":{"0":"post-5356","1":"product","2":"type-product","3":"status-publish","4":"has-post-thumbnail","6":"product_cat-brandslackarhallare","8":"first","9":"instock","10":"shipping-taxable","11":"product-type-simple"},"_links":{"self":[{"href":"https:\/\/isopllc.com\/se\/wp-json\/wp\/v2\/product\/5356","targetHints":{"allow":["GET"]}}],"collection":[{"href":"https:\/\/isopllc.com\/se\/wp-json\/wp\/v2\/product"}],"about":[{"href":"https:\/\/isopllc.com\/se\/wp-json\/wp\/v2\/types\/product"}],"replies":[{"embeddable":true,"href":"https:\/\/isopllc.com\/se\/wp-json\/wp\/v2\/comments?post=5356"}],"wp:featuredmedia":[{"embeddable":true,"href":"https:\/\/isopllc.com\/se\/wp-json\/wp\/v2\/media\/5349"}],"wp:attachment":[{"href":"https:\/\/isopllc.com\/se\/wp-json\/wp\/v2\/media?parent=5356"}],"wp:term":[{"taxonomy":"product_brand","embeddable":true,"href":"https:\/\/isopllc.com\/se\/wp-json\/wp\/v2\/product_brand?post=5356"},{"taxonomy":"product_cat","embeddable":true,"href":"https:\/\/isopllc.com\/se\/wp-json\/wp\/v2\/product_cat?post=5356"},{"taxonomy":"product_tag","embeddable":true,"href":"https:\/\/isopllc.com\/se\/wp-json\/wp\/v2\/product_tag?post=5356"}],"curies":[{"name":"wp","href":"https:\/\/api.w.org\/{rel}","templated":true}]}}