{"id":5298,"date":"2025-05-21T11:54:03","date_gmt":"2025-05-21T11:54:03","guid":{"rendered":"https:\/\/isopllc.com\/tr\/?page_id=5298"},"modified":"2025-05-21T11:54:04","modified_gmt":"2025-05-21T11:54:04","slug":"toptan-satis","status":"publish","type":"page","link":"https:\/\/isopllc.com\/tr\/toptan-satis\/","title":{"rendered":"Toptan Sat\u0131\u015f"},"content":{"rendered":"\n<p>Tek bir \u00fcr\u00fcnden 20 adetten fazla sat\u0131n almakla ilgileniyorsan\u0131z, toptan sat\u0131\u015f teklifinden faydalanabilirsiniz.<\/p>\n\n\n\n<p>L\u00fctfen sipari\u015finizle birlikte bizimle ileti\u015fime ge\u00e7in, size \u00f6zel bir teklif sunal\u0131m.<\/p>\n\n\n\n<p>Bize <a href=\"mailto:isopllc@gmail.com\">e-posta<\/a> g\u00f6nderin veya a\u015fa\u011f\u0131ya bir mesaj b\u0131rak\u0131n:<\/p>\n\n\n<div class=\"wpforms-container wpforms-container-full wpforms-block wpforms-block-a76995dd-bbc2-4d34-bc21-46d07ceadcf3\" id=\"wpforms-4576\"><form id=\"wpforms-form-4576\" class=\"wpforms-validate wpforms-form\" data-formid=\"4576\" method=\"post\" enctype=\"multipart\/form-data\" action=\"\/tr\/wp-json\/wp\/v2\/pages\/5298\" data-token=\"d85999443ce1804cdc43bab76c1161be\" data-token-time=\"1776609780\"><noscript class=\"wpforms-error-noscript\">Bu formu bitirebilmek i\u00e7in taray\u0131c\u0131n\u0131zda JavaScript&#039;i etkinle\u015ftirin.<\/noscript><div class=\"wpforms-field-container\"><div id=\"wpforms-4576-field_0-container\" class=\"wpforms-field wpforms-field-name\" data-field-id=\"0\"><label class=\"wpforms-field-label\" for=\"wpforms-4576-field_0\">\u0130sim <span class=\"wpforms-required-label\">*<\/span><\/label><input type=\"text\" id=\"wpforms-4576-field_0\" class=\"wpforms-field-medium wpforms-field-required\" name=\"wpforms[fields][0]\" required><\/div><div id=\"wpforms-4576-field_1-container\" class=\"wpforms-field wpforms-field-email\" data-field-id=\"1\"><label class=\"wpforms-field-label\" for=\"wpforms-4576-field_1\">Email <span class=\"wpforms-required-label\">*<\/span><\/label><input type=\"email\" id=\"wpforms-4576-field_1\" class=\"wpforms-field-medium wpforms-field-required\" name=\"wpforms[fields][1]\" spellcheck=\"false\" required><\/div><div id=\"wpforms-4576-field_2-container\" class=\"wpforms-field wpforms-field-textarea\" data-field-id=\"2\"><label class=\"wpforms-field-label\" for=\"wpforms-4576-field_2\">Yorum veya Mesaj <span class=\"wpforms-required-label\">*<\/span><\/label><textarea id=\"wpforms-4576-field_2\" class=\"wpforms-field-medium wpforms-field-required\" name=\"wpforms[fields][2]\" required><\/textarea><\/div><\/div><!-- .wpforms-field-container --><div class=\"wpforms-recaptcha-container wpforms-is-recaptcha wpforms-is-recaptcha-type-invisible\" ><div class=\"g-recaptcha\" data-sitekey=\"6LcfxDYqAAAAAOl_SmnVi9ioJKmVBOPMdWHhhWBq\" data-size=\"invisible\"><\/div><\/div><div class=\"wpforms-submit-container\" ><input type=\"hidden\" name=\"wpforms[id]\" value=\"4576\"><input type=\"hidden\" name=\"page_title\" value=\"\"><input type=\"hidden\" name=\"page_url\" value=\"https:\/\/isopllc.com\/tr\/wp-json\/wp\/v2\/pages\/5298\"><input type=\"hidden\" name=\"url_referer\" value=\"\"><button type=\"submit\" name=\"wpforms[submit]\" id=\"wpforms-submit-4576\" class=\"wpforms-submit\" data-alt-text=\"g\u00f6nderiliyor...\" data-submit-text=\"G\u00f6ndermek\" aria-live=\"assertive\" value=\"wpforms-submit\">G\u00f6ndermek<\/button><\/div><\/form><\/div>  <!-- .wpforms-container -->","protected":false},"excerpt":{"rendered":"<p>Tek bir \u00fcr\u00fcnden 20 adetten fazla sat\u0131n almakla ilgileniyorsan\u0131z, toptan sat\u0131\u015f teklifinden faydalanabilirsiniz. L\u00fctfen sipari\u015finizle birlikte bizimle ileti\u015fime ge\u00e7in, size \u00f6zel bir teklif sunal\u0131m. Bize e-posta g\u00f6nderin veya a\u015fa\u011f\u0131ya bir mesaj b\u0131rak\u0131n:<\/p>\n","protected":false},"author":2,"featured_media":0,"parent":0,"menu_order":0,"comment_status":"closed","ping_status":"closed","template":"","meta":{"footnotes":""},"class_list":["post-5298","page","type-page","status-publish","hentry"],"_links":{"self":[{"href":"https:\/\/isopllc.com\/tr\/wp-json\/wp\/v2\/pages\/5298","targetHints":{"allow":["GET"]}}],"collection":[{"href":"https:\/\/isopllc.com\/tr\/wp-json\/wp\/v2\/pages"}],"about":[{"href":"https:\/\/isopllc.com\/tr\/wp-json\/wp\/v2\/types\/page"}],"author":[{"embeddable":true,"href":"https:\/\/isopllc.com\/tr\/wp-json\/wp\/v2\/users\/2"}],"replies":[{"embeddable":true,"href":"https:\/\/isopllc.com\/tr\/wp-json\/wp\/v2\/comments?post=5298"}],"version-history":[{"count":0,"href":"https:\/\/isopllc.com\/tr\/wp-json\/wp\/v2\/pages\/5298\/revisions"}],"wp:attachment":[{"href":"https:\/\/isopllc.com\/tr\/wp-json\/wp\/v2\/media?parent=5298"}],"curies":[{"name":"wp","href":"https:\/\/api.w.org\/{rel}","templated":true}]}}