{"id":1049,"date":"2020-01-20T08:00:58","date_gmt":"2020-01-20T08:00:58","guid":{"rendered":"https:\/\/rightfoodonly.com\/?post_type=product&#038;p=1049"},"modified":"2025-07-01T06:53:03","modified_gmt":"2025-07-01T06:53:03","slug":"yangin-merdiveni-2-kademeli-5-m","status":"publish","type":"product","link":"https:\/\/isopllc.com\/tr\/product\/yangin-merdiveni-2-kademeli-5-m\/","title":{"rendered":"Yang\u0131n Merdiveni 2 Kademeli 5.1 m"},"content":{"rendered":"<p><img loading=\"lazy\" decoding=\"async\" src=\"https:\/\/m.media-amazon.com\/images\/S\/aplus-media\/sc\/21a3f03b-829f-4554-b494-34215adbd6c9.__CR0,724,2000,619_PT0_SX970_V1___.jpg\" alt=\"\" width=\"970\" height=\"300\" \/><\/p>\n<h2 id=\"title\" class=\"a-size-large a-spacing-none\" style=\"text-align: center;\"><span id=\"productTitle\" class=\"a-size-large product-title-word-break\">Yang\u0131n Merdiveni 2 Kademeli 5.1 m | Ge\u00e7meli Kancal\u0131 G\u00fcvenlik Merdivenleri Balkon Kurtarma Merdiveni | Alev Geciktiriciler | 900 kg&#8217;a Kadar Y\u00fck Kapasitesi<\/span><\/h2>\n<div class=\"celwidget aplus-module module-9\" style=\"text-align: center;\" data-csa-c-id=\"8qdekw-f2p4k0-r9icce-qoj6p0\" data-cel-widget=\"aplus-module-9\">\n<div class=\"a-expander-collapsed-height a-row a-expander-container a-expander-partial-collapse-container\" data-a-expander-name=\"aplus-module-expander\" data-a-expander-collapsed-height=\"700\">\n<div class=\"a-expander-content a-expander-partial-collapse-content\">\n<div class=\"aplus-module-wrapper\">\n<div class=\"apm-spacing apm-fixed-width\">\n<div class=\"celwidget aplus-module module-9\" style=\"text-align: center;\" data-csa-c-id=\"8qdekw-f2p4k0-r9icce-qoj6p0\" data-cel-widget=\"aplus-module-9\">\n<div class=\"a-expander-collapsed-height a-row a-expander-container a-expander-partial-collapse-container\" data-a-expander-name=\"aplus-module-expander\" data-a-expander-collapsed-height=\"700\">\n<div class=\"a-expander-content a-expander-partial-collapse-content\">\n<div class=\"aplus-module-wrapper\">\n<div class=\"apm-spacing apm-fixed-width\">\n<h3 class=\"a-spacing-small\">Neden bizi se\u00e7melisiniz?<\/h3>\n<p><img loading=\"lazy\" decoding=\"async\" class=\" wp-image-4678 aligncenter\" src=\"https:\/\/isopllc.com\/tr\/wp-content\/uploads\/sites\/12\/2022\/11\/reflective-rope-ladders-225x300.jpg\" alt=\"\" width=\"288\" height=\"384\" srcset=\"https:\/\/isopllc.com\/tr\/wp-content\/uploads\/sites\/12\/2022\/11\/reflective-rope-ladders-225x300.jpg 225w, https:\/\/isopllc.com\/tr\/wp-content\/uploads\/sites\/12\/2022\/11\/reflective-rope-ladders-768x1024.jpg 768w, https:\/\/isopllc.com\/tr\/wp-content\/uploads\/sites\/12\/2022\/11\/reflective-rope-ladders-750x1000.jpg 750w, https:\/\/isopllc.com\/tr\/wp-content\/uploads\/sites\/12\/2022\/11\/reflective-rope-ladders-416x555.jpg 416w, https:\/\/isopllc.com\/tr\/wp-content\/uploads\/sites\/12\/2022\/11\/reflective-rope-ladders.jpg 1080w\" sizes=\"auto, (max-width: 288px) 100vw, 288px\" \/><\/p>\n<h4>Patentli yans\u0131t\u0131c\u0131 teknoloji<\/h4>\n<p>Bu merdiven, kolayl\u0131k ve eri\u015filebilirlik g\u00f6z \u00f6n\u00fcnde bulundurularak tasarlanm\u0131\u015ft\u0131r.<\/p>\n<p>Bu naylon halatlara dokunan \u00f6zel bir yans\u0131t\u0131c\u0131 \u015ferit, fenerin \u0131\u015f\u0131\u011f\u0131nda olduk\u00e7a g\u00f6r\u00fcn\u00fcr olmas\u0131n\u0131 sa\u011flar, b\u00f6ylece geceleri ona tak\u0131l\u0131p d\u00fc\u015fmezsiniz.<\/p>\n<p><img loading=\"lazy\" decoding=\"async\" class=\"a-spacing-mini aligncenter\" src=\"https:\/\/m.media-amazon.com\/images\/S\/aplus-media\/sc\/1d1c9f11-8b81-43e1-b2d9-232d2a154745.__CR0,193,641,641_PT0_SX300_V1___.jpg\" alt=\"\" width=\"300\" height=\"300\" data-src=\"https:\/\/m.media-amazon.com\/images\/S\/aplus-media\/sc\/1d1c9f11-8b81-43e1-b2d9-232d2a154745.__CR0,193,641,641_PT0_SX300_V1___.jpg\" \/><\/p>\n<p class=\"a-spacing-mini\"><strong>ULTRA g\u00fc\u00e7l\u00fc<\/strong><br \/>\nbizimkinden daha g\u00fc\u00e7l\u00fc ve daha g\u00fcvenilir merdivenler yoktur, <span class=\"a-text-bold\"><strong>\u00a0test edilmi\u015ftir (!)<\/strong>\u00a0<\/span> \u2013 900 kg veya 10 ki\u015fi ta\u015f\u0131r! Zincir merdivenler bile bu a\u011f\u0131rl\u0131k kapasitesiyle \u00f6v\u00fcnemez.<img loading=\"lazy\" decoding=\"async\" class=\"a-spacing-mini aligncenter\" style=\"font-size: 16px;\" src=\"https:\/\/m.media-amazon.com\/images\/S\/aplus-media\/sc\/66906d66-df90-4038-8550-d72faf80c38f.__CR0,0,1200,1200_PT0_SX300_V1___.jpg\" alt=\"\" width=\"300\" height=\"300\" data-src=\"https:\/\/m.media-amazon.com\/images\/S\/aplus-media\/sc\/66906d66-df90-4038-8550-d72faf80c38f.__CR0,0,1200,1200_PT0_SX300_V1___.jpg\" \/><\/p>\n<h4 class=\"a-spacing-mini\"><strong>\u00e7ok i\u015flevli<\/strong><\/h4>\n<p>oyun alan\u0131, sal\u0131ncak, a\u011fa\u00e7 ev, \u00e7at\u0131 kat\u0131, bah\u00e7e, \u00e7at\u0131, loft, bunker, denizcilik ve hatta dekoratif ama\u00e7lar i\u00e7in kullan\u0131labilir.\u00a0Sonsuz \u00e7e\u015fitlilikte kullan\u0131m se\u00e7enekleri.<\/p>\n<p><img loading=\"lazy\" decoding=\"async\" class=\"a-spacing-mini aligncenter\" src=\"https:\/\/m.media-amazon.com\/images\/S\/aplus-media\/sc\/a53251f8-492d-40f3-a9db-2bdd1415646f.__CR1018,0,1260,1260_PT0_SX300_V1___.png\" alt=\"\" width=\"300\" height=\"300\" data-src=\"https:\/\/m.media-amazon.com\/images\/S\/aplus-media\/sc\/a53251f8-492d-40f3-a9db-2bdd1415646f.__CR1018,0,1260,1260_PT0_SX300_V1___.png\" \/><\/p>\n<h4 class=\"a-spacing-mini\"><strong>Kaymaz basamaklar<\/strong><\/h4>\n<p>basamaklar sekizgen \u015feklindedir, bu nedenle g\u00fcvenilirdirler ve kaygan de\u011fildirler.<\/p>\n<p><img loading=\"lazy\" decoding=\"async\" class=\"aligncenter\" src=\"https:\/\/m.media-amazon.com\/images\/S\/aplus-media\/sc\/2b5aeb68-441e-435d-b89c-5d2faf4eb063.__CR0,0,1000,1000_PT0_SX220_V1___.jpg\" alt=\"\" width=\"220\" height=\"220\" data-src=\"https:\/\/m.media-amazon.com\/images\/S\/aplus-media\/sc\/2b5aeb68-441e-435d-b89c-5d2faf4eb063.__CR0,0,1000,1000_PT0_SX220_V1___.jpg\" \/><\/p>\n<\/div>\n<div>\n<h4 class=\"a-spacing-mini\">Ta\u015f\u0131nabilir<\/h4>\n<p class=\"a-size-small\">g\u00fczel tasarlanm\u0131\u015f siyah bir \u00e7anta ile birlikte gelir. Merdiven bir \u00e7antada herhangi bir yere ta\u015f\u0131nmas\u0131 kolayd\u0131r. Do\u011fal ah\u015fap renginde bir hediye kutusu i\u00e7erir.<\/p>\n<p><img loading=\"lazy\" decoding=\"async\" class=\"aligncenter\" src=\"https:\/\/m.media-amazon.com\/images\/S\/aplus-media\/sc\/f2e8fc4d-adcb-4ad8-87e7-2d18df74811d.__CR0,13,974,974_PT0_SX220_V1___.jpg\" alt=\"\" width=\"220\" height=\"220\" data-src=\"https:\/\/m.media-amazon.com\/images\/S\/aplus-media\/sc\/f2e8fc4d-adcb-4ad8-87e7-2d18df74811d.__CR0,13,974,974_PT0_SX220_V1___.jpg\" \/><\/p>\n<\/div>\n<\/div>\n<\/div>\n<div>\n<h4 class=\"a-spacing-mini\"><strong>Hafif<\/strong><\/h4>\n<p class=\"a-size-small\">\u00f6rne\u011fin, 2.5 m a\u011f\u0131rl\u0131k sadece 1.8 kg<\/p>\n<p><img loading=\"lazy\" decoding=\"async\" class=\"aligncenter\" src=\"https:\/\/m.media-amazon.com\/images\/S\/aplus-media\/sc\/0552c400-f2fc-46a1-84a9-d5030a1ca8e2.__CR0,0,1000,1000_PT0_SX220_V1___.jpg\" alt=\"\" width=\"220\" height=\"220\" data-src=\"https:\/\/m.media-amazon.com\/images\/S\/aplus-media\/sc\/0552c400-f2fc-46a1-84a9-d5030a1ca8e2.__CR0,0,1000,1000_PT0_SX220_V1___.jpg\" \/><\/p>\n<h4 class=\"a-spacing-mini\"><strong>Hava ko\u015fullar\u0131na dayan\u0131kl\u0131<\/strong><\/h4>\n<p class=\"a-size-small\">Her t\u00fcrl\u00fc hava ko\u015fulunda neredeyse hi\u00e7 eskimeyen merdivenler, ya\u011fmurda zarar g\u00f6rmez.<\/p>\n<p><img loading=\"lazy\" decoding=\"async\" class=\"aligncenter\" src=\"https:\/\/m.media-amazon.com\/images\/S\/aplus-media\/sc\/14916db8-10a6-4760-8535-f49470d709ad.__CR11,0,1189,1189_PT0_SX220_V1___.jpg\" alt=\"\" width=\"220\" height=\"220\" data-src=\"https:\/\/m.media-amazon.com\/images\/S\/aplus-media\/sc\/14916db8-10a6-4760-8535-f49470d709ad.__CR11,0,1189,1189_PT0_SX220_V1___.jpg\" \/><\/p>\n<h4 class=\"a-spacing-mini\"><strong>A\u011f\u0131r hizmet tipi karabinalar<\/strong><\/h4>\n<p class=\"a-size-small\">merdivenler k\u0131r\u0131lma mukavemeti 11KN krom kapl\u0131 karabinalar i\u00e7erir<\/p>\n<\/div>\n<\/div>\n<\/div>\n<div class=\"celwidget aplus-module module-4\" style=\"text-align: center;\" data-csa-c-id=\"r0jyvc-byof08-6y9606-vmksqx\" data-cel-widget=\"aplus-module-4\">\n<div class=\"a-expander-collapsed-height a-row a-expander-container a-expander-partial-collapse-container\" data-a-expander-name=\"aplus-module-expander\" data-a-expander-collapsed-height=\"700\">\n<div class=\"a-expander-content a-expander-partial-collapse-content\">\n<div class=\"aplus-module-wrapper\">\n<div class=\"apm-spacing\">\n<div class=\"apm-floatleft apm-fixed-width\">\n<div class=\"apm-spacing\"><img loading=\"lazy\" decoding=\"async\" class=\"a-spacing-mini aligncenter\" src=\"https:\/\/m.media-amazon.com\/images\/S\/aplus-media\/sc\/eebfdeb6-a881-47d1-a2d7-3677df2e925c.__CR521,0,1333,1333_PT0_SX300_V1___.jpg\" alt=\"\" width=\"300\" height=\"300\" data-src=\"https:\/\/m.media-amazon.com\/images\/S\/aplus-media\/sc\/eebfdeb6-a881-47d1-a2d7-3677df2e925c.__CR521,0,1333,1333_PT0_SX300_V1___.jpg\" \/><\/div>\n<div><\/div>\n<\/div>\n<\/div>\n<\/div>\n<div>\n<h4><strong>Aleve dayan\u0131kl\u0131<\/strong><\/h4>\n<p>\u00f6zel yanmaz lif bile\u015fimi, merdivenin bir s\u00fcre yang\u0131na dayanmas\u0131n\u0131 sa\u011flar, ancak yine de do\u011frudan ate\u015fte kullan\u0131lmas\u0131n\u0131 \u00f6nermiyoruz.<\/p>\n<p><img loading=\"lazy\" decoding=\"async\" class=\"a-spacing-mini aligncenter\" src=\"https:\/\/m.media-amazon.com\/images\/S\/aplus-media\/sc\/d843778e-92b5-40e7-a239-8e35fcbadff6.__CR0,0,2000,2000_PT0_SX300_V1___.jpg\" alt=\"\" width=\"300\" height=\"300\" data-src=\"https:\/\/m.media-amazon.com\/images\/S\/aplus-media\/sc\/d843778e-92b5-40e7-a239-8e35fcbadff6.__CR0,0,2000,2000_PT0_SX300_V1___.jpg\" \/><\/p>\n<h4 class=\"a-spacing-mini\"><strong>Farkl\u0131 uzunluk<\/strong><\/h4>\n<p>1-4 katl\u0131 evler i\u00e7in 2.5\/4\/5\/8\/10 m mevcuttur.<\/p>\n<p><img loading=\"lazy\" decoding=\"async\" class=\"a-spacing-mini aligncenter\" src=\"https:\/\/m.media-amazon.com\/images\/S\/aplus-media\/sc\/b32fbb7f-dd3b-4bce-a9d4-1f51dbe477df.__CR0,0,1000,1000_PT0_SX300_V1___.jpg\" alt=\"\" width=\"300\" height=\"300\" data-src=\"https:\/\/m.media-amazon.com\/images\/S\/aplus-media\/sc\/b32fbb7f-dd3b-4bce-a9d4-1f51dbe477df.__CR0,0,1000,1000_PT0_SX300_V1___.jpg\" \/><\/p>\n<h4 class=\"a-spacing-mini\"><strong>Yeniden kullan\u0131labilir<\/strong><\/h4>\n<p>Di\u011fer al\u00fcminyum merdivenlerin aksine halat merdivenlerimiz tekrar kullan\u0131labilir.<\/p>\n<\/div>\n<\/div>\n<\/div>\n<\/div>\n<div class=\"celwidget aplus-module module-2\" data-csa-c-id=\"natz8u-fpdgqh-3o4hqm-4hr1km\" data-cel-widget=\"aplus-module-2\">\n<div class=\"a-expander-collapsed-height a-row a-expander-container a-expander-partial-collapse-container\" data-a-expander-name=\"aplus-module-expander\" data-a-expander-collapsed-height=\"700\">\n<div class=\"a-expander-content a-expander-partial-collapse-content\">\n<div class=\"aplus-module-wrapper apm-floatnone\">\n<div class=\"apm-sidemodule apm-spacing\">\n<div class=\"apm-sidemodule-imageleft\" style=\"text-align: center;\"><img loading=\"lazy\" decoding=\"async\" class=\"aligncenter\" src=\"https:\/\/m.media-amazon.com\/images\/S\/aplus-media\/sc\/fa263336-bda8-42e1-8872-40df9f912f96.__CR0,0,1000,1000_PT0_SX300_V1___.jpg\" alt=\"Yang\u0131n Merdiveni 2 Kademeli\" width=\"300\" height=\"300\" data-src=\"https:\/\/m.media-amazon.com\/images\/S\/aplus-media\/sc\/fa263336-bda8-42e1-8872-40df9f912f96.__CR0,0,1000,1000_PT0_SX300_V1___.jpg\" \/><\/div>\n<div class=\"apm-sidemodule-textright\">\n<h4 style=\"text-align: center;\">Bu acil durum yang\u0131n tahliye merdiveni, kolayl\u0131k ve eri\u015filebilirlik g\u00f6z \u00f6n\u00fcnde bulundurularak tasarlanm\u0131\u015ft\u0131r.<\/h4>\n<p>Haz\u0131r olsan\u0131z da olmasan\u0131z da her an felaket gelebilir. Evde, okulda veya ofiste acil bir durumda herkesin g\u00fcvenli bir \u015fekilde d\u0131\u015far\u0131 \u00e7\u0131kmas\u0131n\u0131 sa\u011flamak en b\u00fcy\u00fck \u00f6nceli\u011finiz olmal\u0131d\u0131r. Bu nedenle, herhangi bir binadan pencerelerden \u00e7\u0131kman\u0131z i\u00e7in size uygun ve g\u00fcvenilir bir yol sa\u011flamak i\u00e7in ka\u00e7\u0131\u015f merdivenlerimizi 2 kata kadar evler i\u00e7in tasarlad\u0131k. Evinizin, okulunuzun veya dairenizin bir ka\u00e7\u0131\u015f yolu yoksa veya kolayca eri\u015filemiyorsa, g\u00fcvenebilece\u011finiz bir yang\u0131n merdivenine ihtiyac\u0131n\u0131z vard\u0131r.<\/p>\n<p>Bu iki katl\u0131 yang\u0131n merdiveni, hem \u00e7ocuklar hem de yeti\u015fkinler i\u00e7in m\u00fckemmel olan pencerenizden dola\u015fmayan, \u00e7abuk a\u00e7\u0131lan, kullan\u0131\u015fl\u0131 bir ka\u00e7\u0131\u015f yolu sa\u011flamak i\u00e7in dikkatlice paketlenmi\u015ftir. Sa\u011flam yap\u0131s\u0131 sayesinde 2000 lbs&#8217;ye kadar destekleyebilir, a\u011f\u0131r hizmet tipi karabinalar ise i\u015finizi olabildi\u011fince kolayla\u015ft\u0131rmak i\u00e7in sabit bir tutu\u015f sa\u011flar ve bu acil durum merdivenini kendilerinin, ailelerinin veya \u00e7al\u0131\u015fanlar\u0131n\u0131n g\u00fcvende olmas\u0131n\u0131 isteyen herkes i\u00e7in bir zorunluluk haline getirir. acil bir durumda.<\/p>\n<\/div>\n<\/div>\n<\/div>\n<\/div>\n<\/div>\n<\/div>\n<\/div>\n<\/div>\n<\/div>\n<\/div>\n<\/div>\n","protected":false},"excerpt":{"rendered":"[embed]https:\/\/youtu.be\/1Xyi-ZR4gwI[\/embed]\n<p id=\"title\" class=\"a-size-large a-spacing-none\" style=\"text-align: center;\"><span id=\"productTitle\" class=\"a-size-large product-title-word-break\">Yang\u0131n Merdiveni 2 Kademeli 5.1 m | Ge\u00e7meli Kancal\u0131 G\u00fcvenlik Merdivenleri Balkon Kurtarma Merdiveni | Alev Geciktiriciler | 900 kg&#8217;a Kadar Y\u00fck Kapasitesi<\/span><\/p>\n<p style=\"text-align: center;\">10-14 G\u00dcN \u0130\u00c7ER\u0130S\u0130NDE \u00dcCRETS\u0130Z TESL\u0130MAT<\/p>\n<p>&nbsp;<\/p>\n","protected":false},"featured_media":33,"comment_status":"open","ping_status":"closed","template":"","meta":[],"product_brand":[],"product_cat":[196,200,199],"product_tag":[70,72,54],"class_list":{"0":"post-1049","1":"product","2":"type-product","3":"status-publish","4":"has-post-thumbnail","6":"product_cat-halat-merdivenler-yangin-merdiveni","7":"product_cat-yangin-merdivenleri-1-katli","8":"product_cat-yangin-merdivenleri-2-katli","9":"product_tag-guvenlik-merdiveni","10":"product_tag-yangin-kacis-merdiveni","11":"product_tag-yangin-merdiveni","13":"first","14":"instock","15":"shipping-taxable","16":"purchasable","17":"product-type-simple"},"_links":{"self":[{"href":"https:\/\/isopllc.com\/tr\/wp-json\/wp\/v2\/product\/1049","targetHints":{"allow":["GET"]}}],"collection":[{"href":"https:\/\/isopllc.com\/tr\/wp-json\/wp\/v2\/product"}],"about":[{"href":"https:\/\/isopllc.com\/tr\/wp-json\/wp\/v2\/types\/product"}],"replies":[{"embeddable":true,"href":"https:\/\/isopllc.com\/tr\/wp-json\/wp\/v2\/comments?post=1049"}],"wp:featuredmedia":[{"embeddable":true,"href":"https:\/\/isopllc.com\/tr\/wp-json\/wp\/v2\/media\/33"}],"wp:attachment":[{"href":"https:\/\/isopllc.com\/tr\/wp-json\/wp\/v2\/media?parent=1049"}],"wp:term":[{"taxonomy":"product_brand","embeddable":true,"href":"https:\/\/isopllc.com\/tr\/wp-json\/wp\/v2\/product_brand?post=1049"},{"taxonomy":"product_cat","embeddable":true,"href":"https:\/\/isopllc.com\/tr\/wp-json\/wp\/v2\/product_cat?post=1049"},{"taxonomy":"product_tag","embeddable":true,"href":"https:\/\/isopllc.com\/tr\/wp-json\/wp\/v2\/product_tag?post=1049"}],"curies":[{"name":"wp","href":"https:\/\/api.w.org\/{rel}","templated":true}]}}