{"id":1062,"date":"2020-01-20T08:32:11","date_gmt":"2020-01-20T08:32:11","guid":{"rendered":"https:\/\/rightfoodonly.com\/?post_type=product&#038;p=1062"},"modified":"2025-07-01T06:52:20","modified_gmt":"2025-07-01T06:52:20","slug":"1-kat-icin-acil-durum-merdivenleri-4-m","status":"publish","type":"product","link":"https:\/\/isopllc.com\/tr\/product\/1-kat-icin-acil-durum-merdivenleri-4-m\/","title":{"rendered":"1. Kat I\u00e7in Acil Durum Merdivenleri 4 m"},"content":{"rendered":"<p><img loading=\"lazy\" decoding=\"async\" style=\"font-size: 16px;\" src=\"https:\/\/m.media-amazon.com\/images\/S\/aplus-media\/sc\/21a3f03b-829f-4554-b494-34215adbd6c9.__CR0,724,2000,619_PT0_SX970_V1___.jpg\" alt=\"\" width=\"970\" height=\"300\" \/><\/p>\n<div class=\"celwidget aplus-module module-12\" data-csa-c-id=\"jivxzg-m1j32x-ba3zr2-aspe9u\" data-cel-widget=\"aplus-module-12\">\n<div class=\"a-expander-collapsed-height a-row a-expander-container a-expander-partial-collapse-container\" data-a-expander-name=\"aplus-module-expander\" data-a-expander-collapsed-height=\"360\">\n<div class=\"a-expander-content a-expander-partial-collapse-content\">\n<div class=\"aplus-module-wrapper apm-spacing apm-floatnone\">\n<div class=\"apm-sidemodule aplus-module-content\">\n<div class=\"textright apm-hero-text\">\n<h2 id=\"title\" class=\"a-size-large a-spacing-none\" style=\"text-align: center;\"><span id=\"productTitle\" class=\"a-size-large product-title-word-break\">1. Kat I\u00e7in Acil Durum Merdivenleri | Yang\u0131na Dayan\u0131kl\u0131 | Kancal\u0131 4 m &#8211; Yeniden Kullan\u0131labilir &#8211; 900 kg&#8217;a Kadar y\u00fck Kapasitesi<\/span><\/h2>\n<\/div>\n<\/div>\n<div style=\"text-align: center;\"><\/div>\n<\/div>\n<\/div>\n<\/div>\n<\/div>\n<div class=\"celwidget aplus-module module-4\" style=\"text-align: center;\" data-csa-c-id=\"3439hg-iiea24-1ecz2x-p6icw6\" data-cel-widget=\"aplus-module-4\">\n<div class=\"a-expander-collapsed-height a-row a-expander-container a-expander-partial-collapse-container\" data-a-expander-name=\"aplus-module-expander\" data-a-expander-collapsed-height=\"700\">\n<div class=\"a-expander-content a-expander-partial-collapse-content\">\n<div class=\"aplus-module-wrapper\">\n<div class=\"apm-spacing\">\n<div class=\"apm-floatleft apm-fixed-width\">\n<div class=\"celwidget aplus-module module-4\" style=\"text-align: center;\" data-csa-c-id=\"3439hg-iiea24-1ecz2x-p6icw6\" data-cel-widget=\"aplus-module-4\">\n<div class=\"a-expander-collapsed-height a-row a-expander-container a-expander-partial-collapse-container\" data-a-expander-name=\"aplus-module-expander\" data-a-expander-collapsed-height=\"700\">\n<div class=\"a-expander-content a-expander-partial-collapse-content\">\n<div class=\"aplus-module-wrapper\">\n<div class=\"apm-spacing\">\n<div class=\"apm-floatleft apm-fixed-width\">\n<h3 class=\"a-spacing-small\">Neden bizi se\u00e7melisiniz?<\/h3>\n<p><img loading=\"lazy\" decoding=\"async\" class=\"size-medium wp-image-4678 aligncenter\" src=\"https:\/\/isopllc.com\/tr\/wp-content\/uploads\/sites\/12\/2022\/11\/reflective-rope-ladders-225x300.jpg\" alt=\"\" width=\"225\" height=\"300\" srcset=\"https:\/\/isopllc.com\/tr\/wp-content\/uploads\/sites\/12\/2022\/11\/reflective-rope-ladders-225x300.jpg 225w, https:\/\/isopllc.com\/tr\/wp-content\/uploads\/sites\/12\/2022\/11\/reflective-rope-ladders-768x1024.jpg 768w, https:\/\/isopllc.com\/tr\/wp-content\/uploads\/sites\/12\/2022\/11\/reflective-rope-ladders-750x1000.jpg 750w, https:\/\/isopllc.com\/tr\/wp-content\/uploads\/sites\/12\/2022\/11\/reflective-rope-ladders-416x555.jpg 416w, https:\/\/isopllc.com\/tr\/wp-content\/uploads\/sites\/12\/2022\/11\/reflective-rope-ladders.jpg 1080w\" sizes=\"auto, (max-width: 225px) 100vw, 225px\" \/><\/p>\n<h4>Patentli yans\u0131t\u0131c\u0131 teknoloji<\/h4>\n<p>Bu merdiven, kolayl\u0131k ve eri\u015filebilirlik g\u00f6z \u00f6n\u00fcnde bulundurularak tasarlanm\u0131\u015ft\u0131r.<\/p>\n<p>Bu naylon halatlara dokunan \u00f6zel bir yans\u0131t\u0131c\u0131 \u015ferit, fenerin \u0131\u015f\u0131\u011f\u0131nda olduk\u00e7a g\u00f6r\u00fcn\u00fcr olmas\u0131n\u0131 sa\u011flar, b\u00f6ylece geceleri ona tak\u0131l\u0131p d\u00fc\u015fmezsiniz.<\/p>\n<h3 class=\"a-spacing-small\"><img loading=\"lazy\" decoding=\"async\" class=\"aligncenter\" src=\"https:\/\/m.media-amazon.com\/images\/S\/aplus-media\/sc\/94cfe5fc-9301-4229-834b-f5ca7b14d8d0.__CR0,213,641,641_PT0_SX220_V1___.jpg\" alt=\"\" width=\"220\" height=\"220\" data-src=\"https:\/\/m.media-amazon.com\/images\/S\/aplus-media\/sc\/94cfe5fc-9301-4229-834b-f5ca7b14d8d0.__CR0,213,641,641_PT0_SX220_V1___.jpg\" \/><\/h3>\n<p class=\"a-spacing-mini\"><strong>ULTRA g\u00fc\u00e7l\u00fc<\/strong><br \/>\nbizimkinden daha g\u00fc\u00e7l\u00fc ve daha g\u00fcvenilir merdivenler yoktur, <span class=\"a-text-bold\"><strong>\u00a0test edilmi\u015ftir (!)<\/strong>\u00a0<\/span> \u2013 900 kg veya 10 ki\u015fi ta\u015f\u0131r! Zincir merdivenler bile bu a\u011f\u0131rl\u0131k kapasitesiyle \u00f6v\u00fcnemez.<\/p>\n<p><img loading=\"lazy\" decoding=\"async\" class=\"aligncenter\" src=\"https:\/\/m.media-amazon.com\/images\/S\/aplus-media\/sc\/d262a102-3931-4af1-bcd2-fa72efe818c1.__CR0,0,1200,1200_PT0_SX220_V1___.jpg\" alt=\"\" width=\"220\" height=\"220\" data-src=\"https:\/\/m.media-amazon.com\/images\/S\/aplus-media\/sc\/d262a102-3931-4af1-bcd2-fa72efe818c1.__CR0,0,1200,1200_PT0_SX220_V1___.jpg\" \/><\/p>\n<h4 class=\"a-spacing-mini\"><strong>\u00e7ok i\u015flevli<\/strong><\/h4>\n<p>oyun alan\u0131, sal\u0131ncak, a\u011fa\u00e7 ev, \u00e7at\u0131 kat\u0131, bah\u00e7e, \u00e7at\u0131, loft, bunker, denizcilik ve hatta dekoratif ama\u00e7lar i\u00e7in kullan\u0131labilir.\u00a0Sonsuz \u00e7e\u015fitlilikte kullan\u0131m se\u00e7enekleri.<\/p>\n<p><img loading=\"lazy\" decoding=\"async\" class=\"aligncenter\" src=\"https:\/\/m.media-amazon.com\/images\/S\/aplus-media\/sc\/cf4cf25a-8d5e-46fe-bb5e-722c10b1d998.__CR0,0,2000,2000_PT0_SX220_V1___.jpg\" alt=\"\" width=\"220\" height=\"220\" data-src=\"https:\/\/m.media-amazon.com\/images\/S\/aplus-media\/sc\/cf4cf25a-8d5e-46fe-bb5e-722c10b1d998.__CR0,0,2000,2000_PT0_SX220_V1___.jpg\" \/><\/p>\n<h4 class=\"a-spacing-mini\">Karabinalar ve kancalarla birlikte gelir<\/h4>\n<p class=\"a-size-small\">4 m ve 8 m merdivenler, pencere pervazlar\u0131 i\u00e7in kancalar\u0131 ve balkon barlar\u0131 i\u00e7in en iyi karabinalar\u0131 i\u00e7erir. Yang\u0131n durumunda hem pencere hem de balkon ile kullan\u0131labilirler. Hi\u00e7 kimse iki se\u00e7ene\u011fi birden sunamaz.<\/p>\n<p><img loading=\"lazy\" decoding=\"async\" class=\"aligncenter\" src=\"https:\/\/m.media-amazon.com\/images\/S\/aplus-media\/sc\/210c8fc8-ca9e-4a20-9d02-a9c58b6c8429.__CR1018,0,1260,1260_PT0_SX220_V1___.png\" alt=\"\" width=\"220\" height=\"220\" data-src=\"https:\/\/m.media-amazon.com\/images\/S\/aplus-media\/sc\/210c8fc8-ca9e-4a20-9d02-a9c58b6c8429.__CR1018,0,1260,1260_PT0_SX220_V1___.png\" \/><\/p>\n<h4 class=\"a-spacing-mini\"><strong>Kaymaz basamaklar<\/strong><\/h4>\n<p>basamaklar sekizgen \u015feklindedir, bu nedenle g\u00fcvenilirdirler ve kaygan de\u011fildirler.<\/p>\n<div class=\"apm-spacing\"><img loading=\"lazy\" decoding=\"async\" class=\"aligncenter\" src=\"https:\/\/m.media-amazon.com\/images\/S\/aplus-media\/sc\/e5481a93-fdd7-4b02-812d-b17e7e802309.__CR0,0,1000,1000_PT0_SX220_V1___.jpg\" alt=\"\" width=\"220\" height=\"220\" data-src=\"https:\/\/m.media-amazon.com\/images\/S\/aplus-media\/sc\/e5481a93-fdd7-4b02-812d-b17e7e802309.__CR0,0,1000,1000_PT0_SX220_V1___.jpg\" \/><\/div>\n<\/div>\n<\/div>\n<\/div>\n<div>\n<h4 class=\"a-spacing-mini\">Ta\u015f\u0131nabilir<\/h4>\n<p class=\"a-size-small\">g\u00fczel tasarlanm\u0131\u015f siyah bir \u00e7anta ile birlikte gelir. Merdiven bir \u00e7antada herhangi bir yere ta\u015f\u0131nmas\u0131 kolayd\u0131r. Do\u011fal ah\u015fap renginde bir hediye kutusu i\u00e7erir.<\/p>\n<\/div>\n<\/div>\n<\/div>\n<\/div>\n<div class=\"celwidget aplus-module module-4\" style=\"text-align: center;\" data-csa-c-id=\"afj8pd-nokhvj-691g6t-ynqohv\" data-cel-widget=\"aplus-module-4\">\n<div class=\"a-expander-collapsed-height a-row a-expander-container a-expander-partial-collapse-container\" data-a-expander-name=\"aplus-module-expander\" data-a-expander-collapsed-height=\"700\">\n<div class=\"a-expander-content a-expander-partial-collapse-content\">\n<div class=\"aplus-module-wrapper\">\n<div class=\"apm-spacing\">\n<div class=\"apm-floatleft apm-fixed-width\">\n<div class=\"apm-spacing\">\n<p><img loading=\"lazy\" decoding=\"async\" class=\"aligncenter\" src=\"https:\/\/m.media-amazon.com\/images\/S\/aplus-media\/sc\/efd2bcd0-2bff-4c6d-9fec-4d882d5be7cd.__CR0,13,974,974_PT0_SX220_V1___.jpg\" alt=\"\" width=\"220\" height=\"220\" data-src=\"https:\/\/m.media-amazon.com\/images\/S\/aplus-media\/sc\/efd2bcd0-2bff-4c6d-9fec-4d882d5be7cd.__CR0,13,974,974_PT0_SX220_V1___.jpg\" \/><\/p>\n<h4 class=\"a-spacing-mini\"><strong>Hafif<\/strong><\/h4>\n<p class=\"a-size-small\">\u00f6rne\u011fin, 2.5 m a\u011f\u0131rl\u0131k sadece 1.8 kg<\/p>\n<p><img loading=\"lazy\" decoding=\"async\" class=\"aligncenter\" src=\"https:\/\/m.media-amazon.com\/images\/S\/aplus-media\/sc\/d232e31d-6376-4b64-a48a-ddd2bbf72b81.__CR0,0,1000,1000_PT0_SX220_V1___.jpg\" alt=\"\" width=\"220\" height=\"220\" data-src=\"https:\/\/m.media-amazon.com\/images\/S\/aplus-media\/sc\/d232e31d-6376-4b64-a48a-ddd2bbf72b81.__CR0,0,1000,1000_PT0_SX220_V1___.jpg\" \/><\/p>\n<h4 class=\"a-spacing-mini\"><strong>Hava ko\u015fullar\u0131na dayan\u0131kl\u0131<\/strong><\/h4>\n<p class=\"a-size-small\">Her t\u00fcrl\u00fc hava ko\u015fulunda neredeyse hi\u00e7 eskimeyen merdivenler, ya\u011fmurda zarar g\u00f6rmez.<\/p>\n<p><img loading=\"lazy\" decoding=\"async\" class=\"aligncenter\" style=\"font-weight: 600;\" src=\"https:\/\/m.media-amazon.com\/images\/S\/aplus-media\/sc\/37c0fcd9-5325-4e38-b7c1-9af5cd3a988c.__CR5,0,1189,1189_PT0_SX220_V1___.jpg\" alt=\"\" width=\"220\" height=\"220\" data-src=\"https:\/\/m.media-amazon.com\/images\/S\/aplus-media\/sc\/37c0fcd9-5325-4e38-b7c1-9af5cd3a988c.__CR5,0,1189,1189_PT0_SX220_V1___.jpg\" \/><\/p>\n<h4 class=\"a-spacing-mini\"><strong>A\u011f\u0131r hizmet tipi karabinalar<\/strong><\/h4>\n<p class=\"a-size-small\">merdivenler k\u0131r\u0131lma mukavemeti 11KN krom kapl\u0131 karabinalar i\u00e7erir<\/p>\n<p><img loading=\"lazy\" decoding=\"async\" class=\"a-spacing-mini aligncenter\" src=\"https:\/\/m.media-amazon.com\/images\/S\/aplus-media\/sc\/afa873ae-4f45-42c7-bef1-e1440984b452.__CR321,0,1333,1333_PT0_SX300_V1___.jpg\" alt=\"1. Kat I\u00e7in Acil Durum Merdivenleri\" width=\"300\" height=\"300\" data-src=\"https:\/\/m.media-amazon.com\/images\/S\/aplus-media\/sc\/afa873ae-4f45-42c7-bef1-e1440984b452.__CR321,0,1333,1333_PT0_SX300_V1___.jpg\" \/><\/p>\n<\/div>\n<div><\/div>\n<\/div>\n<\/div>\n<\/div>\n<div>\n<h4><strong>Aleve dayan\u0131kl\u0131<\/strong><\/h4>\n<p>\u00f6zel yanmaz lif bile\u015fimi, merdivenin bir s\u00fcre yang\u0131na dayanmas\u0131n\u0131 sa\u011flar, ancak yine de do\u011frudan ate\u015fte kullan\u0131lmas\u0131n\u0131 \u00f6nermiyoruz.<\/p>\n<p><img loading=\"lazy\" decoding=\"async\" class=\"a-spacing-mini aligncenter\" src=\"https:\/\/m.media-amazon.com\/images\/S\/aplus-media\/sc\/2dac260a-e8d0-441c-9ba5-ebcab13c9f40.__CR0,0,2000,2000_PT0_SX300_V1___.jpg\" alt=\"\" width=\"300\" height=\"300\" data-src=\"https:\/\/m.media-amazon.com\/images\/S\/aplus-media\/sc\/2dac260a-e8d0-441c-9ba5-ebcab13c9f40.__CR0,0,2000,2000_PT0_SX300_V1___.jpg\" \/><\/p>\n<h4 class=\"a-spacing-mini\"><strong>Farkl\u0131 uzunluk<\/strong><\/h4>\n<p>1-4 katl\u0131 evler i\u00e7in 2.5\/4\/5\/8\/10 m mevcuttur.<\/p>\n<p><img loading=\"lazy\" decoding=\"async\" class=\"a-spacing-mini aligncenter\" src=\"https:\/\/m.media-amazon.com\/images\/S\/aplus-media\/sc\/5728be22-391a-4b50-8edb-c02577e54e29.__CR0,0,1000,1000_PT0_SX300_V1___.jpg\" alt=\"\" width=\"300\" height=\"300\" data-src=\"https:\/\/m.media-amazon.com\/images\/S\/aplus-media\/sc\/5728be22-391a-4b50-8edb-c02577e54e29.__CR0,0,1000,1000_PT0_SX300_V1___.jpg\" \/><\/p>\n<h4 class=\"a-spacing-mini\"><strong>Yeniden kullan\u0131labilir<\/strong><\/h4>\n<p>Di\u011fer al\u00fcminyum merdivenlerin aksine halat merdivenlerimiz tekrar kullan\u0131labilir.<\/p>\n<\/div>\n<\/div>\n<\/div>\n<\/div>\n<\/div>\n<\/div>\n<\/div>\n<\/div>\n<\/div>\n<\/div>\n<div class=\"celwidget aplus-module module-2\" data-csa-c-id=\"xa4z08-fqu7gq-7q8xue-5451sy\" data-cel-widget=\"aplus-module-2\">\n<div class=\"a-expander-collapsed-height a-row a-expander-container a-expander-partial-collapse-container\" data-a-expander-name=\"aplus-module-expander\" data-a-expander-collapsed-height=\"700\">\n<div class=\"a-expander-content a-expander-partial-collapse-content\">\n<div class=\"aplus-module-wrapper apm-floatnone\">\n<div class=\"apm-sidemodule apm-spacing\">\n<div class=\"apm-sidemodule-imageleft\" style=\"text-align: center;\"><img loading=\"lazy\" decoding=\"async\" class=\"aligncenter\" src=\"https:\/\/m.media-amazon.com\/images\/S\/aplus-media\/sc\/6293865e-0e7e-4620-8370-146b6c3e1ce0.__CR0,0,816,816_PT0_SX300_V1___.jpg\" alt=\"\" width=\"300\" height=\"300\" data-src=\"https:\/\/m.media-amazon.com\/images\/S\/aplus-media\/sc\/6293865e-0e7e-4620-8370-146b6c3e1ce0.__CR0,0,816,816_PT0_SX300_V1___.jpg\" \/><\/div>\n<div class=\"apm-sidemodule-textright\">\n<div class=\"woocommerce-tabs wc-tabs-wrapper\">\n<div id=\"tab-description\" class=\"woocommerce-Tabs-panel woocommerce-Tabs-panel--description panel entry-content wc-tab\" role=\"tabpanel\" aria-labelledby=\"tab-title-description\">\n<div class=\"celwidget aplus-module module-2\" data-csa-c-id=\"xa4z08-fqu7gq-7q8xue-5451sy\" data-cel-widget=\"aplus-module-2\">\n<div class=\"a-expander-collapsed-height a-row a-expander-container a-expander-partial-collapse-container\" data-a-expander-name=\"aplus-module-expander\" data-a-expander-collapsed-height=\"700\">\n<div class=\"a-expander-content a-expander-partial-collapse-content\">\n<div class=\"aplus-module-wrapper apm-floatnone\">\n<div class=\"apm-sidemodule apm-spacing\">\n<div class=\"apm-sidemodule-textright\">\n<h3 class=\"a-spacing-mini\" style=\"text-align: center;\">Her insan en az bir kere evinde, binas\u0131nda veya ofisinde yang\u0131n \u00e7\u0131karsa ne olur diye d\u00fc\u015f\u00fcnd\u00fc.\u00a0Ondan nas\u0131l kurtar\u0131l\u0131r?\u00a0\u00d6zellikle \u00e7ocuklar\u0131n\u0131z varsa endi\u015feleniyor!<\/h3>\n<p style=\"text-align: center;\">ISOP&#8217;ta, acil durumlarda HER ailenin bir yang\u0131n merdiveni olmas\u0131 gerekti\u011fine inan\u0131yoruz!\u00a0Size tan\u0131tmak istedi\u011fimiz farkl\u0131 ihtiya\u00e7lar i\u00e7in bir dizi acil yang\u0131n merdiveni ve cihaz\u0131 olu\u015fturduk.<\/p>\n<p style=\"text-align: center;\"><span class=\"a-text-bold\">\u0130kinci Kat Pencereleri i\u00e7in 1. Kat I\u00e7in Acil Durum Merdivenleri 4 m<\/span><\/p>\n<p style=\"text-align: center;\">Bu, pencereden veya balkondan ka\u00e7mak i\u00e7in kancal\u0131 4 metrelik bir merdivendir.\u00a0Demir Kancalar d\u00fcnyadaki \u00e7o\u011fu pencere \u00e7er\u00e7evesine m\u00fckemmel uyum sa\u011flar (resimlerdeki boyutlara bak\u0131n).<\/p>\n<p style=\"text-align: center;\">T\u00fcm faydalar\u0131n\u0131n yan\u0131 s\u0131ra, bu merdivenin kullan\u0131m\u0131 kolayd\u0131r.\u00a0\u00c7ocuklar bile t\u0131rmanabilir.\u00a0Merdiven duvara tam oturmuyorsa ve havada as\u0131l\u0131 kal\u0131yorsa kullan\u0131m\u0131 zordur.\u00a0Bu sadece bizim de\u011fil, herhangi bir merdiven i\u00e7in ge\u00e7erlidir.\u00a0Bu durumda sirkte akrobatlar\u0131n yapt\u0131\u011f\u0131 gibi merdivenlerin kenar\u0131ndan a\u015fa\u011f\u0131 inmeniz gerekiyor (resimde bir g\u00f6r\u00fcnt\u00fc var).<\/p>\n<p style=\"text-align: center;\">Ayr\u0131ca baz\u0131 m\u00fc\u015fterilerimiz ma\u011fazam\u0131zda bulunan t\u0131rmanma ankrajlar\u0131n\u0131 kullanarak merdivenleri \u00f6nceden duvara ba\u011flamaktad\u0131r.\u00a0Bunu \u00e7ok d\u00fc\u015f\u00fcnceli bir yakla\u015f\u0131m olarak g\u00f6r\u00fcyoruz ve tavsiye ediyoruz.<\/p>\n<\/div>\n<\/div>\n<\/div>\n<\/div>\n<\/div>\n<\/div>\n<\/div>\n<\/div>\n<section class=\"related products\"><\/section>\n<\/div>\n<\/div>\n<\/div>\n<\/div>\n<\/div>\n<\/div>\n","protected":false},"excerpt":{"rendered":"[embed]https:\/\/youtu.be\/1Xyi-ZR4gwI[\/embed]\n<p id=\"title\" class=\"a-size-large a-spacing-none\" style=\"text-align: center;\"><span id=\"productTitle\" class=\"a-size-large product-title-word-break\">1. Kat I\u00e7in Acil Durum Merdivenleri| Yang\u0131na Dayan\u0131kl\u0131 | Kancal\u0131 4 m &#8211; Yeniden Kullan\u0131labilir &#8211; 900 kg&#8217;a Kadar y\u00fck Kapasitesi<\/span><\/p>\n<p style=\"text-align: center;\">10-14 G\u00dcN \u0130\u00c7ER\u0130S\u0130NDE \u00dcCRETS\u0130Z TESL\u0130MAT<\/p>\n<p>&nbsp;<\/p>\n","protected":false},"featured_media":4247,"comment_status":"open","ping_status":"closed","template":"","meta":[],"product_brand":[],"product_cat":[196,200],"product_tag":[51,70,72],"class_list":{"0":"post-1062","1":"product","2":"type-product","3":"status-publish","4":"has-post-thumbnail","6":"product_cat-halat-merdivenler-yangin-merdiveni","7":"product_cat-yangin-merdivenleri-1-katli","8":"product_tag-acil-durum-merdiveni","9":"product_tag-guvenlik-merdiveni","10":"product_tag-yangin-kacis-merdiveni","12":"first","13":"instock","14":"shipping-taxable","15":"purchasable","16":"product-type-simple"},"_links":{"self":[{"href":"https:\/\/isopllc.com\/tr\/wp-json\/wp\/v2\/product\/1062","targetHints":{"allow":["GET"]}}],"collection":[{"href":"https:\/\/isopllc.com\/tr\/wp-json\/wp\/v2\/product"}],"about":[{"href":"https:\/\/isopllc.com\/tr\/wp-json\/wp\/v2\/types\/product"}],"replies":[{"embeddable":true,"href":"https:\/\/isopllc.com\/tr\/wp-json\/wp\/v2\/comments?post=1062"}],"wp:featuredmedia":[{"embeddable":true,"href":"https:\/\/isopllc.com\/tr\/wp-json\/wp\/v2\/media\/4247"}],"wp:attachment":[{"href":"https:\/\/isopllc.com\/tr\/wp-json\/wp\/v2\/media?parent=1062"}],"wp:term":[{"taxonomy":"product_brand","embeddable":true,"href":"https:\/\/isopllc.com\/tr\/wp-json\/wp\/v2\/product_brand?post=1062"},{"taxonomy":"product_cat","embeddable":true,"href":"https:\/\/isopllc.com\/tr\/wp-json\/wp\/v2\/product_cat?post=1062"},{"taxonomy":"product_tag","embeddable":true,"href":"https:\/\/isopllc.com\/tr\/wp-json\/wp\/v2\/product_tag?post=1062"}],"curies":[{"name":"wp","href":"https:\/\/api.w.org\/{rel}","templated":true}]}}