{"id":1294,"date":"2020-01-30T06:20:40","date_gmt":"2020-01-30T06:20:40","guid":{"rendered":"https:\/\/rightfoodonly.com\/?post_type=product&#038;p=1294"},"modified":"2025-07-01T06:51:37","modified_gmt":"2025-07-01T06:51:37","slug":"kacis-merdivenleri-icin-pencere-kancasi","status":"publish","type":"product","link":"https:\/\/isopllc.com\/tr\/product\/kacis-merdivenleri-icin-pencere-kancasi\/","title":{"rendered":"Ka\u00e7\u0131\u015f Merdivenleri i\u00e7in Pencere Kancas\u0131"},"content":{"rendered":"<div class=\"celwidget aplus-module module-11\">\n<div class=\"a-expander-collapsed-height a-row a-expander-container a-expander-partial-collapse-container\" data-a-expander-name=\"aplus-module-expander\" data-a-expander-collapsed-height=\"360\">\n<div class=\"a-expander-content a-expander-partial-collapse-content\">\n<div class=\"aplus-module-wrapper apm-spacing apm-floatnone\">\n<div class=\"apm-sidemodule aplus-module-content\">\n<div class=\"apm-hero-image\"><\/div>\n<\/div>\n<\/div>\n<\/div>\n<\/div>\n<\/div>\n<div class=\"celwidget aplus-module module-9\">\n<div class=\"a-expander-collapsed-height a-row a-expander-container a-expander-partial-collapse-container\" data-a-expander-name=\"aplus-module-expander\" data-a-expander-collapsed-height=\"700\">\n<div class=\"a-expander-content a-expander-partial-collapse-content a-expander-content-expanded\">\n<div class=\"aplus-module-wrapper\">\n<div class=\"apm-spacing apm-fixed-width\">\n<h2 id=\"title\" class=\"a-size-large a-spacing-none\"><span id=\"productTitle\" class=\"a-size-large product-title-word-break\">Ka\u00e7\u0131\u015f Merdivenleri i\u00e7in Pencere Kancas\u0131 | 2 Kanca | Kurtarma ipi Merdiveni i\u00e7in Demir Kanca | Co\u011fu Pencere i\u00e7in Acil Durum Kancas\u0131 Seti &#8211; Karabinalar Veya G\u00f6rev liderleri i\u00e7in ideal &#8211; sa\u011flam, dayan\u0131kl\u0131 ve ta\u015f\u0131nabilir<\/span><\/h2>\n<p><img loading=\"lazy\" decoding=\"async\" class=\"a-spacing-mini aligncenter\" src=\"https:\/\/m.media-amazon.com\/images\/S\/aplus-media\/sc\/0ba0f91e-b5c4-417e-ada8-b03c299fc14b.__CR0,0,1200,1200_PT0_SX300_V1___.jpg\" alt=\"Ka\u00e7\u0131\u015f Merdivenleri i\u00e7in Pencere Kancas\u0131\" width=\"300\" height=\"300\" data-src=\"https:\/\/m.media-amazon.com\/images\/S\/aplus-media\/sc\/0ba0f91e-b5c4-417e-ada8-b03c299fc14b.__CR0,0,1200,1200_PT0_SX300_V1___.jpg\" \/><\/p>\n<h4>\u00d6zellikler<\/h4>\n<p>\u00c7ok ama\u00e7l\u0131 2 par\u00e7al\u0131 kanca setimiz \u00e7ok y\u00f6nl\u00fc g\u00fcvenlik arac\u0131d\u0131r ve \u00e7ok \u00e7e\u015fitli end\u00fcstrilerde, in\u015faat firmalar\u0131nda ve acil servislerde kullan\u0131labilir &#8211; i\u015f\u00e7ileri \u00f6nemli y\u00fcksekliklerden kurtarmak i\u00e7in farkl\u0131 tipte halat merdivenlerle veya yang\u0131n merdiveni merdivenleriyle kullan\u0131labilir. acil durumlarda olmas\u0131 gerekir.<\/p>\n<p>Boyut: 40 cm toplam uzunluk, 30 cm pencere kancas\u0131, karabina ile kullan\u0131m i\u00e7in 3 cm bo\u015fluk<\/p>\n<p>Malzemeler: A\u011f\u0131r hizmet tipi \u00e7elik<\/p>\n<p><img loading=\"lazy\" decoding=\"async\" class=\"size-medium wp-image-1068 aligncenter\" src=\"https:\/\/isopllc.com\/tr\/wp-content\/uploads\/sites\/12\/2020\/01\/hooks-size-300x300.jpg\" alt=\"\" width=\"300\" height=\"300\" srcset=\"https:\/\/isopllc.com\/tr\/wp-content\/uploads\/sites\/12\/2020\/01\/hooks-size-300x300.jpg 300w, https:\/\/isopllc.com\/tr\/wp-content\/uploads\/sites\/12\/2020\/01\/hooks-size-1024x1024.jpg 1024w, https:\/\/isopllc.com\/tr\/wp-content\/uploads\/sites\/12\/2020\/01\/hooks-size-150x150.jpg 150w, https:\/\/isopllc.com\/tr\/wp-content\/uploads\/sites\/12\/2020\/01\/hooks-size-768x768.jpg 768w, https:\/\/isopllc.com\/tr\/wp-content\/uploads\/sites\/12\/2020\/01\/hooks-size-1000x1000.jpg 1000w, https:\/\/isopllc.com\/tr\/wp-content\/uploads\/sites\/12\/2020\/01\/hooks-size-416x416.jpg 416w, https:\/\/isopllc.com\/tr\/wp-content\/uploads\/sites\/12\/2020\/01\/hooks-size-100x100.jpg 100w, https:\/\/isopllc.com\/tr\/wp-content\/uploads\/sites\/12\/2020\/01\/hooks-size.jpg 1200w\" sizes=\"auto, (max-width: 300px) 100vw, 300px\" \/><\/p>\n<h4 class=\"a-spacing-mini\">\u00f6zellikler ve faydalar<\/h4>\n<ul>\n<li class=\"a-spacing-mini\">Y\u00fcksek kaliteli malzemelerden \u00fcretilmi\u015ftir &#8211; g\u00fc\u00e7l\u00fc, sa\u011flam, dayan\u0131kl\u0131, g\u00fcvenilir ve kullan\u0131m\u0131 g\u00fcvenlidir<\/li>\n<li class=\"a-spacing-mini\">\u0130deal boyut &#8211; \u00e7o\u011fu pencereye uyar<\/li>\n<li class=\"a-spacing-mini\">Minimalist, ancak pratik tasar\u0131m kolay ba\u011flant\u0131 sa\u011flar<\/li>\n<li class=\"a-spacing-mini\">H\u0131zl\u0131 ve kolay kurulum &#8211; herhangi bir alet gerektirmez<\/li>\n<li class=\"a-spacing-mini\">Minimum e\u011fitimle veya hi\u00e7 e\u011fitim olmadan kullan\u0131labilir<\/li>\n<li class=\"a-spacing-mini\">Sadece bir taraftaki pencereye, di\u011fer taraftaki ip merdivene kelep\u00e7eleyin ve 10 saniye i\u00e7inde a\u015fa\u011f\u0131 inin<\/li>\n<li class=\"a-spacing-mini\">Hafif ve ta\u015f\u0131nabilir<\/li>\n<li class=\"a-spacing-mini\">Kolay saklama i\u00e7in kompakt<\/li>\n<\/ul>\n<\/div>\n<p><img decoding=\"async\" class=\"a-spacing-mini aligncenter\" src=\"https:\/\/m.media-amazon.com\/images\/S\/aplus-media\/sc\/97960495-f8fe-4173-8653-41fa79334c3e.__CR0,0,1200,1200_PT0_SX300_V1___.jpg\" alt=\"use\" data-src=\"https:\/\/m.media-amazon.com\/images\/S\/aplus-media\/sc\/97960495-f8fe-4173-8653-41fa79334c3e.__CR0,0,1200,1200_PT0_SX300_V1___.jpg\" \/><\/p>\n<h4 class=\"a-spacing-mini\">i\u00e7in\/olarak\/ile kullan\u0131labilir<\/h4>\n<ul>\n<li class=\"a-spacing-mini\">Kurtarma halat\u0131 merdivenleriyle birlikte bir pencereden, balkondan veya \u00e7at\u0131dan<\/li>\n<li class=\"a-spacing-mini\">Acil durumlarda yang\u0131n merdiveni<\/li>\n<li class=\"a-spacing-mini\">T\u0131rmanma duvarlar\u0131<\/li>\n<li class=\"a-spacing-mini\">Yap\u0131 sekt\u00f6r\u00fc<\/li>\n<li class=\"a-spacing-mini\">Bir a\u011fa\u00e7tan as\u0131l\u0131<\/li>\n<li class=\"a-spacing-mini\">Bir a\u011fa\u00e7 eve t\u0131rmanmak<\/li>\n<\/ul>\n<\/div>\n<\/div>\n<\/div>\n<\/div>\n","protected":false},"excerpt":{"rendered":"<p id=\"title\" class=\"a-size-large a-spacing-none\" style=\"text-align: center;\"><span id=\"productTitle\" class=\"a-size-large product-title-word-break\">Ka\u00e7\u0131\u015f Merdivenleri i\u00e7in Pencere Kancas\u0131 | 2 Kanca | Kurtarma ipi Merdiveni i\u00e7in Demir Kanca | Co\u011fu Pencere i\u00e7in Acil Durum Kancas\u0131 Seti &#8211; Karabinalar Veya G\u00f6rev liderleri i\u00e7in ideal &#8211; sa\u011flam, dayan\u0131kl\u0131 ve ta\u015f\u0131nabilir<\/span><\/p>\n<p style=\"text-align: center;\">10-14 G\u00dcN \u0130\u00c7ER\u0130S\u0130NDE \u00dcCRETS\u0130Z TESL\u0130MAT<\/p>\n<p>&nbsp;<\/p>\n","protected":false},"featured_media":1067,"comment_status":"open","ping_status":"closed","template":"","meta":[],"product_brand":[],"product_cat":[190],"product_tag":[43,138,139],"class_list":{"0":"post-1294","1":"product","2":"type-product","3":"status-publish","4":"has-post-thumbnail","6":"product_cat-yangin-merdivenleri-icin-aksesuarlar","7":"product_tag-guvenlik-ekipmani","8":"product_tag-kacis-merdiveni-kancasi","9":"product_tag-pencere-kancasi","11":"first","12":"instock","13":"shipping-taxable","14":"purchasable","15":"product-type-simple"},"_links":{"self":[{"href":"https:\/\/isopllc.com\/tr\/wp-json\/wp\/v2\/product\/1294","targetHints":{"allow":["GET"]}}],"collection":[{"href":"https:\/\/isopllc.com\/tr\/wp-json\/wp\/v2\/product"}],"about":[{"href":"https:\/\/isopllc.com\/tr\/wp-json\/wp\/v2\/types\/product"}],"replies":[{"embeddable":true,"href":"https:\/\/isopllc.com\/tr\/wp-json\/wp\/v2\/comments?post=1294"}],"wp:featuredmedia":[{"embeddable":true,"href":"https:\/\/isopllc.com\/tr\/wp-json\/wp\/v2\/media\/1067"}],"wp:attachment":[{"href":"https:\/\/isopllc.com\/tr\/wp-json\/wp\/v2\/media?parent=1294"}],"wp:term":[{"taxonomy":"product_brand","embeddable":true,"href":"https:\/\/isopllc.com\/tr\/wp-json\/wp\/v2\/product_brand?post=1294"},{"taxonomy":"product_cat","embeddable":true,"href":"https:\/\/isopllc.com\/tr\/wp-json\/wp\/v2\/product_cat?post=1294"},{"taxonomy":"product_tag","embeddable":true,"href":"https:\/\/isopllc.com\/tr\/wp-json\/wp\/v2\/product_tag?post=1294"}],"curies":[{"name":"wp","href":"https:\/\/api.w.org\/{rel}","templated":true}]}}