{"id":1296,"date":"2020-01-30T06:31:07","date_gmt":"2020-01-30T06:31:07","guid":{"rendered":"https:\/\/rightfoodonly.com\/?post_type=product&#038;p=1296"},"modified":"2025-07-01T06:51:29","modified_gmt":"2025-07-01T06:51:29","slug":"evcil-hayvanlar-icin-yangin-tahliye-cihazi","status":"publish","type":"product","link":"https:\/\/isopllc.com\/tr\/product\/evcil-hayvanlar-icin-yangin-tahliye-cihazi\/","title":{"rendered":"35 kg&#8217;a kadar Evcil Hayvanlar i\u00e7in Yang\u0131n Tahliye Cihaz\u0131"},"content":{"rendered":"<div class=\"celwidget aplus-module module-1\" data-cel-widget=\"aplus-module-1\">\n<div class=\"a-expander-collapsed-height a-row a-expander-container a-expander-partial-collapse-container\" data-a-expander-name=\"aplus-module-expander\" data-a-expander-collapsed-height=\"700\">\n<div class=\"a-expander-content a-expander-partial-collapse-content\">\n<div class=\"aplus-module-wrapper apm-fixed-width\">\n<div class=\"apm-spacing apm-wrap\">\n<div class=\"apm-floatleft apm-wrap\">\n<div class=\"apm-leftimage\"><img decoding=\"async\" class=\"a-spacing-mini alignleft\" src=\"https:\/\/m.media-amazon.com\/images\/S\/aplus-media\/sc\/12937edf-a97d-4a60-bf54-3b50b9ed8d44.__CR0,0,300,400_PT0_SX300_V1___.jpg\" alt=\"firebag 1\" data-src=\"https:\/\/m.media-amazon.com\/images\/S\/aplus-media\/sc\/12937edf-a97d-4a60-bf54-3b50b9ed8d44.__CR0,0,300,400_PT0_SX300_V1___.jpg\" \/><\/div>\n<div class=\"apm-rightthirdcol\">\n<div class=\"apm-rightthirdcol-inner\">\n<h3>35 kg&#8217;a kadar Evcil Hayvanlar i\u00e7in Yang\u0131n Tahliye Cihaz\u0131<\/h3>\n<h3 class=\"a-spacing-mini\">Yang\u0131n \u00c7\u0131kmas\u0131 Durumunda K\u00fc\u00e7\u00fck Mele\u011finizin G\u00fcvende Kald\u0131\u011f\u0131ndan Emin Olun!<\/h3>\n<h4 class=\"a-spacing-mini a-color-secondary a-text-italic\">\u00c7ocuklara veya Evcil Hayvanlara Y\u00f6nelik En \u0130yi Acil Yang\u0131n Tahliye Cihaz\u0131, ISOP Taraf\u0131ndan Sunulmaktad\u0131r!<\/h4>\n<p class=\"a-spacing-base\">5. katta m\u0131 oturuyorsunuz ve yang\u0131n durumunda \u00e7ocuklar\u0131n\u0131z\u0131n g\u00fcvenli\u011finden endi\u015fe ediyor musunuz?\u00a0\u00c7ocu\u011funuzun veya evcil hayvan\u0131n\u0131z\u0131n g\u00fcvenli bir \u015fekilde binan\u0131n d\u0131\u015f\u0131ndan h\u0131zl\u0131 bir ka\u00e7\u0131\u015f yapabilece\u011fini bilerek daha m\u0131 iyi uyursunuz?<\/p>\n<p class=\"a-spacing-base\">Bir s\u0131rt \u00e7antas\u0131 \u015feklinde yap\u0131lm\u0131\u015f bu yang\u0131n ka\u00e7\u0131\u015f \u00e7antas\u0131, acil durumlarda bir bebe\u011fi veya evcil hayvan\u0131 oraya yerle\u015ftirmenize, sadece giymenize ve a\u011f\u0131r bir ip kullanarak bir pencereden d\u0131\u015far\u0131 \u00e7\u0131kman\u0131za veya indirmenize izin verir.<\/p>\n<h4 class=\"a-spacing-base\"><span class=\"a-text-bold\">\u00c7ocu\u011funuzu 3 Ad\u0131mda Tehlikeden G\u00fcvenli\u011fe Al\u0131n!<\/span><\/h4>\n<div class=\"amp-centerthirdcol-listbox\">\n<div class=\"apm-listbox amp-centerthirdcol-listbox a-box a-color-alternate-background a-spacing-small\">\n<div class=\"a-box-inner\">\n<ul class=\"a-unordered-list a-vertical\">\n<li><span class=\"a-list-item\"><span class=\"a-size-base a-color-secondary\">Yang\u0131n acil ka\u00e7\u0131\u015f cihaz\u0131n\u0131 a\u00e7\u0131n<\/span><\/span><\/li>\n<li><span class=\"a-list-item\"><span class=\"a-size-base a-color-secondary\">\u0130\u00e7ine bir yast\u0131k koyun ve \u00fczerine \u00e7ocu\u011funuzu veya evcil hayvan\u0131n\u0131z\u0131 koyun<\/span><\/span><\/li>\n<li><span class=\"a-list-item\"><span class=\"a-size-base a-color-secondary\">De\u011ferli i\u00e7eri\u011fi olan \u00e7antay\u0131 binan\u0131n d\u0131\u015f\u0131ndan yere indirin<\/span><\/span><\/li>\n<\/ul>\n<h3 class=\"a-color-secondary\">\u0130ster 1. ister 5. katta oturun, \u00e7ocu\u011funuz hayati tehlike arz eden yang\u0131n ve bo\u011fucu dumandan uzak, g\u00fcvenli bir \u015fekilde yere inecektir.<\/h3>\n<h4 class=\"a-spacing-small a-size-small a-color-secondary\"><span class=\"a-text-bold\">Neden ISOP Yang\u0131n Acil Ka\u00e7\u0131\u015f \u00c7antas\u0131n\u0131 Se\u00e7melisiniz?<\/span><\/h4>\n<div class=\"apm-listbox a-box a-color-alternate-background a-spacing-small\">\n<div class=\"a-box-inner\">\n<ul class=\"a-unordered-list a-vertical\">\n<li><span class=\"a-list-item\"><span class=\"a-size-base a-color-secondary\">15 m \u00dcCRETS\u0130Z a\u011f\u0131r hizmet ipi ile birlikte gelir<\/span><\/span><\/li>\n<li><span class=\"a-list-item\"><span class=\"a-size-base a-color-secondary\">5. kata kadar olan evler i\u00e7in harika<\/span><\/span><\/li>\n<li><span class=\"a-list-item\"><span class=\"a-size-base a-color-secondary\">Daha iyi hava ak\u0131\u015f\u0131 i\u00e7in geni\u015f PVC kapl\u0131 file \u00f6n k\u0131s\u0131m<\/span><\/span><\/li>\n<li><span class=\"a-list-item\"><span class=\"a-size-base a-color-secondary\">Kullan\u0131\u015fl\u0131 saklama \u00e7antas\u0131nda saklamas\u0131 kolay<\/span><\/span><\/li>\n<li><span class=\"a-list-item\"><span class=\"a-size-base a-color-secondary\">Acil Durum Aletleri Kitinizi Tamamlay\u0131n!<\/span><\/span><\/li>\n<li><span class=\"a-list-item\"><span class=\"a-size-base a-color-secondary\">68kg&#8217;a kadar olan \u00e7ocuklar i\u00e7in \u00f6nerilir.<\/span><\/span><\/li>\n<\/ul>\n<p class=\"a-spacing-small a-size-small a-color-secondary\">Art\u0131k k\u00fc\u00e7\u00fck mele\u011finizin g\u00fcvenli\u011fi i\u00e7in uykunuzu kaybetmenize gerek yok!<\/p>\n<p class=\"a-spacing-small a-size-small a-color-secondary\">ISOP&#8217;ta size uzun s\u00fcredir yang\u0131n merdiveni ekipmanlar\u0131nda en iyisini sunuyoruz.\u00a0Yang\u0131n merdivenlerimiz, yang\u0131n \u00e7antalar\u0131m\u0131z siz de\u011ferli m\u00fc\u015fterilerimizin g\u00fcvenini kazanm\u0131\u015ft\u0131r.<\/p>\n<p class=\"a-spacing-small a-size-small a-color-secondary\">Kendi sorumlulu\u011funuzda kullan\u0131n.<\/p>\n<ul class=\"a-unordered-list a-vertical a-spacing-none\">\n<li><span class=\"a-list-item\">SEVD\u0130KLER\u0130N\u0130Z\u0130 G\u00dcVENDE TUTUN: \u00c7ocu\u011funuzun yang\u0131n durumunda g\u00fcvende oldu\u011fundan emin olun!\u00a0Bu yang\u0131n g\u00fcvenlik cihaz\u0131na bir yast\u0131k yerle\u015ftirin, \u00e7ocu\u011funuzu &#8211; veya t\u00fcyl\u00fc arkada\u015f\u0131n\u0131z\u0131 &#8211; i\u00e7ine koyun ve g\u00fcvenli bir yere indirin.<\/span><\/li>\n<li><span class=\"a-list-item\">KULLANIMI VE DEPOLAMA KOLAY: Sadece bu kullan\u0131m\u0131 kolay yang\u0131n acil durum arac\u0131n\u0131 a\u00e7\u0131n ve yang\u0131n durumunda zaman kaybetmeyin!\u00a0Bu hayat kurtaran yang\u0131n acil durum arac\u0131, yerden tasarruf sa\u011flayan saklama i\u00e7in kullan\u0131\u015fl\u0131 bir saklama \u00e7antas\u0131yla birlikte gelir.<\/span><\/li>\n<li><span class=\"a-list-item\">HIZLI YANGIN KA\u00c7I\u015eI \u0130\u00c7\u0130N \u0130HT\u0130YACINIZ OLAN HER \u015eEY TEK B\u0130R TORBA \u0130\u00c7\u0130NDE: \u00c7ocu\u011funuzun g\u00fcvenli yang\u0131n merdiveni i\u00e7in ihtiyac\u0131n\u0131z olan her \u015feyi tek bir yerde haz\u0131rlayabilmeniz i\u00e7in size BONUS olarak a\u011f\u0131r hizmet tipi 15 m ipi sunuyoruz.<\/span><\/li>\n<li><span class=\"a-list-item\">BOYUTLAR :48\/45\/25 cm<\/span><\/li>\n<\/ul>\n<\/div>\n<\/div>\n<\/div>\n<\/div>\n<\/div>\n<\/div>\n<\/div>\n<\/div>\n<\/div>\n<\/div>\n<\/div>\n<\/div>\n<\/div>\n","protected":false},"excerpt":{"rendered":"[embed]https:\/\/youtu.be\/FhpPmKIcpV8[\/embed]\n<p id=\"title\" class=\"a-size-large a-spacing-none\" style=\"text-align: center;\"><span id=\"productTitle\" class=\"a-size-large product-title-word-break\">35 kg&#8217;a kadar Evcil Hayvanlar i\u00e7in Yang\u0131n Tahliye Cihaz\u0131 &#8211; Kompakt G\u00fcvenlik Ekipmanlar\u0131 &#8211; 15 m Halat Dahil &#8211; Hayvanlar i\u00e7in Acil Hayatta Kalma Kiti<\/span><\/p>\n<p style=\"text-align: center;\">10-14 G\u00dcN \u0130\u00c7ER\u0130S\u0130NDE \u00dcCRETS\u0130Z TESL\u0130MAT<\/p>\n<p>&nbsp;<\/p>\n","protected":false},"featured_media":1297,"comment_status":"open","ping_status":"closed","template":"","meta":[],"product_brand":[],"product_cat":[189],"product_tag":[36,37,35],"class_list":{"0":"post-1296","1":"product","2":"type-product","3":"status-publish","4":"has-post-thumbnail","6":"product_cat-evcil-hayvanlar-icin-yangin-merdiveni","7":"product_tag-evcil-hayvan-tahliye","8":"product_tag-yangin-guvenligi-cihazi","9":"product_tag-yangin-tahliye-cihazi","11":"first","12":"instock","13":"shipping-taxable","14":"purchasable","15":"product-type-simple"},"_links":{"self":[{"href":"https:\/\/isopllc.com\/tr\/wp-json\/wp\/v2\/product\/1296","targetHints":{"allow":["GET"]}}],"collection":[{"href":"https:\/\/isopllc.com\/tr\/wp-json\/wp\/v2\/product"}],"about":[{"href":"https:\/\/isopllc.com\/tr\/wp-json\/wp\/v2\/types\/product"}],"replies":[{"embeddable":true,"href":"https:\/\/isopllc.com\/tr\/wp-json\/wp\/v2\/comments?post=1296"}],"wp:featuredmedia":[{"embeddable":true,"href":"https:\/\/isopllc.com\/tr\/wp-json\/wp\/v2\/media\/1297"}],"wp:attachment":[{"href":"https:\/\/isopllc.com\/tr\/wp-json\/wp\/v2\/media?parent=1296"}],"wp:term":[{"taxonomy":"product_brand","embeddable":true,"href":"https:\/\/isopllc.com\/tr\/wp-json\/wp\/v2\/product_brand?post=1296"},{"taxonomy":"product_cat","embeddable":true,"href":"https:\/\/isopllc.com\/tr\/wp-json\/wp\/v2\/product_cat?post=1296"},{"taxonomy":"product_tag","embeddable":true,"href":"https:\/\/isopllc.com\/tr\/wp-json\/wp\/v2\/product_tag?post=1296"}],"curies":[{"name":"wp","href":"https:\/\/api.w.org\/{rel}","templated":true}]}}