{"id":1485,"date":"2020-02-06T03:02:39","date_gmt":"2020-02-06T03:02:39","guid":{"rendered":"https:\/\/rightfoodonly.com\/?post_type=product&#038;p=1485"},"modified":"2025-07-01T06:51:05","modified_gmt":"2025-07-01T06:51:05","slug":"evler-icin-halat-merdiven-5-m","status":"publish","type":"product","link":"https:\/\/isopllc.com\/tr\/product\/evler-icin-halat-merdiven-5-m\/","title":{"rendered":"Evler i\u00e7in Halat Merdiven 5 m"},"content":{"rendered":"<h3><\/h3>\n<h3><img loading=\"lazy\" decoding=\"async\" class=\"alignnone size-medium\" src=\"https:\/\/m.media-amazon.com\/images\/S\/aplus-media\/sc\/b8ed94ac-c904-409e-b504-aa88009b57f7.__CR0,0,970,300_PT0_SX970_V1___.jpg\" width=\"970\" height=\"300\" \/><\/h3>\n<div class=\"celwidget aplus-module module-9\" style=\"text-align: center;\" data-csa-c-id=\"8qdekw-f2p4k0-r9icce-qoj6p0\" data-cel-widget=\"aplus-module-9\">\n<div class=\"a-expander-collapsed-height a-row a-expander-container a-expander-partial-collapse-container\" data-a-expander-name=\"aplus-module-expander\" data-a-expander-collapsed-height=\"700\">\n<div class=\"a-expander-content a-expander-partial-collapse-content\">\n<div class=\"aplus-module-wrapper\">\n<div class=\"apm-spacing apm-fixed-width\">\n<h2>Evler i\u00e7in Halat Merdiven 5 m -11KN Karabinal\u0131 5 m A\u011fa\u00e7 Ev i\u00e7in Halat Merdiven | Oyun Alan\u0131 ve T\u0131rmanma<\/h2>\n<div class=\"celwidget aplus-module module-9\" style=\"text-align: center;\" data-csa-c-id=\"8qdekw-f2p4k0-r9icce-qoj6p0\" data-cel-widget=\"aplus-module-9\">\n<div class=\"a-expander-collapsed-height a-row a-expander-container a-expander-partial-collapse-container\" data-a-expander-name=\"aplus-module-expander\" data-a-expander-collapsed-height=\"700\">\n<div class=\"a-expander-content a-expander-partial-collapse-content\">\n<div class=\"aplus-module-wrapper\">\n<div class=\"apm-spacing apm-fixed-width\">\n<p>\u0130p merdiven, \u00e7ocu\u011funuzun oyun alan\u0131na yeni bir e\u011flence unsuru eklemenin harika bir yoludur. A\u011fa\u00e7 ev i\u00e7in bir Halat merdiveni bunu yapman\u0131n yollar\u0131ndan biridir. A\u00e7\u0131k alan veya a\u011fa\u00e7 ev i\u00e7in en iyisini se\u00e7meli ve \u00e7ocu\u011funuzu oyun saatlerinde macerac\u0131 yan\u0131n\u0131 ke\u015ffetmeye te\u015fvik etmelisiniz.<\/p>\n<p>Bir \u00e7ocu\u011fun g\u00fcvenlik \u00f6nlemlerini ak\u0131lda tutmak i\u00e7in \u00f6zel olarak haz\u0131rland\u0131klar\u0131 i\u00e7in, herhangi bir zamanda kullan\u0131lmas\u0131 g\u00fcvenli ve g\u00fcvenilirdir. Bir a\u011fa\u00e7 ev i\u00e7in bir\u00e7ok \u00f6nemli unsurdan biri ip merdivendir. Bu nedenle, \u00e7e\u015fitli g\u00fcvenlik \u00f6zellikleriyle donat\u0131lm\u0131\u015f olmak \u00f6nemlidir. ISOP&#8217;ta a\u011fa\u00e7 ev i\u00e7in bir ip merdiveni \u00f6zel \u00f6zelliklere sahiptir. Onun hakk\u0131nda konu\u015fal\u0131m:<\/p>\n<h3 class=\"a-spacing-small\">Neden bizi se\u00e7melisiniz?<\/h3>\n<p><img loading=\"lazy\" decoding=\"async\" class=\" wp-image-4678 aligncenter\" src=\"https:\/\/isopllc.com\/tr\/wp-content\/uploads\/sites\/12\/2022\/11\/reflective-rope-ladders-225x300.jpg\" alt=\"\" width=\"284\" height=\"379\" srcset=\"https:\/\/isopllc.com\/tr\/wp-content\/uploads\/sites\/12\/2022\/11\/reflective-rope-ladders-225x300.jpg 225w, https:\/\/isopllc.com\/tr\/wp-content\/uploads\/sites\/12\/2022\/11\/reflective-rope-ladders-768x1024.jpg 768w, https:\/\/isopllc.com\/tr\/wp-content\/uploads\/sites\/12\/2022\/11\/reflective-rope-ladders-750x1000.jpg 750w, https:\/\/isopllc.com\/tr\/wp-content\/uploads\/sites\/12\/2022\/11\/reflective-rope-ladders-416x555.jpg 416w, https:\/\/isopllc.com\/tr\/wp-content\/uploads\/sites\/12\/2022\/11\/reflective-rope-ladders.jpg 1080w\" sizes=\"auto, (max-width: 284px) 100vw, 284px\" \/><\/p>\n<h4>Patentli yans\u0131t\u0131c\u0131 teknoloji<\/h4>\n<p>Bu merdiven, kolayl\u0131k ve eri\u015filebilirlik g\u00f6z \u00f6n\u00fcnde bulundurularak tasarlanm\u0131\u015ft\u0131r.<\/p>\n<p>Bu naylon halatlara dokunan \u00f6zel bir yans\u0131t\u0131c\u0131 \u015ferit, fenerin \u0131\u015f\u0131\u011f\u0131nda olduk\u00e7a g\u00f6r\u00fcn\u00fcr olmas\u0131n\u0131 sa\u011flar, b\u00f6ylece geceleri ona tak\u0131l\u0131p d\u00fc\u015fmezsiniz.<\/p>\n<p><img loading=\"lazy\" decoding=\"async\" class=\"a-spacing-mini aligncenter\" style=\"font-weight: 600;\" src=\"https:\/\/m.media-amazon.com\/images\/S\/aplus-media\/sc\/1d1c9f11-8b81-43e1-b2d9-232d2a154745.__CR0,193,641,641_PT0_SX300_V1___.jpg\" alt=\"\" width=\"300\" height=\"300\" data-src=\"https:\/\/m.media-amazon.com\/images\/S\/aplus-media\/sc\/1d1c9f11-8b81-43e1-b2d9-232d2a154745.__CR0,193,641,641_PT0_SX300_V1___.jpg\" \/><\/p>\n<p class=\"a-spacing-mini\"><strong>ULTRA g\u00fc\u00e7l\u00fc<\/strong><br \/>\nbizimkinden daha g\u00fc\u00e7l\u00fc ve daha g\u00fcvenilir merdivenler yoktur, <span class=\"a-text-bold\"><strong>\u00a0test edilmi\u015ftir (!)<\/strong>\u00a0<\/span> \u2013 900 kg veya 10 ki\u015fi ta\u015f\u0131r! Zincir merdivenler bile bu a\u011f\u0131rl\u0131k kapasitesiyle \u00f6v\u00fcnemez.<\/p>\n<p><img loading=\"lazy\" decoding=\"async\" class=\"a-spacing-mini aligncenter\" src=\"https:\/\/m.media-amazon.com\/images\/S\/aplus-media\/sc\/66906d66-df90-4038-8550-d72faf80c38f.__CR0,0,1200,1200_PT0_SX300_V1___.jpg\" alt=\"\" width=\"300\" height=\"300\" data-src=\"https:\/\/m.media-amazon.com\/images\/S\/aplus-media\/sc\/66906d66-df90-4038-8550-d72faf80c38f.__CR0,0,1200,1200_PT0_SX300_V1___.jpg\" \/><\/p>\n<p><strong>\u00e7ok i\u015flevli<\/strong><\/p>\n<p>oyun alan\u0131, sal\u0131ncak, a\u011fa\u00e7 ev, \u00e7at\u0131 kat\u0131, bah\u00e7e, \u00e7at\u0131, loft, bunker, denizcilik ve hatta dekoratif ama\u00e7lar i\u00e7in kullan\u0131labildi\u011fi gibi yang\u0131n merdiveni de kullan\u0131labilir. Sonsuz \u00e7e\u015fitlilikte kullan\u0131m se\u00e7enekleri.<\/p>\n<p><img loading=\"lazy\" decoding=\"async\" class=\"a-spacing-mini aligncenter\" src=\"https:\/\/m.media-amazon.com\/images\/S\/aplus-media\/sc\/a53251f8-492d-40f3-a9db-2bdd1415646f.__CR1018,0,1260,1260_PT0_SX300_V1___.png\" alt=\"\" width=\"300\" height=\"300\" data-src=\"https:\/\/m.media-amazon.com\/images\/S\/aplus-media\/sc\/a53251f8-492d-40f3-a9db-2bdd1415646f.__CR1018,0,1260,1260_PT0_SX300_V1___.png\" \/><\/p>\n<h4 class=\"a-spacing-mini\"><strong>Kaymaz basamaklar<\/strong><\/h4>\n<p>basamaklar sekizgen \u015feklindedir, bu nedenle g\u00fcvenilirdirler ve kaygan de\u011fildirler.<\/p>\n<h4 class=\"a-spacing-mini\"><img loading=\"lazy\" decoding=\"async\" class=\"aligncenter\" style=\"font-size: 16px;\" src=\"https:\/\/m.media-amazon.com\/images\/S\/aplus-media\/sc\/2b5aeb68-441e-435d-b89c-5d2faf4eb063.__CR0,0,1000,1000_PT0_SX220_V1___.jpg\" alt=\"\" width=\"220\" height=\"220\" data-src=\"https:\/\/m.media-amazon.com\/images\/S\/aplus-media\/sc\/2b5aeb68-441e-435d-b89c-5d2faf4eb063.__CR0,0,1000,1000_PT0_SX220_V1___.jpg\" \/><\/h4>\n<\/div>\n<div>\n<h4 class=\"a-spacing-mini\">Ta\u015f\u0131nabilir<\/h4>\n<p class=\"a-size-small\">g\u00fczel tasarlanm\u0131\u015f siyah bir \u00e7anta ile birlikte gelir. Merdiven bir \u00e7antada herhangi bir yere ta\u015f\u0131nmas\u0131 kolayd\u0131r. Do\u011fal ah\u015fap renginde bir hediye kutusu i\u00e7erir.<\/p>\n<h4 class=\"a-spacing-mini\"><img loading=\"lazy\" decoding=\"async\" class=\"aligncenter\" style=\"font-size: 16px;\" src=\"https:\/\/m.media-amazon.com\/images\/S\/aplus-media\/sc\/f2e8fc4d-adcb-4ad8-87e7-2d18df74811d.__CR0,13,974,974_PT0_SX220_V1___.jpg\" alt=\"\" width=\"220\" height=\"220\" data-src=\"https:\/\/m.media-amazon.com\/images\/S\/aplus-media\/sc\/f2e8fc4d-adcb-4ad8-87e7-2d18df74811d.__CR0,13,974,974_PT0_SX220_V1___.jpg\" \/><\/h4>\n<\/div>\n<\/div>\n<\/div>\n<div>\n<h4 class=\"a-spacing-mini\"><strong>Hafif<\/strong><\/h4>\n<p class=\"a-size-small\">\u00f6rne\u011fin, 2.5 m a\u011f\u0131rl\u0131k sadece 1.8 kg<\/p>\n<h4 class=\"a-spacing-mini\"><img loading=\"lazy\" decoding=\"async\" class=\"aligncenter\" style=\"font-size: 16px;\" src=\"https:\/\/m.media-amazon.com\/images\/S\/aplus-media\/sc\/0552c400-f2fc-46a1-84a9-d5030a1ca8e2.__CR0,0,1000,1000_PT0_SX220_V1___.jpg\" alt=\"\" width=\"220\" height=\"220\" data-src=\"https:\/\/m.media-amazon.com\/images\/S\/aplus-media\/sc\/0552c400-f2fc-46a1-84a9-d5030a1ca8e2.__CR0,0,1000,1000_PT0_SX220_V1___.jpg\" \/><\/h4>\n<h4 class=\"a-spacing-mini\"><strong>Hava ko\u015fullar\u0131na dayan\u0131kl\u0131<\/strong><\/h4>\n<p class=\"a-size-small\">Her t\u00fcrl\u00fc hava ko\u015fulunda neredeyse hi\u00e7 eskimeyen merdivenler, ya\u011fmurda zarar g\u00f6rmez.<\/p>\n<h4 class=\"a-spacing-mini\"><img loading=\"lazy\" decoding=\"async\" class=\"aligncenter\" style=\"font-size: 16px;\" src=\"https:\/\/m.media-amazon.com\/images\/S\/aplus-media\/sc\/14916db8-10a6-4760-8535-f49470d709ad.__CR11,0,1189,1189_PT0_SX220_V1___.jpg\" alt=\"\" width=\"220\" height=\"220\" data-src=\"https:\/\/m.media-amazon.com\/images\/S\/aplus-media\/sc\/14916db8-10a6-4760-8535-f49470d709ad.__CR11,0,1189,1189_PT0_SX220_V1___.jpg\" \/><\/h4>\n<div class=\"celwidget aplus-module module-9\" style=\"text-align: center;\" data-csa-c-id=\"8qdekw-f2p4k0-r9icce-qoj6p0\" data-cel-widget=\"aplus-module-9\">\n<div class=\"a-expander-collapsed-height a-row a-expander-container a-expander-partial-collapse-container\" data-a-expander-name=\"aplus-module-expander\" data-a-expander-collapsed-height=\"700\">\n<div>\n<h4 class=\"a-spacing-mini\"><strong>A\u011f\u0131r hizmet tipi karabinalar<\/strong><\/h4>\n<p class=\"a-size-small\">Evler i\u00e7in Halat Merdiven k\u0131r\u0131lma mukavemeti 11KN krom kapl\u0131 karabinalar i\u00e7erir<\/p>\n<\/div>\n<\/div>\n<\/div>\n<h4 class=\"a-spacing-mini\"><img loading=\"lazy\" decoding=\"async\" class=\"a-spacing-mini aligncenter\" style=\"font-size: 16px;\" src=\"https:\/\/m.media-amazon.com\/images\/S\/aplus-media\/sc\/d843778e-92b5-40e7-a239-8e35fcbadff6.__CR0,0,2000,2000_PT0_SX300_V1___.jpg\" alt=\"\" width=\"300\" height=\"300\" data-src=\"https:\/\/m.media-amazon.com\/images\/S\/aplus-media\/sc\/d843778e-92b5-40e7-a239-8e35fcbadff6.__CR0,0,2000,2000_PT0_SX300_V1___.jpg\" \/><\/h4>\n<\/div>\n<\/div>\n<\/div>\n<div class=\"celwidget aplus-module module-4\" style=\"text-align: center;\" data-csa-c-id=\"r0jyvc-byof08-6y9606-vmksqx\" data-cel-widget=\"aplus-module-4\">\n<div class=\"a-expander-collapsed-height a-row a-expander-container a-expander-partial-collapse-container\" data-a-expander-name=\"aplus-module-expander\" data-a-expander-collapsed-height=\"700\">\n<div class=\"a-expander-content a-expander-partial-collapse-content\">\n<h4 class=\"a-spacing-mini\"><strong>Farkl\u0131 uzunluk<\/strong><\/h4>\n<p>1-4 katl\u0131 evler i\u00e7in 2.5\/4\/5\/8\/10 m mevcuttur.<\/p>\n<h4 class=\"a-spacing-mini\"><img loading=\"lazy\" decoding=\"async\" class=\"a-spacing-mini aligncenter\" style=\"font-size: 16px;\" src=\"https:\/\/m.media-amazon.com\/images\/S\/aplus-media\/sc\/b32fbb7f-dd3b-4bce-a9d4-1f51dbe477df.__CR0,0,1000,1000_PT0_SX300_V1___.jpg\" alt=\"Evler i\u00e7in Halat Merdiven\" width=\"300\" height=\"300\" data-src=\"https:\/\/m.media-amazon.com\/images\/S\/aplus-media\/sc\/b32fbb7f-dd3b-4bce-a9d4-1f51dbe477df.__CR0,0,1000,1000_PT0_SX300_V1___.jpg\" \/><\/h4>\n<div class=\"celwidget aplus-module module-4\" style=\"text-align: center;\" data-csa-c-id=\"r0jyvc-byof08-6y9606-vmksqx\" data-cel-widget=\"aplus-module-4\">\n<div class=\"a-expander-collapsed-height a-row a-expander-container a-expander-partial-collapse-container\" data-a-expander-name=\"aplus-module-expander\" data-a-expander-collapsed-height=\"700\">\n<div class=\"a-expander-content a-expander-partial-collapse-content\">\n<div>\n<h4 class=\"a-spacing-mini\"><strong>Yeniden kullan\u0131labilir<\/strong><\/h4>\n<p>Di\u011fer al\u00fcminyum merdivenlerin aksine halat merdivenlerimiz tekrar kullan\u0131labilir.<\/p>\n<\/div>\n<\/div>\n<\/div>\n<\/div>\n<div class=\"celwidget aplus-module module-2\" data-csa-c-id=\"natz8u-fpdgqh-3o4hqm-4hr1km\" data-cel-widget=\"aplus-module-2\">\n<div class=\"a-expander-collapsed-height a-row a-expander-container a-expander-partial-collapse-container\" data-a-expander-name=\"aplus-module-expander\" data-a-expander-collapsed-height=\"700\">\n<div class=\"a-expander-content a-expander-partial-collapse-content\">\n<div class=\"aplus-module-wrapper apm-floatnone\">\n<div class=\"apm-sidemodule apm-spacing\">\n<div class=\"apm-sidemodule-imageleft\" style=\"text-align: center;\"><\/div>\n<\/div>\n<\/div>\n<\/div>\n<\/div>\n<\/div>\n<\/div>\n<\/div>\n<\/div>\n<h3 class=\"a-spacing-small\"><img loading=\"lazy\" decoding=\"async\" class=\"aligncenter\" style=\"font-size: 16px;\" src=\"https:\/\/m.media-amazon.com\/images\/S\/aplus-media\/sc\/7c7570fe-6600-49ef-9540-55b6a874c8a7.__CR0,0,1280,1280_PT0_SX300_V1___.jpg\" alt=\"\" width=\"300\" height=\"300\" data-src=\"https:\/\/m.media-amazon.com\/images\/S\/aplus-media\/sc\/7c7570fe-6600-49ef-9540-55b6a874c8a7.__CR0,0,1280,1280_PT0_SX300_V1___.jpg\" \/><\/h3>\n<\/div>\n<\/div>\n<\/div>\n<\/div>\n<\/div>\n<div class=\"celwidget aplus-module module-4\" style=\"text-align: center;\" data-csa-c-id=\"r0jyvc-byof08-6y9606-vmksqx\" data-cel-widget=\"aplus-module-4\">\n<div class=\"a-expander-collapsed-height a-row a-expander-container a-expander-partial-collapse-container\" data-a-expander-name=\"aplus-module-expander\" data-a-expander-collapsed-height=\"700\">\n<div class=\"a-expander-content a-expander-partial-collapse-content\">\n<div class=\"apm-sidemodule-imageleft\">\n<div class=\"apm-sidemodule-textright\"><\/div>\n<\/div>\n<div class=\"apm-sidemodule-textright\">\n<div class=\"woocommerce-tabs wc-tabs-wrapper\">\n<div id=\"tab-description\" class=\"woocommerce-Tabs-panel woocommerce-Tabs-panel--description panel entry-content wc-tab\" role=\"tabpanel\" aria-labelledby=\"tab-title-description\">\n<div class=\"celwidget aplus-module module-4\" data-csa-c-id=\"r0jyvc-byof08-6y9606-vmksqx\" data-cel-widget=\"aplus-module-4\">\n<div class=\"a-expander-collapsed-height a-row a-expander-container a-expander-partial-collapse-container\" data-a-expander-name=\"aplus-module-expander\" data-a-expander-collapsed-height=\"700\">\n<div class=\"a-expander-content a-expander-partial-collapse-content\">\n<div class=\"apm-sidemodule-textright\">\n<h2 class=\"a-spacing-mini\">EN \u0130Y\u0130S\u0130<\/h2>\n<p>Bizimkine benzeyen ba\u015fka ip merdiven teklifleri de var.\u00a0ANCAK(!) halatlara yeterince iplik \u00f6remezler ve bundan tasarruf ederler, bu nedenle halatlar yeterince yo\u011fun veya s\u0131k\u0131 de\u011fildir, bu nedenle g\u00fcvenilir de\u011fildir.<\/p>\n<h3 class=\"a-spacing-mini\">En Canland\u0131r\u0131c\u0131 Maceraya Haz\u0131r Olun!<\/h3>\n<h4 class=\"a-spacing-mini a-color-secondary a-text-italic\">ISOP Taraf\u0131ndan Olu\u015fturulan, A\u011fa\u00e7 Ev i\u00e7in Nihai T\u0131rmanma \u0130pi Merdiveni ile Tan\u0131\u015f\u0131n<\/h4>\n<p class=\"a-spacing-base\">\u00c7ok ama\u00e7l\u0131 ip merdivenimiz \u00e7ok y\u00f6nl\u00fcd\u00fcr ve bir a\u011fa\u00e7 evine asmak, sallanmak veya t\u0131rmanmak gibi \u00e7ok \u00e7e\u015fitli e\u011flenceli aktivitelerde kullan\u0131labilir.<\/p>\n<p class=\"a-spacing-base\">Birinci s\u0131n\u0131f malzemelerden yap\u0131lm\u0131\u015f, g\u00fc\u00e7l\u00fc ve sa\u011flamd\u0131r ve \u00f6zel ihtiya\u00e7lar\u0131n\u0131z\u0131 kar\u015f\u0131lamak i\u00e7in 3 farkl\u0131 boyutta gelir.<\/p>\n<p class=\"a-spacing-base\" style=\"text-align: left;\"><strong><span class=\"a-text-bold\">\u015eunlar i\u00e7in kullan\u0131labilir:<\/span><\/strong><\/p>\n<ul class=\"a-unordered-list a-vertical\" style=\"text-align: left;\">\n<li><span class=\"a-list-item\">Bir a\u011fa\u00e7tan as\u0131l\u0131<\/span><\/li>\n<li><span class=\"a-list-item\">Bir a\u011fa\u00e7 eve t\u0131rmanmak<\/span><\/li>\n<li><span class=\"a-list-item\">Bir sal\u0131ncak seti veya hatta bir engel parkuru olarak<\/span><\/li>\n<li><span class=\"a-list-item\">bir ninja ipi<\/span><\/li>\n<li><span class=\"a-list-item\">Acil bir durumda \u2013 yang\u0131n merdiveni olarak<\/span><\/li>\n<\/ul>\n<div class=\"amp-centerthirdcol-listbox\">\n<div class=\"a-box a-spacing-small a-color-alternate-background apm-listbox amp-centerthirdcol-listbox\">\n<div class=\"a-box-inner\">\n<ul class=\"a-unordered-list a-vertical\" style=\"text-align: left;\">\n<li><span class=\"a-list-item\"><span class=\"a-size-base\"><strong>Malzemeler<\/strong>\u00a0: Re\u00e7ine ile g\u00fc\u00e7lendirilmi\u015f Naylon Halat<\/span><\/span><\/li>\n<li><span class=\"a-list-item\"><span class=\"a-size-base\"><strong>Uzunluk<\/strong> : 5 m<\/span><\/span><\/li>\n<li><span class=\"a-list-item\"><span class=\"a-size-base\"><strong>Geni\u015flik<\/strong> : 30 cm<\/span><\/span><\/li>\n<li><span class=\"a-list-item\"><span class=\"a-size-base\"><strong>Maksimum y\u00fck kapasitesi<\/strong> : 900 kg<\/span><\/span><\/li>\n<li><span class=\"a-list-item\"><span class=\"a-size-base\"><strong>Karabina<\/strong>\u00a0: 11kN<\/span><\/span><\/li>\n<\/ul>\n<h3 class=\"a-color-secondary\" style=\"text-align: left;\">\u00d6zellikler ve faydalar:<\/h3>\n<ul class=\"a-unordered-list a-vertical\">\n<li style=\"text-align: left;\"><span class=\"a-list-item\">E\u011flenceli pervane, \u00e7ocuklarla kaliteli zaman ge\u00e7irmenize yard\u0131mc\u0131 olur<\/span><\/li>\n<li style=\"text-align: left;\"><span class=\"a-list-item\">\u0130\u00e7 ve d\u0131\u015f mekanlarda kullan\u0131labilir<\/span><\/li>\n<li style=\"text-align: left;\"><span class=\"a-list-item\">Birinci s\u0131n\u0131f naylon kay\u0131\u015flar \u2013 suya dayan\u0131kl\u0131 ve kaymaz<\/span><\/li>\n<li style=\"text-align: left;\"><span class=\"a-list-item\">A\u011f\u0131r Hizmet karabinalar\u0131, h\u0131zl\u0131 kurulum ve kolay ankraj sa\u011flar<\/span><\/li>\n<li style=\"text-align: left;\"><span class=\"a-list-item\">\u00c7ocu\u011fun fiziksel g\u00fcc\u00fcn\u00fc, zihinsel yeteneklerini ve motor becerilerini geli\u015ftirmeye yard\u0131mc\u0131 olur<\/span><\/li>\n<li style=\"text-align: left;\"><span class=\"a-list-item\">G\u00fc\u00e7lendirilmi\u015f basamaklar ek dayan\u0131kl\u0131l\u0131k sa\u011flar<\/span><\/li>\n<li style=\"text-align: left;\"><span class=\"a-list-item\">Kullan\u0131m\u0131 kolay \u2013 herhangi bir alet gerektirmez<\/span><\/li>\n<li style=\"text-align: left;\"><span class=\"a-list-item\">Hafif ve ta\u015f\u0131nabilir<\/span><\/li>\n<li style=\"text-align: left;\"><span class=\"a-list-item\">Kolay saklama i\u00e7in kompakt<\/span><\/li>\n<li style=\"text-align: left;\"><span class=\"a-list-item\">Sapl\u0131 ve gerekli karabinal\u0131 \u015f\u0131k bir siyah \u00e7anta ve kutuda gelir<\/span><\/li>\n<\/ul>\n<\/div>\n<\/div>\n<\/div>\n<\/div>\n<\/div>\n<\/div>\n<\/div>\n<\/div>\n<\/div>\n<section class=\"related products\"><\/section>\n<\/div>\n<\/div>\n<\/div>\n<\/div>\n","protected":false},"excerpt":{"rendered":"[embed]https:\/\/youtu.be\/1Xyi-ZR4gwI[\/embed]\n<p style=\"text-align: center;\">Evler i\u00e7in Halat Merdiven &#8211; \u00c7ocuklar ve Yeti\u015fkinler i\u00e7in Kancal\u0131 A\u00e7\u0131k ve Kapal\u0131 Halat As\u0131l\u0131 T\u0131rmanma &#8211; \u00c7ok Fonksiyonlu ve Yeniden Kullan\u0131labilir Halat Merdiveni<\/p>\n<p style=\"text-align: center;\">10-14 G\u00dcN \u0130\u00c7ER\u0130S\u0130NDE \u00dcCRETS\u0130Z TESL\u0130MAT<\/p>\n<p>&nbsp;<\/p>\n","protected":false},"featured_media":4878,"comment_status":"open","ping_status":"closed","template":"","meta":[],"product_brand":[],"product_cat":[193,196,200,199],"product_tag":[84,83,72],"class_list":{"0":"post-1485","1":"product","2":"type-product","3":"status-publish","4":"has-post-thumbnail","6":"product_cat-duvara-monte-merdivenler","7":"product_cat-halat-merdivenler-yangin-merdiveni","8":"product_cat-yangin-merdivenleri-1-katli","9":"product_cat-yangin-merdivenleri-2-katli","10":"product_tag-ev-guvenlik-merdiveni","11":"product_tag-halat-merdiven","12":"product_tag-yangin-kacis-merdiveni","14":"first","15":"instock","16":"shipping-taxable","17":"purchasable","18":"product-type-simple"},"_links":{"self":[{"href":"https:\/\/isopllc.com\/tr\/wp-json\/wp\/v2\/product\/1485","targetHints":{"allow":["GET"]}}],"collection":[{"href":"https:\/\/isopllc.com\/tr\/wp-json\/wp\/v2\/product"}],"about":[{"href":"https:\/\/isopllc.com\/tr\/wp-json\/wp\/v2\/types\/product"}],"replies":[{"embeddable":true,"href":"https:\/\/isopllc.com\/tr\/wp-json\/wp\/v2\/comments?post=1485"}],"wp:featuredmedia":[{"embeddable":true,"href":"https:\/\/isopllc.com\/tr\/wp-json\/wp\/v2\/media\/4878"}],"wp:attachment":[{"href":"https:\/\/isopllc.com\/tr\/wp-json\/wp\/v2\/media?parent=1485"}],"wp:term":[{"taxonomy":"product_brand","embeddable":true,"href":"https:\/\/isopllc.com\/tr\/wp-json\/wp\/v2\/product_brand?post=1485"},{"taxonomy":"product_cat","embeddable":true,"href":"https:\/\/isopllc.com\/tr\/wp-json\/wp\/v2\/product_cat?post=1485"},{"taxonomy":"product_tag","embeddable":true,"href":"https:\/\/isopllc.com\/tr\/wp-json\/wp\/v2\/product_tag?post=1485"}],"curies":[{"name":"wp","href":"https:\/\/api.w.org\/{rel}","templated":true}]}}