{"id":1496,"date":"2020-02-06T09:11:16","date_gmt":"2020-02-06T09:11:16","guid":{"rendered":"https:\/\/rightfoodonly.com\/?post_type=product&#038;p=1496"},"modified":"2025-07-01T06:50:34","modified_gmt":"2025-07-01T06:50:34","slug":"yanmaz-para-kasasi-belge-cantasi-28-x-38-cm","status":"publish","type":"product","link":"https:\/\/isopllc.com\/tr\/product\/yanmaz-para-kasasi-belge-cantasi-28-x-38-cm\/","title":{"rendered":"Yanmaz Para Kasas\u0131 Belge \u00c7antas\u0131 28 x 38 cm"},"content":{"rendered":"<div class=\"celwidget aplus-module module-11\">\n<div class=\"a-expander-collapsed-height a-row a-expander-container a-expander-partial-collapse-container\" data-a-expander-name=\"aplus-module-expander\" data-a-expander-collapsed-height=\"360\">\n<div class=\"a-expander-content a-expander-partial-collapse-content\">\n<div class=\"aplus-module-wrapper apm-spacing apm-floatnone\">\n<div class=\"apm-sidemodule aplus-module-content\">\n<div class=\"apm-hero-image\">\n<div class=\"apm-sidemodule aplus-module-content\">\n<div class=\"apm-hero-image\">\n<h2>Yanmaz Para Kasas\u0131 Belge \u00c7antas\u0131 28 x 38 cm<\/h2>\n<p>Yang\u0131n durumunda belgelerinize, paran\u0131za, pasaportunuza veya di\u011fer de\u011ferli e\u015fyalar\u0131n\u0131za ne olaca\u011f\u0131 konusunda endi\u015feleniyor musunuz?<\/p>\n<\/div>\n<\/div>\n<div>\n<div class=\"celwidget aplus-module launchpad-brand-description-left\" data-cel-widget=\"aplus-launchpad-brand-description-left\">\n<div class=\"a-section a-spacing-top-mini launchpad-module launchpad-module-brand-description-left\">\n<div class=\"a-section launchpad-text-left-justify\">\n<p>Yanmaz belge \u00e7antam\u0131z, hepsini yang\u0131n\u0131n zararlar\u0131ndan koruyabilir.\u00a0550\u00b0C&#8217;ye kadar dayanabilen \u00fcst\u00fcn kaliteli silikon fiberglas malzemeden \u00fcretilmi\u015ftir.\u00a0Yang\u0131na Dayan\u0131kl\u0131 Para \u00c7antas\u0131n\u0131n ek korumas\u0131, de\u011ferli e\u015fyalar\u0131n\u0131z\u0131n tam olarak korunmas\u0131n\u0131 sa\u011flayarak i\u00e7inizin rahat etmesini sa\u011flar.<\/p>\n<p><img loading=\"lazy\" decoding=\"async\" class=\"alignleft\" style=\"font-weight: bold; text-align: center;\" src=\"https:\/\/m.media-amazon.com\/images\/S\/aplus-media\/sc\/3e67dcec-29c9-4420-bc36-23edbba1d052.__CR0,0,500,500_PT0_SX220_V1___.jpg\" alt=\"\" width=\"220\" height=\"220\" data-src=\"https:\/\/m.media-amazon.com\/images\/S\/aplus-media\/sc\/3e67dcec-29c9-4420-bc36-23edbba1d052.__CR0,0,500,500_PT0_SX220_V1___.jpg\" \/><\/p>\n<h4 class=\"a-spacing-mini\">A\u015eIRI YANGINA DAYANIKLI KORUMA<\/h4>\n<p class=\"a-size-small\">Ate\u015fin sizi haz\u0131rl\u0131ks\u0131z yakalamas\u0131na izin vermeyin &#8211; \u00fczg\u00fcn olmaktan daha g\u00fcvenli.\u00a0Yanmaz \u00c7anta, 550\u00b0C&#8217;ye varan s\u0131cakl\u0131klara kar\u015f\u0131 de\u011ferli e\u015fyalar\u0131n\u0131z\u0131 g\u00fcvende ve sa\u011flam tutacakt\u0131r!\u00a028\u00d738 cm boyutunda, paran\u0131z\u0131, m\u00fccevherlerinizi, kredi kartlar\u0131n\u0131z\u0131, kimliklerinizi, pasaportunuzu, \u00f6nemli belgelerinizi ve daha fazlas\u0131n\u0131 saklamak i\u00e7in ideal boyuttad\u0131r.<\/p>\n<p><img loading=\"lazy\" decoding=\"async\" class=\"alignleft\" src=\"https:\/\/m.media-amazon.com\/images\/S\/aplus-media\/sc\/ab3ce7c8-8b20-4836-be6b-c68c346f8fc5.__CR0,0,500,500_PT0_SX220_V1___.jpg\" alt=\"\" width=\"220\" height=\"220\" data-src=\"https:\/\/m.media-amazon.com\/images\/S\/aplus-media\/sc\/ab3ce7c8-8b20-4836-be6b-c68c346f8fc5.__CR0,0,500,500_PT0_SX220_V1___.jpg\" \/><\/p>\n<h4 class=\"a-spacing-mini\">DE\u011eERL\u0130 G\u00dcVENL\u0130 VE G\u00dcVENL\u0130 TUTUN<\/h4>\n<p class=\"a-size-small\">Ayn\u0131 zamanda su ge\u00e7irmez olan \u00e7antam\u0131z, de\u011ferli e\u015fyalar\u0131n\u0131z\u0131 g\u00fcvende ve her t\u00fcrl\u00fc hasardan uzak tutman\u0131n m\u00fckemmel bir yoludur.\u00a0\u00d6nemli evraklar, nakit para, kuyumcu, piller veya y\u00fcksek de\u011feri ve \u00f6nemi olan herhangi bir \u015feyi belge \u00e7antam\u0131zda saklayabilirsiniz.<\/p>\n<p><img loading=\"lazy\" decoding=\"async\" class=\"alignleft\" src=\"https:\/\/m.media-amazon.com\/images\/S\/aplus-media\/sc\/61a07ae1-9b7a-448f-844e-b7fd1b6a421e.__CR0,0,500,500_PT0_SX220_V1___.jpg\" alt=\"\" width=\"220\" height=\"220\" data-src=\"https:\/\/m.media-amazon.com\/images\/S\/aplus-media\/sc\/61a07ae1-9b7a-448f-844e-b7fd1b6a421e.__CR0,0,500,500_PT0_SX220_V1___.jpg\" \/><\/p>\n<h4 class=\"a-spacing-mini\">KA\u015eINTI OLMAYAN VE \u00c7\u0130FT KATMANLI KORUMA<\/h4>\n<p class=\"a-size-small\">Yanmaz belge \u00e7antalar\u0131m\u0131z, t\u0131pk\u0131 yanmaz kasa gibi \u00e7ift katmanl\u0131 koruma sa\u011flamak i\u00e7in Al\u00fcminyum Kapl\u0131 Cam Elyaf (i\u00e7) ve Silikon Tutkal Cam Elyaf (d\u0131\u015f) i\u00e7erir.<\/p>\n<p><img loading=\"lazy\" decoding=\"async\" class=\"alignleft\" style=\"font-weight: bold; text-align: center;\" src=\"https:\/\/m.media-amazon.com\/images\/S\/aplus-media\/sc\/baca919d-3e50-4f02-921f-615055d5b3e9.__CR0,0,500,500_PT0_SX220_V1___.jpg\" alt=\"\" width=\"220\" height=\"220\" data-src=\"https:\/\/m.media-amazon.com\/images\/S\/aplus-media\/sc\/baca919d-3e50-4f02-921f-615055d5b3e9.__CR0,0,500,500_PT0_SX220_V1___.jpg\" \/><\/p>\n<h4 class=\"a-spacing-mini\">EVDE OLMASI GEREKENLER<\/h4>\n<p class=\"a-size-small\">Ate\u015fe dayan\u0131kl\u0131 bir \u00e7anta ve bir G\u00dcVENL\u0130 KUTU&#8217;yu birle\u015ftirmek, belgelerinizi ve de\u011ferli e\u015fyalar\u0131n\u0131z\u0131 herhangi bir yang\u0131n kazas\u0131nda tam bir koruma sa\u011flamak i\u00e7in en iyi \u00e7\u00f6z\u00fcmd\u00fcr veya ka\u011f\u0131t, y\u00fcksek s\u0131cakl\u0131\u011fa uzun s\u00fcre maruz kald\u0131ktan sonra yang\u0131na dayan\u0131kl\u0131 herhangi bir malzemenin i\u00e7inde hala karbonize olabilir.<\/p>\n<\/div>\n<\/div>\n<\/div>\n<\/div>\n<\/div>\n<\/div>\n<\/div>\n<\/div>\n<\/div>\n<\/div>\n","protected":false},"excerpt":{"rendered":"<p id=\"title\" class=\"a-size-large a-spacing-none\" style=\"text-align: center;\">Yanmaz Para Kasas\u0131 Belge \u00c7antas\u0131\u00a028 x 38 cm<\/p>\n<p style=\"text-align: center;\">10-14 G\u00dcN \u0130\u00c7ER\u0130S\u0130NDE \u00dcCRETS\u0130Z TESL\u0130MAT<\/p>\n","protected":false},"featured_media":4561,"comment_status":"open","ping_status":"closed","template":"","meta":[],"product_brand":[],"product_cat":[186],"product_tag":[65,67,66],"class_list":{"0":"post-1496","1":"product","2":"type-product","3":"status-publish","4":"has-post-thumbnail","6":"product_cat-kurtarma-ve-hayatta-kalma-setleri","7":"product_tag-atese-dayanikli-canta","8":"product_tag-belge-guvenligi-cantasi","9":"product_tag-para-kasasi-cantasi","11":"first","12":"instock","13":"shipping-taxable","14":"purchasable","15":"product-type-simple"},"_links":{"self":[{"href":"https:\/\/isopllc.com\/tr\/wp-json\/wp\/v2\/product\/1496","targetHints":{"allow":["GET"]}}],"collection":[{"href":"https:\/\/isopllc.com\/tr\/wp-json\/wp\/v2\/product"}],"about":[{"href":"https:\/\/isopllc.com\/tr\/wp-json\/wp\/v2\/types\/product"}],"replies":[{"embeddable":true,"href":"https:\/\/isopllc.com\/tr\/wp-json\/wp\/v2\/comments?post=1496"}],"wp:featuredmedia":[{"embeddable":true,"href":"https:\/\/isopllc.com\/tr\/wp-json\/wp\/v2\/media\/4561"}],"wp:attachment":[{"href":"https:\/\/isopllc.com\/tr\/wp-json\/wp\/v2\/media?parent=1496"}],"wp:term":[{"taxonomy":"product_brand","embeddable":true,"href":"https:\/\/isopllc.com\/tr\/wp-json\/wp\/v2\/product_brand?post=1496"},{"taxonomy":"product_cat","embeddable":true,"href":"https:\/\/isopllc.com\/tr\/wp-json\/wp\/v2\/product_cat?post=1496"},{"taxonomy":"product_tag","embeddable":true,"href":"https:\/\/isopllc.com\/tr\/wp-json\/wp\/v2\/product_tag?post=1496"}],"curies":[{"name":"wp","href":"https:\/\/api.w.org\/{rel}","templated":true}]}}