{"id":4131,"date":"2020-07-22T12:50:06","date_gmt":"2020-07-22T12:50:06","guid":{"rendered":"https:\/\/isopllc.com\/uk\/?post_type=product&#038;p=4131"},"modified":"2025-07-01T06:46:06","modified_gmt":"2025-07-01T06:46:06","slug":"kordonlu-tum-vucut-kemeri","status":"publish","type":"product","link":"https:\/\/isopllc.com\/tr\/product\/kordonlu-tum-vucut-kemeri\/","title":{"rendered":"Kordonlu t\u00fcm v\u00fccut kemeri d\u0131\u015f mekan aktiviteleri"},"content":{"rendered":"<div class=\"celwidget aplus-module module-9\" data-cel-widget=\"aplus-module-9\">\n<div class=\"a-expander-collapsed-height a-row a-expander-container a-expander-partial-collapse-container\" data-a-expander-name=\"aplus-module-expander\" data-a-expander-collapsed-height=\"700\">\n<div class=\"a-expander-content a-expander-partial-collapse-content\">\n<div class=\"aplus-module-wrapper\">\n<div class=\"apm-spacing apm-fixed-width\">\n<h2 id=\"title\" class=\"a-size-large a-spacing-none\"><span id=\"productTitle\" class=\"a-size-large product-title-word-break\">Kordonlu t\u00fcm v\u00fccut kemeri d\u0131\u015f mekan aktiviteleri, antrenman \u2013 arka tarafta ayarlanabilir, kayd\u0131r\u0131labilir D halka \u2013 Oluklu Tokalar K\u0131vr\u0131lm\u0131\u015f boyut<\/span><\/h2>\n<ul class=\"a-unordered-list a-vertical\">\n<li>Harika Yap\u0131: ISOP 5D-Ring End\u00fcstriyel Tam V\u00fccut Kemeri, i\u015fe konumland\u0131rma amac\u0131yla arkada ve iki omuzda, iki kal\u00e7ada bulunan Bir Dorsal Halkaya sahiptir. Dorsal Halka, d\u00fc\u015fmeyi durdurmak i\u00e7in birincil olarak kullan\u0131l\u0131r ve ayr\u0131ca k\u0131s\u0131tlama ve kurtarma i\u00e7in kullan\u0131l\u0131r. \u00d6n k\u0131s\u0131m, koltuk ask\u0131s\u0131 veya MERD\u0130VEN TIRMANI\u015eI ba\u011flant\u0131 noktas\u0131 i\u00e7in kullan\u0131lan iki dokuma halkadan olu\u015fur. \u0130ki halka, bir ba\u011flant\u0131 noktas\u0131 olarak bir karabina veya emniyet kancas\u0131 ile birbirine ba\u011flanmal\u0131d\u0131r.<br \/>\nS\u00fcper Rahat: Profesyonel emniyet kemerimiz size konfor bel pedi ve bacak pedi montaj\u0131 sa\u011flar, i\u015f\u00e7ilere m\u00fckemmel uyum i\u00e7in yukar\u0131 ve a\u015fa\u011f\u0131 ve a\u00e7\u0131larda sonsuz ayar sa\u011flar. \u0130n\u015faat, Y\u0131k\u0131m, T\u0131rmanma, Kaynak, \u00c7at\u0131 Kaplama, Kamp\u00e7\u0131l\u0131k, Acil Durum, \u0130lk m\u00fcdahale, \u00c7evre D\u00fczenleme, Asfaltlama, Polis, Demiryolu, Sanitasyon, G\u00fcvenlik, Haritac\u0131, A\u011fa\u00e7 Uzman\u0131, Pencere Y\u0131kay\u0131c\u0131, Oluk Temizleme ve daha fazlas\u0131 i\u00e7in harika.<br \/>\nEvrensel Boyutland\u0131rma: Erkekler ve kad\u0131nlar i\u00e7in tek beden (S-M-XL). Bel \u00f6l\u00e7\u00fcs\u00fc: 66-130cm; Bacak \u00f6l\u00e7\u00fcs\u00fc: 46-76cm. \u00c7abuk giymesi kolay, g\u00fcn boyu giymesi rahat ve kullan\u0131m\u0131 kolayd\u0131r. PREMIUM MALZEME VE SIKI D\u0130K\u0130\u015e: T\u00fcm emniyet kemerlerimiz, ya\u015flanma, a\u015f\u0131nma ve \u0131s\u0131 direncinde m\u00fckemmel performansa sahip ve dokuman\u0131n 25KN&#8217;ye (2500kg) kadar \u00e7\u0131kmas\u0131n\u0131 sa\u011flayan %100 birinci s\u0131n\u0131f y\u00fcksek mukavemetli end\u00fcstriyel sentetik polyester elyaflardan yap\u0131lm\u0131\u015ft\u0131r.<br \/>\nMesleki G\u00fcvenlik ve Sa\u011fl\u0131k \u0130daresi, standartlar belirleyerek ve e\u011fitim, sosyal yard\u0131m, e\u011fitim ve yard\u0131m sa\u011flayarak erkek ve kad\u0131nlara g\u00fcvenli ve sa\u011fl\u0131kl\u0131 \u00e7al\u0131\u015fma ko\u015fullar\u0131 sa\u011flamak i\u00e7in Kongre taraf\u0131ndan olu\u015fturulmu\u015ftur. 6ft \u00e7al\u0131\u015f\u0131rken ki\u015fisel bir d\u00fc\u015f\u00fc\u015f durdurma sistemi gereklidir. veya daha d\u00fc\u015f\u00fck seviyelerin \u00fczerinde ve genellikle bir tam v\u00fccut ko\u015fum tak\u0131m\u0131, bir beyan cihaz\u0131, bir lanyard ve bir ba\u011flant\u0131 noktas\u0131ndan olu\u015fur. \u0130n\u015faat, Arborist, Pencere Y\u0131kay\u0131c\u0131, Oluk Temizleme, \u00c7at\u0131 Kaplama, Arama Kurtarma.<\/li>\n<\/ul>\n<p><img decoding=\"async\" class=\"aligncenter\" src=\"https:\/\/m.media-amazon.com\/images\/S\/aplus-media\/sc\/b2ce0b46-0c95-4365-8c61-a5fd05505e58.__CR0,0,970,300_PT0_SX970_V1___.jpg\" alt=\"belt-harness\" data-src=\"https:\/\/m.media-amazon.com\/images\/S\/aplus-media\/sc\/b2ce0b46-0c95-4365-8c61-a5fd05505e58.__CR0,0,970,300_PT0_SX970_V1___.jpg\" \/><\/p>\n<\/div>\n<\/div>\n<\/div>\n<\/div>\n<\/div>\n<div class=\"celwidget aplus-module module-12\" data-cel-widget=\"aplus-module-12\">\n<div class=\"a-expander-collapsed-height a-row a-expander-container a-expander-partial-collapse-container\" data-a-expander-name=\"aplus-module-expander\" data-a-expander-collapsed-height=\"360\">\n<div class=\"a-expander-content a-expander-partial-collapse-content\">\n<div class=\"aplus-module-wrapper apm-spacing apm-floatnone\">\n<div class=\"apm-sidemodule aplus-module-content\">\n<div>\n<p>&nbsp;<\/p>\n<\/div>\n<p>&nbsp;<\/p>\n<\/div>\n<\/div>\n<\/div>\n<\/div>\n<\/div>\n","protected":false},"excerpt":{"rendered":"<p id=\"title\" class=\"a-size-large a-spacing-none\" style=\"text-align: center;\"><span id=\"productTitle\" class=\"a-size-large product-title-word-break\">Kordonlu t\u00fcm v\u00fccut kemeri d\u0131\u015f mekan aktiviteleri, antrenman \u2013 arka tarafta ayarlanabilir, kayd\u0131r\u0131labilir D halka \u2013 Oluklu Tokalar K\u0131vr\u0131lm\u0131\u015f boyut<\/span><\/p>\n<p style=\"text-align: center;\">10-14 G\u00dcN \u0130\u00c7ER\u0130S\u0130NDE \u00dcCRETS\u0130Z TESL\u0130MAT<\/p>\n<p>&nbsp;<\/p>\n","protected":false},"featured_media":4279,"comment_status":"open","ping_status":"closed","template":"","meta":[],"product_brand":[],"product_cat":[190],"product_tag":[143,142,141],"class_list":{"0":"post-4131","1":"product","2":"type-product","3":"status-publish","4":"has-post-thumbnail","6":"product_cat-yangin-merdivenleri-icin-aksesuarlar","7":"product_tag-dis-mekan-guvenlik-kemeri","8":"product_tag-kordonlu-kemer","9":"product_tag-tum-vucut-kemeri","11":"first","12":"instock","13":"shipping-taxable","14":"purchasable","15":"product-type-simple"},"_links":{"self":[{"href":"https:\/\/isopllc.com\/tr\/wp-json\/wp\/v2\/product\/4131","targetHints":{"allow":["GET"]}}],"collection":[{"href":"https:\/\/isopllc.com\/tr\/wp-json\/wp\/v2\/product"}],"about":[{"href":"https:\/\/isopllc.com\/tr\/wp-json\/wp\/v2\/types\/product"}],"replies":[{"embeddable":true,"href":"https:\/\/isopllc.com\/tr\/wp-json\/wp\/v2\/comments?post=4131"}],"wp:featuredmedia":[{"embeddable":true,"href":"https:\/\/isopllc.com\/tr\/wp-json\/wp\/v2\/media\/4279"}],"wp:attachment":[{"href":"https:\/\/isopllc.com\/tr\/wp-json\/wp\/v2\/media?parent=4131"}],"wp:term":[{"taxonomy":"product_brand","embeddable":true,"href":"https:\/\/isopllc.com\/tr\/wp-json\/wp\/v2\/product_brand?post=4131"},{"taxonomy":"product_cat","embeddable":true,"href":"https:\/\/isopllc.com\/tr\/wp-json\/wp\/v2\/product_cat?post=4131"},{"taxonomy":"product_tag","embeddable":true,"href":"https:\/\/isopllc.com\/tr\/wp-json\/wp\/v2\/product_tag?post=4131"}],"curies":[{"name":"wp","href":"https:\/\/api.w.org\/{rel}","templated":true}]}}