{"id":4264,"date":"2020-09-16T03:55:32","date_gmt":"2020-09-16T03:55:32","guid":{"rendered":"https:\/\/isopllc.com\/uk\/?post_type=product&#038;p=4264"},"modified":"2025-07-01T06:45:12","modified_gmt":"2025-07-01T06:45:12","slug":"acil-yangin-merdiven-10-m-3-4-katli","status":"publish","type":"product","link":"https:\/\/isopllc.com\/tr\/product\/acil-yangin-merdiven-10-m-3-4-katli\/","title":{"rendered":"Acil Yang\u0131n Merdiven 10 m 3-4 Katl\u0131 G\u00fcvenlik Kordonlu Evler"},"content":{"rendered":"<p><img loading=\"lazy\" decoding=\"async\" class=\"alignnone size-medium\" src=\"https:\/\/m.media-amazon.com\/images\/S\/aplus-media\/sc\/13268c8b-3101-42a2-abc3-379c553d9afb.__CR0,0,970,300_PT0_SX970_V1___.jpg\" width=\"970\" height=\"300\" \/><\/p>\n<div class=\"celwidget aplus-module module-9\" style=\"text-align: center;\" data-csa-c-id=\"3d7463-l3bdk0-ygs321-8assbf\" data-cel-widget=\"aplus-module-9\">\n<div class=\"a-expander-collapsed-height a-row a-expander-container a-expander-partial-collapse-container\" data-a-expander-name=\"aplus-module-expander\" data-a-expander-collapsed-height=\"700\">\n<div class=\"a-expander-content a-expander-partial-collapse-content\">\n<div class=\"aplus-module-wrapper\">\n<div class=\"apm-spacing apm-fixed-width\">\n<h2>Acil Yang\u0131n Merdiven 10 m 3-4 Katl\u0131 G\u00fcvenlik Kordonlu Evler<\/h2>\n<h2>3 katl\u0131 evler i\u00e7in yang\u0131n tahliye ipi merdiveni, karabinal\u0131 ve g\u00fcvenlik kordonlu 10 m g\u00fcvenlik merdiveni<\/h2>\n<h3 class=\"a-spacing-small\">Neden bizi se\u00e7melisiniz?<\/h3>\n<p><img loading=\"lazy\" decoding=\"async\" class=\" wp-image-4678 aligncenter\" src=\"https:\/\/isopllc.com\/tr\/wp-content\/uploads\/sites\/12\/2022\/11\/reflective-rope-ladders-225x300.jpg\" alt=\"\" width=\"297\" height=\"396\" srcset=\"https:\/\/isopllc.com\/tr\/wp-content\/uploads\/sites\/12\/2022\/11\/reflective-rope-ladders-225x300.jpg 225w, https:\/\/isopllc.com\/tr\/wp-content\/uploads\/sites\/12\/2022\/11\/reflective-rope-ladders-768x1024.jpg 768w, https:\/\/isopllc.com\/tr\/wp-content\/uploads\/sites\/12\/2022\/11\/reflective-rope-ladders-750x1000.jpg 750w, https:\/\/isopllc.com\/tr\/wp-content\/uploads\/sites\/12\/2022\/11\/reflective-rope-ladders-416x555.jpg 416w, https:\/\/isopllc.com\/tr\/wp-content\/uploads\/sites\/12\/2022\/11\/reflective-rope-ladders.jpg 1080w\" sizes=\"auto, (max-width: 297px) 100vw, 297px\" \/><\/p>\n<h4>Patentli yans\u0131t\u0131c\u0131 teknoloji<\/h4>\n<p>Bu merdiven, kolayl\u0131k ve eri\u015filebilirlik g\u00f6z \u00f6n\u00fcnde bulundurularak tasarlanm\u0131\u015ft\u0131r.<\/p>\n<p>Bu naylon halatlara dokunan \u00f6zel bir yans\u0131t\u0131c\u0131 \u015ferit, fenerin \u0131\u015f\u0131\u011f\u0131nda olduk\u00e7a g\u00f6r\u00fcn\u00fcr olmas\u0131n\u0131 sa\u011flar, b\u00f6ylece geceleri ona tak\u0131l\u0131p d\u00fc\u015fmezsiniz.<\/p>\n<p><img loading=\"lazy\" decoding=\"async\" class=\"a-spacing-mini aligncenter\" src=\"https:\/\/m.media-amazon.com\/images\/S\/aplus-media\/sc\/1d1c9f11-8b81-43e1-b2d9-232d2a154745.__CR0,193,641,641_PT0_SX300_V1___.jpg\" alt=\"\" width=\"300\" height=\"300\" data-src=\"https:\/\/m.media-amazon.com\/images\/S\/aplus-media\/sc\/1d1c9f11-8b81-43e1-b2d9-232d2a154745.__CR0,193,641,641_PT0_SX300_V1___.jpg\" \/><\/p>\n<\/div>\n<div class=\"apm-spacing apm-fixed-width\"><strong>ULTRA g\u00fc\u00e7l\u00fc<\/strong><br \/>\nbizimkinden daha g\u00fc\u00e7l\u00fc ve daha g\u00fcvenilir merdivenler yoktur, <span class=\"a-text-bold\"><strong>\u00a0test edilmi\u015ftir (!)<\/strong>\u00a0<\/span> \u2013 900 kg veya 10 ki\u015fi ta\u015f\u0131r! Zincir merdivenler bile bu a\u011f\u0131rl\u0131k kapasitesiyle \u00f6v\u00fcnemez.<br \/>\n<img loading=\"lazy\" decoding=\"async\" class=\"a-spacing-mini aligncenter\" src=\"https:\/\/m.media-amazon.com\/images\/S\/aplus-media\/sc\/66906d66-df90-4038-8550-d72faf80c38f.__CR0,0,1200,1200_PT0_SX300_V1___.jpg\" alt=\"\" width=\"300\" height=\"300\" data-src=\"https:\/\/m.media-amazon.com\/images\/S\/aplus-media\/sc\/66906d66-df90-4038-8550-d72faf80c38f.__CR0,0,1200,1200_PT0_SX300_V1___.jpg\" \/><\/p>\n<h4 class=\"a-spacing-mini\"><strong>\u00e7ok i\u015flevli<\/strong><\/h4>\n<p>oyun alan\u0131, sal\u0131ncak, a\u011fa\u00e7 ev, \u00e7at\u0131 kat\u0131, bah\u00e7e, \u00e7at\u0131, loft, bunker, denizcilik ve hatta dekoratif ama\u00e7lar i\u00e7in kullan\u0131labilir.\u00a0Sonsuz \u00e7e\u015fitlilikte kullan\u0131m se\u00e7enekleri.<\/p>\n<p><img loading=\"lazy\" decoding=\"async\" class=\"a-spacing-mini aligncenter\" src=\"https:\/\/m.media-amazon.com\/images\/S\/aplus-media\/sc\/a53251f8-492d-40f3-a9db-2bdd1415646f.__CR1018,0,1260,1260_PT0_SX300_V1___.png\" alt=\"\" width=\"300\" height=\"300\" data-src=\"https:\/\/m.media-amazon.com\/images\/S\/aplus-media\/sc\/a53251f8-492d-40f3-a9db-2bdd1415646f.__CR1018,0,1260,1260_PT0_SX300_V1___.png\" \/><\/p>\n<h4 class=\"a-spacing-mini\"><strong>Kaymaz basamaklar<\/strong><\/h4>\n<p>basamaklar sekizgen \u015feklindedir, bu nedenle g\u00fcvenilirdirler ve kaygan de\u011fildirler.<\/p>\n<p><img loading=\"lazy\" decoding=\"async\" class=\"aligncenter\" src=\"https:\/\/m.media-amazon.com\/images\/S\/aplus-media\/sc\/f2e8fc4d-adcb-4ad8-87e7-2d18df74811d.__CR0,13,974,974_PT0_SX220_V1___.jpg\" alt=\"\" width=\"220\" height=\"220\" data-src=\"https:\/\/m.media-amazon.com\/images\/S\/aplus-media\/sc\/f2e8fc4d-adcb-4ad8-87e7-2d18df74811d.__CR0,13,974,974_PT0_SX220_V1___.jpg\" \/><\/p>\n<h4 class=\"a-spacing-mini\"><strong>Hafif<\/strong><\/h4>\n<p class=\"a-size-small\">\u00f6rne\u011fin, 2.5 m a\u011f\u0131rl\u0131k sadece 1.8 kg<\/p>\n<p><img loading=\"lazy\" decoding=\"async\" class=\"aligncenter\" src=\"https:\/\/m.media-amazon.com\/images\/S\/aplus-media\/sc\/0552c400-f2fc-46a1-84a9-d5030a1ca8e2.__CR0,0,1000,1000_PT0_SX220_V1___.jpg\" alt=\"\" width=\"220\" height=\"220\" data-src=\"https:\/\/m.media-amazon.com\/images\/S\/aplus-media\/sc\/0552c400-f2fc-46a1-84a9-d5030a1ca8e2.__CR0,0,1000,1000_PT0_SX220_V1___.jpg\" \/><\/p>\n<\/div>\n<div>\n<h4 class=\"a-spacing-mini\"><strong>Hava ko\u015fullar\u0131na dayan\u0131kl\u0131<\/strong><\/h4>\n<p class=\"a-size-small\">Her t\u00fcrl\u00fc hava ko\u015fulunda neredeyse hi\u00e7 eskimeyen merdivenler, ya\u011fmurda zarar g\u00f6rmez.<\/p>\n<\/div>\n<\/div>\n<div><img loading=\"lazy\" decoding=\"async\" class=\"aligncenter\" src=\"https:\/\/m.media-amazon.com\/images\/S\/aplus-media\/sc\/14916db8-10a6-4760-8535-f49470d709ad.__CR11,0,1189,1189_PT0_SX220_V1___.jpg\" alt=\"\" width=\"220\" height=\"220\" data-src=\"https:\/\/m.media-amazon.com\/images\/S\/aplus-media\/sc\/14916db8-10a6-4760-8535-f49470d709ad.__CR11,0,1189,1189_PT0_SX220_V1___.jpg\" \/><\/div>\n<\/div>\n<\/div>\n<\/div>\n<div class=\"celwidget aplus-module module-4\" style=\"text-align: center;\" data-csa-c-id=\"5glng-jun4yd-v4jukx-uxl7pr\" data-cel-widget=\"aplus-module-4\">\n<div class=\"a-expander-collapsed-height a-row a-expander-container a-expander-partial-collapse-container\" data-a-expander-name=\"aplus-module-expander\" data-a-expander-collapsed-height=\"700\">\n<div class=\"a-expander-content a-expander-partial-collapse-content\">\n<div class=\"aplus-module-wrapper\">\n<div class=\"apm-spacing\">\n<div class=\"apm-floatleft apm-fixed-width\">\n<div class=\"apm-spacing\">\n<h4 class=\"a-spacing-mini\"><strong>A\u011f\u0131r hizmet tipi karabinalar<\/strong><\/h4>\n<p class=\"a-size-small\">merdivenler k\u0131r\u0131lma mukavemeti 11KN krom kapl\u0131 karabinalar i\u00e7erir<\/p>\n<\/div>\n<\/div>\n<\/div>\n<\/div>\n<p><img loading=\"lazy\" decoding=\"async\" class=\"a-spacing-mini aligncenter\" src=\"https:\/\/m.media-amazon.com\/images\/S\/aplus-media\/sc\/eebfdeb6-a881-47d1-a2d7-3677df2e925c.__CR521,0,1333,1333_PT0_SX300_V1___.jpg\" alt=\"\" width=\"183\" height=\"183\" data-src=\"https:\/\/m.media-amazon.com\/images\/S\/aplus-media\/sc\/eebfdeb6-a881-47d1-a2d7-3677df2e925c.__CR521,0,1333,1333_PT0_SX300_V1___.jpg\" \/><\/p>\n<h4><strong>Aleve dayan\u0131kl\u0131<\/strong><\/h4>\n<p>\u00f6zel yanmaz lif bile\u015fimi, merdivenin bir s\u00fcre yang\u0131na dayanmas\u0131n\u0131 sa\u011flar, ancak yine de do\u011frudan ate\u015fte kullan\u0131lmas\u0131n\u0131 \u00f6nermiyoruz.<\/p>\n<div><\/div>\n<div>\n<h4 class=\"a-spacing-mini\"><strong>Farkl\u0131 uzunluk<\/strong><\/h4>\n<p>1-4 katl\u0131 evler i\u00e7in 2.5\/4\/5\/8\/10 m mevcuttur.<\/p>\n<\/div>\n<div>\n<p><img loading=\"lazy\" decoding=\"async\" class=\"a-spacing-mini aligncenter\" src=\"https:\/\/m.media-amazon.com\/images\/S\/aplus-media\/sc\/b32fbb7f-dd3b-4bce-a9d4-1f51dbe477df.__CR0,0,1000,1000_PT0_SX300_V1___.jpg\" alt=\"\" width=\"300\" height=\"300\" data-src=\"https:\/\/m.media-amazon.com\/images\/S\/aplus-media\/sc\/b32fbb7f-dd3b-4bce-a9d4-1f51dbe477df.__CR0,0,1000,1000_PT0_SX300_V1___.jpg\" \/><\/p>\n<\/div>\n<\/div>\n<\/div>\n<div>\n<h4 class=\"a-spacing-mini\"><strong>Yeniden kullan\u0131labilir<\/strong><\/h4>\n<p>Di\u011fer al\u00fcminyum merdivenlerin aksine halat merdivenlerimiz tekrar kullan\u0131labilir.<\/p>\n<div class=\"celwidget aplus-module module-2\" data-csa-c-id=\"y33yti-8va7n7-382xpg-is4lsg\">\n<div class=\"a-expander-collapsed-height a-row a-expander-container a-expander-partial-collapse-container\" data-a-expander-name=\"aplus-module-expander\" data-a-expander-collapsed-height=\"700\">\n<div class=\"a-expander-content a-expander-partial-collapse-content\">\n<div class=\"aplus-module-wrapper apm-floatnone\">\n<div class=\"apm-sidemodule apm-spacing\">\n<div class=\"apm-sidemodule-imageleft\"><img loading=\"lazy\" decoding=\"async\" class=\"aligncenter\" src=\"https:\/\/m.media-amazon.com\/images\/S\/aplus-media\/sc\/4184feb5-b6de-4c8f-8f06-9b647c9fe0f9.__CR0,0,500,500_PT0_SX300_V1___.jpg\" alt=\"\" width=\"300\" height=\"300\" data-src=\"https:\/\/m.media-amazon.com\/images\/S\/aplus-media\/sc\/4184feb5-b6de-4c8f-8f06-9b647c9fe0f9.__CR0,0,500,500_PT0_SX300_V1___.jpg\" \/><\/div>\n<div class=\"apm-sidemodule-textright\">\n<h3 class=\"a-spacing-mini\">EN \u0130Y\u0130S\u0130<\/h3>\n<p>Amazon&#8217;daki merdivenleri kar\u015f\u0131la\u015ft\u0131ral\u0131m.\u00a0Di\u011ferlerinden farkl\u0131 olarak, bir kurtarma cihaz\u0131 sundu\u011fumuz\u00a0\u00a0<span class=\"a-text-bold\">Acil Merdivenimiz<\/span>\u00a0\u00a0,\u00a0<span class=\"a-text-bold\">emniyet kemeri \/ ko\u015fum tak\u0131m\u0131<\/span>\u00a0\u00a0kullan\u0131rken\u00a0<span class=\"a-text-bold\">d\u00fc\u015fmenizi<\/span>\u00a0\u00f6nleyen\u00a0\u00a0<span class=\"a-text-bold\">bir g\u00fcvenlik kordonu \u015feklinde ekstra bir d\u00fc\u015fme korumas\u0131<\/span>\u00a0ile tasarlanm\u0131\u015ft\u0131r\u00a0\u00a0. tercihleriniz) g\u00fcvenli bir ini\u015f sa\u011flamak i\u00e7in.<\/p>\n<p>Bir di\u011fer \u00f6nemli nokta,\u00a0\u00a0<span class=\"a-text-bold\">basama\u011f\u0131n 13 in\u00e7 boyutudur<\/span>\u00a0\u00a0(t\u00fcm rakipler yaln\u0131zca 12 in\u00e7 veya daha az teklif etti\u011finde), ilk bak\u0131\u015fta \u00e7ok fazla g\u00f6r\u00fcnmese de merdivene ekstra stabilite katar.\u00a0\u00dcstelik bu merdivenler\u00a0\u00a0\u00e7ok uygun bir maliyetle\u00a0neredeyse\u00a0\u00a0<span class=\"a-text-bold\">s\u0131n\u0131rs\u0131z ve \u00e7ok ama\u00e7l\u0131 kullan\u0131ma sahiptir<\/span>\u00a0.<\/p>\n<p>Bu e\u015fsiz merdiven kendi bulu\u015fumuzdur ve patentlidir.<\/p>\n<\/div>\n<\/div>\n<\/div>\n<\/div>\n<\/div>\n<\/div>\n<div class=\"celwidget aplus-module module-2\" data-csa-c-id=\"sesdnt-l4058d-17957p-ymijyw\">\n<div class=\"a-expander-collapsed-height a-row a-expander-container a-expander-partial-collapse-container\" data-a-expander-name=\"aplus-module-expander\" data-a-expander-collapsed-height=\"700\">\n<div class=\"a-expander-content a-expander-partial-collapse-content\">\n<div class=\"aplus-module-wrapper apm-floatnone\">\n<div class=\"apm-sidemodule apm-spacing\">\n<div class=\"apm-sidemodule-imageleft\"><img loading=\"lazy\" decoding=\"async\" class=\"aligncenter\" src=\"https:\/\/m.media-amazon.com\/images\/S\/aplus-media\/sc\/221fd1f4-70b4-420a-9cf7-c5a088657bcb.__CR766,0,1444,1444_PT0_SX300_V1___.jpg\" alt=\"Acil Yang\u0131n Merdiven\" width=\"300\" height=\"300\" data-src=\"https:\/\/m.media-amazon.com\/images\/S\/aplus-media\/sc\/221fd1f4-70b4-420a-9cf7-c5a088657bcb.__CR766,0,1444,1444_PT0_SX300_V1___.jpg\" \/><\/div>\n<div class=\"apm-sidemodule-textright\">\n<h3 class=\"a-spacing-mini\">G\u00fcvenlik s\u00f6z konusu oldu\u011funda, yang\u0131nla ba\u015fa \u00e7\u0131kmak i\u00e7in asla fazla haz\u0131rl\u0131kl\u0131 olamazs\u0131n\u0131z. Bu Acil Yang\u0131n Merdiven, kolayl\u0131k ve eri\u015filebilirlik d\u00fc\u015f\u00fcn\u00fclerek tasarlanm\u0131\u015ft\u0131r.<\/h3>\n<p>Sadece bir merdiven de\u011fil, bir yang\u0131n s\u0131ras\u0131nda bir kurtarma sunuyoruz!\u00a0Yang\u0131n s\u0131ras\u0131nda 5. kattaysan\u0131z, basit bir merdiven sizi kurtarabilir mi?\u00a0E\u011fitimsiz bir insan b\u00f6yle bir y\u00fckseklikten\u00a0<span class=\"a-text-bold\">emniyet halat\u0131<\/span>\u00a0olmadan\u00a0<span class=\"a-text-bold\">inemez<\/span>\u00a0, bu y\u00fczden\u00a0bir\u00a0\u00a0<span class=\"a-text-bold\">halat\u0131n\u0131z<\/span>\u00a0oldu\u011funda kendinizi \u00e7ok daha g\u00fcvende hissedecek ve hareket edeceksiniz ve bir yanl\u0131\u015f ad\u0131m durumunda bile bir emniyet halat\u0131na as\u0131l\u0131p inmeye devam edeceksiniz.\u00a0Sirkteki akrobatlar d\u00fc\u015fmez \u00e7\u00fcnk\u00fc bir g\u00fcvenlik ipi onlara daha fazla g\u00fcven verir.<\/p>\n<p>Bu nedenle\u00a0<span class=\"a-text-bold\">Acil Merdivenimizi\u00a0<\/span>\u00a0size bir pencere veya balkondan g\u00fcvenilir bir \u00e7\u0131k\u0131\u015f sa\u011flayacak\u00a0\u015fekilde tasarlad\u0131k\u00a0\u00a0.\u00a0Basit tasar\u0131m\u0131 ve\u00a0\u00a0<span class=\"a-text-bold\">ekstra g\u00fcvenlik \u00f6zellikleri sayesinde<\/span>\u00a0, herkes tamamen g\u00fcvende oldu\u011fundan emin olarak kullanabilir.\u00a0Kordon merdivene tak\u0131l\u0131r ve d\u00fc\u015fmenizi engellerken a\u011f\u0131r hizmet tipi karabinalar bir pencere veya balkona g\u00fcvenli bir ba\u011flant\u0131 sa\u011flar.<\/p>\n<p><span class=\"a-text-bold\">Yang\u0131n durumunda gerekli olan g\u00fcvenli bir \u00e7\u0131k\u0131\u015f yoluna sahip olmak istedi\u011finiz okul, ev, ofis veya herhangi bir \u00fc\u00e7 ve d\u00f6rt katl\u0131 binalarda kullan\u0131m i\u00e7in m\u00fckemmeldir.<\/span><\/p>\n<\/div>\n<\/div>\n<\/div>\n<\/div>\n<\/div>\n<\/div>\n<\/div>\n<\/div>\n","protected":false},"excerpt":{"rendered":"[embed]https:\/\/youtu.be\/1Xyi-ZR4gwI[\/embed]\n<p class=\"mceTemp\" style=\"text-align: center;\">Acil Yang\u0131n Merdiven 1<span class=\"a-size-large product-title-word-break\">0 m Yayl\u0131 Kancal\u0131 G\u00fcvenlik Merdiveni ve G\u00fcvenlik Kablosu | <\/span>3 katl\u0131 evler i\u00e7in yang\u0131n tahliye ipi merdiveni, karabinal\u0131 ve g\u00fcvenlik kordonlu 10 m g\u00fcvenlik merdiveni<\/p>\n<p style=\"text-align: center;\">10-14 G\u00dcN \u0130\u00c7ER\u0130S\u0130NDE \u00dcCRETS\u0130Z TESL\u0130MAT<\/p>\n<p>&nbsp;<\/p>\n<p>&nbsp;<\/p>\n","protected":false},"featured_media":4254,"comment_status":"open","ping_status":"closed","template":"","meta":[],"product_brand":[],"product_cat":[196,197],"product_tag":[53,55,54],"class_list":{"0":"post-4264","1":"product","2":"type-product","3":"status-publish","4":"has-post-thumbnail","6":"product_cat-halat-merdivenler-yangin-merdiveni","7":"product_cat-yangin-merdivenleri-4-katli","8":"product_tag-acil-merdiven","9":"product_tag-cok-katli-evler-icin-guvenlik-merdiveni","10":"product_tag-yangin-merdiveni","12":"first","13":"instock","14":"shipping-taxable","15":"purchasable","16":"product-type-simple"},"_links":{"self":[{"href":"https:\/\/isopllc.com\/tr\/wp-json\/wp\/v2\/product\/4264","targetHints":{"allow":["GET"]}}],"collection":[{"href":"https:\/\/isopllc.com\/tr\/wp-json\/wp\/v2\/product"}],"about":[{"href":"https:\/\/isopllc.com\/tr\/wp-json\/wp\/v2\/types\/product"}],"replies":[{"embeddable":true,"href":"https:\/\/isopllc.com\/tr\/wp-json\/wp\/v2\/comments?post=4264"}],"wp:featuredmedia":[{"embeddable":true,"href":"https:\/\/isopllc.com\/tr\/wp-json\/wp\/v2\/media\/4254"}],"wp:attachment":[{"href":"https:\/\/isopllc.com\/tr\/wp-json\/wp\/v2\/media?parent=4264"}],"wp:term":[{"taxonomy":"product_brand","embeddable":true,"href":"https:\/\/isopllc.com\/tr\/wp-json\/wp\/v2\/product_brand?post=4264"},{"taxonomy":"product_cat","embeddable":true,"href":"https:\/\/isopllc.com\/tr\/wp-json\/wp\/v2\/product_cat?post=4264"},{"taxonomy":"product_tag","embeddable":true,"href":"https:\/\/isopllc.com\/tr\/wp-json\/wp\/v2\/product_tag?post=4264"}],"curies":[{"name":"wp","href":"https:\/\/api.w.org\/{rel}","templated":true}]}}