{"id":4346,"date":"2021-02-17T03:20:26","date_gmt":"2021-02-17T03:20:26","guid":{"rendered":"https:\/\/isopllc.com\/uk\/?post_type=product&#038;p=4346"},"modified":"2025-07-01T06:44:58","modified_gmt":"2025-07-01T06:44:58","slug":"yangin-kacisi-2-katli-4-m-merdivenler","status":"publish","type":"product","link":"https:\/\/isopllc.com\/tr\/product\/yangin-kacisi-2-katli-4-m-merdivenler\/","title":{"rendered":"Yang\u0131n ka\u00e7\u0131\u015f\u0131 2 Katl\u0131 \u00c7ekilebilir Merdivenler"},"content":{"rendered":"<div class=\"celwidget aplus-module module-9\" style=\"text-align: center;\" data-csa-c-id=\"3d7463-l3bdk0-ygs321-8assbf\" data-cel-widget=\"aplus-module-9\">\n<div class=\"a-expander-collapsed-height a-row a-expander-container a-expander-partial-collapse-container\" data-a-expander-name=\"aplus-module-expander\" data-a-expander-collapsed-height=\"700\">\n<div class=\"a-expander-content a-expander-partial-collapse-content\">\n<div class=\"aplus-module-wrapper\">\n<div class=\"apm-spacing apm-fixed-width\">\n<div class=\"celwidget aplus-module module-4 aplus-standard\" data-csa-c-id=\"6mnb1z-9dwrl2-ic24uv-jd1phn\" data-cel-widget=\"aplus-module-4\">\n<div class=\"a-expander-collapsed-height a-row a-expander-container a-expander-partial-collapse-container\" data-a-expander-name=\"aplus-module-expander\" data-a-expander-collapsed-height=\"700\">\n<div class=\"a-expander-content a-expander-partial-collapse-content\">\n<div class=\"aplus-module-wrapper apm-fixed-width\">\n<div class=\"apm-spacing\">\n<div class=\"apm-floatleft apm-fixed-width\">\n<div id=\"title_feature_div\" class=\"celwidget\" data-feature-name=\"title\" data-csa-c-id=\"m5t5xw-wzxd1-od319-pyb58o\" data-cel-widget=\"title_feature_div\">\n<div id=\"titleSection\" class=\"a-section a-spacing-none\">\n<div id=\"title_feature_div\" class=\"celwidget\" data-feature-name=\"title\" data-csa-c-id=\"m5t5xw-wzxd1-od319-pyb58o\" data-cel-widget=\"title_feature_div\">\n<div id=\"titleSection\" class=\"a-section a-spacing-none\">\n<h2 class=\"a-size-large a-spacing-none\" style=\"text-align: left;\">Yang\u0131n ka\u00e7\u0131\u015f\u0131 2 Katl\u0131 4 m | 2 Katl\u0131 Evler i\u00e7in Geri \u00c7ekilebilir Merdivenler | Kompakt ve Ta\u015f\u0131nabilir | Balkon ve Pencereden Ka\u00e7\u0131\u015fa Uygun Halatl\u0131 Merdiven<\/h2>\n<\/div>\n<\/div>\n<\/div>\n<\/div>\n<\/div>\n<\/div>\n<\/div>\n<\/div>\n<\/div>\n<\/div>\n<div class=\"celwidget aplus-module module-9 aplus-standard\" data-csa-c-id=\"kgh8ns-6rdhac-l4uce3-redgno\" data-cel-widget=\"aplus-module-9\">\n<div class=\"a-expander-collapsed-height a-row a-expander-container a-expander-partial-collapse-container\" data-a-expander-name=\"aplus-module-expander\" data-a-expander-collapsed-height=\"700\">\n<div class=\"a-expander-content a-expander-partial-collapse-content\">\n<div class=\"aplus-module-wrapper apm-fixed-width\">\n<div class=\"apm-spacing apm-fixed-width\">\n<div class=\"celwidget aplus-module module-9 aplus-standard\" style=\"text-align: left;\" data-csa-c-id=\"6rrkxj-o9oo3p-2dk8kw-v8mrts\" data-cel-widget=\"aplus-module-9\">\n<div class=\"a-expander-collapsed-height a-row a-expander-container a-expander-partial-collapse-container\" data-a-expander-name=\"aplus-module-expander\" data-a-expander-collapsed-height=\"700\">\n<div class=\"a-expander-content a-expander-partial-collapse-content\">\n<div class=\"aplus-module-wrapper apm-fixed-width\">\n<div class=\"apm-spacing apm-fixed-width\">\n<div class=\"celwidget aplus-module module-9 aplus-standard\" style=\"text-align: left;\" data-csa-c-id=\"6rrkxj-o9oo3p-2dk8kw-v8mrts\" data-cel-widget=\"aplus-module-9\">\n<div class=\"a-expander-collapsed-height a-row a-expander-container a-expander-partial-collapse-container\" data-a-expander-name=\"aplus-module-expander\" data-a-expander-collapsed-height=\"700\">\n<div class=\"a-expander-content a-expander-partial-collapse-content\">\n<div class=\"aplus-module-wrapper apm-fixed-width\">\n<div class=\"apm-spacing apm-fixed-width\">\n<h3 class=\"a-spacing-small\">Yang\u0131n ka\u00e7\u0131\u015f\u0131 2 Katl\u0131 \u00c7ekilebilir Merdivenler Merdivenlerimizi Se\u00e7meniz \u0130\u00e7in 10 Neden<\/h3>\n<p><img loading=\"lazy\" decoding=\"async\" class=\"a-spacing-mini alignnone\" src=\"https:\/\/m.media-amazon.com\/images\/S\/aplus-media\/sc\/596137ba-d892-4ce9-9c0b-a68e219a433f.__CR277,0,1000,1000_PT0_SX300_V1___.jpg\" alt=\"\" width=\"300\" height=\"300\" data-src=\"https:\/\/m.media-amazon.com\/images\/S\/aplus-media\/sc\/596137ba-d892-4ce9-9c0b-a68e219a433f.__CR277,0,1000,1000_PT0_SX300_V1___.jpg\" \/><\/p>\n<h3><span class=\"a-text-bold\">Pencere veya balkon i\u00e7in<\/span><\/h3>\n<p>Kurtarma merdiveni setine, pencere \u00e7er\u00e7evesine tak\u0131lan pencerelerden yang\u0131n ka\u00e7\u0131\u015f i\u00e7in bir dizi kanca ve merdiveni balkon \u00e7ubuklar\u0131na tutturmak i\u00e7in 11kn profesyonel karabinalar dahil ediyoruz.<\/p>\n<h3><span class=\"a-text-bold\">Geni\u015f uygulama<\/span><\/h3>\n<p>Yang\u0131n merdiveni veya acil durum merdiveni olarak kullan\u0131labilir;\u00a0\u00e7at\u0131 kat\u0131 s\u0131\u011f\u0131na\u011f\u0131, \u00e7at\u0131 merdiveni, duvar merdiveni ve hatta kal\u0131c\u0131 merdiven vb. olarak da hizmet verebilir.<\/p>\n<p><img loading=\"lazy\" decoding=\"async\" class=\"a-spacing-mini alignnone\" src=\"https:\/\/m.media-amazon.com\/images\/S\/aplus-media\/sc\/d4cc9639-a61a-4b3c-b1c6-a62967c917dd.__CR145,0,1000,1000_PT0_SX300_V1___.jpg\" alt=\"Yang\u0131n ka\u00e7\u0131\u015f\u0131 2 Katl\u0131\" width=\"300\" height=\"300\" data-src=\"https:\/\/m.media-amazon.com\/images\/S\/aplus-media\/sc\/d4cc9639-a61a-4b3c-b1c6-a62967c917dd.__CR145,0,1000,1000_PT0_SX300_V1___.jpg\" \/><\/p>\n<h3><span class=\"a-text-bold\">ellere kar\u015f\u0131 nazik<\/span><\/h3>\n<p>Bu merdivenleri olu\u015ftururken rakiplerimizin kusurlar\u0131n\u0131 g\u00f6z \u00f6n\u00fcnde bulundurduk.\u00a0\u0130lk uyar\u0131 ve \u00e7ocuk gibi en \u00e7ok satanlar, merdiven basamaklar\u0131n\u0131 kullan\u0131rken al\u00fcminyum basamaklar keskin oldu\u011fu i\u00e7in kullan\u0131c\u0131lar\u0131n ellerini kesti\u011fi konusunda bir\u00e7ok \u015fikayete sahiptir.\u00a0Bunu dikkate ald\u0131k ve merdivenlerimizin keskin k\u00f6\u015feleri yoktur ve hem yeti\u015fkinler hem de \u00e7ocuklar taraf\u0131ndan g\u00fcvenle kullan\u0131labilir.<\/p>\n<p><img loading=\"lazy\" decoding=\"async\" class=\"a-spacing-mini alignnone\" src=\"https:\/\/m.media-amazon.com\/images\/S\/aplus-media\/sc\/27f9c708-c858-49c0-96f7-815dd0fa4f9a.__CR0,0,1000,1000_PT0_SX300_V1___.jpg\" alt=\"\" width=\"300\" height=\"300\" data-src=\"https:\/\/m.media-amazon.com\/images\/S\/aplus-media\/sc\/27f9c708-c858-49c0-96f7-815dd0fa4f9a.__CR0,0,1000,1000_PT0_SX300_V1___.jpg\" \/><\/p>\n<h3><span class=\"a-text-bold\">Entegre kay\u0131\u015flar<\/span><\/h3>\n<p>Yine merdivenlerimizi rakipleriyle k\u0131yaslayacak olursak, di\u011ferlerinin aksine, merdivenlerimizin tepeden t\u0131rna\u011fa, \u00f6zel bir patentli teknoloji sayesinde bir 1200 pound (!) daha fazla dayanabilen tek par\u00e7a dokuma banttan olu\u015ftu\u011funu belirtmek gerekir. Rakiplerin dokuma merdivenleri, bizce g\u00fcvenilmez olan par\u00e7alar halinde dikilirken.<\/p>\n<p>&nbsp;<\/p>\n<\/div>\n<\/div>\n<div>\n<p><img loading=\"lazy\" decoding=\"async\" class=\"a-spacing-mini alignnone\" src=\"https:\/\/m.media-amazon.com\/images\/S\/aplus-media\/sc\/42cab632-a2d0-40fd-a2dd-280d531bf010.__CR282,0,1000,1000_PT0_SX300_V1___.jpg\" alt=\"\" width=\"300\" height=\"300\" data-src=\"https:\/\/m.media-amazon.com\/images\/S\/aplus-media\/sc\/42cab632-a2d0-40fd-a2dd-280d531bf010.__CR282,0,1000,1000_PT0_SX300_V1___.jpg\" \/><\/p>\n<h3><span class=\"a-text-bold\">Stabilizat\u00f6rler<\/span><\/h3>\n<p>Merdivenlerimizin basamaklar\u0131, merdivenlerin duvara s\u0131k\u0131ca yap\u0131\u015fmamas\u0131n\u0131, ancak duvara kar\u015f\u0131 sa\u011flam durmas\u0131n\u0131 sa\u011flayan ve bu nedenle ikinci veya \u00fc\u00e7\u00fcnc\u00fc kattan inmeyi b\u00fcy\u00fck \u00f6l\u00e7\u00fcde kolayla\u015ft\u0131ran sabitleyicilere sahiptir.<\/p>\n<h3><span class=\"a-text-bold\">Kaymaz Basamaklar<\/span><\/h3>\n<p>Basamaklar\u0131n y\u00fczeyindeki \u00f6zel desen, her t\u00fcrl\u00fc hava ko\u015fulunda daireden ini\u015fi kaymaz hale getirir.<\/p>\n<p><img loading=\"lazy\" decoding=\"async\" class=\"a-spacing-mini alignnone\" src=\"https:\/\/m.media-amazon.com\/images\/S\/aplus-media\/sc\/8b1ba6ce-d84f-4314-b98a-95d063fc3e5e.__CR500,0,1000,1000_PT0_SX300_V1___.jpg\" alt=\"\" width=\"300\" height=\"300\" data-src=\"https:\/\/m.media-amazon.com\/images\/S\/aplus-media\/sc\/8b1ba6ce-d84f-4314-b98a-95d063fc3e5e.__CR500,0,1000,1000_PT0_SX300_V1___.jpg\" \/><\/p>\n<h3><span class=\"a-text-bold\">hava ko\u015fullar\u0131na dayan\u0131kl\u0131<\/span><\/h3>\n<p>\u00d6zel toz boyal\u0131 boya, basamaklar\u0131 paslanmaya kar\u015f\u0131 korur ve polyester dokuma suya veya kara kar\u015f\u0131 olduk\u00e7a dayan\u0131kl\u0131d\u0131r, bu nedenle yang\u0131n merdivenlerimiz hava ko\u015fullar\u0131na dayan\u0131kl\u0131d\u0131r.<\/p>\n<h3><span class=\"a-text-bold\">Yeniden kullan\u0131labilir<\/span><\/h3>\n<p>Rakiplerimizin aksine merdivenlerimiz yeniden kullan\u0131labilir.\u00a0Uygun depolama ile y\u0131llarca s\u00fcrebilirler!<\/p>\n<\/div>\n<\/div>\n<\/div>\n<\/div>\n<div class=\"celwidget aplus-module module-9 aplus-standard\" style=\"text-align: left;\" data-csa-c-id=\"hn4tie-rexf97-49vntp-dywif3\" data-cel-widget=\"aplus-module-9\">\n<div class=\"a-expander-collapsed-height a-row a-expander-container a-expander-partial-collapse-container\" data-a-expander-name=\"aplus-module-expander\" data-a-expander-collapsed-height=\"700\">\n<div class=\"a-expander-content a-expander-partial-collapse-content\">\n<div><\/div>\n<\/div>\n<\/div>\n<\/div>\n<div class=\"celwidget aplus-module module-2 aplus-standard\" data-csa-c-id=\"czdp8c-vpt42n-ub22e6-8qlfjz\" data-cel-widget=\"aplus-module-2\">\n<div class=\"a-expander-collapsed-height a-row a-expander-container a-expander-partial-collapse-container\" data-a-expander-name=\"aplus-module-expander\" data-a-expander-collapsed-height=\"700\">\n<div class=\"a-expander-content a-expander-partial-collapse-content\">\n<div class=\"aplus-module-wrapper apm-floatnone apm-fixed-width\">\n<div class=\"apm-sidemodule apm-spacing\">\n<div class=\"apm-sidemodule-imageleft\" style=\"text-align: left;\"><img loading=\"lazy\" decoding=\"async\" class=\"alignnone\" src=\"https:\/\/m.media-amazon.com\/images\/S\/aplus-media\/sc\/55dfe070-7172-4b34-b379-6ab49b743dd1.__CR226,0,1000,1000_PT0_SX300_V1___.jpg\" alt=\"\" width=\"300\" height=\"300\" data-src=\"https:\/\/m.media-amazon.com\/images\/S\/aplus-media\/sc\/55dfe070-7172-4b34-b379-6ab49b743dd1.__CR226,0,1000,1000_PT0_SX300_V1___.jpg\" \/><\/div>\n<div class=\"apm-sidemodule-textright\">\n<h3><span class=\"a-text-bold\">2 boyut varyasyonu<\/span><\/h3>\n<p>Merdivenlerimizin 2 boyutunu sunuyoruz &#8211; yang\u0131n merdiveni merdiveni 2 katl\u0131 ve yang\u0131n merdiveni merdiveni 3 katl\u0131 evler.<\/p>\n<h3><span class=\"a-text-bold\">Profesyonel merdiven \u015firketi<\/span><\/h3>\n<p>Bir g\u00fcvenlik \u00fcr\u00fcn\u00fc oldu\u011fu i\u00e7in, merdivenler konusunda uzmanla\u015fm\u0131\u015f bir \u015firketten merdiven sat\u0131n alman\u0131z\u0131 \u00f6neririz.<\/p>\n<p>Ve ISOP, kendi \u00fcretim tesisinden \u00e7ok \u00e7e\u015fitli farkl\u0131 merdivenler sunan birka\u00e7 \u015firketten biridir.<\/p>\n<\/div>\n<\/div>\n<\/div>\n<\/div>\n<\/div>\n<\/div>\n<\/div>\n<\/div>\n<\/div>\n<\/div>\n<\/div>\n<\/div>\n<\/div>\n<\/div>\n<\/div>\n<\/div>\n<\/div>\n<\/div>\n<\/div>\n<\/div>\n<\/div>\n","protected":false},"excerpt":{"rendered":"[embed]https:\/\/youtu.be\/9ib-MV03gHE[\/embed]\n<p class=\"a-size-large a-spacing-none\" style=\"text-align: center;\">Yang\u0131n ka\u00e7\u0131\u015f\u0131 2 Katl\u0131 4 m | 2 Katl\u0131 Evler i\u00e7in Geri \u00c7ekilebilir Merdivenler | Kompakt ve Ta\u015f\u0131nabilir | Balkon ve Pencereden Ka\u00e7\u0131\u015fa Uygun Halatl\u0131 Merdiven<\/p>\n<p style=\"text-align: center;\">10-14 G\u00dcN \u0130\u00c7ER\u0130S\u0130NDE \u00dcCRETS\u0130Z TESL\u0130MAT<\/p>\n<p>&nbsp;<\/p>\n","protected":false},"featured_media":4957,"comment_status":"open","ping_status":"closed","template":"","meta":[],"product_brand":[],"product_cat":[195,200,199],"product_tag":[51,52,135],"class_list":{"0":"post-4346","1":"product","2":"type-product","3":"status-publish","4":"has-post-thumbnail","6":"product_cat-ayak-destekli-yangin-merdivenleri","7":"product_cat-yangin-merdivenleri-1-katli","8":"product_cat-yangin-merdivenleri-2-katli","9":"product_tag-acil-durum-merdiveni","10":"product_tag-yangin-guvenligi","11":"product_tag-yangin-merdivenleri","13":"first","14":"instock","15":"shipping-taxable","16":"purchasable","17":"product-type-simple"},"_links":{"self":[{"href":"https:\/\/isopllc.com\/tr\/wp-json\/wp\/v2\/product\/4346","targetHints":{"allow":["GET"]}}],"collection":[{"href":"https:\/\/isopllc.com\/tr\/wp-json\/wp\/v2\/product"}],"about":[{"href":"https:\/\/isopllc.com\/tr\/wp-json\/wp\/v2\/types\/product"}],"replies":[{"embeddable":true,"href":"https:\/\/isopllc.com\/tr\/wp-json\/wp\/v2\/comments?post=4346"}],"wp:featuredmedia":[{"embeddable":true,"href":"https:\/\/isopllc.com\/tr\/wp-json\/wp\/v2\/media\/4957"}],"wp:attachment":[{"href":"https:\/\/isopllc.com\/tr\/wp-json\/wp\/v2\/media?parent=4346"}],"wp:term":[{"taxonomy":"product_brand","embeddable":true,"href":"https:\/\/isopllc.com\/tr\/wp-json\/wp\/v2\/product_brand?post=4346"},{"taxonomy":"product_cat","embeddable":true,"href":"https:\/\/isopllc.com\/tr\/wp-json\/wp\/v2\/product_cat?post=4346"},{"taxonomy":"product_tag","embeddable":true,"href":"https:\/\/isopllc.com\/tr\/wp-json\/wp\/v2\/product_tag?post=4346"}],"curies":[{"name":"wp","href":"https:\/\/api.w.org\/{rel}","templated":true}]}}