{"id":4621,"date":"2022-05-30T21:56:21","date_gmt":"2022-05-30T21:56:21","guid":{"rendered":"https:\/\/isopllc.com\/tr\/?post_type=product&#038;p=4621"},"modified":"2025-07-01T06:43:11","modified_gmt":"2025-07-01T06:43:11","slug":"dahili-yangin-merdiveni-4-m-aluminum-kutu","status":"publish","type":"product","link":"https:\/\/isopllc.com\/tr\/product\/dahili-yangin-merdiveni-4-m-aluminum-kutu\/","title":{"rendered":"Dahili Yang\u0131n Merdiveni 2 Katl\u0131 4 m"},"content":{"rendered":"<h2><span class=\"JLqJ4b ChMk0b\" data-language-for-alternatives=\"tr\" data-language-to-translate-into=\"en\" data-phrase-index=\"0\" data-number-of-phrases=\"3\"><span class=\"Q4iAWc\">Dahili Yang\u0131n Merdiveni 2 Katl\u0131 4 m |<\/span><\/span> <span class=\"JLqJ4b ChMk0b\" data-language-for-alternatives=\"tr\" data-language-to-translate-into=\"en\" data-phrase-index=\"1\" data-number-of-phrases=\"3\"><span class=\"Q4iAWc\">Geri \u00c7ekilebilir Merdivenler |<\/span><\/span> <span class=\"JLqJ4b ChMk0b\" data-language-for-alternatives=\"tr\" data-language-to-translate-into=\"en\" data-phrase-index=\"2\" data-number-of-phrases=\"3\"><span class=\"Q4iAWc\">Evler i\u00e7in Yang\u0131n Merdiveni Al\u00fcminum Kutu, Yayl\u0131 Kancalar ve 2 Ankraj Seti \u0130\u00e7erir<\/span><\/span><\/h2>\n<h3>Neden Yang\u0131n Merdivenlerimizi Se\u00e7melisiniz?<\/h3>\n<div class=\"celwidget aplus-module module-9 aplus-standard\" data-csa-c-id=\"6rrkxj-o9oo3p-2dk8kw-v8mrts\" data-cel-widget=\"aplus-module-9\">\n<div class=\"a-expander-collapsed-height a-row a-expander-container a-expander-partial-collapse-container\" aria-live=\"polite\" data-a-expander-name=\"aplus-module-expander\" data-a-expander-collapsed-height=\"700\">\n<div class=\"a-expander-content a-expander-partial-collapse-content\" aria-expanded=\"false\">\n<div class=\"aplus-module-wrapper apm-fixed-width\">\n<div class=\"apm-spacing apm-fixed-width\">\n<p><img loading=\"lazy\" decoding=\"async\" class=\"alignnone\" src=\"https:\/\/m.media-amazon.com\/images\/S\/aplus-media-library-service-media\/eb357252-9807-4881-a43c-3cc4db2103d8.__CR0,0,1000,1000_PT0_SX300_V1___.jpg\" alt=\"Al\u00fcminum Kutu\" width=\"300\" height=\"300\" \/><\/p>\n<p>Demir Yang\u0131n Merdiveni Merdiven Dolab\u0131, acil bir durumda ka\u00e7\u0131\u015f merdiveninizin kolayca eri\u015filebilir olmas\u0131n\u0131 sa\u011flar.<\/p>\n<p>Kompakt boyutu (36x26x13 cm, 1 mm ince)\u00a0ve dayan\u0131kl\u0131 yap\u0131s\u0131 sayesinde bu dolap daireler, apartman daireleri ve k\u00fc\u00e7\u00fck i\u015fletmeler i\u00e7in idealdir ve uzun s\u00fcreli depolama i\u00e7in g\u00fcvenli ve g\u00fcvenli bir yer sa\u011flar.<\/p>\n<p><img loading=\"lazy\" decoding=\"async\" class=\"a-spacing-mini alignnone\" src=\"https:\/\/m.media-amazon.com\/images\/S\/aplus-media\/sc\/d4cc9639-a61a-4b3c-b1c6-a62967c917dd.__CR145,0,1000,1000_PT0_SX300_V1___.jpg\" alt=\"\" width=\"300\" height=\"300\" data-src=\"https:\/\/m.media-amazon.com\/images\/S\/aplus-media\/sc\/d4cc9639-a61a-4b3c-b1c6-a62967c917dd.__CR145,0,1000,1000_PT0_SX300_V1___.jpg\" \/><\/p>\n<h3>Ellere kar\u015f\u0131 nazik<\/h3>\n<p><span class=\"JLqJ4b ChMk0b\" data-language-for-alternatives=\"tr\" data-language-to-translate-into=\"en\" data-phrase-index=\"12\" data-number-of-phrases=\"15\"><span class=\"Q4iAWc\">Bu merdivenleri olu\u015ftururken rakiplerimizin kusurlar\u0131n\u0131 g\u00f6z \u00f6n\u00fcnde bulundurduk.<\/span><\/span> <span class=\"JLqJ4b ChMk0b\" data-language-for-alternatives=\"tr\" data-language-to-translate-into=\"en\" data-phrase-index=\"13\" data-number-of-phrases=\"15\"><span class=\"Q4iAWc\">\u0130lk uyar\u0131 ve \u00e7ocuk gibi en \u00e7ok satanlar, merdiven basamaklar\u0131n\u0131 kullan\u0131rken al\u00fcminyum basamaklar keskin oldu\u011fu i\u00e7in kullan\u0131c\u0131lar\u0131n ellerini kesti\u011fi konusunda bir\u00e7ok \u015fikayete sahiptir.<\/span><\/span> <span class=\"JLqJ4b ChMk0b\" data-language-for-alternatives=\"tr\" data-language-to-translate-into=\"en\" data-phrase-index=\"14\" data-number-of-phrases=\"15\"><span class=\"Q4iAWc\">Bunu dikkate ald\u0131k ve merdivenlerimizin keskin k\u00f6\u015feleri yoktur ve hem yeti\u015fkinler hem de \u00e7ocuklar taraf\u0131ndan g\u00fcvenle kullan\u0131labilir.<\/span><\/span><\/p>\n<p><img loading=\"lazy\" decoding=\"async\" class=\"a-spacing-mini alignnone\" src=\"https:\/\/m.media-amazon.com\/images\/S\/aplus-media\/sc\/27f9c708-c858-49c0-96f7-815dd0fa4f9a.__CR0,0,1000,1000_PT0_SX300_V1___.jpg\" alt=\"\" width=\"300\" height=\"300\" data-src=\"https:\/\/m.media-amazon.com\/images\/S\/aplus-media\/sc\/27f9c708-c858-49c0-96f7-815dd0fa4f9a.__CR0,0,1000,1000_PT0_SX300_V1___.jpg\" \/><\/p>\n<h3><span class=\"a-text-bold\">Entegre kay\u0131\u015flar<\/span><\/h3>\n<p>Yine merdivenlerimizi rakiplerle k\u0131yaslayacak olursak, belirtmek gerekir ki merdivenlerimiz di\u011ferlerinden farkl\u0131 olarak \u00fcstten alta kadar \u00f6zel bir patentli teknoloji sayesinde bir 44 pound (!) daha fazla dayanabilen tek par\u00e7a dokuma banttan olu\u015fmaktad\u0131r. Rakiplerin dokuma merdivenleri, bizce g\u00fcvenilmez olan par\u00e7alar halinde dikilirken.<\/p>\n<p><img loading=\"lazy\" decoding=\"async\" class=\"alignnone\" src=\"https:\/\/m.media-amazon.com\/images\/S\/aplus-media-library-service-media\/3e3631ef-bf95-4934-bd5d-2881c8d8d8c7.__CR0,0,300,300_PT0_SX300_V1___.jpg\" alt=\"\" width=\"300\" height=\"300\" \/><\/p>\n<\/div>\n<div><\/div>\n<\/div>\n<div>\n<p>Bir t\u0131rmanma ankraj c\u0131vatas\u0131 seti, 2 adet ask\u0131 plakas\u0131 ve 2 adet geni\u015fletme c\u0131vatas\u0131 ile birlikte gelir. C\u0131vata Somunlar\u0131 ve d\u00fcz pullar dahildir.<\/p>\n<p>&nbsp;<\/p>\n<p><img loading=\"lazy\" decoding=\"async\" class=\"a-spacing-mini alignnone\" src=\"https:\/\/m.media-amazon.com\/images\/S\/aplus-media\/sc\/42cab632-a2d0-40fd-a2dd-280d531bf010.__CR282,0,1000,1000_PT0_SX300_V1___.jpg\" alt=\"\" width=\"300\" height=\"300\" data-src=\"https:\/\/m.media-amazon.com\/images\/S\/aplus-media\/sc\/42cab632-a2d0-40fd-a2dd-280d531bf010.__CR282,0,1000,1000_PT0_SX300_V1___.jpg\" \/><\/p>\n<h3><span class=\"a-text-bold\">Stabilizat\u00f6rler<\/span><\/h3>\n<p>Merdivenlerimizin basamaklar\u0131, merdivenlerin duvara s\u0131k\u0131ca yap\u0131\u015fmamas\u0131n\u0131, ancak duvara kar\u015f\u0131 sa\u011flam durmas\u0131n\u0131 sa\u011flayan ve bu nedenle ikinci veya \u00fc\u00e7\u00fcnc\u00fc kattan ini\u015fi b\u00fcy\u00fck \u00f6l\u00e7\u00fcde kolayla\u015ft\u0131ran sabitleyicilere sahiptir.<\/p>\n<h3><span class=\"a-text-bold\">Kaymaz Basamaklar<\/span><\/h3>\n<p>Basamaklar\u0131n y\u00fczeyindeki \u00f6zel desen, her t\u00fcrl\u00fc hava ko\u015fulunda daireden ini\u015fi kaymaz hale getirir.<\/p>\n<p><img loading=\"lazy\" decoding=\"async\" class=\"a-spacing-mini alignnone\" src=\"https:\/\/m.media-amazon.com\/images\/S\/aplus-media\/sc\/8b1ba6ce-d84f-4314-b98a-95d063fc3e5e.__CR500,0,1000,1000_PT0_SX300_V1___.jpg\" alt=\"Dahili Yang\u0131n Merdiveni \" width=\"300\" height=\"300\" data-src=\"https:\/\/m.media-amazon.com\/images\/S\/aplus-media\/sc\/8b1ba6ce-d84f-4314-b98a-95d063fc3e5e.__CR500,0,1000,1000_PT0_SX300_V1___.jpg\" \/><\/p>\n<h3><span class=\"a-text-bold\">Hava ko\u015fullar\u0131na dayan\u0131kl\u0131<\/span><\/h3>\n<p>\u00d6zel toz boyal\u0131 boya, basamaklar\u0131 paslanmaya kar\u015f\u0131 korur ve polyester dokuma suya veya kara kar\u015f\u0131 olduk\u00e7a dayan\u0131kl\u0131d\u0131r, bu nedenle yang\u0131n merdivenlerimiz hava ko\u015fullar\u0131na dayan\u0131kl\u0131d\u0131r.<\/p>\n<h3><span class=\"a-text-bold\">Yeniden kullan\u0131labilir<\/span><\/h3>\n<p>Rakiplerimizin aksine merdivenlerimiz yeniden kullan\u0131labilir. Uygun depolama ile y\u0131llarca s\u00fcrebilirler!<\/p>\n<p><img loading=\"lazy\" decoding=\"async\" class=\"alignnone\" src=\"https:\/\/m.media-amazon.com\/images\/S\/aplus-media-library-service-media\/9565f831-9888-4144-a36f-5e092ddb895b.__CR0,0,300,300_PT0_SX300_V1___.jpg\" alt=\"\" width=\"300\" height=\"300\" \/><\/p>\n<h3><span class=\"a-text-bold\">A\u011f\u0131r hizmet tipi karabinalar<\/span><\/h3>\n<p>Merdivenler, k\u0131r\u0131lma mukavemeti 11KN olan krom kapl\u0131 karabinalar i\u00e7erir.<\/p>\n<\/div>\n<\/div>\n<\/div>\n<\/div>\n<div class=\"celwidget aplus-module module-9 aplus-standard\" data-csa-c-id=\"hn4tie-rexf97-49vntp-dywif3\" data-cel-widget=\"aplus-module-9\">\n<div class=\"a-expander-collapsed-height a-row a-expander-container a-expander-partial-collapse-container\" aria-live=\"polite\" data-a-expander-name=\"aplus-module-expander\" data-a-expander-collapsed-height=\"700\">\n<div class=\"a-expander-content a-expander-partial-collapse-content\" aria-expanded=\"false\">\n<div><\/div>\n<\/div>\n<\/div>\n<\/div>\n<div class=\"celwidget aplus-module module-2 aplus-standard\" data-csa-c-id=\"czdp8c-vpt42n-ub22e6-8qlfjz\" data-cel-widget=\"aplus-module-2\">\n<div class=\"a-expander-collapsed-height a-row a-expander-container a-expander-partial-collapse-container\" aria-live=\"polite\" data-a-expander-name=\"aplus-module-expander\" data-a-expander-collapsed-height=\"700\">\n<div class=\"a-expander-content a-expander-partial-collapse-content\" aria-expanded=\"false\">\n<div class=\"aplus-module-wrapper apm-floatnone apm-fixed-width\">\n<div class=\"apm-sidemodule apm-spacing\">\n<div class=\"apm-sidemodule-imageleft\"><img loading=\"lazy\" decoding=\"async\" class=\"alignnone\" src=\"https:\/\/m.media-amazon.com\/images\/S\/aplus-media\/sc\/55dfe070-7172-4b34-b379-6ab49b743dd1.__CR226,0,1000,1000_PT0_SX300_V1___.jpg\" alt=\"\" width=\"300\" height=\"300\" data-src=\"https:\/\/m.media-amazon.com\/images\/S\/aplus-media\/sc\/55dfe070-7172-4b34-b379-6ab49b743dd1.__CR226,0,1000,1000_PT0_SX300_V1___.jpg\" \/><\/div>\n<div class=\"apm-sidemodule-textright\">\n<h3><span class=\"a-text-bold\">Profesyonel merdiven \u015firketi<\/span><\/h3>\n<p>Bir g\u00fcvenlik \u00fcr\u00fcn\u00fc oldu\u011fu i\u00e7in, merdiven konusunda uzmanla\u015fm\u0131\u015f bir \u015firketten merdiven sat\u0131n alman\u0131z\u0131 \u00f6neririz.<\/p>\n<p>Ve ISOP, kendi \u00fcretim tesisinden geni\u015f bir yelpazede farkl\u0131 merdivenler sunan birka\u00e7 \u015firketten biridir.<\/p>\n<p><img loading=\"lazy\" decoding=\"async\" class=\"alignnone\" src=\"https:\/\/m.media-amazon.com\/images\/S\/aplus-media-library-service-media\/0c3c254d-684e-4313-bc9f-ae4b4b7e7ee7.__CR0,0,300,300_PT0_SX300_V1___.jpg\" alt=\"\" width=\"300\" height=\"300\" \/><\/p>\n<\/div>\n<\/div>\n<\/div>\n<\/div>\n<\/div>\n<\/div>\n","protected":false},"excerpt":{"rendered":"[embed]https:\/\/youtu.be\/9ib-MV03gHE[\/embed]\n<p style=\"text-align: center;\">Dahili Yang\u0131n Merdiveni 2 Katl\u0131 4 m | Geri \u00c7ekilebilir Merdivenler | Evler i\u00e7in Yang\u0131n Merdiveni Al\u00fcminum Kutu, Yayl\u0131 Kancalar ve 2 Ankraj Seti \u0130\u00e7erir<\/p>\n<p style=\"text-align: center;\">10-14 G\u00dcN \u0130\u00c7ER\u0130S\u0130NDE \u00dcCRETS\u0130Z TESL\u0130MAT<\/p>\n<p>&nbsp;<\/p>\n","protected":false},"featured_media":4622,"comment_status":"open","ping_status":"closed","template":"","meta":[],"product_brand":[],"product_cat":[195,193,200,199],"product_tag":[70,75,54],"class_list":{"0":"post-4621","1":"product","2":"type-product","3":"status-publish","4":"has-post-thumbnail","6":"product_cat-ayak-destekli-yangin-merdivenleri","7":"product_cat-duvara-monte-merdivenler","8":"product_cat-yangin-merdivenleri-1-katli","9":"product_cat-yangin-merdivenleri-2-katli","10":"product_tag-guvenlik-merdiveni","11":"product_tag-ic-mekan-yangin-kacis-merdiveni","12":"product_tag-yangin-merdiveni","14":"first","15":"instock","16":"shipping-taxable","17":"purchasable","18":"product-type-simple"},"_links":{"self":[{"href":"https:\/\/isopllc.com\/tr\/wp-json\/wp\/v2\/product\/4621","targetHints":{"allow":["GET"]}}],"collection":[{"href":"https:\/\/isopllc.com\/tr\/wp-json\/wp\/v2\/product"}],"about":[{"href":"https:\/\/isopllc.com\/tr\/wp-json\/wp\/v2\/types\/product"}],"replies":[{"embeddable":true,"href":"https:\/\/isopllc.com\/tr\/wp-json\/wp\/v2\/comments?post=4621"}],"wp:featuredmedia":[{"embeddable":true,"href":"https:\/\/isopllc.com\/tr\/wp-json\/wp\/v2\/media\/4622"}],"wp:attachment":[{"href":"https:\/\/isopllc.com\/tr\/wp-json\/wp\/v2\/media?parent=4621"}],"wp:term":[{"taxonomy":"product_brand","embeddable":true,"href":"https:\/\/isopllc.com\/tr\/wp-json\/wp\/v2\/product_brand?post=4621"},{"taxonomy":"product_cat","embeddable":true,"href":"https:\/\/isopllc.com\/tr\/wp-json\/wp\/v2\/product_cat?post=4621"},{"taxonomy":"product_tag","embeddable":true,"href":"https:\/\/isopllc.com\/tr\/wp-json\/wp\/v2\/product_tag?post=4621"}],"curies":[{"name":"wp","href":"https:\/\/api.w.org\/{rel}","templated":true}]}}