{"id":4648,"date":"2022-12-17T14:52:36","date_gmt":"2022-12-17T14:52:36","guid":{"rendered":"https:\/\/isopllc.com\/tr\/?post_type=product&#038;p=4648"},"modified":"2025-07-01T06:42:33","modified_gmt":"2025-07-01T06:42:33","slug":"yangin-merdiveni-stabilizatorleri-2-3-kat","status":"publish","type":"product","link":"https:\/\/isopllc.com\/tr\/product\/yangin-merdiveni-stabilizatorleri-2-3-kat\/","title":{"rendered":"Yang\u0131n Merdiveni Stabilizat\u00f6rleri | 10 \u00c7iftli Set"},"content":{"rendered":"<div class=\"celwidget aplus-module premium-module-3-four-column-images aplus-premium\" data-csa-c-id=\"5x7ui9-ius50c-ssm1r8-66oj1i\" data-cel-widget=\"aplus-premium-module-3-four-column-images\">\n<div class=\"a-section a-spacing-none premium-aplus premium-aplus-module-3 aplus-container-1\">\n<h2 class=\"a-text-center premium-module-3-heading aplus-h1 a-text-bold\">Yang\u0131n Merdiveni Stabilizat\u00f6rleri \u00a02 &#8211; 3 Kat. | ISOP Halatl\u0131 Merdiven i\u00e7in 10 \u00c7iftli Set<\/h2>\n<div class=\"a-section a-spacing-none premium-aplus-four-column\">\n<div class=\"a-section a-spacing-none premium-aplus-column\">\n<div class=\"a-section a-spacing-none {'column-image'}\"><img loading=\"lazy\" decoding=\"async\" class=\"alignnone\" src=\"https:\/\/m.media-amazon.com\/images\/S\/aplus-media-library-service-media\/8066bf1d-81b3-4ac4-82be-a69a72b3c0d5.__CR0,180,900,675_PT0_SX300_V1___.jpg\" alt=\"\" width=\"300\" height=\"225\" data-src=\"https:\/\/m.media-amazon.com\/images\/S\/aplus-media-library-service-media\/8066bf1d-81b3-4ac4-82be-a69a72b3c0d5.__CR0,180,900,675_PT0_SX300_V1___.jpg\" \/><\/div>\n<div class=\"a-section a-spacing-none column-heading\"><\/div>\n<div class=\"a-section a-spacing-none column-description\">\n<p class=\"aplus-p3\">Yenilik\u00e7i dengeleyicilerimiz, merdivenlerin duvara kar\u015f\u0131 sa\u011flam durmas\u0131n\u0131 sa\u011flar ve ikinci kattan 5. kata ini\u015fi b\u00fcy\u00fck \u00f6l\u00e7\u00fcde kolayla\u015ft\u0131r\u0131r.<\/p>\n<\/div>\n<\/div>\n<div class=\"a-section a-spacing-none premium-aplus-column\">\n<div class=\"a-section a-spacing-none {'column-image'}\"><img loading=\"lazy\" decoding=\"async\" class=\"alignnone\" src=\"https:\/\/m.media-amazon.com\/images\/S\/aplus-media-library-service-media\/043fef83-6ae1-4354-a8a8-d3fc937a6fdc.__CR0,0,600,450_PT0_SX300_V1___.jpg\" alt=\"Stabilizat\u00f6rleri\" width=\"300\" height=\"225\" data-src=\"https:\/\/m.media-amazon.com\/images\/S\/aplus-media-library-service-media\/043fef83-6ae1-4354-a8a8-d3fc937a6fdc.__CR0,0,600,450_PT0_SX300_V1___.jpg\" \/><\/div>\n<div class=\"a-section a-spacing-none column-heading\"><\/div>\n<div class=\"a-section a-spacing-none column-description\">\n<p class=\"aplus-p3\">Sa\u011flam, sa\u011flam basamakl\u0131 stabilizat\u00f6rler hafiftir ve tak\u0131lmas\u0131 kolayd\u0131r. Herhangi bir ISOP halat merdivenine s\u0131\u011fd\u0131r\u0131n.<\/p>\n<\/div>\n<\/div>\n<div class=\"a-section a-spacing-none premium-aplus-column\">\n<div class=\"a-section a-spacing-none {'column-image'}\"><img loading=\"lazy\" decoding=\"async\" class=\"alignnone\" src=\"https:\/\/m.media-amazon.com\/images\/S\/aplus-media-library-service-media\/8eeb471b-9383-4937-a68f-a92b49a4029a.__CR0,148,900,675_PT0_SX300_V1___.jpg\" alt=\"Yang\u0131n Merdiveni Stabilizat\u00f6rleri\" width=\"300\" height=\"225\" data-src=\"https:\/\/m.media-amazon.com\/images\/S\/aplus-media-library-service-media\/8eeb471b-9383-4937-a68f-a92b49a4029a.__CR0,148,900,675_PT0_SX300_V1___.jpg\" \/><\/div>\n<div class=\"a-section a-spacing-none column-heading\"><\/div>\n<div class=\"a-section a-spacing-none column-description\">\n<p class=\"aplus-p3\">Bir paket, 10 basama\u011fa takmak i\u00e7in yeterli olan 20 dengeleyici i\u00e7erir. 10 m&#8217;lik bir halat merdiveni i\u00e7in iki paket dengeleyiciye ihtiyac\u0131n\u0131z olacakt\u0131r.<\/p>\n<\/div>\n<\/div>\n<div class=\"a-section a-spacing-none premium-aplus-column\">\n<div class=\"a-section a-spacing-none {'column-image'}\"><img loading=\"lazy\" decoding=\"async\" class=\"alignnone\" src=\"https:\/\/m.media-amazon.com\/images\/S\/aplus-media-library-service-media\/8a8c27d8-4e9c-4405-8f64-dc7370bb63fd.__CR0,87,900,675_PT0_SX300_V1___.jpg\" alt=\"\" width=\"300\" height=\"225\" data-src=\"https:\/\/m.media-amazon.com\/images\/S\/aplus-media-library-service-media\/8a8c27d8-4e9c-4405-8f64-dc7370bb63fd.__CR0,87,900,675_PT0_SX300_V1___.jpg\" \/><\/div>\n<div class=\"a-section a-spacing-none column-heading\"><\/div>\n<div class=\"a-section a-spacing-none column-description\">\n<p class=\"aplus-p3\">H\u0131zl\u0131 bir kullan\u0131m i\u00e7in dengeleyicileri \u00f6nceden bir merdivene tak\u0131n.<\/p>\n<\/div>\n<\/div>\n<\/div>\n<\/div>\n<\/div>\n<div class=\"celwidget aplus-module premium-module-4-two-column-images aplus-premium\" data-csa-c-id=\"15yl7x-eio1n0-m9lh6n-socwzs\" data-cel-widget=\"aplus-premium-module-4-two-column-images\">\n<div class=\"a-section a-spacing-none premium-aplus premium-aplus-module-4 aplus-container-1\">\n<div class=\"a-section a-spacing-none premium-aplus-two-column\">\n<div class=\"a-section a-spacing-none premium-aplus-column\">\n<div class=\"a-section a-spacing-none {'column-image'}\"><img loading=\"lazy\" decoding=\"async\" class=\"alignnone\" src=\"https:\/\/m.media-amazon.com\/images\/S\/aplus-media-library-service-media\/357d9bff-aefe-4243-b420-8e0a0fd59839.__CR0,0,650,350_PT0_SX650_V1___.jpg\" alt=\"\" width=\"388\" height=\"209\" data-src=\"https:\/\/m.media-amazon.com\/images\/S\/aplus-media-library-service-media\/357d9bff-aefe-4243-b420-8e0a0fd59839.__CR0,0,650,350_PT0_SX650_V1___.jpg\" \/><\/div>\n<div class=\"a-section a-spacing-none column-heading\"><\/div>\n<div class=\"a-section a-spacing-none column-description\">\n<p class=\"aplus-p3\">Yang\u0131n ka\u00e7\u0131\u015f merdiveni i\u00e7in stand-off stabilizat\u00f6rleri, ini\u015f veya \u00e7\u0131k\u0131\u015f s\u0131ras\u0131nda daha fazla g\u00fcvenlik sa\u011flar.<\/p>\n<\/div>\n<\/div>\n<div class=\"a-section a-spacing-none premium-aplus-column\">\n<div class=\"a-section a-spacing-none {'column-image'}\"><img loading=\"lazy\" decoding=\"async\" class=\"alignnone\" src=\"https:\/\/m.media-amazon.com\/images\/S\/aplus-media-library-service-media\/44c19656-c545-4b6e-bacb-c7ae2eb6b8a5.__CR0,0,650,350_PT0_SX650_V1___.jpg\" alt=\"\" width=\"396\" height=\"213\" data-src=\"https:\/\/m.media-amazon.com\/images\/S\/aplus-media-library-service-media\/44c19656-c545-4b6e-bacb-c7ae2eb6b8a5.__CR0,0,650,350_PT0_SX650_V1___.jpg\" \/><\/div>\n<div class=\"a-section a-spacing-none column-heading\"><\/div>\n<div class=\"a-section a-spacing-none column-description\">\n<p class=\"aplus-p3\">Kayma \u00f6nleyici basamaklara sahip halatl\u0131 merdiven stabilizat\u00f6rleri, a\u015fa\u011f\u0131 inmeyi daha dengeli hale getirir.<\/p>\n<\/div>\n<\/div>\n<\/div>\n<\/div>\n<\/div>\n","protected":false},"excerpt":{"rendered":"<p style=\"text-align: center;\">\u0130p Merdiveni \u0130\u00e7in Uzak Durun | Yang\u0131n Merdiveni Stabilizat\u00f6rleri 2 &#8211; 3 Kat | 10 \u00c7iftli Set | \u0130nmesi Daha Kolay Kullan\u0131m\u0131 Basit | Merdiven Basamaklar\u0131 i\u00e7in Ay\u0131r\u0131c\u0131lar<\/p>\n<p style=\"text-align: center;\">10-14 G\u00dcN \u0130\u00c7ER\u0130S\u0130NDE \u00dcCRETS\u0130Z TESL\u0130MAT<\/p>\n<p>&nbsp;<\/p>\n","protected":false},"featured_media":4671,"comment_status":"open","ping_status":"closed","template":"","meta":[],"product_brand":[],"product_cat":[190],"product_tag":[94,95,93],"class_list":{"0":"post-4648","1":"product","2":"type-product","3":"status-publish","4":"has-post-thumbnail","6":"product_cat-yangin-merdivenleri-icin-aksesuarlar","7":"product_tag-guvenlik-stabilizatorleri","8":"product_tag-ip-merdiven-aksesuari","9":"product_tag-ip-merdiven-stabilizatorleri","11":"first","12":"instock","13":"shipping-taxable","14":"purchasable","15":"product-type-simple"},"_links":{"self":[{"href":"https:\/\/isopllc.com\/tr\/wp-json\/wp\/v2\/product\/4648","targetHints":{"allow":["GET"]}}],"collection":[{"href":"https:\/\/isopllc.com\/tr\/wp-json\/wp\/v2\/product"}],"about":[{"href":"https:\/\/isopllc.com\/tr\/wp-json\/wp\/v2\/types\/product"}],"replies":[{"embeddable":true,"href":"https:\/\/isopllc.com\/tr\/wp-json\/wp\/v2\/comments?post=4648"}],"wp:featuredmedia":[{"embeddable":true,"href":"https:\/\/isopllc.com\/tr\/wp-json\/wp\/v2\/media\/4671"}],"wp:attachment":[{"href":"https:\/\/isopllc.com\/tr\/wp-json\/wp\/v2\/media?parent=4648"}],"wp:term":[{"taxonomy":"product_brand","embeddable":true,"href":"https:\/\/isopllc.com\/tr\/wp-json\/wp\/v2\/product_brand?post=4648"},{"taxonomy":"product_cat","embeddable":true,"href":"https:\/\/isopllc.com\/tr\/wp-json\/wp\/v2\/product_cat?post=4648"},{"taxonomy":"product_tag","embeddable":true,"href":"https:\/\/isopllc.com\/tr\/wp-json\/wp\/v2\/product_tag?post=4648"}],"curies":[{"name":"wp","href":"https:\/\/api.w.org\/{rel}","templated":true}]}}