{"id":4659,"date":"2022-12-18T07:07:53","date_gmt":"2022-12-18T07:07:53","guid":{"rendered":"https:\/\/isopllc.com\/tr\/?post_type=product&#038;p=4659"},"modified":"2025-07-01T06:42:24","modified_gmt":"2025-07-01T06:42:24","slug":"kurtarma-battaniyesi-altin-gumus-11-adet","status":"publish","type":"product","link":"https:\/\/isopllc.com\/tr\/product\/kurtarma-battaniyesi-altin-gumus-11-adet\/","title":{"rendered":"Kurtarma Battaniyesi Alt\u0131n &#038; G\u00fcm\u00fc\u015f | 11 Adet"},"content":{"rendered":"<div id=\"title_feature_div\" class=\"celwidget\" data-feature-name=\"title\" data-csa-c-type=\"widget\" data-csa-c-content-id=\"title\" data-csa-c-slot-id=\"title_feature_div\" data-csa-c-asin=\"B0BJQCVPLH\" data-csa-c-is-in-initial-active-row=\"false\" data-csa-c-id=\"erqms-5qqh6y-p3rtya-x4dmz0\" data-cel-widget=\"title_feature_div\">\n<h2 id=\"titleSection\" class=\"a-section a-spacing-none\">Kurtarma Battaniyesi Alt\u0131n ve G\u00fcm\u00fc\u015f | 11 Adet B\u00fcy\u00fck Boy 210 x 160 cm | Acil Termal Battaniyeler Hayatta Kalma Battaniyeleri \u0130lk Yard\u0131m | Is\u0131 Tutma Battaniyesi | \u00c7ok Ama\u00e7l\u0131 Hafif ve Kompakt<\/h2>\n<\/div>\n<div id=\"bylineInfo_feature_div\" class=\"celwidget\" data-feature-name=\"bylineInfo\" data-csa-c-type=\"widget\" data-csa-c-content-id=\"bylineInfo\" data-csa-c-slot-id=\"bylineInfo_feature_div\" data-csa-c-asin=\"B0BJQCVPLH\" data-csa-c-is-in-initial-active-row=\"false\" data-csa-c-id=\"wvuzbc-cbpmcd-p0zjlr-aw19k2\" data-cel-widget=\"bylineInfo_feature_div\"><\/div>\n<div class=\"celwidget aplus-module premium-module-1-image-text aplus-premium\" data-csa-c-id=\"nvxuwk-9y1qd2-me2kdy-lkoz9b\" data-cel-widget=\"aplus-premium-module-1-image-text\">\n<div class=\"a-section a-spacing-none premium-aplus premium-aplus-module-1 aplus-container-1\">\n<div class=\"a-section a-spacing-none aplus-display-table\">\n<div class=\"a-section a-spacing-none aplus-module-section aplus-display-table-cell aplus-image-section\"><img loading=\"lazy\" decoding=\"async\" class=\"alignnone wp-image-4666 size-medium\" src=\"https:\/\/isopllc.com\/tr\/wp-content\/uploads\/sites\/12\/2022\/12\/Emergency-Thermal-Blanket-6-300x300.jpg\" alt=\"Kurtarma Battaniyesi\" width=\"300\" height=\"300\" srcset=\"https:\/\/isopllc.com\/tr\/wp-content\/uploads\/sites\/12\/2022\/12\/Emergency-Thermal-Blanket-6-300x300.jpg 300w, https:\/\/isopllc.com\/tr\/wp-content\/uploads\/sites\/12\/2022\/12\/Emergency-Thermal-Blanket-6-150x150.jpg 150w, https:\/\/isopllc.com\/tr\/wp-content\/uploads\/sites\/12\/2022\/12\/Emergency-Thermal-Blanket-6-768x768.jpg 768w, https:\/\/isopllc.com\/tr\/wp-content\/uploads\/sites\/12\/2022\/12\/Emergency-Thermal-Blanket-6-416x416.jpg 416w, https:\/\/isopllc.com\/tr\/wp-content\/uploads\/sites\/12\/2022\/12\/Emergency-Thermal-Blanket-6-100x100.jpg 100w, https:\/\/isopllc.com\/tr\/wp-content\/uploads\/sites\/12\/2022\/12\/Emergency-Thermal-Blanket-6.jpg 900w\" sizes=\"auto, (max-width: 300px) 100vw, 300px\" \/><\/div>\n<div class=\"a-section a-spacing-none aplus-module-section aplus-display-table-cell aplus-text-section-right\">\n<h3 class=\"aplus-h1 aplus-module-1-heading a-text-bold\">Hayatta kalma kitleri, ilk yard\u0131m \u00e7antalar\u0131, acil durum kitleri ve daha fazlas\u0131 i\u00e7in olmazsa olmaz<\/h3>\n<p class=\"aplus-p2 aplus-module-1-description\">Mylar Acil Durum Battaniyesi su ge\u00e7irmezdir ve so\u011fuk, ya\u011f\u0131\u015fl\u0131 veya s\u0131cak havalarda hayatta kalma durumlar\u0131nda hipotermiyi \u00f6nlemeye yard\u0131mc\u0131 olmak i\u00e7in v\u00fccut \u0131s\u0131s\u0131n\u0131n %90&#8217;\u0131na kadar\u0131n\u0131 yans\u0131t\u0131r. Bu termal folyo battaniyeler kamp, patika ko\u015fusu, maratonlar, 48 saat\/72 saat\/30 g\u00fcnl\u00fck y\u00fcr\u00fcy\u00fc\u015f \u00e7antalar\u0131, taktik te\u00e7hizat, depremde hayatta kalma kitleri, evde acil durum ve araba ilk yard\u0131m \u00e7antalar\u0131 i\u00e7in olmazsa olmazd\u0131r.<\/p>\n<\/div>\n<\/div>\n<\/div>\n<\/div>\n<div class=\"celwidget aplus-module premium-module-1-image-text aplus-premium\" data-csa-c-id=\"p0rseo-gvzh3q-ahffy1-eae4wm\" data-cel-widget=\"aplus-premium-module-1-image-text\">\n<div class=\"a-section a-spacing-none premium-aplus premium-aplus-module-1 aplus-container-1\">\n<div class=\"a-section a-spacing-none aplus-display-table\">\n<div class=\"a-section a-spacing-none aplus-module-section aplus-display-table-cell aplus-image-section\"><img loading=\"lazy\" decoding=\"async\" class=\"alignnone size-medium wp-image-4668\" src=\"https:\/\/isopllc.com\/tr\/wp-content\/uploads\/sites\/12\/2022\/12\/Emergency-Thermal-Blanket-8-300x300.jpg\" alt=\"\" width=\"300\" height=\"300\" srcset=\"https:\/\/isopllc.com\/tr\/wp-content\/uploads\/sites\/12\/2022\/12\/Emergency-Thermal-Blanket-8-300x300.jpg 300w, https:\/\/isopllc.com\/tr\/wp-content\/uploads\/sites\/12\/2022\/12\/Emergency-Thermal-Blanket-8-150x150.jpg 150w, https:\/\/isopllc.com\/tr\/wp-content\/uploads\/sites\/12\/2022\/12\/Emergency-Thermal-Blanket-8-768x768.jpg 768w, https:\/\/isopllc.com\/tr\/wp-content\/uploads\/sites\/12\/2022\/12\/Emergency-Thermal-Blanket-8-416x416.jpg 416w, https:\/\/isopllc.com\/tr\/wp-content\/uploads\/sites\/12\/2022\/12\/Emergency-Thermal-Blanket-8-100x100.jpg 100w, https:\/\/isopllc.com\/tr\/wp-content\/uploads\/sites\/12\/2022\/12\/Emergency-Thermal-Blanket-8.jpg 900w\" sizes=\"auto, (max-width: 300px) 100vw, 300px\" \/><\/div>\n<div class=\"a-section a-spacing-none aplus-module-section aplus-display-table-cell aplus-text-section-right\">\n<h3 class=\"aplus-h1 aplus-module-1-heading a-text-bold\">\u00c7ok ama\u00e7l\u0131 acil durum battaniyesi<\/h3>\n<p class=\"aplus-p2 aplus-module-1-description\">Her ihtimale kar\u015f\u0131 s\u0131rt \u00e7antan\u0131zda bulundurun. Sizi s\u0131cak ve kuru tutman\u0131n yan\u0131 s\u0131ra, ISOP hayatta kalma battaniyesinin hayatta kalma durumlar\u0131nda say\u0131s\u0131z kullan\u0131m\u0131 vard\u0131r. Is\u0131y\u0131 art\u0131rarak ve d\u0131\u015f yo\u011fu\u015fmadan koruyarak mevcut uyku tulumunuzu geli\u015ftirmek i\u00e7in beklenmedik so\u011fuk havalarda uyku tulumu astar\u0131 olarak kullan\u0131n. K\u0131\u015f\u0131n kar f\u0131rt\u0131nas\u0131nda mahsur kalman\u0131z, benzininizin bitmesi veya araba kazas\u0131 ge\u00e7irmeniz ihtimaline kar\u015f\u0131 kedinizi i\u00e7eride tutun.<\/p>\n<\/div>\n<\/div>\n<\/div>\n<\/div>\n<div class=\"celwidget aplus-module premium-module-1-image-text aplus-premium\" data-csa-c-id=\"bpbsso-8dfzta-y2mu01-e5iw8h\" data-cel-widget=\"aplus-premium-module-1-image-text\">\n<div class=\"a-section a-spacing-none premium-aplus premium-aplus-module-1 aplus-container-1\">\n<div class=\"a-section a-spacing-none aplus-display-table\">\n<div class=\"a-section a-spacing-none aplus-module-section aplus-display-table-cell aplus-image-section\"><img loading=\"lazy\" decoding=\"async\" class=\"alignnone size-medium wp-image-4663\" src=\"https:\/\/isopllc.com\/tr\/wp-content\/uploads\/sites\/12\/2022\/12\/Emergency-Thermal-Blanket-3-300x300.jpg\" alt=\"\" width=\"300\" height=\"300\" srcset=\"https:\/\/isopllc.com\/tr\/wp-content\/uploads\/sites\/12\/2022\/12\/Emergency-Thermal-Blanket-3-300x300.jpg 300w, https:\/\/isopllc.com\/tr\/wp-content\/uploads\/sites\/12\/2022\/12\/Emergency-Thermal-Blanket-3-150x150.jpg 150w, https:\/\/isopllc.com\/tr\/wp-content\/uploads\/sites\/12\/2022\/12\/Emergency-Thermal-Blanket-3-768x768.jpg 768w, https:\/\/isopllc.com\/tr\/wp-content\/uploads\/sites\/12\/2022\/12\/Emergency-Thermal-Blanket-3-416x416.jpg 416w, https:\/\/isopllc.com\/tr\/wp-content\/uploads\/sites\/12\/2022\/12\/Emergency-Thermal-Blanket-3-100x100.jpg 100w, https:\/\/isopllc.com\/tr\/wp-content\/uploads\/sites\/12\/2022\/12\/Emergency-Thermal-Blanket-3.jpg 900w\" sizes=\"auto, (max-width: 300px) 100vw, 300px\" \/><\/div>\n<div class=\"a-section a-spacing-none aplus-module-section aplus-display-table-cell aplus-text-section-right\">\n<h3 class=\"aplus-h1 aplus-module-1-heading a-text-bold\">Dayan\u0131kl\u0131, ultra hafif, kompakt ambalaj<\/h3>\n<p class=\"aplus-p2 aplus-module-1-description\">Her battaniye ayr\u0131 ayr\u0131 katlan\u0131r, sar\u0131l\u0131r ve kolay saklama, \u0131s\u0131y\u0131 tutma veya sapt\u0131rma, yeniden kullan\u0131labilir, su ge\u00e7irmez, r\u00fczgar ge\u00e7irmez, neme dayan\u0131kl\u0131, ayr\u0131ca zemin \u00f6rt\u00fcs\u00fc ve g\u00fcne\u015flik olarak kullan\u0131labilir.<\/p>\n<p><img loading=\"lazy\" decoding=\"async\" class=\"alignnone size-medium wp-image-4665\" src=\"https:\/\/isopllc.com\/tr\/wp-content\/uploads\/sites\/12\/2022\/12\/Emergency-Thermal-Blanket-5-300x300.jpg\" alt=\"\" width=\"300\" height=\"300\" srcset=\"https:\/\/isopllc.com\/tr\/wp-content\/uploads\/sites\/12\/2022\/12\/Emergency-Thermal-Blanket-5-300x300.jpg 300w, https:\/\/isopllc.com\/tr\/wp-content\/uploads\/sites\/12\/2022\/12\/Emergency-Thermal-Blanket-5-150x150.jpg 150w, https:\/\/isopllc.com\/tr\/wp-content\/uploads\/sites\/12\/2022\/12\/Emergency-Thermal-Blanket-5-768x768.jpg 768w, https:\/\/isopllc.com\/tr\/wp-content\/uploads\/sites\/12\/2022\/12\/Emergency-Thermal-Blanket-5-416x416.jpg 416w, https:\/\/isopllc.com\/tr\/wp-content\/uploads\/sites\/12\/2022\/12\/Emergency-Thermal-Blanket-5-100x100.jpg 100w, https:\/\/isopllc.com\/tr\/wp-content\/uploads\/sites\/12\/2022\/12\/Emergency-Thermal-Blanket-5.jpg 900w\" sizes=\"auto, (max-width: 300px) 100vw, 300px\" \/><\/p>\n<div class=\"a-section a-spacing-none premium-aplus-15-heading\">\n<h3 class=\"premium-aplus-15-heading-text a-text-bold\">Say\u0131s\u0131z Kullan\u0131m:<\/h3>\n<\/div>\n<div class=\"a-section a-spacing-none\">\n<p class=\"description\">\u00c7ad\u0131r Ayak \u0130zi; S\u0131rt \u00c7antas\u0131 \u00d6rt\u00fcs\u00fc; Ya\u011fmur Pan\u00e7o; Acil Durum \u0130\u015fareti; G\u00fcne\u015f F\u0131r\u0131n\u0131; Bal\u0131k yemi; Ku\u015f Kovucu; Acil Bar\u0131nak; Uyku Tulumu Keteni; Toprak \u00f6rt\u00fcs\u00fc; R\u00fczgar Engelleyici; Kol Ask\u0131s\u0131; Turnike; \u0130z \u0130\u015faretleyici; Su Toplay\u0131c\u0131; Kar Eritme Kab\u0131; Araba Cam\u0131 G\u00fcne\u015f Koruyucu; G\u00fcne\u015f I\u015f\u0131\u011f\u0131 Reflekt\u00f6r\u00fc; G\u0131da Koruma \u00d6rt\u00fcs\u00fc.<\/p>\n<\/div>\n<\/div>\n<\/div>\n<\/div>\n<\/div>\n","protected":false},"excerpt":{"rendered":"[embed]https:\/\/www.youtube.com\/watch?v=_FEc3WYo3UU[\/embed]\n<p style=\"text-align: center;\">Kurtarma Battaniyesi Alt\u0131n ve G\u00fcm\u00fc\u015f | 11 Adet B\u00fcy\u00fck Boy 210 x 160 cm | Acil Termal Battaniyeler Hayatta Kalma Battaniyeleri \u0130lk Yard\u0131m | Is\u0131 Tutma Battaniyesi | \u00c7ok Ama\u00e7l\u0131 Hafif ve Kompakt<\/p>\n<p style=\"text-align: center;\">10-14 G\u00dcN \u0130\u00c7\u0130NDE \u00dcCRETS\u0130Z TESL\u0130MAT<\/p>\n","protected":false},"featured_media":4670,"comment_status":"open","ping_status":"closed","template":"","meta":[],"product_brand":[],"product_cat":[186,188],"product_tag":[149,148,147],"class_list":{"0":"post-4659","1":"product","2":"type-product","3":"status-publish","4":"has-post-thumbnail","6":"product_cat-kurtarma-ve-hayatta-kalma-setleri","7":"product_cat-yangin-acil-durum-battaniyesi","8":"product_tag-acil-durum-battaniyesi","9":"product_tag-altin-ve-gumus-battaniye","10":"product_tag-kurtarma-battaniyesi","12":"first","13":"instock","14":"shipping-taxable","15":"purchasable","16":"product-type-simple"},"_links":{"self":[{"href":"https:\/\/isopllc.com\/tr\/wp-json\/wp\/v2\/product\/4659","targetHints":{"allow":["GET"]}}],"collection":[{"href":"https:\/\/isopllc.com\/tr\/wp-json\/wp\/v2\/product"}],"about":[{"href":"https:\/\/isopllc.com\/tr\/wp-json\/wp\/v2\/types\/product"}],"replies":[{"embeddable":true,"href":"https:\/\/isopllc.com\/tr\/wp-json\/wp\/v2\/comments?post=4659"}],"wp:featuredmedia":[{"embeddable":true,"href":"https:\/\/isopllc.com\/tr\/wp-json\/wp\/v2\/media\/4670"}],"wp:attachment":[{"href":"https:\/\/isopllc.com\/tr\/wp-json\/wp\/v2\/media?parent=4659"}],"wp:term":[{"taxonomy":"product_brand","embeddable":true,"href":"https:\/\/isopllc.com\/tr\/wp-json\/wp\/v2\/product_brand?post=4659"},{"taxonomy":"product_cat","embeddable":true,"href":"https:\/\/isopllc.com\/tr\/wp-json\/wp\/v2\/product_cat?post=4659"},{"taxonomy":"product_tag","embeddable":true,"href":"https:\/\/isopllc.com\/tr\/wp-json\/wp\/v2\/product_tag?post=4659"}],"curies":[{"name":"wp","href":"https:\/\/api.w.org\/{rel}","templated":true}]}}