{"id":4723,"date":"2023-01-21T16:47:28","date_gmt":"2023-01-21T16:47:28","guid":{"rendered":"https:\/\/isopllc.com\/tr\/?post_type=product&#038;p=4723"},"modified":"2025-07-01T06:41:24","modified_gmt":"2025-07-01T06:41:24","slug":"hayatta-kalma-cadiri-kurtarma-ekipmani","status":"publish","type":"product","link":"https:\/\/isopllc.com\/tr\/product\/hayatta-kalma-cadiri-kurtarma-ekipmani\/","title":{"rendered":"Hayatta Kalma \u00c7ad\u0131r\u0131 | Kurtarma Ekipman\u0131"},"content":{"rendered":"<h2 class=\"text-weight-bold\">2 Ki\u015filik Acil Hayatta Kalma \u00c7ad\u0131r\u0131 Bar\u0131na\u011f\u0131 + 3 Paracord, \u00c7ad\u0131r Kaz\u0131klar\u0131, K\u0131zd\u0131rma \u00c7ubu\u011fu, D\u00fcd\u00fck | %100 Su Ge\u00e7irmez \u00c7ad\u0131r | Ultra Hafif ve Ekstra B\u00fcy\u00fck<\/h2>\n<div class=\"celwidget aplus-module premium-module-1-image-text aplus-premium\">\n<div class=\"a-section a-spacing-none premium-aplus premium-aplus-module-1 aplus-container-1\">\n<div class=\"a-section a-spacing-none aplus-display-table\">\n<div class=\"a-section a-spacing-none aplus-module-section aplus-display-table-cell aplus-image-section\"><img loading=\"lazy\" decoding=\"async\" class=\"alignnone\" src=\"https:\/\/m.media-amazon.com\/images\/S\/aplus-media-library-service-media\/6954aaee-621a-4a38-98ce-0a6faa609e88.__CR0,0,800,600_PT0_SX800_V1___.jpg\" alt=\"Hayatta Kalma \u00c7ad\u0131r\u0131\" width=\"800\" height=\"600\" data-src=\"https:\/\/m.media-amazon.com\/images\/S\/aplus-media-library-service-media\/6954aaee-621a-4a38-98ce-0a6faa609e88.__CR0,0,800,600_PT0_SX800_V1___.jpg\" \/><\/div>\n<div class=\"a-section a-spacing-none aplus-module-section aplus-display-table-cell aplus-text-section-right\">\n<h1 class=\"aplus-h1 aplus-module-1-heading a-text-bold\">Acil Hayatta Kalma Bar\u0131na\u011f\u0131 \u00c7ad\u0131r\u0131 + 3 Paracord, \u00c7ad\u0131r Kaz\u0131klar\u0131, K\u0131zd\u0131rma \u00c7ubu\u011fu, D\u00fcd\u00fck<\/h1>\n<p class=\"aplus-p2 aplus-module-1-description\">Bu acil durum birle\u015fik kiti, d\u0131\u015f etkenlerden korunmak i\u00e7in bir hayatta kalma \u00e7ad\u0131r\u0131 sa\u011flar ve v\u00fccut \u0131s\u0131n\u0131z\u0131 hapsederek sizi s\u0131cak tutman\u0131za yard\u0131mc\u0131 olur. Acil durumlar ve hayatta kalma i\u00e7in tasarlanm\u0131\u015f, d\u00f6rt kaz\u0131k, bir hayatta kalma d\u00fcd\u00fc\u011f\u00fc, iki cibinlik ve iki k\u0131zd\u0131rma \u00e7ubu\u011fu i\u00e7erir. Canl\u0131 turuncu renk, arama ve kurtarmaya yard\u0131mc\u0131 olabilir. Ekipman\u0131 sabitlemek veya onarmak, ek bir s\u0131\u011f\u0131nak olu\u015fturmak i\u00e7in \u00fc\u00e7 naylon paracord b\u00fczme ipi ve karabina klipsi kullan\u0131labilir.<\/p>\n<\/div>\n<\/div>\n<\/div>\n<\/div>\n<div class=\"celwidget aplus-module premium-module-1-image-text aplus-premium\">\n<div class=\"a-section a-spacing-none premium-aplus premium-aplus-module-1 aplus-container-1\">\n<div class=\"a-section a-spacing-none aplus-display-table\">\n<div class=\"a-section a-spacing-none aplus-module-section aplus-display-table-cell aplus-image-section\"><img loading=\"lazy\" decoding=\"async\" class=\"alignnone\" src=\"https:\/\/m.media-amazon.com\/images\/S\/aplus-media-library-service-media\/e853c2f4-1c4f-47b1-80c9-7af27f54599b.__CR0,0,800,600_PT0_SX800_V1___.jpg\" alt=\"Acil Hayatta Kalma Bar\u0131na\u011f\u0131 \u00c7ad\u0131r\u0131\" width=\"800\" height=\"600\" data-src=\"https:\/\/m.media-amazon.com\/images\/S\/aplus-media-library-service-media\/e853c2f4-1c4f-47b1-80c9-7af27f54599b.__CR0,0,800,600_PT0_SX800_V1___.jpg\" \/><\/div>\n<div class=\"a-section a-spacing-none aplus-module-section aplus-display-table-cell aplus-text-section-right\">\n<h1 class=\"aplus-h1 aplus-module-1-heading a-text-bold\">%100 Su Ge\u00e7irmez, Ultra Hafif, Kompakt ve Ekstra B\u00fcy\u00fck<\/h1>\n<p>Ultra hafif \u00e7ad\u0131r, y\u0131rt\u0131lmaya ve delinmeye kar\u015f\u0131 dayan\u0131kl\u0131 bir kaplamaya sahip mylardan yap\u0131lm\u0131\u015ft\u0131r. Bu acil durum \u00e7ad\u0131rlar\u0131, tekrar tekrar kullan\u0131m i\u00e7in yeterince dayan\u0131kl\u0131d\u0131r, bu nedenle katlan\u0131p keseye geri konabilirler. Bu hayatta kalma bar\u0131naklar\u0131, nakliye i\u00e7in uygun bir \u015fekilde donan\u0131ma tak\u0131labilir ve bir arabaya konulacak kadar kompaktt\u0131r.<\/p>\n<p>Bu kit sizi YA\u011eMUR, R\u00dcZGAR ve kara kar\u015f\u0131 korurken g\u00fcne\u015fe kar\u015f\u0131 da g\u00f6lge sa\u011flar. Bu, tek bir ki\u015fi veya iki ki\u015filik bir grup i\u00e7in hayat kurtar\u0131c\u0131 bir kombinasyondur.<\/p>\n<\/div>\n<\/div>\n<\/div>\n<\/div>\n<div class=\"celwidget aplus-module premium-module-1-image-text aplus-premium\">\n<div class=\"a-section a-spacing-none premium-aplus premium-aplus-module-1 aplus-container-1\">\n<div class=\"a-section a-spacing-none aplus-display-table\">\n<div class=\"a-section a-spacing-none aplus-module-section aplus-display-table-cell aplus-image-section\"><img loading=\"lazy\" decoding=\"async\" class=\"alignnone\" src=\"https:\/\/m.media-amazon.com\/images\/S\/aplus-media-library-service-media\/5d6d0212-bf81-4e52-81ae-6e3da0c33896.__CR50,0,800,600_PT0_SX800_V1___.jpeg\" alt=\"\" width=\"800\" height=\"600\" data-src=\"https:\/\/m.media-amazon.com\/images\/S\/aplus-media-library-service-media\/5d6d0212-bf81-4e52-81ae-6e3da0c33896.__CR50,0,800,600_PT0_SX800_V1___.jpeg\" \/><\/div>\n<div class=\"a-section a-spacing-none aplus-module-section aplus-display-table-cell aplus-text-section-right\">\n<h1 class=\"aplus-h1 aplus-module-1-heading a-text-bold\">\u00c7ok Ama\u00e7l\u0131 Acil Durum \u00c7ad\u0131r\u0131<\/h1>\n<p class=\"aplus-p2 aplus-module-1-description\">Her ihtimale kar\u015f\u0131 s\u0131rt \u00e7antan\u0131zda bulundurun. Sizi s\u0131cak ve kuru tutman\u0131n yan\u0131 s\u0131ra, ISOP hayatta kalma kitinin hayatta kalma durumlar\u0131nda say\u0131s\u0131z kullan\u0131m\u0131 vard\u0131r. Is\u0131y\u0131 art\u0131rarak ve d\u0131\u015f yo\u011fu\u015fmadan koruyarak mevcut uyku tulumunuzu geli\u015ftirmek i\u00e7in beklenmedik so\u011fuk havalarda uyku tulumu astar\u0131 olarak kullan\u0131n. K\u0131\u015f\u0131n kar f\u0131rt\u0131nas\u0131nda mahsur kalma, benzinin bitmesi veya araba kazas\u0131 ge\u00e7irme ihtimaline kar\u015f\u0131 araban\u0131zda bulundurun.<\/p>\n<\/div>\n<\/div>\n<\/div>\n<\/div>\n<div class=\"celwidget aplus-module premium-module-15-text aplus-premium\">\n<div class=\"a-section a-spacing-none premium-aplus premium-aplus-module-15\">\n<div class=\"a-section a-spacing-none\">\n<div class=\"a-section a-spacing-none aplus-module-section aplus-display-table-cell aplus-image-section\"><img loading=\"lazy\" decoding=\"async\" class=\"alignnone\" src=\"https:\/\/m.media-amazon.com\/images\/S\/aplus-media-library-service-media\/46b5cc5a-a1ff-413c-b08e-d4adb4e923e5.__CR0,0,1200,900_PT0_SX800_V1___.jpg\" alt=\"\" width=\"800\" height=\"600\" data-src=\"https:\/\/m.media-amazon.com\/images\/S\/aplus-media-library-service-media\/46b5cc5a-a1ff-413c-b08e-d4adb4e923e5.__CR0,0,1200,900_PT0_SX800_V1___.jpg\" \/><\/div>\n<div class=\"a-section a-spacing-none aplus-module-section aplus-display-table-cell aplus-text-section-right\">\n<h1 class=\"aplus-h1 aplus-module-1-heading a-text-bold\">Say\u0131s\u0131z kullan\u0131m:<\/h1>\n<p class=\"aplus-p2 aplus-module-1-description\">S\u0131rt \u00c7antas\u0131 \u00d6rt\u00fcs\u00fc; Ya\u011fmur Pan\u00e7o; Acil Durum \u0130\u015fareti; G\u00fcne\u015f F\u0131r\u0131n\u0131; Bal\u0131k yemi; Ku\u015f Kovucu; Acil Bar\u0131nak; Uyku Tulumu Keteni; Toprak \u00f6rt\u00fcs\u00fc; R\u00fczgar Engelleyici; Kol Ask\u0131s\u0131; Turnike; \u0130z \u0130\u015faretleyici; Su Toplay\u0131c\u0131; Kar Eritme Kab\u0131; Araba Cam\u0131 G\u00fcne\u015f Koruyucu; G\u00fcne\u015f I\u015f\u0131\u011f\u0131 Reflekt\u00f6r\u00fc; G\u0131da Koruma \u00d6rt\u00fcs\u00fc.<\/p>\n<\/div>\n<\/div>\n<\/div>\n<\/div>\n","protected":false},"excerpt":{"rendered":"<p id=\"reconcile-item-title\" class=\"text-weight-bold\" style=\"text-align: center;\">2 Ki\u015filik Acil Hayatta Kalma \u00c7ad\u0131r\u0131 Bar\u0131na\u011f\u0131 + 3 Paracord, \u00c7ad\u0131r Kaz\u0131klar\u0131, K\u0131zd\u0131rma \u00c7ubu\u011fu, D\u00fcd\u00fck | %100 Su Ge\u00e7irmez \u00c7ad\u0131r | Ultra Hafif ve Ekstra B\u00fcy\u00fck<\/p>\n<p style=\"text-align: center;\">10-14 G\u00dcN \u0130\u00c7\u0130NDE \u00dcCRETS\u0130Z TESL\u0130MAT<\/p>\n<p>&nbsp;<\/p>\n<p style=\"text-align: center;\">\n","protected":false},"featured_media":4729,"comment_status":"open","ping_status":"closed","template":"","meta":[],"product_brand":[],"product_cat":[186],"product_tag":[87,85,86],"class_list":{"0":"post-4723","1":"product","2":"type-product","3":"status-publish","4":"has-post-thumbnail","6":"product_cat-kurtarma-ve-hayatta-kalma-setleri","7":"product_tag-acil-durum-cadiri","8":"product_tag-hayatta-kalma-cadiri","9":"product_tag-kurtarma-ekipmani","11":"first","12":"instock","13":"shipping-taxable","14":"purchasable","15":"product-type-simple"},"_links":{"self":[{"href":"https:\/\/isopllc.com\/tr\/wp-json\/wp\/v2\/product\/4723","targetHints":{"allow":["GET"]}}],"collection":[{"href":"https:\/\/isopllc.com\/tr\/wp-json\/wp\/v2\/product"}],"about":[{"href":"https:\/\/isopllc.com\/tr\/wp-json\/wp\/v2\/types\/product"}],"replies":[{"embeddable":true,"href":"https:\/\/isopllc.com\/tr\/wp-json\/wp\/v2\/comments?post=4723"}],"wp:featuredmedia":[{"embeddable":true,"href":"https:\/\/isopllc.com\/tr\/wp-json\/wp\/v2\/media\/4729"}],"wp:attachment":[{"href":"https:\/\/isopllc.com\/tr\/wp-json\/wp\/v2\/media?parent=4723"}],"wp:term":[{"taxonomy":"product_brand","embeddable":true,"href":"https:\/\/isopllc.com\/tr\/wp-json\/wp\/v2\/product_brand?post=4723"},{"taxonomy":"product_cat","embeddable":true,"href":"https:\/\/isopllc.com\/tr\/wp-json\/wp\/v2\/product_cat?post=4723"},{"taxonomy":"product_tag","embeddable":true,"href":"https:\/\/isopllc.com\/tr\/wp-json\/wp\/v2\/product_tag?post=4723"}],"curies":[{"name":"wp","href":"https:\/\/api.w.org\/{rel}","templated":true}]}}