{"id":4746,"date":"2023-01-27T18:18:47","date_gmt":"2023-01-27T18:18:47","guid":{"rendered":"https:\/\/isopllc.com\/tr\/?post_type=product&#038;p=4746"},"modified":"2025-07-01T06:36:57","modified_gmt":"2025-07-01T06:36:57","slug":"sirt-cantasiyla-seyahat-ocagi","status":"publish","type":"product","link":"https:\/\/isopllc.com\/tr\/product\/sirt-cantasiyla-seyahat-ocagi\/","title":{"rendered":"S\u0131rt \u00c7antas\u0131yla Seyahat Oca\u011f\u0131 ve Katlan\u0131r Kahve Kupa"},"content":{"rendered":"<div class=\"celwidget aplus-module premium-module-3-four-column-images aplus-premium\" data-csa-c-id=\"5x7ui9-ius50c-ssm1r8-66oj1i\" data-cel-widget=\"aplus-premium-module-3-four-column-images\">\n<h2 class=\"a-section a-spacing-none premium-aplus premium-aplus-module-3 aplus-container-1\">S\u0131rt \u00c7antas\u0131yla Seyahat Oca\u011f\u0131 ve Katlan\u0131r Kahve Kupa &#8211; Portatif Kamp Oca\u011f\u0131 &#8211; K\u00fc\u00e7\u00fck Ocak Yak\u0131t Bidonu i\u00e7in Tek Br\u00fcl\u00f6r &#8211; Y\u00fcr\u00fcy\u00fc\u015f ve Gazl\u0131 Pi\u015firme i\u00e7in Mini Cep Boyler &#8211; 4 Yayg\u0131n Kamp Oca\u011f\u0131 Yak\u0131t\u0131 ile Uyumlu<\/h2>\n<\/div>\n<div class=\"celwidget aplus-module premium-module-4-two-column-images aplus-premium\" data-csa-c-id=\"c2v7oo-xov140-stsvaj-fyaclr\" data-cel-widget=\"aplus-premium-module-4-two-column-images\">\n<div class=\"a-section a-spacing-none premium-aplus premium-aplus-module-4 aplus-container-1\">\n<div class=\"a-section a-spacing-none premium-aplus-two-column\">\n<div class=\"a-section a-spacing-none premium-aplus-column\">\n<div class=\"a-section a-spacing-none {'column-image'}\"><img decoding=\"async\" class=\"\" src=\"https:\/\/m.media-amazon.com\/images\/S\/aplus-media-library-service-media\/b2d9490f-a40f-4e8c-8db4-e99a05f9a2bc.__CR59,18,657,354_PT0_SX650_V1___.jpg\" alt=\"Small Stove Single Burner for Fuel Canister\" data-src=\"https:\/\/m.media-amazon.com\/images\/S\/aplus-media-library-service-media\/b2d9490f-a40f-4e8c-8db4-e99a05f9a2bc.__CR59,18,657,354_PT0_SX650_V1___.jpg\" \/><\/div>\n<div class=\"a-section a-spacing-none column-heading\"><\/div>\n<div class=\"a-section a-spacing-none column-description\">\n<p class=\"aplus-p3\">ISOP&#8217;un kompakt primus sobas\u0131, seyahat etmek veya kamp yapmak i\u00e7in harikad\u0131r. Da\u011flarda ya da do\u011fada s\u0131cak \u00e7ay ya da kahve i\u00e7mek istedi\u011finizde mini oca\u011f\u0131m\u0131z ve yan\u0131nda bir fincanla birlikte gelir.<\/p>\n<\/div>\n<\/div>\n<div class=\"a-section a-spacing-none premium-aplus-column\">\n<div class=\"a-section a-spacing-none {'column-image'}\"><img decoding=\"async\" class=\"\" src=\"https:\/\/m.media-amazon.com\/images\/S\/aplus-media-library-service-media\/faa31d46-35b8-4347-b136-6915e89a2bdb.__CR0,0,650,350_PT0_SX650_V1___.jpg\" alt=\"Collapsible Cup for Travel - Silicone Camping Mug\" data-src=\"https:\/\/m.media-amazon.com\/images\/S\/aplus-media-library-service-media\/faa31d46-35b8-4347-b136-6915e89a2bdb.__CR0,0,650,350_PT0_SX650_V1___.jpg\" \/><\/div>\n<div class=\"a-section a-spacing-none column-heading\"><\/div>\n<div class=\"a-section a-spacing-none column-description\">\n<p class=\"aplus-p3\">Seyahat i\u00e7in katlanabilir bardak, kullan\u0131m\u0131 olduk\u00e7a g\u00fcvenli olan ve zararl\u0131 hi\u00e7bir katk\u0131 maddesi i\u00e7ermeyen g\u0131da s\u0131n\u0131f\u0131 silikon malzemeden yap\u0131lm\u0131\u015ft\u0131r. Plastik yok, garip kimyasallar yok ve v\u00fccudunuzda istemedi\u011finiz hi\u00e7bir \u015fey yok. Sadece sen ve en sevdi\u011fin i\u00e7ecek.<\/p>\n<\/div>\n<\/div>\n<\/div>\n<\/div>\n<\/div>\n<div class=\"celwidget aplus-module premium-module-4-two-column-images aplus-premium\" data-csa-c-id=\"x4ph9p-q838io-prcyjw-2cnwk\" data-cel-widget=\"aplus-premium-module-4-two-column-images\">\n<div class=\"a-section a-spacing-none premium-aplus premium-aplus-module-4 aplus-container-1\">\n<div class=\"a-section a-spacing-none premium-aplus-two-column\">\n<div class=\"a-section a-spacing-none premium-aplus-column\">\n<div class=\"a-section a-spacing-none {'column-image'}\"><img decoding=\"async\" class=\"\" src=\"https:\/\/m.media-amazon.com\/images\/S\/aplus-media-library-service-media\/9a39e5ee-03de-46e9-8a9a-72cdfe8e652c.__CR0,0,650,350_PT0_SX650_V1___.jpg\" alt=\"Camping Stove\" data-src=\"https:\/\/m.media-amazon.com\/images\/S\/aplus-media-library-service-media\/9a39e5ee-03de-46e9-8a9a-72cdfe8e652c.__CR0,0,650,350_PT0_SX650_V1___.jpg\" \/><\/div>\n<div class=\"a-section a-spacing-none column-heading\"><\/div>\n<div class=\"a-section a-spacing-none column-description\">\n<p class=\"aplus-p3\">Evde veya arka bah\u00e7ede verandada otururken ve can\u0131n\u0131z s\u0131cak bir kahve veya \u00e7ay i\u00e7erken bile eve ko\u015fup su kaynayana kadar \u00e7aydanl\u0131\u011f\u0131n ba\u015f\u0131nda beklemenize gerek yok, primus oca\u011f\u0131m\u0131z\u0131n yard\u0131m\u0131yla hemen \u00e7ay yapabilirsiniz. yer.<\/p>\n<\/div>\n<\/div>\n<div class=\"a-section a-spacing-none premium-aplus-column\">\n<div class=\"a-section a-spacing-none {'column-image'}\"><img loading=\"lazy\" decoding=\"async\" class=\"alignnone\" src=\"https:\/\/m.media-amazon.com\/images\/S\/aplus-media-library-service-media\/2089eee2-c4f6-43a7-b0b4-ec4f2f557636.__CR0,69,750,404_PT0_SX650_V1___.jpg\" alt=\"S\u0131rt \u00c7antas\u0131yla Seyahat Oca\u011f\u0131 \" width=\"650\" height=\"350\" data-src=\"https:\/\/m.media-amazon.com\/images\/S\/aplus-media-library-service-media\/2089eee2-c4f6-43a7-b0b4-ec4f2f557636.__CR0,69,750,404_PT0_SX650_V1___.jpg\" \/><\/div>\n<div class=\"a-section a-spacing-none column-heading\"><\/div>\n<div class=\"a-section a-spacing-none column-description\">\n<p>Kompakt, hafif, katlanabilir ve \u00e7ok dayan\u0131kl\u0131d\u0131r. Esasen ebedi. Bir y\u00fcr\u00fcy\u00fc\u015f s\u0131rt \u00e7antas\u0131nda neredeyse hi\u00e7 yer kaplamaz ve herhangi bir hayatta kalma kiti i\u00e7in vazge\u00e7ilmezdir!<\/p>\n<p>Gaz Tank\u0131 dahil de\u011fildir.<\/p>\n<\/div>\n<\/div>\n<\/div>\n<\/div>\n<\/div>\n","protected":false},"excerpt":{"rendered":"<p id=\"reconcile-item-title\" class=\"text-weight-bold\" style=\"text-align: center;\">S\u0131rt \u00c7antas\u0131yla Seyahat Oca\u011f\u0131 ve Katlan\u0131r Kahve Kupa &#8211; Portatif Kamp Oca\u011f\u0131 &#8211; K\u00fc\u00e7\u00fck Ocak Yak\u0131t Bidonu i\u00e7in Tek Br\u00fcl\u00f6r &#8211; Y\u00fcr\u00fcy\u00fc\u015f ve Gazl\u0131 Pi\u015firme i\u00e7in Mini Cep Boyler &#8211; 4 Yayg\u0131n Kamp Oca\u011f\u0131 Yak\u0131t\u0131 ile Uyumlu<\/p>\n<p style=\"text-align: center;\">10-14 G\u00dcN \u0130\u00c7\u0130NDE \u00dcCRETS\u0130Z TESL\u0130MAT<\/p>\n<p>&nbsp;<\/p>\n","protected":false},"featured_media":4747,"comment_status":"open","ping_status":"closed","template":"","meta":[],"product_brand":[],"product_cat":[186],"product_tag":[153,152,151],"class_list":{"0":"post-4746","1":"product","2":"type-product","3":"status-publish","4":"has-post-thumbnail","6":"product_cat-kurtarma-ve-hayatta-kalma-setleri","7":"product_tag-kamp-ekipmani","8":"product_tag-katlanir-kahve-kupa","9":"product_tag-seyahat-ocagi","11":"first","12":"instock","13":"shipping-taxable","14":"purchasable","15":"product-type-simple"},"_links":{"self":[{"href":"https:\/\/isopllc.com\/tr\/wp-json\/wp\/v2\/product\/4746","targetHints":{"allow":["GET"]}}],"collection":[{"href":"https:\/\/isopllc.com\/tr\/wp-json\/wp\/v2\/product"}],"about":[{"href":"https:\/\/isopllc.com\/tr\/wp-json\/wp\/v2\/types\/product"}],"replies":[{"embeddable":true,"href":"https:\/\/isopllc.com\/tr\/wp-json\/wp\/v2\/comments?post=4746"}],"wp:featuredmedia":[{"embeddable":true,"href":"https:\/\/isopllc.com\/tr\/wp-json\/wp\/v2\/media\/4747"}],"wp:attachment":[{"href":"https:\/\/isopllc.com\/tr\/wp-json\/wp\/v2\/media?parent=4746"}],"wp:term":[{"taxonomy":"product_brand","embeddable":true,"href":"https:\/\/isopllc.com\/tr\/wp-json\/wp\/v2\/product_brand?post=4746"},{"taxonomy":"product_cat","embeddable":true,"href":"https:\/\/isopllc.com\/tr\/wp-json\/wp\/v2\/product_cat?post=4746"},{"taxonomy":"product_tag","embeddable":true,"href":"https:\/\/isopllc.com\/tr\/wp-json\/wp\/v2\/product_tag?post=4746"}],"curies":[{"name":"wp","href":"https:\/\/api.w.org\/{rel}","templated":true}]}}